{"id":13,"date":"2018-11-01T14:51:18","date_gmt":"2018-11-01T12:51:18","guid":{"rendered":"https:\/\/cometofinland.fi\/my-account\/"},"modified":"2020-07-09T11:02:51","modified_gmt":"2020-07-09T08:02:51","slug":"tukku","status":"publish","type":"page","link":"https:\/\/cometofinland.fi\/fi\/tukku\/","title":{"rendered":"Tukkumyynti"},"content":{"rendered":"<h2>Tukkumyynti\u00e4mme hoitaa Anglo-Nordic<\/h2>\n<p>Tuotteidemme tukkumyynti on siirtynyt Anglo-Nordicin hallintaan ja tuotevarasto sijaitsee nyt Espoossa. Jatkossa teita\u0308 palvelee Anglo-Nordicin myyntitiimi <a href=\"mailto:myynti@anglo.fi\">myynti@anglo.fi<\/a>.<\/p>\n<p>Omat tunnukset Anglo-Nordicin <a href=\"https:\/\/shop.anglo.fi\/fi\/brandi\/come-to-finland\/\" target=\"_blank\" rel=\"noopener noreferrer\">verkkokauppaan<\/a> saat t\u00e4ytt\u00e4m\u00e4ll\u00e4\u00a0<a href=\"https:\/\/shop.anglo.fi\/fi\/jalleenmyyjahakemus\/\" target=\"_blank\" rel=\"noopener noreferrer\">j\u00e4lleenmyyj\u00e4hakemuksen<\/a>.<\/p>\n<p>&nbsp;<\/p>\n<p>https:\/\/issuu.com\/sektorn_press\/docs\/ctf_produktbroschyr_2020_a4_20191218_highres<\/p>\n<p>&nbsp;<\/p>\n<p>Muumi-puukorttikatalogin l\u00f6yd\u00e4t <a href=\"https:\/\/cometofinland.fi\/fi\/b2b\/tuotekatalogi-muumi-puu-kortit\/\">t\u00e4\u00e4lt\u00e4.<\/a><\/p>\n","protected":false},"excerpt":{"rendered":"<p>Tukkumyynti\u00e4mme hoitaa Anglo-Nordic Tuotteidemme tukkumyynti on siirtynyt Anglo-Nordicin hallintaan ja tuotevarasto sijaitsee nyt Espoossa. Jatkossa teita\u0308 palvelee Anglo-Nordicin myyntitiimi myynti@anglo.fi. Omat tunnukset Anglo-Nordicin verkkokauppaan saat t\u00e4ytt\u00e4m\u00e4ll\u00e4\u00a0j\u00e4lleenmyyj\u00e4hakemuksen. &nbsp; https:\/\/issuu.com\/sektorn_press\/docs\/ctf_produktbroschyr_2020_a4_20191218_highres &nbsp; Muumi-puukorttikatalogin l\u00f6yd\u00e4t t\u00e4\u00e4lt\u00e4.<\/p>\n","protected":false},"author":1,"featured_media":0,"parent":0,"menu_order":0,"comment_status":"closed","ping_status":"closed","template":"","meta":{"_acf_changed":false,"footnotes":""},"class_list":["post-13","page","type-page","status-publish","hentry"],"acf":[],"yoast_head":"<!-- This site is optimized with the Yoast SEO plugin v27.3 - https:\/\/yoast.com\/product\/yoast-seo-wordpress\/ -->\n<title>Tukkumyynti - Come to Finland<\/title>\n<meta name=\"robots\" content=\"index, follow, max-snippet:-1, max-image-preview:large, max-video-preview:-1\" \/>\n<link rel=\"canonical\" href=\"https:\/\/cometofinland.fi\/fi\/tukku\/\" \/>\n<meta property=\"og:locale\" content=\"fi_FI\" \/>\n<meta property=\"og:type\" content=\"article\" \/>\n<meta property=\"og:title\" content=\"Tukkumyynti - Come to Finland\" \/>\n<meta property=\"og:description\" content=\"Tukkumyynti\u00e4mme hoitaa Anglo-Nordic Tuotteidemme tukkumyynti on siirtynyt Anglo-Nordicin hallintaan ja tuotevarasto sijaitsee nyt Espoossa. Jatkossa teita\u0308 palvelee Anglo-Nordicin myyntitiimi myynti@anglo.fi. Omat tunnukset Anglo-Nordicin verkkokauppaan saat t\u00e4ytt\u00e4m\u00e4ll\u00e4\u00a0j\u00e4lleenmyyj\u00e4hakemuksen. &nbsp; https:\/\/issuu.com\/sektorn_press\/docs\/ctf_produktbroschyr_2020_a4_20191218_highres &nbsp; Muumi-puukorttikatalogin l\u00f6yd\u00e4t t\u00e4\u00e4lt\u00e4.\" \/>\n<meta property=\"og:url\" content=\"https:\/\/cometofinland.fi\/fi\/tukku\/\" \/>\n<meta property=\"og:site_name\" content=\"Come to Finland\" \/>\n<meta property=\"article:publisher\" content=\"https:\/\/fi-fi.facebook.com\/cometofinland\/\" \/>\n<meta property=\"article:modified_time\" content=\"2020-07-09T08:02:51+00:00\" \/>\n<meta name=\"twitter:card\" content=\"summary_large_image\" \/>\n<script type=\"application\/ld+json\" class=\"yoast-schema-graph\">{\"@context\":\"https:\\\/\\\/schema.org\",\"@graph\":[{\"@type\":\"WebPage\",\"@id\":\"https:\\\/\\\/cometofinland.fi\\\/fi\\\/tukku\\\/\",\"url\":\"https:\\\/\\\/cometofinland.fi\\\/fi\\\/tukku\\\/\",\"name\":\"Tukkumyynti - Come to Finland\",\"isPartOf\":{\"@id\":\"https:\\\/\\\/cometofinland.fi\\\/fi\\\/#website\"},\"datePublished\":\"2018-11-01T12:51:18+00:00\",\"dateModified\":\"2020-07-09T08:02:51+00:00\",\"breadcrumb\":{\"@id\":\"https:\\\/\\\/cometofinland.fi\\\/fi\\\/tukku\\\/#breadcrumb\"},\"inLanguage\":\"fi\",\"potentialAction\":[{\"@type\":\"ReadAction\",\"target\":[\"https:\\\/\\\/cometofinland.fi\\\/fi\\\/tukku\\\/\"]}]},{\"@type\":\"BreadcrumbList\",\"@id\":\"https:\\\/\\\/cometofinland.fi\\\/fi\\\/tukku\\\/#breadcrumb\",\"itemListElement\":[{\"@type\":\"ListItem\",\"position\":1,\"name\":\"Home\",\"item\":\"https:\\\/\\\/cometofinland.fi\\\/fi\\\/\"},{\"@type\":\"ListItem\",\"position\":2,\"name\":\"Tukkumyynti\"}]},{\"@type\":\"WebSite\",\"@id\":\"https:\\\/\\\/cometofinland.fi\\\/fi\\\/#website\",\"url\":\"https:\\\/\\\/cometofinland.fi\\\/fi\\\/\",\"name\":\"Come to Finland\",\"description\":\"poster love from Finland\",\"publisher\":{\"@id\":\"https:\\\/\\\/cometofinland.fi\\\/fi\\\/#organization\"},\"potentialAction\":[{\"@type\":\"SearchAction\",\"target\":{\"@type\":\"EntryPoint\",\"urlTemplate\":\"https:\\\/\\\/cometofinland.fi\\\/fi\\\/?s={search_term_string}\"},\"query-input\":{\"@type\":\"PropertyValueSpecification\",\"valueRequired\":true,\"valueName\":\"search_term_string\"}}],\"inLanguage\":\"fi\"},{\"@type\":\"Organization\",\"@id\":\"https:\\\/\\\/cometofinland.fi\\\/fi\\\/#organization\",\"name\":\"Come to Finland\",\"url\":\"https:\\\/\\\/cometofinland.fi\\\/fi\\\/\",\"logo\":{\"@type\":\"ImageObject\",\"inLanguage\":\"fi\",\"@id\":\"https:\\\/\\\/cometofinland.fi\\\/fi\\\/#\\\/schema\\\/logo\\\/image\\\/\",\"url\":\"https:\\\/\\\/cometofinland.fi\\\/wp-content\\\/uploads\\\/2019\\\/03\\\/CTF_LOGO_Blue.svg\",\"contentUrl\":\"https:\\\/\\\/cometofinland.fi\\\/wp-content\\\/uploads\\\/2019\\\/03\\\/CTF_LOGO_Blue.svg\",\"width\":1,\"height\":1,\"caption\":\"Come to Finland\"},\"image\":{\"@id\":\"https:\\\/\\\/cometofinland.fi\\\/fi\\\/#\\\/schema\\\/logo\\\/image\\\/\"},\"sameAs\":[\"https:\\\/\\\/fi-fi.facebook.com\\\/cometofinland\\\/\",\"https:\\\/\\\/www.instagram.com\\\/cometofinland\\\/\"]}]}<\/script>\n<!-- \/ Yoast SEO plugin. -->","yoast_head_json":{"title":"Tukkumyynti - Come to Finland","robots":{"index":"index","follow":"follow","max-snippet":"max-snippet:-1","max-image-preview":"max-image-preview:large","max-video-preview":"max-video-preview:-1"},"canonical":"https:\/\/cometofinland.fi\/fi\/tukku\/","og_locale":"fi_FI","og_type":"article","og_title":"Tukkumyynti - Come to Finland","og_description":"Tukkumyynti\u00e4mme hoitaa Anglo-Nordic Tuotteidemme tukkumyynti on siirtynyt Anglo-Nordicin hallintaan ja tuotevarasto sijaitsee nyt Espoossa. Jatkossa teita\u0308 palvelee Anglo-Nordicin myyntitiimi myynti@anglo.fi. Omat tunnukset Anglo-Nordicin verkkokauppaan saat t\u00e4ytt\u00e4m\u00e4ll\u00e4\u00a0j\u00e4lleenmyyj\u00e4hakemuksen. &nbsp; https:\/\/issuu.com\/sektorn_press\/docs\/ctf_produktbroschyr_2020_a4_20191218_highres &nbsp; Muumi-puukorttikatalogin l\u00f6yd\u00e4t t\u00e4\u00e4lt\u00e4.","og_url":"https:\/\/cometofinland.fi\/fi\/tukku\/","og_site_name":"Come to Finland","article_publisher":"https:\/\/fi-fi.facebook.com\/cometofinland\/","article_modified_time":"2020-07-09T08:02:51+00:00","twitter_card":"summary_large_image","schema":{"@context":"https:\/\/schema.org","@graph":[{"@type":"WebPage","@id":"https:\/\/cometofinland.fi\/fi\/tukku\/","url":"https:\/\/cometofinland.fi\/fi\/tukku\/","name":"Tukkumyynti - Come to Finland","isPartOf":{"@id":"https:\/\/cometofinland.fi\/fi\/#website"},"datePublished":"2018-11-01T12:51:18+00:00","dateModified":"2020-07-09T08:02:51+00:00","breadcrumb":{"@id":"https:\/\/cometofinland.fi\/fi\/tukku\/#breadcrumb"},"inLanguage":"fi","potentialAction":[{"@type":"ReadAction","target":["https:\/\/cometofinland.fi\/fi\/tukku\/"]}]},{"@type":"BreadcrumbList","@id":"https:\/\/cometofinland.fi\/fi\/tukku\/#breadcrumb","itemListElement":[{"@type":"ListItem","position":1,"name":"Home","item":"https:\/\/cometofinland.fi\/fi\/"},{"@type":"ListItem","position":2,"name":"Tukkumyynti"}]},{"@type":"WebSite","@id":"https:\/\/cometofinland.fi\/fi\/#website","url":"https:\/\/cometofinland.fi\/fi\/","name":"Come to Finland","description":"poster love from Finland","publisher":{"@id":"https:\/\/cometofinland.fi\/fi\/#organization"},"potentialAction":[{"@type":"SearchAction","target":{"@type":"EntryPoint","urlTemplate":"https:\/\/cometofinland.fi\/fi\/?s={search_term_string}"},"query-input":{"@type":"PropertyValueSpecification","valueRequired":true,"valueName":"search_term_string"}}],"inLanguage":"fi"},{"@type":"Organization","@id":"https:\/\/cometofinland.fi\/fi\/#organization","name":"Come to Finland","url":"https:\/\/cometofinland.fi\/fi\/","logo":{"@type":"ImageObject","inLanguage":"fi","@id":"https:\/\/cometofinland.fi\/fi\/#\/schema\/logo\/image\/","url":"https:\/\/cometofinland.fi\/wp-content\/uploads\/2019\/03\/CTF_LOGO_Blue.svg","contentUrl":"https:\/\/cometofinland.fi\/wp-content\/uploads\/2019\/03\/CTF_LOGO_Blue.svg","width":1,"height":1,"caption":"Come to Finland"},"image":{"@id":"https:\/\/cometofinland.fi\/fi\/#\/schema\/logo\/image\/"},"sameAs":["https:\/\/fi-fi.facebook.com\/cometofinland\/","https:\/\/www.instagram.com\/cometofinland\/"]}]}},"_links":{"self":[{"href":"https:\/\/cometofinland.fi\/fi\/wp-json\/wp\/v2\/pages\/13","targetHints":{"allow":["GET"]}}],"collection":[{"href":"https:\/\/cometofinland.fi\/fi\/wp-json\/wp\/v2\/pages"}],"about":[{"href":"https:\/\/cometofinland.fi\/fi\/wp-json\/wp\/v2\/types\/page"}],"author":[{"embeddable":true,"href":"https:\/\/cometofinland.fi\/fi\/wp-json\/wp\/v2\/users\/1"}],"replies":[{"embeddable":true,"href":"https:\/\/cometofinland.fi\/fi\/wp-json\/wp\/v2\/comments?post=13"}],"version-history":[{"count":15,"href":"https:\/\/cometofinland.fi\/fi\/wp-json\/wp\/v2\/pages\/13\/revisions"}],"predecessor-version":[{"id":17389,"href":"https:\/\/cometofinland.fi\/fi\/wp-json\/wp\/v2\/pages\/13\/revisions\/17389"}],"wp:attachment":[{"href":"https:\/\/cometofinland.fi\/fi\/wp-json\/wp\/v2\/media?parent=13"}],"curies":[{"name":"wp","href":"https:\/\/api.w.org\/{rel}","templated":true}]}}