{"id":18171,"date":"2020-09-29T14:29:55","date_gmt":"2020-09-29T11:29:55","guid":{"rendered":"https:\/\/cometofinland.fi\/?page_id=18171"},"modified":"2024-09-09T13:51:36","modified_gmt":"2024-09-09T10:51:36","slug":"come-to-finland-faq","status":"publish","type":"page","link":"https:\/\/cometofinland.fi\/fi\/come-to-finland-faq\/","title":{"rendered":"Come to Finland FAQ"},"content":{"rendered":"<h2>Come to Finland Q &amp; A<\/h2>\n<p><strong>Olen tilannut julisteen, postikortteja ja tarjottimen, mutta saamassani paketissa oli ainoastaan juliste. Miss\u00e4 muut tilaamani tuotteet ovat?<\/strong><\/p>\n<p>\u2013 Toimitamme keskikokoiset ja suuret julisteet rullattuina pahviputkissa ja ne l\u00e4hetet\u00e4\u00e4n aina omana l\u00e4hetyksen\u00e4. Muut tilauksessa olevat tuotteet toimitetaan erikseen &#8211; tuotteista riippuen joko pakettina tai kirjeen\u00e4.<\/p>\n<p><strong>L\u00f6ysin sivuiltanne Lappi-julisteen koossa 50&#215;70 cm. Onko mahdollista saada sit\u00e4 muussa koossa, esim. A4 tai 70&#215;100 cm?<\/strong><\/p>\n<p>\u2013 L\u00f6yd\u00e4t tilattavissa olevat julisteet ja niiden koot verkkokaupassamme. Emme valitettavasti voi valmistaa yksitt\u00e4ispainatuksia muista koista.<\/p>\n<p><strong>Kuinka pian tilaamani tuotteet saapuvat?<\/strong><\/p>\n<p>\u2013 Pyrimme l\u00e4hett\u00e4m\u00e4\u00e4n tuotteet viimeist\u00e4\u00e4n kolmen arkip\u00e4iv\u00e4n kuluttua tilauksesta. Tilaukset Suomessa toimitetaan Matkahuollon kautta (julisteet) ja Postin kautta (muut tuotteet)\u00a0 l\u00e4hinoutopisteelt\u00e4 noudettavaksi. Jos tilauksella on ainoastaan postikortteja, ne toimitetaan priority-kirjeen\u00e4 suoraan postiluukkuun tai -laatikkoon.<\/p>\n<p><strong>Kuinka paljon toimitus maksaa?<\/strong><\/p>\n<p>Toimituskulut Suomessa: 6,90 euroa (Posti).<\/p>\n<p><strong>Toimitatteko verkkokauppatilauksia my\u00f6s ulkomaille?<\/strong><\/p>\n<p>\u2013 Voit tilata verkkokaupastamme tuotteita my\u00f6s ulkomaille. Julisteet toimitetaan Euroopassa GLS:ll\u00e4 ja Euroopan ulkopuolelle DHL:ll\u00e4. Muut tuotteet toimitetaan Postin kautta.<strong>\u00a0<\/strong><br \/>\n<strong>En ole tyytyv\u00e4inen tilaamaani tuotteeseen. Voinko palauttaa sen?<\/strong><\/p>\n<p>\u2013 Sinulla on oikeus palauttaa tilaamasi tuotteet 14 p\u00e4iv\u00e4n sis\u00e4ll\u00e4 tuotteen vastaanottamisesta. Palautettavien tuotteiden tulee olla myyntikuntoisia ja k\u00e4ytt\u00e4m\u00e4tt\u00f6mi\u00e4. Ilmoita aina palautuksesta osoitteeseen posters@cometofinland.fi. Katso lis\u00e4tietoa palautuksiin liittyen https:\/\/cometofinland.fi\/fi\/return-policy\/<\/p>\n<p><strong>Onko teill\u00e4 kauppa, johon voisin tulla tutustumaan julistevalikoimaanne?<\/strong><\/p>\n<p>\u2013 Valitettavasti meill\u00e4 ei ole kivijalkakauppaa, jossa koko laaja julistevalikoimamme olisi samaan aikaan esill\u00e4 ja ostettavissa. Julisteitamme myyv\u00e4t useat j\u00e4lleenmyyj\u00e4t ymp\u00e4ri Suomen. Tarkempaa tietoa myym\u00e4l\u00f6ist\u00e4 ja valikoimista saat Anglo-Nordicilta puh. 09 4153 5300.<\/p>\n<p><strong>Osa julisteistanne on vintagejulisteita ja osa moderneja julisteita. Mit\u00e4 se tarkoittaa?<\/strong><\/p>\n<p>\u2013 Vintagejulisteemme ovat uusiopainatuksia autenttisista mainos- ja propagandajulisteista 1800-luvun loppupuolelta 1970-luvulle. Modernit julisteet puolestaan ovat uusia 2000-luvulla suunniteltuja teoksia.<br \/>\n<strong>\u00a0<\/strong><br \/>\n<strong>Ovatko vintagejulisteenne alkuper\u00e4iskappaleita?<\/strong><\/p>\n<p>Verkkokaupassamme olevat vintagejulisteet ovat tekij\u00e4noikeuksien haltijoiden luvalla tehtyj\u00e4 uusiopainatuksia.<\/p>\n<p><strong>Oletteko kiinnostuneita ostamaan alkuper\u00e4isjulisteita?<\/strong><br \/>\n\u2013 Kyll\u00e4, etsimme koko ajan teoksia, joita arkistossamme ei viel\u00e4 ole. Ota yhteytt\u00e4 magnus.londen[at)cometofinland.fi.<\/p>\n<p><strong>Onko mahdollista saada n\u00e4yttelynne museoomme \/ galleriaamme?<\/strong><br \/>\n\u2013 Ota yhteytt\u00e4 magnus.londen ( at ) cometofinland.fi.<\/p>\n","protected":false},"excerpt":{"rendered":"<p>Come to Finland Q &amp; A Olen tilannut julisteen, postikortteja ja tarjottimen, mutta saamassani paketissa oli ainoastaan juliste. Miss\u00e4 muut tilaamani tuotteet ovat? \u2013 Toimitamme keskikokoiset ja suuret julisteet rullattuina pahviputkissa ja ne l\u00e4hetet\u00e4\u00e4n aina omana l\u00e4hetyksen\u00e4. Muut tilauksessa olevat tuotteet toimitetaan erikseen &#8211; tuotteista riippuen joko pakettina tai kirjeen\u00e4. L\u00f6ysin sivuiltanne Lappi-julisteen koossa 50&#215;70 [&hellip;]<\/p>\n","protected":false},"author":12,"featured_media":0,"parent":0,"menu_order":0,"comment_status":"closed","ping_status":"closed","template":"","meta":{"_acf_changed":false,"footnotes":""},"class_list":["post-18171","page","type-page","status-publish","hentry"],"acf":[],"yoast_head":"<!-- This site is optimized with the Yoast SEO plugin v27.3 - https:\/\/yoast.com\/product\/yoast-seo-wordpress\/ -->\n<title>Come to Finland FAQ - Come to Finland<\/title>\n<meta name=\"robots\" content=\"index, follow, max-snippet:-1, max-image-preview:large, max-video-preview:-1\" \/>\n<link rel=\"canonical\" href=\"https:\/\/cometofinland.fi\/fi\/come-to-finland-faq\/\" \/>\n<meta property=\"og:locale\" content=\"fi_FI\" \/>\n<meta property=\"og:type\" content=\"article\" \/>\n<meta property=\"og:title\" content=\"Come to Finland FAQ - Come to Finland\" \/>\n<meta property=\"og:description\" content=\"Come to Finland Q &amp; A Olen tilannut julisteen, postikortteja ja tarjottimen, mutta saamassani paketissa oli ainoastaan juliste. Miss\u00e4 muut tilaamani tuotteet ovat? \u2013 Toimitamme keskikokoiset ja suuret julisteet rullattuina pahviputkissa ja ne l\u00e4hetet\u00e4\u00e4n aina omana l\u00e4hetyksen\u00e4. Muut tilauksessa olevat tuotteet toimitetaan erikseen &#8211; tuotteista riippuen joko pakettina tai kirjeen\u00e4. L\u00f6ysin sivuiltanne Lappi-julisteen koossa 50&#215;70 [&hellip;]\" \/>\n<meta property=\"og:url\" content=\"https:\/\/cometofinland.fi\/fi\/come-to-finland-faq\/\" \/>\n<meta property=\"og:site_name\" content=\"Come to Finland\" \/>\n<meta property=\"article:publisher\" content=\"https:\/\/fi-fi.facebook.com\/cometofinland\/\" \/>\n<meta property=\"article:modified_time\" content=\"2024-09-09T10:51:36+00:00\" \/>\n<meta name=\"twitter:card\" content=\"summary_large_image\" \/>\n<meta name=\"twitter:label1\" content=\"Arvioitu lukuaika\" \/>\n\t<meta name=\"twitter:data1\" content=\"2 minuuttia\" \/>\n<script type=\"application\/ld+json\" class=\"yoast-schema-graph\">{\"@context\":\"https:\\\/\\\/schema.org\",\"@graph\":[{\"@type\":\"WebPage\",\"@id\":\"https:\\\/\\\/cometofinland.fi\\\/fi\\\/come-to-finland-faq\\\/\",\"url\":\"https:\\\/\\\/cometofinland.fi\\\/fi\\\/come-to-finland-faq\\\/\",\"name\":\"Come to Finland FAQ - Come to Finland\",\"isPartOf\":{\"@id\":\"https:\\\/\\\/cometofinland.fi\\\/fi\\\/#website\"},\"datePublished\":\"2020-09-29T11:29:55+00:00\",\"dateModified\":\"2024-09-09T10:51:36+00:00\",\"breadcrumb\":{\"@id\":\"https:\\\/\\\/cometofinland.fi\\\/fi\\\/come-to-finland-faq\\\/#breadcrumb\"},\"inLanguage\":\"fi\",\"potentialAction\":[{\"@type\":\"ReadAction\",\"target\":[\"https:\\\/\\\/cometofinland.fi\\\/fi\\\/come-to-finland-faq\\\/\"]}]},{\"@type\":\"BreadcrumbList\",\"@id\":\"https:\\\/\\\/cometofinland.fi\\\/fi\\\/come-to-finland-faq\\\/#breadcrumb\",\"itemListElement\":[{\"@type\":\"ListItem\",\"position\":1,\"name\":\"Home\",\"item\":\"https:\\\/\\\/cometofinland.fi\\\/fi\\\/\"},{\"@type\":\"ListItem\",\"position\":2,\"name\":\"Come to Finland FAQ\"}]},{\"@type\":\"WebSite\",\"@id\":\"https:\\\/\\\/cometofinland.fi\\\/fi\\\/#website\",\"url\":\"https:\\\/\\\/cometofinland.fi\\\/fi\\\/\",\"name\":\"Come to Finland\",\"description\":\"poster love from Finland\",\"publisher\":{\"@id\":\"https:\\\/\\\/cometofinland.fi\\\/fi\\\/#organization\"},\"potentialAction\":[{\"@type\":\"SearchAction\",\"target\":{\"@type\":\"EntryPoint\",\"urlTemplate\":\"https:\\\/\\\/cometofinland.fi\\\/fi\\\/?s={search_term_string}\"},\"query-input\":{\"@type\":\"PropertyValueSpecification\",\"valueRequired\":true,\"valueName\":\"search_term_string\"}}],\"inLanguage\":\"fi\"},{\"@type\":\"Organization\",\"@id\":\"https:\\\/\\\/cometofinland.fi\\\/fi\\\/#organization\",\"name\":\"Come to Finland\",\"url\":\"https:\\\/\\\/cometofinland.fi\\\/fi\\\/\",\"logo\":{\"@type\":\"ImageObject\",\"inLanguage\":\"fi\",\"@id\":\"https:\\\/\\\/cometofinland.fi\\\/fi\\\/#\\\/schema\\\/logo\\\/image\\\/\",\"url\":\"https:\\\/\\\/cometofinland.fi\\\/wp-content\\\/uploads\\\/2019\\\/03\\\/CTF_LOGO_Blue.svg\",\"contentUrl\":\"https:\\\/\\\/cometofinland.fi\\\/wp-content\\\/uploads\\\/2019\\\/03\\\/CTF_LOGO_Blue.svg\",\"width\":1,\"height\":1,\"caption\":\"Come to Finland\"},\"image\":{\"@id\":\"https:\\\/\\\/cometofinland.fi\\\/fi\\\/#\\\/schema\\\/logo\\\/image\\\/\"},\"sameAs\":[\"https:\\\/\\\/fi-fi.facebook.com\\\/cometofinland\\\/\",\"https:\\\/\\\/www.instagram.com\\\/cometofinland\\\/\"]}]}<\/script>\n<!-- \/ Yoast SEO plugin. -->","yoast_head_json":{"title":"Come to Finland FAQ - Come to Finland","robots":{"index":"index","follow":"follow","max-snippet":"max-snippet:-1","max-image-preview":"max-image-preview:large","max-video-preview":"max-video-preview:-1"},"canonical":"https:\/\/cometofinland.fi\/fi\/come-to-finland-faq\/","og_locale":"fi_FI","og_type":"article","og_title":"Come to Finland FAQ - Come to Finland","og_description":"Come to Finland Q &amp; A Olen tilannut julisteen, postikortteja ja tarjottimen, mutta saamassani paketissa oli ainoastaan juliste. Miss\u00e4 muut tilaamani tuotteet ovat? \u2013 Toimitamme keskikokoiset ja suuret julisteet rullattuina pahviputkissa ja ne l\u00e4hetet\u00e4\u00e4n aina omana l\u00e4hetyksen\u00e4. Muut tilauksessa olevat tuotteet toimitetaan erikseen &#8211; tuotteista riippuen joko pakettina tai kirjeen\u00e4. L\u00f6ysin sivuiltanne Lappi-julisteen koossa 50&#215;70 [&hellip;]","og_url":"https:\/\/cometofinland.fi\/fi\/come-to-finland-faq\/","og_site_name":"Come to Finland","article_publisher":"https:\/\/fi-fi.facebook.com\/cometofinland\/","article_modified_time":"2024-09-09T10:51:36+00:00","twitter_card":"summary_large_image","twitter_misc":{"Arvioitu lukuaika":"2 minuuttia"},"schema":{"@context":"https:\/\/schema.org","@graph":[{"@type":"WebPage","@id":"https:\/\/cometofinland.fi\/fi\/come-to-finland-faq\/","url":"https:\/\/cometofinland.fi\/fi\/come-to-finland-faq\/","name":"Come to Finland FAQ - Come to Finland","isPartOf":{"@id":"https:\/\/cometofinland.fi\/fi\/#website"},"datePublished":"2020-09-29T11:29:55+00:00","dateModified":"2024-09-09T10:51:36+00:00","breadcrumb":{"@id":"https:\/\/cometofinland.fi\/fi\/come-to-finland-faq\/#breadcrumb"},"inLanguage":"fi","potentialAction":[{"@type":"ReadAction","target":["https:\/\/cometofinland.fi\/fi\/come-to-finland-faq\/"]}]},{"@type":"BreadcrumbList","@id":"https:\/\/cometofinland.fi\/fi\/come-to-finland-faq\/#breadcrumb","itemListElement":[{"@type":"ListItem","position":1,"name":"Home","item":"https:\/\/cometofinland.fi\/fi\/"},{"@type":"ListItem","position":2,"name":"Come to Finland FAQ"}]},{"@type":"WebSite","@id":"https:\/\/cometofinland.fi\/fi\/#website","url":"https:\/\/cometofinland.fi\/fi\/","name":"Come to Finland","description":"poster love from Finland","publisher":{"@id":"https:\/\/cometofinland.fi\/fi\/#organization"},"potentialAction":[{"@type":"SearchAction","target":{"@type":"EntryPoint","urlTemplate":"https:\/\/cometofinland.fi\/fi\/?s={search_term_string}"},"query-input":{"@type":"PropertyValueSpecification","valueRequired":true,"valueName":"search_term_string"}}],"inLanguage":"fi"},{"@type":"Organization","@id":"https:\/\/cometofinland.fi\/fi\/#organization","name":"Come to Finland","url":"https:\/\/cometofinland.fi\/fi\/","logo":{"@type":"ImageObject","inLanguage":"fi","@id":"https:\/\/cometofinland.fi\/fi\/#\/schema\/logo\/image\/","url":"https:\/\/cometofinland.fi\/wp-content\/uploads\/2019\/03\/CTF_LOGO_Blue.svg","contentUrl":"https:\/\/cometofinland.fi\/wp-content\/uploads\/2019\/03\/CTF_LOGO_Blue.svg","width":1,"height":1,"caption":"Come to Finland"},"image":{"@id":"https:\/\/cometofinland.fi\/fi\/#\/schema\/logo\/image\/"},"sameAs":["https:\/\/fi-fi.facebook.com\/cometofinland\/","https:\/\/www.instagram.com\/cometofinland\/"]}]}},"_links":{"self":[{"href":"https:\/\/cometofinland.fi\/fi\/wp-json\/wp\/v2\/pages\/18171","targetHints":{"allow":["GET"]}}],"collection":[{"href":"https:\/\/cometofinland.fi\/fi\/wp-json\/wp\/v2\/pages"}],"about":[{"href":"https:\/\/cometofinland.fi\/fi\/wp-json\/wp\/v2\/types\/page"}],"author":[{"embeddable":true,"href":"https:\/\/cometofinland.fi\/fi\/wp-json\/wp\/v2\/users\/12"}],"replies":[{"embeddable":true,"href":"https:\/\/cometofinland.fi\/fi\/wp-json\/wp\/v2\/comments?post=18171"}],"version-history":[{"count":5,"href":"https:\/\/cometofinland.fi\/fi\/wp-json\/wp\/v2\/pages\/18171\/revisions"}],"predecessor-version":[{"id":28700,"href":"https:\/\/cometofinland.fi\/fi\/wp-json\/wp\/v2\/pages\/18171\/revisions\/28700"}],"wp:attachment":[{"href":"https:\/\/cometofinland.fi\/fi\/wp-json\/wp\/v2\/media?parent=18171"}],"curies":[{"name":"wp","href":"https:\/\/api.w.org\/{rel}","templated":true}]}}