{"id":2002,"date":"2018-11-01T14:41:08","date_gmt":"2018-11-01T12:41:08","guid":{"rendered":"https:\/\/cometofinland.fi\/?page_id=2002"},"modified":"2023-01-18T11:18:29","modified_gmt":"2023-01-18T09:18:29","slug":"rekisteriseloste","status":"publish","type":"page","link":"https:\/\/cometofinland.fi\/fi\/rekisteriseloste\/","title":{"rendered":"Rekisteriseloste &#038; Toimitusehdot"},"content":{"rendered":"<h2>Maksupalvelutarjoaja<\/h2>\n<p><img decoding=\"async\" src=\"https:\/\/img.paytrail.com\/?id=47676&amp;type=horizontal&amp;cols=18&amp;text=0&amp;auth=3270e988c7cb6965\" alt=\"Paytrail\" \/><\/p>\n<p>Maksunv\u00e4lityspalvelun toteuttajana ja maksupalveluntarjoajana toimii Paytrail Oyj (2122839-7) yhteisty\u00f6ss\u00e4 suomalaisten pankkien ja luottolaitosten kanssa. Paytrail Oyj n\u00e4kyy maksun saajana tiliotteella tai korttilaskulla ja v\u00e4litt\u00e4\u00e4 maksun kauppiaalle. Paytrail Oyj:ll\u00e4 on maksulaitoksen toimilupa. Reklamaatiotapauksissa pyyd\u00e4mme ottamaan ensisijaisesti yhteytt\u00e4 tuotteen toimittajaan.<\/p>\n<p>Paytrail Oyj, y-tunnus: 2122839-7<br \/>\nInnova 2<br \/>\nLutakonaukio 7<br \/>\n40100 Jyv\u00e4skyl\u00e4<br \/>\nPuhelin: 0207 181830<br \/>\nwww.paytrail.com<\/p>\n<h2>Toimitustiedot<\/h2>\n<p>Come to Finland k\u00e4ytt\u00e4\u00e4 Postin ja GLS:in palveluita toimittaessaan tuotteita Suomeen ja ulkomaille. Tilaukset l\u00e4htev\u00e4t meilt\u00e4 p<span class=\"aCOpRe\">\u00e4\u00e4s\u00e4\u00e4nt\u00f6isesti<\/span> 1-2 arkip\u00e4iv\u00e4n kuluttua tilauksen vastaanottamisesta.<\/p>\n<p>Huomaa, ett\u00e4 asiakas huolehtii itse kaikista mahdollisista vastaanottajamaan veroista ja tullimaksuista.<\/p>\n<h2>Come to Finland Publisning Ab Oy:n nettikaupan asiakastietojen ja -rekisterin k\u00e4sittely<\/h2>\n<p>Come to Finland noudattaa GDPR:\u00e4\u00e4.<\/p>\n<p>Emme koskaan luovuta asiakastietoja, rekistereit\u00e4mme tai yksitt\u00e4isi\u00e4 tietoja kolmansille osapuolille.<\/p>\n<p>Come to Finland yll\u00e4pit\u00e4\u00e4 kahta omaa rekisteri\u00e4:<\/p>\n<ol>\n<li>Come to Finlandin asiakasrekisteri\u00e4 sek\u00e4<\/li>\n<li>Come to Finlandin kampanjarekisteri\u00e4<\/li>\n<\/ol>\n<h2>Yll\u00e4pit\u00e4j\u00e4<\/h2>\n<p>Come to Finland Publishing Ab Oy<\/p>\n<p>Y-tunnus FI 2045859-6<\/p>\n<h2><b>Postiosoite<\/b><\/h2>\n<p>Come to Finland Publishing Ab Oy<br \/>\nc\/o Claytime<br \/>\nKoroistentie 4 C 803 T<br \/>\n00280 Helsinki<\/p>\n<p>p. 044-7448088<\/p>\n<p>Vastuuhenkil\u00f6<br \/>\nMagnus Londen<\/p>\n<h2><b>Rekisterin nimi<\/b><\/h2>\n<p>Come to Finlandin asiakasrekisteri<\/p>\n<h2>Henkil\u00f6tietojen k\u00e4sittelyn tarkoitus<\/h2>\n<p>Meille luovutettuja henkil\u00f6tietoja k\u00e4ytet\u00e4\u00e4n tilaustenk\u00e4sittelyyn, laskutukseen, perint\u00e4\u00e4n, tiedotukseen, markkinointiin sek\u00e4 voidaksemme noudattaa hyv\u00e4\u00e4 kirjanpitotapaa. Tehdess\u00e4si tilauksen vahvistat asiakkaana, ett\u00e4 t\u00e4m\u00e4 on sinulle ok. Kauppaa emme pysty ilman n\u00e4it\u00e4 tietoja tekem\u00e4\u00e4n.<\/p>\n<h2>Mit\u00e4 tietoja ker\u00e4\u00e4mme?<\/h2>\n<p>Kaikki meill\u00e4 olevat asiakastiedot tulevat suoraan asiakkailta, muusta emme ole kiinnostuneita.<\/p>\n<p>N\u00e4it\u00e4 tietoja ker\u00e4\u00e4mme luvallasi, kun teet tilauksen:<\/p>\n<ul>\n<li>Asiakkaan nimi<\/li>\n<li>Osoite<\/li>\n<li>Puhelinnumero<\/li>\n<li>S\u00e4hk\u00f6postiosoite<\/li>\n<li>Tilaus<\/li>\n<li>Tilattujen tuotteiden lukum\u00e4\u00e4r\u00e4<\/li>\n<li>Maksutapa<\/li>\n<li>Toimitusosoite<\/li>\n<li>Tilauksen tilanne<\/li>\n<li>Asiakkaan IP-osoite<\/li>\n<\/ul>\n<h2>Ev\u00e4steet<\/h2>\n<p>K\u00e4yt\u00e4mme ev\u00e4steit\u00e4 sis\u00e4\u00e4nkirjautumisen yhteydess\u00e4, jotta pystymme tunnistamaan asiakkaan.<\/p>\n<p><script data-culture=\"fi\" id=\"CookieDeclaration\" src=\"https:\/\/consent.cookiebot.com\/a83a77a0-7f7b-41f8-a785-ab8174324889\/cd.js\" type=\"text\/javascript\" async><\/script><\/p>\n<h2>L\u00e4hteemme<\/h2>\n<p>Asiakkaan tilauksen yhteydess\u00e4 antamat tiedot.<\/p>\n<p>Rekisterin s\u00e4ilytysaika: 6 vuotta<\/p>\n<h2>2. Come to Finlandin kampanjarekisteri<\/h2>\n<p>T\u00e4m\u00e4 rekisteri poikkeaa edellisest\u00e4. Tehdess\u00e4si tilauksen sinulla on mahdollisuus valita, haluatko tietoja ja tarjouksia Come to Finlandilta, merkitset (ja samalla vahvistat) asian vain erilliseen kohtaan. Kampanjarekisteri\u00e4 varten ker\u00e4\u00e4mme ainoastaan nimen ja s\u00e4hk\u00f6postiosoitteen. Em. tietojen s\u00e4ilytysaikaa ei ole rajattu.<\/p>\n<p>Rekisteri\u00e4 ei ole tallennettu pilvipalveluun.<\/p>\n<p><b>Tietojen luovutus<\/b><\/p>\n<p>Asiakastietoja ei luovuteta kolmansille osapuolille. Takaamme, ett\u00e4 meid\u00e4n lis\u00e4ksemme kukaan ei k\u00e4yt\u00e4 tietoja tiedonhankintaan tai markkinointiin. Emme milloinkaan myy s\u00e4hk\u00f6postiosoitteita tai muita asiakastietoja. Rikosep\u00e4ilyiss\u00e4 Come to Finland Publishing Ab Oy voi toki luovuttaa tietoja viranomaisille lain mukaisesti.<\/p>\n<p><b>Rekisterin suojauksen periaatteet<\/b><\/p>\n<p>Asiakasrekisteri\u00e4mme k\u00e4sitell\u00e4\u00e4n luottamuksellisesti. Rekisterist\u00e4 ei ole olemassa paperiversiota.<\/p>\n<p>Rekisteriin p\u00e4\u00e4sy on sallittu ainoastaan henkil\u00f6ille, jotka tarvitsevat rekisteritietoja omien ty\u00f6teht\u00e4viens\u00e4 hoitamiseen. Noudatamme salassapitolakia, ja meill\u00e4 on vaitiolovelvollisuus. Emme kerro kolmansille osapuolille, keit\u00e4 asiakkaamme ovat.<\/p>\n<p>Kaikkia Come to Finlandin ty\u00f6ntekij\u00f6it\u00e4 on tiedotettu GDPR:n periaatteista. Olemme kaikki allekirjoittaneet salassapitosopimuksen, jossa sitoudumme noudattamaan GDPR:n vaatimuksia.<\/p>\n<p>Come to Finland on varmistanut, ett\u00e4 rekisteri\u00e4 yll\u00e4pit\u00e4v\u00e4t yhteisty\u00f6kumppanit (kuten esim. verkkopalvelutoimittajamme) noudattavat GDPR:\u00e4\u00e4.<\/p>\n<p><b>Tarkistusoikeus<\/b><\/p>\n<p>Asiakkaalla on lain mukainen oikeus tarkistaa rekisteriss\u00e4mme olevat, itse\u00e4\u00e4n koskevat tiedot.<\/p>\n<p>Tarkistuspyynt\u00f6 l\u00e4hetet\u00e4\u00e4n kirjallisena osoitteeseen:<\/p>\n<p>Come to Finland Publishing Ab Oy \/ Magnus Londen<br \/>\nc\/o Claytime<br \/>\nKoroistentie 4 C 803 T<br \/>\n00280 Helsinki<\/p>\n<p>p. 044-7448088<\/p>\n<p>Sinulla on halutessasi my\u00f6s oikeus pyyt\u00e4\u00e4 henkil\u00f6tietojesi poistamista rekisterist\u00e4. Jos niin haluat, ole meihin yhteydess\u00e4!<\/p>\n<p>Lain puitteissa voimme vastata tiedusteluihisi s\u00e4hk\u00f6postilla. L\u00e4het\u00e4 pyynt\u00f6si osoitteeseen posters (at) cometofinland.fi<\/p>\n<p>Olethan meihin yhteydess\u00e4, jos t\u00e4m\u00e4 her\u00e4tti mieless\u00e4si lis\u00e4\u00e4 kysymyksi\u00e4.<\/p>\n<p>Come to Finland Publishing vastaa asiakkaan tiedusteluun kirjallisesti, kirjatulla kirjeell\u00e4 kahden kuukauden kuluessa pyynn\u00f6n saatuamme.<\/p>\n<p>Turvallista shoppailua &amp; selailua!<\/p>\n<p>Julistemets\u00e4st\u00e4j\u00e4 Magnus Londen<\/p>\n","protected":false},"excerpt":{"rendered":"<p>Maksupalvelutarjoaja Maksunv\u00e4lityspalvelun toteuttajana ja maksupalveluntarjoajana toimii Paytrail Oyj (2122839-7) yhteisty\u00f6ss\u00e4 suomalaisten pankkien ja luottolaitosten kanssa. Paytrail Oyj n\u00e4kyy maksun saajana tiliotteella tai korttilaskulla ja v\u00e4litt\u00e4\u00e4 maksun kauppiaalle. Paytrail Oyj:ll\u00e4 on maksulaitoksen toimilupa. Reklamaatiotapauksissa pyyd\u00e4mme ottamaan ensisijaisesti yhteytt\u00e4 tuotteen toimittajaan. Paytrail Oyj, y-tunnus: 2122839-7 Innova 2 Lutakonaukio 7 40100 Jyv\u00e4skyl\u00e4 Puhelin: 0207 181830 www.paytrail.com Toimitustiedot Come [&hellip;]<\/p>\n","protected":false},"author":1,"featured_media":0,"parent":0,"menu_order":0,"comment_status":"closed","ping_status":"open","template":"","meta":{"_acf_changed":false,"footnotes":""},"class_list":["post-2002","page","type-page","status-publish","hentry"],"acf":[],"yoast_head":"<!-- This site is optimized with the Yoast SEO plugin v27.4 - https:\/\/yoast.com\/product\/yoast-seo-wordpress\/ -->\n<title>Rekisteriseloste &amp; Toimitusehdot - Come to Finland<\/title>\n<meta name=\"robots\" content=\"index, follow, max-snippet:-1, max-image-preview:large, max-video-preview:-1\" \/>\n<link rel=\"canonical\" href=\"https:\/\/cometofinland.fi\/fi\/rekisteriseloste\/\" \/>\n<meta property=\"og:locale\" content=\"fi_FI\" \/>\n<meta property=\"og:type\" content=\"article\" \/>\n<meta property=\"og:title\" content=\"Rekisteriseloste &amp; Toimitusehdot - Come to Finland\" \/>\n<meta property=\"og:description\" content=\"Maksupalvelutarjoaja Maksunv\u00e4lityspalvelun toteuttajana ja maksupalveluntarjoajana toimii Paytrail Oyj (2122839-7) yhteisty\u00f6ss\u00e4 suomalaisten pankkien ja luottolaitosten kanssa. Paytrail Oyj n\u00e4kyy maksun saajana tiliotteella tai korttilaskulla ja v\u00e4litt\u00e4\u00e4 maksun kauppiaalle. Paytrail Oyj:ll\u00e4 on maksulaitoksen toimilupa. Reklamaatiotapauksissa pyyd\u00e4mme ottamaan ensisijaisesti yhteytt\u00e4 tuotteen toimittajaan. Paytrail Oyj, y-tunnus: 2122839-7 Innova 2 Lutakonaukio 7 40100 Jyv\u00e4skyl\u00e4 Puhelin: 0207 181830 www.paytrail.com Toimitustiedot Come [&hellip;]\" \/>\n<meta property=\"og:url\" content=\"https:\/\/cometofinland.fi\/fi\/rekisteriseloste\/\" \/>\n<meta property=\"og:site_name\" content=\"Come to Finland\" \/>\n<meta property=\"article:publisher\" content=\"https:\/\/fi-fi.facebook.com\/cometofinland\/\" \/>\n<meta property=\"article:modified_time\" content=\"2023-01-18T09:18:29+00:00\" \/>\n<meta property=\"og:image\" content=\"https:\/\/img.paytrail.com\/?id=47676&amp;type=horizontal&amp;cols=18&amp;text=0&amp;auth=3270e988c7cb6965\" \/>\n<meta name=\"twitter:card\" content=\"summary_large_image\" \/>\n<meta name=\"twitter:label1\" content=\"Arvioitu lukuaika\" \/>\n\t<meta name=\"twitter:data1\" content=\"3 minuuttia\" \/>\n<script type=\"application\/ld+json\" class=\"yoast-schema-graph\">{\"@context\":\"https:\\\/\\\/schema.org\",\"@graph\":[{\"@type\":\"WebPage\",\"@id\":\"https:\\\/\\\/cometofinland.fi\\\/fi\\\/rekisteriseloste\\\/\",\"url\":\"https:\\\/\\\/cometofinland.fi\\\/fi\\\/rekisteriseloste\\\/\",\"name\":\"Rekisteriseloste & Toimitusehdot - Come to Finland\",\"isPartOf\":{\"@id\":\"https:\\\/\\\/cometofinland.fi\\\/fi\\\/#website\"},\"primaryImageOfPage\":{\"@id\":\"https:\\\/\\\/cometofinland.fi\\\/fi\\\/rekisteriseloste\\\/#primaryimage\"},\"image\":{\"@id\":\"https:\\\/\\\/cometofinland.fi\\\/fi\\\/rekisteriseloste\\\/#primaryimage\"},\"thumbnailUrl\":\"https:\\\/\\\/img.paytrail.com\\\/?id=47676&amp;type=horizontal&amp;cols=18&amp;text=0&amp;auth=3270e988c7cb6965\",\"datePublished\":\"2018-11-01T12:41:08+00:00\",\"dateModified\":\"2023-01-18T09:18:29+00:00\",\"breadcrumb\":{\"@id\":\"https:\\\/\\\/cometofinland.fi\\\/fi\\\/rekisteriseloste\\\/#breadcrumb\"},\"inLanguage\":\"fi\",\"potentialAction\":[{\"@type\":\"ReadAction\",\"target\":[\"https:\\\/\\\/cometofinland.fi\\\/fi\\\/rekisteriseloste\\\/\"]}]},{\"@type\":\"ImageObject\",\"inLanguage\":\"fi\",\"@id\":\"https:\\\/\\\/cometofinland.fi\\\/fi\\\/rekisteriseloste\\\/#primaryimage\",\"url\":\"https:\\\/\\\/img.paytrail.com\\\/?id=47676&amp;type=horizontal&amp;cols=18&amp;text=0&amp;auth=3270e988c7cb6965\",\"contentUrl\":\"https:\\\/\\\/img.paytrail.com\\\/?id=47676&amp;type=horizontal&amp;cols=18&amp;text=0&amp;auth=3270e988c7cb6965\"},{\"@type\":\"BreadcrumbList\",\"@id\":\"https:\\\/\\\/cometofinland.fi\\\/fi\\\/rekisteriseloste\\\/#breadcrumb\",\"itemListElement\":[{\"@type\":\"ListItem\",\"position\":1,\"name\":\"Home\",\"item\":\"https:\\\/\\\/cometofinland.fi\\\/fi\\\/\"},{\"@type\":\"ListItem\",\"position\":2,\"name\":\"Rekisteriseloste &#038; Toimitusehdot\"}]},{\"@type\":\"WebSite\",\"@id\":\"https:\\\/\\\/cometofinland.fi\\\/fi\\\/#website\",\"url\":\"https:\\\/\\\/cometofinland.fi\\\/fi\\\/\",\"name\":\"Come to Finland\",\"description\":\"poster love from Finland\",\"publisher\":{\"@id\":\"https:\\\/\\\/cometofinland.fi\\\/fi\\\/#organization\"},\"potentialAction\":[{\"@type\":\"SearchAction\",\"target\":{\"@type\":\"EntryPoint\",\"urlTemplate\":\"https:\\\/\\\/cometofinland.fi\\\/fi\\\/?s={search_term_string}\"},\"query-input\":{\"@type\":\"PropertyValueSpecification\",\"valueRequired\":true,\"valueName\":\"search_term_string\"}}],\"inLanguage\":\"fi\"},{\"@type\":\"Organization\",\"@id\":\"https:\\\/\\\/cometofinland.fi\\\/fi\\\/#organization\",\"name\":\"Come to Finland\",\"url\":\"https:\\\/\\\/cometofinland.fi\\\/fi\\\/\",\"logo\":{\"@type\":\"ImageObject\",\"inLanguage\":\"fi\",\"@id\":\"https:\\\/\\\/cometofinland.fi\\\/fi\\\/#\\\/schema\\\/logo\\\/image\\\/\",\"url\":\"https:\\\/\\\/cometofinland.fi\\\/wp-content\\\/uploads\\\/2019\\\/03\\\/CTF_LOGO_Blue.svg\",\"contentUrl\":\"https:\\\/\\\/cometofinland.fi\\\/wp-content\\\/uploads\\\/2019\\\/03\\\/CTF_LOGO_Blue.svg\",\"width\":1,\"height\":1,\"caption\":\"Come to Finland\"},\"image\":{\"@id\":\"https:\\\/\\\/cometofinland.fi\\\/fi\\\/#\\\/schema\\\/logo\\\/image\\\/\"},\"sameAs\":[\"https:\\\/\\\/fi-fi.facebook.com\\\/cometofinland\\\/\",\"https:\\\/\\\/www.instagram.com\\\/cometofinland\\\/\"]}]}<\/script>\n<!-- \/ Yoast SEO plugin. -->","yoast_head_json":{"title":"Rekisteriseloste & Toimitusehdot - Come to Finland","robots":{"index":"index","follow":"follow","max-snippet":"max-snippet:-1","max-image-preview":"max-image-preview:large","max-video-preview":"max-video-preview:-1"},"canonical":"https:\/\/cometofinland.fi\/fi\/rekisteriseloste\/","og_locale":"fi_FI","og_type":"article","og_title":"Rekisteriseloste & Toimitusehdot - Come to Finland","og_description":"Maksupalvelutarjoaja Maksunv\u00e4lityspalvelun toteuttajana ja maksupalveluntarjoajana toimii Paytrail Oyj (2122839-7) yhteisty\u00f6ss\u00e4 suomalaisten pankkien ja luottolaitosten kanssa. Paytrail Oyj n\u00e4kyy maksun saajana tiliotteella tai korttilaskulla ja v\u00e4litt\u00e4\u00e4 maksun kauppiaalle. Paytrail Oyj:ll\u00e4 on maksulaitoksen toimilupa. Reklamaatiotapauksissa pyyd\u00e4mme ottamaan ensisijaisesti yhteytt\u00e4 tuotteen toimittajaan. Paytrail Oyj, y-tunnus: 2122839-7 Innova 2 Lutakonaukio 7 40100 Jyv\u00e4skyl\u00e4 Puhelin: 0207 181830 www.paytrail.com Toimitustiedot Come [&hellip;]","og_url":"https:\/\/cometofinland.fi\/fi\/rekisteriseloste\/","og_site_name":"Come to Finland","article_publisher":"https:\/\/fi-fi.facebook.com\/cometofinland\/","article_modified_time":"2023-01-18T09:18:29+00:00","og_image":[{"url":"https:\/\/img.paytrail.com\/?id=47676&amp;type=horizontal&amp;cols=18&amp;text=0&amp;auth=3270e988c7cb6965","type":"","width":"","height":""}],"twitter_card":"summary_large_image","twitter_misc":{"Arvioitu lukuaika":"3 minuuttia"},"schema":{"@context":"https:\/\/schema.org","@graph":[{"@type":"WebPage","@id":"https:\/\/cometofinland.fi\/fi\/rekisteriseloste\/","url":"https:\/\/cometofinland.fi\/fi\/rekisteriseloste\/","name":"Rekisteriseloste & Toimitusehdot - Come to Finland","isPartOf":{"@id":"https:\/\/cometofinland.fi\/fi\/#website"},"primaryImageOfPage":{"@id":"https:\/\/cometofinland.fi\/fi\/rekisteriseloste\/#primaryimage"},"image":{"@id":"https:\/\/cometofinland.fi\/fi\/rekisteriseloste\/#primaryimage"},"thumbnailUrl":"https:\/\/img.paytrail.com\/?id=47676&amp;type=horizontal&amp;cols=18&amp;text=0&amp;auth=3270e988c7cb6965","datePublished":"2018-11-01T12:41:08+00:00","dateModified":"2023-01-18T09:18:29+00:00","breadcrumb":{"@id":"https:\/\/cometofinland.fi\/fi\/rekisteriseloste\/#breadcrumb"},"inLanguage":"fi","potentialAction":[{"@type":"ReadAction","target":["https:\/\/cometofinland.fi\/fi\/rekisteriseloste\/"]}]},{"@type":"ImageObject","inLanguage":"fi","@id":"https:\/\/cometofinland.fi\/fi\/rekisteriseloste\/#primaryimage","url":"https:\/\/img.paytrail.com\/?id=47676&amp;type=horizontal&amp;cols=18&amp;text=0&amp;auth=3270e988c7cb6965","contentUrl":"https:\/\/img.paytrail.com\/?id=47676&amp;type=horizontal&amp;cols=18&amp;text=0&amp;auth=3270e988c7cb6965"},{"@type":"BreadcrumbList","@id":"https:\/\/cometofinland.fi\/fi\/rekisteriseloste\/#breadcrumb","itemListElement":[{"@type":"ListItem","position":1,"name":"Home","item":"https:\/\/cometofinland.fi\/fi\/"},{"@type":"ListItem","position":2,"name":"Rekisteriseloste &#038; Toimitusehdot"}]},{"@type":"WebSite","@id":"https:\/\/cometofinland.fi\/fi\/#website","url":"https:\/\/cometofinland.fi\/fi\/","name":"Come to Finland","description":"poster love from Finland","publisher":{"@id":"https:\/\/cometofinland.fi\/fi\/#organization"},"potentialAction":[{"@type":"SearchAction","target":{"@type":"EntryPoint","urlTemplate":"https:\/\/cometofinland.fi\/fi\/?s={search_term_string}"},"query-input":{"@type":"PropertyValueSpecification","valueRequired":true,"valueName":"search_term_string"}}],"inLanguage":"fi"},{"@type":"Organization","@id":"https:\/\/cometofinland.fi\/fi\/#organization","name":"Come to Finland","url":"https:\/\/cometofinland.fi\/fi\/","logo":{"@type":"ImageObject","inLanguage":"fi","@id":"https:\/\/cometofinland.fi\/fi\/#\/schema\/logo\/image\/","url":"https:\/\/cometofinland.fi\/wp-content\/uploads\/2019\/03\/CTF_LOGO_Blue.svg","contentUrl":"https:\/\/cometofinland.fi\/wp-content\/uploads\/2019\/03\/CTF_LOGO_Blue.svg","width":1,"height":1,"caption":"Come to Finland"},"image":{"@id":"https:\/\/cometofinland.fi\/fi\/#\/schema\/logo\/image\/"},"sameAs":["https:\/\/fi-fi.facebook.com\/cometofinland\/","https:\/\/www.instagram.com\/cometofinland\/"]}]}},"_links":{"self":[{"href":"https:\/\/cometofinland.fi\/fi\/wp-json\/wp\/v2\/pages\/2002","targetHints":{"allow":["GET"]}}],"collection":[{"href":"https:\/\/cometofinland.fi\/fi\/wp-json\/wp\/v2\/pages"}],"about":[{"href":"https:\/\/cometofinland.fi\/fi\/wp-json\/wp\/v2\/types\/page"}],"author":[{"embeddable":true,"href":"https:\/\/cometofinland.fi\/fi\/wp-json\/wp\/v2\/users\/1"}],"replies":[{"embeddable":true,"href":"https:\/\/cometofinland.fi\/fi\/wp-json\/wp\/v2\/comments?post=2002"}],"version-history":[{"count":19,"href":"https:\/\/cometofinland.fi\/fi\/wp-json\/wp\/v2\/pages\/2002\/revisions"}],"predecessor-version":[{"id":23702,"href":"https:\/\/cometofinland.fi\/fi\/wp-json\/wp\/v2\/pages\/2002\/revisions\/23702"}],"wp:attachment":[{"href":"https:\/\/cometofinland.fi\/fi\/wp-json\/wp\/v2\/media?parent=2002"}],"curies":[{"name":"wp","href":"https:\/\/api.w.org\/{rel}","templated":true}]}}