{"id":6264,"date":"2018-11-16T17:08:16","date_gmt":"2018-11-16T15:08:16","guid":{"rendered":"https:\/\/cometofinland.fi\/return-policy\/"},"modified":"2022-11-02T07:26:34","modified_gmt":"2022-11-02T05:26:34","slug":"return-policy","status":"publish","type":"page","link":"https:\/\/cometofinland.fi\/fi\/return-policy\/","title":{"rendered":"Palautukset"},"content":{"rendered":"<p>T\u00e4lt\u00e4 sivulta l\u00f6yd\u00e4t ohjeet tilattujen tuotteiden palauttamiseen.<\/p>\n<h2>Palautusoikeus<\/h2>\n<p>Sinulla on oikeus palauttaa tilaamasi tuotteet 14 p\u00e4iv\u00e4n sis\u00e4ll\u00e4 tuotteen vastaanottamisesta. Palautettavien tuotteiden tulee olla myyntikuntoisia ja k\u00e4ytt\u00e4m\u00e4tt\u00f6mi\u00e4. Ilmoita aina palautuksesta osoitteeseen <a href=\"mailto:posters@cometofinland.fi\">posters@cometofinland.fi<\/a> ja liit\u00e4 palautettavien tuotteiden mukaan kopio tilausvahvistuksesta.<\/p>\n<p>Huomioithan, ett\u00e4 asiakas vastaa palautuksesta aiheutuvista kuluista. Noutamatta j\u00e4tetty l\u00e4hetys ei ole tilauksen peruutus ja joudumme perim\u00e4\u00e4n noutamatta j\u00e4\u00e4neist\u00e4 sek\u00e4 palautuneista tilauksista l\u00e4hetyksist\u00e4 aiheutuneet kulut.<\/p>\n<p>Palautamme rahasi 14 p\u00e4iv\u00e4n sis\u00e4ll\u00e4 tuotteen saapumisesta samalla maksutavalla, jota olet k\u00e4ytt\u00e4nyt.<\/p>\n<h2>Reklamaatio<\/h2>\n<p>Reklamoinnit virheellisist\u00e4 tai viallisista tuotteista pyyd\u00e4mme l\u00e4hett\u00e4m\u00e4\u00e4n osoitteeseen <a href=\"mailto:posters@cometofinland.fi\">posters@cometofinland.fi<\/a>. Jos haluat uudet tuotteet virheellisten tilalle, l\u00e4het\u00e4mme ne sinulle toimituskuluitta edellytt\u00e4en, ett\u00e4 tuotteita on saatavissa. Jos haluat mieluummin rahasi takaisin tai jos emme pysty toimittamaan korvaavaa tuotetta, palautamme rahasi 14 p\u00e4iv\u00e4n sis\u00e4ll\u00e4 tuotteen saapumisesta samalla maksutavalla, jota olet k\u00e4ytt\u00e4nyt.<\/p>\n<h2>Palautusosoite<\/h2>\n<p>Asiakaspalautukset l\u00e4hetet\u00e4\u00e4n alla olevaan osoitteeseen. Muista aina ensin l\u00e4hett\u00e4\u00e4 s\u00e4hk\u00f6postia osoitteeseen <a href=\"mailto:posters@cometofinland.fi\">posters@cometofinland.fi<\/a>, jos haluat palauttaa tuotteita.<\/p>\n<p>Come to Finland Publishing Ab Oy<br \/>\nc\/o Anglo-Nordic<br \/>\nHyttimestarintie 3<br \/>\n02780 ESPOO<br \/>\nFINLAND<\/p>\n","protected":false},"excerpt":{"rendered":"<p>T\u00e4lt\u00e4 sivulta l\u00f6yd\u00e4t ohjeet tilattujen tuotteiden palauttamiseen. Palautusoikeus Sinulla on oikeus palauttaa tilaamasi tuotteet 14 p\u00e4iv\u00e4n sis\u00e4ll\u00e4 tuotteen vastaanottamisesta. Palautettavien tuotteiden tulee olla myyntikuntoisia ja k\u00e4ytt\u00e4m\u00e4tt\u00f6mi\u00e4. Ilmoita aina palautuksesta osoitteeseen posters@cometofinland.fi ja liit\u00e4 palautettavien tuotteiden mukaan kopio tilausvahvistuksesta. Huomioithan, ett\u00e4 asiakas vastaa palautuksesta aiheutuvista kuluista. Noutamatta j\u00e4tetty l\u00e4hetys ei ole tilauksen peruutus ja joudumme perim\u00e4\u00e4n [&hellip;]<\/p>\n","protected":false},"author":1,"featured_media":0,"parent":0,"menu_order":0,"comment_status":"closed","ping_status":"closed","template":"","meta":{"_acf_changed":false,"footnotes":""},"class_list":["post-6264","page","type-page","status-publish","hentry"],"acf":[],"yoast_head":"<!-- This site is optimized with the Yoast SEO plugin v27.4 - https:\/\/yoast.com\/product\/yoast-seo-wordpress\/ -->\n<title>Palautukset - Come to Finland<\/title>\n<meta name=\"robots\" content=\"index, follow, max-snippet:-1, max-image-preview:large, max-video-preview:-1\" \/>\n<link rel=\"canonical\" href=\"https:\/\/cometofinland.fi\/fi\/return-policy\/\" \/>\n<meta property=\"og:locale\" content=\"fi_FI\" \/>\n<meta property=\"og:type\" content=\"article\" \/>\n<meta property=\"og:title\" content=\"Palautukset - Come to Finland\" \/>\n<meta property=\"og:description\" content=\"T\u00e4lt\u00e4 sivulta l\u00f6yd\u00e4t ohjeet tilattujen tuotteiden palauttamiseen. Palautusoikeus Sinulla on oikeus palauttaa tilaamasi tuotteet 14 p\u00e4iv\u00e4n sis\u00e4ll\u00e4 tuotteen vastaanottamisesta. Palautettavien tuotteiden tulee olla myyntikuntoisia ja k\u00e4ytt\u00e4m\u00e4tt\u00f6mi\u00e4. Ilmoita aina palautuksesta osoitteeseen posters@cometofinland.fi ja liit\u00e4 palautettavien tuotteiden mukaan kopio tilausvahvistuksesta. Huomioithan, ett\u00e4 asiakas vastaa palautuksesta aiheutuvista kuluista. Noutamatta j\u00e4tetty l\u00e4hetys ei ole tilauksen peruutus ja joudumme perim\u00e4\u00e4n [&hellip;]\" \/>\n<meta property=\"og:url\" content=\"https:\/\/cometofinland.fi\/fi\/return-policy\/\" \/>\n<meta property=\"og:site_name\" content=\"Come to Finland\" \/>\n<meta property=\"article:publisher\" content=\"https:\/\/fi-fi.facebook.com\/cometofinland\/\" \/>\n<meta property=\"article:modified_time\" content=\"2022-11-02T05:26:34+00:00\" \/>\n<meta name=\"twitter:card\" content=\"summary_large_image\" \/>\n<meta name=\"twitter:label1\" content=\"Arvioitu lukuaika\" \/>\n\t<meta name=\"twitter:data1\" content=\"1 minuutti\" \/>\n<script type=\"application\/ld+json\" class=\"yoast-schema-graph\">{\"@context\":\"https:\\\/\\\/schema.org\",\"@graph\":[{\"@type\":\"WebPage\",\"@id\":\"https:\\\/\\\/cometofinland.fi\\\/fi\\\/return-policy\\\/\",\"url\":\"https:\\\/\\\/cometofinland.fi\\\/fi\\\/return-policy\\\/\",\"name\":\"Palautukset - Come to Finland\",\"isPartOf\":{\"@id\":\"https:\\\/\\\/cometofinland.fi\\\/fi\\\/#website\"},\"datePublished\":\"2018-11-16T15:08:16+00:00\",\"dateModified\":\"2022-11-02T05:26:34+00:00\",\"breadcrumb\":{\"@id\":\"https:\\\/\\\/cometofinland.fi\\\/fi\\\/return-policy\\\/#breadcrumb\"},\"inLanguage\":\"fi\",\"potentialAction\":[{\"@type\":\"ReadAction\",\"target\":[\"https:\\\/\\\/cometofinland.fi\\\/fi\\\/return-policy\\\/\"]}]},{\"@type\":\"BreadcrumbList\",\"@id\":\"https:\\\/\\\/cometofinland.fi\\\/fi\\\/return-policy\\\/#breadcrumb\",\"itemListElement\":[{\"@type\":\"ListItem\",\"position\":1,\"name\":\"Home\",\"item\":\"https:\\\/\\\/cometofinland.fi\\\/fi\\\/\"},{\"@type\":\"ListItem\",\"position\":2,\"name\":\"Palautukset\"}]},{\"@type\":\"WebSite\",\"@id\":\"https:\\\/\\\/cometofinland.fi\\\/fi\\\/#website\",\"url\":\"https:\\\/\\\/cometofinland.fi\\\/fi\\\/\",\"name\":\"Come to Finland\",\"description\":\"poster love from Finland\",\"publisher\":{\"@id\":\"https:\\\/\\\/cometofinland.fi\\\/fi\\\/#organization\"},\"potentialAction\":[{\"@type\":\"SearchAction\",\"target\":{\"@type\":\"EntryPoint\",\"urlTemplate\":\"https:\\\/\\\/cometofinland.fi\\\/fi\\\/?s={search_term_string}\"},\"query-input\":{\"@type\":\"PropertyValueSpecification\",\"valueRequired\":true,\"valueName\":\"search_term_string\"}}],\"inLanguage\":\"fi\"},{\"@type\":\"Organization\",\"@id\":\"https:\\\/\\\/cometofinland.fi\\\/fi\\\/#organization\",\"name\":\"Come to Finland\",\"url\":\"https:\\\/\\\/cometofinland.fi\\\/fi\\\/\",\"logo\":{\"@type\":\"ImageObject\",\"inLanguage\":\"fi\",\"@id\":\"https:\\\/\\\/cometofinland.fi\\\/fi\\\/#\\\/schema\\\/logo\\\/image\\\/\",\"url\":\"https:\\\/\\\/cometofinland.fi\\\/wp-content\\\/uploads\\\/2019\\\/03\\\/CTF_LOGO_Blue.svg\",\"contentUrl\":\"https:\\\/\\\/cometofinland.fi\\\/wp-content\\\/uploads\\\/2019\\\/03\\\/CTF_LOGO_Blue.svg\",\"width\":1,\"height\":1,\"caption\":\"Come to Finland\"},\"image\":{\"@id\":\"https:\\\/\\\/cometofinland.fi\\\/fi\\\/#\\\/schema\\\/logo\\\/image\\\/\"},\"sameAs\":[\"https:\\\/\\\/fi-fi.facebook.com\\\/cometofinland\\\/\",\"https:\\\/\\\/www.instagram.com\\\/cometofinland\\\/\"]}]}<\/script>\n<!-- \/ Yoast SEO plugin. -->","yoast_head_json":{"title":"Palautukset - Come to Finland","robots":{"index":"index","follow":"follow","max-snippet":"max-snippet:-1","max-image-preview":"max-image-preview:large","max-video-preview":"max-video-preview:-1"},"canonical":"https:\/\/cometofinland.fi\/fi\/return-policy\/","og_locale":"fi_FI","og_type":"article","og_title":"Palautukset - Come to Finland","og_description":"T\u00e4lt\u00e4 sivulta l\u00f6yd\u00e4t ohjeet tilattujen tuotteiden palauttamiseen. Palautusoikeus Sinulla on oikeus palauttaa tilaamasi tuotteet 14 p\u00e4iv\u00e4n sis\u00e4ll\u00e4 tuotteen vastaanottamisesta. Palautettavien tuotteiden tulee olla myyntikuntoisia ja k\u00e4ytt\u00e4m\u00e4tt\u00f6mi\u00e4. Ilmoita aina palautuksesta osoitteeseen posters@cometofinland.fi ja liit\u00e4 palautettavien tuotteiden mukaan kopio tilausvahvistuksesta. Huomioithan, ett\u00e4 asiakas vastaa palautuksesta aiheutuvista kuluista. Noutamatta j\u00e4tetty l\u00e4hetys ei ole tilauksen peruutus ja joudumme perim\u00e4\u00e4n [&hellip;]","og_url":"https:\/\/cometofinland.fi\/fi\/return-policy\/","og_site_name":"Come to Finland","article_publisher":"https:\/\/fi-fi.facebook.com\/cometofinland\/","article_modified_time":"2022-11-02T05:26:34+00:00","twitter_card":"summary_large_image","twitter_misc":{"Arvioitu lukuaika":"1 minuutti"},"schema":{"@context":"https:\/\/schema.org","@graph":[{"@type":"WebPage","@id":"https:\/\/cometofinland.fi\/fi\/return-policy\/","url":"https:\/\/cometofinland.fi\/fi\/return-policy\/","name":"Palautukset - Come to Finland","isPartOf":{"@id":"https:\/\/cometofinland.fi\/fi\/#website"},"datePublished":"2018-11-16T15:08:16+00:00","dateModified":"2022-11-02T05:26:34+00:00","breadcrumb":{"@id":"https:\/\/cometofinland.fi\/fi\/return-policy\/#breadcrumb"},"inLanguage":"fi","potentialAction":[{"@type":"ReadAction","target":["https:\/\/cometofinland.fi\/fi\/return-policy\/"]}]},{"@type":"BreadcrumbList","@id":"https:\/\/cometofinland.fi\/fi\/return-policy\/#breadcrumb","itemListElement":[{"@type":"ListItem","position":1,"name":"Home","item":"https:\/\/cometofinland.fi\/fi\/"},{"@type":"ListItem","position":2,"name":"Palautukset"}]},{"@type":"WebSite","@id":"https:\/\/cometofinland.fi\/fi\/#website","url":"https:\/\/cometofinland.fi\/fi\/","name":"Come to Finland","description":"poster love from Finland","publisher":{"@id":"https:\/\/cometofinland.fi\/fi\/#organization"},"potentialAction":[{"@type":"SearchAction","target":{"@type":"EntryPoint","urlTemplate":"https:\/\/cometofinland.fi\/fi\/?s={search_term_string}"},"query-input":{"@type":"PropertyValueSpecification","valueRequired":true,"valueName":"search_term_string"}}],"inLanguage":"fi"},{"@type":"Organization","@id":"https:\/\/cometofinland.fi\/fi\/#organization","name":"Come to Finland","url":"https:\/\/cometofinland.fi\/fi\/","logo":{"@type":"ImageObject","inLanguage":"fi","@id":"https:\/\/cometofinland.fi\/fi\/#\/schema\/logo\/image\/","url":"https:\/\/cometofinland.fi\/wp-content\/uploads\/2019\/03\/CTF_LOGO_Blue.svg","contentUrl":"https:\/\/cometofinland.fi\/wp-content\/uploads\/2019\/03\/CTF_LOGO_Blue.svg","width":1,"height":1,"caption":"Come to Finland"},"image":{"@id":"https:\/\/cometofinland.fi\/fi\/#\/schema\/logo\/image\/"},"sameAs":["https:\/\/fi-fi.facebook.com\/cometofinland\/","https:\/\/www.instagram.com\/cometofinland\/"]}]}},"_links":{"self":[{"href":"https:\/\/cometofinland.fi\/fi\/wp-json\/wp\/v2\/pages\/6264","targetHints":{"allow":["GET"]}}],"collection":[{"href":"https:\/\/cometofinland.fi\/fi\/wp-json\/wp\/v2\/pages"}],"about":[{"href":"https:\/\/cometofinland.fi\/fi\/wp-json\/wp\/v2\/types\/page"}],"author":[{"embeddable":true,"href":"https:\/\/cometofinland.fi\/fi\/wp-json\/wp\/v2\/users\/1"}],"replies":[{"embeddable":true,"href":"https:\/\/cometofinland.fi\/fi\/wp-json\/wp\/v2\/comments?post=6264"}],"version-history":[{"count":11,"href":"https:\/\/cometofinland.fi\/fi\/wp-json\/wp\/v2\/pages\/6264\/revisions"}],"predecessor-version":[{"id":23282,"href":"https:\/\/cometofinland.fi\/fi\/wp-json\/wp\/v2\/pages\/6264\/revisions\/23282"}],"wp:attachment":[{"href":"https:\/\/cometofinland.fi\/fi\/wp-json\/wp\/v2\/media?parent=6264"}],"curies":[{"name":"wp","href":"https:\/\/api.w.org\/{rel}","templated":true}]}}