{"id":6359,"date":"2019-01-23T11:06:08","date_gmt":"2019-01-23T09:06:08","guid":{"rendered":"https:\/\/cometofinland.fi\/about-come-to-finland\/"},"modified":"2021-11-27T11:17:57","modified_gmt":"2021-11-27T09:17:57","slug":"arvomme","status":"publish","type":"page","link":"https:\/\/cometofinland.fi\/fi\/tarina\/arvomme\/","title":{"rendered":"Arvomme"},"content":{"rendered":"<h2>Arvomme<\/h2>\n<p>Come to Finland valmistaa ja myy design- ja sisustustuotteita sek\u00e4 k\u00e4ytt\u00f6esineit\u00e4, joiden kuvitus perustuu autenttisiin suomalaisiin matkailujulisteisiin.<\/p>\n<p>Johtoajatuksemme ovat:<\/p>\n<p><strong>RIEMU<\/strong><\/p>\n<p><strong>INTOHIMO<\/strong><\/p>\n<p><strong>ARVOSTUS<\/strong><\/p>\n<p>Tuotteemme her\u00e4tt\u00e4v\u00e4t ja levitt\u00e4v\u00e4t <strong><i>riemua<\/i><\/strong> asiakkaidemme parissa \u2013 tunnetta siit\u00e4, ett\u00e4 n\u00e4m\u00e4 tuotteet on tehty pilke silm\u00e4kulmassa. Kun kehit\u00e4mme, valmistamme ja myymme CTF-tuotteita, tunnemme toisin sanoen ylpeytt\u00e4 ja riemua siit\u00e4, ett\u00e4 juuri meill\u00e4 on mahdollisuus tehd\u00e4 julisteita tunnetuiksi uudessa muodossa.<\/p>\n<p>Yritysideamme alkoi yksinkertaisesta ideasta, joka muuttui <strong><i>intohimoksi<\/i><\/strong>. Sama intohimo vie meit\u00e4 eteenp\u00e4in t\u00e4n\u00e4kin p\u00e4iv\u00e4n\u00e4: rakkaus taideteoksiin, rakkaus matkailuun. Jokainen tuote tulee v\u00e4litt\u00e4m\u00e4\u00e4n henkil\u00f6kohtaista intohimoa, jota tunnemme meid\u00e4n hallinnoimaamme perint\u00f6\u00e4 kohtaan. Juuri me muokkaamme historiallista aineistoa innovatiivisesti ja modernisti.<\/p>\n<p>K\u00e4sittelemme taideteoksia, taiteilijoita ja historiallista perint\u00f6\u00e4 aina <strong><i>arvostuksella<\/i><\/strong>. Tulemme aina miettim\u00e4\u00e4n: mit\u00e4 taiteilija XX olisi pit\u00e4nyt t\u00e4st\u00e4 uudesta tuotteesta? Siksi emme koskaan fuskaa, vaan arvostuksen aineistoa ja henkil\u00f6kohtaista asiakaspalvelua kohtaan tulee n\u00e4ky\u00e4 koko ketjussa aina suunnittelusta tuotantoon ja myynnist\u00e4 jakeluun.<\/p>\n<p>Tunnemme ylpeytt\u00e4 my\u00f6s yritt\u00e4jyydest\u00e4mme. Yrit\u00e4mme tehd\u00e4 juuri sit\u00e4, mit\u00e4 nykyp\u00e4iv\u00e4n Suomessa kaivataan luovuuden ja innovatiivisuuden saralla. Me jatkojalostamme olemassa olevaa kulttuuriperint\u00f6\u00e4 kaupallisesti elinvoimaisiksi tuotteiksi. Meill\u00e4 on ideoita ja edustamme uusajattelua. Valmistamme tuotteet Suomessa ja luomme ty\u00f6paikkoja.<\/p>\n<p>Tuotteidemme valmistuksessa ymp\u00e4rist\u00f6asiat ovat t\u00e4rkeysj\u00e4rjestyksen k\u00e4rkip\u00e4\u00e4ss\u00e4, ja pid\u00e4mme lujasti kiinni tuotteiden laadusta ja eettisyydest\u00e4.<\/p>\n<h2>Lupauksemme<\/h2>\n<p>Tuotteidemme tekij\u00e4noikeusasiat ovat aina kunnossa.<\/p>\n<p>Valmistamme kaiken Suomessa suomalaisista raaka-aineista, aina kun se on mahdollista.<\/p>\n<p>Tunnemme valmistajamme ja vierailemme heid\u00e4n luonaan henkil\u00f6kohtaisesti.<\/p>\n<p>Jakelumme on nopea ja tehokas.<\/p>\n<p>Korostamme aina tuotetarinaa, tuotemerkkimme ainutlaatuisuutta.<\/p>\n<p>Olemme ylpeit\u00e4 siit\u00e4, mit\u00e4 teemme, ja sen tulee n\u00e4ky\u00e4 jokaisessa ty\u00f6vaiheessa.<\/p>\n<p>Asiakaspalvelumme on henkil\u00f6kohtaista, nopeaa ja yst\u00e4v\u00e4llist\u00e4.<\/p>\n<h2>Yrityksest\u00e4<\/h2>\n<p>Come to Finland Publishing Ab Oy<\/p>\n<p>Y-tunnus: 2045859-6<\/p>\n<p>Yhti\u00f6n kotipaikka on Helsinki.<\/p>\n<p>Magnus Londen on enemmist\u00f6osakas.<\/p>\n<p><strong>Muut omistajat ovat:<\/strong><br \/>\nKatarina Tallqvist<br \/>\nNiklas Tallqvist<\/p>\n<p><strong>V\u00e4hemmist\u00f6osakkaita ovat:<\/strong><br \/>\nJoakim Enegren<br \/>\nStig-Olof Londen<\/p>\n<p><strong>Hallitus:<\/strong><\/p>\n<p>Barbara Hisinger-J\u00e4gerski\u00f6ld<br \/>\nJoakim Enegren<br \/>\nMagnus Londen (puheenjohtaja)<br \/>\nAnt Simons<\/p>\n<p><a href=\"http:\/\/cometosweden.se\">Come to Sweden Publishing Ab<\/a> on erillinen, Ruotsissa rekister\u00f6ity osakeyhti\u00f6, jonka enemmist\u00f6osakas on Magnus Londen.<\/p>\n","protected":false},"excerpt":{"rendered":"<p>Arvomme Come to Finland valmistaa ja myy design- ja sisustustuotteita sek\u00e4 k\u00e4ytt\u00f6esineit\u00e4, joiden kuvitus perustuu autenttisiin suomalaisiin matkailujulisteisiin. Johtoajatuksemme ovat: RIEMU INTOHIMO ARVOSTUS Tuotteemme her\u00e4tt\u00e4v\u00e4t ja levitt\u00e4v\u00e4t riemua asiakkaidemme parissa \u2013 tunnetta siit\u00e4, ett\u00e4 n\u00e4m\u00e4 tuotteet on tehty pilke silm\u00e4kulmassa. Kun kehit\u00e4mme, valmistamme ja myymme CTF-tuotteita, tunnemme toisin sanoen ylpeytt\u00e4 ja riemua siit\u00e4, ett\u00e4 juuri [&hellip;]<\/p>\n","protected":false},"author":3,"featured_media":0,"parent":6279,"menu_order":0,"comment_status":"closed","ping_status":"closed","template":"","meta":{"_acf_changed":false,"footnotes":""},"class_list":["post-6359","page","type-page","status-publish","hentry"],"acf":[],"yoast_head":"<!-- This site is optimized with the Yoast SEO plugin v27.3 - https:\/\/yoast.com\/product\/yoast-seo-wordpress\/ -->\n<title>Arvomme - Come to Finland<\/title>\n<meta name=\"robots\" content=\"index, follow, max-snippet:-1, max-image-preview:large, max-video-preview:-1\" \/>\n<link rel=\"canonical\" href=\"https:\/\/cometofinland.fi\/fi\/tarina\/arvomme\/\" \/>\n<meta property=\"og:locale\" content=\"fi_FI\" \/>\n<meta property=\"og:type\" content=\"article\" \/>\n<meta property=\"og:title\" content=\"Arvomme - Come to Finland\" \/>\n<meta property=\"og:description\" content=\"Arvomme Come to Finland valmistaa ja myy design- ja sisustustuotteita sek\u00e4 k\u00e4ytt\u00f6esineit\u00e4, joiden kuvitus perustuu autenttisiin suomalaisiin matkailujulisteisiin. Johtoajatuksemme ovat: RIEMU INTOHIMO ARVOSTUS Tuotteemme her\u00e4tt\u00e4v\u00e4t ja levitt\u00e4v\u00e4t riemua asiakkaidemme parissa \u2013 tunnetta siit\u00e4, ett\u00e4 n\u00e4m\u00e4 tuotteet on tehty pilke silm\u00e4kulmassa. Kun kehit\u00e4mme, valmistamme ja myymme CTF-tuotteita, tunnemme toisin sanoen ylpeytt\u00e4 ja riemua siit\u00e4, ett\u00e4 juuri [&hellip;]\" \/>\n<meta property=\"og:url\" content=\"https:\/\/cometofinland.fi\/fi\/tarina\/arvomme\/\" \/>\n<meta property=\"og:site_name\" content=\"Come to Finland\" \/>\n<meta property=\"article:publisher\" content=\"https:\/\/fi-fi.facebook.com\/cometofinland\/\" \/>\n<meta property=\"article:modified_time\" content=\"2021-11-27T09:17:57+00:00\" \/>\n<meta name=\"twitter:card\" content=\"summary_large_image\" \/>\n<meta name=\"twitter:label1\" content=\"Arvioitu lukuaika\" \/>\n\t<meta name=\"twitter:data1\" content=\"2 minuuttia\" \/>\n<script type=\"application\/ld+json\" class=\"yoast-schema-graph\">{\"@context\":\"https:\\\/\\\/schema.org\",\"@graph\":[{\"@type\":\"WebPage\",\"@id\":\"https:\\\/\\\/cometofinland.fi\\\/fi\\\/tarina\\\/arvomme\\\/\",\"url\":\"https:\\\/\\\/cometofinland.fi\\\/fi\\\/tarina\\\/arvomme\\\/\",\"name\":\"Arvomme - Come to Finland\",\"isPartOf\":{\"@id\":\"https:\\\/\\\/cometofinland.fi\\\/fi\\\/#website\"},\"datePublished\":\"2019-01-23T09:06:08+00:00\",\"dateModified\":\"2021-11-27T09:17:57+00:00\",\"breadcrumb\":{\"@id\":\"https:\\\/\\\/cometofinland.fi\\\/fi\\\/tarina\\\/arvomme\\\/#breadcrumb\"},\"inLanguage\":\"fi\",\"potentialAction\":[{\"@type\":\"ReadAction\",\"target\":[\"https:\\\/\\\/cometofinland.fi\\\/fi\\\/tarina\\\/arvomme\\\/\"]}]},{\"@type\":\"BreadcrumbList\",\"@id\":\"https:\\\/\\\/cometofinland.fi\\\/fi\\\/tarina\\\/arvomme\\\/#breadcrumb\",\"itemListElement\":[{\"@type\":\"ListItem\",\"position\":1,\"name\":\"Home\",\"item\":\"https:\\\/\\\/cometofinland.fi\\\/fi\\\/\"},{\"@type\":\"ListItem\",\"position\":2,\"name\":\"Intohimo matkailujulisteisiin\",\"item\":\"https:\\\/\\\/cometofinland.fi\\\/fi\\\/tarina\\\/\"},{\"@type\":\"ListItem\",\"position\":3,\"name\":\"Arvomme\"}]},{\"@type\":\"WebSite\",\"@id\":\"https:\\\/\\\/cometofinland.fi\\\/fi\\\/#website\",\"url\":\"https:\\\/\\\/cometofinland.fi\\\/fi\\\/\",\"name\":\"Come to Finland\",\"description\":\"poster love from Finland\",\"publisher\":{\"@id\":\"https:\\\/\\\/cometofinland.fi\\\/fi\\\/#organization\"},\"potentialAction\":[{\"@type\":\"SearchAction\",\"target\":{\"@type\":\"EntryPoint\",\"urlTemplate\":\"https:\\\/\\\/cometofinland.fi\\\/fi\\\/?s={search_term_string}\"},\"query-input\":{\"@type\":\"PropertyValueSpecification\",\"valueRequired\":true,\"valueName\":\"search_term_string\"}}],\"inLanguage\":\"fi\"},{\"@type\":\"Organization\",\"@id\":\"https:\\\/\\\/cometofinland.fi\\\/fi\\\/#organization\",\"name\":\"Come to Finland\",\"url\":\"https:\\\/\\\/cometofinland.fi\\\/fi\\\/\",\"logo\":{\"@type\":\"ImageObject\",\"inLanguage\":\"fi\",\"@id\":\"https:\\\/\\\/cometofinland.fi\\\/fi\\\/#\\\/schema\\\/logo\\\/image\\\/\",\"url\":\"https:\\\/\\\/cometofinland.fi\\\/wp-content\\\/uploads\\\/2019\\\/03\\\/CTF_LOGO_Blue.svg\",\"contentUrl\":\"https:\\\/\\\/cometofinland.fi\\\/wp-content\\\/uploads\\\/2019\\\/03\\\/CTF_LOGO_Blue.svg\",\"width\":1,\"height\":1,\"caption\":\"Come to Finland\"},\"image\":{\"@id\":\"https:\\\/\\\/cometofinland.fi\\\/fi\\\/#\\\/schema\\\/logo\\\/image\\\/\"},\"sameAs\":[\"https:\\\/\\\/fi-fi.facebook.com\\\/cometofinland\\\/\",\"https:\\\/\\\/www.instagram.com\\\/cometofinland\\\/\"]}]}<\/script>\n<!-- \/ Yoast SEO plugin. -->","yoast_head_json":{"title":"Arvomme - Come to Finland","robots":{"index":"index","follow":"follow","max-snippet":"max-snippet:-1","max-image-preview":"max-image-preview:large","max-video-preview":"max-video-preview:-1"},"canonical":"https:\/\/cometofinland.fi\/fi\/tarina\/arvomme\/","og_locale":"fi_FI","og_type":"article","og_title":"Arvomme - Come to Finland","og_description":"Arvomme Come to Finland valmistaa ja myy design- ja sisustustuotteita sek\u00e4 k\u00e4ytt\u00f6esineit\u00e4, joiden kuvitus perustuu autenttisiin suomalaisiin matkailujulisteisiin. Johtoajatuksemme ovat: RIEMU INTOHIMO ARVOSTUS Tuotteemme her\u00e4tt\u00e4v\u00e4t ja levitt\u00e4v\u00e4t riemua asiakkaidemme parissa \u2013 tunnetta siit\u00e4, ett\u00e4 n\u00e4m\u00e4 tuotteet on tehty pilke silm\u00e4kulmassa. Kun kehit\u00e4mme, valmistamme ja myymme CTF-tuotteita, tunnemme toisin sanoen ylpeytt\u00e4 ja riemua siit\u00e4, ett\u00e4 juuri [&hellip;]","og_url":"https:\/\/cometofinland.fi\/fi\/tarina\/arvomme\/","og_site_name":"Come to Finland","article_publisher":"https:\/\/fi-fi.facebook.com\/cometofinland\/","article_modified_time":"2021-11-27T09:17:57+00:00","twitter_card":"summary_large_image","twitter_misc":{"Arvioitu lukuaika":"2 minuuttia"},"schema":{"@context":"https:\/\/schema.org","@graph":[{"@type":"WebPage","@id":"https:\/\/cometofinland.fi\/fi\/tarina\/arvomme\/","url":"https:\/\/cometofinland.fi\/fi\/tarina\/arvomme\/","name":"Arvomme - Come to Finland","isPartOf":{"@id":"https:\/\/cometofinland.fi\/fi\/#website"},"datePublished":"2019-01-23T09:06:08+00:00","dateModified":"2021-11-27T09:17:57+00:00","breadcrumb":{"@id":"https:\/\/cometofinland.fi\/fi\/tarina\/arvomme\/#breadcrumb"},"inLanguage":"fi","potentialAction":[{"@type":"ReadAction","target":["https:\/\/cometofinland.fi\/fi\/tarina\/arvomme\/"]}]},{"@type":"BreadcrumbList","@id":"https:\/\/cometofinland.fi\/fi\/tarina\/arvomme\/#breadcrumb","itemListElement":[{"@type":"ListItem","position":1,"name":"Home","item":"https:\/\/cometofinland.fi\/fi\/"},{"@type":"ListItem","position":2,"name":"Intohimo matkailujulisteisiin","item":"https:\/\/cometofinland.fi\/fi\/tarina\/"},{"@type":"ListItem","position":3,"name":"Arvomme"}]},{"@type":"WebSite","@id":"https:\/\/cometofinland.fi\/fi\/#website","url":"https:\/\/cometofinland.fi\/fi\/","name":"Come to Finland","description":"poster love from Finland","publisher":{"@id":"https:\/\/cometofinland.fi\/fi\/#organization"},"potentialAction":[{"@type":"SearchAction","target":{"@type":"EntryPoint","urlTemplate":"https:\/\/cometofinland.fi\/fi\/?s={search_term_string}"},"query-input":{"@type":"PropertyValueSpecification","valueRequired":true,"valueName":"search_term_string"}}],"inLanguage":"fi"},{"@type":"Organization","@id":"https:\/\/cometofinland.fi\/fi\/#organization","name":"Come to Finland","url":"https:\/\/cometofinland.fi\/fi\/","logo":{"@type":"ImageObject","inLanguage":"fi","@id":"https:\/\/cometofinland.fi\/fi\/#\/schema\/logo\/image\/","url":"https:\/\/cometofinland.fi\/wp-content\/uploads\/2019\/03\/CTF_LOGO_Blue.svg","contentUrl":"https:\/\/cometofinland.fi\/wp-content\/uploads\/2019\/03\/CTF_LOGO_Blue.svg","width":1,"height":1,"caption":"Come to Finland"},"image":{"@id":"https:\/\/cometofinland.fi\/fi\/#\/schema\/logo\/image\/"},"sameAs":["https:\/\/fi-fi.facebook.com\/cometofinland\/","https:\/\/www.instagram.com\/cometofinland\/"]}]}},"_links":{"self":[{"href":"https:\/\/cometofinland.fi\/fi\/wp-json\/wp\/v2\/pages\/6359","targetHints":{"allow":["GET"]}}],"collection":[{"href":"https:\/\/cometofinland.fi\/fi\/wp-json\/wp\/v2\/pages"}],"about":[{"href":"https:\/\/cometofinland.fi\/fi\/wp-json\/wp\/v2\/types\/page"}],"author":[{"embeddable":true,"href":"https:\/\/cometofinland.fi\/fi\/wp-json\/wp\/v2\/users\/3"}],"replies":[{"embeddable":true,"href":"https:\/\/cometofinland.fi\/fi\/wp-json\/wp\/v2\/comments?post=6359"}],"version-history":[{"count":12,"href":"https:\/\/cometofinland.fi\/fi\/wp-json\/wp\/v2\/pages\/6359\/revisions"}],"predecessor-version":[{"id":21640,"href":"https:\/\/cometofinland.fi\/fi\/wp-json\/wp\/v2\/pages\/6359\/revisions\/21640"}],"up":[{"embeddable":true,"href":"https:\/\/cometofinland.fi\/fi\/wp-json\/wp\/v2\/pages\/6279"}],"wp:attachment":[{"href":"https:\/\/cometofinland.fi\/fi\/wp-json\/wp\/v2\/media?parent=6359"}],"curies":[{"name":"wp","href":"https:\/\/api.w.org\/{rel}","templated":true}]}}