{"id":6366,"date":"2019-01-23T11:20:39","date_gmt":"2019-01-23T09:20:39","guid":{"rendered":"https:\/\/cometofinland.fi\/delivery-information\/"},"modified":"2019-01-23T11:38:33","modified_gmt":"2019-01-23T09:38:33","slug":"delivery-information","status":"publish","type":"page","link":"https:\/\/cometofinland.fi\/fi\/delivery-information\/","title":{"rendered":"Toimitustiedot"},"content":{"rendered":"<p><i>Come to Finland<\/i> k\u00e4ytt\u00e4\u00e4 p\u00e4\u00e4asiassa PostNordin tai Postin palveluita toimittaessaan tuotteita Suomeen ja ulkomaille. Tilaukset toimitetaan yleens\u00e4 1-3 arkip\u00e4iv\u00e4n kuluttua tilauksen vastaanottamisesta.<\/p>\n<p>Huomaa, ett\u00e4 asiakas huolehtii itse kaikista mahdollisista vastaanottajamaan veroista ja tullimaksuista.<\/p>\n","protected":false},"excerpt":{"rendered":"<p>Come to Finland k\u00e4ytt\u00e4\u00e4 p\u00e4\u00e4asiassa PostNordin tai Postin palveluita toimittaessaan tuotteita Suomeen ja ulkomaille. Tilaukset toimitetaan yleens\u00e4 1-3 arkip\u00e4iv\u00e4n kuluttua tilauksen vastaanottamisesta. Huomaa, ett\u00e4 asiakas huolehtii itse kaikista mahdollisista vastaanottajamaan veroista ja tullimaksuista.<\/p>\n","protected":false},"author":3,"featured_media":0,"parent":0,"menu_order":0,"comment_status":"closed","ping_status":"closed","template":"","meta":{"_acf_changed":false,"footnotes":""},"class_list":["post-6366","page","type-page","status-publish","hentry"],"acf":[],"yoast_head":"<!-- This site is optimized with the Yoast SEO plugin v27.3 - https:\/\/yoast.com\/product\/yoast-seo-wordpress\/ -->\n<title>Toimitustiedot - Come to Finland<\/title>\n<meta name=\"robots\" content=\"index, follow, max-snippet:-1, max-image-preview:large, max-video-preview:-1\" \/>\n<link rel=\"canonical\" href=\"https:\/\/cometofinland.fi\/fi\/delivery-information\/\" \/>\n<meta property=\"og:locale\" content=\"fi_FI\" \/>\n<meta property=\"og:type\" content=\"article\" \/>\n<meta property=\"og:title\" content=\"Toimitustiedot - Come to Finland\" \/>\n<meta property=\"og:description\" content=\"Come to Finland k\u00e4ytt\u00e4\u00e4 p\u00e4\u00e4asiassa PostNordin tai Postin palveluita toimittaessaan tuotteita Suomeen ja ulkomaille. Tilaukset toimitetaan yleens\u00e4 1-3 arkip\u00e4iv\u00e4n kuluttua tilauksen vastaanottamisesta. Huomaa, ett\u00e4 asiakas huolehtii itse kaikista mahdollisista vastaanottajamaan veroista ja tullimaksuista.\" \/>\n<meta property=\"og:url\" content=\"https:\/\/cometofinland.fi\/fi\/delivery-information\/\" \/>\n<meta property=\"og:site_name\" content=\"Come to Finland\" \/>\n<meta property=\"article:publisher\" content=\"https:\/\/fi-fi.facebook.com\/cometofinland\/\" \/>\n<meta property=\"article:modified_time\" content=\"2019-01-23T09:38:33+00:00\" \/>\n<meta name=\"twitter:card\" content=\"summary_large_image\" \/>\n<script type=\"application\/ld+json\" class=\"yoast-schema-graph\">{\"@context\":\"https:\\\/\\\/schema.org\",\"@graph\":[{\"@type\":\"WebPage\",\"@id\":\"https:\\\/\\\/cometofinland.fi\\\/fi\\\/delivery-information\\\/\",\"url\":\"https:\\\/\\\/cometofinland.fi\\\/fi\\\/delivery-information\\\/\",\"name\":\"Toimitustiedot - Come to Finland\",\"isPartOf\":{\"@id\":\"https:\\\/\\\/cometofinland.fi\\\/fi\\\/#website\"},\"datePublished\":\"2019-01-23T09:20:39+00:00\",\"dateModified\":\"2019-01-23T09:38:33+00:00\",\"breadcrumb\":{\"@id\":\"https:\\\/\\\/cometofinland.fi\\\/fi\\\/delivery-information\\\/#breadcrumb\"},\"inLanguage\":\"fi\",\"potentialAction\":[{\"@type\":\"ReadAction\",\"target\":[\"https:\\\/\\\/cometofinland.fi\\\/fi\\\/delivery-information\\\/\"]}]},{\"@type\":\"BreadcrumbList\",\"@id\":\"https:\\\/\\\/cometofinland.fi\\\/fi\\\/delivery-information\\\/#breadcrumb\",\"itemListElement\":[{\"@type\":\"ListItem\",\"position\":1,\"name\":\"Home\",\"item\":\"https:\\\/\\\/cometofinland.fi\\\/fi\\\/\"},{\"@type\":\"ListItem\",\"position\":2,\"name\":\"Toimitustiedot\"}]},{\"@type\":\"WebSite\",\"@id\":\"https:\\\/\\\/cometofinland.fi\\\/fi\\\/#website\",\"url\":\"https:\\\/\\\/cometofinland.fi\\\/fi\\\/\",\"name\":\"Come to Finland\",\"description\":\"poster love from Finland\",\"publisher\":{\"@id\":\"https:\\\/\\\/cometofinland.fi\\\/fi\\\/#organization\"},\"potentialAction\":[{\"@type\":\"SearchAction\",\"target\":{\"@type\":\"EntryPoint\",\"urlTemplate\":\"https:\\\/\\\/cometofinland.fi\\\/fi\\\/?s={search_term_string}\"},\"query-input\":{\"@type\":\"PropertyValueSpecification\",\"valueRequired\":true,\"valueName\":\"search_term_string\"}}],\"inLanguage\":\"fi\"},{\"@type\":\"Organization\",\"@id\":\"https:\\\/\\\/cometofinland.fi\\\/fi\\\/#organization\",\"name\":\"Come to Finland\",\"url\":\"https:\\\/\\\/cometofinland.fi\\\/fi\\\/\",\"logo\":{\"@type\":\"ImageObject\",\"inLanguage\":\"fi\",\"@id\":\"https:\\\/\\\/cometofinland.fi\\\/fi\\\/#\\\/schema\\\/logo\\\/image\\\/\",\"url\":\"https:\\\/\\\/cometofinland.fi\\\/wp-content\\\/uploads\\\/2019\\\/03\\\/CTF_LOGO_Blue.svg\",\"contentUrl\":\"https:\\\/\\\/cometofinland.fi\\\/wp-content\\\/uploads\\\/2019\\\/03\\\/CTF_LOGO_Blue.svg\",\"width\":1,\"height\":1,\"caption\":\"Come to Finland\"},\"image\":{\"@id\":\"https:\\\/\\\/cometofinland.fi\\\/fi\\\/#\\\/schema\\\/logo\\\/image\\\/\"},\"sameAs\":[\"https:\\\/\\\/fi-fi.facebook.com\\\/cometofinland\\\/\",\"https:\\\/\\\/www.instagram.com\\\/cometofinland\\\/\"]}]}<\/script>\n<!-- \/ Yoast SEO plugin. -->","yoast_head_json":{"title":"Toimitustiedot - Come to Finland","robots":{"index":"index","follow":"follow","max-snippet":"max-snippet:-1","max-image-preview":"max-image-preview:large","max-video-preview":"max-video-preview:-1"},"canonical":"https:\/\/cometofinland.fi\/fi\/delivery-information\/","og_locale":"fi_FI","og_type":"article","og_title":"Toimitustiedot - Come to Finland","og_description":"Come to Finland k\u00e4ytt\u00e4\u00e4 p\u00e4\u00e4asiassa PostNordin tai Postin palveluita toimittaessaan tuotteita Suomeen ja ulkomaille. Tilaukset toimitetaan yleens\u00e4 1-3 arkip\u00e4iv\u00e4n kuluttua tilauksen vastaanottamisesta. Huomaa, ett\u00e4 asiakas huolehtii itse kaikista mahdollisista vastaanottajamaan veroista ja tullimaksuista.","og_url":"https:\/\/cometofinland.fi\/fi\/delivery-information\/","og_site_name":"Come to Finland","article_publisher":"https:\/\/fi-fi.facebook.com\/cometofinland\/","article_modified_time":"2019-01-23T09:38:33+00:00","twitter_card":"summary_large_image","schema":{"@context":"https:\/\/schema.org","@graph":[{"@type":"WebPage","@id":"https:\/\/cometofinland.fi\/fi\/delivery-information\/","url":"https:\/\/cometofinland.fi\/fi\/delivery-information\/","name":"Toimitustiedot - Come to Finland","isPartOf":{"@id":"https:\/\/cometofinland.fi\/fi\/#website"},"datePublished":"2019-01-23T09:20:39+00:00","dateModified":"2019-01-23T09:38:33+00:00","breadcrumb":{"@id":"https:\/\/cometofinland.fi\/fi\/delivery-information\/#breadcrumb"},"inLanguage":"fi","potentialAction":[{"@type":"ReadAction","target":["https:\/\/cometofinland.fi\/fi\/delivery-information\/"]}]},{"@type":"BreadcrumbList","@id":"https:\/\/cometofinland.fi\/fi\/delivery-information\/#breadcrumb","itemListElement":[{"@type":"ListItem","position":1,"name":"Home","item":"https:\/\/cometofinland.fi\/fi\/"},{"@type":"ListItem","position":2,"name":"Toimitustiedot"}]},{"@type":"WebSite","@id":"https:\/\/cometofinland.fi\/fi\/#website","url":"https:\/\/cometofinland.fi\/fi\/","name":"Come to Finland","description":"poster love from Finland","publisher":{"@id":"https:\/\/cometofinland.fi\/fi\/#organization"},"potentialAction":[{"@type":"SearchAction","target":{"@type":"EntryPoint","urlTemplate":"https:\/\/cometofinland.fi\/fi\/?s={search_term_string}"},"query-input":{"@type":"PropertyValueSpecification","valueRequired":true,"valueName":"search_term_string"}}],"inLanguage":"fi"},{"@type":"Organization","@id":"https:\/\/cometofinland.fi\/fi\/#organization","name":"Come to Finland","url":"https:\/\/cometofinland.fi\/fi\/","logo":{"@type":"ImageObject","inLanguage":"fi","@id":"https:\/\/cometofinland.fi\/fi\/#\/schema\/logo\/image\/","url":"https:\/\/cometofinland.fi\/wp-content\/uploads\/2019\/03\/CTF_LOGO_Blue.svg","contentUrl":"https:\/\/cometofinland.fi\/wp-content\/uploads\/2019\/03\/CTF_LOGO_Blue.svg","width":1,"height":1,"caption":"Come to Finland"},"image":{"@id":"https:\/\/cometofinland.fi\/fi\/#\/schema\/logo\/image\/"},"sameAs":["https:\/\/fi-fi.facebook.com\/cometofinland\/","https:\/\/www.instagram.com\/cometofinland\/"]}]}},"_links":{"self":[{"href":"https:\/\/cometofinland.fi\/fi\/wp-json\/wp\/v2\/pages\/6366","targetHints":{"allow":["GET"]}}],"collection":[{"href":"https:\/\/cometofinland.fi\/fi\/wp-json\/wp\/v2\/pages"}],"about":[{"href":"https:\/\/cometofinland.fi\/fi\/wp-json\/wp\/v2\/types\/page"}],"author":[{"embeddable":true,"href":"https:\/\/cometofinland.fi\/fi\/wp-json\/wp\/v2\/users\/3"}],"replies":[{"embeddable":true,"href":"https:\/\/cometofinland.fi\/fi\/wp-json\/wp\/v2\/comments?post=6366"}],"version-history":[{"count":2,"href":"https:\/\/cometofinland.fi\/fi\/wp-json\/wp\/v2\/pages\/6366\/revisions"}],"predecessor-version":[{"id":6372,"href":"https:\/\/cometofinland.fi\/fi\/wp-json\/wp\/v2\/pages\/6366\/revisions\/6372"}],"wp:attachment":[{"href":"https:\/\/cometofinland.fi\/fi\/wp-json\/wp\/v2\/media?parent=6366"}],"curies":[{"name":"wp","href":"https:\/\/api.w.org\/{rel}","templated":true}]}}