{"id":6381,"date":"2019-01-23T12:12:42","date_gmt":"2019-01-23T10:12:42","guid":{"rendered":"https:\/\/cometofinland.fi\/we-at-come-to-finland\/"},"modified":"2022-06-20T08:24:24","modified_gmt":"2022-06-20T05:24:24","slug":"we-at-come-to-finland","status":"publish","type":"page","link":"https:\/\/cometofinland.fi\/fi\/tarina\/we-at-come-to-finland\/","title":{"rendered":"Me Come to Finlandilla"},"content":{"rendered":"<h2>Ota yhteytt\u00e4!<\/h2>\n<p>Helpoin ja nopein tapa ottaa yhteytt\u00e4 asiakaspalveluumme on l\u00e4hett\u00e4\u00e4 s\u00e4hk\u00f6postia: <a href=\"mailto:posters@cometofinland.fi\">posters@cometofinland.fi<\/a><\/p>\n<p>Palvelemme puhelimitse yleens\u00e4 maanantaista torstaihin klo 9-16: 044-7448088<\/p>\n<h2><\/h2>\n<p><img loading=\"lazy\" decoding=\"async\" class=\"size-full wp-image-6309 alignleft\" src=\"https:\/\/cometofinland.fi\/wp-content\/uploads\/2019\/01\/magnus.png\" alt=\"\" width=\"218\" height=\"219\" srcset=\"https:\/\/cometofinland.fi\/wp-content\/uploads\/2019\/01\/magnus.png 218w, https:\/\/cometofinland.fi\/wp-content\/uploads\/2019\/01\/magnus-150x150.png 150w, https:\/\/cometofinland.fi\/wp-content\/uploads\/2019\/01\/magnus-100x100.png 100w\" sizes=\"auto, (max-width: 218px) 100vw, 218px\" \/><\/p>\n<h2>Magnus Londen<\/h2>\n<p><strong>Poster hunter &amp; perustaja<\/strong><\/p>\n<p>Magnus on luova johtajamme ja Come to Finlandin perustaja. H\u00e4nen entinen el\u00e4m\u00e4ns\u00e4 kulkee yh\u00e4 mukana: h\u00e4n on my\u00f6s journalisti ja kirjailija. H\u00e4n on kirjoittanut kolme matkakertomusta (Siperia, Pietari ja Valmismatkat) ja vuodesta 2005 h\u00e4n on joka perjantai toiminut J\u00e4lkiv\u00e4\u00e4nt\u00f6-keskusteluohjelman juontajana Ylell\u00e4.<\/p>\n<p><strong>Lempijuliste:<\/strong><a href=\"https:\/\/cometofinland.fi\/fi\/tuote\/the-champagne-lady-swe-original-size-poster\/\"> Samppanjalady<\/a><br \/>\n<strong>Suomen paras matkakohde:<\/strong> Savon j\u00e4rvet<br \/>\n<strong>Unelmakohde maailmalla:<\/strong> Libanon<\/p>\n<p><a href=\"mailto:magnus.londen@cometofinland.fi\">magnus.londen@cometofinland.fi<\/a><\/p>\n<p>&nbsp;<\/p>\n<p>&nbsp;<\/p>\n<h2><img loading=\"lazy\" decoding=\"async\" class=\"size-full wp-image-21266 alignleft\" src=\"https:\/\/cometofinland.fi\/wp-content\/uploads\/2021\/09\/CTF_Sophie.jpg\" alt=\"\" width=\"218\" height=\"219\" srcset=\"https:\/\/cometofinland.fi\/wp-content\/uploads\/2021\/09\/CTF_Sophie.jpg 218w, https:\/\/cometofinland.fi\/wp-content\/uploads\/2021\/09\/CTF_Sophie-150x150.jpg 150w\" sizes=\"auto, (max-width: 218px) 100vw, 218px\" \/><\/h2>\n<h2>Sophie Holm<\/h2>\n<p><strong>Tutkija<\/strong><\/p>\n<p>Sophie on historioitsija ja ty\u00f6skentelee meill\u00e4 taustatutkimuksen, n\u00e4yttelytekstien ja kirjahankkeiden parissa. H\u00e4n varmistaa, ett\u00e4 Come to Finlandin toiminnassa huomoidaan uusin historiantutkimus. Historioitsijana Sophien lempiaiheisiin kuuluvat he, jotka matkustivat tai rakensivat siltoja kulttuurien v\u00e4lille, kuten diplomaatit ja k\u00e4\u00e4nt\u00e4j\u00e4t, tai vaikkapa turistit! Kun h\u00e4n itse matkustaa, kohteena ovat usein Pohjois-Espanjan vaellusreitit. Siell\u00e4 yhdistyv\u00e4t upeat luontokokemukset, historialliset n\u00e4ht\u00e4vyydet ja hyv\u00e4 ruoka.<\/p>\n<p><strong>Lempijuliste:<\/strong> <a href=\"https:\/\/cometofinland.fi\/fi\/tuote\/30-000-lakes-original-size-poster\/\">30 000 lakes<\/a><br \/>\n<strong>Suomen paras matkakohde:<\/strong> Ahvenanmaa<br \/>\n<strong>Unelmakohde maailmalla: <\/strong>Mikronesia<\/p>\n<p><a href=\"mailto:sophie@cometofinland.fi\">sophie@cometofinland.fi<\/a><\/p>\n<p>&nbsp;<\/p>\n<p><img loading=\"lazy\" decoding=\"async\" class=\"size-full wp-image-6300 alignleft\" src=\"https:\/\/cometofinland.fi\/wp-content\/uploads\/2019\/01\/husain.png\" alt=\"\" width=\"218\" height=\"219\" srcset=\"https:\/\/cometofinland.fi\/wp-content\/uploads\/2019\/01\/husain.png 218w, https:\/\/cometofinland.fi\/wp-content\/uploads\/2019\/01\/husain-150x150.png 150w, https:\/\/cometofinland.fi\/wp-content\/uploads\/2019\/01\/husain-100x100.png 100w\" sizes=\"auto, (max-width: 218px) 100vw, 218px\" \/><\/p>\n<h2>Husain Pazhohan<\/h2>\n<p>Synnyin Afganistanissa. Sis\u00e4llissodan vuoksi perheeni muutti Irakiin ja my\u00f6hemmin Iraniin, jossa asuimme 20 vuotta. Yliopisto-opintojeni j\u00e4lkeen p\u00e4\u00e4tin palata kotimaahani. Elettiin vuotta 2004 ja Yhdysvaltojen johtama invaasio oli murtanut Talibanin hallinnon. Aloin ty\u00f6skennell\u00e4 kansainv\u00e4listen j\u00e4rjest\u00f6jen World Visionin ja USAID:n kanssa ja samaan aikaan perustin oman yritykseni, joka keskittyi sahramin ja kuivattujen hedelmien myyntiin. Talibanin asema kuitenkin vahvistui ja jouduin j\u00e4tt\u00e4m\u00e4\u00e4n kotimaani vuonna 2015, sill\u00e4 Taliban ei sallinut ty\u00f6skentely\u00e4 kansainv\u00e4lisiss\u00e4 j\u00e4rjest\u00f6iss\u00e4.<\/p>\n<p>Pitk\u00e4n ja todella vaikean matkan j\u00e4lkeen l\u00f6ysin itseni Suomesta ja t\u00e4\u00e4ll\u00e4 olen asunut vuodesta 2015. Vuodesta 2017 olen ty\u00f6skennellyt Come to Finlandin varasto- ja logistiikkavastaavana. Pid\u00e4n sek\u00e4 uusista ett\u00e4 nostalgisista kuva-aiheista. Niiss\u00e4 on iloa ja joskus my\u00f6s tietty\u00e4 surumielisyytt\u00e4 \u2013 etenkin kun miettii kaikkia menneisyyden tapahtumia.<\/p>\n<p><strong>Lempijuliste: <\/strong><a href=\"https:\/\/cometofinland.fi\/fi\/tuote\/close-your-eyes-by-adrienn-szell-poster-50-x-70-cm-on-demand-print\/\">Close your eyes<\/a><br \/>\n<strong>Suomen paras matkailukohde:<\/strong> Lappi<br \/>\n<strong>Unelmakohde maailmalla: <\/strong>Australia<\/p>\n<p><a href=\"mailto:qurban@cometofinland.fi\">qurban@cometofinland.fi<\/a><\/p>\n<p>Valokuva:<em> \u201dSkid-segling\u201d, Masala 1931, Bernhard \u00c5str\u00f6m, <\/em><em>Svenska litteraturs\u00e4llskapet i Finland, CC-lisenssi.<\/em><\/p>\n","protected":false},"excerpt":{"rendered":"<p>Ota yhteytt\u00e4! Helpoin ja nopein tapa ottaa yhteytt\u00e4 asiakaspalveluumme on l\u00e4hett\u00e4\u00e4 s\u00e4hk\u00f6postia: posters@cometofinland.fi Palvelemme puhelimitse yleens\u00e4 maanantaista torstaihin klo 9-16: 044-7448088 Magnus Londen Poster hunter &amp; perustaja Magnus on luova johtajamme ja Come to Finlandin perustaja. H\u00e4nen entinen el\u00e4m\u00e4ns\u00e4 kulkee yh\u00e4 mukana: h\u00e4n on my\u00f6s journalisti ja kirjailija. H\u00e4n on kirjoittanut kolme matkakertomusta (Siperia, Pietari [&hellip;]<\/p>\n","protected":false},"author":3,"featured_media":0,"parent":6279,"menu_order":0,"comment_status":"closed","ping_status":"closed","template":"","meta":{"_acf_changed":false,"footnotes":""},"class_list":["post-6381","page","type-page","status-publish","hentry"],"acf":[],"yoast_head":"<!-- This site is optimized with the Yoast SEO plugin v27.3 - https:\/\/yoast.com\/product\/yoast-seo-wordpress\/ -->\n<title>Me Come to Finlandilla - Come to Finland<\/title>\n<meta name=\"robots\" content=\"index, follow, max-snippet:-1, max-image-preview:large, max-video-preview:-1\" \/>\n<link rel=\"canonical\" href=\"https:\/\/cometofinland.fi\/fi\/tarina\/we-at-come-to-finland\/\" \/>\n<meta property=\"og:locale\" content=\"fi_FI\" \/>\n<meta property=\"og:type\" content=\"article\" \/>\n<meta property=\"og:title\" content=\"Me Come to Finlandilla - Come to Finland\" \/>\n<meta property=\"og:description\" content=\"Ota yhteytt\u00e4! Helpoin ja nopein tapa ottaa yhteytt\u00e4 asiakaspalveluumme on l\u00e4hett\u00e4\u00e4 s\u00e4hk\u00f6postia: posters@cometofinland.fi Palvelemme puhelimitse yleens\u00e4 maanantaista torstaihin klo 9-16: 044-7448088 Magnus Londen Poster hunter &amp; perustaja Magnus on luova johtajamme ja Come to Finlandin perustaja. H\u00e4nen entinen el\u00e4m\u00e4ns\u00e4 kulkee yh\u00e4 mukana: h\u00e4n on my\u00f6s journalisti ja kirjailija. H\u00e4n on kirjoittanut kolme matkakertomusta (Siperia, Pietari [&hellip;]\" \/>\n<meta property=\"og:url\" content=\"https:\/\/cometofinland.fi\/fi\/tarina\/we-at-come-to-finland\/\" \/>\n<meta property=\"og:site_name\" content=\"Come to Finland\" \/>\n<meta property=\"article:publisher\" content=\"https:\/\/fi-fi.facebook.com\/cometofinland\/\" \/>\n<meta property=\"article:modified_time\" content=\"2022-06-20T05:24:24+00:00\" \/>\n<meta property=\"og:image\" content=\"https:\/\/cometofinland.fi\/wp-content\/uploads\/2019\/01\/magnus.png\" \/>\n<meta name=\"twitter:card\" content=\"summary_large_image\" \/>\n<meta name=\"twitter:label1\" content=\"Arvioitu lukuaika\" \/>\n\t<meta name=\"twitter:data1\" content=\"2 minuuttia\" \/>\n<script type=\"application\/ld+json\" class=\"yoast-schema-graph\">{\"@context\":\"https:\\\/\\\/schema.org\",\"@graph\":[{\"@type\":\"WebPage\",\"@id\":\"https:\\\/\\\/cometofinland.fi\\\/fi\\\/tarina\\\/we-at-come-to-finland\\\/\",\"url\":\"https:\\\/\\\/cometofinland.fi\\\/fi\\\/tarina\\\/we-at-come-to-finland\\\/\",\"name\":\"Me Come to Finlandilla - Come to Finland\",\"isPartOf\":{\"@id\":\"https:\\\/\\\/cometofinland.fi\\\/fi\\\/#website\"},\"primaryImageOfPage\":{\"@id\":\"https:\\\/\\\/cometofinland.fi\\\/fi\\\/tarina\\\/we-at-come-to-finland\\\/#primaryimage\"},\"image\":{\"@id\":\"https:\\\/\\\/cometofinland.fi\\\/fi\\\/tarina\\\/we-at-come-to-finland\\\/#primaryimage\"},\"thumbnailUrl\":\"https:\\\/\\\/cometofinland.fi\\\/wp-content\\\/uploads\\\/2019\\\/01\\\/magnus.png\",\"datePublished\":\"2019-01-23T10:12:42+00:00\",\"dateModified\":\"2022-06-20T05:24:24+00:00\",\"breadcrumb\":{\"@id\":\"https:\\\/\\\/cometofinland.fi\\\/fi\\\/tarina\\\/we-at-come-to-finland\\\/#breadcrumb\"},\"inLanguage\":\"fi\",\"potentialAction\":[{\"@type\":\"ReadAction\",\"target\":[\"https:\\\/\\\/cometofinland.fi\\\/fi\\\/tarina\\\/we-at-come-to-finland\\\/\"]}]},{\"@type\":\"ImageObject\",\"inLanguage\":\"fi\",\"@id\":\"https:\\\/\\\/cometofinland.fi\\\/fi\\\/tarina\\\/we-at-come-to-finland\\\/#primaryimage\",\"url\":\"https:\\\/\\\/cometofinland.fi\\\/wp-content\\\/uploads\\\/2019\\\/01\\\/magnus.png\",\"contentUrl\":\"https:\\\/\\\/cometofinland.fi\\\/wp-content\\\/uploads\\\/2019\\\/01\\\/magnus.png\"},{\"@type\":\"BreadcrumbList\",\"@id\":\"https:\\\/\\\/cometofinland.fi\\\/fi\\\/tarina\\\/we-at-come-to-finland\\\/#breadcrumb\",\"itemListElement\":[{\"@type\":\"ListItem\",\"position\":1,\"name\":\"Home\",\"item\":\"https:\\\/\\\/cometofinland.fi\\\/fi\\\/\"},{\"@type\":\"ListItem\",\"position\":2,\"name\":\"Intohimo matkailujulisteisiin\",\"item\":\"https:\\\/\\\/cometofinland.fi\\\/fi\\\/tarina\\\/\"},{\"@type\":\"ListItem\",\"position\":3,\"name\":\"Me Come to Finlandilla\"}]},{\"@type\":\"WebSite\",\"@id\":\"https:\\\/\\\/cometofinland.fi\\\/fi\\\/#website\",\"url\":\"https:\\\/\\\/cometofinland.fi\\\/fi\\\/\",\"name\":\"Come to Finland\",\"description\":\"poster love from Finland\",\"publisher\":{\"@id\":\"https:\\\/\\\/cometofinland.fi\\\/fi\\\/#organization\"},\"potentialAction\":[{\"@type\":\"SearchAction\",\"target\":{\"@type\":\"EntryPoint\",\"urlTemplate\":\"https:\\\/\\\/cometofinland.fi\\\/fi\\\/?s={search_term_string}\"},\"query-input\":{\"@type\":\"PropertyValueSpecification\",\"valueRequired\":true,\"valueName\":\"search_term_string\"}}],\"inLanguage\":\"fi\"},{\"@type\":\"Organization\",\"@id\":\"https:\\\/\\\/cometofinland.fi\\\/fi\\\/#organization\",\"name\":\"Come to Finland\",\"url\":\"https:\\\/\\\/cometofinland.fi\\\/fi\\\/\",\"logo\":{\"@type\":\"ImageObject\",\"inLanguage\":\"fi\",\"@id\":\"https:\\\/\\\/cometofinland.fi\\\/fi\\\/#\\\/schema\\\/logo\\\/image\\\/\",\"url\":\"https:\\\/\\\/cometofinland.fi\\\/wp-content\\\/uploads\\\/2019\\\/03\\\/CTF_LOGO_Blue.svg\",\"contentUrl\":\"https:\\\/\\\/cometofinland.fi\\\/wp-content\\\/uploads\\\/2019\\\/03\\\/CTF_LOGO_Blue.svg\",\"width\":1,\"height\":1,\"caption\":\"Come to Finland\"},\"image\":{\"@id\":\"https:\\\/\\\/cometofinland.fi\\\/fi\\\/#\\\/schema\\\/logo\\\/image\\\/\"},\"sameAs\":[\"https:\\\/\\\/fi-fi.facebook.com\\\/cometofinland\\\/\",\"https:\\\/\\\/www.instagram.com\\\/cometofinland\\\/\"]}]}<\/script>\n<!-- \/ Yoast SEO plugin. -->","yoast_head_json":{"title":"Me Come to Finlandilla - Come to Finland","robots":{"index":"index","follow":"follow","max-snippet":"max-snippet:-1","max-image-preview":"max-image-preview:large","max-video-preview":"max-video-preview:-1"},"canonical":"https:\/\/cometofinland.fi\/fi\/tarina\/we-at-come-to-finland\/","og_locale":"fi_FI","og_type":"article","og_title":"Me Come to Finlandilla - Come to Finland","og_description":"Ota yhteytt\u00e4! Helpoin ja nopein tapa ottaa yhteytt\u00e4 asiakaspalveluumme on l\u00e4hett\u00e4\u00e4 s\u00e4hk\u00f6postia: posters@cometofinland.fi Palvelemme puhelimitse yleens\u00e4 maanantaista torstaihin klo 9-16: 044-7448088 Magnus Londen Poster hunter &amp; perustaja Magnus on luova johtajamme ja Come to Finlandin perustaja. H\u00e4nen entinen el\u00e4m\u00e4ns\u00e4 kulkee yh\u00e4 mukana: h\u00e4n on my\u00f6s journalisti ja kirjailija. H\u00e4n on kirjoittanut kolme matkakertomusta (Siperia, Pietari [&hellip;]","og_url":"https:\/\/cometofinland.fi\/fi\/tarina\/we-at-come-to-finland\/","og_site_name":"Come to Finland","article_publisher":"https:\/\/fi-fi.facebook.com\/cometofinland\/","article_modified_time":"2022-06-20T05:24:24+00:00","og_image":[{"url":"https:\/\/cometofinland.fi\/wp-content\/uploads\/2019\/01\/magnus.png","type":"","width":"","height":""}],"twitter_card":"summary_large_image","twitter_misc":{"Arvioitu lukuaika":"2 minuuttia"},"schema":{"@context":"https:\/\/schema.org","@graph":[{"@type":"WebPage","@id":"https:\/\/cometofinland.fi\/fi\/tarina\/we-at-come-to-finland\/","url":"https:\/\/cometofinland.fi\/fi\/tarina\/we-at-come-to-finland\/","name":"Me Come to Finlandilla - Come to Finland","isPartOf":{"@id":"https:\/\/cometofinland.fi\/fi\/#website"},"primaryImageOfPage":{"@id":"https:\/\/cometofinland.fi\/fi\/tarina\/we-at-come-to-finland\/#primaryimage"},"image":{"@id":"https:\/\/cometofinland.fi\/fi\/tarina\/we-at-come-to-finland\/#primaryimage"},"thumbnailUrl":"https:\/\/cometofinland.fi\/wp-content\/uploads\/2019\/01\/magnus.png","datePublished":"2019-01-23T10:12:42+00:00","dateModified":"2022-06-20T05:24:24+00:00","breadcrumb":{"@id":"https:\/\/cometofinland.fi\/fi\/tarina\/we-at-come-to-finland\/#breadcrumb"},"inLanguage":"fi","potentialAction":[{"@type":"ReadAction","target":["https:\/\/cometofinland.fi\/fi\/tarina\/we-at-come-to-finland\/"]}]},{"@type":"ImageObject","inLanguage":"fi","@id":"https:\/\/cometofinland.fi\/fi\/tarina\/we-at-come-to-finland\/#primaryimage","url":"https:\/\/cometofinland.fi\/wp-content\/uploads\/2019\/01\/magnus.png","contentUrl":"https:\/\/cometofinland.fi\/wp-content\/uploads\/2019\/01\/magnus.png"},{"@type":"BreadcrumbList","@id":"https:\/\/cometofinland.fi\/fi\/tarina\/we-at-come-to-finland\/#breadcrumb","itemListElement":[{"@type":"ListItem","position":1,"name":"Home","item":"https:\/\/cometofinland.fi\/fi\/"},{"@type":"ListItem","position":2,"name":"Intohimo matkailujulisteisiin","item":"https:\/\/cometofinland.fi\/fi\/tarina\/"},{"@type":"ListItem","position":3,"name":"Me Come to Finlandilla"}]},{"@type":"WebSite","@id":"https:\/\/cometofinland.fi\/fi\/#website","url":"https:\/\/cometofinland.fi\/fi\/","name":"Come to Finland","description":"poster love from Finland","publisher":{"@id":"https:\/\/cometofinland.fi\/fi\/#organization"},"potentialAction":[{"@type":"SearchAction","target":{"@type":"EntryPoint","urlTemplate":"https:\/\/cometofinland.fi\/fi\/?s={search_term_string}"},"query-input":{"@type":"PropertyValueSpecification","valueRequired":true,"valueName":"search_term_string"}}],"inLanguage":"fi"},{"@type":"Organization","@id":"https:\/\/cometofinland.fi\/fi\/#organization","name":"Come to Finland","url":"https:\/\/cometofinland.fi\/fi\/","logo":{"@type":"ImageObject","inLanguage":"fi","@id":"https:\/\/cometofinland.fi\/fi\/#\/schema\/logo\/image\/","url":"https:\/\/cometofinland.fi\/wp-content\/uploads\/2019\/03\/CTF_LOGO_Blue.svg","contentUrl":"https:\/\/cometofinland.fi\/wp-content\/uploads\/2019\/03\/CTF_LOGO_Blue.svg","width":1,"height":1,"caption":"Come to Finland"},"image":{"@id":"https:\/\/cometofinland.fi\/fi\/#\/schema\/logo\/image\/"},"sameAs":["https:\/\/fi-fi.facebook.com\/cometofinland\/","https:\/\/www.instagram.com\/cometofinland\/"]}]}},"_links":{"self":[{"href":"https:\/\/cometofinland.fi\/fi\/wp-json\/wp\/v2\/pages\/6381","targetHints":{"allow":["GET"]}}],"collection":[{"href":"https:\/\/cometofinland.fi\/fi\/wp-json\/wp\/v2\/pages"}],"about":[{"href":"https:\/\/cometofinland.fi\/fi\/wp-json\/wp\/v2\/types\/page"}],"author":[{"embeddable":true,"href":"https:\/\/cometofinland.fi\/fi\/wp-json\/wp\/v2\/users\/3"}],"replies":[{"embeddable":true,"href":"https:\/\/cometofinland.fi\/fi\/wp-json\/wp\/v2\/comments?post=6381"}],"version-history":[{"count":22,"href":"https:\/\/cometofinland.fi\/fi\/wp-json\/wp\/v2\/pages\/6381\/revisions"}],"predecessor-version":[{"id":22511,"href":"https:\/\/cometofinland.fi\/fi\/wp-json\/wp\/v2\/pages\/6381\/revisions\/22511"}],"up":[{"embeddable":true,"href":"https:\/\/cometofinland.fi\/fi\/wp-json\/wp\/v2\/pages\/6279"}],"wp:attachment":[{"href":"https:\/\/cometofinland.fi\/fi\/wp-json\/wp\/v2\/media?parent=6381"}],"curies":[{"name":"wp","href":"https:\/\/api.w.org\/{rel}","templated":true}]}}