{"id":6747,"date":"2019-02-10T16:14:05","date_gmt":"2019-02-10T14:14:05","guid":{"rendered":"https:\/\/cometofinland.fi\/?page_id=6747"},"modified":"2019-03-22T08:13:18","modified_gmt":"2019-03-22T06:13:18","slug":"julisteiden-metsastaja-etsii-arkistojen-kultajyvia","status":"publish","type":"page","link":"https:\/\/cometofinland.fi\/fi\/tarina\/julisteiden-metsastaja-etsii-arkistojen-kultajyvia\/","title":{"rendered":"Poster Hunters &#8211; The Video"},"content":{"rendered":"<p><iframe loading=\"lazy\" src=\"https:\/\/player.vimeo.com\/video\/301023107\" width=\"896\" height=\"504\" frameborder=\"0\" webkitallowfullscreen mozallowfullscreen allowfullscreen><\/iframe><br \/>\n&nbsp;<\/p>\n<p><em><strong>Miten sadat suomalaiset matkailujulisteet oikein l\u00f6ytyv\u00e4t? Magnus Londen tiet\u00e4\u00e4 vastauksen, sill\u00e4 h\u00e4n on j\u00e4ljitt\u00e4nyt julisteita ymp\u00e4ri maailman.<\/strong><\/em><\/p>\n<p>Journalisti Magnus Londenin intohimo suomalaisia matkailujulisteita kohtaan puhkesi kukkaan useita vuosia sitten.<\/p>\n<p>\u2013 Kuten niin monet muutkin asiat el\u00e4m\u00e4ss\u00e4, my\u00f6s Come to Finland -hanke k\u00e4ynnistyi sattumalta. Helsingin ollessa kulttuurip\u00e4\u00e4kaupunkina vuonna 2000 satuin n\u00e4kem\u00e4\u00e4n aivan mielett\u00f6m\u00e4n upean julisteen ja aloin py\u00f6ritell\u00e4 p\u00e4\u00e4ss\u00e4ni ideaa suomalaisten matkailujulisteiden kokoamisesta kirjaksi.<\/p>\n<h2>Suomalainen ylpeyden aihe<\/h2>\n<p>Mit\u00e4 erikoista matkailujulisteissa sitten on? On syyt\u00e4 ymm\u00e4rt\u00e4\u00e4 niiden historiallinen tausta. Monien vuosien ajan suomalaiset matkailuyritykset, kaupungit ja lomakohteet luottivat t\u00e4ysin julisteisiin markkinointikanavana. Aiheeseen paneutumisen into n\u00e4kyy selv\u00e4sti jokaisessa yksitt\u00e4isess\u00e4 julisteessa. Varhainen julistetaide on my\u00f6s synnytt\u00e4nyt muun muassa seuraavat k\u00e4sitteet: \u201dOff The Beaten Track\u201d sek\u00e4 kirjan otsikkonakin olevan \u201dCome to Finland\u201d.<\/p>\n<p>Londen korostaa, ett\u00e4 kyse on kirjaimellisesti suomalaisista kulttuuriaarteista, joista jokainen suomalainen voi olla todella ylpe\u00e4.<\/p>\n<p>\u2013 Kun vertaan vanhoja suomalaisia matkailujulisteita ulkomaisiin julisteisiin, suomalaisten intohimo graafista suunnittelua kohtaan n\u00e4kyy todella selv\u00e4sti.<\/p>\n<h2>Kadonneiden julisteiden mets\u00e4stys<\/h2>\n<p>Vuodet vieriv\u00e4t, ja julisteiden merkitys v\u00e4heni. Kuten niin monet muutkin \u201dvanhanaikaiset\u201d asiat, julisteet p\u00e4\u00e4tyiv\u00e4t arkistojen ja kellareiden k\u00e4tk\u00f6ihin sek\u00e4 yksityisten ker\u00e4ilij\u00f6iden kokoelmiin ja museoihin. Valitettavasti my\u00f6s roskakori oli tehokkaasti k\u00e4ytetty arkisto. Kiinnostavaa on, ett\u00e4 suomalaisia matkailujulisteita l\u00f6ytyi Suomen lis\u00e4ksi runsaasti my\u00f6s ulkomailta. Projektiryhm\u00e4 l\u00f6ysi aineistoa museoista, arkistoista ja ker\u00e4ilij\u00f6ilt\u00e4 ymp\u00e4ri maailman.<\/p>\n<p>\u2013 Olimme niin naiiveja, ett\u00e4 luulimme useimpien julisteiden olevan kauniisti ja siististi arkistoituina esimerkiksi Kansallismuseoon, mutta niinh\u00e4n asia ei suinkaan ole. Osa julisteista toki l\u00f6ytyi sielt\u00e4, mutta todelliset kultajyv\u00e4t l\u00f6ytyiv\u00e4t melko odottamattomista paikoista, Magnus Londen nauraa ja jatkaa:<\/p>\n<p>\u2013 Esimerkiksi Washingtonin National Library of Congressista l\u00f6ysimme monia ep\u00e4tavallisia julisteita, sanfransiscolaisella ker\u00e4ilij\u00e4ll\u00e4 oli muutamia muita ja Norjan Trondheimist\u00e4 olemme l\u00f6yt\u00e4neet todellisen Suomen yst\u00e4v\u00e4n, jonka kokoelma on todella vaikuttava.<\/p>\n<h2>Maailman ymp\u00e4ri internetill\u00e4<\/h2>\n<p>Londen sanoo suoraan, ett\u00e4 t\u00e4m\u00e4n laajuinen projekti olisi ollut mahdoton ilman interneti\u00e4.<\/p>\n<p>\u2013 On houkutteleva ajatus, ett\u00e4 saisi matkustaa maailmalla ker\u00e4\u00e4m\u00e4ss\u00e4 aineistoa, mutta valitettavasti se on vain toiveunta. S\u00e4hk\u00f6postin ja netin avulla pystyy paikallistamaan aineistoa ja saa yhteyden ker\u00e4ilij\u00f6ihin j\u00e4rkev\u00e4n budjetin rajoissa. Mutta Internet on vain ty\u00f6kalu, ty\u00f6 sinun on teht\u00e4v\u00e4 itse. Voidaan hyvin sanoa, ett\u00e4 aineiston ker\u00e4\u00e4miseen menee yli 80 prosenttia koko hankkeeseen kuluvasta ajasta.<\/p>\n<p>Lis\u00e4ksi Londen ja projektiryhm\u00e4 ovat j\u00e4lleen kerran saaneet kokea vanhan totuuden pit\u00e4v\u00e4n yh\u00e4 paikkansa: Henkil\u00f6kohtainen kontakti on ratkaiseva tekij\u00e4.<\/p>\n<p>\u2013 T\u00e4llaisessa ty\u00f6ss\u00e4 ei ole oikoteit\u00e4. Kun l\u00e4het\u00e4t s\u00e4hk\u00f6postia tai soitat johonkin museoon, olet silti tuntematon henkil\u00f6, ja vastaajalla on useimmiten valmiiksi skeptinen asenne. Vasta kun tapaamme kyseisen ihmisen henkil\u00f6kohtaisesti, meid\u00e4n innostuksemme tuntuu tarttuvan. Innoikkaimmat avustajamme ovat olleet juuri niit\u00e4, jotka ovat aluksi vaikuttaneet t\u00e4ysin v\u00e4liinpit\u00e4m\u00e4tt\u00f6milt\u00e4. Useimmiten syyn\u00e4 on ollut valtava stressi. On vain saatava jalka oven v\u00e4liin.<\/p>\n<h2>Siivitt\u00e4j\u00e4n\u00e4 muukin kuin raha<\/h2>\n<p>Lopuksi, mik\u00e4 innostaa py\u00f6ritt\u00e4m\u00e4\u00e4n n\u00e4in valtavaa hanketta, joka nyky\u00e4\u00e4n on usean ty\u00f6ntekij\u00e4n osakeyhti\u00f6? Houkuttelemaan sijoittajia, vakiinnuttamaan saman konseptin my\u00f6s Ruotsissa? Onko tiedossa suuria summia rahaa?<\/p>\n<p>Londen sanoo, ett\u00e4 todellinen innoittaja on toive pysty\u00e4 n\u00e4ytt\u00e4m\u00e4\u00e4n maailmalle katoamassa olevaa, suomalaista kulttuuriaarteistoa ja jatkuva ty\u00f6skentely kulttuurin ja bisneksen rajamaastossa.<\/p>\n<p>\u2013 Jokainen juliste on taiteilijan tulkinta tietyst\u00e4 suomalaisesta paikasta. Meid\u00e4n on muistettava, ett\u00e4 jokainen juliste on saanut alkunsa siit\u00e4, ett\u00e4 taiteilija on miettinyt aihetta pitk\u00e4\u00e4n ja pohtinut paikan ainutlaatuisia myyntiargumentteja sek\u00e4 sen vahvuuksia ja heikkouksia. Intohimoa tuskin voi ilmaista sen konkreettisemmin, Londen analysoi.<\/p>\n<h2>Onko kaikki jo l\u00f6ydetty?<\/h2>\n<p>Ent\u00e4 t\u00e4n\u00e4 p\u00e4iv\u00e4n\u00e4, kymmenen vuotta sen j\u00e4lkeen, kun Londen huomasi ensimm\u00e4isen julisteen, onko kaikki julisteet nyt jo l\u00f6ydetty?<\/p>\n<p>\u2013 N\u00e4in olemme luulleet&#8230; monesti. Mutta sitten joku uusi juliste putkahtaa yht\u00e4kki\u00e4 ilmoille. Olemme taatusti l\u00f6yt\u00e4neet 99 prosenttia, mutta emme tule koskaan p\u00e4\u00e4sem\u00e4\u00e4n sataan prosenttiin. Tajuan sen nyt, Londen toteaa nauraen.<\/p>\n<p>Ent\u00e4 unelmajuliste, mik\u00e4 se olisi?<\/p>\n<p>\u2013 Ylivoimaisesti suurin unelmani on l\u00f6yt\u00e4\u00e4 Jorma Suhosen kadonneet Suursaari-julisteet, jotka h\u00e4n piirsi 1930-luvun lopulla. Niiss\u00e4 nimitt\u00e4in yhdistyv\u00e4t monet rakastamani seikat: Suhosen glamour, Suursaaren mystiikka ja Suomen kultaiset matkailuvuodet ennen sotaa.<\/p>\n","protected":false},"excerpt":{"rendered":"<p>&nbsp; Miten sadat suomalaiset matkailujulisteet oikein l\u00f6ytyv\u00e4t? Magnus Londen tiet\u00e4\u00e4 vastauksen, sill\u00e4 h\u00e4n on j\u00e4ljitt\u00e4nyt julisteita ymp\u00e4ri maailman. Journalisti Magnus Londenin intohimo suomalaisia matkailujulisteita kohtaan puhkesi kukkaan useita vuosia sitten. \u2013 Kuten niin monet muutkin asiat el\u00e4m\u00e4ss\u00e4, my\u00f6s Come to Finland -hanke k\u00e4ynnistyi sattumalta. Helsingin ollessa kulttuurip\u00e4\u00e4kaupunkina vuonna 2000 satuin n\u00e4kem\u00e4\u00e4n aivan mielett\u00f6m\u00e4n upean julisteen [&hellip;]<\/p>\n","protected":false},"author":7,"featured_media":0,"parent":6279,"menu_order":0,"comment_status":"closed","ping_status":"closed","template":"","meta":{"_acf_changed":false,"footnotes":""},"class_list":["post-6747","page","type-page","status-publish","hentry"],"acf":[],"yoast_head":"<!-- This site is optimized with the Yoast SEO plugin v27.3 - https:\/\/yoast.com\/product\/yoast-seo-wordpress\/ -->\n<title>Poster Hunters - The Video - Come to Finland<\/title>\n<meta name=\"robots\" content=\"index, follow, max-snippet:-1, max-image-preview:large, max-video-preview:-1\" \/>\n<link rel=\"canonical\" href=\"https:\/\/cometofinland.fi\/fi\/tarina\/julisteiden-metsastaja-etsii-arkistojen-kultajyvia\/\" \/>\n<meta property=\"og:locale\" content=\"fi_FI\" \/>\n<meta property=\"og:type\" content=\"article\" \/>\n<meta property=\"og:title\" content=\"Poster Hunters - The Video - Come to Finland\" \/>\n<meta property=\"og:description\" content=\"&nbsp; Miten sadat suomalaiset matkailujulisteet oikein l\u00f6ytyv\u00e4t? Magnus Londen tiet\u00e4\u00e4 vastauksen, sill\u00e4 h\u00e4n on j\u00e4ljitt\u00e4nyt julisteita ymp\u00e4ri maailman. Journalisti Magnus Londenin intohimo suomalaisia matkailujulisteita kohtaan puhkesi kukkaan useita vuosia sitten. \u2013 Kuten niin monet muutkin asiat el\u00e4m\u00e4ss\u00e4, my\u00f6s Come to Finland -hanke k\u00e4ynnistyi sattumalta. Helsingin ollessa kulttuurip\u00e4\u00e4kaupunkina vuonna 2000 satuin n\u00e4kem\u00e4\u00e4n aivan mielett\u00f6m\u00e4n upean julisteen [&hellip;]\" \/>\n<meta property=\"og:url\" content=\"https:\/\/cometofinland.fi\/fi\/tarina\/julisteiden-metsastaja-etsii-arkistojen-kultajyvia\/\" \/>\n<meta property=\"og:site_name\" content=\"Come to Finland\" \/>\n<meta property=\"article:publisher\" content=\"https:\/\/fi-fi.facebook.com\/cometofinland\/\" \/>\n<meta property=\"article:modified_time\" content=\"2019-03-22T06:13:18+00:00\" \/>\n<meta name=\"twitter:card\" content=\"summary_large_image\" \/>\n<meta name=\"twitter:label1\" content=\"Arvioitu lukuaika\" \/>\n\t<meta name=\"twitter:data1\" content=\"4 minuuttia\" \/>\n<script type=\"application\/ld+json\" class=\"yoast-schema-graph\">{\"@context\":\"https:\\\/\\\/schema.org\",\"@graph\":[{\"@type\":\"WebPage\",\"@id\":\"https:\\\/\\\/cometofinland.fi\\\/fi\\\/tarina\\\/julisteiden-metsastaja-etsii-arkistojen-kultajyvia\\\/\",\"url\":\"https:\\\/\\\/cometofinland.fi\\\/fi\\\/tarina\\\/julisteiden-metsastaja-etsii-arkistojen-kultajyvia\\\/\",\"name\":\"Poster Hunters - The Video - Come to Finland\",\"isPartOf\":{\"@id\":\"https:\\\/\\\/cometofinland.fi\\\/fi\\\/#website\"},\"datePublished\":\"2019-02-10T14:14:05+00:00\",\"dateModified\":\"2019-03-22T06:13:18+00:00\",\"breadcrumb\":{\"@id\":\"https:\\\/\\\/cometofinland.fi\\\/fi\\\/tarina\\\/julisteiden-metsastaja-etsii-arkistojen-kultajyvia\\\/#breadcrumb\"},\"inLanguage\":\"fi\",\"potentialAction\":[{\"@type\":\"ReadAction\",\"target\":[\"https:\\\/\\\/cometofinland.fi\\\/fi\\\/tarina\\\/julisteiden-metsastaja-etsii-arkistojen-kultajyvia\\\/\"]}]},{\"@type\":\"BreadcrumbList\",\"@id\":\"https:\\\/\\\/cometofinland.fi\\\/fi\\\/tarina\\\/julisteiden-metsastaja-etsii-arkistojen-kultajyvia\\\/#breadcrumb\",\"itemListElement\":[{\"@type\":\"ListItem\",\"position\":1,\"name\":\"Home\",\"item\":\"https:\\\/\\\/cometofinland.fi\\\/fi\\\/\"},{\"@type\":\"ListItem\",\"position\":2,\"name\":\"Intohimo matkailujulisteisiin\",\"item\":\"https:\\\/\\\/cometofinland.fi\\\/fi\\\/tarina\\\/\"},{\"@type\":\"ListItem\",\"position\":3,\"name\":\"Poster Hunters &#8211; The Video\"}]},{\"@type\":\"WebSite\",\"@id\":\"https:\\\/\\\/cometofinland.fi\\\/fi\\\/#website\",\"url\":\"https:\\\/\\\/cometofinland.fi\\\/fi\\\/\",\"name\":\"Come to Finland\",\"description\":\"poster love from Finland\",\"publisher\":{\"@id\":\"https:\\\/\\\/cometofinland.fi\\\/fi\\\/#organization\"},\"potentialAction\":[{\"@type\":\"SearchAction\",\"target\":{\"@type\":\"EntryPoint\",\"urlTemplate\":\"https:\\\/\\\/cometofinland.fi\\\/fi\\\/?s={search_term_string}\"},\"query-input\":{\"@type\":\"PropertyValueSpecification\",\"valueRequired\":true,\"valueName\":\"search_term_string\"}}],\"inLanguage\":\"fi\"},{\"@type\":\"Organization\",\"@id\":\"https:\\\/\\\/cometofinland.fi\\\/fi\\\/#organization\",\"name\":\"Come to Finland\",\"url\":\"https:\\\/\\\/cometofinland.fi\\\/fi\\\/\",\"logo\":{\"@type\":\"ImageObject\",\"inLanguage\":\"fi\",\"@id\":\"https:\\\/\\\/cometofinland.fi\\\/fi\\\/#\\\/schema\\\/logo\\\/image\\\/\",\"url\":\"https:\\\/\\\/cometofinland.fi\\\/wp-content\\\/uploads\\\/2019\\\/03\\\/CTF_LOGO_Blue.svg\",\"contentUrl\":\"https:\\\/\\\/cometofinland.fi\\\/wp-content\\\/uploads\\\/2019\\\/03\\\/CTF_LOGO_Blue.svg\",\"width\":1,\"height\":1,\"caption\":\"Come to Finland\"},\"image\":{\"@id\":\"https:\\\/\\\/cometofinland.fi\\\/fi\\\/#\\\/schema\\\/logo\\\/image\\\/\"},\"sameAs\":[\"https:\\\/\\\/fi-fi.facebook.com\\\/cometofinland\\\/\",\"https:\\\/\\\/www.instagram.com\\\/cometofinland\\\/\"]}]}<\/script>\n<!-- \/ Yoast SEO plugin. -->","yoast_head_json":{"title":"Poster Hunters - The Video - Come to Finland","robots":{"index":"index","follow":"follow","max-snippet":"max-snippet:-1","max-image-preview":"max-image-preview:large","max-video-preview":"max-video-preview:-1"},"canonical":"https:\/\/cometofinland.fi\/fi\/tarina\/julisteiden-metsastaja-etsii-arkistojen-kultajyvia\/","og_locale":"fi_FI","og_type":"article","og_title":"Poster Hunters - The Video - Come to Finland","og_description":"&nbsp; Miten sadat suomalaiset matkailujulisteet oikein l\u00f6ytyv\u00e4t? Magnus Londen tiet\u00e4\u00e4 vastauksen, sill\u00e4 h\u00e4n on j\u00e4ljitt\u00e4nyt julisteita ymp\u00e4ri maailman. Journalisti Magnus Londenin intohimo suomalaisia matkailujulisteita kohtaan puhkesi kukkaan useita vuosia sitten. \u2013 Kuten niin monet muutkin asiat el\u00e4m\u00e4ss\u00e4, my\u00f6s Come to Finland -hanke k\u00e4ynnistyi sattumalta. Helsingin ollessa kulttuurip\u00e4\u00e4kaupunkina vuonna 2000 satuin n\u00e4kem\u00e4\u00e4n aivan mielett\u00f6m\u00e4n upean julisteen [&hellip;]","og_url":"https:\/\/cometofinland.fi\/fi\/tarina\/julisteiden-metsastaja-etsii-arkistojen-kultajyvia\/","og_site_name":"Come to Finland","article_publisher":"https:\/\/fi-fi.facebook.com\/cometofinland\/","article_modified_time":"2019-03-22T06:13:18+00:00","twitter_card":"summary_large_image","twitter_misc":{"Arvioitu lukuaika":"4 minuuttia"},"schema":{"@context":"https:\/\/schema.org","@graph":[{"@type":"WebPage","@id":"https:\/\/cometofinland.fi\/fi\/tarina\/julisteiden-metsastaja-etsii-arkistojen-kultajyvia\/","url":"https:\/\/cometofinland.fi\/fi\/tarina\/julisteiden-metsastaja-etsii-arkistojen-kultajyvia\/","name":"Poster Hunters - The Video - Come to Finland","isPartOf":{"@id":"https:\/\/cometofinland.fi\/fi\/#website"},"datePublished":"2019-02-10T14:14:05+00:00","dateModified":"2019-03-22T06:13:18+00:00","breadcrumb":{"@id":"https:\/\/cometofinland.fi\/fi\/tarina\/julisteiden-metsastaja-etsii-arkistojen-kultajyvia\/#breadcrumb"},"inLanguage":"fi","potentialAction":[{"@type":"ReadAction","target":["https:\/\/cometofinland.fi\/fi\/tarina\/julisteiden-metsastaja-etsii-arkistojen-kultajyvia\/"]}]},{"@type":"BreadcrumbList","@id":"https:\/\/cometofinland.fi\/fi\/tarina\/julisteiden-metsastaja-etsii-arkistojen-kultajyvia\/#breadcrumb","itemListElement":[{"@type":"ListItem","position":1,"name":"Home","item":"https:\/\/cometofinland.fi\/fi\/"},{"@type":"ListItem","position":2,"name":"Intohimo matkailujulisteisiin","item":"https:\/\/cometofinland.fi\/fi\/tarina\/"},{"@type":"ListItem","position":3,"name":"Poster Hunters &#8211; The Video"}]},{"@type":"WebSite","@id":"https:\/\/cometofinland.fi\/fi\/#website","url":"https:\/\/cometofinland.fi\/fi\/","name":"Come to Finland","description":"poster love from Finland","publisher":{"@id":"https:\/\/cometofinland.fi\/fi\/#organization"},"potentialAction":[{"@type":"SearchAction","target":{"@type":"EntryPoint","urlTemplate":"https:\/\/cometofinland.fi\/fi\/?s={search_term_string}"},"query-input":{"@type":"PropertyValueSpecification","valueRequired":true,"valueName":"search_term_string"}}],"inLanguage":"fi"},{"@type":"Organization","@id":"https:\/\/cometofinland.fi\/fi\/#organization","name":"Come to Finland","url":"https:\/\/cometofinland.fi\/fi\/","logo":{"@type":"ImageObject","inLanguage":"fi","@id":"https:\/\/cometofinland.fi\/fi\/#\/schema\/logo\/image\/","url":"https:\/\/cometofinland.fi\/wp-content\/uploads\/2019\/03\/CTF_LOGO_Blue.svg","contentUrl":"https:\/\/cometofinland.fi\/wp-content\/uploads\/2019\/03\/CTF_LOGO_Blue.svg","width":1,"height":1,"caption":"Come to Finland"},"image":{"@id":"https:\/\/cometofinland.fi\/fi\/#\/schema\/logo\/image\/"},"sameAs":["https:\/\/fi-fi.facebook.com\/cometofinland\/","https:\/\/www.instagram.com\/cometofinland\/"]}]}},"_links":{"self":[{"href":"https:\/\/cometofinland.fi\/fi\/wp-json\/wp\/v2\/pages\/6747","targetHints":{"allow":["GET"]}}],"collection":[{"href":"https:\/\/cometofinland.fi\/fi\/wp-json\/wp\/v2\/pages"}],"about":[{"href":"https:\/\/cometofinland.fi\/fi\/wp-json\/wp\/v2\/types\/page"}],"author":[{"embeddable":true,"href":"https:\/\/cometofinland.fi\/fi\/wp-json\/wp\/v2\/users\/7"}],"replies":[{"embeddable":true,"href":"https:\/\/cometofinland.fi\/fi\/wp-json\/wp\/v2\/comments?post=6747"}],"version-history":[{"count":16,"href":"https:\/\/cometofinland.fi\/fi\/wp-json\/wp\/v2\/pages\/6747\/revisions"}],"predecessor-version":[{"id":11106,"href":"https:\/\/cometofinland.fi\/fi\/wp-json\/wp\/v2\/pages\/6747\/revisions\/11106"}],"up":[{"embeddable":true,"href":"https:\/\/cometofinland.fi\/fi\/wp-json\/wp\/v2\/pages\/6279"}],"wp:attachment":[{"href":"https:\/\/cometofinland.fi\/fi\/wp-json\/wp\/v2\/media?parent=6747"}],"curies":[{"name":"wp","href":"https:\/\/api.w.org\/{rel}","templated":true}]}}