{"id":6880,"date":"2019-01-28T21:41:05","date_gmt":"2019-01-28T19:41:05","guid":{"rendered":"https:\/\/cometofinland.fi\/?page_id=6880"},"modified":"2021-06-04T08:19:54","modified_gmt":"2021-06-04T05:19:54","slug":"riemuhuuto-paratiisista","status":"publish","type":"page","link":"https:\/\/cometofinland.fi\/fi\/nayttely\/riemuhuuto-paratiisista\/","title":{"rendered":"Riemuhuuto paratiisista!"},"content":{"rendered":"<h2 class=\"p1\"><span class=\"s1\"><b>N\u00e4yttelyn aloitteentekij\u00e4, Magnus Londen, paljastaa miksi matkailujulisteet kiehtovat.<\/b><\/span><\/h2>\n<p><em>Ty\u00f6skentelemme t\u00e4ll\u00e4 hetkell\u00e4 (2021) t\u00e4ysin uuden n\u00e4yttelyn parissa: Come to Norden. T\u00e4m\u00e4<\/em><br \/>\n<em>uraauurtava hanke avautuu vuonna 2022. Lis\u00e4tietoja tulossa! T\u00e4m\u00e4nhetkisen Come to Finland -n\u00e4yttelymme on parhaillaan esill\u00e4 Hangon museossa 6.5.2021\u201317.4.2022. Tervetuloa!<\/em><\/p>\n<p class=\"p2\"><span class=\"s1\"><b>Kerro mist\u00e4 n\u00e4yttelyss\u00e4 on kyse?<\/b><\/span><\/p>\n<p class=\"p2\"><span class=\"s1\">Matkailujulisteista, n\u00e4yttely kertoo klassisista matkailujulisteista. Haluamme n\u00e4ytt\u00e4\u00e4 miten Suomi aikoinaan kertoi itsest\u00e4\u00e4n ulkomaailmalle \u2013 miten matkailijoita houkuteltiin pohjoiseen maahamme.<\/span><\/p>\n<p class=\"p2\"><span class=\"s1\"><b>Ahaa, mutta mik\u00e4 oikeastaan on \u201dmatkailujuliste\u201d?<\/b><\/span><\/p>\n<p><img loading=\"lazy\" decoding=\"async\" class=\"alignright wp-image-6780 \" src=\"https:\/\/cometofinland.fi\/wp-content\/uploads\/2019\/02\/CTF_Magnus_champpis_810x430px_01.jpg\" alt=\"\" width=\"499\" height=\"270\" \/><\/p>\n<p class=\"p2\"><span class=\"s1\">Julisteet olivat sen ajan internetti. Graafikoita tai taitelijoita palkattiin luomaan houkutteleva taiteellinen kuva siit\u00e4 mit\u00e4 haluttiin \u201dmyyd\u00e4\u201d. Kyseess\u00e4 saattoi olla Suomi tai jokin kaupunki tai alue. Kuvaan lis\u00e4ttiin sitten jokin upea iskulause kuten <i>Finland \u2013 Land of Romance<\/i> tai <i>Finland \u2013 For Perfect Relaxation<\/i>.<\/span><\/p>\n<p class=\"p2\"><span class=\"s1\"><b>Miten silloin matkailijoita houkuteltiin Suomeen?<\/b><\/span><\/p>\n<p class=\"p2\"><span class=\"s1\">Katsopa julisteita: ne ovat hauskoja, v\u00e4rikk\u00e4it\u00e4 ja humoristisia.<\/span><\/p>\n<p class=\"p2\"><span class=\"s1\"><b>Enp\u00e4 olisi uskonut\u2026Suomihan on niin synkk\u00e4, pime\u00e4 ja hiljainen \u2026<\/b><\/span><\/p>\n<p class=\"p2\"><span class=\"s1\">Ha-haa, se on vain klisee. Julisteet ovat l\u00e4hes sata vuotta vanhoja ja ne on tehty paljon ennen globaalia nykyaikaa. Mutta n\u00e4eth\u00e4n miten kansainv\u00e4lisis\u00e4 meid\u00e4n esi-is\u00e4mme ja \u2013 \u00e4itimme olivat: Julisteita tehtiin ranskaksi, ruotsiksi, saksaksi, englanniksi ja monilla muilla kielill\u00e4. Minulla on tapana sanoa ett\u00e4 Suomi on aina ollut kosmopoliittinen ja avoin maa.<\/span><\/p>\n<p class=\"p2\"><span class=\"s1\"><b>Hm, enp\u00e4 olekaan ajatellut asiaa noin.<\/b><\/span><\/p>\n<p class=\"p2\"><span class=\"s1\">Aivan! Olemme niin t\u00e4ynn\u00e4 stereotyppist\u00e4 kuvaa Suomesta suljettuna ja unohdettuna maana.<\/span><\/p>\n<p class=\"p2\"><span class=\"s1\"><b>Okei, mutta miten matkailijoita houkuteltiin t\u00e4nne? Mik\u00e4 oli vetonaulana?<\/b><\/span><\/p>\n<p class=\"p2\"><span class=\"s1\">Luonto. Hiljaisuus. Se ettei Suomea tunnettu, olimme <i>Off the beaten track<\/i> eli paikka suosittujen reittien ulkopuolella, tutkimaton eldorado, ihmemaa.<\/span><\/p>\n<p class=\"p2\"><span class=\"s1\"><b>Mit\u00e4 ihmeellist\u00e4 meid\u00e4n luonnossamme sitten on?<\/b><br \/>\nEt ole toisissasi, vai oletko?<\/span><\/p>\n<p class=\"p2\"><span class=\"s1\"><b>No jaa, tarkoitan ett\u00e4 1930-luvulla koskematonta luontoa l\u00f6ytyi joka paikasta.<\/b><\/span><\/p>\n<p class=\"p2\"><span class=\"s1\">Ei oikeastaan. Suomea pidettiin silloin \u2013 kuten nytkin \u2013 alkuper\u00e4isen\u00e4, aitona ja koskemattomana paratiisina.<\/span><\/p>\n<p class=\"p2\"><span class=\"s1\"><b>Ent\u00e4 kaupungit?<\/b><\/span><\/p>\n<p class=\"p2\"><span class=\"s1\">Kaupunkejamme kuvattiin luonnollisesti niin loistokkaina. Katso vaikka Helsinki \u2013 julistetta vuodelta 1939: leidi nauttii samppanjaa (!) terassilla (!) kaupungin keskustassa. Tosiasiassa koko idea Come to Finlandista sai alkusys\u00e4yksen Samppanjaleidist\u00e4.<\/span><\/p>\n<p class=\"p2\"><span class=\"s1\"><b>Kerro lis\u00e4\u00e4!<\/b><\/span><\/p>\n<p class=\"p2\"><span class=\"s1\">Oli aivan tavallinen p\u00e4iv\u00e4 ja olin ikkunaostoksilla Helsingin keskustassa. Pys\u00e4hdyin yll\u00e4tt\u00e4en: N\u00e4yteikkunassa roikkui alkuper\u00e4isjuliste 1930-luvulta. Leidi maistelee samppanjaa ja taka-alalla on klassinen Helsinki-raitiovaunu. T\u00e4m\u00e4 on loistokasta. Rentoa el\u00e4m\u00e4\u00e4. Tyylik\u00e4st\u00e4. Juuri sellaisena haluan Helsinkini. J\u00e4hmetyin paikalleni ja siin\u00e4 hetkess\u00e4 tajusin ett\u00e4 kohtaloni oli ennalta p\u00e4\u00e4tetty: Minusta tulisi julistemets\u00e4st\u00e4j\u00e4. L\u00f6yt\u00e4isin ne kaikki. Yhdess\u00e4 kollegojen kanssa tekisimme ensimm\u00e4isen kirjan suomalaisista matkailujulisteista.<\/span><\/p>\n<p class=\"p2\"><span class=\"s1\">Mutta emme tienneet ett\u00e4 kirja johtaisi muotoilualan yritykseen, siihen mit\u00e4 Come to Finland Publishing Ab Oy on t\u00e4n\u00e4\u00e4n. Emme tienneet ett\u00e4 myisimme klassisia suomalaisia julisteaiheita koko maailmalle. Ja ett\u00e4 loisimme suuren n\u00e4yttelyn alkuper\u00e4isist\u00e4 suomalaisista matkailujulisteista &#8230; T\u00e4h\u00e4n olemme tulleet.<\/span><\/p>\n<p class=\"p2\"><span class=\"s1\"><b>N\u00e4yttelyn nimi on \u201dRiemuhuuto paratiisista\u201d, mit\u00e4 haluatte sanoa sill\u00e4?<\/b><\/span><\/p>\n<p class=\"p2\"><span class=\"s1\">Halusimme tuoda esiin julisteiden positiivisen ja viattoman hybriksen. Jos julisteita tulkitsee kirjaimellisesti, n\u00e4ytt\u00e4\u00e4 Suomi itse asiassa aika upealta ja oikealta paratiisilta. Meist\u00e4 se on hieman koomista ja liikuttavaa. Toisaalta, on ihan oikein olla kerskaileva ja itsevarma, kun se tekee kiltisti ja viattomasti. T\u00e4llaista mainoskielt\u00e4 me Come to Finlandissa rakastamme.<\/span><\/p>\n<p class=\"p2\"><span class=\"s1\"><b>Onko sinulla joitain suosikkeja n\u00e4yttelyss\u00e4?<\/b><\/span><\/p>\n<p class=\"p2\"><span class=\"s1\">Jorma Suhosen Samppanjaleidi tulee olemaan aina l\u00e4hinn\u00e4 syd\u00e4nt\u00e4ni. Juliste, joka on ripustettu n\u00e4yttelyyn, on minun omistamani, sain sen 40-vuotislahjaksi vanhemmiltani. Katsoa saa, muttei koskea! Ha-ha!<\/span><\/p>\n<p class=\"p2\"><span class=\"s1\">Sen lis\u00e4ksi Osmo K. Oksasen Suksipoika on paras kaverini. H\u00e4nell\u00e4 on kaikkea mit\u00e4 el\u00e4m\u00e4ss\u00e4 tarvitsee: matkalaukku, suksipari ja seikkailun pilke silm\u00e4kulmassa!<\/span><\/p>\n<p class=\"p2\"><span class=\"s1\">Kes\u00e4julisteista Paul S\u00f6derstr\u00f6min ja G\u00f6ran Englundin <i>Lake Saimaa \u2013\u00a0Loveliest in Finland<\/i> on suosikkini. Viet\u00e4n nimitt\u00e4in kes\u00e4ni J\u00e4rvisuomessa ja siell\u00e4 on juuri n\u00e4in rauhaisaa ja harmonista.<\/span><\/p>\n<p class=\"p2\"><span class=\"s1\"><b>Onko julisteiden joukossa joitain helmi\u00e4?<\/b><\/span><\/p>\n<p class=\"p2\"><span class=\"s1\">Monta! Akseli Gallen-Kallelan Imatra-juliste on Suomen ensimm\u00e4inen matkailujuliste ja oikea klassikko.<\/span><\/p>\n<p class=\"p2\"><span class=\"s1\">Me omistamme itse alkuper\u00e4isen version Suomen toiseksi vanhimmasta matkailujulisteesta n. vuodelta 1893, se mainostaa laivalinjaa Helsinki\/Hanko\u2013Lyypekki. Tavalliseksi mainosjulisteeksi sen v\u00e4rit ovat s\u00e4ilyneet hienosti yli 130 vuotta.<\/span><\/p>\n<p class=\"p2\"><span class=\"s1\"><b>N\u00e4yttelyss\u00e4 on my\u00f6s uusia julisteita, eik\u00f6 niin?<\/b><\/span><\/p>\n<p class=\"p2\"><span class=\"s1\">Kyll\u00e4 vain! Halusimme luoda jotain uutta, julistetaiteen uuden tulemisen. Sen vuoksi tilasimme kaksitoista julistetta suomalaisilta graafikoilta ja taiteilijoilta; <\/span><span class=\"s2\">XXX SAKNAS H\u00c4R<\/span><span class=\"s1\">. On aika j\u00e4nnitt\u00e4v\u00e4\u00e4 verrata uusia ja vanhoja julisteita toisiinsa. Luonto ja kaupunkiel\u00e4m\u00e4 kiehtovat ihmisi\u00e4 taas!<\/span><\/p>\n<p class=\"p2\"><span class=\"s1\"><b>Mit\u00e4 mielt\u00e4 taiteilijat olivat toimeksiannosta?<\/b><\/span><\/p>\n<p class=\"p2\"><span class=\"s1\">He tuntuivat rakastavan sit\u00e4. Heid\u00e4n mielest\u00e4\u00e4n toimeksianto oli ep\u00e4tavallinen ja j\u00e4nnitt\u00e4v\u00e4, kuten meist\u00e4kin. Oli upeaa seurata julisteiden luomisprosessia l\u00e4helt\u00e4. Haluamme tietysti kuvitella ett\u00e4 Suomen muinaiset julistetaiteen mestarit taputtaisivat meit\u00e4 olkap\u00e4\u00e4lle \u2026<\/span><\/p>\n<p class=\"p2\"><span class=\"s1\"><b>Olette ty\u00f6skennelleet useamman vuoden n\u00e4yttelyn parissa. En malta olla kysym\u00e4tt\u00e4 lopuksi: Mit\u00e4 nyt tuntuu?<\/b><\/span><\/p>\n<p class=\"p2\"><span class=\"s1\">Kuten aina, kun on saanut jotain suurta valmiiksi, on onnellinen ja tyhj\u00e4 olo. Toivomme ett\u00e4 n\u00e4yttely tuo iloa ja antaa tietoa k\u00e4vij\u00f6ille. N\u00e4m\u00e4 julisteet ja taiteilijat saavat vihdoinkin ansaitsemaansa huomiota!<\/span><\/p>\n<p class=\"p2\"><span class=\"s1\"><b>Mit\u00e4 tarkoitat?<\/b><\/span><\/p>\n<p class=\"p2\"><span class=\"s1\">T\u00e4m\u00e4 on suomalaista kulttuuriperint\u00f6\u00e4. Tosin vain ani harvat tuntevat sit\u00e4. Tule mukaan matkallemme julisteiden ihmeellisen maailmaan!<\/span><\/p>\n<p><em>Bannerikuva:<\/em> <em>\u201dHerrskap p\u00e5 resa i fr\u00e4mmande stad\u201d (Helsingiss\u00e4?). 1908-1910, Bernhard \u00c5str\u00f6m. Svenska litteraturs\u00e4llskapet i Finland, CC-lisenssi.<\/em><\/p>\n","protected":false},"excerpt":{"rendered":"<p>N\u00e4yttelyn aloitteentekij\u00e4, Magnus Londen, paljastaa miksi matkailujulisteet kiehtovat. Ty\u00f6skentelemme t\u00e4ll\u00e4 hetkell\u00e4 (2021) t\u00e4ysin uuden n\u00e4yttelyn parissa: Come to Norden. T\u00e4m\u00e4 uraauurtava hanke avautuu vuonna 2022. Lis\u00e4tietoja tulossa! T\u00e4m\u00e4nhetkisen Come to Finland -n\u00e4yttelymme on parhaillaan esill\u00e4 Hangon museossa 6.5.2021\u201317.4.2022. Tervetuloa! Kerro mist\u00e4 n\u00e4yttelyss\u00e4 on kyse? Matkailujulisteista, n\u00e4yttely kertoo klassisista matkailujulisteista. Haluamme n\u00e4ytt\u00e4\u00e4 miten Suomi aikoinaan kertoi [&hellip;]<\/p>\n","protected":false},"author":7,"featured_media":0,"parent":6078,"menu_order":0,"comment_status":"closed","ping_status":"closed","template":"","meta":{"_acf_changed":false,"footnotes":""},"class_list":["post-6880","page","type-page","status-publish","hentry"],"acf":[],"yoast_head":"<!-- This site is optimized with the Yoast SEO plugin v27.4 - https:\/\/yoast.com\/product\/yoast-seo-wordpress\/ -->\n<title>Riemuhuuto paratiisista! - Come to Finland<\/title>\n<meta name=\"robots\" content=\"index, follow, max-snippet:-1, max-image-preview:large, max-video-preview:-1\" \/>\n<link rel=\"canonical\" href=\"https:\/\/cometofinland.fi\/fi\/nayttely\/riemuhuuto-paratiisista\/\" \/>\n<meta property=\"og:locale\" content=\"fi_FI\" \/>\n<meta property=\"og:type\" content=\"article\" \/>\n<meta property=\"og:title\" content=\"Riemuhuuto paratiisista! - Come to Finland\" \/>\n<meta property=\"og:description\" content=\"N\u00e4yttelyn aloitteentekij\u00e4, Magnus Londen, paljastaa miksi matkailujulisteet kiehtovat. Ty\u00f6skentelemme t\u00e4ll\u00e4 hetkell\u00e4 (2021) t\u00e4ysin uuden n\u00e4yttelyn parissa: Come to Norden. T\u00e4m\u00e4 uraauurtava hanke avautuu vuonna 2022. Lis\u00e4tietoja tulossa! T\u00e4m\u00e4nhetkisen Come to Finland -n\u00e4yttelymme on parhaillaan esill\u00e4 Hangon museossa 6.5.2021\u201317.4.2022. Tervetuloa! Kerro mist\u00e4 n\u00e4yttelyss\u00e4 on kyse? Matkailujulisteista, n\u00e4yttely kertoo klassisista matkailujulisteista. Haluamme n\u00e4ytt\u00e4\u00e4 miten Suomi aikoinaan kertoi [&hellip;]\" \/>\n<meta property=\"og:url\" content=\"https:\/\/cometofinland.fi\/fi\/nayttely\/riemuhuuto-paratiisista\/\" \/>\n<meta property=\"og:site_name\" content=\"Come to Finland\" \/>\n<meta property=\"article:publisher\" content=\"https:\/\/fi-fi.facebook.com\/cometofinland\/\" \/>\n<meta property=\"article:modified_time\" content=\"2021-06-04T05:19:54+00:00\" \/>\n<meta property=\"og:image\" content=\"https:\/\/cometofinland.fi\/wp-content\/uploads\/2019\/02\/CTF_Magnus_champpis_810x430px_01.jpg\" \/>\n<meta name=\"twitter:card\" content=\"summary_large_image\" \/>\n<meta name=\"twitter:label1\" content=\"Arvioitu lukuaika\" \/>\n\t<meta name=\"twitter:data1\" content=\"4 minuuttia\" \/>\n<script type=\"application\/ld+json\" class=\"yoast-schema-graph\">{\"@context\":\"https:\\\/\\\/schema.org\",\"@graph\":[{\"@type\":\"WebPage\",\"@id\":\"https:\\\/\\\/cometofinland.fi\\\/fi\\\/nayttely\\\/riemuhuuto-paratiisista\\\/\",\"url\":\"https:\\\/\\\/cometofinland.fi\\\/fi\\\/nayttely\\\/riemuhuuto-paratiisista\\\/\",\"name\":\"Riemuhuuto paratiisista! - Come to Finland\",\"isPartOf\":{\"@id\":\"https:\\\/\\\/cometofinland.fi\\\/fi\\\/#website\"},\"primaryImageOfPage\":{\"@id\":\"https:\\\/\\\/cometofinland.fi\\\/fi\\\/nayttely\\\/riemuhuuto-paratiisista\\\/#primaryimage\"},\"image\":{\"@id\":\"https:\\\/\\\/cometofinland.fi\\\/fi\\\/nayttely\\\/riemuhuuto-paratiisista\\\/#primaryimage\"},\"thumbnailUrl\":\"https:\\\/\\\/cometofinland.fi\\\/wp-content\\\/uploads\\\/2019\\\/02\\\/CTF_Magnus_champpis_810x430px_01.jpg\",\"datePublished\":\"2019-01-28T19:41:05+00:00\",\"dateModified\":\"2021-06-04T05:19:54+00:00\",\"breadcrumb\":{\"@id\":\"https:\\\/\\\/cometofinland.fi\\\/fi\\\/nayttely\\\/riemuhuuto-paratiisista\\\/#breadcrumb\"},\"inLanguage\":\"fi\",\"potentialAction\":[{\"@type\":\"ReadAction\",\"target\":[\"https:\\\/\\\/cometofinland.fi\\\/fi\\\/nayttely\\\/riemuhuuto-paratiisista\\\/\"]}]},{\"@type\":\"ImageObject\",\"inLanguage\":\"fi\",\"@id\":\"https:\\\/\\\/cometofinland.fi\\\/fi\\\/nayttely\\\/riemuhuuto-paratiisista\\\/#primaryimage\",\"url\":\"https:\\\/\\\/cometofinland.fi\\\/wp-content\\\/uploads\\\/2019\\\/02\\\/CTF_Magnus_champpis_810x430px_01.jpg\",\"contentUrl\":\"https:\\\/\\\/cometofinland.fi\\\/wp-content\\\/uploads\\\/2019\\\/02\\\/CTF_Magnus_champpis_810x430px_01.jpg\"},{\"@type\":\"BreadcrumbList\",\"@id\":\"https:\\\/\\\/cometofinland.fi\\\/fi\\\/nayttely\\\/riemuhuuto-paratiisista\\\/#breadcrumb\",\"itemListElement\":[{\"@type\":\"ListItem\",\"position\":1,\"name\":\"Home\",\"item\":\"https:\\\/\\\/cometofinland.fi\\\/fi\\\/\"},{\"@type\":\"ListItem\",\"position\":2,\"name\":\"Kierton\u00e4yttely: Come to Finland!\",\"item\":\"https:\\\/\\\/cometofinland.fi\\\/fi\\\/nayttely\\\/\"},{\"@type\":\"ListItem\",\"position\":3,\"name\":\"Riemuhuuto paratiisista!\"}]},{\"@type\":\"WebSite\",\"@id\":\"https:\\\/\\\/cometofinland.fi\\\/fi\\\/#website\",\"url\":\"https:\\\/\\\/cometofinland.fi\\\/fi\\\/\",\"name\":\"Come to Finland\",\"description\":\"poster love from Finland\",\"publisher\":{\"@id\":\"https:\\\/\\\/cometofinland.fi\\\/fi\\\/#organization\"},\"potentialAction\":[{\"@type\":\"SearchAction\",\"target\":{\"@type\":\"EntryPoint\",\"urlTemplate\":\"https:\\\/\\\/cometofinland.fi\\\/fi\\\/?s={search_term_string}\"},\"query-input\":{\"@type\":\"PropertyValueSpecification\",\"valueRequired\":true,\"valueName\":\"search_term_string\"}}],\"inLanguage\":\"fi\"},{\"@type\":\"Organization\",\"@id\":\"https:\\\/\\\/cometofinland.fi\\\/fi\\\/#organization\",\"name\":\"Come to Finland\",\"url\":\"https:\\\/\\\/cometofinland.fi\\\/fi\\\/\",\"logo\":{\"@type\":\"ImageObject\",\"inLanguage\":\"fi\",\"@id\":\"https:\\\/\\\/cometofinland.fi\\\/fi\\\/#\\\/schema\\\/logo\\\/image\\\/\",\"url\":\"https:\\\/\\\/cometofinland.fi\\\/wp-content\\\/uploads\\\/2019\\\/03\\\/CTF_LOGO_Blue.svg\",\"contentUrl\":\"https:\\\/\\\/cometofinland.fi\\\/wp-content\\\/uploads\\\/2019\\\/03\\\/CTF_LOGO_Blue.svg\",\"width\":1,\"height\":1,\"caption\":\"Come to Finland\"},\"image\":{\"@id\":\"https:\\\/\\\/cometofinland.fi\\\/fi\\\/#\\\/schema\\\/logo\\\/image\\\/\"},\"sameAs\":[\"https:\\\/\\\/fi-fi.facebook.com\\\/cometofinland\\\/\",\"https:\\\/\\\/www.instagram.com\\\/cometofinland\\\/\"]}]}<\/script>\n<!-- \/ Yoast SEO plugin. -->","yoast_head_json":{"title":"Riemuhuuto paratiisista! - Come to Finland","robots":{"index":"index","follow":"follow","max-snippet":"max-snippet:-1","max-image-preview":"max-image-preview:large","max-video-preview":"max-video-preview:-1"},"canonical":"https:\/\/cometofinland.fi\/fi\/nayttely\/riemuhuuto-paratiisista\/","og_locale":"fi_FI","og_type":"article","og_title":"Riemuhuuto paratiisista! - Come to Finland","og_description":"N\u00e4yttelyn aloitteentekij\u00e4, Magnus Londen, paljastaa miksi matkailujulisteet kiehtovat. Ty\u00f6skentelemme t\u00e4ll\u00e4 hetkell\u00e4 (2021) t\u00e4ysin uuden n\u00e4yttelyn parissa: Come to Norden. T\u00e4m\u00e4 uraauurtava hanke avautuu vuonna 2022. Lis\u00e4tietoja tulossa! T\u00e4m\u00e4nhetkisen Come to Finland -n\u00e4yttelymme on parhaillaan esill\u00e4 Hangon museossa 6.5.2021\u201317.4.2022. Tervetuloa! Kerro mist\u00e4 n\u00e4yttelyss\u00e4 on kyse? Matkailujulisteista, n\u00e4yttely kertoo klassisista matkailujulisteista. Haluamme n\u00e4ytt\u00e4\u00e4 miten Suomi aikoinaan kertoi [&hellip;]","og_url":"https:\/\/cometofinland.fi\/fi\/nayttely\/riemuhuuto-paratiisista\/","og_site_name":"Come to Finland","article_publisher":"https:\/\/fi-fi.facebook.com\/cometofinland\/","article_modified_time":"2021-06-04T05:19:54+00:00","og_image":[{"url":"https:\/\/cometofinland.fi\/wp-content\/uploads\/2019\/02\/CTF_Magnus_champpis_810x430px_01.jpg","type":"","width":"","height":""}],"twitter_card":"summary_large_image","twitter_misc":{"Arvioitu lukuaika":"4 minuuttia"},"schema":{"@context":"https:\/\/schema.org","@graph":[{"@type":"WebPage","@id":"https:\/\/cometofinland.fi\/fi\/nayttely\/riemuhuuto-paratiisista\/","url":"https:\/\/cometofinland.fi\/fi\/nayttely\/riemuhuuto-paratiisista\/","name":"Riemuhuuto paratiisista! - Come to Finland","isPartOf":{"@id":"https:\/\/cometofinland.fi\/fi\/#website"},"primaryImageOfPage":{"@id":"https:\/\/cometofinland.fi\/fi\/nayttely\/riemuhuuto-paratiisista\/#primaryimage"},"image":{"@id":"https:\/\/cometofinland.fi\/fi\/nayttely\/riemuhuuto-paratiisista\/#primaryimage"},"thumbnailUrl":"https:\/\/cometofinland.fi\/wp-content\/uploads\/2019\/02\/CTF_Magnus_champpis_810x430px_01.jpg","datePublished":"2019-01-28T19:41:05+00:00","dateModified":"2021-06-04T05:19:54+00:00","breadcrumb":{"@id":"https:\/\/cometofinland.fi\/fi\/nayttely\/riemuhuuto-paratiisista\/#breadcrumb"},"inLanguage":"fi","potentialAction":[{"@type":"ReadAction","target":["https:\/\/cometofinland.fi\/fi\/nayttely\/riemuhuuto-paratiisista\/"]}]},{"@type":"ImageObject","inLanguage":"fi","@id":"https:\/\/cometofinland.fi\/fi\/nayttely\/riemuhuuto-paratiisista\/#primaryimage","url":"https:\/\/cometofinland.fi\/wp-content\/uploads\/2019\/02\/CTF_Magnus_champpis_810x430px_01.jpg","contentUrl":"https:\/\/cometofinland.fi\/wp-content\/uploads\/2019\/02\/CTF_Magnus_champpis_810x430px_01.jpg"},{"@type":"BreadcrumbList","@id":"https:\/\/cometofinland.fi\/fi\/nayttely\/riemuhuuto-paratiisista\/#breadcrumb","itemListElement":[{"@type":"ListItem","position":1,"name":"Home","item":"https:\/\/cometofinland.fi\/fi\/"},{"@type":"ListItem","position":2,"name":"Kierton\u00e4yttely: Come to Finland!","item":"https:\/\/cometofinland.fi\/fi\/nayttely\/"},{"@type":"ListItem","position":3,"name":"Riemuhuuto paratiisista!"}]},{"@type":"WebSite","@id":"https:\/\/cometofinland.fi\/fi\/#website","url":"https:\/\/cometofinland.fi\/fi\/","name":"Come to Finland","description":"poster love from Finland","publisher":{"@id":"https:\/\/cometofinland.fi\/fi\/#organization"},"potentialAction":[{"@type":"SearchAction","target":{"@type":"EntryPoint","urlTemplate":"https:\/\/cometofinland.fi\/fi\/?s={search_term_string}"},"query-input":{"@type":"PropertyValueSpecification","valueRequired":true,"valueName":"search_term_string"}}],"inLanguage":"fi"},{"@type":"Organization","@id":"https:\/\/cometofinland.fi\/fi\/#organization","name":"Come to Finland","url":"https:\/\/cometofinland.fi\/fi\/","logo":{"@type":"ImageObject","inLanguage":"fi","@id":"https:\/\/cometofinland.fi\/fi\/#\/schema\/logo\/image\/","url":"https:\/\/cometofinland.fi\/wp-content\/uploads\/2019\/03\/CTF_LOGO_Blue.svg","contentUrl":"https:\/\/cometofinland.fi\/wp-content\/uploads\/2019\/03\/CTF_LOGO_Blue.svg","width":1,"height":1,"caption":"Come to Finland"},"image":{"@id":"https:\/\/cometofinland.fi\/fi\/#\/schema\/logo\/image\/"},"sameAs":["https:\/\/fi-fi.facebook.com\/cometofinland\/","https:\/\/www.instagram.com\/cometofinland\/"]}]}},"_links":{"self":[{"href":"https:\/\/cometofinland.fi\/fi\/wp-json\/wp\/v2\/pages\/6880","targetHints":{"allow":["GET"]}}],"collection":[{"href":"https:\/\/cometofinland.fi\/fi\/wp-json\/wp\/v2\/pages"}],"about":[{"href":"https:\/\/cometofinland.fi\/fi\/wp-json\/wp\/v2\/types\/page"}],"author":[{"embeddable":true,"href":"https:\/\/cometofinland.fi\/fi\/wp-json\/wp\/v2\/users\/7"}],"replies":[{"embeddable":true,"href":"https:\/\/cometofinland.fi\/fi\/wp-json\/wp\/v2\/comments?post=6880"}],"version-history":[{"count":7,"href":"https:\/\/cometofinland.fi\/fi\/wp-json\/wp\/v2\/pages\/6880\/revisions"}],"predecessor-version":[{"id":20493,"href":"https:\/\/cometofinland.fi\/fi\/wp-json\/wp\/v2\/pages\/6880\/revisions\/20493"}],"up":[{"embeddable":true,"href":"https:\/\/cometofinland.fi\/fi\/wp-json\/wp\/v2\/pages\/6078"}],"wp:attachment":[{"href":"https:\/\/cometofinland.fi\/fi\/wp-json\/wp\/v2\/media?parent=6880"}],"curies":[{"name":"wp","href":"https:\/\/api.w.org\/{rel}","templated":true}]}}