{"id":6884,"date":"2019-02-11T14:41:23","date_gmt":"2019-02-11T12:41:23","guid":{"rendered":"https:\/\/cometofinland.fi\/?page_id=6884"},"modified":"2019-03-18T21:30:45","modified_gmt":"2019-03-18T19:30:45","slug":"tekniset-erittelyt-ja-tiedot","status":"publish","type":"page","link":"https:\/\/cometofinland.fi\/fi\/nayttely\/tekniset-erittelyt-ja-tiedot\/","title":{"rendered":"Tekniset erittelyt"},"content":{"rendered":"<p class=\"p2\"><span class=\"s1\">N\u00e4yttely sis\u00e4lt\u00e4\u00e4 alkuper\u00e4isjulisteita 1800-luvun lopusta t\u00e4h\u00e4n p\u00e4iv\u00e4\u00e4n.\u00a0 N\u00e4yttely kertoo Suomen historiasta kehystettyjen matkailujulisteiden ja tilan mukaan muokattavien informatiivisten infotaulujen v\u00e4lityksell\u00e4.<\/span><\/p>\n<p><img loading=\"lazy\" decoding=\"async\" class=\"alignnone wp-image-7371\" src=\"https:\/\/cometofinland.fi\/wp-content\/uploads\/2019\/02\/overview-hki-300x200.jpg\" alt=\"\" width=\"887\" height=\"591\" srcset=\"https:\/\/cometofinland.fi\/wp-content\/uploads\/2019\/02\/overview-hki-300x200.jpg 300w, https:\/\/cometofinland.fi\/wp-content\/uploads\/2019\/02\/overview-hki-768x512.jpg 768w, https:\/\/cometofinland.fi\/wp-content\/uploads\/2019\/02\/overview-hki-1024x683.jpg 1024w, https:\/\/cometofinland.fi\/wp-content\/uploads\/2019\/02\/overview-hki-250x167.jpg 250w, https:\/\/cometofinland.fi\/wp-content\/uploads\/2019\/02\/overview-hki-600x400.jpg 600w, https:\/\/cometofinland.fi\/wp-content\/uploads\/2019\/02\/overview-hki.jpg 1500w\" sizes=\"auto, (max-width: 887px) 100vw, 887px\" \/><\/p>\n<p class=\"p2\"><span class=\"s1\"><b>Taulujen lukum\u00e4\u00e4r\u00e4:<\/b> 100 kpl (muokattavissa).\u00a0<\/span><\/p>\n<p class=\"p2\"><span class=\"s1\"><b>Taulujen keskikoko:<\/b> 840 x 1400 mm. N\u00e4yttely sis\u00e4lt\u00e4\u00e4 my\u00f6s joukon erikokoisia tauluja, joista pienin on 492 mm x 730 mm ja suurin 790 mm x 1200 mm.<\/span><\/p>\n<p class=\"p2\"><span class=\"s1\"><b>Infotaulut, lukum\u00e4\u00e4r\u00e4:<\/b> v\u00e4hint\u00e4\u00e4n 16, enint\u00e4\u00e4n 30<\/span><\/p>\n<p class=\"p2\"><span class=\"s1\"><b>Infotaulut, koko:<\/b> 630 x 1270 mm<\/span><\/p>\n<p class=\"p2\"><span class=\"s1\"><b>Kehystysmateriaali: <\/b>Suurin osa tauluista on kehystetty HDF-levyll\u00e4, vanerilla ja pleksilasilla. Osassa tauluista on my\u00f6s metalli- ja lasikehys ja osassa puu- ja lasikehys.<\/span><\/p>\n<p class=\"p2\"><span class=\"s1\"><b>Infotaulut, materiaali: <\/b>Vaneeri<\/span><\/p>\n<p class=\"p2\"><span class=\"s1\"><b>N\u00e4yttelyn kielet:<\/b> Suomi, ruotsi, englanti. Ven\u00e4j\u00e4, kiina, japani n\u00e4yttelyopasteessa. N\u00e4yttely\u00e4 voidaan muokata my\u00f6s saksankielisille markkinoille. Muut kieliversiot sopimuksen mukaan.<\/span><\/p>\n<p class=\"p2\"><span class=\"s1\"><b>Tarvittava sein\u00e4pinta-ala kokonaisuudessaan:<\/b> V\u00e4himm\u00e4isvaatimus sein\u00e4pinta-alalle n. 70 metri\u00e4.<\/span><\/p>\n<p class=\"p2\"><span class=\"s1\"><b>Lis\u00e4varusteet ja -tarvikkeet:<\/b> Come to Finland on mielell\u00e4\u00e4n yhteisty\u00f6ss\u00e4 museon kanssa ja esittelee aikakauteen liittyv\u00e4\u00e4 materiaalia museon omista kokoelmista.\u00a0<\/span><\/p>\n<p class=\"p2\"><span class=\"s1\"><b>Muuta:<\/b> N\u00e4yttelyyn kuuluu my\u00f6s dokumenttifilmi, joka sis\u00e4lt\u00e4\u00e4 matkaelokuvia Kansallisen audiovisuaalisen keskuksen ja Ylen arkistoista.<\/span><\/p>\n<p class=\"p2\"><span class=\"s1\"><b>N\u00e4yttelyn pystytysaika:<\/b> 5\u201310 p\u00e4iv\u00e4\u00e4<\/span><\/p>\n<p class=\"p2\"><span class=\"s1\"><b>N\u00e4yttelyst\u00e4 maksaa 7 000 &#8211; 10 000 \u20ac (max 6 kk, min 1 kk). N\u00e4ytteilleasettaja huolehtii seuraavasta:<\/b><\/span><\/p>\n<ul class=\"ul1\">\n<li class=\"li2\"><span class=\"s1\">n\u00e4yttelyn pystytt\u00e4minen Come to Finlandin osoittaman henkil\u00f6n opastamana<\/span><\/li>\n<li class=\"li2\"><span class=\"s1\">n\u00e4yttelyn valaistus<\/span><\/li>\n<li class=\"li2\"><span class=\"s1\">kuljetuslaatikoiden ja muun erilaisen suojamateriaalin varastointi n\u00e4yttelyn ajan<\/span><\/li>\n<li class=\"li2\"><span class=\"s1\">n\u00e4yttelyn vakuuttaminen ajanjaksoksi jona n\u00e4yttely on n\u00e4ytteilleasettajan tiloissa (vakuutusarvo: 1000 euro\/juliste)<\/span><\/li>\n<li class=\"li2\"><span class=\"s1\">markkinointi, avajaiskutsut, tarjoilu avajaisissa jne.<\/span><\/li>\n<li class=\"li2\"><span class=\"s1\">avajaiskutsujen postittaminen<\/span><\/li>\n<li class=\"li2\"><span class=\"s1\">avajaisten k\u00e4yt\u00e4nn\u00f6nj\u00e4rjestelyt<\/span><\/li>\n<li class=\"li2\"><span class=\"s1\">n\u00e4yttelyn jatkuva vartiointi<\/span><\/li>\n<li class=\"li2\"><span class=\"s1\">vierailijoiden opastus<\/span><\/li>\n<li class=\"li2\"><span class=\"s1\">lehdist\u00f6- ja mediaseuranta (leikekirjan ker\u00e4\u00e4minen)<\/span><\/li>\n<li class=\"li2\"><span class=\"s1\">n\u00e4yttelyn purkaminen ja pakkaaminen ohjeiden mukaan<\/span><\/li>\n<li class=\"li2\"><span class=\"s1\">n\u00e4yttelyn kuljetuskustannukset edelliselt\u00e4 tai seuraavalle vastaanottajalle<\/span><\/li>\n<li class=\"li2\"><span class=\"s1\">tilat ja Come to Finland tuotteita (julisteita, postikortteja, kirjoja jne.) myyv\u00e4n museokaupan yll\u00e4pit\u00e4minen. Museolle maksetaan myyntikomissio.<\/span><\/li>\n<\/ul>\n<p class=\"p2\"><span class=\"s1\"><b>Come to Finland huolehtii seuraavista: <\/b><\/span><\/p>\n<ul class=\"ul1\">\n<li class=\"li2\"><span class=\"s1\">kuljetus n\u00e4yttelypaikalle yhteisty\u00f6ss\u00e4 edellisen n\u00e4ytteilleasettajan kanssa<\/span><\/li>\n<li class=\"li2\"><span class=\"s1\">kuljetusvakuutukset<\/span><\/li>\n<li class=\"li2\"><span class=\"s1\">opastan henkil\u00f6n l\u00e4sn\u00e4olo n\u00e4yttelyn pystytyksess\u00e4<\/span><\/li>\n<li class=\"li2\"><span class=\"s1\">ohjeet n\u00e4yttelyn purkamiseen<\/span><\/li>\n<li class=\"li2\"><span class=\"s1\">lehdist\u00f6tekstit ja -kuvat sek\u00e4 mahdollinen video<\/span><\/li>\n<li class=\"li2\"><span class=\"s1\">kaikkeen markkinointiin liittyv\u00e4 graafinen layout<\/span><\/li>\n<\/ul>\n<p class=\"p2\"><span class=\"s1\"><b>Yhteydenotot ja lis\u00e4tietoa:<\/b> tuottaja Magnus Londen, <\/span><a href=\"mailto: magnus.londen@cometofinland.fi\"><span class=\"s3\">magnus.londen(a)cometofinland.fi<\/span><\/a><\/p>\n<p><em>Bannerikuva: Pohjanmaalla 1950-1965, Svenska litteraturs\u00e4llskapet, CC-lisenssi.<\/em><\/p>\n<p>&nbsp;<\/p>\n<div style=\"padding: 56.25% 0 0 0; position: relative;\"><iframe style=\"position: absolute; top: 0; left: 0; width: 100%; height: 100%;\" src=\"https:\/\/player.vimeo.com\/video\/151999147?byline=0&amp;portrait=0\" frameborder=\"0\" allowfullscreen=\"allowfullscreen\"><\/iframe><\/div>\n<p><script src=\"https:\/\/player.vimeo.com\/api\/player.js\"><\/script><\/p>\n","protected":false},"excerpt":{"rendered":"<p>N\u00e4yttely sis\u00e4lt\u00e4\u00e4 alkuper\u00e4isjulisteita 1800-luvun lopusta t\u00e4h\u00e4n p\u00e4iv\u00e4\u00e4n.\u00a0 N\u00e4yttely kertoo Suomen historiasta kehystettyjen matkailujulisteiden ja tilan mukaan muokattavien informatiivisten infotaulujen v\u00e4lityksell\u00e4. Taulujen lukum\u00e4\u00e4r\u00e4: 100 kpl (muokattavissa).\u00a0 Taulujen keskikoko: 840 x 1400 mm. N\u00e4yttely sis\u00e4lt\u00e4\u00e4 my\u00f6s joukon erikokoisia tauluja, joista pienin on 492 mm x 730 mm ja suurin 790 mm x 1200 mm. Infotaulut, lukum\u00e4\u00e4r\u00e4: v\u00e4hint\u00e4\u00e4n [&hellip;]<\/p>\n","protected":false},"author":7,"featured_media":0,"parent":6078,"menu_order":0,"comment_status":"closed","ping_status":"closed","template":"","meta":{"_acf_changed":false,"footnotes":""},"class_list":["post-6884","page","type-page","status-publish","hentry"],"acf":[],"yoast_head":"<!-- This site is optimized with the Yoast SEO plugin v27.4 - https:\/\/yoast.com\/product\/yoast-seo-wordpress\/ -->\n<title>Tekniset erittelyt - Come to Finland<\/title>\n<meta name=\"robots\" content=\"index, follow, max-snippet:-1, max-image-preview:large, max-video-preview:-1\" \/>\n<link rel=\"canonical\" href=\"https:\/\/cometofinland.fi\/fi\/nayttely\/tekniset-erittelyt-ja-tiedot\/\" \/>\n<meta property=\"og:locale\" content=\"fi_FI\" \/>\n<meta property=\"og:type\" content=\"article\" \/>\n<meta property=\"og:title\" content=\"Tekniset erittelyt - Come to Finland\" \/>\n<meta property=\"og:description\" content=\"N\u00e4yttely sis\u00e4lt\u00e4\u00e4 alkuper\u00e4isjulisteita 1800-luvun lopusta t\u00e4h\u00e4n p\u00e4iv\u00e4\u00e4n.\u00a0 N\u00e4yttely kertoo Suomen historiasta kehystettyjen matkailujulisteiden ja tilan mukaan muokattavien informatiivisten infotaulujen v\u00e4lityksell\u00e4. Taulujen lukum\u00e4\u00e4r\u00e4: 100 kpl (muokattavissa).\u00a0 Taulujen keskikoko: 840 x 1400 mm. N\u00e4yttely sis\u00e4lt\u00e4\u00e4 my\u00f6s joukon erikokoisia tauluja, joista pienin on 492 mm x 730 mm ja suurin 790 mm x 1200 mm. Infotaulut, lukum\u00e4\u00e4r\u00e4: v\u00e4hint\u00e4\u00e4n [&hellip;]\" \/>\n<meta property=\"og:url\" content=\"https:\/\/cometofinland.fi\/fi\/nayttely\/tekniset-erittelyt-ja-tiedot\/\" \/>\n<meta property=\"og:site_name\" content=\"Come to Finland\" \/>\n<meta property=\"article:publisher\" content=\"https:\/\/fi-fi.facebook.com\/cometofinland\/\" \/>\n<meta property=\"article:modified_time\" content=\"2019-03-18T19:30:45+00:00\" \/>\n<meta property=\"og:image\" content=\"https:\/\/cometofinland.fi\/wp-content\/uploads\/2019\/02\/overview-hki-300x200.jpg\" \/>\n<meta name=\"twitter:card\" content=\"summary_large_image\" \/>\n<meta name=\"twitter:label1\" content=\"Arvioitu lukuaika\" \/>\n\t<meta name=\"twitter:data1\" content=\"2 minuuttia\" \/>\n<script type=\"application\/ld+json\" class=\"yoast-schema-graph\">{\"@context\":\"https:\\\/\\\/schema.org\",\"@graph\":[{\"@type\":\"WebPage\",\"@id\":\"https:\\\/\\\/cometofinland.fi\\\/fi\\\/nayttely\\\/tekniset-erittelyt-ja-tiedot\\\/\",\"url\":\"https:\\\/\\\/cometofinland.fi\\\/fi\\\/nayttely\\\/tekniset-erittelyt-ja-tiedot\\\/\",\"name\":\"Tekniset erittelyt - Come to Finland\",\"isPartOf\":{\"@id\":\"https:\\\/\\\/cometofinland.fi\\\/fi\\\/#website\"},\"primaryImageOfPage\":{\"@id\":\"https:\\\/\\\/cometofinland.fi\\\/fi\\\/nayttely\\\/tekniset-erittelyt-ja-tiedot\\\/#primaryimage\"},\"image\":{\"@id\":\"https:\\\/\\\/cometofinland.fi\\\/fi\\\/nayttely\\\/tekniset-erittelyt-ja-tiedot\\\/#primaryimage\"},\"thumbnailUrl\":\"https:\\\/\\\/cometofinland.fi\\\/wp-content\\\/uploads\\\/2019\\\/02\\\/overview-hki-300x200.jpg\",\"datePublished\":\"2019-02-11T12:41:23+00:00\",\"dateModified\":\"2019-03-18T19:30:45+00:00\",\"breadcrumb\":{\"@id\":\"https:\\\/\\\/cometofinland.fi\\\/fi\\\/nayttely\\\/tekniset-erittelyt-ja-tiedot\\\/#breadcrumb\"},\"inLanguage\":\"fi\",\"potentialAction\":[{\"@type\":\"ReadAction\",\"target\":[\"https:\\\/\\\/cometofinland.fi\\\/fi\\\/nayttely\\\/tekniset-erittelyt-ja-tiedot\\\/\"]}]},{\"@type\":\"ImageObject\",\"inLanguage\":\"fi\",\"@id\":\"https:\\\/\\\/cometofinland.fi\\\/fi\\\/nayttely\\\/tekniset-erittelyt-ja-tiedot\\\/#primaryimage\",\"url\":\"https:\\\/\\\/cometofinland.fi\\\/wp-content\\\/uploads\\\/2019\\\/02\\\/overview-hki-300x200.jpg\",\"contentUrl\":\"https:\\\/\\\/cometofinland.fi\\\/wp-content\\\/uploads\\\/2019\\\/02\\\/overview-hki-300x200.jpg\"},{\"@type\":\"BreadcrumbList\",\"@id\":\"https:\\\/\\\/cometofinland.fi\\\/fi\\\/nayttely\\\/tekniset-erittelyt-ja-tiedot\\\/#breadcrumb\",\"itemListElement\":[{\"@type\":\"ListItem\",\"position\":1,\"name\":\"Home\",\"item\":\"https:\\\/\\\/cometofinland.fi\\\/fi\\\/\"},{\"@type\":\"ListItem\",\"position\":2,\"name\":\"Kierton\u00e4yttely: Come to Finland!\",\"item\":\"https:\\\/\\\/cometofinland.fi\\\/fi\\\/nayttely\\\/\"},{\"@type\":\"ListItem\",\"position\":3,\"name\":\"Tekniset erittelyt\"}]},{\"@type\":\"WebSite\",\"@id\":\"https:\\\/\\\/cometofinland.fi\\\/fi\\\/#website\",\"url\":\"https:\\\/\\\/cometofinland.fi\\\/fi\\\/\",\"name\":\"Come to Finland\",\"description\":\"poster love from Finland\",\"publisher\":{\"@id\":\"https:\\\/\\\/cometofinland.fi\\\/fi\\\/#organization\"},\"potentialAction\":[{\"@type\":\"SearchAction\",\"target\":{\"@type\":\"EntryPoint\",\"urlTemplate\":\"https:\\\/\\\/cometofinland.fi\\\/fi\\\/?s={search_term_string}\"},\"query-input\":{\"@type\":\"PropertyValueSpecification\",\"valueRequired\":true,\"valueName\":\"search_term_string\"}}],\"inLanguage\":\"fi\"},{\"@type\":\"Organization\",\"@id\":\"https:\\\/\\\/cometofinland.fi\\\/fi\\\/#organization\",\"name\":\"Come to Finland\",\"url\":\"https:\\\/\\\/cometofinland.fi\\\/fi\\\/\",\"logo\":{\"@type\":\"ImageObject\",\"inLanguage\":\"fi\",\"@id\":\"https:\\\/\\\/cometofinland.fi\\\/fi\\\/#\\\/schema\\\/logo\\\/image\\\/\",\"url\":\"https:\\\/\\\/cometofinland.fi\\\/wp-content\\\/uploads\\\/2019\\\/03\\\/CTF_LOGO_Blue.svg\",\"contentUrl\":\"https:\\\/\\\/cometofinland.fi\\\/wp-content\\\/uploads\\\/2019\\\/03\\\/CTF_LOGO_Blue.svg\",\"width\":1,\"height\":1,\"caption\":\"Come to Finland\"},\"image\":{\"@id\":\"https:\\\/\\\/cometofinland.fi\\\/fi\\\/#\\\/schema\\\/logo\\\/image\\\/\"},\"sameAs\":[\"https:\\\/\\\/fi-fi.facebook.com\\\/cometofinland\\\/\",\"https:\\\/\\\/www.instagram.com\\\/cometofinland\\\/\"]}]}<\/script>\n<!-- \/ Yoast SEO plugin. -->","yoast_head_json":{"title":"Tekniset erittelyt - Come to Finland","robots":{"index":"index","follow":"follow","max-snippet":"max-snippet:-1","max-image-preview":"max-image-preview:large","max-video-preview":"max-video-preview:-1"},"canonical":"https:\/\/cometofinland.fi\/fi\/nayttely\/tekniset-erittelyt-ja-tiedot\/","og_locale":"fi_FI","og_type":"article","og_title":"Tekniset erittelyt - Come to Finland","og_description":"N\u00e4yttely sis\u00e4lt\u00e4\u00e4 alkuper\u00e4isjulisteita 1800-luvun lopusta t\u00e4h\u00e4n p\u00e4iv\u00e4\u00e4n.\u00a0 N\u00e4yttely kertoo Suomen historiasta kehystettyjen matkailujulisteiden ja tilan mukaan muokattavien informatiivisten infotaulujen v\u00e4lityksell\u00e4. Taulujen lukum\u00e4\u00e4r\u00e4: 100 kpl (muokattavissa).\u00a0 Taulujen keskikoko: 840 x 1400 mm. N\u00e4yttely sis\u00e4lt\u00e4\u00e4 my\u00f6s joukon erikokoisia tauluja, joista pienin on 492 mm x 730 mm ja suurin 790 mm x 1200 mm. Infotaulut, lukum\u00e4\u00e4r\u00e4: v\u00e4hint\u00e4\u00e4n [&hellip;]","og_url":"https:\/\/cometofinland.fi\/fi\/nayttely\/tekniset-erittelyt-ja-tiedot\/","og_site_name":"Come to Finland","article_publisher":"https:\/\/fi-fi.facebook.com\/cometofinland\/","article_modified_time":"2019-03-18T19:30:45+00:00","og_image":[{"url":"https:\/\/cometofinland.fi\/wp-content\/uploads\/2019\/02\/overview-hki-300x200.jpg","type":"","width":"","height":""}],"twitter_card":"summary_large_image","twitter_misc":{"Arvioitu lukuaika":"2 minuuttia"},"schema":{"@context":"https:\/\/schema.org","@graph":[{"@type":"WebPage","@id":"https:\/\/cometofinland.fi\/fi\/nayttely\/tekniset-erittelyt-ja-tiedot\/","url":"https:\/\/cometofinland.fi\/fi\/nayttely\/tekniset-erittelyt-ja-tiedot\/","name":"Tekniset erittelyt - Come to Finland","isPartOf":{"@id":"https:\/\/cometofinland.fi\/fi\/#website"},"primaryImageOfPage":{"@id":"https:\/\/cometofinland.fi\/fi\/nayttely\/tekniset-erittelyt-ja-tiedot\/#primaryimage"},"image":{"@id":"https:\/\/cometofinland.fi\/fi\/nayttely\/tekniset-erittelyt-ja-tiedot\/#primaryimage"},"thumbnailUrl":"https:\/\/cometofinland.fi\/wp-content\/uploads\/2019\/02\/overview-hki-300x200.jpg","datePublished":"2019-02-11T12:41:23+00:00","dateModified":"2019-03-18T19:30:45+00:00","breadcrumb":{"@id":"https:\/\/cometofinland.fi\/fi\/nayttely\/tekniset-erittelyt-ja-tiedot\/#breadcrumb"},"inLanguage":"fi","potentialAction":[{"@type":"ReadAction","target":["https:\/\/cometofinland.fi\/fi\/nayttely\/tekniset-erittelyt-ja-tiedot\/"]}]},{"@type":"ImageObject","inLanguage":"fi","@id":"https:\/\/cometofinland.fi\/fi\/nayttely\/tekniset-erittelyt-ja-tiedot\/#primaryimage","url":"https:\/\/cometofinland.fi\/wp-content\/uploads\/2019\/02\/overview-hki-300x200.jpg","contentUrl":"https:\/\/cometofinland.fi\/wp-content\/uploads\/2019\/02\/overview-hki-300x200.jpg"},{"@type":"BreadcrumbList","@id":"https:\/\/cometofinland.fi\/fi\/nayttely\/tekniset-erittelyt-ja-tiedot\/#breadcrumb","itemListElement":[{"@type":"ListItem","position":1,"name":"Home","item":"https:\/\/cometofinland.fi\/fi\/"},{"@type":"ListItem","position":2,"name":"Kierton\u00e4yttely: Come to Finland!","item":"https:\/\/cometofinland.fi\/fi\/nayttely\/"},{"@type":"ListItem","position":3,"name":"Tekniset erittelyt"}]},{"@type":"WebSite","@id":"https:\/\/cometofinland.fi\/fi\/#website","url":"https:\/\/cometofinland.fi\/fi\/","name":"Come to Finland","description":"poster love from Finland","publisher":{"@id":"https:\/\/cometofinland.fi\/fi\/#organization"},"potentialAction":[{"@type":"SearchAction","target":{"@type":"EntryPoint","urlTemplate":"https:\/\/cometofinland.fi\/fi\/?s={search_term_string}"},"query-input":{"@type":"PropertyValueSpecification","valueRequired":true,"valueName":"search_term_string"}}],"inLanguage":"fi"},{"@type":"Organization","@id":"https:\/\/cometofinland.fi\/fi\/#organization","name":"Come to Finland","url":"https:\/\/cometofinland.fi\/fi\/","logo":{"@type":"ImageObject","inLanguage":"fi","@id":"https:\/\/cometofinland.fi\/fi\/#\/schema\/logo\/image\/","url":"https:\/\/cometofinland.fi\/wp-content\/uploads\/2019\/03\/CTF_LOGO_Blue.svg","contentUrl":"https:\/\/cometofinland.fi\/wp-content\/uploads\/2019\/03\/CTF_LOGO_Blue.svg","width":1,"height":1,"caption":"Come to Finland"},"image":{"@id":"https:\/\/cometofinland.fi\/fi\/#\/schema\/logo\/image\/"},"sameAs":["https:\/\/fi-fi.facebook.com\/cometofinland\/","https:\/\/www.instagram.com\/cometofinland\/"]}]}},"_links":{"self":[{"href":"https:\/\/cometofinland.fi\/fi\/wp-json\/wp\/v2\/pages\/6884","targetHints":{"allow":["GET"]}}],"collection":[{"href":"https:\/\/cometofinland.fi\/fi\/wp-json\/wp\/v2\/pages"}],"about":[{"href":"https:\/\/cometofinland.fi\/fi\/wp-json\/wp\/v2\/types\/page"}],"author":[{"embeddable":true,"href":"https:\/\/cometofinland.fi\/fi\/wp-json\/wp\/v2\/users\/7"}],"replies":[{"embeddable":true,"href":"https:\/\/cometofinland.fi\/fi\/wp-json\/wp\/v2\/comments?post=6884"}],"version-history":[{"count":9,"href":"https:\/\/cometofinland.fi\/fi\/wp-json\/wp\/v2\/pages\/6884\/revisions"}],"predecessor-version":[{"id":10502,"href":"https:\/\/cometofinland.fi\/fi\/wp-json\/wp\/v2\/pages\/6884\/revisions\/10502"}],"up":[{"embeddable":true,"href":"https:\/\/cometofinland.fi\/fi\/wp-json\/wp\/v2\/pages\/6078"}],"wp:attachment":[{"href":"https:\/\/cometofinland.fi\/fi\/wp-json\/wp\/v2\/media?parent=6884"}],"curies":[{"name":"wp","href":"https:\/\/api.w.org\/{rel}","templated":true}]}}