{"id":6891,"date":"2019-01-28T21:31:17","date_gmt":"2019-01-28T19:31:17","guid":{"rendered":"https:\/\/cometofinland.fi\/?page_id=6891"},"modified":"2021-06-02T18:21:09","modified_gmt":"2021-06-02T15:21:09","slug":"kiertue","status":"publish","type":"page","link":"https:\/\/cometofinland.fi\/fi\/nayttely\/kiertue\/","title":{"rendered":"Kiertue"},"content":{"rendered":"<h2>2021-22<\/h2>\n<p><strong>6.5.2021 &#8211; 17.4.2022:<\/strong> <a href=\"https:\/\/www.hanko.fi\/kulttuuri_vapaa-aika_ja_nuoriso\/hangon_museo\/nayttelyt\">Hangon Museo<\/a><\/p>\n<h2 class=\"p1\"><span class=\"s1\"><b>2018-2019<\/b><\/span><\/h2>\n<p><span class=\"s1\"><b>30.11.2018 &#8211; 24.2.2019<\/b> <a href=\"http:\/\/merilapinmuseot.fi\/museot\/kemin-taidemuseo-aluetaidemuseo\"><span class=\"s2\">Kemin taidemuseo<\/span><\/a><\/span><\/p>\n<p class=\"p2\"><span class=\"s1\"><b>26.1.2018- 06\/2018<\/b>: <a href=\"http:\/\/www.druckkunst-museum.de\/\"><span class=\"s2\">Museum f\u00fcr Druckkunst<\/span><\/a> Leipzig, Saksa<\/span><\/p>\n<h2 class=\"p1\"><span class=\"s1\"><b>2017 (-2018)<\/b><\/span><\/h2>\n<p><span class=\"s1\"><b>3.12.2017- 29.4.2018<\/b><br \/>\n<a href=\"http:\/\/www.kansallismuseo.fi\/fi\/suomen-merimuseo\/vaihtuvat-nayttelyt\"><span class=\"s2\">Suomen Merimuseo<\/span><\/a>, Kotka<\/span><\/p>\n<p><span class=\"s1\"><b>17.9.2017\u201314.1.2018<\/b><br \/>\n<a href=\"https:\/\/www.kiel.de\/de\/kultur_freizeit\/museum\/_kalendereintrag.php?160445\"><span class=\"s2\">Kieler Stadtmuseum<\/span><\/a>, Kiel, Saksa<\/span><\/p>\n<p class=\"p2\"><span class=\"s1\"><b>16.2.\u201328.5.2017<\/b><br \/>\nKansallismuseo, Helsinki<\/span><\/p>\n<p class=\"p2\"><span class=\"s1\"><b>9.11.2016\u201313.1.2017<\/b><br \/>\nMikaelsg\u00e5rden, Mikonkatu 20-22, Pori<\/span><\/p>\n<h2 class=\"p1\"><span class=\"s1\"><b>2016<\/b><\/span><\/h2>\n<p><span class=\"s1\"><b>9.11.2016\u201313.1.2017<\/b><br \/>\nMikaelsg\u00e5rden, Mikonkatu 20-22, Pori<\/span><\/p>\n<p><span class=\"s1\"><b>19.8.\u201330.10.2016<\/b><br \/>\nLapin maakuntamuseo, Arktikum, Rovaniemi<\/span><\/p>\n<p><span class=\"s1\"><b>1.6.\u201327.7.2016<\/b><br \/>\nTupakkamakasiini, Pietarsaari<\/span><\/p>\n<p class=\"p2\"><span class=\"s1\"><b>23.1.\u201324.3.2016<\/b><br \/>\nEtel\u00e4-Karjalan taidemuseo, Lappeenranta<\/span><\/p>\n<p class=\"p2\"><span class=\"s1\">\u00a0<\/span><\/p>\n<p><em>Bannerkuva: Bernhard \u00c5str\u00f6m, Svenska litteraturs\u00e4llskapet i Finland. CC-lisenssi.<\/em><\/p>\n","protected":false},"excerpt":{"rendered":"<p>2021-22 6.5.2021 &#8211; 17.4.2022: Hangon Museo 2018-2019 30.11.2018 &#8211; 24.2.2019 Kemin taidemuseo 26.1.2018- 06\/2018: Museum f\u00fcr Druckkunst Leipzig, Saksa 2017 (-2018) 3.12.2017- 29.4.2018 Suomen Merimuseo, Kotka 17.9.2017\u201314.1.2018 Kieler Stadtmuseum, Kiel, Saksa 16.2.\u201328.5.2017 Kansallismuseo, Helsinki 9.11.2016\u201313.1.2017 Mikaelsg\u00e5rden, Mikonkatu 20-22, Pori 2016 9.11.2016\u201313.1.2017 Mikaelsg\u00e5rden, Mikonkatu 20-22, Pori 19.8.\u201330.10.2016 Lapin maakuntamuseo, Arktikum, Rovaniemi 1.6.\u201327.7.2016 Tupakkamakasiini, Pietarsaari 23.1.\u201324.3.2016 Etel\u00e4-Karjalan [&hellip;]<\/p>\n","protected":false},"author":7,"featured_media":0,"parent":6078,"menu_order":0,"comment_status":"closed","ping_status":"closed","template":"","meta":{"_acf_changed":false,"footnotes":""},"class_list":["post-6891","page","type-page","status-publish","hentry"],"acf":[],"yoast_head":"<!-- This site is optimized with the Yoast SEO plugin v27.4 - https:\/\/yoast.com\/product\/yoast-seo-wordpress\/ -->\n<title>Kiertue - Come to Finland<\/title>\n<meta name=\"robots\" content=\"index, follow, max-snippet:-1, max-image-preview:large, max-video-preview:-1\" \/>\n<link rel=\"canonical\" href=\"https:\/\/cometofinland.fi\/fi\/nayttely\/kiertue\/\" \/>\n<meta property=\"og:locale\" content=\"fi_FI\" \/>\n<meta property=\"og:type\" content=\"article\" \/>\n<meta property=\"og:title\" content=\"Kiertue - Come to Finland\" \/>\n<meta property=\"og:description\" content=\"2021-22 6.5.2021 &#8211; 17.4.2022: Hangon Museo 2018-2019 30.11.2018 &#8211; 24.2.2019 Kemin taidemuseo 26.1.2018- 06\/2018: Museum f\u00fcr Druckkunst Leipzig, Saksa 2017 (-2018) 3.12.2017- 29.4.2018 Suomen Merimuseo, Kotka 17.9.2017\u201314.1.2018 Kieler Stadtmuseum, Kiel, Saksa 16.2.\u201328.5.2017 Kansallismuseo, Helsinki 9.11.2016\u201313.1.2017 Mikaelsg\u00e5rden, Mikonkatu 20-22, Pori 2016 9.11.2016\u201313.1.2017 Mikaelsg\u00e5rden, Mikonkatu 20-22, Pori 19.8.\u201330.10.2016 Lapin maakuntamuseo, Arktikum, Rovaniemi 1.6.\u201327.7.2016 Tupakkamakasiini, Pietarsaari 23.1.\u201324.3.2016 Etel\u00e4-Karjalan [&hellip;]\" \/>\n<meta property=\"og:url\" content=\"https:\/\/cometofinland.fi\/fi\/nayttely\/kiertue\/\" \/>\n<meta property=\"og:site_name\" content=\"Come to Finland\" \/>\n<meta property=\"article:publisher\" content=\"https:\/\/fi-fi.facebook.com\/cometofinland\/\" \/>\n<meta property=\"article:modified_time\" content=\"2021-06-02T15:21:09+00:00\" \/>\n<meta name=\"twitter:card\" content=\"summary_large_image\" \/>\n<script type=\"application\/ld+json\" class=\"yoast-schema-graph\">{\"@context\":\"https:\\\/\\\/schema.org\",\"@graph\":[{\"@type\":\"WebPage\",\"@id\":\"https:\\\/\\\/cometofinland.fi\\\/fi\\\/nayttely\\\/kiertue\\\/\",\"url\":\"https:\\\/\\\/cometofinland.fi\\\/fi\\\/nayttely\\\/kiertue\\\/\",\"name\":\"Kiertue - Come to Finland\",\"isPartOf\":{\"@id\":\"https:\\\/\\\/cometofinland.fi\\\/fi\\\/#website\"},\"datePublished\":\"2019-01-28T19:31:17+00:00\",\"dateModified\":\"2021-06-02T15:21:09+00:00\",\"breadcrumb\":{\"@id\":\"https:\\\/\\\/cometofinland.fi\\\/fi\\\/nayttely\\\/kiertue\\\/#breadcrumb\"},\"inLanguage\":\"fi\",\"potentialAction\":[{\"@type\":\"ReadAction\",\"target\":[\"https:\\\/\\\/cometofinland.fi\\\/fi\\\/nayttely\\\/kiertue\\\/\"]}]},{\"@type\":\"BreadcrumbList\",\"@id\":\"https:\\\/\\\/cometofinland.fi\\\/fi\\\/nayttely\\\/kiertue\\\/#breadcrumb\",\"itemListElement\":[{\"@type\":\"ListItem\",\"position\":1,\"name\":\"Home\",\"item\":\"https:\\\/\\\/cometofinland.fi\\\/fi\\\/\"},{\"@type\":\"ListItem\",\"position\":2,\"name\":\"Kierton\u00e4yttely: Come to Finland!\",\"item\":\"https:\\\/\\\/cometofinland.fi\\\/fi\\\/nayttely\\\/\"},{\"@type\":\"ListItem\",\"position\":3,\"name\":\"Kiertue\"}]},{\"@type\":\"WebSite\",\"@id\":\"https:\\\/\\\/cometofinland.fi\\\/fi\\\/#website\",\"url\":\"https:\\\/\\\/cometofinland.fi\\\/fi\\\/\",\"name\":\"Come to Finland\",\"description\":\"poster love from Finland\",\"publisher\":{\"@id\":\"https:\\\/\\\/cometofinland.fi\\\/fi\\\/#organization\"},\"potentialAction\":[{\"@type\":\"SearchAction\",\"target\":{\"@type\":\"EntryPoint\",\"urlTemplate\":\"https:\\\/\\\/cometofinland.fi\\\/fi\\\/?s={search_term_string}\"},\"query-input\":{\"@type\":\"PropertyValueSpecification\",\"valueRequired\":true,\"valueName\":\"search_term_string\"}}],\"inLanguage\":\"fi\"},{\"@type\":\"Organization\",\"@id\":\"https:\\\/\\\/cometofinland.fi\\\/fi\\\/#organization\",\"name\":\"Come to Finland\",\"url\":\"https:\\\/\\\/cometofinland.fi\\\/fi\\\/\",\"logo\":{\"@type\":\"ImageObject\",\"inLanguage\":\"fi\",\"@id\":\"https:\\\/\\\/cometofinland.fi\\\/fi\\\/#\\\/schema\\\/logo\\\/image\\\/\",\"url\":\"https:\\\/\\\/cometofinland.fi\\\/wp-content\\\/uploads\\\/2019\\\/03\\\/CTF_LOGO_Blue.svg\",\"contentUrl\":\"https:\\\/\\\/cometofinland.fi\\\/wp-content\\\/uploads\\\/2019\\\/03\\\/CTF_LOGO_Blue.svg\",\"width\":1,\"height\":1,\"caption\":\"Come to Finland\"},\"image\":{\"@id\":\"https:\\\/\\\/cometofinland.fi\\\/fi\\\/#\\\/schema\\\/logo\\\/image\\\/\"},\"sameAs\":[\"https:\\\/\\\/fi-fi.facebook.com\\\/cometofinland\\\/\",\"https:\\\/\\\/www.instagram.com\\\/cometofinland\\\/\"]}]}<\/script>\n<!-- \/ Yoast SEO plugin. -->","yoast_head_json":{"title":"Kiertue - Come to Finland","robots":{"index":"index","follow":"follow","max-snippet":"max-snippet:-1","max-image-preview":"max-image-preview:large","max-video-preview":"max-video-preview:-1"},"canonical":"https:\/\/cometofinland.fi\/fi\/nayttely\/kiertue\/","og_locale":"fi_FI","og_type":"article","og_title":"Kiertue - Come to Finland","og_description":"2021-22 6.5.2021 &#8211; 17.4.2022: Hangon Museo 2018-2019 30.11.2018 &#8211; 24.2.2019 Kemin taidemuseo 26.1.2018- 06\/2018: Museum f\u00fcr Druckkunst Leipzig, Saksa 2017 (-2018) 3.12.2017- 29.4.2018 Suomen Merimuseo, Kotka 17.9.2017\u201314.1.2018 Kieler Stadtmuseum, Kiel, Saksa 16.2.\u201328.5.2017 Kansallismuseo, Helsinki 9.11.2016\u201313.1.2017 Mikaelsg\u00e5rden, Mikonkatu 20-22, Pori 2016 9.11.2016\u201313.1.2017 Mikaelsg\u00e5rden, Mikonkatu 20-22, Pori 19.8.\u201330.10.2016 Lapin maakuntamuseo, Arktikum, Rovaniemi 1.6.\u201327.7.2016 Tupakkamakasiini, Pietarsaari 23.1.\u201324.3.2016 Etel\u00e4-Karjalan [&hellip;]","og_url":"https:\/\/cometofinland.fi\/fi\/nayttely\/kiertue\/","og_site_name":"Come to Finland","article_publisher":"https:\/\/fi-fi.facebook.com\/cometofinland\/","article_modified_time":"2021-06-02T15:21:09+00:00","twitter_card":"summary_large_image","schema":{"@context":"https:\/\/schema.org","@graph":[{"@type":"WebPage","@id":"https:\/\/cometofinland.fi\/fi\/nayttely\/kiertue\/","url":"https:\/\/cometofinland.fi\/fi\/nayttely\/kiertue\/","name":"Kiertue - Come to Finland","isPartOf":{"@id":"https:\/\/cometofinland.fi\/fi\/#website"},"datePublished":"2019-01-28T19:31:17+00:00","dateModified":"2021-06-02T15:21:09+00:00","breadcrumb":{"@id":"https:\/\/cometofinland.fi\/fi\/nayttely\/kiertue\/#breadcrumb"},"inLanguage":"fi","potentialAction":[{"@type":"ReadAction","target":["https:\/\/cometofinland.fi\/fi\/nayttely\/kiertue\/"]}]},{"@type":"BreadcrumbList","@id":"https:\/\/cometofinland.fi\/fi\/nayttely\/kiertue\/#breadcrumb","itemListElement":[{"@type":"ListItem","position":1,"name":"Home","item":"https:\/\/cometofinland.fi\/fi\/"},{"@type":"ListItem","position":2,"name":"Kierton\u00e4yttely: Come to Finland!","item":"https:\/\/cometofinland.fi\/fi\/nayttely\/"},{"@type":"ListItem","position":3,"name":"Kiertue"}]},{"@type":"WebSite","@id":"https:\/\/cometofinland.fi\/fi\/#website","url":"https:\/\/cometofinland.fi\/fi\/","name":"Come to Finland","description":"poster love from Finland","publisher":{"@id":"https:\/\/cometofinland.fi\/fi\/#organization"},"potentialAction":[{"@type":"SearchAction","target":{"@type":"EntryPoint","urlTemplate":"https:\/\/cometofinland.fi\/fi\/?s={search_term_string}"},"query-input":{"@type":"PropertyValueSpecification","valueRequired":true,"valueName":"search_term_string"}}],"inLanguage":"fi"},{"@type":"Organization","@id":"https:\/\/cometofinland.fi\/fi\/#organization","name":"Come to Finland","url":"https:\/\/cometofinland.fi\/fi\/","logo":{"@type":"ImageObject","inLanguage":"fi","@id":"https:\/\/cometofinland.fi\/fi\/#\/schema\/logo\/image\/","url":"https:\/\/cometofinland.fi\/wp-content\/uploads\/2019\/03\/CTF_LOGO_Blue.svg","contentUrl":"https:\/\/cometofinland.fi\/wp-content\/uploads\/2019\/03\/CTF_LOGO_Blue.svg","width":1,"height":1,"caption":"Come to Finland"},"image":{"@id":"https:\/\/cometofinland.fi\/fi\/#\/schema\/logo\/image\/"},"sameAs":["https:\/\/fi-fi.facebook.com\/cometofinland\/","https:\/\/www.instagram.com\/cometofinland\/"]}]}},"_links":{"self":[{"href":"https:\/\/cometofinland.fi\/fi\/wp-json\/wp\/v2\/pages\/6891","targetHints":{"allow":["GET"]}}],"collection":[{"href":"https:\/\/cometofinland.fi\/fi\/wp-json\/wp\/v2\/pages"}],"about":[{"href":"https:\/\/cometofinland.fi\/fi\/wp-json\/wp\/v2\/types\/page"}],"author":[{"embeddable":true,"href":"https:\/\/cometofinland.fi\/fi\/wp-json\/wp\/v2\/users\/7"}],"replies":[{"embeddable":true,"href":"https:\/\/cometofinland.fi\/fi\/wp-json\/wp\/v2\/comments?post=6891"}],"version-history":[{"count":5,"href":"https:\/\/cometofinland.fi\/fi\/wp-json\/wp\/v2\/pages\/6891\/revisions"}],"predecessor-version":[{"id":20471,"href":"https:\/\/cometofinland.fi\/fi\/wp-json\/wp\/v2\/pages\/6891\/revisions\/20471"}],"up":[{"embeddable":true,"href":"https:\/\/cometofinland.fi\/fi\/wp-json\/wp\/v2\/pages\/6078"}],"wp:attachment":[{"href":"https:\/\/cometofinland.fi\/fi\/wp-json\/wp\/v2\/media?parent=6891"}],"curies":[{"name":"wp","href":"https:\/\/api.w.org\/{rel}","templated":true}]}}