{"id":8527,"date":"2019-02-25T17:39:30","date_gmt":"2019-02-25T15:39:30","guid":{"rendered":"https:\/\/cometofinland.fi\/?page_id=8527"},"modified":"2020-11-10T14:35:52","modified_gmt":"2020-11-10T12:35:52","slug":"8527-2","status":"publish","type":"page","link":"https:\/\/cometofinland.fi\/fi\/tarina\/8527-2\/","title":{"rendered":"Kirja: Come to Finland \u2013 Posters &#038; Travel tales"},"content":{"rendered":"<p>L\u00f6yd\u00e4t online-versio <a href=\"https:\/\/issuu.com\/sektorn_press\/docs\/ctf-suom-sve\" target=\"_blank\" rel=\"noopener noreferrer\">Come to Finland -kirjastamme t\u00e4\u00e4lt\u00e4<\/a>, tekij\u00e4t: Magnus Londen, Joakim Enegren ja Ant Simons. Julkaistu 2007 ja 2008 (2. painos). Kirja on saatavana englanniksi, ranskaksi ja saksaksi \u2013 <a href=\"https:\/\/cometofinland.fi\/fi\/kauppa\/#!type=kirjat-kalenterit\">siirry kauppaan<\/a>. Lis\u00e4ksi saatavilla on japaninkielinen ja <a href=\"https:\/\/cometofinland.fi\/fi\/tuote\/come-to-finland-paradise-calling-pocket-book-in-english\/\">englanninkielinen taskuversio<\/a> (3. painos 2019).<\/p>\n<p>&nbsp;<\/p>\n<p><em>Bannerkuva: V\u00e4in\u00f6 Kannisto, n. 1946, \u00a9Helsingin kaupunginmuseo, CC BY 4.0 -lisensill\u00e4.<\/em><\/p>\n","protected":false},"excerpt":{"rendered":"<p>L\u00f6yd\u00e4t online-versio Come to Finland -kirjastamme t\u00e4\u00e4lt\u00e4, tekij\u00e4t: Magnus Londen, Joakim Enegren ja Ant Simons. Julkaistu 2007 ja 2008 (2. painos). Kirja on saatavana englanniksi, ranskaksi ja saksaksi \u2013 siirry kauppaan. Lis\u00e4ksi saatavilla on japaninkielinen ja englanninkielinen taskuversio (3. painos 2019). &nbsp; Bannerkuva: V\u00e4in\u00f6 Kannisto, n. 1946, \u00a9Helsingin kaupunginmuseo, CC BY 4.0 -lisensill\u00e4.<\/p>\n","protected":false},"author":12,"featured_media":0,"parent":6279,"menu_order":0,"comment_status":"closed","ping_status":"closed","template":"","meta":{"_acf_changed":false,"footnotes":""},"class_list":["post-8527","page","type-page","status-publish","hentry"],"acf":[],"yoast_head":"<!-- This site is optimized with the Yoast SEO plugin v27.4 - https:\/\/yoast.com\/product\/yoast-seo-wordpress\/ -->\n<title>Kirja: Come to Finland \u2013 Posters &amp; Travel tales - Come to Finland<\/title>\n<meta name=\"robots\" content=\"index, follow, max-snippet:-1, max-image-preview:large, max-video-preview:-1\" \/>\n<link rel=\"canonical\" href=\"https:\/\/cometofinland.fi\/fi\/tarina\/8527-2\/\" \/>\n<meta property=\"og:locale\" content=\"fi_FI\" \/>\n<meta property=\"og:type\" content=\"article\" \/>\n<meta property=\"og:title\" content=\"Kirja: Come to Finland \u2013 Posters &amp; Travel tales - Come to Finland\" \/>\n<meta property=\"og:description\" content=\"L\u00f6yd\u00e4t online-versio Come to Finland -kirjastamme t\u00e4\u00e4lt\u00e4, tekij\u00e4t: Magnus Londen, Joakim Enegren ja Ant Simons. Julkaistu 2007 ja 2008 (2. painos). Kirja on saatavana englanniksi, ranskaksi ja saksaksi \u2013 siirry kauppaan. Lis\u00e4ksi saatavilla on japaninkielinen ja englanninkielinen taskuversio (3. painos 2019). &nbsp; Bannerkuva: V\u00e4in\u00f6 Kannisto, n. 1946, \u00a9Helsingin kaupunginmuseo, CC BY 4.0 -lisensill\u00e4.\" \/>\n<meta property=\"og:url\" content=\"https:\/\/cometofinland.fi\/fi\/tarina\/8527-2\/\" \/>\n<meta property=\"og:site_name\" content=\"Come to Finland\" \/>\n<meta property=\"article:publisher\" content=\"https:\/\/fi-fi.facebook.com\/cometofinland\/\" \/>\n<meta property=\"article:modified_time\" content=\"2020-11-10T12:35:52+00:00\" \/>\n<meta name=\"twitter:card\" content=\"summary_large_image\" \/>\n<script type=\"application\/ld+json\" class=\"yoast-schema-graph\">{\"@context\":\"https:\\\/\\\/schema.org\",\"@graph\":[{\"@type\":\"WebPage\",\"@id\":\"https:\\\/\\\/cometofinland.fi\\\/fi\\\/tarina\\\/8527-2\\\/\",\"url\":\"https:\\\/\\\/cometofinland.fi\\\/fi\\\/tarina\\\/8527-2\\\/\",\"name\":\"Kirja: Come to Finland \u2013 Posters & Travel tales - Come to Finland\",\"isPartOf\":{\"@id\":\"https:\\\/\\\/cometofinland.fi\\\/fi\\\/#website\"},\"datePublished\":\"2019-02-25T15:39:30+00:00\",\"dateModified\":\"2020-11-10T12:35:52+00:00\",\"breadcrumb\":{\"@id\":\"https:\\\/\\\/cometofinland.fi\\\/fi\\\/tarina\\\/8527-2\\\/#breadcrumb\"},\"inLanguage\":\"fi\",\"potentialAction\":[{\"@type\":\"ReadAction\",\"target\":[\"https:\\\/\\\/cometofinland.fi\\\/fi\\\/tarina\\\/8527-2\\\/\"]}]},{\"@type\":\"BreadcrumbList\",\"@id\":\"https:\\\/\\\/cometofinland.fi\\\/fi\\\/tarina\\\/8527-2\\\/#breadcrumb\",\"itemListElement\":[{\"@type\":\"ListItem\",\"position\":1,\"name\":\"Home\",\"item\":\"https:\\\/\\\/cometofinland.fi\\\/fi\\\/\"},{\"@type\":\"ListItem\",\"position\":2,\"name\":\"Intohimo matkailujulisteisiin\",\"item\":\"https:\\\/\\\/cometofinland.fi\\\/fi\\\/tarina\\\/\"},{\"@type\":\"ListItem\",\"position\":3,\"name\":\"Kirja: Come to Finland \u2013 Posters &#038; Travel tales\"}]},{\"@type\":\"WebSite\",\"@id\":\"https:\\\/\\\/cometofinland.fi\\\/fi\\\/#website\",\"url\":\"https:\\\/\\\/cometofinland.fi\\\/fi\\\/\",\"name\":\"Come to Finland\",\"description\":\"poster love from Finland\",\"publisher\":{\"@id\":\"https:\\\/\\\/cometofinland.fi\\\/fi\\\/#organization\"},\"potentialAction\":[{\"@type\":\"SearchAction\",\"target\":{\"@type\":\"EntryPoint\",\"urlTemplate\":\"https:\\\/\\\/cometofinland.fi\\\/fi\\\/?s={search_term_string}\"},\"query-input\":{\"@type\":\"PropertyValueSpecification\",\"valueRequired\":true,\"valueName\":\"search_term_string\"}}],\"inLanguage\":\"fi\"},{\"@type\":\"Organization\",\"@id\":\"https:\\\/\\\/cometofinland.fi\\\/fi\\\/#organization\",\"name\":\"Come to Finland\",\"url\":\"https:\\\/\\\/cometofinland.fi\\\/fi\\\/\",\"logo\":{\"@type\":\"ImageObject\",\"inLanguage\":\"fi\",\"@id\":\"https:\\\/\\\/cometofinland.fi\\\/fi\\\/#\\\/schema\\\/logo\\\/image\\\/\",\"url\":\"https:\\\/\\\/cometofinland.fi\\\/wp-content\\\/uploads\\\/2019\\\/03\\\/CTF_LOGO_Blue.svg\",\"contentUrl\":\"https:\\\/\\\/cometofinland.fi\\\/wp-content\\\/uploads\\\/2019\\\/03\\\/CTF_LOGO_Blue.svg\",\"width\":1,\"height\":1,\"caption\":\"Come to Finland\"},\"image\":{\"@id\":\"https:\\\/\\\/cometofinland.fi\\\/fi\\\/#\\\/schema\\\/logo\\\/image\\\/\"},\"sameAs\":[\"https:\\\/\\\/fi-fi.facebook.com\\\/cometofinland\\\/\",\"https:\\\/\\\/www.instagram.com\\\/cometofinland\\\/\"]}]}<\/script>\n<!-- \/ Yoast SEO plugin. -->","yoast_head_json":{"title":"Kirja: Come to Finland \u2013 Posters & Travel tales - Come to Finland","robots":{"index":"index","follow":"follow","max-snippet":"max-snippet:-1","max-image-preview":"max-image-preview:large","max-video-preview":"max-video-preview:-1"},"canonical":"https:\/\/cometofinland.fi\/fi\/tarina\/8527-2\/","og_locale":"fi_FI","og_type":"article","og_title":"Kirja: Come to Finland \u2013 Posters & Travel tales - Come to Finland","og_description":"L\u00f6yd\u00e4t online-versio Come to Finland -kirjastamme t\u00e4\u00e4lt\u00e4, tekij\u00e4t: Magnus Londen, Joakim Enegren ja Ant Simons. Julkaistu 2007 ja 2008 (2. painos). Kirja on saatavana englanniksi, ranskaksi ja saksaksi \u2013 siirry kauppaan. Lis\u00e4ksi saatavilla on japaninkielinen ja englanninkielinen taskuversio (3. painos 2019). &nbsp; Bannerkuva: V\u00e4in\u00f6 Kannisto, n. 1946, \u00a9Helsingin kaupunginmuseo, CC BY 4.0 -lisensill\u00e4.","og_url":"https:\/\/cometofinland.fi\/fi\/tarina\/8527-2\/","og_site_name":"Come to Finland","article_publisher":"https:\/\/fi-fi.facebook.com\/cometofinland\/","article_modified_time":"2020-11-10T12:35:52+00:00","twitter_card":"summary_large_image","schema":{"@context":"https:\/\/schema.org","@graph":[{"@type":"WebPage","@id":"https:\/\/cometofinland.fi\/fi\/tarina\/8527-2\/","url":"https:\/\/cometofinland.fi\/fi\/tarina\/8527-2\/","name":"Kirja: Come to Finland \u2013 Posters & Travel tales - Come to Finland","isPartOf":{"@id":"https:\/\/cometofinland.fi\/fi\/#website"},"datePublished":"2019-02-25T15:39:30+00:00","dateModified":"2020-11-10T12:35:52+00:00","breadcrumb":{"@id":"https:\/\/cometofinland.fi\/fi\/tarina\/8527-2\/#breadcrumb"},"inLanguage":"fi","potentialAction":[{"@type":"ReadAction","target":["https:\/\/cometofinland.fi\/fi\/tarina\/8527-2\/"]}]},{"@type":"BreadcrumbList","@id":"https:\/\/cometofinland.fi\/fi\/tarina\/8527-2\/#breadcrumb","itemListElement":[{"@type":"ListItem","position":1,"name":"Home","item":"https:\/\/cometofinland.fi\/fi\/"},{"@type":"ListItem","position":2,"name":"Intohimo matkailujulisteisiin","item":"https:\/\/cometofinland.fi\/fi\/tarina\/"},{"@type":"ListItem","position":3,"name":"Kirja: Come to Finland \u2013 Posters &#038; Travel tales"}]},{"@type":"WebSite","@id":"https:\/\/cometofinland.fi\/fi\/#website","url":"https:\/\/cometofinland.fi\/fi\/","name":"Come to Finland","description":"poster love from Finland","publisher":{"@id":"https:\/\/cometofinland.fi\/fi\/#organization"},"potentialAction":[{"@type":"SearchAction","target":{"@type":"EntryPoint","urlTemplate":"https:\/\/cometofinland.fi\/fi\/?s={search_term_string}"},"query-input":{"@type":"PropertyValueSpecification","valueRequired":true,"valueName":"search_term_string"}}],"inLanguage":"fi"},{"@type":"Organization","@id":"https:\/\/cometofinland.fi\/fi\/#organization","name":"Come to Finland","url":"https:\/\/cometofinland.fi\/fi\/","logo":{"@type":"ImageObject","inLanguage":"fi","@id":"https:\/\/cometofinland.fi\/fi\/#\/schema\/logo\/image\/","url":"https:\/\/cometofinland.fi\/wp-content\/uploads\/2019\/03\/CTF_LOGO_Blue.svg","contentUrl":"https:\/\/cometofinland.fi\/wp-content\/uploads\/2019\/03\/CTF_LOGO_Blue.svg","width":1,"height":1,"caption":"Come to Finland"},"image":{"@id":"https:\/\/cometofinland.fi\/fi\/#\/schema\/logo\/image\/"},"sameAs":["https:\/\/fi-fi.facebook.com\/cometofinland\/","https:\/\/www.instagram.com\/cometofinland\/"]}]}},"_links":{"self":[{"href":"https:\/\/cometofinland.fi\/fi\/wp-json\/wp\/v2\/pages\/8527","targetHints":{"allow":["GET"]}}],"collection":[{"href":"https:\/\/cometofinland.fi\/fi\/wp-json\/wp\/v2\/pages"}],"about":[{"href":"https:\/\/cometofinland.fi\/fi\/wp-json\/wp\/v2\/types\/page"}],"author":[{"embeddable":true,"href":"https:\/\/cometofinland.fi\/fi\/wp-json\/wp\/v2\/users\/12"}],"replies":[{"embeddable":true,"href":"https:\/\/cometofinland.fi\/fi\/wp-json\/wp\/v2\/comments?post=8527"}],"version-history":[{"count":10,"href":"https:\/\/cometofinland.fi\/fi\/wp-json\/wp\/v2\/pages\/8527\/revisions"}],"predecessor-version":[{"id":18542,"href":"https:\/\/cometofinland.fi\/fi\/wp-json\/wp\/v2\/pages\/8527\/revisions\/18542"}],"up":[{"embeddable":true,"href":"https:\/\/cometofinland.fi\/fi\/wp-json\/wp\/v2\/pages\/6279"}],"wp:attachment":[{"href":"https:\/\/cometofinland.fi\/fi\/wp-json\/wp\/v2\/media?parent=8527"}],"curies":[{"name":"wp","href":"https:\/\/api.w.org\/{rel}","templated":true}]}}