{"id":15641,"date":"2023-07-01T11:00:15","date_gmt":"2023-07-01T08:00:15","guid":{"rendered":"https:\/\/cometofinland.fi\/?post_type=product&#038;p=15641"},"modified":"2026-03-17T16:07:44","modified_gmt":"2026-03-17T14:07:44","slug":"come-to-helsinki-by-jolanda-kerttuli","status":"publish","type":"product","link":"https:\/\/cometofinland.fi\/fi\/tuote\/come-to-helsinki-by-jolanda-kerttuli\/","title":{"rendered":"Come to Helsinki by Jolanda Kerttuli"},"content":{"rendered":"<p>T\u00e4m\u00e4 Helsinki-juliste kuuluu Custom Print -sarjaamme, jonka jokainen juliste on yksitt\u00e4iskappale ja painettu Suomessa juuri sinua varten. K\u00e4yt\u00e4mme julisteissa korkealuokkaista FSC-sertifioitua mattapaperia. Huippuunsa viety tekniikka ja 12 v\u00e4ri\u00e4 takaavat, ett\u00e4 painoj\u00e4ljen kirkkaus ja v\u00e4riskaala ovat ensiluokkaiset ja juliste s\u00e4ilyy my\u00f6s tuleville sukupolville.<\/p>\n<p>Juliste toimitetaan kest\u00e4v\u00e4ss\u00e4 pahviputkessa. Jos tilauksessasi on useampia julisteita, toimitamme ne yhteen pahviputkeen pakattuina.<\/p>\n","protected":false},"excerpt":{"rendered":"<p>T\u00e4m\u00e4 Helsinki-juliste kuuluu Custom Print -sarjaamme, jonka jokainen juliste on yksitt\u00e4iskappale ja painettu Suomessa juuri sinua varten. K\u00e4yt\u00e4mme julisteissa korkealuokkaista FSC-sertifioitua mattapaperia. Huippuunsa viety tekniikka ja 12 v\u00e4ri\u00e4 takaavat, ett\u00e4 painoj\u00e4ljen kirkkaus ja v\u00e4riskaala ovat ensiluokkaiset ja juliste s\u00e4ilyy my\u00f6s tuleville sukupolville. Juliste toimitetaan kest\u00e4v\u00e4ss\u00e4 pahviputkessa. Jos tilauksessasi on useampia julisteita, toimitamme ne yhteen pahviputkeen [&hellip;]<\/p>\n","protected":false},"featured_media":15607,"template":"","meta":{"_acf_changed":false},"product_brand":[],"product_cat":[543],"product_tag":[],"class_list":{"0":"post-15641","1":"product","2":"type-product","3":"status-publish","4":"has-post-thumbnail","6":"product_cat-nykyajan-matakailujulisteet","8":"first","9":"instock","10":"taxable","11":"shipping-taxable","12":"purchasable","13":"product-type-simple"},"acf":[],"yoast_head":"<!-- This site is optimized with the Yoast SEO plugin v27.5 - https:\/\/yoast.com\/product\/yoast-seo-wordpress\/ -->\n<title>Come to Helsinki by Jolanda Kerttuli - Come to Finland<\/title>\n<meta name=\"description\" content=\"Come to Helsinki! &quot;Helsingiss\u00e4 luonto on koko ajan l\u00e4sn\u00e4 ja se on osa kaupunkia, joka kuuluu kaikille. Minua inspiroi luonto ja halusin tuoda julisteella esiin sen, ett\u00e4 my\u00f6s kaupungissa asuva voi saunoa, uida meress\u00e4 ja nauttia luonnosta.&quot;\" \/>\n<meta name=\"robots\" content=\"index, follow, max-snippet:-1, max-image-preview:large, max-video-preview:-1\" \/>\n<link rel=\"canonical\" href=\"https:\/\/cometofinland.fi\/fi\/tuote\/come-to-helsinki-by-jolanda-kerttuli\/\" \/>\n<meta property=\"og:locale\" content=\"fi_FI\" \/>\n<meta property=\"og:type\" content=\"article\" \/>\n<meta property=\"og:title\" content=\"Come to Helsinki by Jolanda Kerttuli - Come to Finland\" \/>\n<meta property=\"og:description\" content=\"Come to Helsinki! &quot;Helsingiss\u00e4 luonto on koko ajan l\u00e4sn\u00e4 ja se on osa kaupunkia, joka kuuluu kaikille. Minua inspiroi luonto ja halusin tuoda julisteella esiin sen, ett\u00e4 my\u00f6s kaupungissa asuva voi saunoa, uida meress\u00e4 ja nauttia luonnosta.&quot;\" \/>\n<meta property=\"og:url\" content=\"https:\/\/cometofinland.fi\/fi\/tuote\/come-to-helsinki-by-jolanda-kerttuli\/\" \/>\n<meta property=\"og:site_name\" content=\"Come to Finland\" \/>\n<meta property=\"article:publisher\" content=\"https:\/\/fi-fi.facebook.com\/cometofinland\/\" \/>\n<meta property=\"article:modified_time\" content=\"2026-03-17T14:07:44+00:00\" \/>\n<meta property=\"og:image\" content=\"https:\/\/cometofinland.fi\/wp-content\/uploads\/2020\/02\/Come-to-Helsinki-by-Jolanda.jpg\" \/>\n\t<meta property=\"og:image:width\" content=\"1500\" \/>\n\t<meta property=\"og:image:height\" content=\"2136\" \/>\n\t<meta property=\"og:image:type\" content=\"image\/jpeg\" \/>\n<meta name=\"twitter:card\" content=\"summary_large_image\" \/>\n<script type=\"application\/ld+json\" class=\"yoast-schema-graph\">{\"@context\":\"https:\\\/\\\/schema.org\",\"@graph\":[{\"@type\":\"WebPage\",\"@id\":\"https:\\\/\\\/cometofinland.fi\\\/fi\\\/tuote\\\/come-to-helsinki-by-jolanda-kerttuli\\\/\",\"url\":\"https:\\\/\\\/cometofinland.fi\\\/fi\\\/tuote\\\/come-to-helsinki-by-jolanda-kerttuli\\\/\",\"name\":\"Come to Helsinki by Jolanda Kerttuli - Come to Finland\",\"isPartOf\":{\"@id\":\"https:\\\/\\\/cometofinland.fi\\\/fi\\\/#website\"},\"primaryImageOfPage\":{\"@id\":\"https:\\\/\\\/cometofinland.fi\\\/fi\\\/tuote\\\/come-to-helsinki-by-jolanda-kerttuli\\\/#primaryimage\"},\"image\":{\"@id\":\"https:\\\/\\\/cometofinland.fi\\\/fi\\\/tuote\\\/come-to-helsinki-by-jolanda-kerttuli\\\/#primaryimage\"},\"thumbnailUrl\":\"https:\\\/\\\/cometofinland.fi\\\/wp-content\\\/uploads\\\/2020\\\/02\\\/Come-to-Helsinki-by-Jolanda.jpg\",\"datePublished\":\"2023-07-01T08:00:15+00:00\",\"dateModified\":\"2026-03-17T14:07:44+00:00\",\"description\":\"Come to Helsinki! \\\"Helsingiss\u00e4 luonto on koko ajan l\u00e4sn\u00e4 ja se on osa kaupunkia, joka kuuluu kaikille. Minua inspiroi luonto ja halusin tuoda julisteella esiin sen, ett\u00e4 my\u00f6s kaupungissa asuva voi saunoa, uida meress\u00e4 ja nauttia luonnosta.\\\"\",\"breadcrumb\":{\"@id\":\"https:\\\/\\\/cometofinland.fi\\\/fi\\\/tuote\\\/come-to-helsinki-by-jolanda-kerttuli\\\/#breadcrumb\"},\"inLanguage\":\"fi\",\"potentialAction\":[{\"@type\":\"ReadAction\",\"target\":[\"https:\\\/\\\/cometofinland.fi\\\/fi\\\/tuote\\\/come-to-helsinki-by-jolanda-kerttuli\\\/\"]}]},{\"@type\":\"ImageObject\",\"inLanguage\":\"fi\",\"@id\":\"https:\\\/\\\/cometofinland.fi\\\/fi\\\/tuote\\\/come-to-helsinki-by-jolanda-kerttuli\\\/#primaryimage\",\"url\":\"https:\\\/\\\/cometofinland.fi\\\/wp-content\\\/uploads\\\/2020\\\/02\\\/Come-to-Helsinki-by-Jolanda.jpg\",\"contentUrl\":\"https:\\\/\\\/cometofinland.fi\\\/wp-content\\\/uploads\\\/2020\\\/02\\\/Come-to-Helsinki-by-Jolanda.jpg\",\"width\":1500,\"height\":2136,\"caption\":\"Come ti Helsinki juliste\"},{\"@type\":\"BreadcrumbList\",\"@id\":\"https:\\\/\\\/cometofinland.fi\\\/fi\\\/tuote\\\/come-to-helsinki-by-jolanda-kerttuli\\\/#breadcrumb\",\"itemListElement\":[{\"@type\":\"ListItem\",\"position\":1,\"name\":\"Home\",\"item\":\"https:\\\/\\\/cometofinland.fi\\\/fi\\\/\"},{\"@type\":\"ListItem\",\"position\":2,\"name\":\"Kauppa\",\"item\":\"https:\\\/\\\/cometofinland.fi\\\/fi\\\/kauppa\\\/\"},{\"@type\":\"ListItem\",\"position\":3,\"name\":\"Come to Helsinki by Jolanda Kerttuli\"}]},{\"@type\":\"WebSite\",\"@id\":\"https:\\\/\\\/cometofinland.fi\\\/fi\\\/#website\",\"url\":\"https:\\\/\\\/cometofinland.fi\\\/fi\\\/\",\"name\":\"Come to Finland\",\"description\":\"poster love from Finland\",\"publisher\":{\"@id\":\"https:\\\/\\\/cometofinland.fi\\\/fi\\\/#organization\"},\"potentialAction\":[{\"@type\":\"SearchAction\",\"target\":{\"@type\":\"EntryPoint\",\"urlTemplate\":\"https:\\\/\\\/cometofinland.fi\\\/fi\\\/?s={search_term_string}\"},\"query-input\":{\"@type\":\"PropertyValueSpecification\",\"valueRequired\":true,\"valueName\":\"search_term_string\"}}],\"inLanguage\":\"fi\"},{\"@type\":\"Organization\",\"@id\":\"https:\\\/\\\/cometofinland.fi\\\/fi\\\/#organization\",\"name\":\"Come to Finland\",\"url\":\"https:\\\/\\\/cometofinland.fi\\\/fi\\\/\",\"logo\":{\"@type\":\"ImageObject\",\"inLanguage\":\"fi\",\"@id\":\"https:\\\/\\\/cometofinland.fi\\\/fi\\\/#\\\/schema\\\/logo\\\/image\\\/\",\"url\":\"https:\\\/\\\/cometofinland.fi\\\/wp-content\\\/uploads\\\/2019\\\/03\\\/CTF_LOGO_Blue.svg\",\"contentUrl\":\"https:\\\/\\\/cometofinland.fi\\\/wp-content\\\/uploads\\\/2019\\\/03\\\/CTF_LOGO_Blue.svg\",\"width\":1,\"height\":1,\"caption\":\"Come to Finland\"},\"image\":{\"@id\":\"https:\\\/\\\/cometofinland.fi\\\/fi\\\/#\\\/schema\\\/logo\\\/image\\\/\"},\"sameAs\":[\"https:\\\/\\\/fi-fi.facebook.com\\\/cometofinland\\\/\",\"https:\\\/\\\/www.instagram.com\\\/cometofinland\\\/\"]}]}<\/script>\n<!-- \/ Yoast SEO plugin. -->","yoast_head_json":{"title":"Come to Helsinki by Jolanda Kerttuli - Come to Finland","description":"Come to Helsinki! \"Helsingiss\u00e4 luonto on koko ajan l\u00e4sn\u00e4 ja se on osa kaupunkia, joka kuuluu kaikille. Minua inspiroi luonto ja halusin tuoda julisteella esiin sen, ett\u00e4 my\u00f6s kaupungissa asuva voi saunoa, uida meress\u00e4 ja nauttia luonnosta.\"","robots":{"index":"index","follow":"follow","max-snippet":"max-snippet:-1","max-image-preview":"max-image-preview:large","max-video-preview":"max-video-preview:-1"},"canonical":"https:\/\/cometofinland.fi\/fi\/tuote\/come-to-helsinki-by-jolanda-kerttuli\/","og_locale":"fi_FI","og_type":"article","og_title":"Come to Helsinki by Jolanda Kerttuli - Come to Finland","og_description":"Come to Helsinki! \"Helsingiss\u00e4 luonto on koko ajan l\u00e4sn\u00e4 ja se on osa kaupunkia, joka kuuluu kaikille. Minua inspiroi luonto ja halusin tuoda julisteella esiin sen, ett\u00e4 my\u00f6s kaupungissa asuva voi saunoa, uida meress\u00e4 ja nauttia luonnosta.\"","og_url":"https:\/\/cometofinland.fi\/fi\/tuote\/come-to-helsinki-by-jolanda-kerttuli\/","og_site_name":"Come to Finland","article_publisher":"https:\/\/fi-fi.facebook.com\/cometofinland\/","article_modified_time":"2026-03-17T14:07:44+00:00","og_image":[{"width":1500,"height":2136,"url":"https:\/\/cometofinland.fi\/wp-content\/uploads\/2020\/02\/Come-to-Helsinki-by-Jolanda.jpg","type":"image\/jpeg"}],"twitter_card":"summary_large_image","schema":{"@context":"https:\/\/schema.org","@graph":[{"@type":"WebPage","@id":"https:\/\/cometofinland.fi\/fi\/tuote\/come-to-helsinki-by-jolanda-kerttuli\/","url":"https:\/\/cometofinland.fi\/fi\/tuote\/come-to-helsinki-by-jolanda-kerttuli\/","name":"Come to Helsinki by Jolanda Kerttuli - Come to Finland","isPartOf":{"@id":"https:\/\/cometofinland.fi\/fi\/#website"},"primaryImageOfPage":{"@id":"https:\/\/cometofinland.fi\/fi\/tuote\/come-to-helsinki-by-jolanda-kerttuli\/#primaryimage"},"image":{"@id":"https:\/\/cometofinland.fi\/fi\/tuote\/come-to-helsinki-by-jolanda-kerttuli\/#primaryimage"},"thumbnailUrl":"https:\/\/cometofinland.fi\/wp-content\/uploads\/2020\/02\/Come-to-Helsinki-by-Jolanda.jpg","datePublished":"2023-07-01T08:00:15+00:00","dateModified":"2026-03-17T14:07:44+00:00","description":"Come to Helsinki! \"Helsingiss\u00e4 luonto on koko ajan l\u00e4sn\u00e4 ja se on osa kaupunkia, joka kuuluu kaikille. Minua inspiroi luonto ja halusin tuoda julisteella esiin sen, ett\u00e4 my\u00f6s kaupungissa asuva voi saunoa, uida meress\u00e4 ja nauttia luonnosta.\"","breadcrumb":{"@id":"https:\/\/cometofinland.fi\/fi\/tuote\/come-to-helsinki-by-jolanda-kerttuli\/#breadcrumb"},"inLanguage":"fi","potentialAction":[{"@type":"ReadAction","target":["https:\/\/cometofinland.fi\/fi\/tuote\/come-to-helsinki-by-jolanda-kerttuli\/"]}]},{"@type":"ImageObject","inLanguage":"fi","@id":"https:\/\/cometofinland.fi\/fi\/tuote\/come-to-helsinki-by-jolanda-kerttuli\/#primaryimage","url":"https:\/\/cometofinland.fi\/wp-content\/uploads\/2020\/02\/Come-to-Helsinki-by-Jolanda.jpg","contentUrl":"https:\/\/cometofinland.fi\/wp-content\/uploads\/2020\/02\/Come-to-Helsinki-by-Jolanda.jpg","width":1500,"height":2136,"caption":"Come ti Helsinki juliste"},{"@type":"BreadcrumbList","@id":"https:\/\/cometofinland.fi\/fi\/tuote\/come-to-helsinki-by-jolanda-kerttuli\/#breadcrumb","itemListElement":[{"@type":"ListItem","position":1,"name":"Home","item":"https:\/\/cometofinland.fi\/fi\/"},{"@type":"ListItem","position":2,"name":"Kauppa","item":"https:\/\/cometofinland.fi\/fi\/kauppa\/"},{"@type":"ListItem","position":3,"name":"Come to Helsinki by Jolanda Kerttuli"}]},{"@type":"WebSite","@id":"https:\/\/cometofinland.fi\/fi\/#website","url":"https:\/\/cometofinland.fi\/fi\/","name":"Come to Finland","description":"poster love from Finland","publisher":{"@id":"https:\/\/cometofinland.fi\/fi\/#organization"},"potentialAction":[{"@type":"SearchAction","target":{"@type":"EntryPoint","urlTemplate":"https:\/\/cometofinland.fi\/fi\/?s={search_term_string}"},"query-input":{"@type":"PropertyValueSpecification","valueRequired":true,"valueName":"search_term_string"}}],"inLanguage":"fi"},{"@type":"Organization","@id":"https:\/\/cometofinland.fi\/fi\/#organization","name":"Come to Finland","url":"https:\/\/cometofinland.fi\/fi\/","logo":{"@type":"ImageObject","inLanguage":"fi","@id":"https:\/\/cometofinland.fi\/fi\/#\/schema\/logo\/image\/","url":"https:\/\/cometofinland.fi\/wp-content\/uploads\/2019\/03\/CTF_LOGO_Blue.svg","contentUrl":"https:\/\/cometofinland.fi\/wp-content\/uploads\/2019\/03\/CTF_LOGO_Blue.svg","width":1,"height":1,"caption":"Come to Finland"},"image":{"@id":"https:\/\/cometofinland.fi\/fi\/#\/schema\/logo\/image\/"},"sameAs":["https:\/\/fi-fi.facebook.com\/cometofinland\/","https:\/\/www.instagram.com\/cometofinland\/"]}]}},"_links":{"self":[{"href":"https:\/\/cometofinland.fi\/fi\/wp-json\/wp\/v2\/product\/15641","targetHints":{"allow":["GET"]}}],"collection":[{"href":"https:\/\/cometofinland.fi\/fi\/wp-json\/wp\/v2\/product"}],"about":[{"href":"https:\/\/cometofinland.fi\/fi\/wp-json\/wp\/v2\/types\/product"}],"wp:featuredmedia":[{"embeddable":true,"href":"https:\/\/cometofinland.fi\/fi\/wp-json\/wp\/v2\/media\/15607"}],"wp:attachment":[{"href":"https:\/\/cometofinland.fi\/fi\/wp-json\/wp\/v2\/media?parent=15641"}],"wp:term":[{"taxonomy":"product_brand","embeddable":true,"href":"https:\/\/cometofinland.fi\/fi\/wp-json\/wp\/v2\/product_brand?post=15641"},{"taxonomy":"product_cat","embeddable":true,"href":"https:\/\/cometofinland.fi\/fi\/wp-json\/wp\/v2\/product_cat?post=15641"},{"taxonomy":"product_tag","embeddable":true,"href":"https:\/\/cometofinland.fi\/fi\/wp-json\/wp\/v2\/product_tag?post=15641"}],"curies":[{"name":"wp","href":"https:\/\/api.w.org\/{rel}","templated":true}]}}