{"id":18108,"date":"2019-09-22T08:44:57","date_gmt":"2019-09-22T05:44:57","guid":{"rendered":"https:\/\/cometofinland.fi\/?post_type=product&#038;p=18108"},"modified":"2025-11-23T17:05:00","modified_gmt":"2025-11-23T15:05:00","slug":"come-to-finland-muistipeli","status":"publish","type":"product","link":"https:\/\/cometofinland.fi\/fi\/tuote\/come-to-finland-muistipeli\/","title":{"rendered":"Come to Finland -muistipeli"},"content":{"rendered":"<p>Etsi parit ja voita!<\/p>\n<p>K\u00e4\u00e4nn\u00e4 laattoja ja yrit\u00e4 l\u00f6yt\u00e4\u00e4 mahdollisimman monta paria.<\/p>\n<p>T\u00e4m\u00e4 klassinen peli on t\u00e4ynn\u00e4 upeita julistekuvia Suomesta!<\/p>\n<p>Sis\u00e4lt\u00f6: 48 memo-laattaa, s\u00e4\u00e4nn\u00f6t.<\/p>\n<p>Lisenssituote. Valmistaja: Tactic<br \/>\nValmistettu Suomessa.<\/p>\n<p>\u00a9 <a href=\"https:\/\/cometofinland.fi\/fi\/artwork\/tampere-by-christianson\/\">Rolf Christianson<\/a>, <a href=\"https:\/\/cometofinland.fi\/fi\/artwork\/come-to-finland-olavinlinna\/\">V\u00e4in\u00f6 Blomstedt<\/a>, <a href=\"https:\/\/cometofinland.fi\/fi\/artwork\/happy-travels\/\">Ingrid Bade<\/a> <a href=\"https:\/\/cometofinland.fi\/fi\/artwork\/res-till-finland\/\">x 2<\/a>, <a href=\"https:\/\/cometofinland.fi\/fi\/artwork\/die-hauptstadt\/\">Gunnar Forsstr\u00f6m<\/a>, <a href=\"https:\/\/cometofinland.fi\/fi\/artwork\/saimaa-loveliest\/\">G\u00f6ran Englund &amp; Paul S\u00f6derstr\u00f6m<\/a>, <a href=\"https:\/\/cometofinland.fi\/fi\/artwork\/the-champagne-lady-eng\/\">Jorma Suhonen<\/a> <a href=\"https:\/\/cometofinland.fi\/fi\/artwork\/aero-archipelago\/\">x 2<\/a> ja <a href=\"https:\/\/cometofinland.fi\/fi\/artwork\/lakeland-by-erik-bruun\/\">Erik Bruun<\/a>.<br \/>\nThe game includes modern travel posters by <a href=\"https:\/\/cometofinland.fi\/fi\/artwork\/lake-saimaa-a-place-to-reflect\/\">Beth Chesser<\/a>, <a href=\"https:\/\/cometofinland.fi\/fi\/artwork\/magic-of-lapland-by-emma-chudoba\/\">Emma Chudoba<\/a>, <a href=\"https:\/\/cometofinland.fi\/fi\/artwork\/come-to-finland-by-vombatcombat\/\">Vombatcombat<\/a> <a href=\"https:\/\/cometofinland.fi\/fi\/artwork\/market-square-by-vombatcombat\/\">x 2<\/a>, <a href=\"https:\/\/cometofinland.fi\/fi\/artwork\/enjoy-our-nightlife-by-tintin-rosvik\/\">Tintin Rosvik<\/a>, <a href=\"https:\/\/cometofinland.fi\/fi\/artwork\/home-of-the-northern-lights-by-hillebrant\/\">Amelia Hillebrant<\/a>, <a href=\"https:\/\/cometofinland.fi\/fi\/artwork\/explore-lake-saimaa\/\">Chen Yu<\/a>, <a href=\"https:\/\/cometofinland.fi\/fi\/artwork\/the-beauty-of-saimaa-by-pekka-kurki\/\">Pekka Kurki<\/a>, <a href=\"https:\/\/cometofinland.fi\/fi\/artwork\/lapland-reindeer-by-jenni-hanninen\/\">Jenni H\u00e4nninen<\/a>, <a href=\"https:\/\/cometofinland.fi\/fi\/artwork\/kaivopuisto-by-marika-maijala\/\">Marika Maijala<\/a>, <a href=\"https:\/\/cometofinland.fi\/fi\/artwork\/sisu-since-1917-by-mareike-mosch\/\">Mareike Mosch<\/a>, <a href=\"https:\/\/cometofinland.fi\/fi\/artwork\/sightseeing-in-finland-by-sofie-ohland\/\">Sofie \u00d6hland<\/a> ja <a href=\"https:\/\/cometofinland.fi\/fi\/artwork\/finjoy-by-albert-pinilla\/\">Albert Pinilla<\/a>.<\/p>\n","protected":false},"excerpt":{"rendered":"<p>Etsi parit ja voita! K\u00e4\u00e4nn\u00e4 laattoja ja yrit\u00e4 l\u00f6yt\u00e4\u00e4 mahdollisimman monta paria. T\u00e4m\u00e4 klassinen peli on t\u00e4ynn\u00e4 upeita julistekuvia Suomesta! Sis\u00e4lt\u00f6: 48 memo-laattaa, s\u00e4\u00e4nn\u00f6t. Lisenssituote. Valmistaja: Tactic Valmistettu Suomessa. \u00a9 Rolf Christianson, V\u00e4in\u00f6 Blomstedt, Ingrid Bade x 2, Gunnar Forsstr\u00f6m, G\u00f6ran Englund &amp; Paul S\u00f6derstr\u00f6m, Jorma Suhonen x 2 ja Erik Bruun. The game includes [&hellip;]<\/p>\n","protected":false},"featured_media":18091,"template":"","meta":{"_acf_changed":false},"product_brand":[],"product_cat":[668,643],"product_tag":[],"class_list":{"0":"post-18108","1":"product","2":"type-product","3":"status-publish","4":"has-post-thumbnail","6":"product_cat-lahjaideat","7":"product_cat-palapelit","9":"first","10":"instock","11":"taxable","12":"shipping-taxable","13":"purchasable","14":"product-type-simple"},"acf":[],"yoast_head":"<!-- This site is optimized with the Yoast SEO plugin v27.3 - https:\/\/yoast.com\/product\/yoast-seo-wordpress\/ -->\n<title>Come to Finland -muistipeli - Come to Finland<\/title>\n<meta name=\"robots\" content=\"index, follow, max-snippet:-1, max-image-preview:large, max-video-preview:-1\" \/>\n<link rel=\"canonical\" href=\"https:\/\/cometofinland.fi\/fi\/tuote\/come-to-finland-muistipeli\/\" \/>\n<meta property=\"og:locale\" content=\"fi_FI\" \/>\n<meta property=\"og:type\" content=\"article\" \/>\n<meta property=\"og:title\" content=\"Come to Finland -muistipeli - Come to Finland\" \/>\n<meta property=\"og:description\" content=\"Etsi parit ja voita! K\u00e4\u00e4nn\u00e4 laattoja ja yrit\u00e4 l\u00f6yt\u00e4\u00e4 mahdollisimman monta paria. T\u00e4m\u00e4 klassinen peli on t\u00e4ynn\u00e4 upeita julistekuvia Suomesta! Sis\u00e4lt\u00f6: 48 memo-laattaa, s\u00e4\u00e4nn\u00f6t. Lisenssituote. Valmistaja: Tactic Valmistettu Suomessa. \u00a9 Rolf Christianson, V\u00e4in\u00f6 Blomstedt, Ingrid Bade x 2, Gunnar Forsstr\u00f6m, G\u00f6ran Englund &amp; Paul S\u00f6derstr\u00f6m, Jorma Suhonen x 2 ja Erik Bruun. The game includes [&hellip;]\" \/>\n<meta property=\"og:url\" content=\"https:\/\/cometofinland.fi\/fi\/tuote\/come-to-finland-muistipeli\/\" \/>\n<meta property=\"og:site_name\" content=\"Come to Finland\" \/>\n<meta property=\"article:publisher\" content=\"https:\/\/fi-fi.facebook.com\/cometofinland\/\" \/>\n<meta property=\"article:modified_time\" content=\"2025-11-23T15:05:00+00:00\" \/>\n<meta property=\"og:image\" content=\"https:\/\/cometofinland.fi\/wp-content\/uploads\/2020\/09\/CTF_Memo_BoxMockup_front-e1603796556565.jpg\" \/>\n\t<meta property=\"og:image:width\" content=\"1500\" \/>\n\t<meta property=\"og:image:height\" content=\"1500\" \/>\n\t<meta property=\"og:image:type\" content=\"image\/jpeg\" \/>\n<meta name=\"twitter:card\" content=\"summary_large_image\" \/>\n<script type=\"application\/ld+json\" class=\"yoast-schema-graph\">{\"@context\":\"https:\\\/\\\/schema.org\",\"@graph\":[{\"@type\":\"WebPage\",\"@id\":\"https:\\\/\\\/cometofinland.fi\\\/fi\\\/tuote\\\/come-to-finland-muistipeli\\\/\",\"url\":\"https:\\\/\\\/cometofinland.fi\\\/fi\\\/tuote\\\/come-to-finland-muistipeli\\\/\",\"name\":\"Come to Finland -muistipeli - Come to Finland\",\"isPartOf\":{\"@id\":\"https:\\\/\\\/cometofinland.fi\\\/fi\\\/#website\"},\"primaryImageOfPage\":{\"@id\":\"https:\\\/\\\/cometofinland.fi\\\/fi\\\/tuote\\\/come-to-finland-muistipeli\\\/#primaryimage\"},\"image\":{\"@id\":\"https:\\\/\\\/cometofinland.fi\\\/fi\\\/tuote\\\/come-to-finland-muistipeli\\\/#primaryimage\"},\"thumbnailUrl\":\"https:\\\/\\\/cometofinland.fi\\\/wp-content\\\/uploads\\\/2020\\\/09\\\/CTF_Memo_BoxMockup_front-e1603796556565.jpg\",\"datePublished\":\"2019-09-22T05:44:57+00:00\",\"dateModified\":\"2025-11-23T15:05:00+00:00\",\"breadcrumb\":{\"@id\":\"https:\\\/\\\/cometofinland.fi\\\/fi\\\/tuote\\\/come-to-finland-muistipeli\\\/#breadcrumb\"},\"inLanguage\":\"fi\",\"potentialAction\":[{\"@type\":\"ReadAction\",\"target\":[\"https:\\\/\\\/cometofinland.fi\\\/fi\\\/tuote\\\/come-to-finland-muistipeli\\\/\"]}]},{\"@type\":\"ImageObject\",\"inLanguage\":\"fi\",\"@id\":\"https:\\\/\\\/cometofinland.fi\\\/fi\\\/tuote\\\/come-to-finland-muistipeli\\\/#primaryimage\",\"url\":\"https:\\\/\\\/cometofinland.fi\\\/wp-content\\\/uploads\\\/2020\\\/09\\\/CTF_Memo_BoxMockup_front-e1603796556565.jpg\",\"contentUrl\":\"https:\\\/\\\/cometofinland.fi\\\/wp-content\\\/uploads\\\/2020\\\/09\\\/CTF_Memo_BoxMockup_front-e1603796556565.jpg\",\"width\":1500,\"height\":1500,\"caption\":\"Memory Game\"},{\"@type\":\"BreadcrumbList\",\"@id\":\"https:\\\/\\\/cometofinland.fi\\\/fi\\\/tuote\\\/come-to-finland-muistipeli\\\/#breadcrumb\",\"itemListElement\":[{\"@type\":\"ListItem\",\"position\":1,\"name\":\"Home\",\"item\":\"https:\\\/\\\/cometofinland.fi\\\/fi\\\/\"},{\"@type\":\"ListItem\",\"position\":2,\"name\":\"Kauppa\",\"item\":\"https:\\\/\\\/cometofinland.fi\\\/fi\\\/kauppa\\\/\"},{\"@type\":\"ListItem\",\"position\":3,\"name\":\"Come to Finland -muistipeli\"}]},{\"@type\":\"WebSite\",\"@id\":\"https:\\\/\\\/cometofinland.fi\\\/fi\\\/#website\",\"url\":\"https:\\\/\\\/cometofinland.fi\\\/fi\\\/\",\"name\":\"Come to Finland\",\"description\":\"poster love from Finland\",\"publisher\":{\"@id\":\"https:\\\/\\\/cometofinland.fi\\\/fi\\\/#organization\"},\"potentialAction\":[{\"@type\":\"SearchAction\",\"target\":{\"@type\":\"EntryPoint\",\"urlTemplate\":\"https:\\\/\\\/cometofinland.fi\\\/fi\\\/?s={search_term_string}\"},\"query-input\":{\"@type\":\"PropertyValueSpecification\",\"valueRequired\":true,\"valueName\":\"search_term_string\"}}],\"inLanguage\":\"fi\"},{\"@type\":\"Organization\",\"@id\":\"https:\\\/\\\/cometofinland.fi\\\/fi\\\/#organization\",\"name\":\"Come to Finland\",\"url\":\"https:\\\/\\\/cometofinland.fi\\\/fi\\\/\",\"logo\":{\"@type\":\"ImageObject\",\"inLanguage\":\"fi\",\"@id\":\"https:\\\/\\\/cometofinland.fi\\\/fi\\\/#\\\/schema\\\/logo\\\/image\\\/\",\"url\":\"https:\\\/\\\/cometofinland.fi\\\/wp-content\\\/uploads\\\/2019\\\/03\\\/CTF_LOGO_Blue.svg\",\"contentUrl\":\"https:\\\/\\\/cometofinland.fi\\\/wp-content\\\/uploads\\\/2019\\\/03\\\/CTF_LOGO_Blue.svg\",\"width\":1,\"height\":1,\"caption\":\"Come to Finland\"},\"image\":{\"@id\":\"https:\\\/\\\/cometofinland.fi\\\/fi\\\/#\\\/schema\\\/logo\\\/image\\\/\"},\"sameAs\":[\"https:\\\/\\\/fi-fi.facebook.com\\\/cometofinland\\\/\",\"https:\\\/\\\/www.instagram.com\\\/cometofinland\\\/\"]}]}<\/script>\n<!-- \/ Yoast SEO plugin. -->","yoast_head_json":{"title":"Come to Finland -muistipeli - Come to Finland","robots":{"index":"index","follow":"follow","max-snippet":"max-snippet:-1","max-image-preview":"max-image-preview:large","max-video-preview":"max-video-preview:-1"},"canonical":"https:\/\/cometofinland.fi\/fi\/tuote\/come-to-finland-muistipeli\/","og_locale":"fi_FI","og_type":"article","og_title":"Come to Finland -muistipeli - Come to Finland","og_description":"Etsi parit ja voita! K\u00e4\u00e4nn\u00e4 laattoja ja yrit\u00e4 l\u00f6yt\u00e4\u00e4 mahdollisimman monta paria. T\u00e4m\u00e4 klassinen peli on t\u00e4ynn\u00e4 upeita julistekuvia Suomesta! Sis\u00e4lt\u00f6: 48 memo-laattaa, s\u00e4\u00e4nn\u00f6t. Lisenssituote. Valmistaja: Tactic Valmistettu Suomessa. \u00a9 Rolf Christianson, V\u00e4in\u00f6 Blomstedt, Ingrid Bade x 2, Gunnar Forsstr\u00f6m, G\u00f6ran Englund &amp; Paul S\u00f6derstr\u00f6m, Jorma Suhonen x 2 ja Erik Bruun. The game includes [&hellip;]","og_url":"https:\/\/cometofinland.fi\/fi\/tuote\/come-to-finland-muistipeli\/","og_site_name":"Come to Finland","article_publisher":"https:\/\/fi-fi.facebook.com\/cometofinland\/","article_modified_time":"2025-11-23T15:05:00+00:00","og_image":[{"width":1500,"height":1500,"url":"https:\/\/cometofinland.fi\/wp-content\/uploads\/2020\/09\/CTF_Memo_BoxMockup_front-e1603796556565.jpg","type":"image\/jpeg"}],"twitter_card":"summary_large_image","schema":{"@context":"https:\/\/schema.org","@graph":[{"@type":"WebPage","@id":"https:\/\/cometofinland.fi\/fi\/tuote\/come-to-finland-muistipeli\/","url":"https:\/\/cometofinland.fi\/fi\/tuote\/come-to-finland-muistipeli\/","name":"Come to Finland -muistipeli - Come to Finland","isPartOf":{"@id":"https:\/\/cometofinland.fi\/fi\/#website"},"primaryImageOfPage":{"@id":"https:\/\/cometofinland.fi\/fi\/tuote\/come-to-finland-muistipeli\/#primaryimage"},"image":{"@id":"https:\/\/cometofinland.fi\/fi\/tuote\/come-to-finland-muistipeli\/#primaryimage"},"thumbnailUrl":"https:\/\/cometofinland.fi\/wp-content\/uploads\/2020\/09\/CTF_Memo_BoxMockup_front-e1603796556565.jpg","datePublished":"2019-09-22T05:44:57+00:00","dateModified":"2025-11-23T15:05:00+00:00","breadcrumb":{"@id":"https:\/\/cometofinland.fi\/fi\/tuote\/come-to-finland-muistipeli\/#breadcrumb"},"inLanguage":"fi","potentialAction":[{"@type":"ReadAction","target":["https:\/\/cometofinland.fi\/fi\/tuote\/come-to-finland-muistipeli\/"]}]},{"@type":"ImageObject","inLanguage":"fi","@id":"https:\/\/cometofinland.fi\/fi\/tuote\/come-to-finland-muistipeli\/#primaryimage","url":"https:\/\/cometofinland.fi\/wp-content\/uploads\/2020\/09\/CTF_Memo_BoxMockup_front-e1603796556565.jpg","contentUrl":"https:\/\/cometofinland.fi\/wp-content\/uploads\/2020\/09\/CTF_Memo_BoxMockup_front-e1603796556565.jpg","width":1500,"height":1500,"caption":"Memory Game"},{"@type":"BreadcrumbList","@id":"https:\/\/cometofinland.fi\/fi\/tuote\/come-to-finland-muistipeli\/#breadcrumb","itemListElement":[{"@type":"ListItem","position":1,"name":"Home","item":"https:\/\/cometofinland.fi\/fi\/"},{"@type":"ListItem","position":2,"name":"Kauppa","item":"https:\/\/cometofinland.fi\/fi\/kauppa\/"},{"@type":"ListItem","position":3,"name":"Come to Finland -muistipeli"}]},{"@type":"WebSite","@id":"https:\/\/cometofinland.fi\/fi\/#website","url":"https:\/\/cometofinland.fi\/fi\/","name":"Come to Finland","description":"poster love from Finland","publisher":{"@id":"https:\/\/cometofinland.fi\/fi\/#organization"},"potentialAction":[{"@type":"SearchAction","target":{"@type":"EntryPoint","urlTemplate":"https:\/\/cometofinland.fi\/fi\/?s={search_term_string}"},"query-input":{"@type":"PropertyValueSpecification","valueRequired":true,"valueName":"search_term_string"}}],"inLanguage":"fi"},{"@type":"Organization","@id":"https:\/\/cometofinland.fi\/fi\/#organization","name":"Come to Finland","url":"https:\/\/cometofinland.fi\/fi\/","logo":{"@type":"ImageObject","inLanguage":"fi","@id":"https:\/\/cometofinland.fi\/fi\/#\/schema\/logo\/image\/","url":"https:\/\/cometofinland.fi\/wp-content\/uploads\/2019\/03\/CTF_LOGO_Blue.svg","contentUrl":"https:\/\/cometofinland.fi\/wp-content\/uploads\/2019\/03\/CTF_LOGO_Blue.svg","width":1,"height":1,"caption":"Come to Finland"},"image":{"@id":"https:\/\/cometofinland.fi\/fi\/#\/schema\/logo\/image\/"},"sameAs":["https:\/\/fi-fi.facebook.com\/cometofinland\/","https:\/\/www.instagram.com\/cometofinland\/"]}]}},"_links":{"self":[{"href":"https:\/\/cometofinland.fi\/fi\/wp-json\/wp\/v2\/product\/18108","targetHints":{"allow":["GET"]}}],"collection":[{"href":"https:\/\/cometofinland.fi\/fi\/wp-json\/wp\/v2\/product"}],"about":[{"href":"https:\/\/cometofinland.fi\/fi\/wp-json\/wp\/v2\/types\/product"}],"wp:featuredmedia":[{"embeddable":true,"href":"https:\/\/cometofinland.fi\/fi\/wp-json\/wp\/v2\/media\/18091"}],"wp:attachment":[{"href":"https:\/\/cometofinland.fi\/fi\/wp-json\/wp\/v2\/media?parent=18108"}],"wp:term":[{"taxonomy":"product_brand","embeddable":true,"href":"https:\/\/cometofinland.fi\/fi\/wp-json\/wp\/v2\/product_brand?post=18108"},{"taxonomy":"product_cat","embeddable":true,"href":"https:\/\/cometofinland.fi\/fi\/wp-json\/wp\/v2\/product_cat?post=18108"},{"taxonomy":"product_tag","embeddable":true,"href":"https:\/\/cometofinland.fi\/fi\/wp-json\/wp\/v2\/product_tag?post=18108"}],"curies":[{"name":"wp","href":"https:\/\/api.w.org\/{rel}","templated":true}]}}