{"id":22147,"date":"2022-03-10T19:34:38","date_gmt":"2022-03-10T17:34:38","guid":{"rendered":"https:\/\/cometofinland.fi\/?post_type=product&#038;p=22147"},"modified":"2022-03-02T21:16:54","modified_gmt":"2022-03-02T19:16:54","slug":"cloudberries-by-the-river-by-lily-liljefors-juliste-50-x-70-cm","status":"publish","type":"product","link":"https:\/\/cometofinland.fi\/fi\/tuote\/cloudberries-by-the-river-by-lily-liljefors-juliste-50-x-70-cm\/","title":{"rendered":"Cloudberries by the River by Lily Liljefors, Juliste 50 x 70 cm"},"content":{"rendered":"<p>Come to Norden \u2013 Tulkaa Pohjoismaihin! T\u00e4m\u00e4 juliste kuuluu Custom Print -sarjaamme, jonka jokainen juliste on yksitt\u00e4iskappale ja painettu Suomessa juuri sinua varten. K\u00e4yt\u00e4mme julisteissa korkealuokkaista FSC-sertifioitua mattapaperia. Huippuunsa viety tekniikka ja 12 v\u00e4ri\u00e4 takaavat, ett\u00e4 painoj\u00e4ljen kirkkaus ja v\u00e4riskaala ovat ensiluokkaiset ja juliste s\u00e4ilyy my\u00f6s tuleville sukupolville.<\/p>\n<p>Juliste toimitetaan kest\u00e4v\u00e4ss\u00e4 pahviputkessa. Jos tilauksessasi on useampia julisteita, toimitamme ne yhteen pahviputkeen pakattuina.<\/p>\n","protected":false},"excerpt":{"rendered":"<p>Come to Norden \u2013 Tulkaa Pohjoismaihin! T\u00e4m\u00e4 juliste kuuluu Custom Print -sarjaamme, jonka jokainen juliste on yksitt\u00e4iskappale ja painettu Suomessa juuri sinua varten. K\u00e4yt\u00e4mme julisteissa korkealuokkaista FSC-sertifioitua mattapaperia. Huippuunsa viety tekniikka ja 12 v\u00e4ri\u00e4 takaavat, ett\u00e4 painoj\u00e4ljen kirkkaus ja v\u00e4riskaala ovat ensiluokkaiset ja juliste s\u00e4ilyy my\u00f6s tuleville sukupolville. Juliste toimitetaan kest\u00e4v\u00e4ss\u00e4 pahviputkessa. Jos tilauksessasi on [&hellip;]<\/p>\n","protected":false},"featured_media":22117,"template":"","meta":{"_acf_changed":false},"product_brand":[],"product_cat":[543,764],"product_tag":[],"class_list":{"0":"post-22147","1":"product","2":"type-product","3":"status-publish","4":"has-post-thumbnail","6":"product_cat-nykyajan-matakailujulisteet","7":"product_cat-julisteet-pohjoismaat","9":"first","10":"instock","11":"taxable","12":"shipping-taxable","13":"purchasable","14":"product-type-simple"},"acf":[],"yoast_head":"<!-- This site is optimized with the Yoast SEO plugin v27.4 - https:\/\/yoast.com\/product\/yoast-seo-wordpress\/ -->\n<title>Cloudberries by the River by Lily Liljefors, Juliste 50 x 70 cm - Come to Finland<\/title>\n<meta name=\"description\" content=\"Come to Norden \u2013 Tulkaa Pohjoismaihin! T\u00e4m\u00e4 juliste kuuluu Custom Print -sarjaamme, jonka jokainen juliste on yksitt\u00e4iskappale ja painettu Suomessa juuri sinua varten.\" \/>\n<meta name=\"robots\" content=\"index, follow, max-snippet:-1, max-image-preview:large, max-video-preview:-1\" \/>\n<link rel=\"canonical\" href=\"https:\/\/cometofinland.fi\/fi\/tuote\/cloudberries-by-the-river-by-lily-liljefors-juliste-50-x-70-cm\/\" \/>\n<meta property=\"og:locale\" content=\"fi_FI\" \/>\n<meta property=\"og:type\" content=\"article\" \/>\n<meta property=\"og:title\" content=\"Cloudberries by the River by Lily Liljefors, Juliste 50 x 70 cm - Come to Finland\" \/>\n<meta property=\"og:description\" content=\"Come to Norden \u2013 Tulkaa Pohjoismaihin! T\u00e4m\u00e4 juliste kuuluu Custom Print -sarjaamme, jonka jokainen juliste on yksitt\u00e4iskappale ja painettu Suomessa juuri sinua varten.\" \/>\n<meta property=\"og:url\" content=\"https:\/\/cometofinland.fi\/fi\/tuote\/cloudberries-by-the-river-by-lily-liljefors-juliste-50-x-70-cm\/\" \/>\n<meta property=\"og:site_name\" content=\"Come to Finland\" \/>\n<meta property=\"article:publisher\" content=\"https:\/\/fi-fi.facebook.com\/cometofinland\/\" \/>\n<meta property=\"og:image\" content=\"https:\/\/cometofinland.fi\/wp-content\/uploads\/2022\/03\/Come-to-Norden-hjortron-vid-fors-Lily-Liljefors.jpg\" \/>\n\t<meta property=\"og:image:width\" content=\"900\" \/>\n\t<meta property=\"og:image:height\" content=\"1256\" \/>\n\t<meta property=\"og:image:type\" content=\"image\/jpeg\" \/>\n<meta name=\"twitter:card\" content=\"summary_large_image\" \/>\n<script type=\"application\/ld+json\" class=\"yoast-schema-graph\">{\"@context\":\"https:\\\/\\\/schema.org\",\"@graph\":[{\"@type\":\"WebPage\",\"@id\":\"https:\\\/\\\/cometofinland.fi\\\/fi\\\/tuote\\\/cloudberries-by-the-river-by-lily-liljefors-juliste-50-x-70-cm\\\/\",\"url\":\"https:\\\/\\\/cometofinland.fi\\\/fi\\\/tuote\\\/cloudberries-by-the-river-by-lily-liljefors-juliste-50-x-70-cm\\\/\",\"name\":\"Cloudberries by the River by Lily Liljefors, Juliste 50 x 70 cm - Come to Finland\",\"isPartOf\":{\"@id\":\"https:\\\/\\\/cometofinland.fi\\\/fi\\\/#website\"},\"primaryImageOfPage\":{\"@id\":\"https:\\\/\\\/cometofinland.fi\\\/fi\\\/tuote\\\/cloudberries-by-the-river-by-lily-liljefors-juliste-50-x-70-cm\\\/#primaryimage\"},\"image\":{\"@id\":\"https:\\\/\\\/cometofinland.fi\\\/fi\\\/tuote\\\/cloudberries-by-the-river-by-lily-liljefors-juliste-50-x-70-cm\\\/#primaryimage\"},\"thumbnailUrl\":\"https:\\\/\\\/cometofinland.fi\\\/wp-content\\\/uploads\\\/2022\\\/03\\\/Come-to-Norden-hjortron-vid-fors-Lily-Liljefors.jpg\",\"datePublished\":\"2022-03-10T17:34:38+00:00\",\"description\":\"Come to Norden \u2013 Tulkaa Pohjoismaihin! T\u00e4m\u00e4 juliste kuuluu Custom Print -sarjaamme, jonka jokainen juliste on yksitt\u00e4iskappale ja painettu Suomessa juuri sinua varten.\",\"breadcrumb\":{\"@id\":\"https:\\\/\\\/cometofinland.fi\\\/fi\\\/tuote\\\/cloudberries-by-the-river-by-lily-liljefors-juliste-50-x-70-cm\\\/#breadcrumb\"},\"inLanguage\":\"fi\",\"potentialAction\":[{\"@type\":\"ReadAction\",\"target\":[\"https:\\\/\\\/cometofinland.fi\\\/fi\\\/tuote\\\/cloudberries-by-the-river-by-lily-liljefors-juliste-50-x-70-cm\\\/\"]}]},{\"@type\":\"ImageObject\",\"inLanguage\":\"fi\",\"@id\":\"https:\\\/\\\/cometofinland.fi\\\/fi\\\/tuote\\\/cloudberries-by-the-river-by-lily-liljefors-juliste-50-x-70-cm\\\/#primaryimage\",\"url\":\"https:\\\/\\\/cometofinland.fi\\\/wp-content\\\/uploads\\\/2022\\\/03\\\/Come-to-Norden-hjortron-vid-fors-Lily-Liljefors.jpg\",\"contentUrl\":\"https:\\\/\\\/cometofinland.fi\\\/wp-content\\\/uploads\\\/2022\\\/03\\\/Come-to-Norden-hjortron-vid-fors-Lily-Liljefors.jpg\",\"width\":900,\"height\":1256},{\"@type\":\"BreadcrumbList\",\"@id\":\"https:\\\/\\\/cometofinland.fi\\\/fi\\\/tuote\\\/cloudberries-by-the-river-by-lily-liljefors-juliste-50-x-70-cm\\\/#breadcrumb\",\"itemListElement\":[{\"@type\":\"ListItem\",\"position\":1,\"name\":\"Home\",\"item\":\"https:\\\/\\\/cometofinland.fi\\\/fi\\\/\"},{\"@type\":\"ListItem\",\"position\":2,\"name\":\"Kauppa\",\"item\":\"https:\\\/\\\/cometofinland.fi\\\/fi\\\/kauppa\\\/\"},{\"@type\":\"ListItem\",\"position\":3,\"name\":\"Cloudberries by the River by Lily Liljefors, Juliste 50 x 70 cm\"}]},{\"@type\":\"WebSite\",\"@id\":\"https:\\\/\\\/cometofinland.fi\\\/fi\\\/#website\",\"url\":\"https:\\\/\\\/cometofinland.fi\\\/fi\\\/\",\"name\":\"Come to Finland\",\"description\":\"poster love from Finland\",\"publisher\":{\"@id\":\"https:\\\/\\\/cometofinland.fi\\\/fi\\\/#organization\"},\"potentialAction\":[{\"@type\":\"SearchAction\",\"target\":{\"@type\":\"EntryPoint\",\"urlTemplate\":\"https:\\\/\\\/cometofinland.fi\\\/fi\\\/?s={search_term_string}\"},\"query-input\":{\"@type\":\"PropertyValueSpecification\",\"valueRequired\":true,\"valueName\":\"search_term_string\"}}],\"inLanguage\":\"fi\"},{\"@type\":\"Organization\",\"@id\":\"https:\\\/\\\/cometofinland.fi\\\/fi\\\/#organization\",\"name\":\"Come to Finland\",\"url\":\"https:\\\/\\\/cometofinland.fi\\\/fi\\\/\",\"logo\":{\"@type\":\"ImageObject\",\"inLanguage\":\"fi\",\"@id\":\"https:\\\/\\\/cometofinland.fi\\\/fi\\\/#\\\/schema\\\/logo\\\/image\\\/\",\"url\":\"https:\\\/\\\/cometofinland.fi\\\/wp-content\\\/uploads\\\/2019\\\/03\\\/CTF_LOGO_Blue.svg\",\"contentUrl\":\"https:\\\/\\\/cometofinland.fi\\\/wp-content\\\/uploads\\\/2019\\\/03\\\/CTF_LOGO_Blue.svg\",\"width\":1,\"height\":1,\"caption\":\"Come to Finland\"},\"image\":{\"@id\":\"https:\\\/\\\/cometofinland.fi\\\/fi\\\/#\\\/schema\\\/logo\\\/image\\\/\"},\"sameAs\":[\"https:\\\/\\\/fi-fi.facebook.com\\\/cometofinland\\\/\",\"https:\\\/\\\/www.instagram.com\\\/cometofinland\\\/\"]}]}<\/script>\n<!-- \/ Yoast SEO plugin. -->","yoast_head_json":{"title":"Cloudberries by the River by Lily Liljefors, Juliste 50 x 70 cm - Come to Finland","description":"Come to Norden \u2013 Tulkaa Pohjoismaihin! T\u00e4m\u00e4 juliste kuuluu Custom Print -sarjaamme, jonka jokainen juliste on yksitt\u00e4iskappale ja painettu Suomessa juuri sinua varten.","robots":{"index":"index","follow":"follow","max-snippet":"max-snippet:-1","max-image-preview":"max-image-preview:large","max-video-preview":"max-video-preview:-1"},"canonical":"https:\/\/cometofinland.fi\/fi\/tuote\/cloudberries-by-the-river-by-lily-liljefors-juliste-50-x-70-cm\/","og_locale":"fi_FI","og_type":"article","og_title":"Cloudberries by the River by Lily Liljefors, Juliste 50 x 70 cm - Come to Finland","og_description":"Come to Norden \u2013 Tulkaa Pohjoismaihin! T\u00e4m\u00e4 juliste kuuluu Custom Print -sarjaamme, jonka jokainen juliste on yksitt\u00e4iskappale ja painettu Suomessa juuri sinua varten.","og_url":"https:\/\/cometofinland.fi\/fi\/tuote\/cloudberries-by-the-river-by-lily-liljefors-juliste-50-x-70-cm\/","og_site_name":"Come to Finland","article_publisher":"https:\/\/fi-fi.facebook.com\/cometofinland\/","og_image":[{"width":900,"height":1256,"url":"https:\/\/cometofinland.fi\/wp-content\/uploads\/2022\/03\/Come-to-Norden-hjortron-vid-fors-Lily-Liljefors.jpg","type":"image\/jpeg"}],"twitter_card":"summary_large_image","schema":{"@context":"https:\/\/schema.org","@graph":[{"@type":"WebPage","@id":"https:\/\/cometofinland.fi\/fi\/tuote\/cloudberries-by-the-river-by-lily-liljefors-juliste-50-x-70-cm\/","url":"https:\/\/cometofinland.fi\/fi\/tuote\/cloudberries-by-the-river-by-lily-liljefors-juliste-50-x-70-cm\/","name":"Cloudberries by the River by Lily Liljefors, Juliste 50 x 70 cm - Come to Finland","isPartOf":{"@id":"https:\/\/cometofinland.fi\/fi\/#website"},"primaryImageOfPage":{"@id":"https:\/\/cometofinland.fi\/fi\/tuote\/cloudberries-by-the-river-by-lily-liljefors-juliste-50-x-70-cm\/#primaryimage"},"image":{"@id":"https:\/\/cometofinland.fi\/fi\/tuote\/cloudberries-by-the-river-by-lily-liljefors-juliste-50-x-70-cm\/#primaryimage"},"thumbnailUrl":"https:\/\/cometofinland.fi\/wp-content\/uploads\/2022\/03\/Come-to-Norden-hjortron-vid-fors-Lily-Liljefors.jpg","datePublished":"2022-03-10T17:34:38+00:00","description":"Come to Norden \u2013 Tulkaa Pohjoismaihin! T\u00e4m\u00e4 juliste kuuluu Custom Print -sarjaamme, jonka jokainen juliste on yksitt\u00e4iskappale ja painettu Suomessa juuri sinua varten.","breadcrumb":{"@id":"https:\/\/cometofinland.fi\/fi\/tuote\/cloudberries-by-the-river-by-lily-liljefors-juliste-50-x-70-cm\/#breadcrumb"},"inLanguage":"fi","potentialAction":[{"@type":"ReadAction","target":["https:\/\/cometofinland.fi\/fi\/tuote\/cloudberries-by-the-river-by-lily-liljefors-juliste-50-x-70-cm\/"]}]},{"@type":"ImageObject","inLanguage":"fi","@id":"https:\/\/cometofinland.fi\/fi\/tuote\/cloudberries-by-the-river-by-lily-liljefors-juliste-50-x-70-cm\/#primaryimage","url":"https:\/\/cometofinland.fi\/wp-content\/uploads\/2022\/03\/Come-to-Norden-hjortron-vid-fors-Lily-Liljefors.jpg","contentUrl":"https:\/\/cometofinland.fi\/wp-content\/uploads\/2022\/03\/Come-to-Norden-hjortron-vid-fors-Lily-Liljefors.jpg","width":900,"height":1256},{"@type":"BreadcrumbList","@id":"https:\/\/cometofinland.fi\/fi\/tuote\/cloudberries-by-the-river-by-lily-liljefors-juliste-50-x-70-cm\/#breadcrumb","itemListElement":[{"@type":"ListItem","position":1,"name":"Home","item":"https:\/\/cometofinland.fi\/fi\/"},{"@type":"ListItem","position":2,"name":"Kauppa","item":"https:\/\/cometofinland.fi\/fi\/kauppa\/"},{"@type":"ListItem","position":3,"name":"Cloudberries by the River by Lily Liljefors, Juliste 50 x 70 cm"}]},{"@type":"WebSite","@id":"https:\/\/cometofinland.fi\/fi\/#website","url":"https:\/\/cometofinland.fi\/fi\/","name":"Come to Finland","description":"poster love from Finland","publisher":{"@id":"https:\/\/cometofinland.fi\/fi\/#organization"},"potentialAction":[{"@type":"SearchAction","target":{"@type":"EntryPoint","urlTemplate":"https:\/\/cometofinland.fi\/fi\/?s={search_term_string}"},"query-input":{"@type":"PropertyValueSpecification","valueRequired":true,"valueName":"search_term_string"}}],"inLanguage":"fi"},{"@type":"Organization","@id":"https:\/\/cometofinland.fi\/fi\/#organization","name":"Come to Finland","url":"https:\/\/cometofinland.fi\/fi\/","logo":{"@type":"ImageObject","inLanguage":"fi","@id":"https:\/\/cometofinland.fi\/fi\/#\/schema\/logo\/image\/","url":"https:\/\/cometofinland.fi\/wp-content\/uploads\/2019\/03\/CTF_LOGO_Blue.svg","contentUrl":"https:\/\/cometofinland.fi\/wp-content\/uploads\/2019\/03\/CTF_LOGO_Blue.svg","width":1,"height":1,"caption":"Come to Finland"},"image":{"@id":"https:\/\/cometofinland.fi\/fi\/#\/schema\/logo\/image\/"},"sameAs":["https:\/\/fi-fi.facebook.com\/cometofinland\/","https:\/\/www.instagram.com\/cometofinland\/"]}]}},"_links":{"self":[{"href":"https:\/\/cometofinland.fi\/fi\/wp-json\/wp\/v2\/product\/22147","targetHints":{"allow":["GET"]}}],"collection":[{"href":"https:\/\/cometofinland.fi\/fi\/wp-json\/wp\/v2\/product"}],"about":[{"href":"https:\/\/cometofinland.fi\/fi\/wp-json\/wp\/v2\/types\/product"}],"wp:featuredmedia":[{"embeddable":true,"href":"https:\/\/cometofinland.fi\/fi\/wp-json\/wp\/v2\/media\/22117"}],"wp:attachment":[{"href":"https:\/\/cometofinland.fi\/fi\/wp-json\/wp\/v2\/media?parent=22147"}],"wp:term":[{"taxonomy":"product_brand","embeddable":true,"href":"https:\/\/cometofinland.fi\/fi\/wp-json\/wp\/v2\/product_brand?post=22147"},{"taxonomy":"product_cat","embeddable":true,"href":"https:\/\/cometofinland.fi\/fi\/wp-json\/wp\/v2\/product_cat?post=22147"},{"taxonomy":"product_tag","embeddable":true,"href":"https:\/\/cometofinland.fi\/fi\/wp-json\/wp\/v2\/product_tag?post=22147"}],"curies":[{"name":"wp","href":"https:\/\/api.w.org\/{rel}","templated":true}]}}