{"id":22819,"date":"2022-11-20T20:48:40","date_gmt":"2022-11-20T18:48:40","guid":{"rendered":"https:\/\/cometofinland.fi\/?post_type=product&#038;p=22819"},"modified":"2023-08-24T20:23:48","modified_gmt":"2023-08-24T17:23:48","slug":"come-to-norden-affischerna-som-tjusade-turisterna","status":"publish","type":"product","link":"https:\/\/cometofinland.fi\/fi\/tuote\/come-to-norden-affischerna-som-tjusade-turisterna\/","title":{"rendered":"Come to Norden \u2013 Affischerna som tjusade turisterna"},"content":{"rendered":"<p><strong>Julkaistu elokuussa 2022<\/strong><\/p>\n<p>Olemme tehneet komean kahvip\u00f6yt\u00e4kirjan, joka sis\u00e4lt\u00e4\u00e4 l\u00e4hes 200 pohjoismaista matkailujulistetta \u2013 julistetta, joita aikoinaan k\u00e4ytettiin markkinoitaessa Pohjolaa sek\u00e4 kotimaassa ett\u00e4 ulkomailla.<\/p>\n<p>Kirja on lis\u00e4ksi perusteellinen teos pohjoismaisen turismin historiasta. Kuinka Pohjoismaat piirsiv\u00e4t itsens\u00e4 tuolle turistikartalle? Siihen kirja tarjoaa vastauksen.Sit\u00e4paitsi me suhtaudumme uteliaasti pohjoismaisiin julistetaiteilijoihin \u2013 sankareihimme.<\/p>\n<p>Kirja on erillinen osa <em>Come to Norden<\/em> -n\u00e4yttely\u00e4mme, joka on parhaillaan esill\u00e4 Tukholman Nordiska museetissa. Teos sis\u00e4lt\u00e4\u00e4 enemm\u00e4n julisteita taustatietoineen.<\/p>\n<p>Sinulle, joka fanitat Pohjolaa, Come to Norden on ainoa tarvitsemasi kirja. Siit\u00e4 l\u00f6yd\u00e4t julisteita Suomesta, Ruotsista, Norjasta, Tanskasta ja Islannista. Edustettuina ovat my\u00f6s F\u00e4rsaaret, Ahvenanmaa ja Gr\u00f6nlanti. Pohjoismaista julisteglamouria joka iikalle!<\/p>\n<p><strong>Tekij\u00e4t:<\/strong> Magnus Londen &amp; Sophie Holm<br \/>\n<strong>Ulkoasu:<\/strong> Hilda Forss<br \/>\n<strong>Kieli:<\/strong> ruotsi<br \/>\n<strong>Koko:<\/strong> 21,4 x 28,3 cm<br \/>\n<strong>Laajuus:<\/strong> 320 sivua<br \/>\n<strong>Julisteiden lukum\u00e4\u00e4r\u00e4:<\/strong> l\u00e4hes 200<br \/>\n<strong>Julkaistu:<\/strong> 2022<br \/>\n<strong>Julkaisijat:<\/strong> Come to Finland &amp; Come to Sweden ja Affischj\u00e4garna rf (Julisteenmets\u00e4st\u00e4j\u00e4t ry)<br \/>\n<strong>ISBN:<\/strong> 978-952-67035-4-1<\/p>\n<p>&nbsp;<\/p>\n","protected":false},"excerpt":{"rendered":"<p>Julkaistu elokuussa 2022 Olemme tehneet komean kahvip\u00f6yt\u00e4kirjan, joka sis\u00e4lt\u00e4\u00e4 l\u00e4hes 200 pohjoismaista matkailujulistetta \u2013 julistetta, joita aikoinaan k\u00e4ytettiin markkinoitaessa Pohjolaa sek\u00e4 kotimaassa ett\u00e4 ulkomailla. Kirja on lis\u00e4ksi perusteellinen teos pohjoismaisen turismin historiasta. Kuinka Pohjoismaat piirsiv\u00e4t itsens\u00e4 tuolle turistikartalle? Siihen kirja tarjoaa vastauksen.Sit\u00e4paitsi me suhtaudumme uteliaasti pohjoismaisiin julistetaiteilijoihin \u2013 sankareihimme. Kirja on erillinen osa Come to [&hellip;]<\/p>\n","protected":false},"featured_media":22822,"template":"","meta":{"_acf_changed":false},"product_brand":[],"product_cat":[706,254,668],"product_tag":[],"class_list":{"0":"post-22819","1":"product","2":"type-product","3":"status-publish","4":"has-post-thumbnail","6":"product_cat-kirjat","7":"product_cat-kirjat-kalenterit","8":"product_cat-lahjaideat","10":"first","11":"instock","12":"sale","13":"taxable","14":"shipping-taxable","15":"purchasable","16":"product-type-simple"},"acf":[],"yoast_head":"<!-- This site is optimized with the Yoast SEO plugin v27.3 - https:\/\/yoast.com\/product\/yoast-seo-wordpress\/ -->\n<title>Come to Norden \u2013 Affischerna som tjusade turisterna - Come to Finland<\/title>\n<meta name=\"description\" content=\"Come to Finland! Kappale viihdytt\u00e4v\u00e4\u00e4 Suomi-nostalgiaa ja yll\u00e4tt\u00e4v\u00e4 n\u00e4k\u00f6kulma Suomen historiaan!\" \/>\n<meta name=\"robots\" content=\"index, follow, max-snippet:-1, max-image-preview:large, max-video-preview:-1\" \/>\n<link rel=\"canonical\" href=\"https:\/\/cometofinland.fi\/fi\/tuote\/come-to-norden-affischerna-som-tjusade-turisterna\/\" \/>\n<meta property=\"og:locale\" content=\"fi_FI\" \/>\n<meta property=\"og:type\" content=\"article\" \/>\n<meta property=\"og:title\" content=\"Come to Norden \u2013 Affischerna som tjusade turisterna - Come to Finland\" \/>\n<meta property=\"og:description\" content=\"Come to Finland! Kappale viihdytt\u00e4v\u00e4\u00e4 Suomi-nostalgiaa ja yll\u00e4tt\u00e4v\u00e4 n\u00e4k\u00f6kulma Suomen historiaan!\" \/>\n<meta property=\"og:url\" content=\"https:\/\/cometofinland.fi\/fi\/tuote\/come-to-norden-affischerna-som-tjusade-turisterna\/\" \/>\n<meta property=\"og:site_name\" content=\"Come to Finland\" \/>\n<meta property=\"article:publisher\" content=\"https:\/\/fi-fi.facebook.com\/cometofinland\/\" \/>\n<meta property=\"article:modified_time\" content=\"2023-08-24T17:23:48+00:00\" \/>\n<meta property=\"og:image\" content=\"https:\/\/cometofinland.fi\/wp-content\/uploads\/2022\/08\/Come-to-Norden-cover-774x1024.jpg\" \/>\n\t<meta property=\"og:image:width\" content=\"774\" \/>\n\t<meta property=\"og:image:height\" content=\"1024\" \/>\n\t<meta property=\"og:image:type\" content=\"image\/jpeg\" \/>\n<meta name=\"twitter:card\" content=\"summary_large_image\" \/>\n<meta name=\"twitter:label1\" content=\"Arvioitu lukuaika\" \/>\n\t<meta name=\"twitter:data1\" content=\"2 minuuttia\" \/>\n<script type=\"application\/ld+json\" class=\"yoast-schema-graph\">{\"@context\":\"https:\\\/\\\/schema.org\",\"@graph\":[{\"@type\":\"WebPage\",\"@id\":\"https:\\\/\\\/cometofinland.fi\\\/fi\\\/tuote\\\/come-to-norden-affischerna-som-tjusade-turisterna\\\/\",\"url\":\"https:\\\/\\\/cometofinland.fi\\\/fi\\\/tuote\\\/come-to-norden-affischerna-som-tjusade-turisterna\\\/\",\"name\":\"Come to Norden \u2013 Affischerna som tjusade turisterna - Come to Finland\",\"isPartOf\":{\"@id\":\"https:\\\/\\\/cometofinland.fi\\\/fi\\\/#website\"},\"primaryImageOfPage\":{\"@id\":\"https:\\\/\\\/cometofinland.fi\\\/fi\\\/tuote\\\/come-to-norden-affischerna-som-tjusade-turisterna\\\/#primaryimage\"},\"image\":{\"@id\":\"https:\\\/\\\/cometofinland.fi\\\/fi\\\/tuote\\\/come-to-norden-affischerna-som-tjusade-turisterna\\\/#primaryimage\"},\"thumbnailUrl\":\"https:\\\/\\\/cometofinland.fi\\\/wp-content\\\/uploads\\\/2022\\\/08\\\/Come-to-Norden-cover.jpg\",\"datePublished\":\"2022-11-20T18:48:40+00:00\",\"dateModified\":\"2023-08-24T17:23:48+00:00\",\"description\":\"Come to Finland! Kappale viihdytt\u00e4v\u00e4\u00e4 Suomi-nostalgiaa ja yll\u00e4tt\u00e4v\u00e4 n\u00e4k\u00f6kulma Suomen historiaan!\",\"breadcrumb\":{\"@id\":\"https:\\\/\\\/cometofinland.fi\\\/fi\\\/tuote\\\/come-to-norden-affischerna-som-tjusade-turisterna\\\/#breadcrumb\"},\"inLanguage\":\"fi\",\"potentialAction\":[{\"@type\":\"ReadAction\",\"target\":[\"https:\\\/\\\/cometofinland.fi\\\/fi\\\/tuote\\\/come-to-norden-affischerna-som-tjusade-turisterna\\\/\"]}]},{\"@type\":\"ImageObject\",\"inLanguage\":\"fi\",\"@id\":\"https:\\\/\\\/cometofinland.fi\\\/fi\\\/tuote\\\/come-to-norden-affischerna-som-tjusade-turisterna\\\/#primaryimage\",\"url\":\"https:\\\/\\\/cometofinland.fi\\\/wp-content\\\/uploads\\\/2022\\\/08\\\/Come-to-Norden-cover.jpg\",\"contentUrl\":\"https:\\\/\\\/cometofinland.fi\\\/wp-content\\\/uploads\\\/2022\\\/08\\\/Come-to-Norden-cover.jpg\",\"width\":1685,\"height\":2228},{\"@type\":\"BreadcrumbList\",\"@id\":\"https:\\\/\\\/cometofinland.fi\\\/fi\\\/tuote\\\/come-to-norden-affischerna-som-tjusade-turisterna\\\/#breadcrumb\",\"itemListElement\":[{\"@type\":\"ListItem\",\"position\":1,\"name\":\"Home\",\"item\":\"https:\\\/\\\/cometofinland.fi\\\/fi\\\/\"},{\"@type\":\"ListItem\",\"position\":2,\"name\":\"Kauppa\",\"item\":\"https:\\\/\\\/cometofinland.fi\\\/fi\\\/kauppa\\\/\"},{\"@type\":\"ListItem\",\"position\":3,\"name\":\"Come to Norden \u2013 Affischerna som tjusade turisterna\"}]},{\"@type\":\"WebSite\",\"@id\":\"https:\\\/\\\/cometofinland.fi\\\/fi\\\/#website\",\"url\":\"https:\\\/\\\/cometofinland.fi\\\/fi\\\/\",\"name\":\"Come to Finland\",\"description\":\"poster love from Finland\",\"publisher\":{\"@id\":\"https:\\\/\\\/cometofinland.fi\\\/fi\\\/#organization\"},\"potentialAction\":[{\"@type\":\"SearchAction\",\"target\":{\"@type\":\"EntryPoint\",\"urlTemplate\":\"https:\\\/\\\/cometofinland.fi\\\/fi\\\/?s={search_term_string}\"},\"query-input\":{\"@type\":\"PropertyValueSpecification\",\"valueRequired\":true,\"valueName\":\"search_term_string\"}}],\"inLanguage\":\"fi\"},{\"@type\":\"Organization\",\"@id\":\"https:\\\/\\\/cometofinland.fi\\\/fi\\\/#organization\",\"name\":\"Come to Finland\",\"url\":\"https:\\\/\\\/cometofinland.fi\\\/fi\\\/\",\"logo\":{\"@type\":\"ImageObject\",\"inLanguage\":\"fi\",\"@id\":\"https:\\\/\\\/cometofinland.fi\\\/fi\\\/#\\\/schema\\\/logo\\\/image\\\/\",\"url\":\"https:\\\/\\\/cometofinland.fi\\\/wp-content\\\/uploads\\\/2019\\\/03\\\/CTF_LOGO_Blue.svg\",\"contentUrl\":\"https:\\\/\\\/cometofinland.fi\\\/wp-content\\\/uploads\\\/2019\\\/03\\\/CTF_LOGO_Blue.svg\",\"width\":1,\"height\":1,\"caption\":\"Come to Finland\"},\"image\":{\"@id\":\"https:\\\/\\\/cometofinland.fi\\\/fi\\\/#\\\/schema\\\/logo\\\/image\\\/\"},\"sameAs\":[\"https:\\\/\\\/fi-fi.facebook.com\\\/cometofinland\\\/\",\"https:\\\/\\\/www.instagram.com\\\/cometofinland\\\/\"]}]}<\/script>\n<!-- \/ Yoast SEO plugin. -->","yoast_head_json":{"title":"Come to Norden \u2013 Affischerna som tjusade turisterna - Come to Finland","description":"Come to Finland! Kappale viihdytt\u00e4v\u00e4\u00e4 Suomi-nostalgiaa ja yll\u00e4tt\u00e4v\u00e4 n\u00e4k\u00f6kulma Suomen historiaan!","robots":{"index":"index","follow":"follow","max-snippet":"max-snippet:-1","max-image-preview":"max-image-preview:large","max-video-preview":"max-video-preview:-1"},"canonical":"https:\/\/cometofinland.fi\/fi\/tuote\/come-to-norden-affischerna-som-tjusade-turisterna\/","og_locale":"fi_FI","og_type":"article","og_title":"Come to Norden \u2013 Affischerna som tjusade turisterna - Come to Finland","og_description":"Come to Finland! Kappale viihdytt\u00e4v\u00e4\u00e4 Suomi-nostalgiaa ja yll\u00e4tt\u00e4v\u00e4 n\u00e4k\u00f6kulma Suomen historiaan!","og_url":"https:\/\/cometofinland.fi\/fi\/tuote\/come-to-norden-affischerna-som-tjusade-turisterna\/","og_site_name":"Come to Finland","article_publisher":"https:\/\/fi-fi.facebook.com\/cometofinland\/","article_modified_time":"2023-08-24T17:23:48+00:00","og_image":[{"width":774,"height":1024,"url":"https:\/\/cometofinland.fi\/wp-content\/uploads\/2022\/08\/Come-to-Norden-cover-774x1024.jpg","type":"image\/jpeg"}],"twitter_card":"summary_large_image","twitter_misc":{"Arvioitu lukuaika":"2 minuuttia"},"schema":{"@context":"https:\/\/schema.org","@graph":[{"@type":"WebPage","@id":"https:\/\/cometofinland.fi\/fi\/tuote\/come-to-norden-affischerna-som-tjusade-turisterna\/","url":"https:\/\/cometofinland.fi\/fi\/tuote\/come-to-norden-affischerna-som-tjusade-turisterna\/","name":"Come to Norden \u2013 Affischerna som tjusade turisterna - Come to Finland","isPartOf":{"@id":"https:\/\/cometofinland.fi\/fi\/#website"},"primaryImageOfPage":{"@id":"https:\/\/cometofinland.fi\/fi\/tuote\/come-to-norden-affischerna-som-tjusade-turisterna\/#primaryimage"},"image":{"@id":"https:\/\/cometofinland.fi\/fi\/tuote\/come-to-norden-affischerna-som-tjusade-turisterna\/#primaryimage"},"thumbnailUrl":"https:\/\/cometofinland.fi\/wp-content\/uploads\/2022\/08\/Come-to-Norden-cover.jpg","datePublished":"2022-11-20T18:48:40+00:00","dateModified":"2023-08-24T17:23:48+00:00","description":"Come to Finland! Kappale viihdytt\u00e4v\u00e4\u00e4 Suomi-nostalgiaa ja yll\u00e4tt\u00e4v\u00e4 n\u00e4k\u00f6kulma Suomen historiaan!","breadcrumb":{"@id":"https:\/\/cometofinland.fi\/fi\/tuote\/come-to-norden-affischerna-som-tjusade-turisterna\/#breadcrumb"},"inLanguage":"fi","potentialAction":[{"@type":"ReadAction","target":["https:\/\/cometofinland.fi\/fi\/tuote\/come-to-norden-affischerna-som-tjusade-turisterna\/"]}]},{"@type":"ImageObject","inLanguage":"fi","@id":"https:\/\/cometofinland.fi\/fi\/tuote\/come-to-norden-affischerna-som-tjusade-turisterna\/#primaryimage","url":"https:\/\/cometofinland.fi\/wp-content\/uploads\/2022\/08\/Come-to-Norden-cover.jpg","contentUrl":"https:\/\/cometofinland.fi\/wp-content\/uploads\/2022\/08\/Come-to-Norden-cover.jpg","width":1685,"height":2228},{"@type":"BreadcrumbList","@id":"https:\/\/cometofinland.fi\/fi\/tuote\/come-to-norden-affischerna-som-tjusade-turisterna\/#breadcrumb","itemListElement":[{"@type":"ListItem","position":1,"name":"Home","item":"https:\/\/cometofinland.fi\/fi\/"},{"@type":"ListItem","position":2,"name":"Kauppa","item":"https:\/\/cometofinland.fi\/fi\/kauppa\/"},{"@type":"ListItem","position":3,"name":"Come to Norden \u2013 Affischerna som tjusade turisterna"}]},{"@type":"WebSite","@id":"https:\/\/cometofinland.fi\/fi\/#website","url":"https:\/\/cometofinland.fi\/fi\/","name":"Come to Finland","description":"poster love from Finland","publisher":{"@id":"https:\/\/cometofinland.fi\/fi\/#organization"},"potentialAction":[{"@type":"SearchAction","target":{"@type":"EntryPoint","urlTemplate":"https:\/\/cometofinland.fi\/fi\/?s={search_term_string}"},"query-input":{"@type":"PropertyValueSpecification","valueRequired":true,"valueName":"search_term_string"}}],"inLanguage":"fi"},{"@type":"Organization","@id":"https:\/\/cometofinland.fi\/fi\/#organization","name":"Come to Finland","url":"https:\/\/cometofinland.fi\/fi\/","logo":{"@type":"ImageObject","inLanguage":"fi","@id":"https:\/\/cometofinland.fi\/fi\/#\/schema\/logo\/image\/","url":"https:\/\/cometofinland.fi\/wp-content\/uploads\/2019\/03\/CTF_LOGO_Blue.svg","contentUrl":"https:\/\/cometofinland.fi\/wp-content\/uploads\/2019\/03\/CTF_LOGO_Blue.svg","width":1,"height":1,"caption":"Come to Finland"},"image":{"@id":"https:\/\/cometofinland.fi\/fi\/#\/schema\/logo\/image\/"},"sameAs":["https:\/\/fi-fi.facebook.com\/cometofinland\/","https:\/\/www.instagram.com\/cometofinland\/"]}]}},"_links":{"self":[{"href":"https:\/\/cometofinland.fi\/fi\/wp-json\/wp\/v2\/product\/22819","targetHints":{"allow":["GET"]}}],"collection":[{"href":"https:\/\/cometofinland.fi\/fi\/wp-json\/wp\/v2\/product"}],"about":[{"href":"https:\/\/cometofinland.fi\/fi\/wp-json\/wp\/v2\/types\/product"}],"wp:featuredmedia":[{"embeddable":true,"href":"https:\/\/cometofinland.fi\/fi\/wp-json\/wp\/v2\/media\/22822"}],"wp:attachment":[{"href":"https:\/\/cometofinland.fi\/fi\/wp-json\/wp\/v2\/media?parent=22819"}],"wp:term":[{"taxonomy":"product_brand","embeddable":true,"href":"https:\/\/cometofinland.fi\/fi\/wp-json\/wp\/v2\/product_brand?post=22819"},{"taxonomy":"product_cat","embeddable":true,"href":"https:\/\/cometofinland.fi\/fi\/wp-json\/wp\/v2\/product_cat?post=22819"},{"taxonomy":"product_tag","embeddable":true,"href":"https:\/\/cometofinland.fi\/fi\/wp-json\/wp\/v2\/product_tag?post=22819"}],"curies":[{"name":"wp","href":"https:\/\/api.w.org\/{rel}","templated":true}]}}