{"id":22898,"date":"2022-08-24T10:22:40","date_gmt":"2022-08-24T07:22:40","guid":{"rendered":"https:\/\/cometofinland.fi\/?post_type=product&#038;p=22898"},"modified":"2025-11-21T19:35:55","modified_gmt":"2025-11-21T17:35:55","slug":"paijanne-suomen-jylhin-jarvi-juliste-50-x-70-cm","status":"publish","type":"product","link":"https:\/\/cometofinland.fi\/fi\/tuote\/paijanne-suomen-jylhin-jarvi-juliste-50-x-70-cm\/","title":{"rendered":"P\u00e4ij\u00e4nne \u2013 Suomen jylhin j\u00e4rvi, Juliste 50 x 70 cm"},"content":{"rendered":"<p>T\u00e4m\u00e4 P\u00e4ij\u00e4nne -juliste kuuluu Custom Print -sarjaamme, jonka jokainen juliste on yksitt\u00e4iskappale ja painettu Suomessa juuri sinua varten. K\u00e4yt\u00e4mme julisteissa korkealuokkaista FSC-sertifioitua mattapaperia. Huippuunsa viety tekniikka ja 12 v\u00e4ri\u00e4 takaavat, ett\u00e4 painoj\u00e4ljen kirkkaus ja v\u00e4riskaala ovat ensiluokkaiset ja juliste s\u00e4ilyy my\u00f6s tuleville sukupolville.<\/p>\n<p>Juliste toimitetaan kest\u00e4v\u00e4ss\u00e4 pahviputkessa. Jos tilauksessasi on useampia julisteita, toimitamme ne yhteen pahviputkeen pakattuina.<\/p>\n","protected":false},"excerpt":{"rendered":"<p>T\u00e4m\u00e4 P\u00e4ij\u00e4nne -juliste kuuluu Custom Print -sarjaamme, jonka jokainen juliste on yksitt\u00e4iskappale ja painettu Suomessa juuri sinua varten. K\u00e4yt\u00e4mme julisteissa korkealuokkaista FSC-sertifioitua mattapaperia. Huippuunsa viety tekniikka ja 12 v\u00e4ri\u00e4 takaavat, ett\u00e4 painoj\u00e4ljen kirkkaus ja v\u00e4riskaala ovat ensiluokkaiset ja juliste s\u00e4ilyy my\u00f6s tuleville sukupolville. Juliste toimitetaan kest\u00e4v\u00e4ss\u00e4 pahviputkessa. Jos tilauksessasi on useampia julisteita, toimitamme ne yhteen [&hellip;]<\/p>\n","protected":false},"featured_media":22901,"template":"","meta":{"_acf_changed":false},"product_brand":[],"product_cat":[537,539],"product_tag":[],"class_list":{"0":"post-22898","1":"product","2":"type-product","3":"status-publish","4":"has-post-thumbnail","6":"product_cat-vintage-julisteet","7":"product_cat-koko-m-50x70-uusintapainos","9":"first","10":"instock","11":"taxable","12":"shipping-taxable","13":"purchasable","14":"product-type-simple"},"acf":[],"yoast_head":"<!-- This site is optimized with the Yoast SEO plugin v27.3 - https:\/\/yoast.com\/product\/yoast-seo-wordpress\/ -->\n<title>P\u00e4ij\u00e4nne \u2013 Suomen jylhin j\u00e4rvi, Juliste 50 x 70 cm - Come to Finland<\/title>\n<meta name=\"robots\" content=\"index, follow, max-snippet:-1, max-image-preview:large, max-video-preview:-1\" \/>\n<link rel=\"canonical\" href=\"https:\/\/cometofinland.fi\/fi\/tuote\/paijanne-suomen-jylhin-jarvi-juliste-50-x-70-cm\/\" \/>\n<meta property=\"og:locale\" content=\"fi_FI\" \/>\n<meta property=\"og:type\" content=\"article\" \/>\n<meta property=\"og:title\" content=\"P\u00e4ij\u00e4nne \u2013 Suomen jylhin j\u00e4rvi, Juliste 50 x 70 cm - Come to Finland\" \/>\n<meta property=\"og:description\" content=\"T\u00e4m\u00e4 P\u00e4ij\u00e4nne -juliste kuuluu Custom Print -sarjaamme, jonka jokainen juliste on yksitt\u00e4iskappale ja painettu Suomessa juuri sinua varten. K\u00e4yt\u00e4mme julisteissa korkealuokkaista FSC-sertifioitua mattapaperia. Huippuunsa viety tekniikka ja 12 v\u00e4ri\u00e4 takaavat, ett\u00e4 painoj\u00e4ljen kirkkaus ja v\u00e4riskaala ovat ensiluokkaiset ja juliste s\u00e4ilyy my\u00f6s tuleville sukupolville. Juliste toimitetaan kest\u00e4v\u00e4ss\u00e4 pahviputkessa. Jos tilauksessasi on useampia julisteita, toimitamme ne yhteen [&hellip;]\" \/>\n<meta property=\"og:url\" content=\"https:\/\/cometofinland.fi\/fi\/tuote\/paijanne-suomen-jylhin-jarvi-juliste-50-x-70-cm\/\" \/>\n<meta property=\"og:site_name\" content=\"Come to Finland\" \/>\n<meta property=\"article:publisher\" content=\"https:\/\/fi-fi.facebook.com\/cometofinland\/\" \/>\n<meta property=\"article:modified_time\" content=\"2025-11-21T17:35:55+00:00\" \/>\n<meta property=\"og:image\" content=\"https:\/\/cometofinland.fi\/wp-content\/uploads\/2022\/08\/POD-M-68_Paijanne_506x706mm_lowres.jpg\" \/>\n\t<meta property=\"og:image:width\" content=\"1075\" \/>\n\t<meta property=\"og:image:height\" content=\"1500\" \/>\n\t<meta property=\"og:image:type\" content=\"image\/jpeg\" \/>\n<meta name=\"twitter:card\" content=\"summary_large_image\" \/>\n<script type=\"application\/ld+json\" class=\"yoast-schema-graph\">{\"@context\":\"https:\\\/\\\/schema.org\",\"@graph\":[{\"@type\":\"WebPage\",\"@id\":\"https:\\\/\\\/cometofinland.fi\\\/fi\\\/tuote\\\/paijanne-suomen-jylhin-jarvi-juliste-50-x-70-cm\\\/\",\"url\":\"https:\\\/\\\/cometofinland.fi\\\/fi\\\/tuote\\\/paijanne-suomen-jylhin-jarvi-juliste-50-x-70-cm\\\/\",\"name\":\"P\u00e4ij\u00e4nne \u2013 Suomen jylhin j\u00e4rvi, Juliste 50 x 70 cm - Come to Finland\",\"isPartOf\":{\"@id\":\"https:\\\/\\\/cometofinland.fi\\\/fi\\\/#website\"},\"primaryImageOfPage\":{\"@id\":\"https:\\\/\\\/cometofinland.fi\\\/fi\\\/tuote\\\/paijanne-suomen-jylhin-jarvi-juliste-50-x-70-cm\\\/#primaryimage\"},\"image\":{\"@id\":\"https:\\\/\\\/cometofinland.fi\\\/fi\\\/tuote\\\/paijanne-suomen-jylhin-jarvi-juliste-50-x-70-cm\\\/#primaryimage\"},\"thumbnailUrl\":\"https:\\\/\\\/cometofinland.fi\\\/wp-content\\\/uploads\\\/2022\\\/08\\\/POD-M-68_Paijanne_506x706mm_lowres.jpg\",\"datePublished\":\"2022-08-24T07:22:40+00:00\",\"dateModified\":\"2025-11-21T17:35:55+00:00\",\"breadcrumb\":{\"@id\":\"https:\\\/\\\/cometofinland.fi\\\/fi\\\/tuote\\\/paijanne-suomen-jylhin-jarvi-juliste-50-x-70-cm\\\/#breadcrumb\"},\"inLanguage\":\"fi\",\"potentialAction\":[{\"@type\":\"ReadAction\",\"target\":[\"https:\\\/\\\/cometofinland.fi\\\/fi\\\/tuote\\\/paijanne-suomen-jylhin-jarvi-juliste-50-x-70-cm\\\/\"]}]},{\"@type\":\"ImageObject\",\"inLanguage\":\"fi\",\"@id\":\"https:\\\/\\\/cometofinland.fi\\\/fi\\\/tuote\\\/paijanne-suomen-jylhin-jarvi-juliste-50-x-70-cm\\\/#primaryimage\",\"url\":\"https:\\\/\\\/cometofinland.fi\\\/wp-content\\\/uploads\\\/2022\\\/08\\\/POD-M-68_Paijanne_506x706mm_lowres.jpg\",\"contentUrl\":\"https:\\\/\\\/cometofinland.fi\\\/wp-content\\\/uploads\\\/2022\\\/08\\\/POD-M-68_Paijanne_506x706mm_lowres.jpg\",\"width\":1075,\"height\":1500},{\"@type\":\"BreadcrumbList\",\"@id\":\"https:\\\/\\\/cometofinland.fi\\\/fi\\\/tuote\\\/paijanne-suomen-jylhin-jarvi-juliste-50-x-70-cm\\\/#breadcrumb\",\"itemListElement\":[{\"@type\":\"ListItem\",\"position\":1,\"name\":\"Home\",\"item\":\"https:\\\/\\\/cometofinland.fi\\\/fi\\\/\"},{\"@type\":\"ListItem\",\"position\":2,\"name\":\"Kauppa\",\"item\":\"https:\\\/\\\/cometofinland.fi\\\/fi\\\/kauppa\\\/\"},{\"@type\":\"ListItem\",\"position\":3,\"name\":\"P\u00e4ij\u00e4nne \u2013 Suomen jylhin j\u00e4rvi, Juliste 50 x 70 cm\"}]},{\"@type\":\"WebSite\",\"@id\":\"https:\\\/\\\/cometofinland.fi\\\/fi\\\/#website\",\"url\":\"https:\\\/\\\/cometofinland.fi\\\/fi\\\/\",\"name\":\"Come to Finland\",\"description\":\"poster love from Finland\",\"publisher\":{\"@id\":\"https:\\\/\\\/cometofinland.fi\\\/fi\\\/#organization\"},\"potentialAction\":[{\"@type\":\"SearchAction\",\"target\":{\"@type\":\"EntryPoint\",\"urlTemplate\":\"https:\\\/\\\/cometofinland.fi\\\/fi\\\/?s={search_term_string}\"},\"query-input\":{\"@type\":\"PropertyValueSpecification\",\"valueRequired\":true,\"valueName\":\"search_term_string\"}}],\"inLanguage\":\"fi\"},{\"@type\":\"Organization\",\"@id\":\"https:\\\/\\\/cometofinland.fi\\\/fi\\\/#organization\",\"name\":\"Come to Finland\",\"url\":\"https:\\\/\\\/cometofinland.fi\\\/fi\\\/\",\"logo\":{\"@type\":\"ImageObject\",\"inLanguage\":\"fi\",\"@id\":\"https:\\\/\\\/cometofinland.fi\\\/fi\\\/#\\\/schema\\\/logo\\\/image\\\/\",\"url\":\"https:\\\/\\\/cometofinland.fi\\\/wp-content\\\/uploads\\\/2019\\\/03\\\/CTF_LOGO_Blue.svg\",\"contentUrl\":\"https:\\\/\\\/cometofinland.fi\\\/wp-content\\\/uploads\\\/2019\\\/03\\\/CTF_LOGO_Blue.svg\",\"width\":1,\"height\":1,\"caption\":\"Come to Finland\"},\"image\":{\"@id\":\"https:\\\/\\\/cometofinland.fi\\\/fi\\\/#\\\/schema\\\/logo\\\/image\\\/\"},\"sameAs\":[\"https:\\\/\\\/fi-fi.facebook.com\\\/cometofinland\\\/\",\"https:\\\/\\\/www.instagram.com\\\/cometofinland\\\/\"]}]}<\/script>\n<!-- \/ Yoast SEO plugin. -->","yoast_head_json":{"title":"P\u00e4ij\u00e4nne \u2013 Suomen jylhin j\u00e4rvi, Juliste 50 x 70 cm - Come to Finland","robots":{"index":"index","follow":"follow","max-snippet":"max-snippet:-1","max-image-preview":"max-image-preview:large","max-video-preview":"max-video-preview:-1"},"canonical":"https:\/\/cometofinland.fi\/fi\/tuote\/paijanne-suomen-jylhin-jarvi-juliste-50-x-70-cm\/","og_locale":"fi_FI","og_type":"article","og_title":"P\u00e4ij\u00e4nne \u2013 Suomen jylhin j\u00e4rvi, Juliste 50 x 70 cm - Come to Finland","og_description":"T\u00e4m\u00e4 P\u00e4ij\u00e4nne -juliste kuuluu Custom Print -sarjaamme, jonka jokainen juliste on yksitt\u00e4iskappale ja painettu Suomessa juuri sinua varten. K\u00e4yt\u00e4mme julisteissa korkealuokkaista FSC-sertifioitua mattapaperia. Huippuunsa viety tekniikka ja 12 v\u00e4ri\u00e4 takaavat, ett\u00e4 painoj\u00e4ljen kirkkaus ja v\u00e4riskaala ovat ensiluokkaiset ja juliste s\u00e4ilyy my\u00f6s tuleville sukupolville. Juliste toimitetaan kest\u00e4v\u00e4ss\u00e4 pahviputkessa. Jos tilauksessasi on useampia julisteita, toimitamme ne yhteen [&hellip;]","og_url":"https:\/\/cometofinland.fi\/fi\/tuote\/paijanne-suomen-jylhin-jarvi-juliste-50-x-70-cm\/","og_site_name":"Come to Finland","article_publisher":"https:\/\/fi-fi.facebook.com\/cometofinland\/","article_modified_time":"2025-11-21T17:35:55+00:00","og_image":[{"width":1075,"height":1500,"url":"https:\/\/cometofinland.fi\/wp-content\/uploads\/2022\/08\/POD-M-68_Paijanne_506x706mm_lowres.jpg","type":"image\/jpeg"}],"twitter_card":"summary_large_image","schema":{"@context":"https:\/\/schema.org","@graph":[{"@type":"WebPage","@id":"https:\/\/cometofinland.fi\/fi\/tuote\/paijanne-suomen-jylhin-jarvi-juliste-50-x-70-cm\/","url":"https:\/\/cometofinland.fi\/fi\/tuote\/paijanne-suomen-jylhin-jarvi-juliste-50-x-70-cm\/","name":"P\u00e4ij\u00e4nne \u2013 Suomen jylhin j\u00e4rvi, Juliste 50 x 70 cm - Come to Finland","isPartOf":{"@id":"https:\/\/cometofinland.fi\/fi\/#website"},"primaryImageOfPage":{"@id":"https:\/\/cometofinland.fi\/fi\/tuote\/paijanne-suomen-jylhin-jarvi-juliste-50-x-70-cm\/#primaryimage"},"image":{"@id":"https:\/\/cometofinland.fi\/fi\/tuote\/paijanne-suomen-jylhin-jarvi-juliste-50-x-70-cm\/#primaryimage"},"thumbnailUrl":"https:\/\/cometofinland.fi\/wp-content\/uploads\/2022\/08\/POD-M-68_Paijanne_506x706mm_lowres.jpg","datePublished":"2022-08-24T07:22:40+00:00","dateModified":"2025-11-21T17:35:55+00:00","breadcrumb":{"@id":"https:\/\/cometofinland.fi\/fi\/tuote\/paijanne-suomen-jylhin-jarvi-juliste-50-x-70-cm\/#breadcrumb"},"inLanguage":"fi","potentialAction":[{"@type":"ReadAction","target":["https:\/\/cometofinland.fi\/fi\/tuote\/paijanne-suomen-jylhin-jarvi-juliste-50-x-70-cm\/"]}]},{"@type":"ImageObject","inLanguage":"fi","@id":"https:\/\/cometofinland.fi\/fi\/tuote\/paijanne-suomen-jylhin-jarvi-juliste-50-x-70-cm\/#primaryimage","url":"https:\/\/cometofinland.fi\/wp-content\/uploads\/2022\/08\/POD-M-68_Paijanne_506x706mm_lowres.jpg","contentUrl":"https:\/\/cometofinland.fi\/wp-content\/uploads\/2022\/08\/POD-M-68_Paijanne_506x706mm_lowres.jpg","width":1075,"height":1500},{"@type":"BreadcrumbList","@id":"https:\/\/cometofinland.fi\/fi\/tuote\/paijanne-suomen-jylhin-jarvi-juliste-50-x-70-cm\/#breadcrumb","itemListElement":[{"@type":"ListItem","position":1,"name":"Home","item":"https:\/\/cometofinland.fi\/fi\/"},{"@type":"ListItem","position":2,"name":"Kauppa","item":"https:\/\/cometofinland.fi\/fi\/kauppa\/"},{"@type":"ListItem","position":3,"name":"P\u00e4ij\u00e4nne \u2013 Suomen jylhin j\u00e4rvi, Juliste 50 x 70 cm"}]},{"@type":"WebSite","@id":"https:\/\/cometofinland.fi\/fi\/#website","url":"https:\/\/cometofinland.fi\/fi\/","name":"Come to Finland","description":"poster love from Finland","publisher":{"@id":"https:\/\/cometofinland.fi\/fi\/#organization"},"potentialAction":[{"@type":"SearchAction","target":{"@type":"EntryPoint","urlTemplate":"https:\/\/cometofinland.fi\/fi\/?s={search_term_string}"},"query-input":{"@type":"PropertyValueSpecification","valueRequired":true,"valueName":"search_term_string"}}],"inLanguage":"fi"},{"@type":"Organization","@id":"https:\/\/cometofinland.fi\/fi\/#organization","name":"Come to Finland","url":"https:\/\/cometofinland.fi\/fi\/","logo":{"@type":"ImageObject","inLanguage":"fi","@id":"https:\/\/cometofinland.fi\/fi\/#\/schema\/logo\/image\/","url":"https:\/\/cometofinland.fi\/wp-content\/uploads\/2019\/03\/CTF_LOGO_Blue.svg","contentUrl":"https:\/\/cometofinland.fi\/wp-content\/uploads\/2019\/03\/CTF_LOGO_Blue.svg","width":1,"height":1,"caption":"Come to Finland"},"image":{"@id":"https:\/\/cometofinland.fi\/fi\/#\/schema\/logo\/image\/"},"sameAs":["https:\/\/fi-fi.facebook.com\/cometofinland\/","https:\/\/www.instagram.com\/cometofinland\/"]}]}},"_links":{"self":[{"href":"https:\/\/cometofinland.fi\/fi\/wp-json\/wp\/v2\/product\/22898","targetHints":{"allow":["GET"]}}],"collection":[{"href":"https:\/\/cometofinland.fi\/fi\/wp-json\/wp\/v2\/product"}],"about":[{"href":"https:\/\/cometofinland.fi\/fi\/wp-json\/wp\/v2\/types\/product"}],"wp:featuredmedia":[{"embeddable":true,"href":"https:\/\/cometofinland.fi\/fi\/wp-json\/wp\/v2\/media\/22901"}],"wp:attachment":[{"href":"https:\/\/cometofinland.fi\/fi\/wp-json\/wp\/v2\/media?parent=22898"}],"wp:term":[{"taxonomy":"product_brand","embeddable":true,"href":"https:\/\/cometofinland.fi\/fi\/wp-json\/wp\/v2\/product_brand?post=22898"},{"taxonomy":"product_cat","embeddable":true,"href":"https:\/\/cometofinland.fi\/fi\/wp-json\/wp\/v2\/product_cat?post=22898"},{"taxonomy":"product_tag","embeddable":true,"href":"https:\/\/cometofinland.fi\/fi\/wp-json\/wp\/v2\/product_tag?post=22898"}],"curies":[{"name":"wp","href":"https:\/\/api.w.org\/{rel}","templated":true}]}}