{"id":24675,"date":"2022-02-01T10:02:34","date_gmt":"2022-02-01T08:02:34","guid":{"rendered":"https:\/\/cometofinland.fi\/?post_type=product&#038;p=24675"},"modified":"2024-12-29T12:40:44","modified_gmt":"2024-12-29T10:40:44","slug":"rolling-in-the-snow-by-greta-cappellini-juliste-50x70","status":"publish","type":"product","link":"https:\/\/cometofinland.fi\/fi\/tuote\/rolling-in-the-snow-by-greta-cappellini-juliste-50x70\/","title":{"rendered":"Rolling in the snow by Greta Cappellini, Juliste 50&#215;70"},"content":{"rendered":"<p>T\u00e4m\u00e4 ihana talvinen saunajuliste \u2013 <em>Rolling in the snow<\/em> \u2013 kuuluu Custom Print -sarjaamme, jonka jokainen juliste on yksitt\u00e4iskappale ja painettu Suomessa juuri sinua varten. K\u00e4yt\u00e4mme julisteissa korkealuokkaista FSC-sertifioitua mattapaperia. Huippuunsa viety tekniikka ja 12 v\u00e4ri\u00e4 takaavat, ett\u00e4 painoj\u00e4ljen kirkkaus ja v\u00e4riskaala ovat ensiluokkaiset ja juliste s\u00e4ilyy my\u00f6s tuleville sukupolville.<\/p>\n<p>Juliste toimitetaan kest\u00e4v\u00e4ss\u00e4 pahviputkessa. Jos tilauksessasi on useampia julisteita, toimitamme ne yhteen pahviputkeen pakattuina.<\/p>\n","protected":false},"excerpt":{"rendered":"<p>T\u00e4m\u00e4 ihana talvinen saunajuliste \u2013 Rolling in the snow \u2013 kuuluu Custom Print -sarjaamme, jonka jokainen juliste on yksitt\u00e4iskappale ja painettu Suomessa juuri sinua varten. K\u00e4yt\u00e4mme julisteissa korkealuokkaista FSC-sertifioitua mattapaperia. Huippuunsa viety tekniikka ja 12 v\u00e4ri\u00e4 takaavat, ett\u00e4 painoj\u00e4ljen kirkkaus ja v\u00e4riskaala ovat ensiluokkaiset ja juliste s\u00e4ilyy my\u00f6s tuleville sukupolville. Juliste toimitetaan kest\u00e4v\u00e4ss\u00e4 pahviputkessa. Jos [&hellip;]<\/p>\n","protected":false},"featured_media":24571,"template":"","meta":{"_acf_changed":false},"product_brand":[],"product_cat":[543,785],"product_tag":[791],"class_list":{"0":"post-24675","1":"product","2":"type-product","3":"status-publish","4":"has-post-thumbnail","6":"product_cat-nykyajan-matakailujulisteet","7":"product_cat-saunajulisteet","8":"product_tag-sauna-fi","10":"first","11":"instock","12":"taxable","13":"shipping-taxable","14":"purchasable","15":"product-type-simple"},"acf":[],"yoast_head":"<!-- This site is optimized with the Yoast SEO plugin v27.3 - https:\/\/yoast.com\/product\/yoast-seo-wordpress\/ -->\n<title>Rolling in the snow by Greta Cappellini, Juliste 50x70 - Come to Finland<\/title>\n<meta name=\"description\" content=\"T\u00e4m\u00e4 ihana talvinen Sauna-juliste kuuluu Custom Print -sarjaamme, jonka jokainen juliste on yksitt\u00e4iskappale ja painettu Suomessa juuri sinua varten.\" \/>\n<meta name=\"robots\" content=\"index, follow, max-snippet:-1, max-image-preview:large, max-video-preview:-1\" \/>\n<link rel=\"canonical\" href=\"https:\/\/cometofinland.fi\/fi\/tuote\/rolling-in-the-snow-by-greta-cappellini-juliste-50x70\/\" \/>\n<meta property=\"og:locale\" content=\"fi_FI\" \/>\n<meta property=\"og:type\" content=\"article\" \/>\n<meta property=\"og:title\" content=\"Rolling in the snow by Greta Cappellini, Juliste 50x70 - Come to Finland\" \/>\n<meta property=\"og:description\" content=\"T\u00e4m\u00e4 ihana talvinen Sauna-juliste kuuluu Custom Print -sarjaamme, jonka jokainen juliste on yksitt\u00e4iskappale ja painettu Suomessa juuri sinua varten.\" \/>\n<meta property=\"og:url\" content=\"https:\/\/cometofinland.fi\/fi\/tuote\/rolling-in-the-snow-by-greta-cappellini-juliste-50x70\/\" \/>\n<meta property=\"og:site_name\" content=\"Come to Finland\" \/>\n<meta property=\"article:publisher\" content=\"https:\/\/fi-fi.facebook.com\/cometofinland\/\" \/>\n<meta property=\"article:modified_time\" content=\"2024-12-29T10:40:44+00:00\" \/>\n<meta property=\"og:image\" content=\"https:\/\/cometofinland.fi\/wp-content\/uploads\/2023\/08\/Sauna-Poster_Come-to-Finland_POD-M_2369_Rolling-in-the-snow.png\" \/>\n\t<meta property=\"og:image:width\" content=\"900\" \/>\n\t<meta property=\"og:image:height\" content=\"1256\" \/>\n\t<meta property=\"og:image:type\" content=\"image\/png\" \/>\n<meta name=\"twitter:card\" content=\"summary_large_image\" \/>\n<script type=\"application\/ld+json\" class=\"yoast-schema-graph\">{\"@context\":\"https:\\\/\\\/schema.org\",\"@graph\":[{\"@type\":\"WebPage\",\"@id\":\"https:\\\/\\\/cometofinland.fi\\\/fi\\\/tuote\\\/rolling-in-the-snow-by-greta-cappellini-juliste-50x70\\\/\",\"url\":\"https:\\\/\\\/cometofinland.fi\\\/fi\\\/tuote\\\/rolling-in-the-snow-by-greta-cappellini-juliste-50x70\\\/\",\"name\":\"Rolling in the snow by Greta Cappellini, Juliste 50x70 - Come to Finland\",\"isPartOf\":{\"@id\":\"https:\\\/\\\/cometofinland.fi\\\/fi\\\/#website\"},\"primaryImageOfPage\":{\"@id\":\"https:\\\/\\\/cometofinland.fi\\\/fi\\\/tuote\\\/rolling-in-the-snow-by-greta-cappellini-juliste-50x70\\\/#primaryimage\"},\"image\":{\"@id\":\"https:\\\/\\\/cometofinland.fi\\\/fi\\\/tuote\\\/rolling-in-the-snow-by-greta-cappellini-juliste-50x70\\\/#primaryimage\"},\"thumbnailUrl\":\"https:\\\/\\\/cometofinland.fi\\\/wp-content\\\/uploads\\\/2023\\\/08\\\/Sauna-Poster_Come-to-Finland_POD-M_2369_Rolling-in-the-snow.png\",\"datePublished\":\"2022-02-01T08:02:34+00:00\",\"dateModified\":\"2024-12-29T10:40:44+00:00\",\"description\":\"T\u00e4m\u00e4 ihana talvinen Sauna-juliste kuuluu Custom Print -sarjaamme, jonka jokainen juliste on yksitt\u00e4iskappale ja painettu Suomessa juuri sinua varten.\",\"breadcrumb\":{\"@id\":\"https:\\\/\\\/cometofinland.fi\\\/fi\\\/tuote\\\/rolling-in-the-snow-by-greta-cappellini-juliste-50x70\\\/#breadcrumb\"},\"inLanguage\":\"fi\",\"potentialAction\":[{\"@type\":\"ReadAction\",\"target\":[\"https:\\\/\\\/cometofinland.fi\\\/fi\\\/tuote\\\/rolling-in-the-snow-by-greta-cappellini-juliste-50x70\\\/\"]}]},{\"@type\":\"ImageObject\",\"inLanguage\":\"fi\",\"@id\":\"https:\\\/\\\/cometofinland.fi\\\/fi\\\/tuote\\\/rolling-in-the-snow-by-greta-cappellini-juliste-50x70\\\/#primaryimage\",\"url\":\"https:\\\/\\\/cometofinland.fi\\\/wp-content\\\/uploads\\\/2023\\\/08\\\/Sauna-Poster_Come-to-Finland_POD-M_2369_Rolling-in-the-snow.png\",\"contentUrl\":\"https:\\\/\\\/cometofinland.fi\\\/wp-content\\\/uploads\\\/2023\\\/08\\\/Sauna-Poster_Come-to-Finland_POD-M_2369_Rolling-in-the-snow.png\",\"width\":900,\"height\":1256},{\"@type\":\"BreadcrumbList\",\"@id\":\"https:\\\/\\\/cometofinland.fi\\\/fi\\\/tuote\\\/rolling-in-the-snow-by-greta-cappellini-juliste-50x70\\\/#breadcrumb\",\"itemListElement\":[{\"@type\":\"ListItem\",\"position\":1,\"name\":\"Home\",\"item\":\"https:\\\/\\\/cometofinland.fi\\\/fi\\\/\"},{\"@type\":\"ListItem\",\"position\":2,\"name\":\"Kauppa\",\"item\":\"https:\\\/\\\/cometofinland.fi\\\/fi\\\/kauppa\\\/\"},{\"@type\":\"ListItem\",\"position\":3,\"name\":\"Rolling in the snow by Greta Cappellini, Juliste 50&#215;70\"}]},{\"@type\":\"WebSite\",\"@id\":\"https:\\\/\\\/cometofinland.fi\\\/fi\\\/#website\",\"url\":\"https:\\\/\\\/cometofinland.fi\\\/fi\\\/\",\"name\":\"Come to Finland\",\"description\":\"poster love from Finland\",\"publisher\":{\"@id\":\"https:\\\/\\\/cometofinland.fi\\\/fi\\\/#organization\"},\"potentialAction\":[{\"@type\":\"SearchAction\",\"target\":{\"@type\":\"EntryPoint\",\"urlTemplate\":\"https:\\\/\\\/cometofinland.fi\\\/fi\\\/?s={search_term_string}\"},\"query-input\":{\"@type\":\"PropertyValueSpecification\",\"valueRequired\":true,\"valueName\":\"search_term_string\"}}],\"inLanguage\":\"fi\"},{\"@type\":\"Organization\",\"@id\":\"https:\\\/\\\/cometofinland.fi\\\/fi\\\/#organization\",\"name\":\"Come to Finland\",\"url\":\"https:\\\/\\\/cometofinland.fi\\\/fi\\\/\",\"logo\":{\"@type\":\"ImageObject\",\"inLanguage\":\"fi\",\"@id\":\"https:\\\/\\\/cometofinland.fi\\\/fi\\\/#\\\/schema\\\/logo\\\/image\\\/\",\"url\":\"https:\\\/\\\/cometofinland.fi\\\/wp-content\\\/uploads\\\/2019\\\/03\\\/CTF_LOGO_Blue.svg\",\"contentUrl\":\"https:\\\/\\\/cometofinland.fi\\\/wp-content\\\/uploads\\\/2019\\\/03\\\/CTF_LOGO_Blue.svg\",\"width\":1,\"height\":1,\"caption\":\"Come to Finland\"},\"image\":{\"@id\":\"https:\\\/\\\/cometofinland.fi\\\/fi\\\/#\\\/schema\\\/logo\\\/image\\\/\"},\"sameAs\":[\"https:\\\/\\\/fi-fi.facebook.com\\\/cometofinland\\\/\",\"https:\\\/\\\/www.instagram.com\\\/cometofinland\\\/\"]}]}<\/script>\n<!-- \/ Yoast SEO plugin. -->","yoast_head_json":{"title":"Rolling in the snow by Greta Cappellini, Juliste 50x70 - Come to Finland","description":"T\u00e4m\u00e4 ihana talvinen Sauna-juliste kuuluu Custom Print -sarjaamme, jonka jokainen juliste on yksitt\u00e4iskappale ja painettu Suomessa juuri sinua varten.","robots":{"index":"index","follow":"follow","max-snippet":"max-snippet:-1","max-image-preview":"max-image-preview:large","max-video-preview":"max-video-preview:-1"},"canonical":"https:\/\/cometofinland.fi\/fi\/tuote\/rolling-in-the-snow-by-greta-cappellini-juliste-50x70\/","og_locale":"fi_FI","og_type":"article","og_title":"Rolling in the snow by Greta Cappellini, Juliste 50x70 - Come to Finland","og_description":"T\u00e4m\u00e4 ihana talvinen Sauna-juliste kuuluu Custom Print -sarjaamme, jonka jokainen juliste on yksitt\u00e4iskappale ja painettu Suomessa juuri sinua varten.","og_url":"https:\/\/cometofinland.fi\/fi\/tuote\/rolling-in-the-snow-by-greta-cappellini-juliste-50x70\/","og_site_name":"Come to Finland","article_publisher":"https:\/\/fi-fi.facebook.com\/cometofinland\/","article_modified_time":"2024-12-29T10:40:44+00:00","og_image":[{"width":900,"height":1256,"url":"https:\/\/cometofinland.fi\/wp-content\/uploads\/2023\/08\/Sauna-Poster_Come-to-Finland_POD-M_2369_Rolling-in-the-snow.png","type":"image\/png"}],"twitter_card":"summary_large_image","schema":{"@context":"https:\/\/schema.org","@graph":[{"@type":"WebPage","@id":"https:\/\/cometofinland.fi\/fi\/tuote\/rolling-in-the-snow-by-greta-cappellini-juliste-50x70\/","url":"https:\/\/cometofinland.fi\/fi\/tuote\/rolling-in-the-snow-by-greta-cappellini-juliste-50x70\/","name":"Rolling in the snow by Greta Cappellini, Juliste 50x70 - Come to Finland","isPartOf":{"@id":"https:\/\/cometofinland.fi\/fi\/#website"},"primaryImageOfPage":{"@id":"https:\/\/cometofinland.fi\/fi\/tuote\/rolling-in-the-snow-by-greta-cappellini-juliste-50x70\/#primaryimage"},"image":{"@id":"https:\/\/cometofinland.fi\/fi\/tuote\/rolling-in-the-snow-by-greta-cappellini-juliste-50x70\/#primaryimage"},"thumbnailUrl":"https:\/\/cometofinland.fi\/wp-content\/uploads\/2023\/08\/Sauna-Poster_Come-to-Finland_POD-M_2369_Rolling-in-the-snow.png","datePublished":"2022-02-01T08:02:34+00:00","dateModified":"2024-12-29T10:40:44+00:00","description":"T\u00e4m\u00e4 ihana talvinen Sauna-juliste kuuluu Custom Print -sarjaamme, jonka jokainen juliste on yksitt\u00e4iskappale ja painettu Suomessa juuri sinua varten.","breadcrumb":{"@id":"https:\/\/cometofinland.fi\/fi\/tuote\/rolling-in-the-snow-by-greta-cappellini-juliste-50x70\/#breadcrumb"},"inLanguage":"fi","potentialAction":[{"@type":"ReadAction","target":["https:\/\/cometofinland.fi\/fi\/tuote\/rolling-in-the-snow-by-greta-cappellini-juliste-50x70\/"]}]},{"@type":"ImageObject","inLanguage":"fi","@id":"https:\/\/cometofinland.fi\/fi\/tuote\/rolling-in-the-snow-by-greta-cappellini-juliste-50x70\/#primaryimage","url":"https:\/\/cometofinland.fi\/wp-content\/uploads\/2023\/08\/Sauna-Poster_Come-to-Finland_POD-M_2369_Rolling-in-the-snow.png","contentUrl":"https:\/\/cometofinland.fi\/wp-content\/uploads\/2023\/08\/Sauna-Poster_Come-to-Finland_POD-M_2369_Rolling-in-the-snow.png","width":900,"height":1256},{"@type":"BreadcrumbList","@id":"https:\/\/cometofinland.fi\/fi\/tuote\/rolling-in-the-snow-by-greta-cappellini-juliste-50x70\/#breadcrumb","itemListElement":[{"@type":"ListItem","position":1,"name":"Home","item":"https:\/\/cometofinland.fi\/fi\/"},{"@type":"ListItem","position":2,"name":"Kauppa","item":"https:\/\/cometofinland.fi\/fi\/kauppa\/"},{"@type":"ListItem","position":3,"name":"Rolling in the snow by Greta Cappellini, Juliste 50&#215;70"}]},{"@type":"WebSite","@id":"https:\/\/cometofinland.fi\/fi\/#website","url":"https:\/\/cometofinland.fi\/fi\/","name":"Come to Finland","description":"poster love from Finland","publisher":{"@id":"https:\/\/cometofinland.fi\/fi\/#organization"},"potentialAction":[{"@type":"SearchAction","target":{"@type":"EntryPoint","urlTemplate":"https:\/\/cometofinland.fi\/fi\/?s={search_term_string}"},"query-input":{"@type":"PropertyValueSpecification","valueRequired":true,"valueName":"search_term_string"}}],"inLanguage":"fi"},{"@type":"Organization","@id":"https:\/\/cometofinland.fi\/fi\/#organization","name":"Come to Finland","url":"https:\/\/cometofinland.fi\/fi\/","logo":{"@type":"ImageObject","inLanguage":"fi","@id":"https:\/\/cometofinland.fi\/fi\/#\/schema\/logo\/image\/","url":"https:\/\/cometofinland.fi\/wp-content\/uploads\/2019\/03\/CTF_LOGO_Blue.svg","contentUrl":"https:\/\/cometofinland.fi\/wp-content\/uploads\/2019\/03\/CTF_LOGO_Blue.svg","width":1,"height":1,"caption":"Come to Finland"},"image":{"@id":"https:\/\/cometofinland.fi\/fi\/#\/schema\/logo\/image\/"},"sameAs":["https:\/\/fi-fi.facebook.com\/cometofinland\/","https:\/\/www.instagram.com\/cometofinland\/"]}]}},"_links":{"self":[{"href":"https:\/\/cometofinland.fi\/fi\/wp-json\/wp\/v2\/product\/24675","targetHints":{"allow":["GET"]}}],"collection":[{"href":"https:\/\/cometofinland.fi\/fi\/wp-json\/wp\/v2\/product"}],"about":[{"href":"https:\/\/cometofinland.fi\/fi\/wp-json\/wp\/v2\/types\/product"}],"wp:featuredmedia":[{"embeddable":true,"href":"https:\/\/cometofinland.fi\/fi\/wp-json\/wp\/v2\/media\/24571"}],"wp:attachment":[{"href":"https:\/\/cometofinland.fi\/fi\/wp-json\/wp\/v2\/media?parent=24675"}],"wp:term":[{"taxonomy":"product_brand","embeddable":true,"href":"https:\/\/cometofinland.fi\/fi\/wp-json\/wp\/v2\/product_brand?post=24675"},{"taxonomy":"product_cat","embeddable":true,"href":"https:\/\/cometofinland.fi\/fi\/wp-json\/wp\/v2\/product_cat?post=24675"},{"taxonomy":"product_tag","embeddable":true,"href":"https:\/\/cometofinland.fi\/fi\/wp-json\/wp\/v2\/product_tag?post=24675"}],"curies":[{"name":"wp","href":"https:\/\/api.w.org\/{rel}","templated":true}]}}