{"id":24893,"date":"2023-09-05T11:09:48","date_gmt":"2023-09-05T08:09:48","guid":{"rendered":"https:\/\/cometofinland.fi\/?post_type=product&#038;p=24893"},"modified":"2023-10-12T12:19:01","modified_gmt":"2023-10-12T09:19:01","slug":"sauna-island-by-jeanice-brander-juliste-50x70","status":"publish","type":"product","link":"https:\/\/cometofinland.fi\/fi\/tuote\/sauna-island-by-jeanice-brander-juliste-50x70\/","title":{"rendered":"Sauna Island by Jeanice Brander, Juliste 50&#215;70"},"content":{"rendered":"<p>T\u00e4m\u00e4 ihana saunajuliste \u2013 <em>Sauna Island<\/em> \u2013\u00a0on valmistettu Suomessa laadukkaalle mattapaperille perinteisell\u00e4 offsetpainotekniikalla.<\/p>\n<p>Juliste toimitetaan kest\u00e4v\u00e4ss\u00e4 pahviputkessa. Jos tilauksessasi on useampia julisteita, toimitamme ne yhteen pahviputkeen pakattuina.<\/p>\n","protected":false},"excerpt":{"rendered":"<p>T\u00e4m\u00e4 ihana saunajuliste \u2013 Sauna Island \u2013\u00a0on valmistettu Suomessa laadukkaalle mattapaperille perinteisell\u00e4 offsetpainotekniikalla. Juliste toimitetaan kest\u00e4v\u00e4ss\u00e4 pahviputkessa. Jos tilauksessasi on useampia julisteita, toimitamme ne yhteen pahviputkeen pakattuina.<\/p>\n","protected":false},"featured_media":24887,"template":"","meta":{"_acf_changed":false},"product_brand":[],"product_cat":[543,785],"product_tag":[791],"class_list":{"0":"post-24893","1":"product","2":"type-product","3":"status-publish","4":"has-post-thumbnail","6":"product_cat-nykyajan-matakailujulisteet","7":"product_cat-saunajulisteet","8":"product_tag-sauna-fi","10":"first","11":"instock","12":"taxable","13":"shipping-taxable","14":"purchasable","15":"product-type-simple"},"acf":[],"yoast_head":"<!-- This site is optimized with the Yoast SEO plugin v27.3 - https:\/\/yoast.com\/product\/yoast-seo-wordpress\/ -->\n<title>Sauna Island by Jeanice Brander, Juliste 50x70 - Come to Finland<\/title>\n<meta name=\"description\" content=\"T\u00e4m\u00e4 ihana Sauna-juliste kuuluu Custom Print -sarjaamme, jonka jokainen juliste on yksitt\u00e4iskappale ja painettu Suomessa juuri sinua varten.\" \/>\n<meta name=\"robots\" content=\"index, follow, max-snippet:-1, max-image-preview:large, max-video-preview:-1\" \/>\n<link rel=\"canonical\" href=\"https:\/\/cometofinland.fi\/fi\/tuote\/sauna-island-by-jeanice-brander-juliste-50x70\/\" \/>\n<meta property=\"og:locale\" content=\"fi_FI\" \/>\n<meta property=\"og:type\" content=\"article\" \/>\n<meta property=\"og:title\" content=\"Sauna Island by Jeanice Brander, Juliste 50x70 - Come to Finland\" \/>\n<meta property=\"og:description\" content=\"T\u00e4m\u00e4 ihana Sauna-juliste kuuluu Custom Print -sarjaamme, jonka jokainen juliste on yksitt\u00e4iskappale ja painettu Suomessa juuri sinua varten.\" \/>\n<meta property=\"og:url\" content=\"https:\/\/cometofinland.fi\/fi\/tuote\/sauna-island-by-jeanice-brander-juliste-50x70\/\" \/>\n<meta property=\"og:site_name\" content=\"Come to Finland\" \/>\n<meta property=\"article:publisher\" content=\"https:\/\/fi-fi.facebook.com\/cometofinland\/\" \/>\n<meta property=\"article:modified_time\" content=\"2023-10-12T09:19:01+00:00\" \/>\n<meta property=\"og:image\" content=\"https:\/\/cometofinland.fi\/wp-content\/uploads\/2023\/10\/Sauna-Island-Poster-Jeanice-Brander-scaled.jpg\" \/>\n\t<meta property=\"og:image:width\" content=\"1841\" \/>\n\t<meta property=\"og:image:height\" content=\"2560\" \/>\n\t<meta property=\"og:image:type\" content=\"image\/jpeg\" \/>\n<meta name=\"twitter:card\" content=\"summary_large_image\" \/>\n<script type=\"application\/ld+json\" class=\"yoast-schema-graph\">{\"@context\":\"https:\\\/\\\/schema.org\",\"@graph\":[{\"@type\":\"WebPage\",\"@id\":\"https:\\\/\\\/cometofinland.fi\\\/fi\\\/tuote\\\/sauna-island-by-jeanice-brander-juliste-50x70\\\/\",\"url\":\"https:\\\/\\\/cometofinland.fi\\\/fi\\\/tuote\\\/sauna-island-by-jeanice-brander-juliste-50x70\\\/\",\"name\":\"Sauna Island by Jeanice Brander, Juliste 50x70 - Come to Finland\",\"isPartOf\":{\"@id\":\"https:\\\/\\\/cometofinland.fi\\\/fi\\\/#website\"},\"primaryImageOfPage\":{\"@id\":\"https:\\\/\\\/cometofinland.fi\\\/fi\\\/tuote\\\/sauna-island-by-jeanice-brander-juliste-50x70\\\/#primaryimage\"},\"image\":{\"@id\":\"https:\\\/\\\/cometofinland.fi\\\/fi\\\/tuote\\\/sauna-island-by-jeanice-brander-juliste-50x70\\\/#primaryimage\"},\"thumbnailUrl\":\"https:\\\/\\\/cometofinland.fi\\\/wp-content\\\/uploads\\\/2023\\\/10\\\/Sauna-Island-Poster-Jeanice-Brander-scaled.jpg\",\"datePublished\":\"2023-09-05T08:09:48+00:00\",\"dateModified\":\"2023-10-12T09:19:01+00:00\",\"description\":\"T\u00e4m\u00e4 ihana Sauna-juliste kuuluu Custom Print -sarjaamme, jonka jokainen juliste on yksitt\u00e4iskappale ja painettu Suomessa juuri sinua varten.\",\"breadcrumb\":{\"@id\":\"https:\\\/\\\/cometofinland.fi\\\/fi\\\/tuote\\\/sauna-island-by-jeanice-brander-juliste-50x70\\\/#breadcrumb\"},\"inLanguage\":\"fi\",\"potentialAction\":[{\"@type\":\"ReadAction\",\"target\":[\"https:\\\/\\\/cometofinland.fi\\\/fi\\\/tuote\\\/sauna-island-by-jeanice-brander-juliste-50x70\\\/\"]}]},{\"@type\":\"ImageObject\",\"inLanguage\":\"fi\",\"@id\":\"https:\\\/\\\/cometofinland.fi\\\/fi\\\/tuote\\\/sauna-island-by-jeanice-brander-juliste-50x70\\\/#primaryimage\",\"url\":\"https:\\\/\\\/cometofinland.fi\\\/wp-content\\\/uploads\\\/2023\\\/10\\\/Sauna-Island-Poster-Jeanice-Brander-scaled.jpg\",\"contentUrl\":\"https:\\\/\\\/cometofinland.fi\\\/wp-content\\\/uploads\\\/2023\\\/10\\\/Sauna-Island-Poster-Jeanice-Brander-scaled.jpg\",\"width\":1841,\"height\":2560},{\"@type\":\"BreadcrumbList\",\"@id\":\"https:\\\/\\\/cometofinland.fi\\\/fi\\\/tuote\\\/sauna-island-by-jeanice-brander-juliste-50x70\\\/#breadcrumb\",\"itemListElement\":[{\"@type\":\"ListItem\",\"position\":1,\"name\":\"Home\",\"item\":\"https:\\\/\\\/cometofinland.fi\\\/fi\\\/\"},{\"@type\":\"ListItem\",\"position\":2,\"name\":\"Kauppa\",\"item\":\"https:\\\/\\\/cometofinland.fi\\\/fi\\\/kauppa\\\/\"},{\"@type\":\"ListItem\",\"position\":3,\"name\":\"Sauna Island by Jeanice Brander, Juliste 50&#215;70\"}]},{\"@type\":\"WebSite\",\"@id\":\"https:\\\/\\\/cometofinland.fi\\\/fi\\\/#website\",\"url\":\"https:\\\/\\\/cometofinland.fi\\\/fi\\\/\",\"name\":\"Come to Finland\",\"description\":\"poster love from Finland\",\"publisher\":{\"@id\":\"https:\\\/\\\/cometofinland.fi\\\/fi\\\/#organization\"},\"potentialAction\":[{\"@type\":\"SearchAction\",\"target\":{\"@type\":\"EntryPoint\",\"urlTemplate\":\"https:\\\/\\\/cometofinland.fi\\\/fi\\\/?s={search_term_string}\"},\"query-input\":{\"@type\":\"PropertyValueSpecification\",\"valueRequired\":true,\"valueName\":\"search_term_string\"}}],\"inLanguage\":\"fi\"},{\"@type\":\"Organization\",\"@id\":\"https:\\\/\\\/cometofinland.fi\\\/fi\\\/#organization\",\"name\":\"Come to Finland\",\"url\":\"https:\\\/\\\/cometofinland.fi\\\/fi\\\/\",\"logo\":{\"@type\":\"ImageObject\",\"inLanguage\":\"fi\",\"@id\":\"https:\\\/\\\/cometofinland.fi\\\/fi\\\/#\\\/schema\\\/logo\\\/image\\\/\",\"url\":\"https:\\\/\\\/cometofinland.fi\\\/wp-content\\\/uploads\\\/2019\\\/03\\\/CTF_LOGO_Blue.svg\",\"contentUrl\":\"https:\\\/\\\/cometofinland.fi\\\/wp-content\\\/uploads\\\/2019\\\/03\\\/CTF_LOGO_Blue.svg\",\"width\":1,\"height\":1,\"caption\":\"Come to Finland\"},\"image\":{\"@id\":\"https:\\\/\\\/cometofinland.fi\\\/fi\\\/#\\\/schema\\\/logo\\\/image\\\/\"},\"sameAs\":[\"https:\\\/\\\/fi-fi.facebook.com\\\/cometofinland\\\/\",\"https:\\\/\\\/www.instagram.com\\\/cometofinland\\\/\"]}]}<\/script>\n<!-- \/ Yoast SEO plugin. -->","yoast_head_json":{"title":"Sauna Island by Jeanice Brander, Juliste 50x70 - Come to Finland","description":"T\u00e4m\u00e4 ihana Sauna-juliste kuuluu Custom Print -sarjaamme, jonka jokainen juliste on yksitt\u00e4iskappale ja painettu Suomessa juuri sinua varten.","robots":{"index":"index","follow":"follow","max-snippet":"max-snippet:-1","max-image-preview":"max-image-preview:large","max-video-preview":"max-video-preview:-1"},"canonical":"https:\/\/cometofinland.fi\/fi\/tuote\/sauna-island-by-jeanice-brander-juliste-50x70\/","og_locale":"fi_FI","og_type":"article","og_title":"Sauna Island by Jeanice Brander, Juliste 50x70 - Come to Finland","og_description":"T\u00e4m\u00e4 ihana Sauna-juliste kuuluu Custom Print -sarjaamme, jonka jokainen juliste on yksitt\u00e4iskappale ja painettu Suomessa juuri sinua varten.","og_url":"https:\/\/cometofinland.fi\/fi\/tuote\/sauna-island-by-jeanice-brander-juliste-50x70\/","og_site_name":"Come to Finland","article_publisher":"https:\/\/fi-fi.facebook.com\/cometofinland\/","article_modified_time":"2023-10-12T09:19:01+00:00","og_image":[{"width":1841,"height":2560,"url":"https:\/\/cometofinland.fi\/wp-content\/uploads\/2023\/10\/Sauna-Island-Poster-Jeanice-Brander-scaled.jpg","type":"image\/jpeg"}],"twitter_card":"summary_large_image","schema":{"@context":"https:\/\/schema.org","@graph":[{"@type":"WebPage","@id":"https:\/\/cometofinland.fi\/fi\/tuote\/sauna-island-by-jeanice-brander-juliste-50x70\/","url":"https:\/\/cometofinland.fi\/fi\/tuote\/sauna-island-by-jeanice-brander-juliste-50x70\/","name":"Sauna Island by Jeanice Brander, Juliste 50x70 - Come to Finland","isPartOf":{"@id":"https:\/\/cometofinland.fi\/fi\/#website"},"primaryImageOfPage":{"@id":"https:\/\/cometofinland.fi\/fi\/tuote\/sauna-island-by-jeanice-brander-juliste-50x70\/#primaryimage"},"image":{"@id":"https:\/\/cometofinland.fi\/fi\/tuote\/sauna-island-by-jeanice-brander-juliste-50x70\/#primaryimage"},"thumbnailUrl":"https:\/\/cometofinland.fi\/wp-content\/uploads\/2023\/10\/Sauna-Island-Poster-Jeanice-Brander-scaled.jpg","datePublished":"2023-09-05T08:09:48+00:00","dateModified":"2023-10-12T09:19:01+00:00","description":"T\u00e4m\u00e4 ihana Sauna-juliste kuuluu Custom Print -sarjaamme, jonka jokainen juliste on yksitt\u00e4iskappale ja painettu Suomessa juuri sinua varten.","breadcrumb":{"@id":"https:\/\/cometofinland.fi\/fi\/tuote\/sauna-island-by-jeanice-brander-juliste-50x70\/#breadcrumb"},"inLanguage":"fi","potentialAction":[{"@type":"ReadAction","target":["https:\/\/cometofinland.fi\/fi\/tuote\/sauna-island-by-jeanice-brander-juliste-50x70\/"]}]},{"@type":"ImageObject","inLanguage":"fi","@id":"https:\/\/cometofinland.fi\/fi\/tuote\/sauna-island-by-jeanice-brander-juliste-50x70\/#primaryimage","url":"https:\/\/cometofinland.fi\/wp-content\/uploads\/2023\/10\/Sauna-Island-Poster-Jeanice-Brander-scaled.jpg","contentUrl":"https:\/\/cometofinland.fi\/wp-content\/uploads\/2023\/10\/Sauna-Island-Poster-Jeanice-Brander-scaled.jpg","width":1841,"height":2560},{"@type":"BreadcrumbList","@id":"https:\/\/cometofinland.fi\/fi\/tuote\/sauna-island-by-jeanice-brander-juliste-50x70\/#breadcrumb","itemListElement":[{"@type":"ListItem","position":1,"name":"Home","item":"https:\/\/cometofinland.fi\/fi\/"},{"@type":"ListItem","position":2,"name":"Kauppa","item":"https:\/\/cometofinland.fi\/fi\/kauppa\/"},{"@type":"ListItem","position":3,"name":"Sauna Island by Jeanice Brander, Juliste 50&#215;70"}]},{"@type":"WebSite","@id":"https:\/\/cometofinland.fi\/fi\/#website","url":"https:\/\/cometofinland.fi\/fi\/","name":"Come to Finland","description":"poster love from Finland","publisher":{"@id":"https:\/\/cometofinland.fi\/fi\/#organization"},"potentialAction":[{"@type":"SearchAction","target":{"@type":"EntryPoint","urlTemplate":"https:\/\/cometofinland.fi\/fi\/?s={search_term_string}"},"query-input":{"@type":"PropertyValueSpecification","valueRequired":true,"valueName":"search_term_string"}}],"inLanguage":"fi"},{"@type":"Organization","@id":"https:\/\/cometofinland.fi\/fi\/#organization","name":"Come to Finland","url":"https:\/\/cometofinland.fi\/fi\/","logo":{"@type":"ImageObject","inLanguage":"fi","@id":"https:\/\/cometofinland.fi\/fi\/#\/schema\/logo\/image\/","url":"https:\/\/cometofinland.fi\/wp-content\/uploads\/2019\/03\/CTF_LOGO_Blue.svg","contentUrl":"https:\/\/cometofinland.fi\/wp-content\/uploads\/2019\/03\/CTF_LOGO_Blue.svg","width":1,"height":1,"caption":"Come to Finland"},"image":{"@id":"https:\/\/cometofinland.fi\/fi\/#\/schema\/logo\/image\/"},"sameAs":["https:\/\/fi-fi.facebook.com\/cometofinland\/","https:\/\/www.instagram.com\/cometofinland\/"]}]}},"_links":{"self":[{"href":"https:\/\/cometofinland.fi\/fi\/wp-json\/wp\/v2\/product\/24893","targetHints":{"allow":["GET"]}}],"collection":[{"href":"https:\/\/cometofinland.fi\/fi\/wp-json\/wp\/v2\/product"}],"about":[{"href":"https:\/\/cometofinland.fi\/fi\/wp-json\/wp\/v2\/types\/product"}],"wp:featuredmedia":[{"embeddable":true,"href":"https:\/\/cometofinland.fi\/fi\/wp-json\/wp\/v2\/media\/24887"}],"wp:attachment":[{"href":"https:\/\/cometofinland.fi\/fi\/wp-json\/wp\/v2\/media?parent=24893"}],"wp:term":[{"taxonomy":"product_brand","embeddable":true,"href":"https:\/\/cometofinland.fi\/fi\/wp-json\/wp\/v2\/product_brand?post=24893"},{"taxonomy":"product_cat","embeddable":true,"href":"https:\/\/cometofinland.fi\/fi\/wp-json\/wp\/v2\/product_cat?post=24893"},{"taxonomy":"product_tag","embeddable":true,"href":"https:\/\/cometofinland.fi\/fi\/wp-json\/wp\/v2\/product_tag?post=24893"}],"curies":[{"name":"wp","href":"https:\/\/api.w.org\/{rel}","templated":true}]}}