{"id":25128,"date":"2022-11-09T15:58:11","date_gmt":"2022-11-09T13:58:11","guid":{"rendered":"https:\/\/cometofinland.fi\/?post_type=product&#038;p=25128"},"modified":"2025-07-02T08:04:07","modified_gmt":"2025-07-02T05:04:07","slug":"lake-saimaa-by-beth-chesser-avaimenpera","status":"publish","type":"product","link":"https:\/\/cometofinland.fi\/fi\/tuote\/lake-saimaa-by-beth-chesser-avaimenpera\/","title":{"rendered":"Lake Saimaa by Beth Chesser, Avaimenper\u00e4"},"content":{"rendered":"<p>Suomalaisen suosikkijulisteesi kuvan my\u00f6t\u00e4 et en\u00e4\u00e4 \u2022\u2022\u2022koskaan\u2022\u2022\u2022 unohda avaimiasi. Saimaa pit\u00e4\u00e4 sinua silm\u00e4ll\u00e4!<\/p>\n<p>Julistekuvan koko: 25&#215;40 mm<\/p>\n<p>Valmistettu Espanjassa<\/p>\n","protected":false},"excerpt":{"rendered":"<p>Suomalaisen suosikkijulisteesi kuvan my\u00f6t\u00e4 et en\u00e4\u00e4 \u2022\u2022\u2022koskaan\u2022\u2022\u2022 unohda avaimiasi. Saimaa pit\u00e4\u00e4 sinua silm\u00e4ll\u00e4! Julistekuvan koko: 25&#215;40 mm Valmistettu Espanjassa<\/p>\n","protected":false},"featured_media":25112,"template":"","meta":{"_acf_changed":false},"product_brand":[],"product_cat":[795],"product_tag":[],"class_list":{"0":"post-25128","1":"product","2":"type-product","3":"status-publish","4":"has-post-thumbnail","6":"product_cat-avaimenperat","8":"first","9":"instock","10":"taxable","11":"shipping-taxable","12":"purchasable","13":"product-type-simple"},"acf":[],"yoast_head":"<!-- This site is optimized with the Yoast SEO plugin v27.3 - https:\/\/yoast.com\/product\/yoast-seo-wordpress\/ -->\n<title>Lake Saimaa by Beth Chesser, Avaimenper\u00e4 - Come to Finland<\/title>\n<meta name=\"description\" content=\"Saimaa - a place to reflect! Korista kotiavaimesi suomalaisella matkailujulisteella. Avaimenper\u00e4 on valmistettu EU:ssa. Nopea toimitus.\" \/>\n<meta name=\"robots\" content=\"index, follow, max-snippet:-1, max-image-preview:large, max-video-preview:-1\" \/>\n<link rel=\"canonical\" href=\"https:\/\/cometofinland.fi\/fi\/tuote\/lake-saimaa-by-beth-chesser-avaimenpera\/\" \/>\n<meta property=\"og:locale\" content=\"fi_FI\" \/>\n<meta property=\"og:type\" content=\"article\" \/>\n<meta property=\"og:title\" content=\"Lake Saimaa by Beth Chesser, Avaimenper\u00e4 - Come to Finland\" \/>\n<meta property=\"og:description\" content=\"Saimaa - a place to reflect! Korista kotiavaimesi suomalaisella matkailujulisteella. Avaimenper\u00e4 on valmistettu EU:ssa. Nopea toimitus.\" \/>\n<meta property=\"og:url\" content=\"https:\/\/cometofinland.fi\/fi\/tuote\/lake-saimaa-by-beth-chesser-avaimenpera\/\" \/>\n<meta property=\"og:site_name\" content=\"Come to Finland\" \/>\n<meta property=\"article:publisher\" content=\"https:\/\/fi-fi.facebook.com\/cometofinland\/\" \/>\n<meta property=\"article:modified_time\" content=\"2025-07-02T05:04:07+00:00\" \/>\n<meta property=\"og:image\" content=\"https:\/\/cometofinland.fi\/wp-content\/uploads\/2023\/11\/KEY-2301_keychain-come-to-finland-saimaa-pic.jpeg\" \/>\n\t<meta property=\"og:image:width\" content=\"262\" \/>\n\t<meta property=\"og:image:height\" content=\"793\" \/>\n\t<meta property=\"og:image:type\" content=\"image\/jpeg\" \/>\n<meta name=\"twitter:card\" content=\"summary_large_image\" \/>\n<script type=\"application\/ld+json\" class=\"yoast-schema-graph\">{\"@context\":\"https:\\\/\\\/schema.org\",\"@graph\":[{\"@type\":\"WebPage\",\"@id\":\"https:\\\/\\\/cometofinland.fi\\\/fi\\\/tuote\\\/lake-saimaa-by-beth-chesser-avaimenpera\\\/\",\"url\":\"https:\\\/\\\/cometofinland.fi\\\/fi\\\/tuote\\\/lake-saimaa-by-beth-chesser-avaimenpera\\\/\",\"name\":\"Lake Saimaa by Beth Chesser, Avaimenper\u00e4 - Come to Finland\",\"isPartOf\":{\"@id\":\"https:\\\/\\\/cometofinland.fi\\\/fi\\\/#website\"},\"primaryImageOfPage\":{\"@id\":\"https:\\\/\\\/cometofinland.fi\\\/fi\\\/tuote\\\/lake-saimaa-by-beth-chesser-avaimenpera\\\/#primaryimage\"},\"image\":{\"@id\":\"https:\\\/\\\/cometofinland.fi\\\/fi\\\/tuote\\\/lake-saimaa-by-beth-chesser-avaimenpera\\\/#primaryimage\"},\"thumbnailUrl\":\"https:\\\/\\\/cometofinland.fi\\\/wp-content\\\/uploads\\\/2023\\\/11\\\/KEY-2301_keychain-come-to-finland-saimaa-pic.jpeg\",\"datePublished\":\"2022-11-09T13:58:11+00:00\",\"dateModified\":\"2025-07-02T05:04:07+00:00\",\"description\":\"Saimaa - a place to reflect! Korista kotiavaimesi suomalaisella matkailujulisteella. Avaimenper\u00e4 on valmistettu EU:ssa. Nopea toimitus.\",\"breadcrumb\":{\"@id\":\"https:\\\/\\\/cometofinland.fi\\\/fi\\\/tuote\\\/lake-saimaa-by-beth-chesser-avaimenpera\\\/#breadcrumb\"},\"inLanguage\":\"fi\",\"potentialAction\":[{\"@type\":\"ReadAction\",\"target\":[\"https:\\\/\\\/cometofinland.fi\\\/fi\\\/tuote\\\/lake-saimaa-by-beth-chesser-avaimenpera\\\/\"]}]},{\"@type\":\"ImageObject\",\"inLanguage\":\"fi\",\"@id\":\"https:\\\/\\\/cometofinland.fi\\\/fi\\\/tuote\\\/lake-saimaa-by-beth-chesser-avaimenpera\\\/#primaryimage\",\"url\":\"https:\\\/\\\/cometofinland.fi\\\/wp-content\\\/uploads\\\/2023\\\/11\\\/KEY-2301_keychain-come-to-finland-saimaa-pic.jpeg\",\"contentUrl\":\"https:\\\/\\\/cometofinland.fi\\\/wp-content\\\/uploads\\\/2023\\\/11\\\/KEY-2301_keychain-come-to-finland-saimaa-pic.jpeg\",\"width\":262,\"height\":793},{\"@type\":\"BreadcrumbList\",\"@id\":\"https:\\\/\\\/cometofinland.fi\\\/fi\\\/tuote\\\/lake-saimaa-by-beth-chesser-avaimenpera\\\/#breadcrumb\",\"itemListElement\":[{\"@type\":\"ListItem\",\"position\":1,\"name\":\"Home\",\"item\":\"https:\\\/\\\/cometofinland.fi\\\/fi\\\/\"},{\"@type\":\"ListItem\",\"position\":2,\"name\":\"Kauppa\",\"item\":\"https:\\\/\\\/cometofinland.fi\\\/fi\\\/kauppa\\\/\"},{\"@type\":\"ListItem\",\"position\":3,\"name\":\"Lake Saimaa by Beth Chesser, Avaimenper\u00e4\"}]},{\"@type\":\"WebSite\",\"@id\":\"https:\\\/\\\/cometofinland.fi\\\/fi\\\/#website\",\"url\":\"https:\\\/\\\/cometofinland.fi\\\/fi\\\/\",\"name\":\"Come to Finland\",\"description\":\"poster love from Finland\",\"publisher\":{\"@id\":\"https:\\\/\\\/cometofinland.fi\\\/fi\\\/#organization\"},\"potentialAction\":[{\"@type\":\"SearchAction\",\"target\":{\"@type\":\"EntryPoint\",\"urlTemplate\":\"https:\\\/\\\/cometofinland.fi\\\/fi\\\/?s={search_term_string}\"},\"query-input\":{\"@type\":\"PropertyValueSpecification\",\"valueRequired\":true,\"valueName\":\"search_term_string\"}}],\"inLanguage\":\"fi\"},{\"@type\":\"Organization\",\"@id\":\"https:\\\/\\\/cometofinland.fi\\\/fi\\\/#organization\",\"name\":\"Come to Finland\",\"url\":\"https:\\\/\\\/cometofinland.fi\\\/fi\\\/\",\"logo\":{\"@type\":\"ImageObject\",\"inLanguage\":\"fi\",\"@id\":\"https:\\\/\\\/cometofinland.fi\\\/fi\\\/#\\\/schema\\\/logo\\\/image\\\/\",\"url\":\"https:\\\/\\\/cometofinland.fi\\\/wp-content\\\/uploads\\\/2019\\\/03\\\/CTF_LOGO_Blue.svg\",\"contentUrl\":\"https:\\\/\\\/cometofinland.fi\\\/wp-content\\\/uploads\\\/2019\\\/03\\\/CTF_LOGO_Blue.svg\",\"width\":1,\"height\":1,\"caption\":\"Come to Finland\"},\"image\":{\"@id\":\"https:\\\/\\\/cometofinland.fi\\\/fi\\\/#\\\/schema\\\/logo\\\/image\\\/\"},\"sameAs\":[\"https:\\\/\\\/fi-fi.facebook.com\\\/cometofinland\\\/\",\"https:\\\/\\\/www.instagram.com\\\/cometofinland\\\/\"]}]}<\/script>\n<!-- \/ Yoast SEO plugin. -->","yoast_head_json":{"title":"Lake Saimaa by Beth Chesser, Avaimenper\u00e4 - Come to Finland","description":"Saimaa - a place to reflect! Korista kotiavaimesi suomalaisella matkailujulisteella. Avaimenper\u00e4 on valmistettu EU:ssa. Nopea toimitus.","robots":{"index":"index","follow":"follow","max-snippet":"max-snippet:-1","max-image-preview":"max-image-preview:large","max-video-preview":"max-video-preview:-1"},"canonical":"https:\/\/cometofinland.fi\/fi\/tuote\/lake-saimaa-by-beth-chesser-avaimenpera\/","og_locale":"fi_FI","og_type":"article","og_title":"Lake Saimaa by Beth Chesser, Avaimenper\u00e4 - Come to Finland","og_description":"Saimaa - a place to reflect! Korista kotiavaimesi suomalaisella matkailujulisteella. Avaimenper\u00e4 on valmistettu EU:ssa. Nopea toimitus.","og_url":"https:\/\/cometofinland.fi\/fi\/tuote\/lake-saimaa-by-beth-chesser-avaimenpera\/","og_site_name":"Come to Finland","article_publisher":"https:\/\/fi-fi.facebook.com\/cometofinland\/","article_modified_time":"2025-07-02T05:04:07+00:00","og_image":[{"width":262,"height":793,"url":"https:\/\/cometofinland.fi\/wp-content\/uploads\/2023\/11\/KEY-2301_keychain-come-to-finland-saimaa-pic.jpeg","type":"image\/jpeg"}],"twitter_card":"summary_large_image","schema":{"@context":"https:\/\/schema.org","@graph":[{"@type":"WebPage","@id":"https:\/\/cometofinland.fi\/fi\/tuote\/lake-saimaa-by-beth-chesser-avaimenpera\/","url":"https:\/\/cometofinland.fi\/fi\/tuote\/lake-saimaa-by-beth-chesser-avaimenpera\/","name":"Lake Saimaa by Beth Chesser, Avaimenper\u00e4 - Come to Finland","isPartOf":{"@id":"https:\/\/cometofinland.fi\/fi\/#website"},"primaryImageOfPage":{"@id":"https:\/\/cometofinland.fi\/fi\/tuote\/lake-saimaa-by-beth-chesser-avaimenpera\/#primaryimage"},"image":{"@id":"https:\/\/cometofinland.fi\/fi\/tuote\/lake-saimaa-by-beth-chesser-avaimenpera\/#primaryimage"},"thumbnailUrl":"https:\/\/cometofinland.fi\/wp-content\/uploads\/2023\/11\/KEY-2301_keychain-come-to-finland-saimaa-pic.jpeg","datePublished":"2022-11-09T13:58:11+00:00","dateModified":"2025-07-02T05:04:07+00:00","description":"Saimaa - a place to reflect! Korista kotiavaimesi suomalaisella matkailujulisteella. Avaimenper\u00e4 on valmistettu EU:ssa. Nopea toimitus.","breadcrumb":{"@id":"https:\/\/cometofinland.fi\/fi\/tuote\/lake-saimaa-by-beth-chesser-avaimenpera\/#breadcrumb"},"inLanguage":"fi","potentialAction":[{"@type":"ReadAction","target":["https:\/\/cometofinland.fi\/fi\/tuote\/lake-saimaa-by-beth-chesser-avaimenpera\/"]}]},{"@type":"ImageObject","inLanguage":"fi","@id":"https:\/\/cometofinland.fi\/fi\/tuote\/lake-saimaa-by-beth-chesser-avaimenpera\/#primaryimage","url":"https:\/\/cometofinland.fi\/wp-content\/uploads\/2023\/11\/KEY-2301_keychain-come-to-finland-saimaa-pic.jpeg","contentUrl":"https:\/\/cometofinland.fi\/wp-content\/uploads\/2023\/11\/KEY-2301_keychain-come-to-finland-saimaa-pic.jpeg","width":262,"height":793},{"@type":"BreadcrumbList","@id":"https:\/\/cometofinland.fi\/fi\/tuote\/lake-saimaa-by-beth-chesser-avaimenpera\/#breadcrumb","itemListElement":[{"@type":"ListItem","position":1,"name":"Home","item":"https:\/\/cometofinland.fi\/fi\/"},{"@type":"ListItem","position":2,"name":"Kauppa","item":"https:\/\/cometofinland.fi\/fi\/kauppa\/"},{"@type":"ListItem","position":3,"name":"Lake Saimaa by Beth Chesser, Avaimenper\u00e4"}]},{"@type":"WebSite","@id":"https:\/\/cometofinland.fi\/fi\/#website","url":"https:\/\/cometofinland.fi\/fi\/","name":"Come to Finland","description":"poster love from Finland","publisher":{"@id":"https:\/\/cometofinland.fi\/fi\/#organization"},"potentialAction":[{"@type":"SearchAction","target":{"@type":"EntryPoint","urlTemplate":"https:\/\/cometofinland.fi\/fi\/?s={search_term_string}"},"query-input":{"@type":"PropertyValueSpecification","valueRequired":true,"valueName":"search_term_string"}}],"inLanguage":"fi"},{"@type":"Organization","@id":"https:\/\/cometofinland.fi\/fi\/#organization","name":"Come to Finland","url":"https:\/\/cometofinland.fi\/fi\/","logo":{"@type":"ImageObject","inLanguage":"fi","@id":"https:\/\/cometofinland.fi\/fi\/#\/schema\/logo\/image\/","url":"https:\/\/cometofinland.fi\/wp-content\/uploads\/2019\/03\/CTF_LOGO_Blue.svg","contentUrl":"https:\/\/cometofinland.fi\/wp-content\/uploads\/2019\/03\/CTF_LOGO_Blue.svg","width":1,"height":1,"caption":"Come to Finland"},"image":{"@id":"https:\/\/cometofinland.fi\/fi\/#\/schema\/logo\/image\/"},"sameAs":["https:\/\/fi-fi.facebook.com\/cometofinland\/","https:\/\/www.instagram.com\/cometofinland\/"]}]}},"_links":{"self":[{"href":"https:\/\/cometofinland.fi\/fi\/wp-json\/wp\/v2\/product\/25128","targetHints":{"allow":["GET"]}}],"collection":[{"href":"https:\/\/cometofinland.fi\/fi\/wp-json\/wp\/v2\/product"}],"about":[{"href":"https:\/\/cometofinland.fi\/fi\/wp-json\/wp\/v2\/types\/product"}],"wp:featuredmedia":[{"embeddable":true,"href":"https:\/\/cometofinland.fi\/fi\/wp-json\/wp\/v2\/media\/25112"}],"wp:attachment":[{"href":"https:\/\/cometofinland.fi\/fi\/wp-json\/wp\/v2\/media?parent=25128"}],"wp:term":[{"taxonomy":"product_brand","embeddable":true,"href":"https:\/\/cometofinland.fi\/fi\/wp-json\/wp\/v2\/product_brand?post=25128"},{"taxonomy":"product_cat","embeddable":true,"href":"https:\/\/cometofinland.fi\/fi\/wp-json\/wp\/v2\/product_cat?post=25128"},{"taxonomy":"product_tag","embeddable":true,"href":"https:\/\/cometofinland.fi\/fi\/wp-json\/wp\/v2\/product_tag?post=25128"}],"curies":[{"name":"wp","href":"https:\/\/api.w.org\/{rel}","templated":true}]}}