{"id":2906,"date":"2018-12-14T11:19:17","date_gmt":"2018-12-14T09:19:17","guid":{"rendered":"https:\/\/cometofinland.fi\/product\/come-to-finland-coffee-table-book-in-french\/"},"modified":"2026-04-07T17:18:38","modified_gmt":"2026-04-07T14:18:38","slug":"come-to-finland-coffee-table-book-in-french","status":"publish","type":"product","link":"https:\/\/cometofinland.fi\/fi\/tuote\/come-to-finland-coffee-table-book-in-french\/","title":{"rendered":"Cap sur la Finlande, coffee table book in French"},"content":{"rendered":"<p>T\u00e4m\u00e4 on kirjan ranskankielinen versio. Cap sur la Finlande ei ole ainoastaan pelkk\u00e4 k\u00e4\u00e4nn\u00f6s, vaan se on mukautettu ranskalaisille lukijoille. Kirjassa on professori Jean-Luc Moreaun \u00e4lyk\u00e4s, oivaltava ja viihdytt\u00e4v\u00e4 essee h\u00e4nen suhteestaan Suomeen matkailujulisteiden kautta n\u00e4htyn\u00e4. Kirjan ranskankielisess\u00e4 versiossa on my\u00f6s useita julisteita, jotka aikoinaan oli kohdistettu nimenomaan Ranskan markkinoille.<\/p>\n<p><strong>Mik\u00e4 Cap sur la Finlande on:<\/strong><br \/>\n\u2022 Kappale viihdytt\u00e4v\u00e4\u00e4 Suomi-nostalgiaa.<br \/>\n\u2022 Yll\u00e4tt\u00e4v\u00e4 n\u00e4k\u00f6kulma Suomen historiaan.<br \/>\n\u2022 Ajaton lahja, joka sopii sek\u00e4 yrityslahjaksi, ulkomaisille vieraille, taiteesta ja matkailusta kiinnostuneille ett\u00e4 kaikille muille Suomi-faneille.<\/p>\n<p>Kirjassa on tietenkin kaupunkien sek\u00e4 maakuntien julisteita \u2013 Helsingist\u00e4 Lappiin, Turunmaan saaristosta Viipuriin \u2013 mutta mukana on my\u00f6s matkailualan arvostettuja yrityksi\u00e4, kuten VR, Finnair, liikenteenharjoittajia sek\u00e4 varustamoita. Kirjassa painotetaan monipuolisuutta: Luontoa, arkkitehtuuria, kaupunkeja, kulttuuria, n\u00e4ht\u00e4vyyksi\u00e4, harrastusmahdollisuuksia. Kirja tarjoaa takuuvarmasti useita viihdytt\u00e4vi\u00e4 ahaa-el\u00e4myksi\u00e4.<\/p>\n<p>Erikoisemman aineiston joukosta mainittakoon otos vuonna 1952 pidetyn julistekilpailun tuotoksista. Olympiakisoja silm\u00e4ll\u00e4 pit\u00e4en oli nimitt\u00e4in julistettu julistekilpailu, johon sek\u00e4 ammattilaiset ett\u00e4 amat\u00f6\u00f6rit osallistuivat l\u00e4hett\u00e4m\u00e4ll\u00e4 valtavan m\u00e4\u00e4r\u00e4n juliste-ehdotuksia. Onneksemme olympialaisten j\u00e4rjest\u00e4j\u00e4t arkistoivat kaikki ehdotukset.<br \/>\nMy\u00f6s Karjalan yst\u00e4ville tarjolla on j\u00e4nnitt\u00e4v\u00e4\u00e4 nostalgiaa. Kannashan oli huviloiden ja hiekkarantojen paratiisi. Kirjassa on unenomaisia n\u00e4kymi\u00e4 Terijoelta ja Koiviston merikylpyl\u00e4st\u00e4 sek\u00e4 Viipurista, Sortavalasta ja Laatokalta.<\/p>\n<p>Koko: 24 x 32 cm<br \/>\nSivujen lkm: 256<br \/>\nKuvia: n. 210<br \/>\nPaperi: Galerie art Silk 150 gr<br \/>\nProjektip\u00e4\u00e4llikk\u00f6: Magnus Londen.<br \/>\nKustantaja: Sektorn Press (nyk. Come to Finland), 2008<br \/>\nK\u00e4\u00e4nn\u00f6s: Martine Desbureaux<\/p>\n<p>ISBN13: 9789526703503<\/p>\n<p>Etk\u00f6 mill\u00e4\u00e4n malttaisi odottaa? Haluatko selailla kirjaa jo nyt? Ei h\u00e4t\u00e4\u00e4, ymm\u00e4rr\u00e4mme tunteesi t\u00e4ysin. <a href=\"http:\/\/issuu.com\/sektorn_press\/docs\/ctf-fra\" target=\"_blank\" rel=\"noopener\">T\u00e4st\u00e4 linkist\u00e4<\/a> p\u00e4\u00e4set kurkistamaan salaa &#8211; in full screen!<\/p>\n","protected":false},"excerpt":{"rendered":"<p>T\u00e4m\u00e4 on kirjan ranskankielinen versio. Cap sur la Finlande ei ole ainoastaan pelkk\u00e4 k\u00e4\u00e4nn\u00f6s, vaan se on mukautettu ranskalaisille lukijoille. Kirjassa on professori Jean-Luc Moreaun \u00e4lyk\u00e4s, oivaltava ja viihdytt\u00e4v\u00e4 essee h\u00e4nen suhteestaan Suomeen matkailujulisteiden kautta n\u00e4htyn\u00e4. Kirjan ranskankielisess\u00e4 versiossa on my\u00f6s useita julisteita, jotka aikoinaan oli kohdistettu nimenomaan Ranskan markkinoille. Mik\u00e4 Cap sur la Finlande [&hellip;]<\/p>\n","protected":false},"featured_media":2901,"template":"","meta":{"_acf_changed":false},"product_brand":[],"product_cat":[706,254],"product_tag":[],"class_list":{"0":"post-2906","1":"product","2":"type-product","3":"status-publish","4":"has-post-thumbnail","6":"product_cat-kirjat","7":"product_cat-kirjat-kalenterit","9":"first","10":"instock","11":"taxable","12":"shipping-taxable","13":"purchasable","14":"product-type-simple"},"acf":[],"yoast_head":"<!-- This site is optimized with the Yoast SEO plugin v27.4 - https:\/\/yoast.com\/product\/yoast-seo-wordpress\/ -->\n<title>Cap sur la Finlande, coffee table book in French - Come to Finland<\/title>\n<meta name=\"robots\" content=\"index, follow, max-snippet:-1, max-image-preview:large, max-video-preview:-1\" \/>\n<link rel=\"canonical\" href=\"https:\/\/cometofinland.fi\/fi\/tuote\/come-to-finland-coffee-table-book-in-french\/\" \/>\n<meta property=\"og:locale\" content=\"fi_FI\" \/>\n<meta property=\"og:type\" content=\"article\" \/>\n<meta property=\"og:title\" content=\"Cap sur la Finlande, coffee table book in French - Come to Finland\" \/>\n<meta property=\"og:description\" content=\"T\u00e4m\u00e4 on kirjan ranskankielinen versio. Cap sur la Finlande ei ole ainoastaan pelkk\u00e4 k\u00e4\u00e4nn\u00f6s, vaan se on mukautettu ranskalaisille lukijoille. Kirjassa on professori Jean-Luc Moreaun \u00e4lyk\u00e4s, oivaltava ja viihdytt\u00e4v\u00e4 essee h\u00e4nen suhteestaan Suomeen matkailujulisteiden kautta n\u00e4htyn\u00e4. Kirjan ranskankielisess\u00e4 versiossa on my\u00f6s useita julisteita, jotka aikoinaan oli kohdistettu nimenomaan Ranskan markkinoille. Mik\u00e4 Cap sur la Finlande [&hellip;]\" \/>\n<meta property=\"og:url\" content=\"https:\/\/cometofinland.fi\/fi\/tuote\/come-to-finland-coffee-table-book-in-french\/\" \/>\n<meta property=\"og:site_name\" content=\"Come to Finland\" \/>\n<meta property=\"article:publisher\" content=\"https:\/\/fi-fi.facebook.com\/cometofinland\/\" \/>\n<meta property=\"article:modified_time\" content=\"2026-04-07T14:18:38+00:00\" \/>\n<meta property=\"og:image\" content=\"https:\/\/cometofinland.fi\/wp-content\/uploads\/2018\/12\/ctf-fra.jpg\" \/>\n\t<meta property=\"og:image:width\" content=\"500\" \/>\n\t<meta property=\"og:image:height\" content=\"666\" \/>\n\t<meta property=\"og:image:type\" content=\"image\/jpeg\" \/>\n<meta name=\"twitter:card\" content=\"summary_large_image\" \/>\n<meta name=\"twitter:label1\" content=\"Arvioitu lukuaika\" \/>\n\t<meta name=\"twitter:data1\" content=\"2 minuuttia\" \/>\n<script type=\"application\/ld+json\" class=\"yoast-schema-graph\">{\"@context\":\"https:\\\/\\\/schema.org\",\"@graph\":[{\"@type\":\"WebPage\",\"@id\":\"https:\\\/\\\/cometofinland.fi\\\/fi\\\/tuote\\\/come-to-finland-coffee-table-book-in-french\\\/\",\"url\":\"https:\\\/\\\/cometofinland.fi\\\/fi\\\/tuote\\\/come-to-finland-coffee-table-book-in-french\\\/\",\"name\":\"Cap sur la Finlande, coffee table book in French - Come to Finland\",\"isPartOf\":{\"@id\":\"https:\\\/\\\/cometofinland.fi\\\/fi\\\/#website\"},\"primaryImageOfPage\":{\"@id\":\"https:\\\/\\\/cometofinland.fi\\\/fi\\\/tuote\\\/come-to-finland-coffee-table-book-in-french\\\/#primaryimage\"},\"image\":{\"@id\":\"https:\\\/\\\/cometofinland.fi\\\/fi\\\/tuote\\\/come-to-finland-coffee-table-book-in-french\\\/#primaryimage\"},\"thumbnailUrl\":\"https:\\\/\\\/cometofinland.fi\\\/wp-content\\\/uploads\\\/2018\\\/12\\\/ctf-fra.jpg\",\"datePublished\":\"2018-12-14T09:19:17+00:00\",\"dateModified\":\"2026-04-07T14:18:38+00:00\",\"breadcrumb\":{\"@id\":\"https:\\\/\\\/cometofinland.fi\\\/fi\\\/tuote\\\/come-to-finland-coffee-table-book-in-french\\\/#breadcrumb\"},\"inLanguage\":\"fi\",\"potentialAction\":[{\"@type\":\"ReadAction\",\"target\":[\"https:\\\/\\\/cometofinland.fi\\\/fi\\\/tuote\\\/come-to-finland-coffee-table-book-in-french\\\/\"]}]},{\"@type\":\"ImageObject\",\"inLanguage\":\"fi\",\"@id\":\"https:\\\/\\\/cometofinland.fi\\\/fi\\\/tuote\\\/come-to-finland-coffee-table-book-in-french\\\/#primaryimage\",\"url\":\"https:\\\/\\\/cometofinland.fi\\\/wp-content\\\/uploads\\\/2018\\\/12\\\/ctf-fra.jpg\",\"contentUrl\":\"https:\\\/\\\/cometofinland.fi\\\/wp-content\\\/uploads\\\/2018\\\/12\\\/ctf-fra.jpg\",\"width\":500,\"height\":666},{\"@type\":\"BreadcrumbList\",\"@id\":\"https:\\\/\\\/cometofinland.fi\\\/fi\\\/tuote\\\/come-to-finland-coffee-table-book-in-french\\\/#breadcrumb\",\"itemListElement\":[{\"@type\":\"ListItem\",\"position\":1,\"name\":\"Home\",\"item\":\"https:\\\/\\\/cometofinland.fi\\\/fi\\\/\"},{\"@type\":\"ListItem\",\"position\":2,\"name\":\"Kauppa\",\"item\":\"https:\\\/\\\/cometofinland.fi\\\/fi\\\/kauppa\\\/\"},{\"@type\":\"ListItem\",\"position\":3,\"name\":\"Cap sur la Finlande, coffee table book in French\"}]},{\"@type\":\"WebSite\",\"@id\":\"https:\\\/\\\/cometofinland.fi\\\/fi\\\/#website\",\"url\":\"https:\\\/\\\/cometofinland.fi\\\/fi\\\/\",\"name\":\"Come to Finland\",\"description\":\"poster love from Finland\",\"publisher\":{\"@id\":\"https:\\\/\\\/cometofinland.fi\\\/fi\\\/#organization\"},\"potentialAction\":[{\"@type\":\"SearchAction\",\"target\":{\"@type\":\"EntryPoint\",\"urlTemplate\":\"https:\\\/\\\/cometofinland.fi\\\/fi\\\/?s={search_term_string}\"},\"query-input\":{\"@type\":\"PropertyValueSpecification\",\"valueRequired\":true,\"valueName\":\"search_term_string\"}}],\"inLanguage\":\"fi\"},{\"@type\":\"Organization\",\"@id\":\"https:\\\/\\\/cometofinland.fi\\\/fi\\\/#organization\",\"name\":\"Come to Finland\",\"url\":\"https:\\\/\\\/cometofinland.fi\\\/fi\\\/\",\"logo\":{\"@type\":\"ImageObject\",\"inLanguage\":\"fi\",\"@id\":\"https:\\\/\\\/cometofinland.fi\\\/fi\\\/#\\\/schema\\\/logo\\\/image\\\/\",\"url\":\"https:\\\/\\\/cometofinland.fi\\\/wp-content\\\/uploads\\\/2019\\\/03\\\/CTF_LOGO_Blue.svg\",\"contentUrl\":\"https:\\\/\\\/cometofinland.fi\\\/wp-content\\\/uploads\\\/2019\\\/03\\\/CTF_LOGO_Blue.svg\",\"width\":1,\"height\":1,\"caption\":\"Come to Finland\"},\"image\":{\"@id\":\"https:\\\/\\\/cometofinland.fi\\\/fi\\\/#\\\/schema\\\/logo\\\/image\\\/\"},\"sameAs\":[\"https:\\\/\\\/fi-fi.facebook.com\\\/cometofinland\\\/\",\"https:\\\/\\\/www.instagram.com\\\/cometofinland\\\/\"]}]}<\/script>\n<!-- \/ Yoast SEO plugin. -->","yoast_head_json":{"title":"Cap sur la Finlande, coffee table book in French - Come to Finland","robots":{"index":"index","follow":"follow","max-snippet":"max-snippet:-1","max-image-preview":"max-image-preview:large","max-video-preview":"max-video-preview:-1"},"canonical":"https:\/\/cometofinland.fi\/fi\/tuote\/come-to-finland-coffee-table-book-in-french\/","og_locale":"fi_FI","og_type":"article","og_title":"Cap sur la Finlande, coffee table book in French - Come to Finland","og_description":"T\u00e4m\u00e4 on kirjan ranskankielinen versio. Cap sur la Finlande ei ole ainoastaan pelkk\u00e4 k\u00e4\u00e4nn\u00f6s, vaan se on mukautettu ranskalaisille lukijoille. Kirjassa on professori Jean-Luc Moreaun \u00e4lyk\u00e4s, oivaltava ja viihdytt\u00e4v\u00e4 essee h\u00e4nen suhteestaan Suomeen matkailujulisteiden kautta n\u00e4htyn\u00e4. Kirjan ranskankielisess\u00e4 versiossa on my\u00f6s useita julisteita, jotka aikoinaan oli kohdistettu nimenomaan Ranskan markkinoille. Mik\u00e4 Cap sur la Finlande [&hellip;]","og_url":"https:\/\/cometofinland.fi\/fi\/tuote\/come-to-finland-coffee-table-book-in-french\/","og_site_name":"Come to Finland","article_publisher":"https:\/\/fi-fi.facebook.com\/cometofinland\/","article_modified_time":"2026-04-07T14:18:38+00:00","og_image":[{"width":500,"height":666,"url":"https:\/\/cometofinland.fi\/wp-content\/uploads\/2018\/12\/ctf-fra.jpg","type":"image\/jpeg"}],"twitter_card":"summary_large_image","twitter_misc":{"Arvioitu lukuaika":"2 minuuttia"},"schema":{"@context":"https:\/\/schema.org","@graph":[{"@type":"WebPage","@id":"https:\/\/cometofinland.fi\/fi\/tuote\/come-to-finland-coffee-table-book-in-french\/","url":"https:\/\/cometofinland.fi\/fi\/tuote\/come-to-finland-coffee-table-book-in-french\/","name":"Cap sur la Finlande, coffee table book in French - Come to Finland","isPartOf":{"@id":"https:\/\/cometofinland.fi\/fi\/#website"},"primaryImageOfPage":{"@id":"https:\/\/cometofinland.fi\/fi\/tuote\/come-to-finland-coffee-table-book-in-french\/#primaryimage"},"image":{"@id":"https:\/\/cometofinland.fi\/fi\/tuote\/come-to-finland-coffee-table-book-in-french\/#primaryimage"},"thumbnailUrl":"https:\/\/cometofinland.fi\/wp-content\/uploads\/2018\/12\/ctf-fra.jpg","datePublished":"2018-12-14T09:19:17+00:00","dateModified":"2026-04-07T14:18:38+00:00","breadcrumb":{"@id":"https:\/\/cometofinland.fi\/fi\/tuote\/come-to-finland-coffee-table-book-in-french\/#breadcrumb"},"inLanguage":"fi","potentialAction":[{"@type":"ReadAction","target":["https:\/\/cometofinland.fi\/fi\/tuote\/come-to-finland-coffee-table-book-in-french\/"]}]},{"@type":"ImageObject","inLanguage":"fi","@id":"https:\/\/cometofinland.fi\/fi\/tuote\/come-to-finland-coffee-table-book-in-french\/#primaryimage","url":"https:\/\/cometofinland.fi\/wp-content\/uploads\/2018\/12\/ctf-fra.jpg","contentUrl":"https:\/\/cometofinland.fi\/wp-content\/uploads\/2018\/12\/ctf-fra.jpg","width":500,"height":666},{"@type":"BreadcrumbList","@id":"https:\/\/cometofinland.fi\/fi\/tuote\/come-to-finland-coffee-table-book-in-french\/#breadcrumb","itemListElement":[{"@type":"ListItem","position":1,"name":"Home","item":"https:\/\/cometofinland.fi\/fi\/"},{"@type":"ListItem","position":2,"name":"Kauppa","item":"https:\/\/cometofinland.fi\/fi\/kauppa\/"},{"@type":"ListItem","position":3,"name":"Cap sur la Finlande, coffee table book in French"}]},{"@type":"WebSite","@id":"https:\/\/cometofinland.fi\/fi\/#website","url":"https:\/\/cometofinland.fi\/fi\/","name":"Come to Finland","description":"poster love from Finland","publisher":{"@id":"https:\/\/cometofinland.fi\/fi\/#organization"},"potentialAction":[{"@type":"SearchAction","target":{"@type":"EntryPoint","urlTemplate":"https:\/\/cometofinland.fi\/fi\/?s={search_term_string}"},"query-input":{"@type":"PropertyValueSpecification","valueRequired":true,"valueName":"search_term_string"}}],"inLanguage":"fi"},{"@type":"Organization","@id":"https:\/\/cometofinland.fi\/fi\/#organization","name":"Come to Finland","url":"https:\/\/cometofinland.fi\/fi\/","logo":{"@type":"ImageObject","inLanguage":"fi","@id":"https:\/\/cometofinland.fi\/fi\/#\/schema\/logo\/image\/","url":"https:\/\/cometofinland.fi\/wp-content\/uploads\/2019\/03\/CTF_LOGO_Blue.svg","contentUrl":"https:\/\/cometofinland.fi\/wp-content\/uploads\/2019\/03\/CTF_LOGO_Blue.svg","width":1,"height":1,"caption":"Come to Finland"},"image":{"@id":"https:\/\/cometofinland.fi\/fi\/#\/schema\/logo\/image\/"},"sameAs":["https:\/\/fi-fi.facebook.com\/cometofinland\/","https:\/\/www.instagram.com\/cometofinland\/"]}]}},"_links":{"self":[{"href":"https:\/\/cometofinland.fi\/fi\/wp-json\/wp\/v2\/product\/2906","targetHints":{"allow":["GET"]}}],"collection":[{"href":"https:\/\/cometofinland.fi\/fi\/wp-json\/wp\/v2\/product"}],"about":[{"href":"https:\/\/cometofinland.fi\/fi\/wp-json\/wp\/v2\/types\/product"}],"wp:featuredmedia":[{"embeddable":true,"href":"https:\/\/cometofinland.fi\/fi\/wp-json\/wp\/v2\/media\/2901"}],"wp:attachment":[{"href":"https:\/\/cometofinland.fi\/fi\/wp-json\/wp\/v2\/media?parent=2906"}],"wp:term":[{"taxonomy":"product_brand","embeddable":true,"href":"https:\/\/cometofinland.fi\/fi\/wp-json\/wp\/v2\/product_brand?post=2906"},{"taxonomy":"product_cat","embeddable":true,"href":"https:\/\/cometofinland.fi\/fi\/wp-json\/wp\/v2\/product_cat?post=2906"},{"taxonomy":"product_tag","embeddable":true,"href":"https:\/\/cometofinland.fi\/fi\/wp-json\/wp\/v2\/product_tag?post=2906"}],"curies":[{"name":"wp","href":"https:\/\/api.w.org\/{rel}","templated":true}]}}