{"id":29494,"date":"2023-03-20T12:28:43","date_gmt":"2023-03-20T10:28:43","guid":{"rendered":"https:\/\/cometofinland.fi\/?post_type=product&#038;p=29494"},"modified":"2025-12-16T16:27:08","modified_gmt":"2025-12-16T14:27:08","slug":"northern-magic-by-natali-kit-lasinalunen","status":"publish","type":"product","link":"https:\/\/cometofinland.fi\/fi\/tuote\/northern-magic-by-natali-kit-lasinalunen\/","title":{"rendered":"Northern Magic by Natali Kit, lasinalunen"},"content":{"rendered":"<p>S\u00e4vyt\u00e4 tarjoamasi juomat glamourilla!<\/p>\n<p>Lasinalustamme valmistetaan suomalaisesta koivuvanerista Suomessa.<\/p>\n<p>Koko: 10 x 10 cm. Paksuus: 3 mm<\/p>\n","protected":false},"excerpt":{"rendered":"<p>S\u00e4vyt\u00e4 tarjoamasi juomat glamourilla! Lasinalustamme valmistetaan suomalaisesta koivuvanerista Suomessa. Koko: 10 x 10 cm. Paksuus: 3 mm<\/p>\n","protected":false},"featured_media":29725,"template":"","meta":{"_acf_changed":false},"product_brand":[],"product_cat":[278],"product_tag":[],"class_list":{"0":"post-29494","1":"product","2":"type-product","3":"status-publish","4":"has-post-thumbnail","6":"product_cat-lasinaluset","8":"first","9":"outofstock","10":"taxable","11":"shipping-taxable","12":"purchasable","13":"product-type-simple"},"acf":[],"yoast_head":"<!-- This site is optimized with the Yoast SEO plugin v27.4 - https:\/\/yoast.com\/product\/yoast-seo-wordpress\/ -->\n<title>Northern Magic by Natali Kit, lasinalunen - Come to Finland<\/title>\n<meta name=\"description\" content=\"N\u00e4m\u00e4 puualuset on valmistettu suomalaisesta koivusta. Hehkuvan revontulen ansiosta ne muuttavat mink\u00e4 tahansa kattauksen kunnianosoitukseksi Suomelle.\" \/>\n<meta name=\"robots\" content=\"index, follow, max-snippet:-1, max-image-preview:large, max-video-preview:-1\" \/>\n<link rel=\"canonical\" href=\"https:\/\/cometofinland.fi\/fi\/tuote\/northern-magic-by-natali-kit-lasinalunen\/\" \/>\n<meta property=\"og:locale\" content=\"fi_FI\" \/>\n<meta property=\"og:type\" content=\"article\" \/>\n<meta property=\"og:title\" content=\"Northern Magic by Natali Kit, lasinalunen - Come to Finland\" \/>\n<meta property=\"og:description\" content=\"N\u00e4m\u00e4 puualuset on valmistettu suomalaisesta koivusta. Hehkuvan revontulen ansiosta ne muuttavat mink\u00e4 tahansa kattauksen kunnianosoitukseksi Suomelle.\" \/>\n<meta property=\"og:url\" content=\"https:\/\/cometofinland.fi\/fi\/tuote\/northern-magic-by-natali-kit-lasinalunen\/\" \/>\n<meta property=\"og:site_name\" content=\"Come to Finland\" \/>\n<meta property=\"article:publisher\" content=\"https:\/\/fi-fi.facebook.com\/cometofinland\/\" \/>\n<meta property=\"article:modified_time\" content=\"2025-12-16T14:27:08+00:00\" \/>\n<meta property=\"og:image\" content=\"https:\/\/cometofinland.fi\/wp-content\/uploads\/2025\/03\/CO-2382_low.jpg\" \/>\n\t<meta property=\"og:image:width\" content=\"590\" \/>\n\t<meta property=\"og:image:height\" content=\"590\" \/>\n\t<meta property=\"og:image:type\" content=\"image\/jpeg\" \/>\n<meta name=\"twitter:card\" content=\"summary_large_image\" \/>\n<script type=\"application\/ld+json\" class=\"yoast-schema-graph\">{\"@context\":\"https:\\\/\\\/schema.org\",\"@graph\":[{\"@type\":\"WebPage\",\"@id\":\"https:\\\/\\\/cometofinland.fi\\\/fi\\\/tuote\\\/northern-magic-by-natali-kit-lasinalunen\\\/\",\"url\":\"https:\\\/\\\/cometofinland.fi\\\/fi\\\/tuote\\\/northern-magic-by-natali-kit-lasinalunen\\\/\",\"name\":\"Northern Magic by Natali Kit, lasinalunen - Come to Finland\",\"isPartOf\":{\"@id\":\"https:\\\/\\\/cometofinland.fi\\\/fi\\\/#website\"},\"primaryImageOfPage\":{\"@id\":\"https:\\\/\\\/cometofinland.fi\\\/fi\\\/tuote\\\/northern-magic-by-natali-kit-lasinalunen\\\/#primaryimage\"},\"image\":{\"@id\":\"https:\\\/\\\/cometofinland.fi\\\/fi\\\/tuote\\\/northern-magic-by-natali-kit-lasinalunen\\\/#primaryimage\"},\"thumbnailUrl\":\"https:\\\/\\\/cometofinland.fi\\\/wp-content\\\/uploads\\\/2023\\\/03\\\/northern-magic-auroras-come-to-finland-wooden-coaster-co-2382.jpeg\",\"datePublished\":\"2023-03-20T10:28:43+00:00\",\"dateModified\":\"2025-12-16T14:27:08+00:00\",\"description\":\"N\u00e4m\u00e4 puualuset on valmistettu suomalaisesta koivusta. Hehkuvan revontulen ansiosta ne muuttavat mink\u00e4 tahansa kattauksen kunnianosoitukseksi Suomelle.\",\"breadcrumb\":{\"@id\":\"https:\\\/\\\/cometofinland.fi\\\/fi\\\/tuote\\\/northern-magic-by-natali-kit-lasinalunen\\\/#breadcrumb\"},\"inLanguage\":\"fi\",\"potentialAction\":[{\"@type\":\"ReadAction\",\"target\":[\"https:\\\/\\\/cometofinland.fi\\\/fi\\\/tuote\\\/northern-magic-by-natali-kit-lasinalunen\\\/\"]}]},{\"@type\":\"ImageObject\",\"inLanguage\":\"fi\",\"@id\":\"https:\\\/\\\/cometofinland.fi\\\/fi\\\/tuote\\\/northern-magic-by-natali-kit-lasinalunen\\\/#primaryimage\",\"url\":\"https:\\\/\\\/cometofinland.fi\\\/wp-content\\\/uploads\\\/2023\\\/03\\\/northern-magic-auroras-come-to-finland-wooden-coaster-co-2382.jpeg\",\"contentUrl\":\"https:\\\/\\\/cometofinland.fi\\\/wp-content\\\/uploads\\\/2023\\\/03\\\/northern-magic-auroras-come-to-finland-wooden-coaster-co-2382.jpeg\",\"width\":907,\"height\":900},{\"@type\":\"BreadcrumbList\",\"@id\":\"https:\\\/\\\/cometofinland.fi\\\/fi\\\/tuote\\\/northern-magic-by-natali-kit-lasinalunen\\\/#breadcrumb\",\"itemListElement\":[{\"@type\":\"ListItem\",\"position\":1,\"name\":\"Home\",\"item\":\"https:\\\/\\\/cometofinland.fi\\\/fi\\\/\"},{\"@type\":\"ListItem\",\"position\":2,\"name\":\"Kauppa\",\"item\":\"https:\\\/\\\/cometofinland.fi\\\/fi\\\/kauppa\\\/\"},{\"@type\":\"ListItem\",\"position\":3,\"name\":\"Northern Magic by Natali Kit, lasinalunen\"}]},{\"@type\":\"WebSite\",\"@id\":\"https:\\\/\\\/cometofinland.fi\\\/fi\\\/#website\",\"url\":\"https:\\\/\\\/cometofinland.fi\\\/fi\\\/\",\"name\":\"Come to Finland\",\"description\":\"poster love from Finland\",\"publisher\":{\"@id\":\"https:\\\/\\\/cometofinland.fi\\\/fi\\\/#organization\"},\"potentialAction\":[{\"@type\":\"SearchAction\",\"target\":{\"@type\":\"EntryPoint\",\"urlTemplate\":\"https:\\\/\\\/cometofinland.fi\\\/fi\\\/?s={search_term_string}\"},\"query-input\":{\"@type\":\"PropertyValueSpecification\",\"valueRequired\":true,\"valueName\":\"search_term_string\"}}],\"inLanguage\":\"fi\"},{\"@type\":\"Organization\",\"@id\":\"https:\\\/\\\/cometofinland.fi\\\/fi\\\/#organization\",\"name\":\"Come to Finland\",\"url\":\"https:\\\/\\\/cometofinland.fi\\\/fi\\\/\",\"logo\":{\"@type\":\"ImageObject\",\"inLanguage\":\"fi\",\"@id\":\"https:\\\/\\\/cometofinland.fi\\\/fi\\\/#\\\/schema\\\/logo\\\/image\\\/\",\"url\":\"https:\\\/\\\/cometofinland.fi\\\/wp-content\\\/uploads\\\/2019\\\/03\\\/CTF_LOGO_Blue.svg\",\"contentUrl\":\"https:\\\/\\\/cometofinland.fi\\\/wp-content\\\/uploads\\\/2019\\\/03\\\/CTF_LOGO_Blue.svg\",\"width\":1,\"height\":1,\"caption\":\"Come to Finland\"},\"image\":{\"@id\":\"https:\\\/\\\/cometofinland.fi\\\/fi\\\/#\\\/schema\\\/logo\\\/image\\\/\"},\"sameAs\":[\"https:\\\/\\\/fi-fi.facebook.com\\\/cometofinland\\\/\",\"https:\\\/\\\/www.instagram.com\\\/cometofinland\\\/\"]}]}<\/script>\n<!-- \/ Yoast SEO plugin. -->","yoast_head_json":{"title":"Northern Magic by Natali Kit, lasinalunen - Come to Finland","description":"N\u00e4m\u00e4 puualuset on valmistettu suomalaisesta koivusta. Hehkuvan revontulen ansiosta ne muuttavat mink\u00e4 tahansa kattauksen kunnianosoitukseksi Suomelle.","robots":{"index":"index","follow":"follow","max-snippet":"max-snippet:-1","max-image-preview":"max-image-preview:large","max-video-preview":"max-video-preview:-1"},"canonical":"https:\/\/cometofinland.fi\/fi\/tuote\/northern-magic-by-natali-kit-lasinalunen\/","og_locale":"fi_FI","og_type":"article","og_title":"Northern Magic by Natali Kit, lasinalunen - Come to Finland","og_description":"N\u00e4m\u00e4 puualuset on valmistettu suomalaisesta koivusta. Hehkuvan revontulen ansiosta ne muuttavat mink\u00e4 tahansa kattauksen kunnianosoitukseksi Suomelle.","og_url":"https:\/\/cometofinland.fi\/fi\/tuote\/northern-magic-by-natali-kit-lasinalunen\/","og_site_name":"Come to Finland","article_publisher":"https:\/\/fi-fi.facebook.com\/cometofinland\/","article_modified_time":"2025-12-16T14:27:08+00:00","og_image":[{"width":590,"height":590,"url":"https:\/\/cometofinland.fi\/wp-content\/uploads\/2025\/03\/CO-2382_low.jpg","type":"image\/jpeg"}],"twitter_card":"summary_large_image","schema":{"@context":"https:\/\/schema.org","@graph":[{"@type":"WebPage","@id":"https:\/\/cometofinland.fi\/fi\/tuote\/northern-magic-by-natali-kit-lasinalunen\/","url":"https:\/\/cometofinland.fi\/fi\/tuote\/northern-magic-by-natali-kit-lasinalunen\/","name":"Northern Magic by Natali Kit, lasinalunen - Come to Finland","isPartOf":{"@id":"https:\/\/cometofinland.fi\/fi\/#website"},"primaryImageOfPage":{"@id":"https:\/\/cometofinland.fi\/fi\/tuote\/northern-magic-by-natali-kit-lasinalunen\/#primaryimage"},"image":{"@id":"https:\/\/cometofinland.fi\/fi\/tuote\/northern-magic-by-natali-kit-lasinalunen\/#primaryimage"},"thumbnailUrl":"https:\/\/cometofinland.fi\/wp-content\/uploads\/2023\/03\/northern-magic-auroras-come-to-finland-wooden-coaster-co-2382.jpeg","datePublished":"2023-03-20T10:28:43+00:00","dateModified":"2025-12-16T14:27:08+00:00","description":"N\u00e4m\u00e4 puualuset on valmistettu suomalaisesta koivusta. Hehkuvan revontulen ansiosta ne muuttavat mink\u00e4 tahansa kattauksen kunnianosoitukseksi Suomelle.","breadcrumb":{"@id":"https:\/\/cometofinland.fi\/fi\/tuote\/northern-magic-by-natali-kit-lasinalunen\/#breadcrumb"},"inLanguage":"fi","potentialAction":[{"@type":"ReadAction","target":["https:\/\/cometofinland.fi\/fi\/tuote\/northern-magic-by-natali-kit-lasinalunen\/"]}]},{"@type":"ImageObject","inLanguage":"fi","@id":"https:\/\/cometofinland.fi\/fi\/tuote\/northern-magic-by-natali-kit-lasinalunen\/#primaryimage","url":"https:\/\/cometofinland.fi\/wp-content\/uploads\/2023\/03\/northern-magic-auroras-come-to-finland-wooden-coaster-co-2382.jpeg","contentUrl":"https:\/\/cometofinland.fi\/wp-content\/uploads\/2023\/03\/northern-magic-auroras-come-to-finland-wooden-coaster-co-2382.jpeg","width":907,"height":900},{"@type":"BreadcrumbList","@id":"https:\/\/cometofinland.fi\/fi\/tuote\/northern-magic-by-natali-kit-lasinalunen\/#breadcrumb","itemListElement":[{"@type":"ListItem","position":1,"name":"Home","item":"https:\/\/cometofinland.fi\/fi\/"},{"@type":"ListItem","position":2,"name":"Kauppa","item":"https:\/\/cometofinland.fi\/fi\/kauppa\/"},{"@type":"ListItem","position":3,"name":"Northern Magic by Natali Kit, lasinalunen"}]},{"@type":"WebSite","@id":"https:\/\/cometofinland.fi\/fi\/#website","url":"https:\/\/cometofinland.fi\/fi\/","name":"Come to Finland","description":"poster love from Finland","publisher":{"@id":"https:\/\/cometofinland.fi\/fi\/#organization"},"potentialAction":[{"@type":"SearchAction","target":{"@type":"EntryPoint","urlTemplate":"https:\/\/cometofinland.fi\/fi\/?s={search_term_string}"},"query-input":{"@type":"PropertyValueSpecification","valueRequired":true,"valueName":"search_term_string"}}],"inLanguage":"fi"},{"@type":"Organization","@id":"https:\/\/cometofinland.fi\/fi\/#organization","name":"Come to Finland","url":"https:\/\/cometofinland.fi\/fi\/","logo":{"@type":"ImageObject","inLanguage":"fi","@id":"https:\/\/cometofinland.fi\/fi\/#\/schema\/logo\/image\/","url":"https:\/\/cometofinland.fi\/wp-content\/uploads\/2019\/03\/CTF_LOGO_Blue.svg","contentUrl":"https:\/\/cometofinland.fi\/wp-content\/uploads\/2019\/03\/CTF_LOGO_Blue.svg","width":1,"height":1,"caption":"Come to Finland"},"image":{"@id":"https:\/\/cometofinland.fi\/fi\/#\/schema\/logo\/image\/"},"sameAs":["https:\/\/fi-fi.facebook.com\/cometofinland\/","https:\/\/www.instagram.com\/cometofinland\/"]}]}},"_links":{"self":[{"href":"https:\/\/cometofinland.fi\/fi\/wp-json\/wp\/v2\/product\/29494","targetHints":{"allow":["GET"]}}],"collection":[{"href":"https:\/\/cometofinland.fi\/fi\/wp-json\/wp\/v2\/product"}],"about":[{"href":"https:\/\/cometofinland.fi\/fi\/wp-json\/wp\/v2\/types\/product"}],"wp:featuredmedia":[{"embeddable":true,"href":"https:\/\/cometofinland.fi\/fi\/wp-json\/wp\/v2\/media\/29725"}],"wp:attachment":[{"href":"https:\/\/cometofinland.fi\/fi\/wp-json\/wp\/v2\/media?parent=29494"}],"wp:term":[{"taxonomy":"product_brand","embeddable":true,"href":"https:\/\/cometofinland.fi\/fi\/wp-json\/wp\/v2\/product_brand?post=29494"},{"taxonomy":"product_cat","embeddable":true,"href":"https:\/\/cometofinland.fi\/fi\/wp-json\/wp\/v2\/product_cat?post=29494"},{"taxonomy":"product_tag","embeddable":true,"href":"https:\/\/cometofinland.fi\/fi\/wp-json\/wp\/v2\/product_tag?post=29494"}],"curies":[{"name":"wp","href":"https:\/\/api.w.org\/{rel}","templated":true}]}}