{"id":29531,"date":"2023-03-20T14:30:47","date_gmt":"2023-03-20T12:30:47","guid":{"rendered":"https:\/\/cometofinland.fi\/?post_type=product&#038;p=29531"},"modified":"2025-03-20T14:34:11","modified_gmt":"2025-03-20T12:34:11","slug":"northern-magic-by-natali-kit-magneetti","status":"publish","type":"product","link":"https:\/\/cometofinland.fi\/fi\/tuote\/northern-magic-by-natali-kit-magneetti\/","title":{"rendered":"Northern Magic by Natali Kit, magneetti"},"content":{"rendered":"<p>Laminoidut julistemagneettimme kest\u00e4v\u00e4t kovempaakin Suomi-kaipuuta ja kulutusta. Lis\u00e4ksi ne auttavat lievitt\u00e4m\u00e4\u00e4n ep\u00e4toivoista kaipuutasi revontuliin!<\/p>\n<p>Valmistettu EU:ssa.<\/p>\n","protected":false},"excerpt":{"rendered":"<p>Laminoidut julistemagneettimme kest\u00e4v\u00e4t kovempaakin Suomi-kaipuuta ja kulutusta. Lis\u00e4ksi ne auttavat lievitt\u00e4m\u00e4\u00e4n ep\u00e4toivoista kaipuutasi revontuliin! Valmistettu EU:ssa.<\/p>\n","protected":false},"featured_media":29340,"template":"","meta":{"_acf_changed":false},"product_brand":[],"product_cat":[596],"product_tag":[],"class_list":{"0":"post-29531","1":"product","2":"type-product","3":"status-publish","4":"has-post-thumbnail","6":"product_cat-magneetit","8":"first","9":"instock","10":"taxable","11":"shipping-taxable","12":"purchasable","13":"product-type-simple"},"acf":[],"yoast_head":"<!-- This site is optimized with the Yoast SEO plugin v27.4 - https:\/\/yoast.com\/product\/yoast-seo-wordpress\/ -->\n<title>Northern Magic by Natali Kit, magneetti - Come to Finland<\/title>\n<meta name=\"description\" content=\"T\u00e4m\u00e4n j\u00e4\u00e4kaappimagneetin ansiosta voit aina nauttia revontulista keitti\u00f6ss\u00e4si. Magneetit on valmistettu EU:ssa. Nopea, maailmanlaajuinen toimitus.\" \/>\n<meta name=\"robots\" content=\"index, follow, max-snippet:-1, max-image-preview:large, max-video-preview:-1\" \/>\n<link rel=\"canonical\" href=\"https:\/\/cometofinland.fi\/fi\/tuote\/northern-magic-by-natali-kit-magneetti\/\" \/>\n<meta property=\"og:locale\" content=\"fi_FI\" \/>\n<meta property=\"og:type\" content=\"article\" \/>\n<meta property=\"og:title\" content=\"Northern Magic by Natali Kit, magneetti - Come to Finland\" \/>\n<meta property=\"og:description\" content=\"T\u00e4m\u00e4n j\u00e4\u00e4kaappimagneetin ansiosta voit aina nauttia revontulista keitti\u00f6ss\u00e4si. Magneetit on valmistettu EU:ssa. Nopea, maailmanlaajuinen toimitus.\" \/>\n<meta property=\"og:url\" content=\"https:\/\/cometofinland.fi\/fi\/tuote\/northern-magic-by-natali-kit-magneetti\/\" \/>\n<meta property=\"og:site_name\" content=\"Come to Finland\" \/>\n<meta property=\"article:publisher\" content=\"https:\/\/fi-fi.facebook.com\/cometofinland\/\" \/>\n<meta property=\"article:modified_time\" content=\"2025-03-20T12:34:11+00:00\" \/>\n<meta property=\"og:image\" content=\"https:\/\/cometofinland.fi\/wp-content\/uploads\/2025\/03\/PC-2382_Finland-northern-lights-poster-as-postcard.jpg\" \/>\n\t<meta property=\"og:image:width\" content=\"732\" \/>\n\t<meta property=\"og:image:height\" content=\"1116\" \/>\n\t<meta property=\"og:image:type\" content=\"image\/jpeg\" \/>\n<meta name=\"twitter:card\" content=\"summary_large_image\" \/>\n<script type=\"application\/ld+json\" class=\"yoast-schema-graph\">{\"@context\":\"https:\\\/\\\/schema.org\",\"@graph\":[{\"@type\":\"WebPage\",\"@id\":\"https:\\\/\\\/cometofinland.fi\\\/fi\\\/tuote\\\/northern-magic-by-natali-kit-magneetti\\\/\",\"url\":\"https:\\\/\\\/cometofinland.fi\\\/fi\\\/tuote\\\/northern-magic-by-natali-kit-magneetti\\\/\",\"name\":\"Northern Magic by Natali Kit, magneetti - Come to Finland\",\"isPartOf\":{\"@id\":\"https:\\\/\\\/cometofinland.fi\\\/fi\\\/#website\"},\"primaryImageOfPage\":{\"@id\":\"https:\\\/\\\/cometofinland.fi\\\/fi\\\/tuote\\\/northern-magic-by-natali-kit-magneetti\\\/#primaryimage\"},\"image\":{\"@id\":\"https:\\\/\\\/cometofinland.fi\\\/fi\\\/tuote\\\/northern-magic-by-natali-kit-magneetti\\\/#primaryimage\"},\"thumbnailUrl\":\"https:\\\/\\\/cometofinland.fi\\\/wp-content\\\/uploads\\\/2025\\\/03\\\/PC-2382_Finland-northern-lights-poster-as-postcard.jpg\",\"datePublished\":\"2023-03-20T12:30:47+00:00\",\"dateModified\":\"2025-03-20T12:34:11+00:00\",\"description\":\"T\u00e4m\u00e4n j\u00e4\u00e4kaappimagneetin ansiosta voit aina nauttia revontulista keitti\u00f6ss\u00e4si. Magneetit on valmistettu EU:ssa. Nopea, maailmanlaajuinen toimitus.\",\"breadcrumb\":{\"@id\":\"https:\\\/\\\/cometofinland.fi\\\/fi\\\/tuote\\\/northern-magic-by-natali-kit-magneetti\\\/#breadcrumb\"},\"inLanguage\":\"fi\",\"potentialAction\":[{\"@type\":\"ReadAction\",\"target\":[\"https:\\\/\\\/cometofinland.fi\\\/fi\\\/tuote\\\/northern-magic-by-natali-kit-magneetti\\\/\"]}]},{\"@type\":\"ImageObject\",\"inLanguage\":\"fi\",\"@id\":\"https:\\\/\\\/cometofinland.fi\\\/fi\\\/tuote\\\/northern-magic-by-natali-kit-magneetti\\\/#primaryimage\",\"url\":\"https:\\\/\\\/cometofinland.fi\\\/wp-content\\\/uploads\\\/2025\\\/03\\\/PC-2382_Finland-northern-lights-poster-as-postcard.jpg\",\"contentUrl\":\"https:\\\/\\\/cometofinland.fi\\\/wp-content\\\/uploads\\\/2025\\\/03\\\/PC-2382_Finland-northern-lights-poster-as-postcard.jpg\",\"width\":732,\"height\":1116},{\"@type\":\"BreadcrumbList\",\"@id\":\"https:\\\/\\\/cometofinland.fi\\\/fi\\\/tuote\\\/northern-magic-by-natali-kit-magneetti\\\/#breadcrumb\",\"itemListElement\":[{\"@type\":\"ListItem\",\"position\":1,\"name\":\"Home\",\"item\":\"https:\\\/\\\/cometofinland.fi\\\/fi\\\/\"},{\"@type\":\"ListItem\",\"position\":2,\"name\":\"Kauppa\",\"item\":\"https:\\\/\\\/cometofinland.fi\\\/fi\\\/kauppa\\\/\"},{\"@type\":\"ListItem\",\"position\":3,\"name\":\"Northern Magic by Natali Kit, magneetti\"}]},{\"@type\":\"WebSite\",\"@id\":\"https:\\\/\\\/cometofinland.fi\\\/fi\\\/#website\",\"url\":\"https:\\\/\\\/cometofinland.fi\\\/fi\\\/\",\"name\":\"Come to Finland\",\"description\":\"poster love from Finland\",\"publisher\":{\"@id\":\"https:\\\/\\\/cometofinland.fi\\\/fi\\\/#organization\"},\"potentialAction\":[{\"@type\":\"SearchAction\",\"target\":{\"@type\":\"EntryPoint\",\"urlTemplate\":\"https:\\\/\\\/cometofinland.fi\\\/fi\\\/?s={search_term_string}\"},\"query-input\":{\"@type\":\"PropertyValueSpecification\",\"valueRequired\":true,\"valueName\":\"search_term_string\"}}],\"inLanguage\":\"fi\"},{\"@type\":\"Organization\",\"@id\":\"https:\\\/\\\/cometofinland.fi\\\/fi\\\/#organization\",\"name\":\"Come to Finland\",\"url\":\"https:\\\/\\\/cometofinland.fi\\\/fi\\\/\",\"logo\":{\"@type\":\"ImageObject\",\"inLanguage\":\"fi\",\"@id\":\"https:\\\/\\\/cometofinland.fi\\\/fi\\\/#\\\/schema\\\/logo\\\/image\\\/\",\"url\":\"https:\\\/\\\/cometofinland.fi\\\/wp-content\\\/uploads\\\/2019\\\/03\\\/CTF_LOGO_Blue.svg\",\"contentUrl\":\"https:\\\/\\\/cometofinland.fi\\\/wp-content\\\/uploads\\\/2019\\\/03\\\/CTF_LOGO_Blue.svg\",\"width\":1,\"height\":1,\"caption\":\"Come to Finland\"},\"image\":{\"@id\":\"https:\\\/\\\/cometofinland.fi\\\/fi\\\/#\\\/schema\\\/logo\\\/image\\\/\"},\"sameAs\":[\"https:\\\/\\\/fi-fi.facebook.com\\\/cometofinland\\\/\",\"https:\\\/\\\/www.instagram.com\\\/cometofinland\\\/\"]}]}<\/script>\n<!-- \/ Yoast SEO plugin. -->","yoast_head_json":{"title":"Northern Magic by Natali Kit, magneetti - Come to Finland","description":"T\u00e4m\u00e4n j\u00e4\u00e4kaappimagneetin ansiosta voit aina nauttia revontulista keitti\u00f6ss\u00e4si. Magneetit on valmistettu EU:ssa. Nopea, maailmanlaajuinen toimitus.","robots":{"index":"index","follow":"follow","max-snippet":"max-snippet:-1","max-image-preview":"max-image-preview:large","max-video-preview":"max-video-preview:-1"},"canonical":"https:\/\/cometofinland.fi\/fi\/tuote\/northern-magic-by-natali-kit-magneetti\/","og_locale":"fi_FI","og_type":"article","og_title":"Northern Magic by Natali Kit, magneetti - Come to Finland","og_description":"T\u00e4m\u00e4n j\u00e4\u00e4kaappimagneetin ansiosta voit aina nauttia revontulista keitti\u00f6ss\u00e4si. Magneetit on valmistettu EU:ssa. Nopea, maailmanlaajuinen toimitus.","og_url":"https:\/\/cometofinland.fi\/fi\/tuote\/northern-magic-by-natali-kit-magneetti\/","og_site_name":"Come to Finland","article_publisher":"https:\/\/fi-fi.facebook.com\/cometofinland\/","article_modified_time":"2025-03-20T12:34:11+00:00","og_image":[{"width":732,"height":1116,"url":"https:\/\/cometofinland.fi\/wp-content\/uploads\/2025\/03\/PC-2382_Finland-northern-lights-poster-as-postcard.jpg","type":"image\/jpeg"}],"twitter_card":"summary_large_image","schema":{"@context":"https:\/\/schema.org","@graph":[{"@type":"WebPage","@id":"https:\/\/cometofinland.fi\/fi\/tuote\/northern-magic-by-natali-kit-magneetti\/","url":"https:\/\/cometofinland.fi\/fi\/tuote\/northern-magic-by-natali-kit-magneetti\/","name":"Northern Magic by Natali Kit, magneetti - Come to Finland","isPartOf":{"@id":"https:\/\/cometofinland.fi\/fi\/#website"},"primaryImageOfPage":{"@id":"https:\/\/cometofinland.fi\/fi\/tuote\/northern-magic-by-natali-kit-magneetti\/#primaryimage"},"image":{"@id":"https:\/\/cometofinland.fi\/fi\/tuote\/northern-magic-by-natali-kit-magneetti\/#primaryimage"},"thumbnailUrl":"https:\/\/cometofinland.fi\/wp-content\/uploads\/2025\/03\/PC-2382_Finland-northern-lights-poster-as-postcard.jpg","datePublished":"2023-03-20T12:30:47+00:00","dateModified":"2025-03-20T12:34:11+00:00","description":"T\u00e4m\u00e4n j\u00e4\u00e4kaappimagneetin ansiosta voit aina nauttia revontulista keitti\u00f6ss\u00e4si. Magneetit on valmistettu EU:ssa. Nopea, maailmanlaajuinen toimitus.","breadcrumb":{"@id":"https:\/\/cometofinland.fi\/fi\/tuote\/northern-magic-by-natali-kit-magneetti\/#breadcrumb"},"inLanguage":"fi","potentialAction":[{"@type":"ReadAction","target":["https:\/\/cometofinland.fi\/fi\/tuote\/northern-magic-by-natali-kit-magneetti\/"]}]},{"@type":"ImageObject","inLanguage":"fi","@id":"https:\/\/cometofinland.fi\/fi\/tuote\/northern-magic-by-natali-kit-magneetti\/#primaryimage","url":"https:\/\/cometofinland.fi\/wp-content\/uploads\/2025\/03\/PC-2382_Finland-northern-lights-poster-as-postcard.jpg","contentUrl":"https:\/\/cometofinland.fi\/wp-content\/uploads\/2025\/03\/PC-2382_Finland-northern-lights-poster-as-postcard.jpg","width":732,"height":1116},{"@type":"BreadcrumbList","@id":"https:\/\/cometofinland.fi\/fi\/tuote\/northern-magic-by-natali-kit-magneetti\/#breadcrumb","itemListElement":[{"@type":"ListItem","position":1,"name":"Home","item":"https:\/\/cometofinland.fi\/fi\/"},{"@type":"ListItem","position":2,"name":"Kauppa","item":"https:\/\/cometofinland.fi\/fi\/kauppa\/"},{"@type":"ListItem","position":3,"name":"Northern Magic by Natali Kit, magneetti"}]},{"@type":"WebSite","@id":"https:\/\/cometofinland.fi\/fi\/#website","url":"https:\/\/cometofinland.fi\/fi\/","name":"Come to Finland","description":"poster love from Finland","publisher":{"@id":"https:\/\/cometofinland.fi\/fi\/#organization"},"potentialAction":[{"@type":"SearchAction","target":{"@type":"EntryPoint","urlTemplate":"https:\/\/cometofinland.fi\/fi\/?s={search_term_string}"},"query-input":{"@type":"PropertyValueSpecification","valueRequired":true,"valueName":"search_term_string"}}],"inLanguage":"fi"},{"@type":"Organization","@id":"https:\/\/cometofinland.fi\/fi\/#organization","name":"Come to Finland","url":"https:\/\/cometofinland.fi\/fi\/","logo":{"@type":"ImageObject","inLanguage":"fi","@id":"https:\/\/cometofinland.fi\/fi\/#\/schema\/logo\/image\/","url":"https:\/\/cometofinland.fi\/wp-content\/uploads\/2019\/03\/CTF_LOGO_Blue.svg","contentUrl":"https:\/\/cometofinland.fi\/wp-content\/uploads\/2019\/03\/CTF_LOGO_Blue.svg","width":1,"height":1,"caption":"Come to Finland"},"image":{"@id":"https:\/\/cometofinland.fi\/fi\/#\/schema\/logo\/image\/"},"sameAs":["https:\/\/fi-fi.facebook.com\/cometofinland\/","https:\/\/www.instagram.com\/cometofinland\/"]}]}},"_links":{"self":[{"href":"https:\/\/cometofinland.fi\/fi\/wp-json\/wp\/v2\/product\/29531","targetHints":{"allow":["GET"]}}],"collection":[{"href":"https:\/\/cometofinland.fi\/fi\/wp-json\/wp\/v2\/product"}],"about":[{"href":"https:\/\/cometofinland.fi\/fi\/wp-json\/wp\/v2\/types\/product"}],"wp:featuredmedia":[{"embeddable":true,"href":"https:\/\/cometofinland.fi\/fi\/wp-json\/wp\/v2\/media\/29340"}],"wp:attachment":[{"href":"https:\/\/cometofinland.fi\/fi\/wp-json\/wp\/v2\/media?parent=29531"}],"wp:term":[{"taxonomy":"product_brand","embeddable":true,"href":"https:\/\/cometofinland.fi\/fi\/wp-json\/wp\/v2\/product_brand?post=29531"},{"taxonomy":"product_cat","embeddable":true,"href":"https:\/\/cometofinland.fi\/fi\/wp-json\/wp\/v2\/product_cat?post=29531"},{"taxonomy":"product_tag","embeddable":true,"href":"https:\/\/cometofinland.fi\/fi\/wp-json\/wp\/v2\/product_tag?post=29531"}],"curies":[{"name":"wp","href":"https:\/\/api.w.org\/{rel}","templated":true}]}}