{"id":30364,"date":"2023-07-24T13:18:05","date_gmt":"2023-07-24T10:18:05","guid":{"rendered":"https:\/\/cometofinland.fi\/?post_type=product&#038;p=30364"},"modified":"2025-07-24T13:34:57","modified_gmt":"2025-07-24T10:34:57","slug":"finland-lakeland-julistetarjotin-erik-bruun-20-x-27-cm","status":"publish","type":"product","link":"https:\/\/cometofinland.fi\/fi\/tuote\/finland-lakeland-julistetarjotin-erik-bruun-20-x-27-cm\/","title":{"rendered":"Finland Lakeland julistetarjotin Erik Bruun 20 x 27 cm"},"content":{"rendered":"<p>Matkustaminen Suomen J\u00e4rvialueella on yht\u00e4 juhlaa. T\u00e4m\u00e4n vaneritarjottimen ansiosta tunnet j\u00e4rvien hengen miss\u00e4 ikin\u00e4 oletkin. Tarjotin on iskunkest\u00e4v\u00e4 ja konepesun kest\u00e4v\u00e4. Valmistettu k\u00e4sity\u00f6n\u00e4 suomalaisesta koivuvanerista Suomessa.<\/p>\n","protected":false},"excerpt":{"rendered":"<p>Matkustaminen Suomen J\u00e4rvialueella on yht\u00e4 juhlaa. T\u00e4m\u00e4n vaneritarjottimen ansiosta tunnet j\u00e4rvien hengen miss\u00e4 ikin\u00e4 oletkin. Tarjotin on iskunkest\u00e4v\u00e4 ja konepesun kest\u00e4v\u00e4. Valmistettu k\u00e4sity\u00f6n\u00e4 suomalaisesta koivuvanerista Suomessa.<\/p>\n","protected":false},"featured_media":30367,"template":"","meta":{"_acf_changed":false},"product_brand":[],"product_cat":[668,195],"product_tag":[],"class_list":{"0":"post-30364","1":"product","2":"type-product","3":"status-publish","4":"has-post-thumbnail","6":"product_cat-lahjaideat","7":"product_cat-tarjottimet","9":"first","10":"instock","11":"taxable","12":"shipping-taxable","13":"purchasable","14":"product-type-simple"},"acf":[],"yoast_head":"<!-- This site is optimized with the Yoast SEO plugin v27.5 - https:\/\/yoast.com\/product\/yoast-seo-wordpress\/ -->\n<title>Finland Lakeland julistetarjotin Erik Bruun 20 x 27 cm - Come to Finland<\/title>\n<meta name=\"description\" content=\"Rakastatko Suomen J\u00e4rvialuetta? Silloin t\u00e4m\u00e4 puinen tarjotin on juuri sinua varten. Kuvitus on kuuluisa julisteklassikko, jonka on tehnyt julistetaiteilija Erik Bruun.\" \/>\n<meta name=\"robots\" content=\"index, follow, max-snippet:-1, max-image-preview:large, max-video-preview:-1\" \/>\n<link rel=\"canonical\" href=\"https:\/\/cometofinland.fi\/fi\/tuote\/finland-lakeland-julistetarjotin-erik-bruun-20-x-27-cm\/\" \/>\n<meta property=\"og:locale\" content=\"fi_FI\" \/>\n<meta property=\"og:type\" content=\"article\" \/>\n<meta property=\"og:title\" content=\"Finland Lakeland julistetarjotin Erik Bruun 20 x 27 cm - Come to Finland\" \/>\n<meta property=\"og:description\" content=\"Rakastatko Suomen J\u00e4rvialuetta? Silloin t\u00e4m\u00e4 puinen tarjotin on juuri sinua varten. Kuvitus on kuuluisa julisteklassikko, jonka on tehnyt julistetaiteilija Erik Bruun.\" \/>\n<meta property=\"og:url\" content=\"https:\/\/cometofinland.fi\/fi\/tuote\/finland-lakeland-julistetarjotin-erik-bruun-20-x-27-cm\/\" \/>\n<meta property=\"og:site_name\" content=\"Come to Finland\" \/>\n<meta property=\"article:publisher\" content=\"https:\/\/fi-fi.facebook.com\/cometofinland\/\" \/>\n<meta property=\"article:modified_time\" content=\"2025-07-24T10:34:57+00:00\" \/>\n<meta property=\"og:image\" content=\"https:\/\/cometofinland.fi\/wp-content\/uploads\/2025\/07\/Lakeland-Finland-travel-poster-wooden-trayTR-166.jpg\" \/>\n\t<meta property=\"og:image:width\" content=\"1358\" \/>\n\t<meta property=\"og:image:height\" content=\"1771\" \/>\n\t<meta property=\"og:image:type\" content=\"image\/jpeg\" \/>\n<meta name=\"twitter:card\" content=\"summary_large_image\" \/>\n<script type=\"application\/ld+json\" class=\"yoast-schema-graph\">{\"@context\":\"https:\\\/\\\/schema.org\",\"@graph\":[{\"@type\":\"WebPage\",\"@id\":\"https:\\\/\\\/cometofinland.fi\\\/fi\\\/tuote\\\/finland-lakeland-julistetarjotin-erik-bruun-20-x-27-cm\\\/\",\"url\":\"https:\\\/\\\/cometofinland.fi\\\/fi\\\/tuote\\\/finland-lakeland-julistetarjotin-erik-bruun-20-x-27-cm\\\/\",\"name\":\"Finland Lakeland julistetarjotin Erik Bruun 20 x 27 cm - Come to Finland\",\"isPartOf\":{\"@id\":\"https:\\\/\\\/cometofinland.fi\\\/fi\\\/#website\"},\"primaryImageOfPage\":{\"@id\":\"https:\\\/\\\/cometofinland.fi\\\/fi\\\/tuote\\\/finland-lakeland-julistetarjotin-erik-bruun-20-x-27-cm\\\/#primaryimage\"},\"image\":{\"@id\":\"https:\\\/\\\/cometofinland.fi\\\/fi\\\/tuote\\\/finland-lakeland-julistetarjotin-erik-bruun-20-x-27-cm\\\/#primaryimage\"},\"thumbnailUrl\":\"https:\\\/\\\/cometofinland.fi\\\/wp-content\\\/uploads\\\/2025\\\/07\\\/Lakeland-Finland-travel-poster-wooden-trayTR-166.jpg\",\"datePublished\":\"2023-07-24T10:18:05+00:00\",\"dateModified\":\"2025-07-24T10:34:57+00:00\",\"description\":\"Rakastatko Suomen J\u00e4rvialuetta? Silloin t\u00e4m\u00e4 puinen tarjotin on juuri sinua varten. Kuvitus on kuuluisa julisteklassikko, jonka on tehnyt julistetaiteilija Erik Bruun.\",\"breadcrumb\":{\"@id\":\"https:\\\/\\\/cometofinland.fi\\\/fi\\\/tuote\\\/finland-lakeland-julistetarjotin-erik-bruun-20-x-27-cm\\\/#breadcrumb\"},\"inLanguage\":\"fi\",\"potentialAction\":[{\"@type\":\"ReadAction\",\"target\":[\"https:\\\/\\\/cometofinland.fi\\\/fi\\\/tuote\\\/finland-lakeland-julistetarjotin-erik-bruun-20-x-27-cm\\\/\"]}]},{\"@type\":\"ImageObject\",\"inLanguage\":\"fi\",\"@id\":\"https:\\\/\\\/cometofinland.fi\\\/fi\\\/tuote\\\/finland-lakeland-julistetarjotin-erik-bruun-20-x-27-cm\\\/#primaryimage\",\"url\":\"https:\\\/\\\/cometofinland.fi\\\/wp-content\\\/uploads\\\/2025\\\/07\\\/Lakeland-Finland-travel-poster-wooden-trayTR-166.jpg\",\"contentUrl\":\"https:\\\/\\\/cometofinland.fi\\\/wp-content\\\/uploads\\\/2025\\\/07\\\/Lakeland-Finland-travel-poster-wooden-trayTR-166.jpg\",\"width\":1358,\"height\":1771},{\"@type\":\"BreadcrumbList\",\"@id\":\"https:\\\/\\\/cometofinland.fi\\\/fi\\\/tuote\\\/finland-lakeland-julistetarjotin-erik-bruun-20-x-27-cm\\\/#breadcrumb\",\"itemListElement\":[{\"@type\":\"ListItem\",\"position\":1,\"name\":\"Home\",\"item\":\"https:\\\/\\\/cometofinland.fi\\\/fi\\\/\"},{\"@type\":\"ListItem\",\"position\":2,\"name\":\"Kauppa\",\"item\":\"https:\\\/\\\/cometofinland.fi\\\/fi\\\/kauppa\\\/\"},{\"@type\":\"ListItem\",\"position\":3,\"name\":\"Finland Lakeland julistetarjotin Erik Bruun 20 x 27 cm\"}]},{\"@type\":\"WebSite\",\"@id\":\"https:\\\/\\\/cometofinland.fi\\\/fi\\\/#website\",\"url\":\"https:\\\/\\\/cometofinland.fi\\\/fi\\\/\",\"name\":\"Come to Finland\",\"description\":\"poster love from Finland\",\"publisher\":{\"@id\":\"https:\\\/\\\/cometofinland.fi\\\/fi\\\/#organization\"},\"potentialAction\":[{\"@type\":\"SearchAction\",\"target\":{\"@type\":\"EntryPoint\",\"urlTemplate\":\"https:\\\/\\\/cometofinland.fi\\\/fi\\\/?s={search_term_string}\"},\"query-input\":{\"@type\":\"PropertyValueSpecification\",\"valueRequired\":true,\"valueName\":\"search_term_string\"}}],\"inLanguage\":\"fi\"},{\"@type\":\"Organization\",\"@id\":\"https:\\\/\\\/cometofinland.fi\\\/fi\\\/#organization\",\"name\":\"Come to Finland\",\"url\":\"https:\\\/\\\/cometofinland.fi\\\/fi\\\/\",\"logo\":{\"@type\":\"ImageObject\",\"inLanguage\":\"fi\",\"@id\":\"https:\\\/\\\/cometofinland.fi\\\/fi\\\/#\\\/schema\\\/logo\\\/image\\\/\",\"url\":\"https:\\\/\\\/cometofinland.fi\\\/wp-content\\\/uploads\\\/2019\\\/03\\\/CTF_LOGO_Blue.svg\",\"contentUrl\":\"https:\\\/\\\/cometofinland.fi\\\/wp-content\\\/uploads\\\/2019\\\/03\\\/CTF_LOGO_Blue.svg\",\"width\":1,\"height\":1,\"caption\":\"Come to Finland\"},\"image\":{\"@id\":\"https:\\\/\\\/cometofinland.fi\\\/fi\\\/#\\\/schema\\\/logo\\\/image\\\/\"},\"sameAs\":[\"https:\\\/\\\/fi-fi.facebook.com\\\/cometofinland\\\/\",\"https:\\\/\\\/www.instagram.com\\\/cometofinland\\\/\"]}]}<\/script>\n<!-- \/ Yoast SEO plugin. -->","yoast_head_json":{"title":"Finland Lakeland julistetarjotin Erik Bruun 20 x 27 cm - Come to Finland","description":"Rakastatko Suomen J\u00e4rvialuetta? Silloin t\u00e4m\u00e4 puinen tarjotin on juuri sinua varten. Kuvitus on kuuluisa julisteklassikko, jonka on tehnyt julistetaiteilija Erik Bruun.","robots":{"index":"index","follow":"follow","max-snippet":"max-snippet:-1","max-image-preview":"max-image-preview:large","max-video-preview":"max-video-preview:-1"},"canonical":"https:\/\/cometofinland.fi\/fi\/tuote\/finland-lakeland-julistetarjotin-erik-bruun-20-x-27-cm\/","og_locale":"fi_FI","og_type":"article","og_title":"Finland Lakeland julistetarjotin Erik Bruun 20 x 27 cm - Come to Finland","og_description":"Rakastatko Suomen J\u00e4rvialuetta? Silloin t\u00e4m\u00e4 puinen tarjotin on juuri sinua varten. Kuvitus on kuuluisa julisteklassikko, jonka on tehnyt julistetaiteilija Erik Bruun.","og_url":"https:\/\/cometofinland.fi\/fi\/tuote\/finland-lakeland-julistetarjotin-erik-bruun-20-x-27-cm\/","og_site_name":"Come to Finland","article_publisher":"https:\/\/fi-fi.facebook.com\/cometofinland\/","article_modified_time":"2025-07-24T10:34:57+00:00","og_image":[{"width":1358,"height":1771,"url":"https:\/\/cometofinland.fi\/wp-content\/uploads\/2025\/07\/Lakeland-Finland-travel-poster-wooden-trayTR-166.jpg","type":"image\/jpeg"}],"twitter_card":"summary_large_image","schema":{"@context":"https:\/\/schema.org","@graph":[{"@type":"WebPage","@id":"https:\/\/cometofinland.fi\/fi\/tuote\/finland-lakeland-julistetarjotin-erik-bruun-20-x-27-cm\/","url":"https:\/\/cometofinland.fi\/fi\/tuote\/finland-lakeland-julistetarjotin-erik-bruun-20-x-27-cm\/","name":"Finland Lakeland julistetarjotin Erik Bruun 20 x 27 cm - Come to Finland","isPartOf":{"@id":"https:\/\/cometofinland.fi\/fi\/#website"},"primaryImageOfPage":{"@id":"https:\/\/cometofinland.fi\/fi\/tuote\/finland-lakeland-julistetarjotin-erik-bruun-20-x-27-cm\/#primaryimage"},"image":{"@id":"https:\/\/cometofinland.fi\/fi\/tuote\/finland-lakeland-julistetarjotin-erik-bruun-20-x-27-cm\/#primaryimage"},"thumbnailUrl":"https:\/\/cometofinland.fi\/wp-content\/uploads\/2025\/07\/Lakeland-Finland-travel-poster-wooden-trayTR-166.jpg","datePublished":"2023-07-24T10:18:05+00:00","dateModified":"2025-07-24T10:34:57+00:00","description":"Rakastatko Suomen J\u00e4rvialuetta? Silloin t\u00e4m\u00e4 puinen tarjotin on juuri sinua varten. Kuvitus on kuuluisa julisteklassikko, jonka on tehnyt julistetaiteilija Erik Bruun.","breadcrumb":{"@id":"https:\/\/cometofinland.fi\/fi\/tuote\/finland-lakeland-julistetarjotin-erik-bruun-20-x-27-cm\/#breadcrumb"},"inLanguage":"fi","potentialAction":[{"@type":"ReadAction","target":["https:\/\/cometofinland.fi\/fi\/tuote\/finland-lakeland-julistetarjotin-erik-bruun-20-x-27-cm\/"]}]},{"@type":"ImageObject","inLanguage":"fi","@id":"https:\/\/cometofinland.fi\/fi\/tuote\/finland-lakeland-julistetarjotin-erik-bruun-20-x-27-cm\/#primaryimage","url":"https:\/\/cometofinland.fi\/wp-content\/uploads\/2025\/07\/Lakeland-Finland-travel-poster-wooden-trayTR-166.jpg","contentUrl":"https:\/\/cometofinland.fi\/wp-content\/uploads\/2025\/07\/Lakeland-Finland-travel-poster-wooden-trayTR-166.jpg","width":1358,"height":1771},{"@type":"BreadcrumbList","@id":"https:\/\/cometofinland.fi\/fi\/tuote\/finland-lakeland-julistetarjotin-erik-bruun-20-x-27-cm\/#breadcrumb","itemListElement":[{"@type":"ListItem","position":1,"name":"Home","item":"https:\/\/cometofinland.fi\/fi\/"},{"@type":"ListItem","position":2,"name":"Kauppa","item":"https:\/\/cometofinland.fi\/fi\/kauppa\/"},{"@type":"ListItem","position":3,"name":"Finland Lakeland julistetarjotin Erik Bruun 20 x 27 cm"}]},{"@type":"WebSite","@id":"https:\/\/cometofinland.fi\/fi\/#website","url":"https:\/\/cometofinland.fi\/fi\/","name":"Come to Finland","description":"poster love from Finland","publisher":{"@id":"https:\/\/cometofinland.fi\/fi\/#organization"},"potentialAction":[{"@type":"SearchAction","target":{"@type":"EntryPoint","urlTemplate":"https:\/\/cometofinland.fi\/fi\/?s={search_term_string}"},"query-input":{"@type":"PropertyValueSpecification","valueRequired":true,"valueName":"search_term_string"}}],"inLanguage":"fi"},{"@type":"Organization","@id":"https:\/\/cometofinland.fi\/fi\/#organization","name":"Come to Finland","url":"https:\/\/cometofinland.fi\/fi\/","logo":{"@type":"ImageObject","inLanguage":"fi","@id":"https:\/\/cometofinland.fi\/fi\/#\/schema\/logo\/image\/","url":"https:\/\/cometofinland.fi\/wp-content\/uploads\/2019\/03\/CTF_LOGO_Blue.svg","contentUrl":"https:\/\/cometofinland.fi\/wp-content\/uploads\/2019\/03\/CTF_LOGO_Blue.svg","width":1,"height":1,"caption":"Come to Finland"},"image":{"@id":"https:\/\/cometofinland.fi\/fi\/#\/schema\/logo\/image\/"},"sameAs":["https:\/\/fi-fi.facebook.com\/cometofinland\/","https:\/\/www.instagram.com\/cometofinland\/"]}]}},"_links":{"self":[{"href":"https:\/\/cometofinland.fi\/fi\/wp-json\/wp\/v2\/product\/30364","targetHints":{"allow":["GET"]}}],"collection":[{"href":"https:\/\/cometofinland.fi\/fi\/wp-json\/wp\/v2\/product"}],"about":[{"href":"https:\/\/cometofinland.fi\/fi\/wp-json\/wp\/v2\/types\/product"}],"wp:featuredmedia":[{"embeddable":true,"href":"https:\/\/cometofinland.fi\/fi\/wp-json\/wp\/v2\/media\/30367"}],"wp:attachment":[{"href":"https:\/\/cometofinland.fi\/fi\/wp-json\/wp\/v2\/media?parent=30364"}],"wp:term":[{"taxonomy":"product_brand","embeddable":true,"href":"https:\/\/cometofinland.fi\/fi\/wp-json\/wp\/v2\/product_brand?post=30364"},{"taxonomy":"product_cat","embeddable":true,"href":"https:\/\/cometofinland.fi\/fi\/wp-json\/wp\/v2\/product_cat?post=30364"},{"taxonomy":"product_tag","embeddable":true,"href":"https:\/\/cometofinland.fi\/fi\/wp-json\/wp\/v2\/product_tag?post=30364"}],"curies":[{"name":"wp","href":"https:\/\/api.w.org\/{rel}","templated":true}]}}