{"id":30809,"date":"2024-12-03T09:21:40","date_gmt":"2024-12-03T07:21:40","guid":{"rendered":"https:\/\/cometofinland.fi\/?post_type=product&#038;p=30809"},"modified":"2026-02-24T15:45:57","modified_gmt":"2026-02-24T13:45:57","slug":"emalimuki-finland-for-winter-sports","status":"publish","type":"product","link":"https:\/\/cometofinland.fi\/fi\/tuote\/emalimuki-finland-for-winter-sports\/","title":{"rendered":"Emalimuki: Finland for Winter Sports"},"content":{"rendered":"<p data-start=\"36\" data-end=\"456\">Jokainen tyylik\u00e4s koti ansaitsee klassiset emalimukit. Siksi matkustimme Ukrainaan l\u00f6yt\u00e4\u00e4ksemme uuden yhteisty\u00f6kumppanin. Ja kaukana id\u00e4ss\u00e4 l\u00f6ysimme upean tehtaan, joka k\u00e4ytt\u00e4\u00e4 perinteisi\u00e4 menetelmi\u00e4 tuottaakseen juuri niit\u00e4 emalituotteita, joita etsimme.<br data-start=\"293\" data-end=\"296\" \/>Tehdas pit\u00e4\u00e4 rohkeasti tuotannon k\u00e4ynniss\u00e4 sodan synk\u00e4st\u00e4 arjesta huolimatta. Haluamme tukea sit\u00e4 \u2013 ja toivomme, ett\u00e4 sin\u00e4kin teet niin. Yhdess\u00e4 olemme vahvoja!<\/p>\n<p data-start=\"458\" data-end=\"573\"><strong>Koko:<\/strong> 0,4 litraa<br data-start=\"474\" data-end=\"477\" \/><strong>Halkaisija<\/strong>: 10 cm<br data-start=\"494\" data-end=\"497\" \/><strong>Valmistettu Ukrainassa<\/strong><br data-start=\"519\" data-end=\"522\" \/>Konepesun kest\u00e4v\u00e4<br data-start=\"539\" data-end=\"542\" \/>Ei saa laittaa mikroaaltouuniin<\/p>\n","protected":false},"excerpt":{"rendered":"<p>Jokainen tyylik\u00e4s koti ansaitsee klassiset emalimukit. Siksi matkustimme Ukrainaan l\u00f6yt\u00e4\u00e4ksemme uuden yhteisty\u00f6kumppanin. Ja kaukana id\u00e4ss\u00e4 l\u00f6ysimme upean tehtaan, joka k\u00e4ytt\u00e4\u00e4 perinteisi\u00e4 menetelmi\u00e4 tuottaakseen juuri niit\u00e4 emalituotteita, joita etsimme.Tehdas pit\u00e4\u00e4 rohkeasti tuotannon k\u00e4ynniss\u00e4 sodan synk\u00e4st\u00e4 arjesta huolimatta. Haluamme tukea sit\u00e4 \u2013 ja toivomme, ett\u00e4 sin\u00e4kin teet niin. Yhdess\u00e4 olemme vahvoja! Koko: 0,4 litraaHalkaisija: 10 cmValmistettu UkrainassaKonepesun [&hellip;]<\/p>\n","protected":false},"featured_media":30801,"template":"","meta":{"_acf_changed":false},"product_brand":[],"product_cat":[630],"product_tag":[],"class_list":{"0":"post-30809","1":"product","2":"type-product","3":"status-publish","4":"has-post-thumbnail","6":"product_cat-mukit","8":"first","9":"instock","10":"featured","11":"taxable","12":"shipping-taxable","13":"purchasable","14":"product-type-simple"},"acf":[],"yoast_head":"<!-- This site is optimized with the Yoast SEO plugin v27.4 - https:\/\/yoast.com\/product\/yoast-seo-wordpress\/ -->\n<title>Emalimuki: Finland for Winter Sports - Come to Finland<\/title>\n<meta name=\"description\" content=\"Vintage-tyyli\u00e4! T\u00e4m\u00e4n klassisen kuvituksen koristamalla emalimukilla juhlistat Suomea \u2013 talviurheilun maata \u2013 joka p\u00e4iv\u00e4. Ylpe\u00e4sti valmistettu Ukrainassa!\" \/>\n<meta name=\"robots\" content=\"index, follow, max-snippet:-1, max-image-preview:large, max-video-preview:-1\" \/>\n<link rel=\"canonical\" href=\"https:\/\/cometofinland.fi\/fi\/tuote\/emalimuki-finland-for-winter-sports\/\" \/>\n<meta property=\"og:locale\" content=\"fi_FI\" \/>\n<meta property=\"og:type\" content=\"article\" \/>\n<meta property=\"og:title\" content=\"Emalimuki: Finland for Winter Sports - Come to Finland\" \/>\n<meta property=\"og:description\" content=\"Vintage-tyyli\u00e4! T\u00e4m\u00e4n klassisen kuvituksen koristamalla emalimukilla juhlistat Suomea \u2013 talviurheilun maata \u2013 joka p\u00e4iv\u00e4. Ylpe\u00e4sti valmistettu Ukrainassa!\" \/>\n<meta property=\"og:url\" content=\"https:\/\/cometofinland.fi\/fi\/tuote\/emalimuki-finland-for-winter-sports\/\" \/>\n<meta property=\"og:site_name\" content=\"Come to Finland\" \/>\n<meta property=\"article:publisher\" content=\"https:\/\/fi-fi.facebook.com\/cometofinland\/\" \/>\n<meta property=\"article:modified_time\" content=\"2026-02-24T13:45:57+00:00\" \/>\n<meta property=\"og:image\" content=\"https:\/\/cometofinland.fi\/wp-content\/uploads\/2025\/12\/Come-to-Finland-enamel-mug-27-front.jpeg\" \/>\n\t<meta property=\"og:image:width\" content=\"899\" \/>\n\t<meta property=\"og:image:height\" content=\"886\" \/>\n\t<meta property=\"og:image:type\" content=\"image\/jpeg\" \/>\n<meta name=\"twitter:card\" content=\"summary_large_image\" \/>\n<script type=\"application\/ld+json\" class=\"yoast-schema-graph\">{\"@context\":\"https:\\\/\\\/schema.org\",\"@graph\":[{\"@type\":\"WebPage\",\"@id\":\"https:\\\/\\\/cometofinland.fi\\\/fi\\\/tuote\\\/emalimuki-finland-for-winter-sports\\\/\",\"url\":\"https:\\\/\\\/cometofinland.fi\\\/fi\\\/tuote\\\/emalimuki-finland-for-winter-sports\\\/\",\"name\":\"Emalimuki: Finland for Winter Sports - Come to Finland\",\"isPartOf\":{\"@id\":\"https:\\\/\\\/cometofinland.fi\\\/fi\\\/#website\"},\"primaryImageOfPage\":{\"@id\":\"https:\\\/\\\/cometofinland.fi\\\/fi\\\/tuote\\\/emalimuki-finland-for-winter-sports\\\/#primaryimage\"},\"image\":{\"@id\":\"https:\\\/\\\/cometofinland.fi\\\/fi\\\/tuote\\\/emalimuki-finland-for-winter-sports\\\/#primaryimage\"},\"thumbnailUrl\":\"https:\\\/\\\/cometofinland.fi\\\/wp-content\\\/uploads\\\/2025\\\/12\\\/Come-to-Finland-enamel-mug-27-front.jpeg\",\"datePublished\":\"2024-12-03T07:21:40+00:00\",\"dateModified\":\"2026-02-24T13:45:57+00:00\",\"description\":\"Vintage-tyyli\u00e4! T\u00e4m\u00e4n klassisen kuvituksen koristamalla emalimukilla juhlistat Suomea \u2013 talviurheilun maata \u2013 joka p\u00e4iv\u00e4. Ylpe\u00e4sti valmistettu Ukrainassa!\",\"breadcrumb\":{\"@id\":\"https:\\\/\\\/cometofinland.fi\\\/fi\\\/tuote\\\/emalimuki-finland-for-winter-sports\\\/#breadcrumb\"},\"inLanguage\":\"fi\",\"potentialAction\":[{\"@type\":\"ReadAction\",\"target\":[\"https:\\\/\\\/cometofinland.fi\\\/fi\\\/tuote\\\/emalimuki-finland-for-winter-sports\\\/\"]}]},{\"@type\":\"ImageObject\",\"inLanguage\":\"fi\",\"@id\":\"https:\\\/\\\/cometofinland.fi\\\/fi\\\/tuote\\\/emalimuki-finland-for-winter-sports\\\/#primaryimage\",\"url\":\"https:\\\/\\\/cometofinland.fi\\\/wp-content\\\/uploads\\\/2025\\\/12\\\/Come-to-Finland-enamel-mug-27-front.jpeg\",\"contentUrl\":\"https:\\\/\\\/cometofinland.fi\\\/wp-content\\\/uploads\\\/2025\\\/12\\\/Come-to-Finland-enamel-mug-27-front.jpeg\",\"width\":899,\"height\":886},{\"@type\":\"BreadcrumbList\",\"@id\":\"https:\\\/\\\/cometofinland.fi\\\/fi\\\/tuote\\\/emalimuki-finland-for-winter-sports\\\/#breadcrumb\",\"itemListElement\":[{\"@type\":\"ListItem\",\"position\":1,\"name\":\"Home\",\"item\":\"https:\\\/\\\/cometofinland.fi\\\/fi\\\/\"},{\"@type\":\"ListItem\",\"position\":2,\"name\":\"Kauppa\",\"item\":\"https:\\\/\\\/cometofinland.fi\\\/fi\\\/kauppa\\\/\"},{\"@type\":\"ListItem\",\"position\":3,\"name\":\"Emalimuki: Finland for Winter Sports\"}]},{\"@type\":\"WebSite\",\"@id\":\"https:\\\/\\\/cometofinland.fi\\\/fi\\\/#website\",\"url\":\"https:\\\/\\\/cometofinland.fi\\\/fi\\\/\",\"name\":\"Come to Finland\",\"description\":\"poster love from Finland\",\"publisher\":{\"@id\":\"https:\\\/\\\/cometofinland.fi\\\/fi\\\/#organization\"},\"potentialAction\":[{\"@type\":\"SearchAction\",\"target\":{\"@type\":\"EntryPoint\",\"urlTemplate\":\"https:\\\/\\\/cometofinland.fi\\\/fi\\\/?s={search_term_string}\"},\"query-input\":{\"@type\":\"PropertyValueSpecification\",\"valueRequired\":true,\"valueName\":\"search_term_string\"}}],\"inLanguage\":\"fi\"},{\"@type\":\"Organization\",\"@id\":\"https:\\\/\\\/cometofinland.fi\\\/fi\\\/#organization\",\"name\":\"Come to Finland\",\"url\":\"https:\\\/\\\/cometofinland.fi\\\/fi\\\/\",\"logo\":{\"@type\":\"ImageObject\",\"inLanguage\":\"fi\",\"@id\":\"https:\\\/\\\/cometofinland.fi\\\/fi\\\/#\\\/schema\\\/logo\\\/image\\\/\",\"url\":\"https:\\\/\\\/cometofinland.fi\\\/wp-content\\\/uploads\\\/2019\\\/03\\\/CTF_LOGO_Blue.svg\",\"contentUrl\":\"https:\\\/\\\/cometofinland.fi\\\/wp-content\\\/uploads\\\/2019\\\/03\\\/CTF_LOGO_Blue.svg\",\"width\":1,\"height\":1,\"caption\":\"Come to Finland\"},\"image\":{\"@id\":\"https:\\\/\\\/cometofinland.fi\\\/fi\\\/#\\\/schema\\\/logo\\\/image\\\/\"},\"sameAs\":[\"https:\\\/\\\/fi-fi.facebook.com\\\/cometofinland\\\/\",\"https:\\\/\\\/www.instagram.com\\\/cometofinland\\\/\"]}]}<\/script>\n<!-- \/ Yoast SEO plugin. -->","yoast_head_json":{"title":"Emalimuki: Finland for Winter Sports - Come to Finland","description":"Vintage-tyyli\u00e4! T\u00e4m\u00e4n klassisen kuvituksen koristamalla emalimukilla juhlistat Suomea \u2013 talviurheilun maata \u2013 joka p\u00e4iv\u00e4. Ylpe\u00e4sti valmistettu Ukrainassa!","robots":{"index":"index","follow":"follow","max-snippet":"max-snippet:-1","max-image-preview":"max-image-preview:large","max-video-preview":"max-video-preview:-1"},"canonical":"https:\/\/cometofinland.fi\/fi\/tuote\/emalimuki-finland-for-winter-sports\/","og_locale":"fi_FI","og_type":"article","og_title":"Emalimuki: Finland for Winter Sports - Come to Finland","og_description":"Vintage-tyyli\u00e4! T\u00e4m\u00e4n klassisen kuvituksen koristamalla emalimukilla juhlistat Suomea \u2013 talviurheilun maata \u2013 joka p\u00e4iv\u00e4. Ylpe\u00e4sti valmistettu Ukrainassa!","og_url":"https:\/\/cometofinland.fi\/fi\/tuote\/emalimuki-finland-for-winter-sports\/","og_site_name":"Come to Finland","article_publisher":"https:\/\/fi-fi.facebook.com\/cometofinland\/","article_modified_time":"2026-02-24T13:45:57+00:00","og_image":[{"width":899,"height":886,"url":"https:\/\/cometofinland.fi\/wp-content\/uploads\/2025\/12\/Come-to-Finland-enamel-mug-27-front.jpeg","type":"image\/jpeg"}],"twitter_card":"summary_large_image","schema":{"@context":"https:\/\/schema.org","@graph":[{"@type":"WebPage","@id":"https:\/\/cometofinland.fi\/fi\/tuote\/emalimuki-finland-for-winter-sports\/","url":"https:\/\/cometofinland.fi\/fi\/tuote\/emalimuki-finland-for-winter-sports\/","name":"Emalimuki: Finland for Winter Sports - Come to Finland","isPartOf":{"@id":"https:\/\/cometofinland.fi\/fi\/#website"},"primaryImageOfPage":{"@id":"https:\/\/cometofinland.fi\/fi\/tuote\/emalimuki-finland-for-winter-sports\/#primaryimage"},"image":{"@id":"https:\/\/cometofinland.fi\/fi\/tuote\/emalimuki-finland-for-winter-sports\/#primaryimage"},"thumbnailUrl":"https:\/\/cometofinland.fi\/wp-content\/uploads\/2025\/12\/Come-to-Finland-enamel-mug-27-front.jpeg","datePublished":"2024-12-03T07:21:40+00:00","dateModified":"2026-02-24T13:45:57+00:00","description":"Vintage-tyyli\u00e4! T\u00e4m\u00e4n klassisen kuvituksen koristamalla emalimukilla juhlistat Suomea \u2013 talviurheilun maata \u2013 joka p\u00e4iv\u00e4. Ylpe\u00e4sti valmistettu Ukrainassa!","breadcrumb":{"@id":"https:\/\/cometofinland.fi\/fi\/tuote\/emalimuki-finland-for-winter-sports\/#breadcrumb"},"inLanguage":"fi","potentialAction":[{"@type":"ReadAction","target":["https:\/\/cometofinland.fi\/fi\/tuote\/emalimuki-finland-for-winter-sports\/"]}]},{"@type":"ImageObject","inLanguage":"fi","@id":"https:\/\/cometofinland.fi\/fi\/tuote\/emalimuki-finland-for-winter-sports\/#primaryimage","url":"https:\/\/cometofinland.fi\/wp-content\/uploads\/2025\/12\/Come-to-Finland-enamel-mug-27-front.jpeg","contentUrl":"https:\/\/cometofinland.fi\/wp-content\/uploads\/2025\/12\/Come-to-Finland-enamel-mug-27-front.jpeg","width":899,"height":886},{"@type":"BreadcrumbList","@id":"https:\/\/cometofinland.fi\/fi\/tuote\/emalimuki-finland-for-winter-sports\/#breadcrumb","itemListElement":[{"@type":"ListItem","position":1,"name":"Home","item":"https:\/\/cometofinland.fi\/fi\/"},{"@type":"ListItem","position":2,"name":"Kauppa","item":"https:\/\/cometofinland.fi\/fi\/kauppa\/"},{"@type":"ListItem","position":3,"name":"Emalimuki: Finland for Winter Sports"}]},{"@type":"WebSite","@id":"https:\/\/cometofinland.fi\/fi\/#website","url":"https:\/\/cometofinland.fi\/fi\/","name":"Come to Finland","description":"poster love from Finland","publisher":{"@id":"https:\/\/cometofinland.fi\/fi\/#organization"},"potentialAction":[{"@type":"SearchAction","target":{"@type":"EntryPoint","urlTemplate":"https:\/\/cometofinland.fi\/fi\/?s={search_term_string}"},"query-input":{"@type":"PropertyValueSpecification","valueRequired":true,"valueName":"search_term_string"}}],"inLanguage":"fi"},{"@type":"Organization","@id":"https:\/\/cometofinland.fi\/fi\/#organization","name":"Come to Finland","url":"https:\/\/cometofinland.fi\/fi\/","logo":{"@type":"ImageObject","inLanguage":"fi","@id":"https:\/\/cometofinland.fi\/fi\/#\/schema\/logo\/image\/","url":"https:\/\/cometofinland.fi\/wp-content\/uploads\/2019\/03\/CTF_LOGO_Blue.svg","contentUrl":"https:\/\/cometofinland.fi\/wp-content\/uploads\/2019\/03\/CTF_LOGO_Blue.svg","width":1,"height":1,"caption":"Come to Finland"},"image":{"@id":"https:\/\/cometofinland.fi\/fi\/#\/schema\/logo\/image\/"},"sameAs":["https:\/\/fi-fi.facebook.com\/cometofinland\/","https:\/\/www.instagram.com\/cometofinland\/"]}]}},"_links":{"self":[{"href":"https:\/\/cometofinland.fi\/fi\/wp-json\/wp\/v2\/product\/30809","targetHints":{"allow":["GET"]}}],"collection":[{"href":"https:\/\/cometofinland.fi\/fi\/wp-json\/wp\/v2\/product"}],"about":[{"href":"https:\/\/cometofinland.fi\/fi\/wp-json\/wp\/v2\/types\/product"}],"wp:featuredmedia":[{"embeddable":true,"href":"https:\/\/cometofinland.fi\/fi\/wp-json\/wp\/v2\/media\/30801"}],"wp:attachment":[{"href":"https:\/\/cometofinland.fi\/fi\/wp-json\/wp\/v2\/media?parent=30809"}],"wp:term":[{"taxonomy":"product_brand","embeddable":true,"href":"https:\/\/cometofinland.fi\/fi\/wp-json\/wp\/v2\/product_brand?post=30809"},{"taxonomy":"product_cat","embeddable":true,"href":"https:\/\/cometofinland.fi\/fi\/wp-json\/wp\/v2\/product_cat?post=30809"},{"taxonomy":"product_tag","embeddable":true,"href":"https:\/\/cometofinland.fi\/fi\/wp-json\/wp\/v2\/product_tag?post=30809"}],"curies":[{"name":"wp","href":"https:\/\/api.w.org\/{rel}","templated":true}]}}