{"id":30921,"date":"2024-12-30T11:22:50","date_gmt":"2024-12-30T09:22:50","guid":{"rendered":"https:\/\/cometofinland.fi\/?post_type=product&#038;p=30921"},"modified":"2025-12-30T11:29:59","modified_gmt":"2025-12-30T09:29:59","slug":"varkaus-by-erik-bruun-magnets","status":"publish","type":"product","link":"https:\/\/cometofinland.fi\/fi\/tuote\/varkaus-by-erik-bruun-magnets\/","title":{"rendered":"Varkaus by Erik Bruun, Magnets"},"content":{"rendered":"<p data-start=\"48\" data-end=\"178\">Kaikille Varkauden kaupungin yst\u00e4ville!<br data-start=\"89\" data-end=\"92\" \/>Laminoidut julistemagneettimme kest\u00e4v\u00e4t kovaa k\u00e4ytt\u00f6\u00e4 ja loputonta kaipuuta Suomeen.<\/p>\n<p data-start=\"180\" data-end=\"203\">Valmistettu EU:ssa<\/p>\n","protected":false},"excerpt":{"rendered":"<p>Kaikille Varkauden kaupungin yst\u00e4ville!Laminoidut julistemagneettimme kest\u00e4v\u00e4t kovaa k\u00e4ytt\u00f6\u00e4 ja loputonta kaipuuta Suomeen. Valmistettu EU:ssa<\/p>\n","protected":false},"featured_media":25141,"template":"","meta":{"_acf_changed":false},"product_brand":[],"product_cat":[596],"product_tag":[],"class_list":{"0":"post-30921","1":"product","2":"type-product","3":"status-publish","4":"has-post-thumbnail","6":"product_cat-magneetit","7":"product_shipping_class-kirjeposti","9":"first","10":"instock","11":"taxable","12":"shipping-taxable","13":"purchasable","14":"product-type-simple"},"acf":[],"yoast_head":"<!-- This site is optimized with the Yoast SEO plugin v27.5 - https:\/\/yoast.com\/product\/yoast-seo-wordpress\/ -->\n<title>Varkaus by Erik Bruun, Magnets - Come to Finland<\/title>\n<meta name=\"description\" content=\"Laminoitu julistemagneetti Varkauden yst\u00e4ville. Kest\u00e4v\u00e4, k\u00e4yt\u00e4nn\u00f6llinen ja t\u00e4ynn\u00e4 Suomen-tunnelmaa. Valmistettu EU:ssa.\" \/>\n<meta name=\"robots\" content=\"index, follow, max-snippet:-1, max-image-preview:large, max-video-preview:-1\" \/>\n<link rel=\"canonical\" href=\"https:\/\/cometofinland.fi\/fi\/tuote\/varkaus-by-erik-bruun-magnets\/\" \/>\n<meta property=\"og:locale\" content=\"fi_FI\" \/>\n<meta property=\"og:type\" content=\"article\" \/>\n<meta property=\"og:title\" content=\"Varkaus by Erik Bruun, Magnets - Come to Finland\" \/>\n<meta property=\"og:description\" content=\"Laminoitu julistemagneetti Varkauden yst\u00e4ville. Kest\u00e4v\u00e4, k\u00e4yt\u00e4nn\u00f6llinen ja t\u00e4ynn\u00e4 Suomen-tunnelmaa. Valmistettu EU:ssa.\" \/>\n<meta property=\"og:url\" content=\"https:\/\/cometofinland.fi\/fi\/tuote\/varkaus-by-erik-bruun-magnets\/\" \/>\n<meta property=\"og:site_name\" content=\"Come to Finland\" \/>\n<meta property=\"article:publisher\" content=\"https:\/\/fi-fi.facebook.com\/cometofinland\/\" \/>\n<meta property=\"article:modified_time\" content=\"2025-12-30T09:29:59+00:00\" \/>\n<meta property=\"og:image\" content=\"https:\/\/cometofinland.fi\/wp-content\/uploads\/2023\/11\/POD-M-181_varkaus-ny-506x706-1.jpeg\" \/>\n\t<meta property=\"og:image:width\" content=\"1500\" \/>\n\t<meta property=\"og:image:height\" content=\"2081\" \/>\n\t<meta property=\"og:image:type\" content=\"image\/jpeg\" \/>\n<meta name=\"twitter:card\" content=\"summary_large_image\" \/>\n<script type=\"application\/ld+json\" class=\"yoast-schema-graph\">{\"@context\":\"https:\\\/\\\/schema.org\",\"@graph\":[{\"@type\":\"WebPage\",\"@id\":\"https:\\\/\\\/cometofinland.fi\\\/fi\\\/tuote\\\/varkaus-by-erik-bruun-magnets\\\/\",\"url\":\"https:\\\/\\\/cometofinland.fi\\\/fi\\\/tuote\\\/varkaus-by-erik-bruun-magnets\\\/\",\"name\":\"Varkaus by Erik Bruun, Magnets - Come to Finland\",\"isPartOf\":{\"@id\":\"https:\\\/\\\/cometofinland.fi\\\/fi\\\/#website\"},\"primaryImageOfPage\":{\"@id\":\"https:\\\/\\\/cometofinland.fi\\\/fi\\\/tuote\\\/varkaus-by-erik-bruun-magnets\\\/#primaryimage\"},\"image\":{\"@id\":\"https:\\\/\\\/cometofinland.fi\\\/fi\\\/tuote\\\/varkaus-by-erik-bruun-magnets\\\/#primaryimage\"},\"thumbnailUrl\":\"https:\\\/\\\/cometofinland.fi\\\/wp-content\\\/uploads\\\/2023\\\/11\\\/POD-M-181_varkaus-ny-506x706-1.jpeg\",\"datePublished\":\"2024-12-30T09:22:50+00:00\",\"dateModified\":\"2025-12-30T09:29:59+00:00\",\"description\":\"Laminoitu julistemagneetti Varkauden yst\u00e4ville. Kest\u00e4v\u00e4, k\u00e4yt\u00e4nn\u00f6llinen ja t\u00e4ynn\u00e4 Suomen-tunnelmaa. Valmistettu EU:ssa.\",\"breadcrumb\":{\"@id\":\"https:\\\/\\\/cometofinland.fi\\\/fi\\\/tuote\\\/varkaus-by-erik-bruun-magnets\\\/#breadcrumb\"},\"inLanguage\":\"fi\",\"potentialAction\":[{\"@type\":\"ReadAction\",\"target\":[\"https:\\\/\\\/cometofinland.fi\\\/fi\\\/tuote\\\/varkaus-by-erik-bruun-magnets\\\/\"]}]},{\"@type\":\"ImageObject\",\"inLanguage\":\"fi\",\"@id\":\"https:\\\/\\\/cometofinland.fi\\\/fi\\\/tuote\\\/varkaus-by-erik-bruun-magnets\\\/#primaryimage\",\"url\":\"https:\\\/\\\/cometofinland.fi\\\/wp-content\\\/uploads\\\/2023\\\/11\\\/POD-M-181_varkaus-ny-506x706-1.jpeg\",\"contentUrl\":\"https:\\\/\\\/cometofinland.fi\\\/wp-content\\\/uploads\\\/2023\\\/11\\\/POD-M-181_varkaus-ny-506x706-1.jpeg\",\"width\":1500,\"height\":2081},{\"@type\":\"BreadcrumbList\",\"@id\":\"https:\\\/\\\/cometofinland.fi\\\/fi\\\/tuote\\\/varkaus-by-erik-bruun-magnets\\\/#breadcrumb\",\"itemListElement\":[{\"@type\":\"ListItem\",\"position\":1,\"name\":\"Home\",\"item\":\"https:\\\/\\\/cometofinland.fi\\\/fi\\\/\"},{\"@type\":\"ListItem\",\"position\":2,\"name\":\"Kauppa\",\"item\":\"https:\\\/\\\/cometofinland.fi\\\/fi\\\/kauppa\\\/\"},{\"@type\":\"ListItem\",\"position\":3,\"name\":\"Varkaus by Erik Bruun, Magnets\"}]},{\"@type\":\"WebSite\",\"@id\":\"https:\\\/\\\/cometofinland.fi\\\/fi\\\/#website\",\"url\":\"https:\\\/\\\/cometofinland.fi\\\/fi\\\/\",\"name\":\"Come to Finland\",\"description\":\"poster love from Finland\",\"publisher\":{\"@id\":\"https:\\\/\\\/cometofinland.fi\\\/fi\\\/#organization\"},\"potentialAction\":[{\"@type\":\"SearchAction\",\"target\":{\"@type\":\"EntryPoint\",\"urlTemplate\":\"https:\\\/\\\/cometofinland.fi\\\/fi\\\/?s={search_term_string}\"},\"query-input\":{\"@type\":\"PropertyValueSpecification\",\"valueRequired\":true,\"valueName\":\"search_term_string\"}}],\"inLanguage\":\"fi\"},{\"@type\":\"Organization\",\"@id\":\"https:\\\/\\\/cometofinland.fi\\\/fi\\\/#organization\",\"name\":\"Come to Finland\",\"url\":\"https:\\\/\\\/cometofinland.fi\\\/fi\\\/\",\"logo\":{\"@type\":\"ImageObject\",\"inLanguage\":\"fi\",\"@id\":\"https:\\\/\\\/cometofinland.fi\\\/fi\\\/#\\\/schema\\\/logo\\\/image\\\/\",\"url\":\"https:\\\/\\\/cometofinland.fi\\\/wp-content\\\/uploads\\\/2019\\\/03\\\/CTF_LOGO_Blue.svg\",\"contentUrl\":\"https:\\\/\\\/cometofinland.fi\\\/wp-content\\\/uploads\\\/2019\\\/03\\\/CTF_LOGO_Blue.svg\",\"width\":1,\"height\":1,\"caption\":\"Come to Finland\"},\"image\":{\"@id\":\"https:\\\/\\\/cometofinland.fi\\\/fi\\\/#\\\/schema\\\/logo\\\/image\\\/\"},\"sameAs\":[\"https:\\\/\\\/fi-fi.facebook.com\\\/cometofinland\\\/\",\"https:\\\/\\\/www.instagram.com\\\/cometofinland\\\/\"]}]}<\/script>\n<!-- \/ Yoast SEO plugin. -->","yoast_head_json":{"title":"Varkaus by Erik Bruun, Magnets - Come to Finland","description":"Laminoitu julistemagneetti Varkauden yst\u00e4ville. Kest\u00e4v\u00e4, k\u00e4yt\u00e4nn\u00f6llinen ja t\u00e4ynn\u00e4 Suomen-tunnelmaa. Valmistettu EU:ssa.","robots":{"index":"index","follow":"follow","max-snippet":"max-snippet:-1","max-image-preview":"max-image-preview:large","max-video-preview":"max-video-preview:-1"},"canonical":"https:\/\/cometofinland.fi\/fi\/tuote\/varkaus-by-erik-bruun-magnets\/","og_locale":"fi_FI","og_type":"article","og_title":"Varkaus by Erik Bruun, Magnets - Come to Finland","og_description":"Laminoitu julistemagneetti Varkauden yst\u00e4ville. Kest\u00e4v\u00e4, k\u00e4yt\u00e4nn\u00f6llinen ja t\u00e4ynn\u00e4 Suomen-tunnelmaa. Valmistettu EU:ssa.","og_url":"https:\/\/cometofinland.fi\/fi\/tuote\/varkaus-by-erik-bruun-magnets\/","og_site_name":"Come to Finland","article_publisher":"https:\/\/fi-fi.facebook.com\/cometofinland\/","article_modified_time":"2025-12-30T09:29:59+00:00","og_image":[{"width":1500,"height":2081,"url":"https:\/\/cometofinland.fi\/wp-content\/uploads\/2023\/11\/POD-M-181_varkaus-ny-506x706-1.jpeg","type":"image\/jpeg"}],"twitter_card":"summary_large_image","schema":{"@context":"https:\/\/schema.org","@graph":[{"@type":"WebPage","@id":"https:\/\/cometofinland.fi\/fi\/tuote\/varkaus-by-erik-bruun-magnets\/","url":"https:\/\/cometofinland.fi\/fi\/tuote\/varkaus-by-erik-bruun-magnets\/","name":"Varkaus by Erik Bruun, Magnets - Come to Finland","isPartOf":{"@id":"https:\/\/cometofinland.fi\/fi\/#website"},"primaryImageOfPage":{"@id":"https:\/\/cometofinland.fi\/fi\/tuote\/varkaus-by-erik-bruun-magnets\/#primaryimage"},"image":{"@id":"https:\/\/cometofinland.fi\/fi\/tuote\/varkaus-by-erik-bruun-magnets\/#primaryimage"},"thumbnailUrl":"https:\/\/cometofinland.fi\/wp-content\/uploads\/2023\/11\/POD-M-181_varkaus-ny-506x706-1.jpeg","datePublished":"2024-12-30T09:22:50+00:00","dateModified":"2025-12-30T09:29:59+00:00","description":"Laminoitu julistemagneetti Varkauden yst\u00e4ville. Kest\u00e4v\u00e4, k\u00e4yt\u00e4nn\u00f6llinen ja t\u00e4ynn\u00e4 Suomen-tunnelmaa. Valmistettu EU:ssa.","breadcrumb":{"@id":"https:\/\/cometofinland.fi\/fi\/tuote\/varkaus-by-erik-bruun-magnets\/#breadcrumb"},"inLanguage":"fi","potentialAction":[{"@type":"ReadAction","target":["https:\/\/cometofinland.fi\/fi\/tuote\/varkaus-by-erik-bruun-magnets\/"]}]},{"@type":"ImageObject","inLanguage":"fi","@id":"https:\/\/cometofinland.fi\/fi\/tuote\/varkaus-by-erik-bruun-magnets\/#primaryimage","url":"https:\/\/cometofinland.fi\/wp-content\/uploads\/2023\/11\/POD-M-181_varkaus-ny-506x706-1.jpeg","contentUrl":"https:\/\/cometofinland.fi\/wp-content\/uploads\/2023\/11\/POD-M-181_varkaus-ny-506x706-1.jpeg","width":1500,"height":2081},{"@type":"BreadcrumbList","@id":"https:\/\/cometofinland.fi\/fi\/tuote\/varkaus-by-erik-bruun-magnets\/#breadcrumb","itemListElement":[{"@type":"ListItem","position":1,"name":"Home","item":"https:\/\/cometofinland.fi\/fi\/"},{"@type":"ListItem","position":2,"name":"Kauppa","item":"https:\/\/cometofinland.fi\/fi\/kauppa\/"},{"@type":"ListItem","position":3,"name":"Varkaus by Erik Bruun, Magnets"}]},{"@type":"WebSite","@id":"https:\/\/cometofinland.fi\/fi\/#website","url":"https:\/\/cometofinland.fi\/fi\/","name":"Come to Finland","description":"poster love from Finland","publisher":{"@id":"https:\/\/cometofinland.fi\/fi\/#organization"},"potentialAction":[{"@type":"SearchAction","target":{"@type":"EntryPoint","urlTemplate":"https:\/\/cometofinland.fi\/fi\/?s={search_term_string}"},"query-input":{"@type":"PropertyValueSpecification","valueRequired":true,"valueName":"search_term_string"}}],"inLanguage":"fi"},{"@type":"Organization","@id":"https:\/\/cometofinland.fi\/fi\/#organization","name":"Come to Finland","url":"https:\/\/cometofinland.fi\/fi\/","logo":{"@type":"ImageObject","inLanguage":"fi","@id":"https:\/\/cometofinland.fi\/fi\/#\/schema\/logo\/image\/","url":"https:\/\/cometofinland.fi\/wp-content\/uploads\/2019\/03\/CTF_LOGO_Blue.svg","contentUrl":"https:\/\/cometofinland.fi\/wp-content\/uploads\/2019\/03\/CTF_LOGO_Blue.svg","width":1,"height":1,"caption":"Come to Finland"},"image":{"@id":"https:\/\/cometofinland.fi\/fi\/#\/schema\/logo\/image\/"},"sameAs":["https:\/\/fi-fi.facebook.com\/cometofinland\/","https:\/\/www.instagram.com\/cometofinland\/"]}]}},"_links":{"self":[{"href":"https:\/\/cometofinland.fi\/fi\/wp-json\/wp\/v2\/product\/30921","targetHints":{"allow":["GET"]}}],"collection":[{"href":"https:\/\/cometofinland.fi\/fi\/wp-json\/wp\/v2\/product"}],"about":[{"href":"https:\/\/cometofinland.fi\/fi\/wp-json\/wp\/v2\/types\/product"}],"wp:featuredmedia":[{"embeddable":true,"href":"https:\/\/cometofinland.fi\/fi\/wp-json\/wp\/v2\/media\/25141"}],"wp:attachment":[{"href":"https:\/\/cometofinland.fi\/fi\/wp-json\/wp\/v2\/media?parent=30921"}],"wp:term":[{"taxonomy":"product_brand","embeddable":true,"href":"https:\/\/cometofinland.fi\/fi\/wp-json\/wp\/v2\/product_brand?post=30921"},{"taxonomy":"product_cat","embeddable":true,"href":"https:\/\/cometofinland.fi\/fi\/wp-json\/wp\/v2\/product_cat?post=30921"},{"taxonomy":"product_tag","embeddable":true,"href":"https:\/\/cometofinland.fi\/fi\/wp-json\/wp\/v2\/product_tag?post=30921"}],"curies":[{"name":"wp","href":"https:\/\/api.w.org\/{rel}","templated":true}]}}