{"id":3908,"date":"2018-12-18T12:32:31","date_gmt":"2018-12-18T10:32:31","guid":{"rendered":"https:\/\/cometofinland.fi\/product\/the-hanko-lady-wooden-postcard\/"},"modified":"2023-08-05T22:33:32","modified_gmt":"2023-08-05T19:33:32","slug":"the-hanko-lady-wooden-postcard","status":"publish","type":"product","link":"https:\/\/cometofinland.fi\/fi\/tuote\/the-hanko-lady-wooden-postcard\/","title":{"rendered":"The Hanko Lady, Wooden postcard"},"content":{"rendered":"<p>Kortit, jotka tuoksuvatkin Suomelta! Puu on Suomen vihre\u00e4\u00e4 kultaa ja siksi korteistamme on saatavilla my\u00f6s puiset versiot. Puukortit painetaan luonnollisesti Suomessa suomalaiselle koivuvanerille. Ja mik\u00e4 parasta, puukortit voi postittaa kuten tavalliset postikortit. Paksuus: 3 mm.<\/p>\n<div dir=\"ltr\">Jokainen kortti on yksil\u00f6. Koska puu on luonnonmateriaali, v\u00e4reiss\u00e4 ja pinnoissa on pieni\u00e4 vivahde-eroja.<\/div>\n","protected":false},"excerpt":{"rendered":"<p>Kortit, jotka tuoksuvatkin Suomelta! Puu on Suomen vihre\u00e4\u00e4 kultaa ja siksi korteistamme on saatavilla my\u00f6s puiset versiot. Puukortit painetaan luonnollisesti Suomessa suomalaiselle koivuvanerille. Ja mik\u00e4 parasta, puukortit voi postittaa kuten tavalliset postikortit. Paksuus: 3 mm. Jokainen kortti on yksil\u00f6. Koska puu on luonnonmateriaali, v\u00e4reiss\u00e4 ja pinnoissa on pieni\u00e4 vivahde-eroja.<\/p>\n","protected":false},"featured_media":9208,"template":"","meta":{"_acf_changed":false},"product_brand":[],"product_cat":[298,230],"product_tag":[],"class_list":{"0":"post-3908","1":"product","2":"type-product","3":"status-publish","4":"has-post-thumbnail","6":"product_cat-puukortit-taulut","7":"product_cat-puukortit-vintage","9":"first","10":"instock","11":"taxable","12":"shipping-taxable","13":"purchasable","14":"product-type-simple"},"acf":[],"yoast_head":"<!-- This site is optimized with the Yoast SEO plugin v27.4 - https:\/\/yoast.com\/product\/yoast-seo-wordpress\/ -->\n<title>The Hanko Lady, Wooden postcard - Come to Finland<\/title>\n<meta name=\"robots\" content=\"index, follow, max-snippet:-1, max-image-preview:large, max-video-preview:-1\" \/>\n<link rel=\"canonical\" href=\"https:\/\/cometofinland.fi\/fi\/tuote\/the-hanko-lady-wooden-postcard\/\" \/>\n<meta property=\"og:locale\" content=\"fi_FI\" \/>\n<meta property=\"og:type\" content=\"article\" \/>\n<meta property=\"og:title\" content=\"The Hanko Lady, Wooden postcard - Come to Finland\" \/>\n<meta property=\"og:description\" content=\"Kortit, jotka tuoksuvatkin Suomelta! Puu on Suomen vihre\u00e4\u00e4 kultaa ja siksi korteistamme on saatavilla my\u00f6s puiset versiot. Puukortit painetaan luonnollisesti Suomessa suomalaiselle koivuvanerille. Ja mik\u00e4 parasta, puukortit voi postittaa kuten tavalliset postikortit. Paksuus: 3 mm. Jokainen kortti on yksil\u00f6. Koska puu on luonnonmateriaali, v\u00e4reiss\u00e4 ja pinnoissa on pieni\u00e4 vivahde-eroja.\" \/>\n<meta property=\"og:url\" content=\"https:\/\/cometofinland.fi\/fi\/tuote\/the-hanko-lady-wooden-postcard\/\" \/>\n<meta property=\"og:site_name\" content=\"Come to Finland\" \/>\n<meta property=\"article:publisher\" content=\"https:\/\/fi-fi.facebook.com\/cometofinland\/\" \/>\n<meta property=\"article:modified_time\" content=\"2023-08-05T19:33:32+00:00\" \/>\n<meta property=\"og:image\" content=\"https:\/\/cometofinland.fi\/wp-content\/uploads\/2018\/12\/CTF_WO-28_HankoLeidi.jpg\" \/>\n\t<meta property=\"og:image:width\" content=\"1194\" \/>\n\t<meta property=\"og:image:height\" content=\"1787\" \/>\n\t<meta property=\"og:image:type\" content=\"image\/jpeg\" \/>\n<meta name=\"twitter:card\" content=\"summary_large_image\" \/>\n<script type=\"application\/ld+json\" class=\"yoast-schema-graph\">{\"@context\":\"https:\\\/\\\/schema.org\",\"@graph\":[{\"@type\":\"WebPage\",\"@id\":\"https:\\\/\\\/cometofinland.fi\\\/fi\\\/tuote\\\/the-hanko-lady-wooden-postcard\\\/\",\"url\":\"https:\\\/\\\/cometofinland.fi\\\/fi\\\/tuote\\\/the-hanko-lady-wooden-postcard\\\/\",\"name\":\"The Hanko Lady, Wooden postcard - Come to Finland\",\"isPartOf\":{\"@id\":\"https:\\\/\\\/cometofinland.fi\\\/fi\\\/#website\"},\"primaryImageOfPage\":{\"@id\":\"https:\\\/\\\/cometofinland.fi\\\/fi\\\/tuote\\\/the-hanko-lady-wooden-postcard\\\/#primaryimage\"},\"image\":{\"@id\":\"https:\\\/\\\/cometofinland.fi\\\/fi\\\/tuote\\\/the-hanko-lady-wooden-postcard\\\/#primaryimage\"},\"thumbnailUrl\":\"https:\\\/\\\/cometofinland.fi\\\/wp-content\\\/uploads\\\/2018\\\/12\\\/CTF_WO-28_HankoLeidi.jpg\",\"datePublished\":\"2018-12-18T10:32:31+00:00\",\"dateModified\":\"2023-08-05T19:33:32+00:00\",\"breadcrumb\":{\"@id\":\"https:\\\/\\\/cometofinland.fi\\\/fi\\\/tuote\\\/the-hanko-lady-wooden-postcard\\\/#breadcrumb\"},\"inLanguage\":\"fi\",\"potentialAction\":[{\"@type\":\"ReadAction\",\"target\":[\"https:\\\/\\\/cometofinland.fi\\\/fi\\\/tuote\\\/the-hanko-lady-wooden-postcard\\\/\"]}]},{\"@type\":\"ImageObject\",\"inLanguage\":\"fi\",\"@id\":\"https:\\\/\\\/cometofinland.fi\\\/fi\\\/tuote\\\/the-hanko-lady-wooden-postcard\\\/#primaryimage\",\"url\":\"https:\\\/\\\/cometofinland.fi\\\/wp-content\\\/uploads\\\/2018\\\/12\\\/CTF_WO-28_HankoLeidi.jpg\",\"contentUrl\":\"https:\\\/\\\/cometofinland.fi\\\/wp-content\\\/uploads\\\/2018\\\/12\\\/CTF_WO-28_HankoLeidi.jpg\",\"width\":1194,\"height\":1787},{\"@type\":\"BreadcrumbList\",\"@id\":\"https:\\\/\\\/cometofinland.fi\\\/fi\\\/tuote\\\/the-hanko-lady-wooden-postcard\\\/#breadcrumb\",\"itemListElement\":[{\"@type\":\"ListItem\",\"position\":1,\"name\":\"Home\",\"item\":\"https:\\\/\\\/cometofinland.fi\\\/fi\\\/\"},{\"@type\":\"ListItem\",\"position\":2,\"name\":\"Kauppa\",\"item\":\"https:\\\/\\\/cometofinland.fi\\\/fi\\\/kauppa\\\/\"},{\"@type\":\"ListItem\",\"position\":3,\"name\":\"The Hanko Lady, Wooden postcard\"}]},{\"@type\":\"WebSite\",\"@id\":\"https:\\\/\\\/cometofinland.fi\\\/fi\\\/#website\",\"url\":\"https:\\\/\\\/cometofinland.fi\\\/fi\\\/\",\"name\":\"Come to Finland\",\"description\":\"poster love from Finland\",\"publisher\":{\"@id\":\"https:\\\/\\\/cometofinland.fi\\\/fi\\\/#organization\"},\"potentialAction\":[{\"@type\":\"SearchAction\",\"target\":{\"@type\":\"EntryPoint\",\"urlTemplate\":\"https:\\\/\\\/cometofinland.fi\\\/fi\\\/?s={search_term_string}\"},\"query-input\":{\"@type\":\"PropertyValueSpecification\",\"valueRequired\":true,\"valueName\":\"search_term_string\"}}],\"inLanguage\":\"fi\"},{\"@type\":\"Organization\",\"@id\":\"https:\\\/\\\/cometofinland.fi\\\/fi\\\/#organization\",\"name\":\"Come to Finland\",\"url\":\"https:\\\/\\\/cometofinland.fi\\\/fi\\\/\",\"logo\":{\"@type\":\"ImageObject\",\"inLanguage\":\"fi\",\"@id\":\"https:\\\/\\\/cometofinland.fi\\\/fi\\\/#\\\/schema\\\/logo\\\/image\\\/\",\"url\":\"https:\\\/\\\/cometofinland.fi\\\/wp-content\\\/uploads\\\/2019\\\/03\\\/CTF_LOGO_Blue.svg\",\"contentUrl\":\"https:\\\/\\\/cometofinland.fi\\\/wp-content\\\/uploads\\\/2019\\\/03\\\/CTF_LOGO_Blue.svg\",\"width\":1,\"height\":1,\"caption\":\"Come to Finland\"},\"image\":{\"@id\":\"https:\\\/\\\/cometofinland.fi\\\/fi\\\/#\\\/schema\\\/logo\\\/image\\\/\"},\"sameAs\":[\"https:\\\/\\\/fi-fi.facebook.com\\\/cometofinland\\\/\",\"https:\\\/\\\/www.instagram.com\\\/cometofinland\\\/\"]}]}<\/script>\n<!-- \/ Yoast SEO plugin. -->","yoast_head_json":{"title":"The Hanko Lady, Wooden postcard - Come to Finland","robots":{"index":"index","follow":"follow","max-snippet":"max-snippet:-1","max-image-preview":"max-image-preview:large","max-video-preview":"max-video-preview:-1"},"canonical":"https:\/\/cometofinland.fi\/fi\/tuote\/the-hanko-lady-wooden-postcard\/","og_locale":"fi_FI","og_type":"article","og_title":"The Hanko Lady, Wooden postcard - Come to Finland","og_description":"Kortit, jotka tuoksuvatkin Suomelta! Puu on Suomen vihre\u00e4\u00e4 kultaa ja siksi korteistamme on saatavilla my\u00f6s puiset versiot. Puukortit painetaan luonnollisesti Suomessa suomalaiselle koivuvanerille. Ja mik\u00e4 parasta, puukortit voi postittaa kuten tavalliset postikortit. Paksuus: 3 mm. Jokainen kortti on yksil\u00f6. Koska puu on luonnonmateriaali, v\u00e4reiss\u00e4 ja pinnoissa on pieni\u00e4 vivahde-eroja.","og_url":"https:\/\/cometofinland.fi\/fi\/tuote\/the-hanko-lady-wooden-postcard\/","og_site_name":"Come to Finland","article_publisher":"https:\/\/fi-fi.facebook.com\/cometofinland\/","article_modified_time":"2023-08-05T19:33:32+00:00","og_image":[{"width":1194,"height":1787,"url":"https:\/\/cometofinland.fi\/wp-content\/uploads\/2018\/12\/CTF_WO-28_HankoLeidi.jpg","type":"image\/jpeg"}],"twitter_card":"summary_large_image","schema":{"@context":"https:\/\/schema.org","@graph":[{"@type":"WebPage","@id":"https:\/\/cometofinland.fi\/fi\/tuote\/the-hanko-lady-wooden-postcard\/","url":"https:\/\/cometofinland.fi\/fi\/tuote\/the-hanko-lady-wooden-postcard\/","name":"The Hanko Lady, Wooden postcard - Come to Finland","isPartOf":{"@id":"https:\/\/cometofinland.fi\/fi\/#website"},"primaryImageOfPage":{"@id":"https:\/\/cometofinland.fi\/fi\/tuote\/the-hanko-lady-wooden-postcard\/#primaryimage"},"image":{"@id":"https:\/\/cometofinland.fi\/fi\/tuote\/the-hanko-lady-wooden-postcard\/#primaryimage"},"thumbnailUrl":"https:\/\/cometofinland.fi\/wp-content\/uploads\/2018\/12\/CTF_WO-28_HankoLeidi.jpg","datePublished":"2018-12-18T10:32:31+00:00","dateModified":"2023-08-05T19:33:32+00:00","breadcrumb":{"@id":"https:\/\/cometofinland.fi\/fi\/tuote\/the-hanko-lady-wooden-postcard\/#breadcrumb"},"inLanguage":"fi","potentialAction":[{"@type":"ReadAction","target":["https:\/\/cometofinland.fi\/fi\/tuote\/the-hanko-lady-wooden-postcard\/"]}]},{"@type":"ImageObject","inLanguage":"fi","@id":"https:\/\/cometofinland.fi\/fi\/tuote\/the-hanko-lady-wooden-postcard\/#primaryimage","url":"https:\/\/cometofinland.fi\/wp-content\/uploads\/2018\/12\/CTF_WO-28_HankoLeidi.jpg","contentUrl":"https:\/\/cometofinland.fi\/wp-content\/uploads\/2018\/12\/CTF_WO-28_HankoLeidi.jpg","width":1194,"height":1787},{"@type":"BreadcrumbList","@id":"https:\/\/cometofinland.fi\/fi\/tuote\/the-hanko-lady-wooden-postcard\/#breadcrumb","itemListElement":[{"@type":"ListItem","position":1,"name":"Home","item":"https:\/\/cometofinland.fi\/fi\/"},{"@type":"ListItem","position":2,"name":"Kauppa","item":"https:\/\/cometofinland.fi\/fi\/kauppa\/"},{"@type":"ListItem","position":3,"name":"The Hanko Lady, Wooden postcard"}]},{"@type":"WebSite","@id":"https:\/\/cometofinland.fi\/fi\/#website","url":"https:\/\/cometofinland.fi\/fi\/","name":"Come to Finland","description":"poster love from Finland","publisher":{"@id":"https:\/\/cometofinland.fi\/fi\/#organization"},"potentialAction":[{"@type":"SearchAction","target":{"@type":"EntryPoint","urlTemplate":"https:\/\/cometofinland.fi\/fi\/?s={search_term_string}"},"query-input":{"@type":"PropertyValueSpecification","valueRequired":true,"valueName":"search_term_string"}}],"inLanguage":"fi"},{"@type":"Organization","@id":"https:\/\/cometofinland.fi\/fi\/#organization","name":"Come to Finland","url":"https:\/\/cometofinland.fi\/fi\/","logo":{"@type":"ImageObject","inLanguage":"fi","@id":"https:\/\/cometofinland.fi\/fi\/#\/schema\/logo\/image\/","url":"https:\/\/cometofinland.fi\/wp-content\/uploads\/2019\/03\/CTF_LOGO_Blue.svg","contentUrl":"https:\/\/cometofinland.fi\/wp-content\/uploads\/2019\/03\/CTF_LOGO_Blue.svg","width":1,"height":1,"caption":"Come to Finland"},"image":{"@id":"https:\/\/cometofinland.fi\/fi\/#\/schema\/logo\/image\/"},"sameAs":["https:\/\/fi-fi.facebook.com\/cometofinland\/","https:\/\/www.instagram.com\/cometofinland\/"]}]}},"_links":{"self":[{"href":"https:\/\/cometofinland.fi\/fi\/wp-json\/wp\/v2\/product\/3908","targetHints":{"allow":["GET"]}}],"collection":[{"href":"https:\/\/cometofinland.fi\/fi\/wp-json\/wp\/v2\/product"}],"about":[{"href":"https:\/\/cometofinland.fi\/fi\/wp-json\/wp\/v2\/types\/product"}],"wp:featuredmedia":[{"embeddable":true,"href":"https:\/\/cometofinland.fi\/fi\/wp-json\/wp\/v2\/media\/9208"}],"wp:attachment":[{"href":"https:\/\/cometofinland.fi\/fi\/wp-json\/wp\/v2\/media?parent=3908"}],"wp:term":[{"taxonomy":"product_brand","embeddable":true,"href":"https:\/\/cometofinland.fi\/fi\/wp-json\/wp\/v2\/product_brand?post=3908"},{"taxonomy":"product_cat","embeddable":true,"href":"https:\/\/cometofinland.fi\/fi\/wp-json\/wp\/v2\/product_cat?post=3908"},{"taxonomy":"product_tag","embeddable":true,"href":"https:\/\/cometofinland.fi\/fi\/wp-json\/wp\/v2\/product_tag?post=3908"}],"curies":[{"name":"wp","href":"https:\/\/api.w.org\/{rel}","templated":true}]}}