{"id":5482,"date":"2019-05-07T13:57:28","date_gmt":"2019-05-07T10:57:28","guid":{"rendered":"https:\/\/cometofinland.fi\/product\/tampere-by-christianson-poster-50-x-70-cm-on-demand-print\/"},"modified":"2026-03-11T14:47:25","modified_gmt":"2026-03-11T12:47:25","slug":"tampere-by-christianson-poster-50-x-70-cm-on-demand-print","status":"publish","type":"product","link":"https:\/\/cometofinland.fi\/fi\/tuote\/tampere-by-christianson-poster-50-x-70-cm-on-demand-print\/","title":{"rendered":"Tampere by Christianson, Poster 50 x 70 cm (on demand print)"},"content":{"rendered":"<p>T\u00e4m\u00e4 Tampere-juliste kuuluu Custom Print -sarjaamme, jonka jokainen juliste on yksitt\u00e4iskappale ja painettu Suomessa juuri sinua varten. K\u00e4yt\u00e4mme julisteissa korkealuokkaista FSC-sertifioitua mattapaperia. Huippuunsa viety tekniikka ja 12 v\u00e4ri\u00e4 takaavat, ett\u00e4 painoj\u00e4ljen kirkkaus ja v\u00e4riskaala ovat ensiluokkaiset ja juliste s\u00e4ilyy my\u00f6s tuleville sukupolville.<\/p>\n<p>Juliste toimitetaan kest\u00e4v\u00e4ss\u00e4 pahviputkessa. Jos tilauksessasi on useampia julisteita, toimitamme ne yhteen pahviputkeen pakattuina.<\/p>\n","protected":false},"excerpt":{"rendered":"<p>T\u00e4m\u00e4 Tampere-juliste kuuluu Custom Print -sarjaamme, jonka jokainen juliste on yksitt\u00e4iskappale ja painettu Suomessa juuri sinua varten. K\u00e4yt\u00e4mme julisteissa korkealuokkaista FSC-sertifioitua mattapaperia. Huippuunsa viety tekniikka ja 12 v\u00e4ri\u00e4 takaavat, ett\u00e4 painoj\u00e4ljen kirkkaus ja v\u00e4riskaala ovat ensiluokkaiset ja juliste s\u00e4ilyy my\u00f6s tuleville sukupolville. Juliste toimitetaan kest\u00e4v\u00e4ss\u00e4 pahviputkessa. Jos tilauksessasi on useampia julisteita, toimitamme ne yhteen pahviputkeen [&hellip;]<\/p>\n","protected":false},"featured_media":5480,"template":"","meta":{"_acf_changed":false},"product_brand":[],"product_cat":[537,539],"product_tag":[],"class_list":{"0":"post-5482","1":"product","2":"type-product","3":"status-publish","4":"has-post-thumbnail","6":"product_cat-vintage-julisteet","7":"product_cat-koko-m-50x70-uusintapainos","9":"first","10":"outofstock","11":"taxable","12":"shipping-taxable","13":"purchasable","14":"product-type-simple"},"acf":[],"yoast_head":"<!-- This site is optimized with the Yoast SEO plugin v27.4 - https:\/\/yoast.com\/product\/yoast-seo-wordpress\/ -->\n<title>Tampere by Christianson, Poster 50 x 70 cm (on demand print) - Come to Finland<\/title>\n<meta name=\"description\" content=\"1950-luvun puoliv\u00e4liss\u00e4 Tampere halusi l\u00f6yt\u00e4\u00e4 uusia visuaalisia keinoja markkinoida kaupunkia. Toisin sanoen oli aika j\u00e4rjest\u00e4\u00e4 julistekilpailu.Kilpailuun osallistui yli 64 teosta, jaetulle toiselle sijalle tuli Rolf Christiansonin t\u00e4ll\u00e4 julisteella.\" \/>\n<meta name=\"robots\" content=\"index, follow, max-snippet:-1, max-image-preview:large, max-video-preview:-1\" \/>\n<link rel=\"canonical\" href=\"https:\/\/cometofinland.fi\/fi\/tuote\/tampere-by-christianson-poster-50-x-70-cm-on-demand-print\/\" \/>\n<meta property=\"og:locale\" content=\"fi_FI\" \/>\n<meta property=\"og:type\" content=\"article\" \/>\n<meta property=\"og:title\" content=\"Tampere by Christianson, Poster 50 x 70 cm (on demand print) - Come to Finland\" \/>\n<meta property=\"og:description\" content=\"1950-luvun puoliv\u00e4liss\u00e4 Tampere halusi l\u00f6yt\u00e4\u00e4 uusia visuaalisia keinoja markkinoida kaupunkia. Toisin sanoen oli aika j\u00e4rjest\u00e4\u00e4 julistekilpailu.Kilpailuun osallistui yli 64 teosta, jaetulle toiselle sijalle tuli Rolf Christiansonin t\u00e4ll\u00e4 julisteella.\" \/>\n<meta property=\"og:url\" content=\"https:\/\/cometofinland.fi\/fi\/tuote\/tampere-by-christianson-poster-50-x-70-cm-on-demand-print\/\" \/>\n<meta property=\"og:site_name\" content=\"Come to Finland\" \/>\n<meta property=\"article:publisher\" content=\"https:\/\/fi-fi.facebook.com\/cometofinland\/\" \/>\n<meta property=\"article:modified_time\" content=\"2026-03-11T12:47:25+00:00\" \/>\n<meta property=\"og:image\" content=\"https:\/\/cometofinland.fi\/wp-content\/uploads\/2019\/01\/OD13_Tampere_Christianson_03.jpg\" \/>\n\t<meta property=\"og:image:width\" content=\"1080\" \/>\n\t<meta property=\"og:image:height\" content=\"1512\" \/>\n\t<meta property=\"og:image:type\" content=\"image\/jpeg\" \/>\n<meta name=\"twitter:card\" content=\"summary_large_image\" \/>\n<script type=\"application\/ld+json\" class=\"yoast-schema-graph\">{\"@context\":\"https:\\\/\\\/schema.org\",\"@graph\":[{\"@type\":\"WebPage\",\"@id\":\"https:\\\/\\\/cometofinland.fi\\\/fi\\\/tuote\\\/tampere-by-christianson-poster-50-x-70-cm-on-demand-print\\\/\",\"url\":\"https:\\\/\\\/cometofinland.fi\\\/fi\\\/tuote\\\/tampere-by-christianson-poster-50-x-70-cm-on-demand-print\\\/\",\"name\":\"Tampere by Christianson, Poster 50 x 70 cm (on demand print) - Come to Finland\",\"isPartOf\":{\"@id\":\"https:\\\/\\\/cometofinland.fi\\\/fi\\\/#website\"},\"primaryImageOfPage\":{\"@id\":\"https:\\\/\\\/cometofinland.fi\\\/fi\\\/tuote\\\/tampere-by-christianson-poster-50-x-70-cm-on-demand-print\\\/#primaryimage\"},\"image\":{\"@id\":\"https:\\\/\\\/cometofinland.fi\\\/fi\\\/tuote\\\/tampere-by-christianson-poster-50-x-70-cm-on-demand-print\\\/#primaryimage\"},\"thumbnailUrl\":\"https:\\\/\\\/cometofinland.fi\\\/wp-content\\\/uploads\\\/2019\\\/01\\\/OD13_Tampere_Christianson_03.jpg\",\"datePublished\":\"2019-05-07T10:57:28+00:00\",\"dateModified\":\"2026-03-11T12:47:25+00:00\",\"description\":\"1950-luvun puoliv\u00e4liss\u00e4 Tampere halusi l\u00f6yt\u00e4\u00e4 uusia visuaalisia keinoja markkinoida kaupunkia. Toisin sanoen oli aika j\u00e4rjest\u00e4\u00e4 julistekilpailu.Kilpailuun osallistui yli 64 teosta, jaetulle toiselle sijalle tuli Rolf Christiansonin t\u00e4ll\u00e4 julisteella.\",\"breadcrumb\":{\"@id\":\"https:\\\/\\\/cometofinland.fi\\\/fi\\\/tuote\\\/tampere-by-christianson-poster-50-x-70-cm-on-demand-print\\\/#breadcrumb\"},\"inLanguage\":\"fi\",\"potentialAction\":[{\"@type\":\"ReadAction\",\"target\":[\"https:\\\/\\\/cometofinland.fi\\\/fi\\\/tuote\\\/tampere-by-christianson-poster-50-x-70-cm-on-demand-print\\\/\"]}]},{\"@type\":\"ImageObject\",\"inLanguage\":\"fi\",\"@id\":\"https:\\\/\\\/cometofinland.fi\\\/fi\\\/tuote\\\/tampere-by-christianson-poster-50-x-70-cm-on-demand-print\\\/#primaryimage\",\"url\":\"https:\\\/\\\/cometofinland.fi\\\/wp-content\\\/uploads\\\/2019\\\/01\\\/OD13_Tampere_Christianson_03.jpg\",\"contentUrl\":\"https:\\\/\\\/cometofinland.fi\\\/wp-content\\\/uploads\\\/2019\\\/01\\\/OD13_Tampere_Christianson_03.jpg\",\"width\":1080,\"height\":1512,\"caption\":\"Poster of Tampere\"},{\"@type\":\"BreadcrumbList\",\"@id\":\"https:\\\/\\\/cometofinland.fi\\\/fi\\\/tuote\\\/tampere-by-christianson-poster-50-x-70-cm-on-demand-print\\\/#breadcrumb\",\"itemListElement\":[{\"@type\":\"ListItem\",\"position\":1,\"name\":\"Home\",\"item\":\"https:\\\/\\\/cometofinland.fi\\\/fi\\\/\"},{\"@type\":\"ListItem\",\"position\":2,\"name\":\"Kauppa\",\"item\":\"https:\\\/\\\/cometofinland.fi\\\/fi\\\/kauppa\\\/\"},{\"@type\":\"ListItem\",\"position\":3,\"name\":\"Tampere by Christianson, Poster 50 x 70 cm (on demand print)\"}]},{\"@type\":\"WebSite\",\"@id\":\"https:\\\/\\\/cometofinland.fi\\\/fi\\\/#website\",\"url\":\"https:\\\/\\\/cometofinland.fi\\\/fi\\\/\",\"name\":\"Come to Finland\",\"description\":\"poster love from Finland\",\"publisher\":{\"@id\":\"https:\\\/\\\/cometofinland.fi\\\/fi\\\/#organization\"},\"potentialAction\":[{\"@type\":\"SearchAction\",\"target\":{\"@type\":\"EntryPoint\",\"urlTemplate\":\"https:\\\/\\\/cometofinland.fi\\\/fi\\\/?s={search_term_string}\"},\"query-input\":{\"@type\":\"PropertyValueSpecification\",\"valueRequired\":true,\"valueName\":\"search_term_string\"}}],\"inLanguage\":\"fi\"},{\"@type\":\"Organization\",\"@id\":\"https:\\\/\\\/cometofinland.fi\\\/fi\\\/#organization\",\"name\":\"Come to Finland\",\"url\":\"https:\\\/\\\/cometofinland.fi\\\/fi\\\/\",\"logo\":{\"@type\":\"ImageObject\",\"inLanguage\":\"fi\",\"@id\":\"https:\\\/\\\/cometofinland.fi\\\/fi\\\/#\\\/schema\\\/logo\\\/image\\\/\",\"url\":\"https:\\\/\\\/cometofinland.fi\\\/wp-content\\\/uploads\\\/2019\\\/03\\\/CTF_LOGO_Blue.svg\",\"contentUrl\":\"https:\\\/\\\/cometofinland.fi\\\/wp-content\\\/uploads\\\/2019\\\/03\\\/CTF_LOGO_Blue.svg\",\"width\":1,\"height\":1,\"caption\":\"Come to Finland\"},\"image\":{\"@id\":\"https:\\\/\\\/cometofinland.fi\\\/fi\\\/#\\\/schema\\\/logo\\\/image\\\/\"},\"sameAs\":[\"https:\\\/\\\/fi-fi.facebook.com\\\/cometofinland\\\/\",\"https:\\\/\\\/www.instagram.com\\\/cometofinland\\\/\"]}]}<\/script>\n<!-- \/ Yoast SEO plugin. -->","yoast_head_json":{"title":"Tampere by Christianson, Poster 50 x 70 cm (on demand print) - Come to Finland","description":"1950-luvun puoliv\u00e4liss\u00e4 Tampere halusi l\u00f6yt\u00e4\u00e4 uusia visuaalisia keinoja markkinoida kaupunkia. Toisin sanoen oli aika j\u00e4rjest\u00e4\u00e4 julistekilpailu.Kilpailuun osallistui yli 64 teosta, jaetulle toiselle sijalle tuli Rolf Christiansonin t\u00e4ll\u00e4 julisteella.","robots":{"index":"index","follow":"follow","max-snippet":"max-snippet:-1","max-image-preview":"max-image-preview:large","max-video-preview":"max-video-preview:-1"},"canonical":"https:\/\/cometofinland.fi\/fi\/tuote\/tampere-by-christianson-poster-50-x-70-cm-on-demand-print\/","og_locale":"fi_FI","og_type":"article","og_title":"Tampere by Christianson, Poster 50 x 70 cm (on demand print) - Come to Finland","og_description":"1950-luvun puoliv\u00e4liss\u00e4 Tampere halusi l\u00f6yt\u00e4\u00e4 uusia visuaalisia keinoja markkinoida kaupunkia. Toisin sanoen oli aika j\u00e4rjest\u00e4\u00e4 julistekilpailu.Kilpailuun osallistui yli 64 teosta, jaetulle toiselle sijalle tuli Rolf Christiansonin t\u00e4ll\u00e4 julisteella.","og_url":"https:\/\/cometofinland.fi\/fi\/tuote\/tampere-by-christianson-poster-50-x-70-cm-on-demand-print\/","og_site_name":"Come to Finland","article_publisher":"https:\/\/fi-fi.facebook.com\/cometofinland\/","article_modified_time":"2026-03-11T12:47:25+00:00","og_image":[{"width":1080,"height":1512,"url":"https:\/\/cometofinland.fi\/wp-content\/uploads\/2019\/01\/OD13_Tampere_Christianson_03.jpg","type":"image\/jpeg"}],"twitter_card":"summary_large_image","schema":{"@context":"https:\/\/schema.org","@graph":[{"@type":"WebPage","@id":"https:\/\/cometofinland.fi\/fi\/tuote\/tampere-by-christianson-poster-50-x-70-cm-on-demand-print\/","url":"https:\/\/cometofinland.fi\/fi\/tuote\/tampere-by-christianson-poster-50-x-70-cm-on-demand-print\/","name":"Tampere by Christianson, Poster 50 x 70 cm (on demand print) - Come to Finland","isPartOf":{"@id":"https:\/\/cometofinland.fi\/fi\/#website"},"primaryImageOfPage":{"@id":"https:\/\/cometofinland.fi\/fi\/tuote\/tampere-by-christianson-poster-50-x-70-cm-on-demand-print\/#primaryimage"},"image":{"@id":"https:\/\/cometofinland.fi\/fi\/tuote\/tampere-by-christianson-poster-50-x-70-cm-on-demand-print\/#primaryimage"},"thumbnailUrl":"https:\/\/cometofinland.fi\/wp-content\/uploads\/2019\/01\/OD13_Tampere_Christianson_03.jpg","datePublished":"2019-05-07T10:57:28+00:00","dateModified":"2026-03-11T12:47:25+00:00","description":"1950-luvun puoliv\u00e4liss\u00e4 Tampere halusi l\u00f6yt\u00e4\u00e4 uusia visuaalisia keinoja markkinoida kaupunkia. Toisin sanoen oli aika j\u00e4rjest\u00e4\u00e4 julistekilpailu.Kilpailuun osallistui yli 64 teosta, jaetulle toiselle sijalle tuli Rolf Christiansonin t\u00e4ll\u00e4 julisteella.","breadcrumb":{"@id":"https:\/\/cometofinland.fi\/fi\/tuote\/tampere-by-christianson-poster-50-x-70-cm-on-demand-print\/#breadcrumb"},"inLanguage":"fi","potentialAction":[{"@type":"ReadAction","target":["https:\/\/cometofinland.fi\/fi\/tuote\/tampere-by-christianson-poster-50-x-70-cm-on-demand-print\/"]}]},{"@type":"ImageObject","inLanguage":"fi","@id":"https:\/\/cometofinland.fi\/fi\/tuote\/tampere-by-christianson-poster-50-x-70-cm-on-demand-print\/#primaryimage","url":"https:\/\/cometofinland.fi\/wp-content\/uploads\/2019\/01\/OD13_Tampere_Christianson_03.jpg","contentUrl":"https:\/\/cometofinland.fi\/wp-content\/uploads\/2019\/01\/OD13_Tampere_Christianson_03.jpg","width":1080,"height":1512,"caption":"Poster of Tampere"},{"@type":"BreadcrumbList","@id":"https:\/\/cometofinland.fi\/fi\/tuote\/tampere-by-christianson-poster-50-x-70-cm-on-demand-print\/#breadcrumb","itemListElement":[{"@type":"ListItem","position":1,"name":"Home","item":"https:\/\/cometofinland.fi\/fi\/"},{"@type":"ListItem","position":2,"name":"Kauppa","item":"https:\/\/cometofinland.fi\/fi\/kauppa\/"},{"@type":"ListItem","position":3,"name":"Tampere by Christianson, Poster 50 x 70 cm (on demand print)"}]},{"@type":"WebSite","@id":"https:\/\/cometofinland.fi\/fi\/#website","url":"https:\/\/cometofinland.fi\/fi\/","name":"Come to Finland","description":"poster love from Finland","publisher":{"@id":"https:\/\/cometofinland.fi\/fi\/#organization"},"potentialAction":[{"@type":"SearchAction","target":{"@type":"EntryPoint","urlTemplate":"https:\/\/cometofinland.fi\/fi\/?s={search_term_string}"},"query-input":{"@type":"PropertyValueSpecification","valueRequired":true,"valueName":"search_term_string"}}],"inLanguage":"fi"},{"@type":"Organization","@id":"https:\/\/cometofinland.fi\/fi\/#organization","name":"Come to Finland","url":"https:\/\/cometofinland.fi\/fi\/","logo":{"@type":"ImageObject","inLanguage":"fi","@id":"https:\/\/cometofinland.fi\/fi\/#\/schema\/logo\/image\/","url":"https:\/\/cometofinland.fi\/wp-content\/uploads\/2019\/03\/CTF_LOGO_Blue.svg","contentUrl":"https:\/\/cometofinland.fi\/wp-content\/uploads\/2019\/03\/CTF_LOGO_Blue.svg","width":1,"height":1,"caption":"Come to Finland"},"image":{"@id":"https:\/\/cometofinland.fi\/fi\/#\/schema\/logo\/image\/"},"sameAs":["https:\/\/fi-fi.facebook.com\/cometofinland\/","https:\/\/www.instagram.com\/cometofinland\/"]}]}},"_links":{"self":[{"href":"https:\/\/cometofinland.fi\/fi\/wp-json\/wp\/v2\/product\/5482","targetHints":{"allow":["GET"]}}],"collection":[{"href":"https:\/\/cometofinland.fi\/fi\/wp-json\/wp\/v2\/product"}],"about":[{"href":"https:\/\/cometofinland.fi\/fi\/wp-json\/wp\/v2\/types\/product"}],"wp:featuredmedia":[{"embeddable":true,"href":"https:\/\/cometofinland.fi\/fi\/wp-json\/wp\/v2\/media\/5480"}],"wp:attachment":[{"href":"https:\/\/cometofinland.fi\/fi\/wp-json\/wp\/v2\/media?parent=5482"}],"wp:term":[{"taxonomy":"product_brand","embeddable":true,"href":"https:\/\/cometofinland.fi\/fi\/wp-json\/wp\/v2\/product_brand?post=5482"},{"taxonomy":"product_cat","embeddable":true,"href":"https:\/\/cometofinland.fi\/fi\/wp-json\/wp\/v2\/product_cat?post=5482"},{"taxonomy":"product_tag","embeddable":true,"href":"https:\/\/cometofinland.fi\/fi\/wp-json\/wp\/v2\/product_tag?post=5482"}],"curies":[{"name":"wp","href":"https:\/\/api.w.org\/{rel}","templated":true}]}}