{"id":8080,"date":"2019-02-21T11:51:54","date_gmt":"2019-02-21T09:51:54","guid":{"rendered":"https:\/\/cometofinland.fi\/product\/moominpappa-wooden-postcard\/"},"modified":"2025-06-01T13:48:17","modified_gmt":"2025-06-01T10:48:17","slug":"moominpappa-wooden-postcard","status":"publish","type":"product","link":"https:\/\/cometofinland.fi\/fi\/tuote\/moominpappa-wooden-postcard\/","title":{"rendered":"Muumipappa, puukortti"},"content":{"rendered":"<p>Sanotaan, ett\u00e4 puu on Suomen vihre\u00e4\u00e4 kultaa. Siksi Tove Janssonin luomat klassiset Muumi-kuvitukset ovat saatavana my\u00f6s puisina postikortteina.<\/p>\n<p>Puukortit painetaan luonnollisesti Suomessa \u2013 suomalaiselle koivuvanerille. Ja mik\u00e4 parasta, voit postittaa ne aivan kuten tavallisetkin postikortit, kortin paksuus on 3 mm.<\/p>\n<p>Jokainen kortti on yksil\u00f6. Koska puu on luonnonmateriaali, v\u00e4reiss\u00e4 ja pinnoissa on pieni\u00e4 vivahde-eroja.<\/p>\n","protected":false},"excerpt":{"rendered":"<p>Sanotaan, ett\u00e4 puu on Suomen vihre\u00e4\u00e4 kultaa. Siksi Tove Janssonin luomat klassiset Muumi-kuvitukset ovat saatavana my\u00f6s puisina postikortteina. Puukortit painetaan luonnollisesti Suomessa \u2013 suomalaiselle koivuvanerille. Ja mik\u00e4 parasta, voit postittaa ne aivan kuten tavallisetkin postikortit, kortin paksuus on 3 mm. Jokainen kortti on yksil\u00f6. Koska puu on luonnonmateriaali, v\u00e4reiss\u00e4 ja pinnoissa on pieni\u00e4 vivahde-eroja.<\/p>\n","protected":false},"featured_media":8078,"template":"","meta":{"_acf_changed":false},"product_brand":[],"product_cat":[562],"product_tag":[],"class_list":{"0":"post-8080","1":"product","2":"type-product","3":"status-publish","4":"has-post-thumbnail","6":"product_cat-muumi-puiset-kortit","8":"first","9":"instock","10":"taxable","11":"shipping-taxable","12":"purchasable","13":"product-type-simple"},"acf":[],"yoast_head":"<!-- This site is optimized with the Yoast SEO plugin v27.3 - https:\/\/yoast.com\/product\/yoast-seo-wordpress\/ -->\n<title>Muumipappa, puukortti - Come to Finland<\/title>\n<meta name=\"robots\" content=\"index, follow, max-snippet:-1, max-image-preview:large, max-video-preview:-1\" \/>\n<link rel=\"canonical\" href=\"https:\/\/cometofinland.fi\/fi\/tuote\/moominpappa-wooden-postcard\/\" \/>\n<meta property=\"og:locale\" content=\"fi_FI\" \/>\n<meta property=\"og:type\" content=\"article\" \/>\n<meta property=\"og:title\" content=\"Muumipappa, puukortti - Come to Finland\" \/>\n<meta property=\"og:description\" content=\"Sanotaan, ett\u00e4 puu on Suomen vihre\u00e4\u00e4 kultaa. Siksi Tove Janssonin luomat klassiset Muumi-kuvitukset ovat saatavana my\u00f6s puisina postikortteina. Puukortit painetaan luonnollisesti Suomessa \u2013 suomalaiselle koivuvanerille. Ja mik\u00e4 parasta, voit postittaa ne aivan kuten tavallisetkin postikortit, kortin paksuus on 3 mm. Jokainen kortti on yksil\u00f6. Koska puu on luonnonmateriaali, v\u00e4reiss\u00e4 ja pinnoissa on pieni\u00e4 vivahde-eroja.\" \/>\n<meta property=\"og:url\" content=\"https:\/\/cometofinland.fi\/fi\/tuote\/moominpappa-wooden-postcard\/\" \/>\n<meta property=\"og:site_name\" content=\"Come to Finland\" \/>\n<meta property=\"article:publisher\" content=\"https:\/\/fi-fi.facebook.com\/cometofinland\/\" \/>\n<meta property=\"article:modified_time\" content=\"2025-06-01T10:48:17+00:00\" \/>\n<meta property=\"og:image\" content=\"https:\/\/cometofinland.fi\/wp-content\/uploads\/sites\/2\/2019\/02\/MU3.jpg\" \/>\n\t<meta property=\"og:image:width\" content=\"1\" \/>\n\t<meta property=\"og:image:height\" content=\"1\" \/>\n\t<meta property=\"og:image:type\" content=\"image\/jpeg\" \/>\n<meta name=\"twitter:card\" content=\"summary_large_image\" \/>\n<script type=\"application\/ld+json\" class=\"yoast-schema-graph\">{\"@context\":\"https:\\\/\\\/schema.org\",\"@graph\":[{\"@type\":\"WebPage\",\"@id\":\"https:\\\/\\\/cometofinland.fi\\\/fi\\\/tuote\\\/moominpappa-wooden-postcard\\\/\",\"url\":\"https:\\\/\\\/cometofinland.fi\\\/fi\\\/tuote\\\/moominpappa-wooden-postcard\\\/\",\"name\":\"Muumipappa, puukortti - Come to Finland\",\"isPartOf\":{\"@id\":\"https:\\\/\\\/cometofinland.fi\\\/fi\\\/#website\"},\"primaryImageOfPage\":{\"@id\":\"https:\\\/\\\/cometofinland.fi\\\/fi\\\/tuote\\\/moominpappa-wooden-postcard\\\/#primaryimage\"},\"image\":{\"@id\":\"https:\\\/\\\/cometofinland.fi\\\/fi\\\/tuote\\\/moominpappa-wooden-postcard\\\/#primaryimage\"},\"thumbnailUrl\":\"https:\\\/\\\/cometofinland.fi\\\/wp-content\\\/uploads\\\/sites\\\/2\\\/2019\\\/02\\\/MU3.jpg\",\"datePublished\":\"2019-02-21T09:51:54+00:00\",\"dateModified\":\"2025-06-01T10:48:17+00:00\",\"breadcrumb\":{\"@id\":\"https:\\\/\\\/cometofinland.fi\\\/fi\\\/tuote\\\/moominpappa-wooden-postcard\\\/#breadcrumb\"},\"inLanguage\":\"fi\",\"potentialAction\":[{\"@type\":\"ReadAction\",\"target\":[\"https:\\\/\\\/cometofinland.fi\\\/fi\\\/tuote\\\/moominpappa-wooden-postcard\\\/\"]}]},{\"@type\":\"ImageObject\",\"inLanguage\":\"fi\",\"@id\":\"https:\\\/\\\/cometofinland.fi\\\/fi\\\/tuote\\\/moominpappa-wooden-postcard\\\/#primaryimage\",\"url\":\"https:\\\/\\\/cometofinland.fi\\\/wp-content\\\/uploads\\\/sites\\\/2\\\/2019\\\/02\\\/MU3.jpg\",\"contentUrl\":\"https:\\\/\\\/cometofinland.fi\\\/wp-content\\\/uploads\\\/sites\\\/2\\\/2019\\\/02\\\/MU3.jpg\"},{\"@type\":\"BreadcrumbList\",\"@id\":\"https:\\\/\\\/cometofinland.fi\\\/fi\\\/tuote\\\/moominpappa-wooden-postcard\\\/#breadcrumb\",\"itemListElement\":[{\"@type\":\"ListItem\",\"position\":1,\"name\":\"Home\",\"item\":\"https:\\\/\\\/cometofinland.fi\\\/fi\\\/\"},{\"@type\":\"ListItem\",\"position\":2,\"name\":\"Kauppa\",\"item\":\"https:\\\/\\\/cometofinland.fi\\\/fi\\\/kauppa\\\/\"},{\"@type\":\"ListItem\",\"position\":3,\"name\":\"Muumipappa, puukortti\"}]},{\"@type\":\"WebSite\",\"@id\":\"https:\\\/\\\/cometofinland.fi\\\/fi\\\/#website\",\"url\":\"https:\\\/\\\/cometofinland.fi\\\/fi\\\/\",\"name\":\"Come to Finland\",\"description\":\"poster love from Finland\",\"publisher\":{\"@id\":\"https:\\\/\\\/cometofinland.fi\\\/fi\\\/#organization\"},\"potentialAction\":[{\"@type\":\"SearchAction\",\"target\":{\"@type\":\"EntryPoint\",\"urlTemplate\":\"https:\\\/\\\/cometofinland.fi\\\/fi\\\/?s={search_term_string}\"},\"query-input\":{\"@type\":\"PropertyValueSpecification\",\"valueRequired\":true,\"valueName\":\"search_term_string\"}}],\"inLanguage\":\"fi\"},{\"@type\":\"Organization\",\"@id\":\"https:\\\/\\\/cometofinland.fi\\\/fi\\\/#organization\",\"name\":\"Come to Finland\",\"url\":\"https:\\\/\\\/cometofinland.fi\\\/fi\\\/\",\"logo\":{\"@type\":\"ImageObject\",\"inLanguage\":\"fi\",\"@id\":\"https:\\\/\\\/cometofinland.fi\\\/fi\\\/#\\\/schema\\\/logo\\\/image\\\/\",\"url\":\"https:\\\/\\\/cometofinland.fi\\\/wp-content\\\/uploads\\\/2019\\\/03\\\/CTF_LOGO_Blue.svg\",\"contentUrl\":\"https:\\\/\\\/cometofinland.fi\\\/wp-content\\\/uploads\\\/2019\\\/03\\\/CTF_LOGO_Blue.svg\",\"width\":1,\"height\":1,\"caption\":\"Come to Finland\"},\"image\":{\"@id\":\"https:\\\/\\\/cometofinland.fi\\\/fi\\\/#\\\/schema\\\/logo\\\/image\\\/\"},\"sameAs\":[\"https:\\\/\\\/fi-fi.facebook.com\\\/cometofinland\\\/\",\"https:\\\/\\\/www.instagram.com\\\/cometofinland\\\/\"]}]}<\/script>\n<!-- \/ Yoast SEO plugin. -->","yoast_head_json":{"title":"Muumipappa, puukortti - Come to Finland","robots":{"index":"index","follow":"follow","max-snippet":"max-snippet:-1","max-image-preview":"max-image-preview:large","max-video-preview":"max-video-preview:-1"},"canonical":"https:\/\/cometofinland.fi\/fi\/tuote\/moominpappa-wooden-postcard\/","og_locale":"fi_FI","og_type":"article","og_title":"Muumipappa, puukortti - Come to Finland","og_description":"Sanotaan, ett\u00e4 puu on Suomen vihre\u00e4\u00e4 kultaa. Siksi Tove Janssonin luomat klassiset Muumi-kuvitukset ovat saatavana my\u00f6s puisina postikortteina. Puukortit painetaan luonnollisesti Suomessa \u2013 suomalaiselle koivuvanerille. Ja mik\u00e4 parasta, voit postittaa ne aivan kuten tavallisetkin postikortit, kortin paksuus on 3 mm. Jokainen kortti on yksil\u00f6. Koska puu on luonnonmateriaali, v\u00e4reiss\u00e4 ja pinnoissa on pieni\u00e4 vivahde-eroja.","og_url":"https:\/\/cometofinland.fi\/fi\/tuote\/moominpappa-wooden-postcard\/","og_site_name":"Come to Finland","article_publisher":"https:\/\/fi-fi.facebook.com\/cometofinland\/","article_modified_time":"2025-06-01T10:48:17+00:00","og_image":[{"url":"https:\/\/cometofinland.fi\/wp-content\/uploads\/sites\/2\/2019\/02\/MU3.jpg","width":1,"height":1,"type":"image\/jpeg"}],"twitter_card":"summary_large_image","schema":{"@context":"https:\/\/schema.org","@graph":[{"@type":"WebPage","@id":"https:\/\/cometofinland.fi\/fi\/tuote\/moominpappa-wooden-postcard\/","url":"https:\/\/cometofinland.fi\/fi\/tuote\/moominpappa-wooden-postcard\/","name":"Muumipappa, puukortti - Come to Finland","isPartOf":{"@id":"https:\/\/cometofinland.fi\/fi\/#website"},"primaryImageOfPage":{"@id":"https:\/\/cometofinland.fi\/fi\/tuote\/moominpappa-wooden-postcard\/#primaryimage"},"image":{"@id":"https:\/\/cometofinland.fi\/fi\/tuote\/moominpappa-wooden-postcard\/#primaryimage"},"thumbnailUrl":"https:\/\/cometofinland.fi\/wp-content\/uploads\/sites\/2\/2019\/02\/MU3.jpg","datePublished":"2019-02-21T09:51:54+00:00","dateModified":"2025-06-01T10:48:17+00:00","breadcrumb":{"@id":"https:\/\/cometofinland.fi\/fi\/tuote\/moominpappa-wooden-postcard\/#breadcrumb"},"inLanguage":"fi","potentialAction":[{"@type":"ReadAction","target":["https:\/\/cometofinland.fi\/fi\/tuote\/moominpappa-wooden-postcard\/"]}]},{"@type":"ImageObject","inLanguage":"fi","@id":"https:\/\/cometofinland.fi\/fi\/tuote\/moominpappa-wooden-postcard\/#primaryimage","url":"https:\/\/cometofinland.fi\/wp-content\/uploads\/sites\/2\/2019\/02\/MU3.jpg","contentUrl":"https:\/\/cometofinland.fi\/wp-content\/uploads\/sites\/2\/2019\/02\/MU3.jpg"},{"@type":"BreadcrumbList","@id":"https:\/\/cometofinland.fi\/fi\/tuote\/moominpappa-wooden-postcard\/#breadcrumb","itemListElement":[{"@type":"ListItem","position":1,"name":"Home","item":"https:\/\/cometofinland.fi\/fi\/"},{"@type":"ListItem","position":2,"name":"Kauppa","item":"https:\/\/cometofinland.fi\/fi\/kauppa\/"},{"@type":"ListItem","position":3,"name":"Muumipappa, puukortti"}]},{"@type":"WebSite","@id":"https:\/\/cometofinland.fi\/fi\/#website","url":"https:\/\/cometofinland.fi\/fi\/","name":"Come to Finland","description":"poster love from Finland","publisher":{"@id":"https:\/\/cometofinland.fi\/fi\/#organization"},"potentialAction":[{"@type":"SearchAction","target":{"@type":"EntryPoint","urlTemplate":"https:\/\/cometofinland.fi\/fi\/?s={search_term_string}"},"query-input":{"@type":"PropertyValueSpecification","valueRequired":true,"valueName":"search_term_string"}}],"inLanguage":"fi"},{"@type":"Organization","@id":"https:\/\/cometofinland.fi\/fi\/#organization","name":"Come to Finland","url":"https:\/\/cometofinland.fi\/fi\/","logo":{"@type":"ImageObject","inLanguage":"fi","@id":"https:\/\/cometofinland.fi\/fi\/#\/schema\/logo\/image\/","url":"https:\/\/cometofinland.fi\/wp-content\/uploads\/2019\/03\/CTF_LOGO_Blue.svg","contentUrl":"https:\/\/cometofinland.fi\/wp-content\/uploads\/2019\/03\/CTF_LOGO_Blue.svg","width":1,"height":1,"caption":"Come to Finland"},"image":{"@id":"https:\/\/cometofinland.fi\/fi\/#\/schema\/logo\/image\/"},"sameAs":["https:\/\/fi-fi.facebook.com\/cometofinland\/","https:\/\/www.instagram.com\/cometofinland\/"]}]}},"_links":{"self":[{"href":"https:\/\/cometofinland.fi\/fi\/wp-json\/wp\/v2\/product\/8080","targetHints":{"allow":["GET"]}}],"collection":[{"href":"https:\/\/cometofinland.fi\/fi\/wp-json\/wp\/v2\/product"}],"about":[{"href":"https:\/\/cometofinland.fi\/fi\/wp-json\/wp\/v2\/types\/product"}],"wp:featuredmedia":[{"embeddable":true,"href":"https:\/\/cometofinland.fi\/fi\/wp-json\/wp\/v2\/media\/8078"}],"wp:attachment":[{"href":"https:\/\/cometofinland.fi\/fi\/wp-json\/wp\/v2\/media?parent=8080"}],"wp:term":[{"taxonomy":"product_brand","embeddable":true,"href":"https:\/\/cometofinland.fi\/fi\/wp-json\/wp\/v2\/product_brand?post=8080"},{"taxonomy":"product_cat","embeddable":true,"href":"https:\/\/cometofinland.fi\/fi\/wp-json\/wp\/v2\/product_cat?post=8080"},{"taxonomy":"product_tag","embeddable":true,"href":"https:\/\/cometofinland.fi\/fi\/wp-json\/wp\/v2\/product_tag?post=8080"}],"curies":[{"name":"wp","href":"https:\/\/api.w.org\/{rel}","templated":true}]}}