{"id":8188,"date":"2019-02-21T11:52:45","date_gmt":"2019-02-21T09:52:45","guid":{"rendered":"https:\/\/cometofinland.fi\/product\/moominmamma-wooden-postcard\/"},"modified":"2020-03-17T10:46:17","modified_gmt":"2020-03-17T08:46:17","slug":"moominmamma-wooden-postcard","status":"publish","type":"product","link":"https:\/\/cometofinland.fi\/fi\/tuote\/moominmamma-wooden-postcard\/","title":{"rendered":"Muumimamma, puukortti"},"content":{"rendered":"<p>Kortit, jotka tuoksuvatkin Suomelta!<br \/>\nPuu on Suomen vihre\u00e4\u00e4 kultaa ja siksi korteistamme on saatavilla my\u00f6s puiset versiot. Puukortit painetaan luonnollisesti Suomessa suomalaiselle koivuvanerille. Ja mik\u00e4 parasta, puukortit voi postittaa kuten tavalliset postikortit. Paksuus: 3 mm.<\/p>\n","protected":false},"excerpt":{"rendered":"<p>Kortit, jotka tuoksuvatkin Suomelta! Puu on Suomen vihre\u00e4\u00e4 kultaa ja siksi korteistamme on saatavilla my\u00f6s puiset versiot. Puukortit painetaan luonnollisesti Suomessa suomalaiselle koivuvanerille. Ja mik\u00e4 parasta, puukortit voi postittaa kuten tavalliset postikortit. Paksuus: 3 mm.<\/p>\n","protected":false},"featured_media":8186,"template":"","meta":{"_acf_changed":false},"product_brand":[],"product_cat":[562,575],"product_tag":[],"class_list":{"0":"post-8188","1":"product","2":"type-product","3":"status-publish","4":"has-post-thumbnail","6":"product_cat-muumi-puiset-kortit","7":"product_cat-sync-fi","9":"first","10":"instock","11":"taxable","12":"shipping-taxable","13":"purchasable","14":"product-type-simple"},"acf":[],"yoast_head":"<!-- This site is optimized with the Yoast SEO plugin v27.5 - https:\/\/yoast.com\/product\/yoast-seo-wordpress\/ -->\n<title>Muumimamma, puukortti - Come to Finland<\/title>\n<meta name=\"robots\" content=\"index, follow, max-snippet:-1, max-image-preview:large, max-video-preview:-1\" \/>\n<link rel=\"canonical\" href=\"https:\/\/cometofinland.fi\/fi\/tuote\/moominmamma-wooden-postcard\/\" \/>\n<meta property=\"og:locale\" content=\"fi_FI\" \/>\n<meta property=\"og:type\" content=\"article\" \/>\n<meta property=\"og:title\" content=\"Muumimamma, puukortti - Come to Finland\" \/>\n<meta property=\"og:description\" content=\"Kortit, jotka tuoksuvatkin Suomelta! Puu on Suomen vihre\u00e4\u00e4 kultaa ja siksi korteistamme on saatavilla my\u00f6s puiset versiot. Puukortit painetaan luonnollisesti Suomessa suomalaiselle koivuvanerille. Ja mik\u00e4 parasta, puukortit voi postittaa kuten tavalliset postikortit. Paksuus: 3 mm.\" \/>\n<meta property=\"og:url\" content=\"https:\/\/cometofinland.fi\/fi\/tuote\/moominmamma-wooden-postcard\/\" \/>\n<meta property=\"og:site_name\" content=\"Come to Finland\" \/>\n<meta property=\"article:publisher\" content=\"https:\/\/fi-fi.facebook.com\/cometofinland\/\" \/>\n<meta property=\"article:modified_time\" content=\"2020-03-17T08:46:17+00:00\" \/>\n<meta property=\"og:image\" content=\"https:\/\/cometofinland.fi\/wp-content\/uploads\/sites\/2\/2019\/02\/MU2.jpg\" \/>\n\t<meta property=\"og:image:width\" content=\"1\" \/>\n\t<meta property=\"og:image:height\" content=\"1\" \/>\n\t<meta property=\"og:image:type\" content=\"image\/jpeg\" \/>\n<meta name=\"twitter:card\" content=\"summary_large_image\" \/>\n<script type=\"application\/ld+json\" class=\"yoast-schema-graph\">{\"@context\":\"https:\\\/\\\/schema.org\",\"@graph\":[{\"@type\":\"WebPage\",\"@id\":\"https:\\\/\\\/cometofinland.fi\\\/fi\\\/tuote\\\/moominmamma-wooden-postcard\\\/\",\"url\":\"https:\\\/\\\/cometofinland.fi\\\/fi\\\/tuote\\\/moominmamma-wooden-postcard\\\/\",\"name\":\"Muumimamma, puukortti - Come to Finland\",\"isPartOf\":{\"@id\":\"https:\\\/\\\/cometofinland.fi\\\/fi\\\/#website\"},\"primaryImageOfPage\":{\"@id\":\"https:\\\/\\\/cometofinland.fi\\\/fi\\\/tuote\\\/moominmamma-wooden-postcard\\\/#primaryimage\"},\"image\":{\"@id\":\"https:\\\/\\\/cometofinland.fi\\\/fi\\\/tuote\\\/moominmamma-wooden-postcard\\\/#primaryimage\"},\"thumbnailUrl\":\"https:\\\/\\\/cometofinland.fi\\\/wp-content\\\/uploads\\\/sites\\\/2\\\/2019\\\/02\\\/MU2.jpg\",\"datePublished\":\"2019-02-21T09:52:45+00:00\",\"dateModified\":\"2020-03-17T08:46:17+00:00\",\"breadcrumb\":{\"@id\":\"https:\\\/\\\/cometofinland.fi\\\/fi\\\/tuote\\\/moominmamma-wooden-postcard\\\/#breadcrumb\"},\"inLanguage\":\"fi\",\"potentialAction\":[{\"@type\":\"ReadAction\",\"target\":[\"https:\\\/\\\/cometofinland.fi\\\/fi\\\/tuote\\\/moominmamma-wooden-postcard\\\/\"]}]},{\"@type\":\"ImageObject\",\"inLanguage\":\"fi\",\"@id\":\"https:\\\/\\\/cometofinland.fi\\\/fi\\\/tuote\\\/moominmamma-wooden-postcard\\\/#primaryimage\",\"url\":\"https:\\\/\\\/cometofinland.fi\\\/wp-content\\\/uploads\\\/sites\\\/2\\\/2019\\\/02\\\/MU2.jpg\",\"contentUrl\":\"https:\\\/\\\/cometofinland.fi\\\/wp-content\\\/uploads\\\/sites\\\/2\\\/2019\\\/02\\\/MU2.jpg\"},{\"@type\":\"BreadcrumbList\",\"@id\":\"https:\\\/\\\/cometofinland.fi\\\/fi\\\/tuote\\\/moominmamma-wooden-postcard\\\/#breadcrumb\",\"itemListElement\":[{\"@type\":\"ListItem\",\"position\":1,\"name\":\"Home\",\"item\":\"https:\\\/\\\/cometofinland.fi\\\/fi\\\/\"},{\"@type\":\"ListItem\",\"position\":2,\"name\":\"Kauppa\",\"item\":\"https:\\\/\\\/cometofinland.fi\\\/fi\\\/kauppa\\\/\"},{\"@type\":\"ListItem\",\"position\":3,\"name\":\"Muumimamma, puukortti\"}]},{\"@type\":\"WebSite\",\"@id\":\"https:\\\/\\\/cometofinland.fi\\\/fi\\\/#website\",\"url\":\"https:\\\/\\\/cometofinland.fi\\\/fi\\\/\",\"name\":\"Come to Finland\",\"description\":\"poster love from Finland\",\"publisher\":{\"@id\":\"https:\\\/\\\/cometofinland.fi\\\/fi\\\/#organization\"},\"potentialAction\":[{\"@type\":\"SearchAction\",\"target\":{\"@type\":\"EntryPoint\",\"urlTemplate\":\"https:\\\/\\\/cometofinland.fi\\\/fi\\\/?s={search_term_string}\"},\"query-input\":{\"@type\":\"PropertyValueSpecification\",\"valueRequired\":true,\"valueName\":\"search_term_string\"}}],\"inLanguage\":\"fi\"},{\"@type\":\"Organization\",\"@id\":\"https:\\\/\\\/cometofinland.fi\\\/fi\\\/#organization\",\"name\":\"Come to Finland\",\"url\":\"https:\\\/\\\/cometofinland.fi\\\/fi\\\/\",\"logo\":{\"@type\":\"ImageObject\",\"inLanguage\":\"fi\",\"@id\":\"https:\\\/\\\/cometofinland.fi\\\/fi\\\/#\\\/schema\\\/logo\\\/image\\\/\",\"url\":\"https:\\\/\\\/cometofinland.fi\\\/wp-content\\\/uploads\\\/2019\\\/03\\\/CTF_LOGO_Blue.svg\",\"contentUrl\":\"https:\\\/\\\/cometofinland.fi\\\/wp-content\\\/uploads\\\/2019\\\/03\\\/CTF_LOGO_Blue.svg\",\"width\":1,\"height\":1,\"caption\":\"Come to Finland\"},\"image\":{\"@id\":\"https:\\\/\\\/cometofinland.fi\\\/fi\\\/#\\\/schema\\\/logo\\\/image\\\/\"},\"sameAs\":[\"https:\\\/\\\/fi-fi.facebook.com\\\/cometofinland\\\/\",\"https:\\\/\\\/www.instagram.com\\\/cometofinland\\\/\"]}]}<\/script>\n<!-- \/ Yoast SEO plugin. -->","yoast_head_json":{"title":"Muumimamma, puukortti - Come to Finland","robots":{"index":"index","follow":"follow","max-snippet":"max-snippet:-1","max-image-preview":"max-image-preview:large","max-video-preview":"max-video-preview:-1"},"canonical":"https:\/\/cometofinland.fi\/fi\/tuote\/moominmamma-wooden-postcard\/","og_locale":"fi_FI","og_type":"article","og_title":"Muumimamma, puukortti - Come to Finland","og_description":"Kortit, jotka tuoksuvatkin Suomelta! Puu on Suomen vihre\u00e4\u00e4 kultaa ja siksi korteistamme on saatavilla my\u00f6s puiset versiot. Puukortit painetaan luonnollisesti Suomessa suomalaiselle koivuvanerille. Ja mik\u00e4 parasta, puukortit voi postittaa kuten tavalliset postikortit. Paksuus: 3 mm.","og_url":"https:\/\/cometofinland.fi\/fi\/tuote\/moominmamma-wooden-postcard\/","og_site_name":"Come to Finland","article_publisher":"https:\/\/fi-fi.facebook.com\/cometofinland\/","article_modified_time":"2020-03-17T08:46:17+00:00","og_image":[{"url":"https:\/\/cometofinland.fi\/wp-content\/uploads\/sites\/2\/2019\/02\/MU2.jpg","width":1,"height":1,"type":"image\/jpeg"}],"twitter_card":"summary_large_image","schema":{"@context":"https:\/\/schema.org","@graph":[{"@type":"WebPage","@id":"https:\/\/cometofinland.fi\/fi\/tuote\/moominmamma-wooden-postcard\/","url":"https:\/\/cometofinland.fi\/fi\/tuote\/moominmamma-wooden-postcard\/","name":"Muumimamma, puukortti - Come to Finland","isPartOf":{"@id":"https:\/\/cometofinland.fi\/fi\/#website"},"primaryImageOfPage":{"@id":"https:\/\/cometofinland.fi\/fi\/tuote\/moominmamma-wooden-postcard\/#primaryimage"},"image":{"@id":"https:\/\/cometofinland.fi\/fi\/tuote\/moominmamma-wooden-postcard\/#primaryimage"},"thumbnailUrl":"https:\/\/cometofinland.fi\/wp-content\/uploads\/sites\/2\/2019\/02\/MU2.jpg","datePublished":"2019-02-21T09:52:45+00:00","dateModified":"2020-03-17T08:46:17+00:00","breadcrumb":{"@id":"https:\/\/cometofinland.fi\/fi\/tuote\/moominmamma-wooden-postcard\/#breadcrumb"},"inLanguage":"fi","potentialAction":[{"@type":"ReadAction","target":["https:\/\/cometofinland.fi\/fi\/tuote\/moominmamma-wooden-postcard\/"]}]},{"@type":"ImageObject","inLanguage":"fi","@id":"https:\/\/cometofinland.fi\/fi\/tuote\/moominmamma-wooden-postcard\/#primaryimage","url":"https:\/\/cometofinland.fi\/wp-content\/uploads\/sites\/2\/2019\/02\/MU2.jpg","contentUrl":"https:\/\/cometofinland.fi\/wp-content\/uploads\/sites\/2\/2019\/02\/MU2.jpg"},{"@type":"BreadcrumbList","@id":"https:\/\/cometofinland.fi\/fi\/tuote\/moominmamma-wooden-postcard\/#breadcrumb","itemListElement":[{"@type":"ListItem","position":1,"name":"Home","item":"https:\/\/cometofinland.fi\/fi\/"},{"@type":"ListItem","position":2,"name":"Kauppa","item":"https:\/\/cometofinland.fi\/fi\/kauppa\/"},{"@type":"ListItem","position":3,"name":"Muumimamma, puukortti"}]},{"@type":"WebSite","@id":"https:\/\/cometofinland.fi\/fi\/#website","url":"https:\/\/cometofinland.fi\/fi\/","name":"Come to Finland","description":"poster love from Finland","publisher":{"@id":"https:\/\/cometofinland.fi\/fi\/#organization"},"potentialAction":[{"@type":"SearchAction","target":{"@type":"EntryPoint","urlTemplate":"https:\/\/cometofinland.fi\/fi\/?s={search_term_string}"},"query-input":{"@type":"PropertyValueSpecification","valueRequired":true,"valueName":"search_term_string"}}],"inLanguage":"fi"},{"@type":"Organization","@id":"https:\/\/cometofinland.fi\/fi\/#organization","name":"Come to Finland","url":"https:\/\/cometofinland.fi\/fi\/","logo":{"@type":"ImageObject","inLanguage":"fi","@id":"https:\/\/cometofinland.fi\/fi\/#\/schema\/logo\/image\/","url":"https:\/\/cometofinland.fi\/wp-content\/uploads\/2019\/03\/CTF_LOGO_Blue.svg","contentUrl":"https:\/\/cometofinland.fi\/wp-content\/uploads\/2019\/03\/CTF_LOGO_Blue.svg","width":1,"height":1,"caption":"Come to Finland"},"image":{"@id":"https:\/\/cometofinland.fi\/fi\/#\/schema\/logo\/image\/"},"sameAs":["https:\/\/fi-fi.facebook.com\/cometofinland\/","https:\/\/www.instagram.com\/cometofinland\/"]}]}},"_links":{"self":[{"href":"https:\/\/cometofinland.fi\/fi\/wp-json\/wp\/v2\/product\/8188","targetHints":{"allow":["GET"]}}],"collection":[{"href":"https:\/\/cometofinland.fi\/fi\/wp-json\/wp\/v2\/product"}],"about":[{"href":"https:\/\/cometofinland.fi\/fi\/wp-json\/wp\/v2\/types\/product"}],"wp:featuredmedia":[{"embeddable":true,"href":"https:\/\/cometofinland.fi\/fi\/wp-json\/wp\/v2\/media\/8186"}],"wp:attachment":[{"href":"https:\/\/cometofinland.fi\/fi\/wp-json\/wp\/v2\/media?parent=8188"}],"wp:term":[{"taxonomy":"product_brand","embeddable":true,"href":"https:\/\/cometofinland.fi\/fi\/wp-json\/wp\/v2\/product_brand?post=8188"},{"taxonomy":"product_cat","embeddable":true,"href":"https:\/\/cometofinland.fi\/fi\/wp-json\/wp\/v2\/product_cat?post=8188"},{"taxonomy":"product_tag","embeddable":true,"href":"https:\/\/cometofinland.fi\/fi\/wp-json\/wp\/v2\/product_tag?post=8188"}],"curies":[{"name":"wp","href":"https:\/\/api.w.org\/{rel}","templated":true}]}}