{"id":11412,"date":"2019-04-01T10:27:52","date_gmt":"2019-04-01T07:27:52","guid":{"rendered":"https:\/\/cometofinland.fi\/?page_id=11412"},"modified":"2021-06-02T20:36:00","modified_gmt":"2021-06-02T17:36:00","slug":"produktkatalogen-2019","status":"publish","type":"page","link":"https:\/\/cometofinland.fi\/sv\/produktkatalogen-2019\/","title":{"rendered":"Produktkatalogen"},"content":{"rendered":"<div id=\"ypembedcontainer\" class=\"embed-container\" data-page-width=\"452\" data-page-height=\"640\">\n<div id=\"attachment_15172\" style=\"width: 510px\" class=\"wp-caption alignleft\"><a href=\"https:\/\/issuu.com\/sektorn_press\/docs\/ctf_produktbroschyr_2020_a4_20191218_highres\" target=\"_blank\" rel=\"noopener noreferrer\"><img loading=\"lazy\" decoding=\"async\" aria-describedby=\"caption-attachment-15172\" class=\"wp-image-15172\" src=\"https:\/\/cometofinland.fi\/wp-content\/uploads\/2020\/01\/produktkatalog2020-first-page-213x300.jpeg\" alt=\"\" width=\"500\" height=\"704\" srcset=\"https:\/\/cometofinland.fi\/wp-content\/uploads\/2020\/01\/produktkatalog2020-first-page-213x300.jpeg 213w, https:\/\/cometofinland.fi\/wp-content\/uploads\/2020\/01\/produktkatalog2020-first-page-727x1024.jpeg 727w, https:\/\/cometofinland.fi\/wp-content\/uploads\/2020\/01\/produktkatalog2020-first-page-768x1082.jpeg 768w, https:\/\/cometofinland.fi\/wp-content\/uploads\/2020\/01\/produktkatalog2020-first-page-250x352.jpeg 250w, https:\/\/cometofinland.fi\/wp-content\/uploads\/2020\/01\/produktkatalog2020-first-page-600x845.jpeg 600w, https:\/\/cometofinland.fi\/wp-content\/uploads\/2020\/01\/produktkatalog2020-first-page.jpeg 1008w\" sizes=\"auto, (max-width: 500px) 100vw, 500px\" \/><\/a><p id=\"caption-attachment-15172\" class=\"wp-caption-text\">Klicka p\u00e5 bilden f\u00f6r att komma till v\u00e5r produktkatalog f\u00f6r \u00e5r 2020<\/p><\/div>\n<p>&nbsp;<\/p>\n<\/div>\n<div data-page-width=\"452\" data-page-height=\"640\"><\/div>\n<div data-page-width=\"452\" data-page-height=\"640\"><\/div>\n","protected":false},"excerpt":{"rendered":"<p>&nbsp;<\/p>\n","protected":false},"author":12,"featured_media":0,"parent":0,"menu_order":4,"comment_status":"closed","ping_status":"closed","template":"","meta":{"_acf_changed":false,"footnotes":""},"class_list":["post-11412","page","type-page","status-publish","hentry"],"acf":[],"yoast_head":"<!-- This site is optimized with the Yoast SEO plugin v27.3 - https:\/\/yoast.com\/product\/yoast-seo-wordpress\/ -->\n<title>Produktkatalogen - Come to Finland<\/title>\n<meta name=\"robots\" content=\"index, follow, max-snippet:-1, max-image-preview:large, max-video-preview:-1\" \/>\n<link rel=\"canonical\" href=\"https:\/\/cometofinland.fi\/sv\/produktkatalogen-2019\/\" \/>\n<meta property=\"og:locale\" content=\"sv_SE\" \/>\n<meta property=\"og:type\" content=\"article\" \/>\n<meta property=\"og:title\" content=\"Produktkatalogen - Come to Finland\" \/>\n<meta property=\"og:description\" content=\"&nbsp;\" \/>\n<meta property=\"og:url\" content=\"https:\/\/cometofinland.fi\/sv\/produktkatalogen-2019\/\" \/>\n<meta property=\"og:site_name\" content=\"Come to Finland\" \/>\n<meta property=\"article:publisher\" content=\"https:\/\/fi-fi.facebook.com\/cometofinland\/\" \/>\n<meta property=\"article:modified_time\" content=\"2021-06-02T17:36:00+00:00\" \/>\n<meta property=\"og:image\" content=\"https:\/\/cometofinland.fi\/wp-content\/uploads\/2020\/01\/produktkatalog2020-first-page-213x300.jpeg\" \/>\n<meta name=\"twitter:card\" content=\"summary_large_image\" \/>\n<script type=\"application\/ld+json\" class=\"yoast-schema-graph\">{\"@context\":\"https:\\\/\\\/schema.org\",\"@graph\":[{\"@type\":\"WebPage\",\"@id\":\"https:\\\/\\\/cometofinland.fi\\\/sv\\\/produktkatalogen-2019\\\/\",\"url\":\"https:\\\/\\\/cometofinland.fi\\\/sv\\\/produktkatalogen-2019\\\/\",\"name\":\"Produktkatalogen - Come to Finland\",\"isPartOf\":{\"@id\":\"https:\\\/\\\/cometofinland.fi\\\/sv\\\/#website\"},\"primaryImageOfPage\":{\"@id\":\"https:\\\/\\\/cometofinland.fi\\\/sv\\\/produktkatalogen-2019\\\/#primaryimage\"},\"image\":{\"@id\":\"https:\\\/\\\/cometofinland.fi\\\/sv\\\/produktkatalogen-2019\\\/#primaryimage\"},\"thumbnailUrl\":\"https:\\\/\\\/cometofinland.fi\\\/wp-content\\\/uploads\\\/2020\\\/01\\\/produktkatalog2020-first-page-213x300.jpeg\",\"datePublished\":\"2019-04-01T07:27:52+00:00\",\"dateModified\":\"2021-06-02T17:36:00+00:00\",\"breadcrumb\":{\"@id\":\"https:\\\/\\\/cometofinland.fi\\\/sv\\\/produktkatalogen-2019\\\/#breadcrumb\"},\"inLanguage\":\"sv-SE\",\"potentialAction\":[{\"@type\":\"ReadAction\",\"target\":[\"https:\\\/\\\/cometofinland.fi\\\/sv\\\/produktkatalogen-2019\\\/\"]}]},{\"@type\":\"ImageObject\",\"inLanguage\":\"sv-SE\",\"@id\":\"https:\\\/\\\/cometofinland.fi\\\/sv\\\/produktkatalogen-2019\\\/#primaryimage\",\"url\":\"https:\\\/\\\/cometofinland.fi\\\/wp-content\\\/uploads\\\/2020\\\/01\\\/produktkatalog2020-first-page-213x300.jpeg\",\"contentUrl\":\"https:\\\/\\\/cometofinland.fi\\\/wp-content\\\/uploads\\\/2020\\\/01\\\/produktkatalog2020-first-page-213x300.jpeg\"},{\"@type\":\"BreadcrumbList\",\"@id\":\"https:\\\/\\\/cometofinland.fi\\\/sv\\\/produktkatalogen-2019\\\/#breadcrumb\",\"itemListElement\":[{\"@type\":\"ListItem\",\"position\":1,\"name\":\"Home\",\"item\":\"https:\\\/\\\/cometofinland.fi\\\/sv\\\/\"},{\"@type\":\"ListItem\",\"position\":2,\"name\":\"Produktkatalogen\"}]},{\"@type\":\"WebSite\",\"@id\":\"https:\\\/\\\/cometofinland.fi\\\/sv\\\/#website\",\"url\":\"https:\\\/\\\/cometofinland.fi\\\/sv\\\/\",\"name\":\"Come to Finland\",\"description\":\"Poster love from Finland! We bring new life to vintage travel posters, and also create new images from Finland!\",\"publisher\":{\"@id\":\"https:\\\/\\\/cometofinland.fi\\\/sv\\\/#organization\"},\"potentialAction\":[{\"@type\":\"SearchAction\",\"target\":{\"@type\":\"EntryPoint\",\"urlTemplate\":\"https:\\\/\\\/cometofinland.fi\\\/sv\\\/?s={search_term_string}\"},\"query-input\":{\"@type\":\"PropertyValueSpecification\",\"valueRequired\":true,\"valueName\":\"search_term_string\"}}],\"inLanguage\":\"sv-SE\"},{\"@type\":\"Organization\",\"@id\":\"https:\\\/\\\/cometofinland.fi\\\/sv\\\/#organization\",\"name\":\"Come to Finland\",\"url\":\"https:\\\/\\\/cometofinland.fi\\\/sv\\\/\",\"logo\":{\"@type\":\"ImageObject\",\"inLanguage\":\"sv-SE\",\"@id\":\"https:\\\/\\\/cometofinland.fi\\\/sv\\\/#\\\/schema\\\/logo\\\/image\\\/\",\"url\":\"https:\\\/\\\/cometofinland.fi\\\/wp-content\\\/uploads\\\/2019\\\/03\\\/CTF_LOGO_Blue.svg\",\"contentUrl\":\"https:\\\/\\\/cometofinland.fi\\\/wp-content\\\/uploads\\\/2019\\\/03\\\/CTF_LOGO_Blue.svg\",\"width\":1,\"height\":1,\"caption\":\"Come to Finland\"},\"image\":{\"@id\":\"https:\\\/\\\/cometofinland.fi\\\/sv\\\/#\\\/schema\\\/logo\\\/image\\\/\"},\"sameAs\":[\"https:\\\/\\\/fi-fi.facebook.com\\\/cometofinland\\\/\",\"https:\\\/\\\/www.instagram.com\\\/cometofinland\\\/\"]}]}<\/script>\n<!-- \/ Yoast SEO plugin. -->","yoast_head_json":{"title":"Produktkatalogen - Come to Finland","robots":{"index":"index","follow":"follow","max-snippet":"max-snippet:-1","max-image-preview":"max-image-preview:large","max-video-preview":"max-video-preview:-1"},"canonical":"https:\/\/cometofinland.fi\/sv\/produktkatalogen-2019\/","og_locale":"sv_SE","og_type":"article","og_title":"Produktkatalogen - Come to Finland","og_description":"&nbsp;","og_url":"https:\/\/cometofinland.fi\/sv\/produktkatalogen-2019\/","og_site_name":"Come to Finland","article_publisher":"https:\/\/fi-fi.facebook.com\/cometofinland\/","article_modified_time":"2021-06-02T17:36:00+00:00","og_image":[{"url":"https:\/\/cometofinland.fi\/wp-content\/uploads\/2020\/01\/produktkatalog2020-first-page-213x300.jpeg","type":"","width":"","height":""}],"twitter_card":"summary_large_image","schema":{"@context":"https:\/\/schema.org","@graph":[{"@type":"WebPage","@id":"https:\/\/cometofinland.fi\/sv\/produktkatalogen-2019\/","url":"https:\/\/cometofinland.fi\/sv\/produktkatalogen-2019\/","name":"Produktkatalogen - Come to Finland","isPartOf":{"@id":"https:\/\/cometofinland.fi\/sv\/#website"},"primaryImageOfPage":{"@id":"https:\/\/cometofinland.fi\/sv\/produktkatalogen-2019\/#primaryimage"},"image":{"@id":"https:\/\/cometofinland.fi\/sv\/produktkatalogen-2019\/#primaryimage"},"thumbnailUrl":"https:\/\/cometofinland.fi\/wp-content\/uploads\/2020\/01\/produktkatalog2020-first-page-213x300.jpeg","datePublished":"2019-04-01T07:27:52+00:00","dateModified":"2021-06-02T17:36:00+00:00","breadcrumb":{"@id":"https:\/\/cometofinland.fi\/sv\/produktkatalogen-2019\/#breadcrumb"},"inLanguage":"sv-SE","potentialAction":[{"@type":"ReadAction","target":["https:\/\/cometofinland.fi\/sv\/produktkatalogen-2019\/"]}]},{"@type":"ImageObject","inLanguage":"sv-SE","@id":"https:\/\/cometofinland.fi\/sv\/produktkatalogen-2019\/#primaryimage","url":"https:\/\/cometofinland.fi\/wp-content\/uploads\/2020\/01\/produktkatalog2020-first-page-213x300.jpeg","contentUrl":"https:\/\/cometofinland.fi\/wp-content\/uploads\/2020\/01\/produktkatalog2020-first-page-213x300.jpeg"},{"@type":"BreadcrumbList","@id":"https:\/\/cometofinland.fi\/sv\/produktkatalogen-2019\/#breadcrumb","itemListElement":[{"@type":"ListItem","position":1,"name":"Home","item":"https:\/\/cometofinland.fi\/sv\/"},{"@type":"ListItem","position":2,"name":"Produktkatalogen"}]},{"@type":"WebSite","@id":"https:\/\/cometofinland.fi\/sv\/#website","url":"https:\/\/cometofinland.fi\/sv\/","name":"Come to Finland","description":"Poster love from Finland! We bring new life to vintage travel posters, and also create new images from Finland!","publisher":{"@id":"https:\/\/cometofinland.fi\/sv\/#organization"},"potentialAction":[{"@type":"SearchAction","target":{"@type":"EntryPoint","urlTemplate":"https:\/\/cometofinland.fi\/sv\/?s={search_term_string}"},"query-input":{"@type":"PropertyValueSpecification","valueRequired":true,"valueName":"search_term_string"}}],"inLanguage":"sv-SE"},{"@type":"Organization","@id":"https:\/\/cometofinland.fi\/sv\/#organization","name":"Come to Finland","url":"https:\/\/cometofinland.fi\/sv\/","logo":{"@type":"ImageObject","inLanguage":"sv-SE","@id":"https:\/\/cometofinland.fi\/sv\/#\/schema\/logo\/image\/","url":"https:\/\/cometofinland.fi\/wp-content\/uploads\/2019\/03\/CTF_LOGO_Blue.svg","contentUrl":"https:\/\/cometofinland.fi\/wp-content\/uploads\/2019\/03\/CTF_LOGO_Blue.svg","width":1,"height":1,"caption":"Come to Finland"},"image":{"@id":"https:\/\/cometofinland.fi\/sv\/#\/schema\/logo\/image\/"},"sameAs":["https:\/\/fi-fi.facebook.com\/cometofinland\/","https:\/\/www.instagram.com\/cometofinland\/"]}]}},"_links":{"self":[{"href":"https:\/\/cometofinland.fi\/sv\/wp-json\/wp\/v2\/pages\/11412","targetHints":{"allow":["GET"]}}],"collection":[{"href":"https:\/\/cometofinland.fi\/sv\/wp-json\/wp\/v2\/pages"}],"about":[{"href":"https:\/\/cometofinland.fi\/sv\/wp-json\/wp\/v2\/types\/page"}],"author":[{"embeddable":true,"href":"https:\/\/cometofinland.fi\/sv\/wp-json\/wp\/v2\/users\/12"}],"replies":[{"embeddable":true,"href":"https:\/\/cometofinland.fi\/sv\/wp-json\/wp\/v2\/comments?post=11412"}],"version-history":[{"count":14,"href":"https:\/\/cometofinland.fi\/sv\/wp-json\/wp\/v2\/pages\/11412\/revisions"}],"predecessor-version":[{"id":20479,"href":"https:\/\/cometofinland.fi\/sv\/wp-json\/wp\/v2\/pages\/11412\/revisions\/20479"}],"wp:attachment":[{"href":"https:\/\/cometofinland.fi\/sv\/wp-json\/wp\/v2\/media?parent=11412"}],"curies":[{"name":"wp","href":"https:\/\/api.w.org\/{rel}","templated":true}]}}