{"id":17,"date":"2018-11-01T14:51:18","date_gmt":"2018-11-01T12:51:18","guid":{"rendered":"https:\/\/cometofinland.fi\/mitt-konto\/"},"modified":"2026-02-28T09:10:50","modified_gmt":"2026-02-28T07:10:50","slug":"partihandel","status":"publish","type":"page","link":"https:\/\/cometofinland.fi\/sv\/partihandel\/","title":{"rendered":"\u00c5terf\u00f6rs\u00e4ljare"},"content":{"rendered":"<p>B\u00e4sta \u00e5terf\u00f6rs\u00e4ljare!<\/p>\n<p><a href=\"https:\/\/shop.anglo.fi\/fi\/brandi\/come-to-finland\/\" target=\"_blank\" rel=\"noopener noreferrer\">Anglo-Nordic<\/a> sk\u00f6ter om v\u00e5r f\u00f6rs\u00e4ljning till \u00e5terf\u00f6rs\u00e4ljare inom Finland. Kontakta <a href=\"mailto:myynti@anglo.fi\">myynti@anglo.fi<\/a> f\u00f6r n\u00e4rmare instruktioner.<\/p>\n<p>Om din butik \u00e4r bel\u00e4gen <strong>utanf\u00f6r Finland<\/strong> ber vi att du kontaktar <a href=\"mailto:posters@cometofinland.fi\">posters@cometofinland.fi<\/a> s\u00e5 f\u00e5r du login till v\u00e5r shop med \u00e5terf\u00f6rs\u00e4ljarpriser. Vi ser fram emot v\u00e5rt samarbete!<br \/>\nEller shoppa som \u00e5terf\u00f6rs\u00e4ljare via <a href=\"https:\/\/cometofinland.faire.com\">Faire<\/a> och f\u00e5 gratis frakt i ett \u00e5r.<\/p>\n","protected":false},"excerpt":{"rendered":"<p>B\u00e4sta \u00e5terf\u00f6rs\u00e4ljare! Anglo-Nordic sk\u00f6ter om v\u00e5r f\u00f6rs\u00e4ljning till \u00e5terf\u00f6rs\u00e4ljare inom Finland. Kontakta myynti@anglo.fi f\u00f6r n\u00e4rmare instruktioner. Om din butik \u00e4r bel\u00e4gen utanf\u00f6r Finland ber vi att du kontaktar posters@cometofinland.fi s\u00e5 f\u00e5r du login till v\u00e5r shop med \u00e5terf\u00f6rs\u00e4ljarpriser. Vi ser fram emot v\u00e5rt samarbete! Eller shoppa som \u00e5terf\u00f6rs\u00e4ljare via Faire och f\u00e5 gratis frakt i [&hellip;]<\/p>\n","protected":false},"author":1,"featured_media":0,"parent":0,"menu_order":0,"comment_status":"closed","ping_status":"closed","template":"","meta":{"_acf_changed":false,"footnotes":""},"class_list":["post-17","page","type-page","status-publish","hentry"],"acf":[],"yoast_head":"<!-- This site is optimized with the Yoast SEO plugin v27.3 - https:\/\/yoast.com\/product\/yoast-seo-wordpress\/ -->\n<title>\u00c5terf\u00f6rs\u00e4ljare - Come to Finland<\/title>\n<meta name=\"robots\" content=\"index, follow, max-snippet:-1, max-image-preview:large, max-video-preview:-1\" \/>\n<link rel=\"canonical\" href=\"https:\/\/cometofinland.fi\/sv\/partihandel\/\" \/>\n<meta property=\"og:locale\" content=\"sv_SE\" \/>\n<meta property=\"og:type\" content=\"article\" \/>\n<meta property=\"og:title\" content=\"\u00c5terf\u00f6rs\u00e4ljare - Come to Finland\" \/>\n<meta property=\"og:description\" content=\"B\u00e4sta \u00e5terf\u00f6rs\u00e4ljare! Anglo-Nordic sk\u00f6ter om v\u00e5r f\u00f6rs\u00e4ljning till \u00e5terf\u00f6rs\u00e4ljare inom Finland. Kontakta myynti@anglo.fi f\u00f6r n\u00e4rmare instruktioner. Om din butik \u00e4r bel\u00e4gen utanf\u00f6r Finland ber vi att du kontaktar posters@cometofinland.fi s\u00e5 f\u00e5r du login till v\u00e5r shop med \u00e5terf\u00f6rs\u00e4ljarpriser. Vi ser fram emot v\u00e5rt samarbete! Eller shoppa som \u00e5terf\u00f6rs\u00e4ljare via Faire och f\u00e5 gratis frakt i [&hellip;]\" \/>\n<meta property=\"og:url\" content=\"https:\/\/cometofinland.fi\/sv\/partihandel\/\" \/>\n<meta property=\"og:site_name\" content=\"Come to Finland\" \/>\n<meta property=\"article:publisher\" content=\"https:\/\/fi-fi.facebook.com\/cometofinland\/\" \/>\n<meta property=\"article:modified_time\" content=\"2026-02-28T07:10:50+00:00\" \/>\n<meta name=\"twitter:card\" content=\"summary_large_image\" \/>\n<script type=\"application\/ld+json\" class=\"yoast-schema-graph\">{\"@context\":\"https:\\\/\\\/schema.org\",\"@graph\":[{\"@type\":\"WebPage\",\"@id\":\"https:\\\/\\\/cometofinland.fi\\\/sv\\\/partihandel\\\/\",\"url\":\"https:\\\/\\\/cometofinland.fi\\\/sv\\\/partihandel\\\/\",\"name\":\"\u00c5terf\u00f6rs\u00e4ljare - Come to Finland\",\"isPartOf\":{\"@id\":\"https:\\\/\\\/cometofinland.fi\\\/sv\\\/#website\"},\"datePublished\":\"2018-11-01T12:51:18+00:00\",\"dateModified\":\"2026-02-28T07:10:50+00:00\",\"breadcrumb\":{\"@id\":\"https:\\\/\\\/cometofinland.fi\\\/sv\\\/partihandel\\\/#breadcrumb\"},\"inLanguage\":\"sv-SE\",\"potentialAction\":[{\"@type\":\"ReadAction\",\"target\":[\"https:\\\/\\\/cometofinland.fi\\\/sv\\\/partihandel\\\/\"]}]},{\"@type\":\"BreadcrumbList\",\"@id\":\"https:\\\/\\\/cometofinland.fi\\\/sv\\\/partihandel\\\/#breadcrumb\",\"itemListElement\":[{\"@type\":\"ListItem\",\"position\":1,\"name\":\"Home\",\"item\":\"https:\\\/\\\/cometofinland.fi\\\/sv\\\/\"},{\"@type\":\"ListItem\",\"position\":2,\"name\":\"\u00c5terf\u00f6rs\u00e4ljare\"}]},{\"@type\":\"WebSite\",\"@id\":\"https:\\\/\\\/cometofinland.fi\\\/sv\\\/#website\",\"url\":\"https:\\\/\\\/cometofinland.fi\\\/sv\\\/\",\"name\":\"Come to Finland\",\"description\":\"Poster love from Finland! We bring new life to vintage travel posters, and also create new images from Finland!\",\"publisher\":{\"@id\":\"https:\\\/\\\/cometofinland.fi\\\/sv\\\/#organization\"},\"potentialAction\":[{\"@type\":\"SearchAction\",\"target\":{\"@type\":\"EntryPoint\",\"urlTemplate\":\"https:\\\/\\\/cometofinland.fi\\\/sv\\\/?s={search_term_string}\"},\"query-input\":{\"@type\":\"PropertyValueSpecification\",\"valueRequired\":true,\"valueName\":\"search_term_string\"}}],\"inLanguage\":\"sv-SE\"},{\"@type\":\"Organization\",\"@id\":\"https:\\\/\\\/cometofinland.fi\\\/sv\\\/#organization\",\"name\":\"Come to Finland\",\"url\":\"https:\\\/\\\/cometofinland.fi\\\/sv\\\/\",\"logo\":{\"@type\":\"ImageObject\",\"inLanguage\":\"sv-SE\",\"@id\":\"https:\\\/\\\/cometofinland.fi\\\/sv\\\/#\\\/schema\\\/logo\\\/image\\\/\",\"url\":\"https:\\\/\\\/cometofinland.fi\\\/wp-content\\\/uploads\\\/2019\\\/03\\\/CTF_LOGO_Blue.svg\",\"contentUrl\":\"https:\\\/\\\/cometofinland.fi\\\/wp-content\\\/uploads\\\/2019\\\/03\\\/CTF_LOGO_Blue.svg\",\"width\":1,\"height\":1,\"caption\":\"Come to Finland\"},\"image\":{\"@id\":\"https:\\\/\\\/cometofinland.fi\\\/sv\\\/#\\\/schema\\\/logo\\\/image\\\/\"},\"sameAs\":[\"https:\\\/\\\/fi-fi.facebook.com\\\/cometofinland\\\/\",\"https:\\\/\\\/www.instagram.com\\\/cometofinland\\\/\"]}]}<\/script>\n<!-- \/ Yoast SEO plugin. -->","yoast_head_json":{"title":"\u00c5terf\u00f6rs\u00e4ljare - Come to Finland","robots":{"index":"index","follow":"follow","max-snippet":"max-snippet:-1","max-image-preview":"max-image-preview:large","max-video-preview":"max-video-preview:-1"},"canonical":"https:\/\/cometofinland.fi\/sv\/partihandel\/","og_locale":"sv_SE","og_type":"article","og_title":"\u00c5terf\u00f6rs\u00e4ljare - Come to Finland","og_description":"B\u00e4sta \u00e5terf\u00f6rs\u00e4ljare! Anglo-Nordic sk\u00f6ter om v\u00e5r f\u00f6rs\u00e4ljning till \u00e5terf\u00f6rs\u00e4ljare inom Finland. Kontakta myynti@anglo.fi f\u00f6r n\u00e4rmare instruktioner. Om din butik \u00e4r bel\u00e4gen utanf\u00f6r Finland ber vi att du kontaktar posters@cometofinland.fi s\u00e5 f\u00e5r du login till v\u00e5r shop med \u00e5terf\u00f6rs\u00e4ljarpriser. Vi ser fram emot v\u00e5rt samarbete! Eller shoppa som \u00e5terf\u00f6rs\u00e4ljare via Faire och f\u00e5 gratis frakt i [&hellip;]","og_url":"https:\/\/cometofinland.fi\/sv\/partihandel\/","og_site_name":"Come to Finland","article_publisher":"https:\/\/fi-fi.facebook.com\/cometofinland\/","article_modified_time":"2026-02-28T07:10:50+00:00","twitter_card":"summary_large_image","schema":{"@context":"https:\/\/schema.org","@graph":[{"@type":"WebPage","@id":"https:\/\/cometofinland.fi\/sv\/partihandel\/","url":"https:\/\/cometofinland.fi\/sv\/partihandel\/","name":"\u00c5terf\u00f6rs\u00e4ljare - Come to Finland","isPartOf":{"@id":"https:\/\/cometofinland.fi\/sv\/#website"},"datePublished":"2018-11-01T12:51:18+00:00","dateModified":"2026-02-28T07:10:50+00:00","breadcrumb":{"@id":"https:\/\/cometofinland.fi\/sv\/partihandel\/#breadcrumb"},"inLanguage":"sv-SE","potentialAction":[{"@type":"ReadAction","target":["https:\/\/cometofinland.fi\/sv\/partihandel\/"]}]},{"@type":"BreadcrumbList","@id":"https:\/\/cometofinland.fi\/sv\/partihandel\/#breadcrumb","itemListElement":[{"@type":"ListItem","position":1,"name":"Home","item":"https:\/\/cometofinland.fi\/sv\/"},{"@type":"ListItem","position":2,"name":"\u00c5terf\u00f6rs\u00e4ljare"}]},{"@type":"WebSite","@id":"https:\/\/cometofinland.fi\/sv\/#website","url":"https:\/\/cometofinland.fi\/sv\/","name":"Come to Finland","description":"Poster love from Finland! We bring new life to vintage travel posters, and also create new images from Finland!","publisher":{"@id":"https:\/\/cometofinland.fi\/sv\/#organization"},"potentialAction":[{"@type":"SearchAction","target":{"@type":"EntryPoint","urlTemplate":"https:\/\/cometofinland.fi\/sv\/?s={search_term_string}"},"query-input":{"@type":"PropertyValueSpecification","valueRequired":true,"valueName":"search_term_string"}}],"inLanguage":"sv-SE"},{"@type":"Organization","@id":"https:\/\/cometofinland.fi\/sv\/#organization","name":"Come to Finland","url":"https:\/\/cometofinland.fi\/sv\/","logo":{"@type":"ImageObject","inLanguage":"sv-SE","@id":"https:\/\/cometofinland.fi\/sv\/#\/schema\/logo\/image\/","url":"https:\/\/cometofinland.fi\/wp-content\/uploads\/2019\/03\/CTF_LOGO_Blue.svg","contentUrl":"https:\/\/cometofinland.fi\/wp-content\/uploads\/2019\/03\/CTF_LOGO_Blue.svg","width":1,"height":1,"caption":"Come to Finland"},"image":{"@id":"https:\/\/cometofinland.fi\/sv\/#\/schema\/logo\/image\/"},"sameAs":["https:\/\/fi-fi.facebook.com\/cometofinland\/","https:\/\/www.instagram.com\/cometofinland\/"]}]}},"_links":{"self":[{"href":"https:\/\/cometofinland.fi\/sv\/wp-json\/wp\/v2\/pages\/17","targetHints":{"allow":["GET"]}}],"collection":[{"href":"https:\/\/cometofinland.fi\/sv\/wp-json\/wp\/v2\/pages"}],"about":[{"href":"https:\/\/cometofinland.fi\/sv\/wp-json\/wp\/v2\/types\/page"}],"author":[{"embeddable":true,"href":"https:\/\/cometofinland.fi\/sv\/wp-json\/wp\/v2\/users\/1"}],"replies":[{"embeddable":true,"href":"https:\/\/cometofinland.fi\/sv\/wp-json\/wp\/v2\/comments?post=17"}],"version-history":[{"count":5,"href":"https:\/\/cometofinland.fi\/sv\/wp-json\/wp\/v2\/pages\/17\/revisions"}],"predecessor-version":[{"id":31046,"href":"https:\/\/cometofinland.fi\/sv\/wp-json\/wp\/v2\/pages\/17\/revisions\/31046"}],"wp:attachment":[{"href":"https:\/\/cometofinland.fi\/sv\/wp-json\/wp\/v2\/media?parent=17"}],"curies":[{"name":"wp","href":"https:\/\/api.w.org\/{rel}","templated":true}]}}