{"id":18177,"date":"2020-09-29T14:29:55","date_gmt":"2020-09-29T11:29:55","guid":{"rendered":"https:\/\/cometofinland.fi\/?page_id=18177"},"modified":"2024-09-09T13:52:59","modified_gmt":"2024-09-09T10:52:59","slug":"come-to-finland-faq","status":"publish","type":"page","link":"https:\/\/cometofinland.fi\/sv\/come-to-finland-faq\/","title":{"rendered":"Come to Finland FAQ"},"content":{"rendered":"<div class=\"page-content\">\n<p><strong>Jag har best\u00e4llt en affisch, vykort och en bricka, men i paketet jag fick fanns endast affischen. Varf\u00f6r fanns inte alla produkter i samma f\u00f6rs\u00e4ndelse?<\/strong><\/p>\n<p>\u2013 Vi levererar de mellanstora och de stora affischerna inrullade i en affischtub och de skickas alltid som en separat f\u00f6rs\u00e4ndelse. De andra produkterna skickas separat \u2013 beroende p\u00e5 produkten antingen som ett paket eller som ett brev.<\/p>\n<p><strong>I er shop s\u00e5g jag att ni har Lapplands-affischen i storlek 50&#215;70 cm. \u00c4r det m\u00f6jligt att f\u00e5 den i andra storlekar, t.ex. som A4 eller som 70&#215;100?<\/strong><\/p>\n<p>\u2013 Du finner de affischer vi har och alla storlekar som finns i v\u00e5r webbutik. Vi kan tyv\u00e4rr inte trycka upp individuella specialstorlekar.<\/p>\n<p><strong>Hur snabbt kommer produkterna som jag best\u00e4llt?<\/strong><\/p>\n<p>\u2013 Vi str\u00e4var efter att skicka produkterna inom tre vardagar efter att best\u00e4llningen \u00e4r gjord. Inom Finland levereras affischerna via Matkahuolto medan de \u00f6vriga produkterna skickas med Posten eller Postnord s\u00e5 att de kan plockas upp vid n\u00e4rmaste upph\u00e4mtningsst\u00e4lle. Om du bor utanf\u00f6r Finland skickar vi affischer med GLS (Europa) eller DHL (utanf\u00f6r Europa) och \u00f6vriga produkter med Postnord (Europa) eller Posten (utanf\u00f6r Europa). Om en best\u00e4llning best\u00e5r av endast vykort skickas best\u00e4llningen som ett priority brev via finska posten, d\u00e5 kommer leveransen som ett vanligt brev.<\/p>\n<p><strong>Vad kostar leveransen?<\/strong><\/p>\n<p>Fraktkostnaden \u00e4r 6,90 \u20ac i Finland (Posten). Utanf\u00f6r Finland men inom Europa \u00e4r fraktkostnaden 9,90 \u20ac. Utanf\u00f6r Europa \u00e4r fraktkostnaden 19,90 \u20ac.<\/p>\n<p><strong>Leverar ni \u00e4ven utanf\u00f6r Finland?<\/strong><\/p>\n<p>\u2013 Sj\u00e4lvklart. Inom Europa skickas affischerna med GLS och utanf\u00f6r Europa med DHL.<\/p>\n<p>Obs! Covid-19 kan inneb\u00e4ra begr\u00e4nsningar f\u00f6r finska postens leveranser. Uppdateringar kring l\u00e4get finns p\u00e5 <a href=\"https:\/\/www.posti.fi\/sv\/kundsupport\/sandning\/landspecifika-uppgifter\">Postens sidor<\/a>.<\/p>\n<p><strong>Jag \u00e4r inte n\u00f6jd med produkterna som jag best\u00e4llde. Kan jag returnera dem?<\/strong><\/p>\n<p>\u2013 Du har r\u00e4tt att returnera produkterna inom 14 dagar efter att du f\u00e5tt dem. De returnerade produkterna m\u00e5ste vara i nyskick och oanv\u00e4nda. Meddela alltid om din retur till <a href=\"mailto:posters@cometofinland.fi\">posters (at) cometofinland.fi<\/a>. L\u00e4s mera om v\u00e5r <a href=\"https:\/\/cometofinland.fi\/sv\/return-policy\/\">returpolicy<\/a>.<\/p>\n<p><strong>Har ni en butik d\u00e4r jag kunde bekanta mig med ert utbud?<\/strong><\/p>\n<p>\u2013 Vi har ingen egen s.k. stenfotsbutik. Men v\u00e5ra affischer och andra produkter finns till salu i butiker runt hela Finland. Mera information f\u00e5r du fr\u00e5n v\u00e5r distribut\u00f6r Anglo-Nordic, tfn +358 9 4153 5300.<\/p>\n<p><strong>En del av era affischer \u00e4r vintage och andra \u00e4r moderna. Vad betyder det?<\/strong><\/p>\n<p>\u2013Vintageaffischerna \u00e4r nytryck av autentiska rese- eller propagandaaffischer fr\u00e5n slutet av 1800-talet fram till b\u00f6rjan av 1970-talet. De moderna affischerna \u00e4r konstverk som \u00e4r skapta fr\u00e5n 2015 fram\u00e5t.<\/p>\n<p><strong>\u00c4r vintageaffischerna originaltryck?<br \/>\n<\/strong><\/p>\n<p>\u2013 Nej. Alla vintageaffischer som s\u00e4ljs i v\u00e5r shop \u00e4r nytryck som \u00e4r producerade med tillst\u00e5nd av upphovsr\u00e4ttsinnehavarna.<\/p>\n<p><strong>\u00c4r ni intresserade av att k\u00f6pa originaltryck?<\/strong><\/p>\n<p>\u2013 Sannolikt, ja. Vi letar st\u00e4ndigt efter verk som inte redan finns i v\u00e5rt arkiv. Ta kontakt med affischj\u00e4garen, <a href=\"mailto:magnus.londen@cometofinland.fi\">magnus.londen (at) cometofinland.fi <\/a><\/p>\n<p><strong>\u00c4r det m\u00f6jligt att f\u00e5 er utst\u00e4llning till v\u00e5r museum eller v\u00e5rt galleri?<\/strong><\/p>\n<p>\u2013 Ta kontakt med <a href=\"mailto:magnus.londen@cometofinland.fi\">magnus.londen (at) cometofinland.fi<\/a><\/p>\n<\/div>\n","protected":false},"excerpt":{"rendered":"<p>Jag har best\u00e4llt en affisch, vykort och en bricka, men i paketet jag fick fanns endast affischen. Varf\u00f6r fanns inte alla produkter i samma f\u00f6rs\u00e4ndelse? \u2013 Vi levererar de mellanstora och de stora affischerna inrullade i en affischtub och de skickas alltid som en separat f\u00f6rs\u00e4ndelse. De andra produkterna skickas separat \u2013 beroende p\u00e5 produkten [&hellip;]<\/p>\n","protected":false},"author":12,"featured_media":0,"parent":0,"menu_order":0,"comment_status":"closed","ping_status":"closed","template":"","meta":{"_acf_changed":false,"footnotes":""},"class_list":["post-18177","page","type-page","status-publish","hentry"],"acf":[],"yoast_head":"<!-- This site is optimized with the Yoast SEO plugin v27.3 - https:\/\/yoast.com\/product\/yoast-seo-wordpress\/ -->\n<title>Come to Finland FAQ - Come to Finland<\/title>\n<meta name=\"robots\" content=\"index, follow, max-snippet:-1, max-image-preview:large, max-video-preview:-1\" \/>\n<link rel=\"canonical\" href=\"https:\/\/cometofinland.fi\/sv\/come-to-finland-faq\/\" \/>\n<meta property=\"og:locale\" content=\"sv_SE\" \/>\n<meta property=\"og:type\" content=\"article\" \/>\n<meta property=\"og:title\" content=\"Come to Finland FAQ - Come to Finland\" \/>\n<meta property=\"og:description\" content=\"Jag har best\u00e4llt en affisch, vykort och en bricka, men i paketet jag fick fanns endast affischen. Varf\u00f6r fanns inte alla produkter i samma f\u00f6rs\u00e4ndelse? \u2013 Vi levererar de mellanstora och de stora affischerna inrullade i en affischtub och de skickas alltid som en separat f\u00f6rs\u00e4ndelse. De andra produkterna skickas separat \u2013 beroende p\u00e5 produkten [&hellip;]\" \/>\n<meta property=\"og:url\" content=\"https:\/\/cometofinland.fi\/sv\/come-to-finland-faq\/\" \/>\n<meta property=\"og:site_name\" content=\"Come to Finland\" \/>\n<meta property=\"article:publisher\" content=\"https:\/\/fi-fi.facebook.com\/cometofinland\/\" \/>\n<meta property=\"article:modified_time\" content=\"2024-09-09T10:52:59+00:00\" \/>\n<meta name=\"twitter:card\" content=\"summary_large_image\" \/>\n<meta name=\"twitter:label1\" content=\"Ber\u00e4knad l\u00e4stid\" \/>\n\t<meta name=\"twitter:data1\" content=\"3 minuter\" \/>\n<script type=\"application\/ld+json\" class=\"yoast-schema-graph\">{\"@context\":\"https:\\\/\\\/schema.org\",\"@graph\":[{\"@type\":\"WebPage\",\"@id\":\"https:\\\/\\\/cometofinland.fi\\\/sv\\\/come-to-finland-faq\\\/\",\"url\":\"https:\\\/\\\/cometofinland.fi\\\/sv\\\/come-to-finland-faq\\\/\",\"name\":\"Come to Finland FAQ - Come to Finland\",\"isPartOf\":{\"@id\":\"https:\\\/\\\/cometofinland.fi\\\/sv\\\/#website\"},\"datePublished\":\"2020-09-29T11:29:55+00:00\",\"dateModified\":\"2024-09-09T10:52:59+00:00\",\"breadcrumb\":{\"@id\":\"https:\\\/\\\/cometofinland.fi\\\/sv\\\/come-to-finland-faq\\\/#breadcrumb\"},\"inLanguage\":\"sv-SE\",\"potentialAction\":[{\"@type\":\"ReadAction\",\"target\":[\"https:\\\/\\\/cometofinland.fi\\\/sv\\\/come-to-finland-faq\\\/\"]}]},{\"@type\":\"BreadcrumbList\",\"@id\":\"https:\\\/\\\/cometofinland.fi\\\/sv\\\/come-to-finland-faq\\\/#breadcrumb\",\"itemListElement\":[{\"@type\":\"ListItem\",\"position\":1,\"name\":\"Home\",\"item\":\"https:\\\/\\\/cometofinland.fi\\\/sv\\\/\"},{\"@type\":\"ListItem\",\"position\":2,\"name\":\"Come to Finland FAQ\"}]},{\"@type\":\"WebSite\",\"@id\":\"https:\\\/\\\/cometofinland.fi\\\/sv\\\/#website\",\"url\":\"https:\\\/\\\/cometofinland.fi\\\/sv\\\/\",\"name\":\"Come to Finland\",\"description\":\"Poster love from Finland! We bring new life to vintage travel posters, and also create new images from Finland!\",\"publisher\":{\"@id\":\"https:\\\/\\\/cometofinland.fi\\\/sv\\\/#organization\"},\"potentialAction\":[{\"@type\":\"SearchAction\",\"target\":{\"@type\":\"EntryPoint\",\"urlTemplate\":\"https:\\\/\\\/cometofinland.fi\\\/sv\\\/?s={search_term_string}\"},\"query-input\":{\"@type\":\"PropertyValueSpecification\",\"valueRequired\":true,\"valueName\":\"search_term_string\"}}],\"inLanguage\":\"sv-SE\"},{\"@type\":\"Organization\",\"@id\":\"https:\\\/\\\/cometofinland.fi\\\/sv\\\/#organization\",\"name\":\"Come to Finland\",\"url\":\"https:\\\/\\\/cometofinland.fi\\\/sv\\\/\",\"logo\":{\"@type\":\"ImageObject\",\"inLanguage\":\"sv-SE\",\"@id\":\"https:\\\/\\\/cometofinland.fi\\\/sv\\\/#\\\/schema\\\/logo\\\/image\\\/\",\"url\":\"https:\\\/\\\/cometofinland.fi\\\/wp-content\\\/uploads\\\/2019\\\/03\\\/CTF_LOGO_Blue.svg\",\"contentUrl\":\"https:\\\/\\\/cometofinland.fi\\\/wp-content\\\/uploads\\\/2019\\\/03\\\/CTF_LOGO_Blue.svg\",\"width\":1,\"height\":1,\"caption\":\"Come to Finland\"},\"image\":{\"@id\":\"https:\\\/\\\/cometofinland.fi\\\/sv\\\/#\\\/schema\\\/logo\\\/image\\\/\"},\"sameAs\":[\"https:\\\/\\\/fi-fi.facebook.com\\\/cometofinland\\\/\",\"https:\\\/\\\/www.instagram.com\\\/cometofinland\\\/\"]}]}<\/script>\n<!-- \/ Yoast SEO plugin. -->","yoast_head_json":{"title":"Come to Finland FAQ - Come to Finland","robots":{"index":"index","follow":"follow","max-snippet":"max-snippet:-1","max-image-preview":"max-image-preview:large","max-video-preview":"max-video-preview:-1"},"canonical":"https:\/\/cometofinland.fi\/sv\/come-to-finland-faq\/","og_locale":"sv_SE","og_type":"article","og_title":"Come to Finland FAQ - Come to Finland","og_description":"Jag har best\u00e4llt en affisch, vykort och en bricka, men i paketet jag fick fanns endast affischen. Varf\u00f6r fanns inte alla produkter i samma f\u00f6rs\u00e4ndelse? \u2013 Vi levererar de mellanstora och de stora affischerna inrullade i en affischtub och de skickas alltid som en separat f\u00f6rs\u00e4ndelse. De andra produkterna skickas separat \u2013 beroende p\u00e5 produkten [&hellip;]","og_url":"https:\/\/cometofinland.fi\/sv\/come-to-finland-faq\/","og_site_name":"Come to Finland","article_publisher":"https:\/\/fi-fi.facebook.com\/cometofinland\/","article_modified_time":"2024-09-09T10:52:59+00:00","twitter_card":"summary_large_image","twitter_misc":{"Ber\u00e4knad l\u00e4stid":"3 minuter"},"schema":{"@context":"https:\/\/schema.org","@graph":[{"@type":"WebPage","@id":"https:\/\/cometofinland.fi\/sv\/come-to-finland-faq\/","url":"https:\/\/cometofinland.fi\/sv\/come-to-finland-faq\/","name":"Come to Finland FAQ - Come to Finland","isPartOf":{"@id":"https:\/\/cometofinland.fi\/sv\/#website"},"datePublished":"2020-09-29T11:29:55+00:00","dateModified":"2024-09-09T10:52:59+00:00","breadcrumb":{"@id":"https:\/\/cometofinland.fi\/sv\/come-to-finland-faq\/#breadcrumb"},"inLanguage":"sv-SE","potentialAction":[{"@type":"ReadAction","target":["https:\/\/cometofinland.fi\/sv\/come-to-finland-faq\/"]}]},{"@type":"BreadcrumbList","@id":"https:\/\/cometofinland.fi\/sv\/come-to-finland-faq\/#breadcrumb","itemListElement":[{"@type":"ListItem","position":1,"name":"Home","item":"https:\/\/cometofinland.fi\/sv\/"},{"@type":"ListItem","position":2,"name":"Come to Finland FAQ"}]},{"@type":"WebSite","@id":"https:\/\/cometofinland.fi\/sv\/#website","url":"https:\/\/cometofinland.fi\/sv\/","name":"Come to Finland","description":"Poster love from Finland! We bring new life to vintage travel posters, and also create new images from Finland!","publisher":{"@id":"https:\/\/cometofinland.fi\/sv\/#organization"},"potentialAction":[{"@type":"SearchAction","target":{"@type":"EntryPoint","urlTemplate":"https:\/\/cometofinland.fi\/sv\/?s={search_term_string}"},"query-input":{"@type":"PropertyValueSpecification","valueRequired":true,"valueName":"search_term_string"}}],"inLanguage":"sv-SE"},{"@type":"Organization","@id":"https:\/\/cometofinland.fi\/sv\/#organization","name":"Come to Finland","url":"https:\/\/cometofinland.fi\/sv\/","logo":{"@type":"ImageObject","inLanguage":"sv-SE","@id":"https:\/\/cometofinland.fi\/sv\/#\/schema\/logo\/image\/","url":"https:\/\/cometofinland.fi\/wp-content\/uploads\/2019\/03\/CTF_LOGO_Blue.svg","contentUrl":"https:\/\/cometofinland.fi\/wp-content\/uploads\/2019\/03\/CTF_LOGO_Blue.svg","width":1,"height":1,"caption":"Come to Finland"},"image":{"@id":"https:\/\/cometofinland.fi\/sv\/#\/schema\/logo\/image\/"},"sameAs":["https:\/\/fi-fi.facebook.com\/cometofinland\/","https:\/\/www.instagram.com\/cometofinland\/"]}]}},"_links":{"self":[{"href":"https:\/\/cometofinland.fi\/sv\/wp-json\/wp\/v2\/pages\/18177","targetHints":{"allow":["GET"]}}],"collection":[{"href":"https:\/\/cometofinland.fi\/sv\/wp-json\/wp\/v2\/pages"}],"about":[{"href":"https:\/\/cometofinland.fi\/sv\/wp-json\/wp\/v2\/types\/page"}],"author":[{"embeddable":true,"href":"https:\/\/cometofinland.fi\/sv\/wp-json\/wp\/v2\/users\/12"}],"replies":[{"embeddable":true,"href":"https:\/\/cometofinland.fi\/sv\/wp-json\/wp\/v2\/comments?post=18177"}],"version-history":[{"count":12,"href":"https:\/\/cometofinland.fi\/sv\/wp-json\/wp\/v2\/pages\/18177\/revisions"}],"predecessor-version":[{"id":28702,"href":"https:\/\/cometofinland.fi\/sv\/wp-json\/wp\/v2\/pages\/18177\/revisions\/28702"}],"wp:attachment":[{"href":"https:\/\/cometofinland.fi\/sv\/wp-json\/wp\/v2\/media?parent=18177"}],"curies":[{"name":"wp","href":"https:\/\/api.w.org\/{rel}","templated":true}]}}