{"id":2009,"date":"2018-11-01T14:41:08","date_gmt":"2018-11-01T12:41:08","guid":{"rendered":"https:\/\/cometofinland.fi\/?page_id=2009"},"modified":"2023-01-18T11:20:40","modified_gmt":"2023-01-18T09:20:40","slug":"registerutdrag","status":"publish","type":"page","link":"https:\/\/cometofinland.fi\/sv\/registerutdrag\/","title":{"rendered":"Villkor: Betalningsf\u00f6rmedlare, registerutdrag &#038; leverans"},"content":{"rendered":"<div class=\"page-content\">\n<h2>Betalningsf\u00f6rmedlare<\/h2>\n<p><img decoding=\"async\" src=\"https:\/\/img.paytrail.com\/?id=47676&amp;type=horizontal&amp;cols=18&amp;text=0&amp;auth=3270e988c7cb6965\" alt=\"Paytrail\" \/><\/p>\n<p>Betalningsf\u00f6rmedlingstj\u00e4nsten utf\u00f6rs av och som leverant\u00f6r st\u00e5r Paytrail Oyj (2122839-7) i samarbete med banker och kreditinstitut. Vid betalningar med Visa Electron eller MasterCard-kort syns Paytrail Oyj som mottagare i kortr\u00e4kningen och det \u00e4r \u00e4ven Paytrail som f\u00f6rmedlar betalningen till k\u00f6pmannen. Paytrail Oyj har verksamhetstillst\u00e5nd f\u00f6r betalningsinstitut beviljat av Finansinspektionen.<\/p>\n<p>Paytrail Oyj<br \/>\nFO-nummer: 2122839-7<br \/>\nInnova 2<br \/>\nLutakonaukio 7 40100 Jyv\u00e4skyl\u00e4<br \/>\nTelefon: 0207 181830<br \/>\n<a href=\"http:\/\/www.paytrail.com\/\" target=\"_blank\" rel=\"noopener noreferrer\">www.paytrail.com<\/a><\/p>\n<\/div>\n<h2>Leveransvillkor<\/h2>\n<p>Come to Finland anv\u00e4nder finska Posten och GLS\/Schenker (de flesta andra l\u00e4nderna i Europa) f\u00f6r leveranserna. F\u00f6r leveranser utanf\u00f6r EU\/EES anv\u00e4nder vi finska Posten. Best\u00e4llningar skickas normalt fr\u00e5n oss inom 1-2 vardagar efter mottagen best\u00e4llning. Vidare tillkommer sedan leverant\u00f6rens leveranstid, som vi tyv\u00e4rr inte kan p\u00e5verka.<\/p>\n<p>Kunden f\u00e5r ett bekr\u00e4ftelsemejl b\u00e5de d\u00e5 best\u00e4llningen \u00e4r gjord och d\u00e5 paketet \u00e5kt iv\u00e4g fr\u00e5n oss. I det senare mejlet finns en f\u00f6rs\u00e4ndelsekod f\u00f6r uppf\u00f6ljning av leveransen.<\/p>\n<p>F\u00f6r att garantera leveransen beh\u00f6ver vi kundens korrekta postadress, telefonnummer och e-postadress. Come to Finland tar inte ansvar f\u00f6r leveranser till bristf\u00e4lliga eller felaktiga adresser.<\/p>\n<p>Notera att kunden sj\u00e4lv ansvarar f\u00f6r alla eventuella skatter i mottagarlandet samt tullavgifter.<\/p>\n<p>D\u00e5 en kund best\u00e4ller en affisch och en annan produkt (till exempel en bok) samtidigt, \u00e4r det m\u00f6jligt att leveransen skickas som tv\u00e5 separata paket, av praktiska sk\u00e4l.<\/p>\n<h2>Behandling av kunduppgifter och registerutdrag f\u00f6r Come to Finland Publishing Ab Oy:s webbbutik:<\/h2>\n<p>Come to Finland f\u00f6ljer sj\u00e4lvklart GDPR.<\/p>\n<p>Vi tar sekretessfr\u00e5gor p\u00e5 stort allvar. Vi ger aldrig vidare v\u00e5ra kundregister, delvis eller helt, till tredje part.<\/p>\n<h2>Uppr\u00e4tth\u00e5llare<\/h2>\n<p>Come to Finland Publishing Ab Oy<\/p>\n<p>FO-nr FI2045859-6<\/p>\n<h2>Postadress<\/h2>\n<p>Come to Finland Publishing Ab Oy<br \/>\nc\/o Claytime<br \/>\nKoroisv\u00e4gen 4 C 803 T<br \/>\n00280 Helsingfors<br \/>\nFnland<\/p>\n<p>tfn +358-44-7448088<\/p>\n<h2>Registeransvarig<\/h2>\n<p>Magnus Londen<\/p>\n<h2>Namnet p\u00e5 registren<\/h2>\n<ol>\n<li>Come to Finlands kundregister<\/li>\n<li>Come to Finlands kampanjregister<\/li>\n<\/ol>\n<h2>Syfte<\/h2>\n<ol>\n<li><b> Come to Finlands kundregister:<\/b><\/li>\n<\/ol>\n<p>De personuppgifter du l\u00e4mnar till oss i samband med ett k\u00f6p anv\u00e4nds f\u00f6r orderhantering, fakturering, inkasso, information, marknadsf\u00f6ring, bokf\u00f6ring och annat som syftar till att v\u00e5r tj\u00e4nst ska fungera s\u00e5 bra som m\u00f6jligt och f\u00f6r att vi ska kunna efterf\u00f6lja god bokf\u00f6ringssed. D\u00e5 en best\u00e4llning g\u00f6rs bekr\u00e4ftar du som kund att detta \u00e4r ok f\u00f6r dig, vi kan dock inte genomf\u00f6ra k\u00f6pet utan detta godk\u00e4nnande eftersom vi beh\u00f6ver informationen t.ex. f\u00f6r att kunna genomf\u00f6ra leveransen.<\/p>\n<h2>Inneh\u00e5ll<\/h2>\n<ul>\n<li>Kundens namn<\/li>\n<li>Adress<\/li>\n<li>Tfn-nr<\/li>\n<li>Postadress<\/li>\n<li>Best\u00e4lld vara<\/li>\n<li>Antal best\u00e4llda produkter<\/li>\n<li>Betalningss\u00e4tt<\/li>\n<li>Leveransadress<\/li>\n<li>Best\u00e4llningens status<\/li>\n<li>Kakor<\/li>\n<li>IP-adressen (WordPress samlar automatiskt in detta f\u00f6r alla ordrar)<\/li>\n<\/ul>\n<h2>Kakor<\/h2>\n<p>Vi anv\u00e4nder kakor vid inloggning f\u00f6r att m\u00f6jligg\u00f6ra identifiering av kunden.<\/p>\n<p><script data-culture=\"sv\" id=\"CookieDeclaration\" src=\"https:\/\/consent.cookiebot.com\/a83a77a0-7f7b-41f8-a785-ab8174324889\/cd.js\" type=\"text\/javascript\" async><\/script><\/p>\n<h2>V\u00e5ra k\u00e4llor<\/h2>\n<p>De uppgifter kunden sj\u00e4lv fyller i d\u00e5 best\u00e4llningen g\u00f6rs + wordpress automatiska funktioner (se ovan).<\/p>\n<p><b>Registrets lagringstid<\/b>: 6 \u00e5r<\/p>\n<h4>2. Come to Finlands kampanjregister<\/h4>\n<p>Detta register \u00e4r separat fr\u00e5n ovanst\u00e5ende. N\u00e4r du g\u00f6r ett k\u00f6p har du n\u00e4mligen ocks\u00e5 m\u00f6jlighet att kruxa i en separat ruta som bekr\u00e4ftar att du som kund vill f\u00e5 erbjudanden och information fr\u00e5n Come to Finland. Vi samlar endast namn + e-postadresser. Lagringstiden f\u00f6r kampanjregistret \u00e4r inte begr\u00e4nsat.<\/p>\n<h2>\u00d6verl\u00e4mning av uppgifter<\/h2>\n<p>Vi ger inte \u00f6ver uppgifterna till tredje part. Vi garanterar att ingen annan \u00e4n vi anv\u00e4nder uppgifterna f\u00f6r information eller marknadsf\u00f6ring. Vi s\u00e4ljer aldrig e-postadresser och annan kundinformation. Vid misstanke om brott kan Come to Finland Publishing Ab Oy dock l\u00e4mna uppgifter till myndigheter, enligt f\u00f6reskriven lag.<\/p>\n<h2>Principer f\u00f6r skyddande av registren<\/h2>\n<p>V\u00e5rt kundregister behandlas konfidentiellt. Registren finns inte i pappersformat. Registren \u00e4r inte sparade i molnet.<\/p>\n<p>Endast personer som beh\u00f6ver registret i sin tj\u00e4nsteut\u00f6vning har tillg\u00e5ng till registret. Vi \u00e4r bundna av sekretesslagstiftning och har tystnadsplikt. Vi uppger inte vem som handlar hos oss till tredje part.<\/p>\n<p>Alla anst\u00e4llda p\u00e5 Come to Finland, liksom eventuella konsulter, har f\u00e5tt undervisning i principerna bakom GDPR. Samtliga har undertecknat ett sekretessavtal d\u00e4r de f\u00f6rbinder sig vid att efterf\u00f6lja GDPR.<\/p>\n<p>Come to Finland har s\u00e4kerst\u00e4llt att v\u00e5ra registerbitr\u00e4den (s\u00e5som t.ex. webb-providern) efterf\u00f6ljer GDPR.<\/p>\n<h2>Granskningsr\u00e4ttighet<\/h2>\n<p>En kund har enligt lagen r\u00e4tt att granska uppgifter om honom\/henne som finns i v\u00e5ra register. Kunden har ocks\u00e5 r\u00e4tt att bli borttagen fr\u00e5n registren, helt eller delvis.<\/p>\n<p>En beg\u00e4ran om detta ska skickas skriftligen till:<\/p>\n<p>Come to Finland Publishing Ab Oy \/ Magnus Londen<br \/>\nc\/o Claytime<br \/>\nKoroisv\u00e4gen 4 C 803 T<br \/>\n00280 Helsingfors<br \/>\nFnland<\/p>\n<p>Come to Finland svarar skriftligen p\u00e5 f\u00f6rfr\u00e5gan genom ett rekommenderat brev till kunden inom tv\u00e5 m\u00e5ndader efter att vi f\u00e5tt anh\u00e5llan.<\/p>\n<p>Om lagen s\u00e5 till\u00e5ter kan vi ocks\u00e5 svara p\u00e5 f\u00f6rfr\u00e5gningar per e-post. Skicka din beg\u00e4ran till posters (at) cometofinland.fi.<\/p>\n<p>Vi \u00f6nskar dig tryggt shoppande!<\/p>\n<p>Magnus Londen, affischj\u00e4gare<\/p>\n","protected":false},"excerpt":{"rendered":"<p>Betalningsf\u00f6rmedlare Betalningsf\u00f6rmedlingstj\u00e4nsten utf\u00f6rs av och som leverant\u00f6r st\u00e5r Paytrail Oyj (2122839-7) i samarbete med banker och kreditinstitut. Vid betalningar med Visa Electron eller MasterCard-kort syns Paytrail Oyj som mottagare i kortr\u00e4kningen och det \u00e4r \u00e4ven Paytrail som f\u00f6rmedlar betalningen till k\u00f6pmannen. Paytrail Oyj har verksamhetstillst\u00e5nd f\u00f6r betalningsinstitut beviljat av Finansinspektionen. Paytrail Oyj FO-nummer: 2122839-7 Innova [&hellip;]<\/p>\n","protected":false},"author":1,"featured_media":0,"parent":0,"menu_order":0,"comment_status":"closed","ping_status":"open","template":"","meta":{"_acf_changed":false,"footnotes":""},"class_list":["post-2009","page","type-page","status-publish","hentry"],"acf":[],"yoast_head":"<!-- This site is optimized with the Yoast SEO plugin v27.4 - https:\/\/yoast.com\/product\/yoast-seo-wordpress\/ -->\n<title>Villkor: Betalningsf\u00f6rmedlare, registerutdrag &amp; leverans - Come to Finland<\/title>\n<meta name=\"robots\" content=\"index, follow, max-snippet:-1, max-image-preview:large, max-video-preview:-1\" \/>\n<link rel=\"canonical\" href=\"https:\/\/cometofinland.fi\/sv\/registerutdrag\/\" \/>\n<meta property=\"og:locale\" content=\"sv_SE\" \/>\n<meta property=\"og:type\" content=\"article\" \/>\n<meta property=\"og:title\" content=\"Villkor: Betalningsf\u00f6rmedlare, registerutdrag &amp; leverans - Come to Finland\" \/>\n<meta property=\"og:description\" content=\"Betalningsf\u00f6rmedlare Betalningsf\u00f6rmedlingstj\u00e4nsten utf\u00f6rs av och som leverant\u00f6r st\u00e5r Paytrail Oyj (2122839-7) i samarbete med banker och kreditinstitut. Vid betalningar med Visa Electron eller MasterCard-kort syns Paytrail Oyj som mottagare i kortr\u00e4kningen och det \u00e4r \u00e4ven Paytrail som f\u00f6rmedlar betalningen till k\u00f6pmannen. Paytrail Oyj har verksamhetstillst\u00e5nd f\u00f6r betalningsinstitut beviljat av Finansinspektionen. Paytrail Oyj FO-nummer: 2122839-7 Innova [&hellip;]\" \/>\n<meta property=\"og:url\" content=\"https:\/\/cometofinland.fi\/sv\/registerutdrag\/\" \/>\n<meta property=\"og:site_name\" content=\"Come to Finland\" \/>\n<meta property=\"article:publisher\" content=\"https:\/\/fi-fi.facebook.com\/cometofinland\/\" \/>\n<meta property=\"article:modified_time\" content=\"2023-01-18T09:20:40+00:00\" \/>\n<meta property=\"og:image\" content=\"https:\/\/img.paytrail.com\/?id=47676&amp;type=horizontal&amp;cols=18&amp;text=0&amp;auth=3270e988c7cb6965\" \/>\n<meta name=\"twitter:card\" content=\"summary_large_image\" \/>\n<meta name=\"twitter:label1\" content=\"Ber\u00e4knad l\u00e4stid\" \/>\n\t<meta name=\"twitter:data1\" content=\"4 minuter\" \/>\n<script type=\"application\/ld+json\" class=\"yoast-schema-graph\">{\"@context\":\"https:\\\/\\\/schema.org\",\"@graph\":[{\"@type\":\"WebPage\",\"@id\":\"https:\\\/\\\/cometofinland.fi\\\/sv\\\/registerutdrag\\\/\",\"url\":\"https:\\\/\\\/cometofinland.fi\\\/sv\\\/registerutdrag\\\/\",\"name\":\"Villkor: Betalningsf\u00f6rmedlare, registerutdrag & leverans - Come to Finland\",\"isPartOf\":{\"@id\":\"https:\\\/\\\/cometofinland.fi\\\/sv\\\/#website\"},\"primaryImageOfPage\":{\"@id\":\"https:\\\/\\\/cometofinland.fi\\\/sv\\\/registerutdrag\\\/#primaryimage\"},\"image\":{\"@id\":\"https:\\\/\\\/cometofinland.fi\\\/sv\\\/registerutdrag\\\/#primaryimage\"},\"thumbnailUrl\":\"https:\\\/\\\/img.paytrail.com\\\/?id=47676&amp;type=horizontal&amp;cols=18&amp;text=0&amp;auth=3270e988c7cb6965\",\"datePublished\":\"2018-11-01T12:41:08+00:00\",\"dateModified\":\"2023-01-18T09:20:40+00:00\",\"breadcrumb\":{\"@id\":\"https:\\\/\\\/cometofinland.fi\\\/sv\\\/registerutdrag\\\/#breadcrumb\"},\"inLanguage\":\"sv-SE\",\"potentialAction\":[{\"@type\":\"ReadAction\",\"target\":[\"https:\\\/\\\/cometofinland.fi\\\/sv\\\/registerutdrag\\\/\"]}]},{\"@type\":\"ImageObject\",\"inLanguage\":\"sv-SE\",\"@id\":\"https:\\\/\\\/cometofinland.fi\\\/sv\\\/registerutdrag\\\/#primaryimage\",\"url\":\"https:\\\/\\\/img.paytrail.com\\\/?id=47676&amp;type=horizontal&amp;cols=18&amp;text=0&amp;auth=3270e988c7cb6965\",\"contentUrl\":\"https:\\\/\\\/img.paytrail.com\\\/?id=47676&amp;type=horizontal&amp;cols=18&amp;text=0&amp;auth=3270e988c7cb6965\"},{\"@type\":\"BreadcrumbList\",\"@id\":\"https:\\\/\\\/cometofinland.fi\\\/sv\\\/registerutdrag\\\/#breadcrumb\",\"itemListElement\":[{\"@type\":\"ListItem\",\"position\":1,\"name\":\"Home\",\"item\":\"https:\\\/\\\/cometofinland.fi\\\/sv\\\/\"},{\"@type\":\"ListItem\",\"position\":2,\"name\":\"Villkor: Betalningsf\u00f6rmedlare, registerutdrag &#038; leverans\"}]},{\"@type\":\"WebSite\",\"@id\":\"https:\\\/\\\/cometofinland.fi\\\/sv\\\/#website\",\"url\":\"https:\\\/\\\/cometofinland.fi\\\/sv\\\/\",\"name\":\"Come to Finland\",\"description\":\"Poster love from Finland! We bring new life to vintage travel posters, and also create new images from Finland!\",\"publisher\":{\"@id\":\"https:\\\/\\\/cometofinland.fi\\\/sv\\\/#organization\"},\"potentialAction\":[{\"@type\":\"SearchAction\",\"target\":{\"@type\":\"EntryPoint\",\"urlTemplate\":\"https:\\\/\\\/cometofinland.fi\\\/sv\\\/?s={search_term_string}\"},\"query-input\":{\"@type\":\"PropertyValueSpecification\",\"valueRequired\":true,\"valueName\":\"search_term_string\"}}],\"inLanguage\":\"sv-SE\"},{\"@type\":\"Organization\",\"@id\":\"https:\\\/\\\/cometofinland.fi\\\/sv\\\/#organization\",\"name\":\"Come to Finland\",\"url\":\"https:\\\/\\\/cometofinland.fi\\\/sv\\\/\",\"logo\":{\"@type\":\"ImageObject\",\"inLanguage\":\"sv-SE\",\"@id\":\"https:\\\/\\\/cometofinland.fi\\\/sv\\\/#\\\/schema\\\/logo\\\/image\\\/\",\"url\":\"https:\\\/\\\/cometofinland.fi\\\/wp-content\\\/uploads\\\/2019\\\/03\\\/CTF_LOGO_Blue.svg\",\"contentUrl\":\"https:\\\/\\\/cometofinland.fi\\\/wp-content\\\/uploads\\\/2019\\\/03\\\/CTF_LOGO_Blue.svg\",\"width\":1,\"height\":1,\"caption\":\"Come to Finland\"},\"image\":{\"@id\":\"https:\\\/\\\/cometofinland.fi\\\/sv\\\/#\\\/schema\\\/logo\\\/image\\\/\"},\"sameAs\":[\"https:\\\/\\\/fi-fi.facebook.com\\\/cometofinland\\\/\",\"https:\\\/\\\/www.instagram.com\\\/cometofinland\\\/\"]}]}<\/script>\n<!-- \/ Yoast SEO plugin. -->","yoast_head_json":{"title":"Villkor: Betalningsf\u00f6rmedlare, registerutdrag & leverans - Come to Finland","robots":{"index":"index","follow":"follow","max-snippet":"max-snippet:-1","max-image-preview":"max-image-preview:large","max-video-preview":"max-video-preview:-1"},"canonical":"https:\/\/cometofinland.fi\/sv\/registerutdrag\/","og_locale":"sv_SE","og_type":"article","og_title":"Villkor: Betalningsf\u00f6rmedlare, registerutdrag & leverans - Come to Finland","og_description":"Betalningsf\u00f6rmedlare Betalningsf\u00f6rmedlingstj\u00e4nsten utf\u00f6rs av och som leverant\u00f6r st\u00e5r Paytrail Oyj (2122839-7) i samarbete med banker och kreditinstitut. Vid betalningar med Visa Electron eller MasterCard-kort syns Paytrail Oyj som mottagare i kortr\u00e4kningen och det \u00e4r \u00e4ven Paytrail som f\u00f6rmedlar betalningen till k\u00f6pmannen. Paytrail Oyj har verksamhetstillst\u00e5nd f\u00f6r betalningsinstitut beviljat av Finansinspektionen. Paytrail Oyj FO-nummer: 2122839-7 Innova [&hellip;]","og_url":"https:\/\/cometofinland.fi\/sv\/registerutdrag\/","og_site_name":"Come to Finland","article_publisher":"https:\/\/fi-fi.facebook.com\/cometofinland\/","article_modified_time":"2023-01-18T09:20:40+00:00","og_image":[{"url":"https:\/\/img.paytrail.com\/?id=47676&amp;type=horizontal&amp;cols=18&amp;text=0&amp;auth=3270e988c7cb6965","type":"","width":"","height":""}],"twitter_card":"summary_large_image","twitter_misc":{"Ber\u00e4knad l\u00e4stid":"4 minuter"},"schema":{"@context":"https:\/\/schema.org","@graph":[{"@type":"WebPage","@id":"https:\/\/cometofinland.fi\/sv\/registerutdrag\/","url":"https:\/\/cometofinland.fi\/sv\/registerutdrag\/","name":"Villkor: Betalningsf\u00f6rmedlare, registerutdrag & leverans - Come to Finland","isPartOf":{"@id":"https:\/\/cometofinland.fi\/sv\/#website"},"primaryImageOfPage":{"@id":"https:\/\/cometofinland.fi\/sv\/registerutdrag\/#primaryimage"},"image":{"@id":"https:\/\/cometofinland.fi\/sv\/registerutdrag\/#primaryimage"},"thumbnailUrl":"https:\/\/img.paytrail.com\/?id=47676&amp;type=horizontal&amp;cols=18&amp;text=0&amp;auth=3270e988c7cb6965","datePublished":"2018-11-01T12:41:08+00:00","dateModified":"2023-01-18T09:20:40+00:00","breadcrumb":{"@id":"https:\/\/cometofinland.fi\/sv\/registerutdrag\/#breadcrumb"},"inLanguage":"sv-SE","potentialAction":[{"@type":"ReadAction","target":["https:\/\/cometofinland.fi\/sv\/registerutdrag\/"]}]},{"@type":"ImageObject","inLanguage":"sv-SE","@id":"https:\/\/cometofinland.fi\/sv\/registerutdrag\/#primaryimage","url":"https:\/\/img.paytrail.com\/?id=47676&amp;type=horizontal&amp;cols=18&amp;text=0&amp;auth=3270e988c7cb6965","contentUrl":"https:\/\/img.paytrail.com\/?id=47676&amp;type=horizontal&amp;cols=18&amp;text=0&amp;auth=3270e988c7cb6965"},{"@type":"BreadcrumbList","@id":"https:\/\/cometofinland.fi\/sv\/registerutdrag\/#breadcrumb","itemListElement":[{"@type":"ListItem","position":1,"name":"Home","item":"https:\/\/cometofinland.fi\/sv\/"},{"@type":"ListItem","position":2,"name":"Villkor: Betalningsf\u00f6rmedlare, registerutdrag &#038; leverans"}]},{"@type":"WebSite","@id":"https:\/\/cometofinland.fi\/sv\/#website","url":"https:\/\/cometofinland.fi\/sv\/","name":"Come to Finland","description":"Poster love from Finland! We bring new life to vintage travel posters, and also create new images from Finland!","publisher":{"@id":"https:\/\/cometofinland.fi\/sv\/#organization"},"potentialAction":[{"@type":"SearchAction","target":{"@type":"EntryPoint","urlTemplate":"https:\/\/cometofinland.fi\/sv\/?s={search_term_string}"},"query-input":{"@type":"PropertyValueSpecification","valueRequired":true,"valueName":"search_term_string"}}],"inLanguage":"sv-SE"},{"@type":"Organization","@id":"https:\/\/cometofinland.fi\/sv\/#organization","name":"Come to Finland","url":"https:\/\/cometofinland.fi\/sv\/","logo":{"@type":"ImageObject","inLanguage":"sv-SE","@id":"https:\/\/cometofinland.fi\/sv\/#\/schema\/logo\/image\/","url":"https:\/\/cometofinland.fi\/wp-content\/uploads\/2019\/03\/CTF_LOGO_Blue.svg","contentUrl":"https:\/\/cometofinland.fi\/wp-content\/uploads\/2019\/03\/CTF_LOGO_Blue.svg","width":1,"height":1,"caption":"Come to Finland"},"image":{"@id":"https:\/\/cometofinland.fi\/sv\/#\/schema\/logo\/image\/"},"sameAs":["https:\/\/fi-fi.facebook.com\/cometofinland\/","https:\/\/www.instagram.com\/cometofinland\/"]}]}},"_links":{"self":[{"href":"https:\/\/cometofinland.fi\/sv\/wp-json\/wp\/v2\/pages\/2009","targetHints":{"allow":["GET"]}}],"collection":[{"href":"https:\/\/cometofinland.fi\/sv\/wp-json\/wp\/v2\/pages"}],"about":[{"href":"https:\/\/cometofinland.fi\/sv\/wp-json\/wp\/v2\/types\/page"}],"author":[{"embeddable":true,"href":"https:\/\/cometofinland.fi\/sv\/wp-json\/wp\/v2\/users\/1"}],"replies":[{"embeddable":true,"href":"https:\/\/cometofinland.fi\/sv\/wp-json\/wp\/v2\/comments?post=2009"}],"version-history":[{"count":19,"href":"https:\/\/cometofinland.fi\/sv\/wp-json\/wp\/v2\/pages\/2009\/revisions"}],"predecessor-version":[{"id":23703,"href":"https:\/\/cometofinland.fi\/sv\/wp-json\/wp\/v2\/pages\/2009\/revisions\/23703"}],"wp:attachment":[{"href":"https:\/\/cometofinland.fi\/sv\/wp-json\/wp\/v2\/media?parent=2009"}],"curies":[{"name":"wp","href":"https:\/\/api.w.org\/{rel}","templated":true}]}}