{"id":6268,"date":"2018-11-16T17:08:16","date_gmt":"2018-11-16T15:08:16","guid":{"rendered":"https:\/\/cometofinland.fi\/return-policy\/"},"modified":"2022-11-02T07:25:17","modified_gmt":"2022-11-02T05:25:17","slug":"return-policy","status":"publish","type":"page","link":"https:\/\/cometofinland.fi\/sv\/return-policy\/","title":{"rendered":"Retur och reklamation"},"content":{"rendered":"<p>H\u00e4r finns information om du vill utnyttja din \u00e5ngerr\u00e4tt eller vill reklamera en vara.<\/p>\n<h2>\u00c5ngerr\u00e4tt och retur<\/h2>\n<p>Full \u00e5ngerr\u00e4tt g\u00e4ller inom fjorton dagar fr\u00e5n det att du mottagit varan, f\u00f6rutsatt att varan \u00e4r i nyskick. Meddela oss p\u00e5 <a href=\"mailto:posters@cometofinland.fi\">posters@cometofinland.fi <\/a>innan du skickar tillbaka varan till oss, och se till att bifoga orderbekr\u00e4ftelsen du fick vid k\u00f6pet.<\/p>\n<p>Observera att kunden st\u00e5r f\u00f6r alla kostnaderna vad g\u00e4ller returen. Att inte h\u00e4mta ut din paket betraktas inte som att du \u00e5ngrat ditt k\u00f6p eller nyttjar din returr\u00e4tt. Om du inte h\u00e4mtar ut ditt paket betalar du \u00e4nd\u00e5 f\u00f6r varan, samt f\u00f6r de extra transportkostnaderna som uppst\u00e5r.<\/p>\n<p>\u00c5terbetalningen g\u00f6rs till dig inom 14 dagar, via samma betalmetod som du anv\u00e4nt vid k\u00f6pet.<\/p>\n<h2>Reklamation<\/h2>\n<p>F\u00f6r att reklamera en felaktig eller defekt vara ber vi dig kontakta oss p\u00e5 <a href=\"mailto:posters@cometofinland.fi\">posters@cometofinland.fi<\/a>. Om du vill ha nya produkter skickar vi dig dessa utan n\u00e5gon extra fraktkostnad, f\u00f6rutsatt att produkterna finns tillg\u00e4ngliga. Om du ist\u00e4llet vill ha pengarna tillbaka eller om vi inte kan ers\u00e4tta dig med en ny produkt, g\u00f6r vi en \u00e5terbetalning till dig n\u00e4r vi f\u00e5tt de defekta produkterna i retur. En \u00e5terbetalning g\u00f6rs till dig inom 14 dagar via samma betalmetod som du anv\u00e4nt vid k\u00f6pet.<\/p>\n<h2>Returadress<\/h2>\n<p>Kundreturer postas till f\u00f6ljande adress. Kom ih\u00e5g att alltid f\u00f6rst skicka ett e-post till <a href=\"mailto:posters@cometofinland.fi\">posters@cometofinland.fi<\/a> om du vill skicka produkter i retur.<\/p>\n<p>Come to Finland Publishing Ab Oy<br \/>\nc\/o Anglo-Nordic<br \/>\nHyttm\u00e4starev\u00e4gen 3<br \/>\n02780 ESBO<br \/>\nFINLAND<\/p>\n","protected":false},"excerpt":{"rendered":"<p>H\u00e4r finns information om du vill utnyttja din \u00e5ngerr\u00e4tt eller vill reklamera en vara. \u00c5ngerr\u00e4tt och retur Full \u00e5ngerr\u00e4tt g\u00e4ller inom fjorton dagar fr\u00e5n det att du mottagit varan, f\u00f6rutsatt att varan \u00e4r i nyskick. Meddela oss p\u00e5 posters@cometofinland.fi innan du skickar tillbaka varan till oss, och se till att bifoga orderbekr\u00e4ftelsen du fick vid [&hellip;]<\/p>\n","protected":false},"author":1,"featured_media":0,"parent":0,"menu_order":0,"comment_status":"closed","ping_status":"closed","template":"","meta":{"_acf_changed":false,"footnotes":""},"class_list":["post-6268","page","type-page","status-publish","hentry"],"acf":[],"yoast_head":"<!-- This site is optimized with the Yoast SEO plugin v27.3 - https:\/\/yoast.com\/product\/yoast-seo-wordpress\/ -->\n<title>Retur och reklamation - Come to Finland<\/title>\n<meta name=\"robots\" content=\"index, follow, max-snippet:-1, max-image-preview:large, max-video-preview:-1\" \/>\n<link rel=\"canonical\" href=\"https:\/\/cometofinland.fi\/sv\/return-policy\/\" \/>\n<meta property=\"og:locale\" content=\"sv_SE\" \/>\n<meta property=\"og:type\" content=\"article\" \/>\n<meta property=\"og:title\" content=\"Retur och reklamation - Come to Finland\" \/>\n<meta property=\"og:description\" content=\"H\u00e4r finns information om du vill utnyttja din \u00e5ngerr\u00e4tt eller vill reklamera en vara. \u00c5ngerr\u00e4tt och retur Full \u00e5ngerr\u00e4tt g\u00e4ller inom fjorton dagar fr\u00e5n det att du mottagit varan, f\u00f6rutsatt att varan \u00e4r i nyskick. Meddela oss p\u00e5 posters@cometofinland.fi innan du skickar tillbaka varan till oss, och se till att bifoga orderbekr\u00e4ftelsen du fick vid [&hellip;]\" \/>\n<meta property=\"og:url\" content=\"https:\/\/cometofinland.fi\/sv\/return-policy\/\" \/>\n<meta property=\"og:site_name\" content=\"Come to Finland\" \/>\n<meta property=\"article:publisher\" content=\"https:\/\/fi-fi.facebook.com\/cometofinland\/\" \/>\n<meta property=\"article:modified_time\" content=\"2022-11-02T05:25:17+00:00\" \/>\n<meta name=\"twitter:card\" content=\"summary_large_image\" \/>\n<meta name=\"twitter:label1\" content=\"Ber\u00e4knad l\u00e4stid\" \/>\n\t<meta name=\"twitter:data1\" content=\"1 minut\" \/>\n<script type=\"application\/ld+json\" class=\"yoast-schema-graph\">{\"@context\":\"https:\\\/\\\/schema.org\",\"@graph\":[{\"@type\":\"WebPage\",\"@id\":\"https:\\\/\\\/cometofinland.fi\\\/sv\\\/return-policy\\\/\",\"url\":\"https:\\\/\\\/cometofinland.fi\\\/sv\\\/return-policy\\\/\",\"name\":\"Retur och reklamation - Come to Finland\",\"isPartOf\":{\"@id\":\"https:\\\/\\\/cometofinland.fi\\\/sv\\\/#website\"},\"datePublished\":\"2018-11-16T15:08:16+00:00\",\"dateModified\":\"2022-11-02T05:25:17+00:00\",\"breadcrumb\":{\"@id\":\"https:\\\/\\\/cometofinland.fi\\\/sv\\\/return-policy\\\/#breadcrumb\"},\"inLanguage\":\"sv-SE\",\"potentialAction\":[{\"@type\":\"ReadAction\",\"target\":[\"https:\\\/\\\/cometofinland.fi\\\/sv\\\/return-policy\\\/\"]}]},{\"@type\":\"BreadcrumbList\",\"@id\":\"https:\\\/\\\/cometofinland.fi\\\/sv\\\/return-policy\\\/#breadcrumb\",\"itemListElement\":[{\"@type\":\"ListItem\",\"position\":1,\"name\":\"Home\",\"item\":\"https:\\\/\\\/cometofinland.fi\\\/sv\\\/\"},{\"@type\":\"ListItem\",\"position\":2,\"name\":\"Retur och reklamation\"}]},{\"@type\":\"WebSite\",\"@id\":\"https:\\\/\\\/cometofinland.fi\\\/sv\\\/#website\",\"url\":\"https:\\\/\\\/cometofinland.fi\\\/sv\\\/\",\"name\":\"Come to Finland\",\"description\":\"Poster love from Finland! We bring new life to vintage travel posters, and also create new images from Finland!\",\"publisher\":{\"@id\":\"https:\\\/\\\/cometofinland.fi\\\/sv\\\/#organization\"},\"potentialAction\":[{\"@type\":\"SearchAction\",\"target\":{\"@type\":\"EntryPoint\",\"urlTemplate\":\"https:\\\/\\\/cometofinland.fi\\\/sv\\\/?s={search_term_string}\"},\"query-input\":{\"@type\":\"PropertyValueSpecification\",\"valueRequired\":true,\"valueName\":\"search_term_string\"}}],\"inLanguage\":\"sv-SE\"},{\"@type\":\"Organization\",\"@id\":\"https:\\\/\\\/cometofinland.fi\\\/sv\\\/#organization\",\"name\":\"Come to Finland\",\"url\":\"https:\\\/\\\/cometofinland.fi\\\/sv\\\/\",\"logo\":{\"@type\":\"ImageObject\",\"inLanguage\":\"sv-SE\",\"@id\":\"https:\\\/\\\/cometofinland.fi\\\/sv\\\/#\\\/schema\\\/logo\\\/image\\\/\",\"url\":\"https:\\\/\\\/cometofinland.fi\\\/wp-content\\\/uploads\\\/2019\\\/03\\\/CTF_LOGO_Blue.svg\",\"contentUrl\":\"https:\\\/\\\/cometofinland.fi\\\/wp-content\\\/uploads\\\/2019\\\/03\\\/CTF_LOGO_Blue.svg\",\"width\":1,\"height\":1,\"caption\":\"Come to Finland\"},\"image\":{\"@id\":\"https:\\\/\\\/cometofinland.fi\\\/sv\\\/#\\\/schema\\\/logo\\\/image\\\/\"},\"sameAs\":[\"https:\\\/\\\/fi-fi.facebook.com\\\/cometofinland\\\/\",\"https:\\\/\\\/www.instagram.com\\\/cometofinland\\\/\"]}]}<\/script>\n<!-- \/ Yoast SEO plugin. -->","yoast_head_json":{"title":"Retur och reklamation - Come to Finland","robots":{"index":"index","follow":"follow","max-snippet":"max-snippet:-1","max-image-preview":"max-image-preview:large","max-video-preview":"max-video-preview:-1"},"canonical":"https:\/\/cometofinland.fi\/sv\/return-policy\/","og_locale":"sv_SE","og_type":"article","og_title":"Retur och reklamation - Come to Finland","og_description":"H\u00e4r finns information om du vill utnyttja din \u00e5ngerr\u00e4tt eller vill reklamera en vara. \u00c5ngerr\u00e4tt och retur Full \u00e5ngerr\u00e4tt g\u00e4ller inom fjorton dagar fr\u00e5n det att du mottagit varan, f\u00f6rutsatt att varan \u00e4r i nyskick. Meddela oss p\u00e5 posters@cometofinland.fi innan du skickar tillbaka varan till oss, och se till att bifoga orderbekr\u00e4ftelsen du fick vid [&hellip;]","og_url":"https:\/\/cometofinland.fi\/sv\/return-policy\/","og_site_name":"Come to Finland","article_publisher":"https:\/\/fi-fi.facebook.com\/cometofinland\/","article_modified_time":"2022-11-02T05:25:17+00:00","twitter_card":"summary_large_image","twitter_misc":{"Ber\u00e4knad l\u00e4stid":"1 minut"},"schema":{"@context":"https:\/\/schema.org","@graph":[{"@type":"WebPage","@id":"https:\/\/cometofinland.fi\/sv\/return-policy\/","url":"https:\/\/cometofinland.fi\/sv\/return-policy\/","name":"Retur och reklamation - Come to Finland","isPartOf":{"@id":"https:\/\/cometofinland.fi\/sv\/#website"},"datePublished":"2018-11-16T15:08:16+00:00","dateModified":"2022-11-02T05:25:17+00:00","breadcrumb":{"@id":"https:\/\/cometofinland.fi\/sv\/return-policy\/#breadcrumb"},"inLanguage":"sv-SE","potentialAction":[{"@type":"ReadAction","target":["https:\/\/cometofinland.fi\/sv\/return-policy\/"]}]},{"@type":"BreadcrumbList","@id":"https:\/\/cometofinland.fi\/sv\/return-policy\/#breadcrumb","itemListElement":[{"@type":"ListItem","position":1,"name":"Home","item":"https:\/\/cometofinland.fi\/sv\/"},{"@type":"ListItem","position":2,"name":"Retur och reklamation"}]},{"@type":"WebSite","@id":"https:\/\/cometofinland.fi\/sv\/#website","url":"https:\/\/cometofinland.fi\/sv\/","name":"Come to Finland","description":"Poster love from Finland! We bring new life to vintage travel posters, and also create new images from Finland!","publisher":{"@id":"https:\/\/cometofinland.fi\/sv\/#organization"},"potentialAction":[{"@type":"SearchAction","target":{"@type":"EntryPoint","urlTemplate":"https:\/\/cometofinland.fi\/sv\/?s={search_term_string}"},"query-input":{"@type":"PropertyValueSpecification","valueRequired":true,"valueName":"search_term_string"}}],"inLanguage":"sv-SE"},{"@type":"Organization","@id":"https:\/\/cometofinland.fi\/sv\/#organization","name":"Come to Finland","url":"https:\/\/cometofinland.fi\/sv\/","logo":{"@type":"ImageObject","inLanguage":"sv-SE","@id":"https:\/\/cometofinland.fi\/sv\/#\/schema\/logo\/image\/","url":"https:\/\/cometofinland.fi\/wp-content\/uploads\/2019\/03\/CTF_LOGO_Blue.svg","contentUrl":"https:\/\/cometofinland.fi\/wp-content\/uploads\/2019\/03\/CTF_LOGO_Blue.svg","width":1,"height":1,"caption":"Come to Finland"},"image":{"@id":"https:\/\/cometofinland.fi\/sv\/#\/schema\/logo\/image\/"},"sameAs":["https:\/\/fi-fi.facebook.com\/cometofinland\/","https:\/\/www.instagram.com\/cometofinland\/"]}]}},"_links":{"self":[{"href":"https:\/\/cometofinland.fi\/sv\/wp-json\/wp\/v2\/pages\/6268","targetHints":{"allow":["GET"]}}],"collection":[{"href":"https:\/\/cometofinland.fi\/sv\/wp-json\/wp\/v2\/pages"}],"about":[{"href":"https:\/\/cometofinland.fi\/sv\/wp-json\/wp\/v2\/types\/page"}],"author":[{"embeddable":true,"href":"https:\/\/cometofinland.fi\/sv\/wp-json\/wp\/v2\/users\/1"}],"replies":[{"embeddable":true,"href":"https:\/\/cometofinland.fi\/sv\/wp-json\/wp\/v2\/comments?post=6268"}],"version-history":[{"count":9,"href":"https:\/\/cometofinland.fi\/sv\/wp-json\/wp\/v2\/pages\/6268\/revisions"}],"predecessor-version":[{"id":23280,"href":"https:\/\/cometofinland.fi\/sv\/wp-json\/wp\/v2\/pages\/6268\/revisions\/23280"}],"wp:attachment":[{"href":"https:\/\/cometofinland.fi\/sv\/wp-json\/wp\/v2\/media?parent=6268"}],"curies":[{"name":"wp","href":"https:\/\/api.w.org\/{rel}","templated":true}]}}