{"id":6367,"date":"2019-01-23T11:20:39","date_gmt":"2019-01-23T09:20:39","guid":{"rendered":"https:\/\/cometofinland.fi\/delivery-information\/"},"modified":"2019-01-23T11:38:04","modified_gmt":"2019-01-23T09:38:04","slug":"delivery-information","status":"publish","type":"page","link":"https:\/\/cometofinland.fi\/sv\/delivery-information\/","title":{"rendered":"Leveransvillkor"},"content":{"rendered":"<p>Come to Finland anv\u00e4nder i huvudsak PostNords och finska Postens tj\u00e4nster f\u00f6r leverans inom Finland och utomlands. Best\u00e4llningar skickas normalt fr\u00e5n oss inom 1-3 vardagar efter mottagen best\u00e4llning. Vidare tillkommer sedan leverant\u00f6rens leveranstid, som vi tyv\u00e4rr inte kan p\u00e5verka.<\/p>\n<p>Kunden f\u00e5r ett bekr\u00e4ftelsemejl b\u00e5de d\u00e5 best\u00e4llningen \u00e4r gjord och d\u00e5 paketet \u00e5kt iv\u00e4g fr\u00e5n oss. I det senare mejlet finns en f\u00f6rs\u00e4ndelsekod f\u00f6r uppf\u00f6ljning av leveransen.<\/p>\n<p>F\u00f6r att garantera leveransen beh\u00f6ver vi kundens korrekta postadress, telefonnummer och e-postadress. Come to Finland tar inte ansvar f\u00f6r leveranser till bristf\u00e4lliga eller felaktiga adresser.<\/p>\n<p>Notera att kunden sj\u00e4lv ansvarar f\u00f6r alla eventuella skatter i mottagarlandet samt tullavgifter.<\/p>\n<p>D\u00e5 en kund best\u00e4ller en affisch och en annan produkt (till exempel en bok) samtidigt, \u00e4r det m\u00f6jligt att leveransen skickas som tv\u00e5 separata paket, av praktiska sk\u00e4l.<\/p>\n","protected":false},"excerpt":{"rendered":"<p>Come to Finland anv\u00e4nder i huvudsak PostNords och finska Postens tj\u00e4nster f\u00f6r leverans inom Finland och utomlands. Best\u00e4llningar skickas normalt fr\u00e5n oss inom 1-3 vardagar efter mottagen best\u00e4llning. Vidare tillkommer sedan leverant\u00f6rens leveranstid, som vi tyv\u00e4rr inte kan p\u00e5verka. Kunden f\u00e5r ett bekr\u00e4ftelsemejl b\u00e5de d\u00e5 best\u00e4llningen \u00e4r gjord och d\u00e5 paketet \u00e5kt iv\u00e4g fr\u00e5n oss. [&hellip;]<\/p>\n","protected":false},"author":3,"featured_media":0,"parent":0,"menu_order":0,"comment_status":"closed","ping_status":"closed","template":"","meta":{"_acf_changed":false,"footnotes":""},"class_list":["post-6367","page","type-page","status-publish","hentry"],"acf":[],"yoast_head":"<!-- This site is optimized with the Yoast SEO plugin v27.3 - https:\/\/yoast.com\/product\/yoast-seo-wordpress\/ -->\n<title>Leveransvillkor - Come to Finland<\/title>\n<meta name=\"robots\" content=\"index, follow, max-snippet:-1, max-image-preview:large, max-video-preview:-1\" \/>\n<link rel=\"canonical\" href=\"https:\/\/cometofinland.fi\/sv\/delivery-information\/\" \/>\n<meta property=\"og:locale\" content=\"sv_SE\" \/>\n<meta property=\"og:type\" content=\"article\" \/>\n<meta property=\"og:title\" content=\"Leveransvillkor - Come to Finland\" \/>\n<meta property=\"og:description\" content=\"Come to Finland anv\u00e4nder i huvudsak PostNords och finska Postens tj\u00e4nster f\u00f6r leverans inom Finland och utomlands. Best\u00e4llningar skickas normalt fr\u00e5n oss inom 1-3 vardagar efter mottagen best\u00e4llning. Vidare tillkommer sedan leverant\u00f6rens leveranstid, som vi tyv\u00e4rr inte kan p\u00e5verka. Kunden f\u00e5r ett bekr\u00e4ftelsemejl b\u00e5de d\u00e5 best\u00e4llningen \u00e4r gjord och d\u00e5 paketet \u00e5kt iv\u00e4g fr\u00e5n oss. [&hellip;]\" \/>\n<meta property=\"og:url\" content=\"https:\/\/cometofinland.fi\/sv\/delivery-information\/\" \/>\n<meta property=\"og:site_name\" content=\"Come to Finland\" \/>\n<meta property=\"article:publisher\" content=\"https:\/\/fi-fi.facebook.com\/cometofinland\/\" \/>\n<meta property=\"article:modified_time\" content=\"2019-01-23T09:38:04+00:00\" \/>\n<meta name=\"twitter:card\" content=\"summary_large_image\" \/>\n<meta name=\"twitter:label1\" content=\"Ber\u00e4knad l\u00e4stid\" \/>\n\t<meta name=\"twitter:data1\" content=\"1 minut\" \/>\n<script type=\"application\/ld+json\" class=\"yoast-schema-graph\">{\"@context\":\"https:\\\/\\\/schema.org\",\"@graph\":[{\"@type\":\"WebPage\",\"@id\":\"https:\\\/\\\/cometofinland.fi\\\/sv\\\/delivery-information\\\/\",\"url\":\"https:\\\/\\\/cometofinland.fi\\\/sv\\\/delivery-information\\\/\",\"name\":\"Leveransvillkor - Come to Finland\",\"isPartOf\":{\"@id\":\"https:\\\/\\\/cometofinland.fi\\\/sv\\\/#website\"},\"datePublished\":\"2019-01-23T09:20:39+00:00\",\"dateModified\":\"2019-01-23T09:38:04+00:00\",\"breadcrumb\":{\"@id\":\"https:\\\/\\\/cometofinland.fi\\\/sv\\\/delivery-information\\\/#breadcrumb\"},\"inLanguage\":\"sv-SE\",\"potentialAction\":[{\"@type\":\"ReadAction\",\"target\":[\"https:\\\/\\\/cometofinland.fi\\\/sv\\\/delivery-information\\\/\"]}]},{\"@type\":\"BreadcrumbList\",\"@id\":\"https:\\\/\\\/cometofinland.fi\\\/sv\\\/delivery-information\\\/#breadcrumb\",\"itemListElement\":[{\"@type\":\"ListItem\",\"position\":1,\"name\":\"Home\",\"item\":\"https:\\\/\\\/cometofinland.fi\\\/sv\\\/\"},{\"@type\":\"ListItem\",\"position\":2,\"name\":\"Leveransvillkor\"}]},{\"@type\":\"WebSite\",\"@id\":\"https:\\\/\\\/cometofinland.fi\\\/sv\\\/#website\",\"url\":\"https:\\\/\\\/cometofinland.fi\\\/sv\\\/\",\"name\":\"Come to Finland\",\"description\":\"Poster love from Finland! We bring new life to vintage travel posters, and also create new images from Finland!\",\"publisher\":{\"@id\":\"https:\\\/\\\/cometofinland.fi\\\/sv\\\/#organization\"},\"potentialAction\":[{\"@type\":\"SearchAction\",\"target\":{\"@type\":\"EntryPoint\",\"urlTemplate\":\"https:\\\/\\\/cometofinland.fi\\\/sv\\\/?s={search_term_string}\"},\"query-input\":{\"@type\":\"PropertyValueSpecification\",\"valueRequired\":true,\"valueName\":\"search_term_string\"}}],\"inLanguage\":\"sv-SE\"},{\"@type\":\"Organization\",\"@id\":\"https:\\\/\\\/cometofinland.fi\\\/sv\\\/#organization\",\"name\":\"Come to Finland\",\"url\":\"https:\\\/\\\/cometofinland.fi\\\/sv\\\/\",\"logo\":{\"@type\":\"ImageObject\",\"inLanguage\":\"sv-SE\",\"@id\":\"https:\\\/\\\/cometofinland.fi\\\/sv\\\/#\\\/schema\\\/logo\\\/image\\\/\",\"url\":\"https:\\\/\\\/cometofinland.fi\\\/wp-content\\\/uploads\\\/2019\\\/03\\\/CTF_LOGO_Blue.svg\",\"contentUrl\":\"https:\\\/\\\/cometofinland.fi\\\/wp-content\\\/uploads\\\/2019\\\/03\\\/CTF_LOGO_Blue.svg\",\"width\":1,\"height\":1,\"caption\":\"Come to Finland\"},\"image\":{\"@id\":\"https:\\\/\\\/cometofinland.fi\\\/sv\\\/#\\\/schema\\\/logo\\\/image\\\/\"},\"sameAs\":[\"https:\\\/\\\/fi-fi.facebook.com\\\/cometofinland\\\/\",\"https:\\\/\\\/www.instagram.com\\\/cometofinland\\\/\"]}]}<\/script>\n<!-- \/ Yoast SEO plugin. -->","yoast_head_json":{"title":"Leveransvillkor - Come to Finland","robots":{"index":"index","follow":"follow","max-snippet":"max-snippet:-1","max-image-preview":"max-image-preview:large","max-video-preview":"max-video-preview:-1"},"canonical":"https:\/\/cometofinland.fi\/sv\/delivery-information\/","og_locale":"sv_SE","og_type":"article","og_title":"Leveransvillkor - Come to Finland","og_description":"Come to Finland anv\u00e4nder i huvudsak PostNords och finska Postens tj\u00e4nster f\u00f6r leverans inom Finland och utomlands. Best\u00e4llningar skickas normalt fr\u00e5n oss inom 1-3 vardagar efter mottagen best\u00e4llning. Vidare tillkommer sedan leverant\u00f6rens leveranstid, som vi tyv\u00e4rr inte kan p\u00e5verka. Kunden f\u00e5r ett bekr\u00e4ftelsemejl b\u00e5de d\u00e5 best\u00e4llningen \u00e4r gjord och d\u00e5 paketet \u00e5kt iv\u00e4g fr\u00e5n oss. [&hellip;]","og_url":"https:\/\/cometofinland.fi\/sv\/delivery-information\/","og_site_name":"Come to Finland","article_publisher":"https:\/\/fi-fi.facebook.com\/cometofinland\/","article_modified_time":"2019-01-23T09:38:04+00:00","twitter_card":"summary_large_image","twitter_misc":{"Ber\u00e4knad l\u00e4stid":"1 minut"},"schema":{"@context":"https:\/\/schema.org","@graph":[{"@type":"WebPage","@id":"https:\/\/cometofinland.fi\/sv\/delivery-information\/","url":"https:\/\/cometofinland.fi\/sv\/delivery-information\/","name":"Leveransvillkor - Come to Finland","isPartOf":{"@id":"https:\/\/cometofinland.fi\/sv\/#website"},"datePublished":"2019-01-23T09:20:39+00:00","dateModified":"2019-01-23T09:38:04+00:00","breadcrumb":{"@id":"https:\/\/cometofinland.fi\/sv\/delivery-information\/#breadcrumb"},"inLanguage":"sv-SE","potentialAction":[{"@type":"ReadAction","target":["https:\/\/cometofinland.fi\/sv\/delivery-information\/"]}]},{"@type":"BreadcrumbList","@id":"https:\/\/cometofinland.fi\/sv\/delivery-information\/#breadcrumb","itemListElement":[{"@type":"ListItem","position":1,"name":"Home","item":"https:\/\/cometofinland.fi\/sv\/"},{"@type":"ListItem","position":2,"name":"Leveransvillkor"}]},{"@type":"WebSite","@id":"https:\/\/cometofinland.fi\/sv\/#website","url":"https:\/\/cometofinland.fi\/sv\/","name":"Come to Finland","description":"Poster love from Finland! We bring new life to vintage travel posters, and also create new images from Finland!","publisher":{"@id":"https:\/\/cometofinland.fi\/sv\/#organization"},"potentialAction":[{"@type":"SearchAction","target":{"@type":"EntryPoint","urlTemplate":"https:\/\/cometofinland.fi\/sv\/?s={search_term_string}"},"query-input":{"@type":"PropertyValueSpecification","valueRequired":true,"valueName":"search_term_string"}}],"inLanguage":"sv-SE"},{"@type":"Organization","@id":"https:\/\/cometofinland.fi\/sv\/#organization","name":"Come to Finland","url":"https:\/\/cometofinland.fi\/sv\/","logo":{"@type":"ImageObject","inLanguage":"sv-SE","@id":"https:\/\/cometofinland.fi\/sv\/#\/schema\/logo\/image\/","url":"https:\/\/cometofinland.fi\/wp-content\/uploads\/2019\/03\/CTF_LOGO_Blue.svg","contentUrl":"https:\/\/cometofinland.fi\/wp-content\/uploads\/2019\/03\/CTF_LOGO_Blue.svg","width":1,"height":1,"caption":"Come to Finland"},"image":{"@id":"https:\/\/cometofinland.fi\/sv\/#\/schema\/logo\/image\/"},"sameAs":["https:\/\/fi-fi.facebook.com\/cometofinland\/","https:\/\/www.instagram.com\/cometofinland\/"]}]}},"_links":{"self":[{"href":"https:\/\/cometofinland.fi\/sv\/wp-json\/wp\/v2\/pages\/6367","targetHints":{"allow":["GET"]}}],"collection":[{"href":"https:\/\/cometofinland.fi\/sv\/wp-json\/wp\/v2\/pages"}],"about":[{"href":"https:\/\/cometofinland.fi\/sv\/wp-json\/wp\/v2\/types\/page"}],"author":[{"embeddable":true,"href":"https:\/\/cometofinland.fi\/sv\/wp-json\/wp\/v2\/users\/3"}],"replies":[{"embeddable":true,"href":"https:\/\/cometofinland.fi\/sv\/wp-json\/wp\/v2\/comments?post=6367"}],"version-history":[{"count":2,"href":"https:\/\/cometofinland.fi\/sv\/wp-json\/wp\/v2\/pages\/6367\/revisions"}],"predecessor-version":[{"id":6371,"href":"https:\/\/cometofinland.fi\/sv\/wp-json\/wp\/v2\/pages\/6367\/revisions\/6371"}],"wp:attachment":[{"href":"https:\/\/cometofinland.fi\/sv\/wp-json\/wp\/v2\/media?parent=6367"}],"curies":[{"name":"wp","href":"https:\/\/api.w.org\/{rel}","templated":true}]}}