{"id":6382,"date":"2019-01-23T12:12:42","date_gmt":"2019-01-23T10:12:42","guid":{"rendered":"https:\/\/cometofinland.fi\/we-at-come-to-finland\/"},"modified":"2022-10-13T14:46:03","modified_gmt":"2022-10-13T11:46:03","slug":"we-at-come-to-finland","status":"publish","type":"page","link":"https:\/\/cometofinland.fi\/sv\/med-passion-for-affischkonst\/we-at-come-to-finland\/","title":{"rendered":"Vi p\u00e5 Come to Finland"},"content":{"rendered":"<h3>Kontakta oss!<\/h3>\n<p>Det l\u00e4ttaste och ofta snabbaste s\u00e4ttet att n\u00e5 v\u00e5r kundservice \u00e4r genom att ta mejla oss p\u00e5 adressen: <a href=\"mailto:posters@cometofinland.fi\">posters@cometofinland.fi<\/a><\/p>\n<p>Du kan n\u00e5 v\u00e5r kundbetj\u00e4ning i regel m\u00e5n-tors kl. 9-16 (finsk tid): +358447448088<\/p>\n<h3><\/h3>\n<p><img loading=\"lazy\" decoding=\"async\" class=\"size-full wp-image-6310 alignleft\" src=\"https:\/\/cometofinland.fi\/wp-content\/uploads\/2019\/01\/magnus.png\" alt=\"\" width=\"218\" height=\"219\" srcset=\"https:\/\/cometofinland.fi\/wp-content\/uploads\/2019\/01\/magnus.png 218w, https:\/\/cometofinland.fi\/wp-content\/uploads\/2019\/01\/magnus-150x150.png 150w, https:\/\/cometofinland.fi\/wp-content\/uploads\/2019\/01\/magnus-100x100.png 100w\" sizes=\"auto, (max-width: 218px) 100vw, 218px\" \/><\/p>\n<h2>Magnus Londen<\/h2>\n<p><strong>Poster hunter, grundare<\/strong><\/p>\n<p>Magnus \u00e4r v\u00e5r kreativa chef och grundare av Come to Finland. Men hans tidigare liv h\u00e4nger fortfarande med: han \u00e4r ocks\u00e5 journalist och f\u00f6rfattare. Han har skrivit tre reseskildningar (Sibirien, S:t Petersburg och Charterresor) och \u00e4r sedan 2005 varje fredag programledare f\u00f6r talkshowen Eftersnack p\u00e5 finl\u00e4ndska Yle. \u00c5r 2021 utkom hans f\u00f6rsta roman, en satir om f\u00f6r\u00e4ndringsmantrat i samh\u00e4llet och f\u00f6retagslivet.<\/p>\n<p><strong>Favoritaffisch:<\/strong> <a href=\"https:\/\/cometofinland.fi\/sv\/produkt\/the-champagne-lady-swe-original-size-poster\/\">Champagnedamen<\/a><br \/>\n<strong>B\u00e4sta resm\u00e5l i Finland:<\/strong> Savolax insj\u00f6ar<br \/>\n<strong>Dr\u00f6mm\u00e5l i v\u00e4rlden: <\/strong>Libanon<\/p>\n<p><a href=\"mailto:magnus.londen@cometofinland.fi\">magnus.londen@cometofinland.fi<\/a><\/p>\n<p>&nbsp;<\/p>\n<p><img loading=\"lazy\" decoding=\"async\" class=\"wp-image-11278 size-full alignleft\" src=\"https:\/\/cometofinland.fi\/wp-content\/uploads\/2019\/03\/CTS_kontakt_EMILIA_02.png\" alt=\"\" width=\"224\" height=\"224\" srcset=\"https:\/\/cometofinland.fi\/wp-content\/uploads\/2019\/03\/CTS_kontakt_EMILIA_02.png 224w, https:\/\/cometofinland.fi\/wp-content\/uploads\/2019\/03\/CTS_kontakt_EMILIA_02-150x150.png 150w, https:\/\/cometofinland.fi\/wp-content\/uploads\/2019\/03\/CTS_kontakt_EMILIA_02-100x100.png 100w\" sizes=\"auto, (max-width: 224px) 100vw, 224px\" \/><\/p>\n<h2>Emilia Hyt\u00f6nen<\/h2>\n<p><strong>Digital marknadsf\u00f6ring<br \/>\n<\/strong><\/p>\n<p>Emilia jobbar med v\u00e5ra sociala medier och digital marknadsf\u00f6ring. Hon \u00e4lskar alla m\u00f6jligheter som sociala medier medf\u00f6r: &#8221; Det \u00e4r ju helt fantastiskt att man kan koppla med och sprida sitt budskap till hela v\u00e4rlden &#8211; f\u00f6r oss \u00e4r budskapet att finsk affischkonst ger gl\u00e4dje till alla&#8221;.<\/p>\n<p>Kulturproducent som hon \u00e4r jobbar hon ocks\u00e5 med projekt inom inom musik och konst. N\u00e4r hon inte jobbar hittar du henne oftast ute i Helsingfors d\u00e4r hon tar in all kultur som v\u00e5r huvudstad erbjuder,\u00a0 eller s\u00e5 provar hon stans nyaste caf\u00e9er och resturanger.<\/p>\n<p><strong>Favoritaffisch: <\/strong><a href=\"https:\/\/cometofinland.fi\/sv\/produkt\/come-to-finland-olavinlinna-poster-50-x-70-cm-on-demand-print\/\">Olavinlinna by V\u00e4ino Blomstedt<\/a><br \/>\n<strong>Favoritresm\u00e5l i Finland: <\/strong>Inget sl\u00e5r insj\u00f6finland p\u00e5 sommaren!<br \/>\n<strong>Resedr\u00f6mmen: <\/strong>Nepal<\/p>\n<p>&nbsp;<\/p>\n<p>&nbsp;<\/p>\n<h2><img loading=\"lazy\" decoding=\"async\" class=\"size-full wp-image-21267 alignleft\" src=\"https:\/\/cometofinland.fi\/wp-content\/uploads\/2021\/09\/CTF_Sophie.jpg\" alt=\"\" width=\"218\" height=\"219\" srcset=\"https:\/\/cometofinland.fi\/wp-content\/uploads\/2021\/09\/CTF_Sophie.jpg 218w, https:\/\/cometofinland.fi\/wp-content\/uploads\/2021\/09\/CTF_Sophie-150x150.jpg 150w\" sizes=\"auto, (max-width: 218px) 100vw, 218px\" \/><\/h2>\n<h2>Sophie Holm<\/h2>\n<p><strong>Forskare<\/strong><\/p>\n<p>Sophie \u00e4r historiker och jobbar med bakgrundsresearch, utst\u00e4llningstexter och bokprojekt f\u00f6r oss. Hon ser till att Come to Finland beaktar ny forskning i sin verksamhet. Som historiker fascineras Sophie av akt\u00f6rer som rest omkring eller f\u00f6rmedlat mellan kulturer: diplomater och \u00f6vers\u00e4ttare, men ocks\u00e5 turister! N\u00e4r hon sj\u00e4lv reser g\u00e5r f\u00e4rden ofta till norra Spaniens vandringsleder, d\u00e4r det \u00e4r l\u00e4tt att kombinera natur och kultur i passliga doser.<\/p>\n<p><strong>Favoritaffisch: <\/strong><a href=\"https:\/\/cometofinland.fi\/sv\/produkt\/30-000-lakes-original-size-poster\/?v=f0aa03aaca95\">30 000 lakes<\/a><br \/>\n<strong>B\u00e4sta resm\u00e5l i Finland:<\/strong> \u00c5land<br \/>\n<strong>Dr\u00f6mm\u00e5l i v\u00e4rlden: <\/strong>Mikronesien<\/p>\n<p><a href=\"mailto:sophie@cometofinland.fi\">sophie@cometofinland.fi<\/a><\/p>\n<p>&nbsp;<\/p>\n<p><img loading=\"lazy\" decoding=\"async\" class=\"size-full wp-image-6301 alignleft\" src=\"https:\/\/cometofinland.fi\/wp-content\/uploads\/2019\/01\/husain.png\" alt=\"\" width=\"218\" height=\"219\" srcset=\"https:\/\/cometofinland.fi\/wp-content\/uploads\/2019\/01\/husain.png 218w, https:\/\/cometofinland.fi\/wp-content\/uploads\/2019\/01\/husain-150x150.png 150w, https:\/\/cometofinland.fi\/wp-content\/uploads\/2019\/01\/husain-100x100.png 100w\" sizes=\"auto, (max-width: 218px) 100vw, 218px\" \/><\/p>\n<h2>Husain Pazhohan<\/h2>\n<p>Jag f\u00f6ddes i Afghanistan, men p\u00e5 grund av inb\u00f6rdeskriget flyttade min familj till Irak och senare till Iran. D\u00e4r bodde vi i tjugo \u00e5r. Efter att jag slutf\u00f6rt mina universitetsstudier best\u00e4mde jag mig f\u00f6r att \u00e5terv\u00e4nda till Afghanistan. \u00c5ret var 2004, USA hade tagit \u00f6ver landet och Talibanregimen hade kollapsat. Jag b\u00f6rjade arbeta med internationella organisationer s\u00e5som World Vision och USAID. Samtidigt startade jag mitt eget f\u00f6retag som exporterade saffran och torkad frukt. Men sm\u00e5ningom blev taliban starkare och jag var tvungen att fly eftersom taliban inte accepterar att man arbetar med utl\u00e4ndska organisationer.<\/p>\n<p>Efter en l\u00e5ng och mycket komplicerad resa hittade jag mig sj\u00e4lv i Finland. S\u00e5 sedan 2015 har jag bott h\u00e4r, jag blev anst\u00e4lld 2017 och har jobbat med logistik p\u00e5 Come to Finland sedan dess. Jag \u00e4lskar b\u00e5de de klassiska och de moderna affischerna, de b\u00e4r p\u00e5 en k\u00e4nsla av njutning och i viss m\u00e5n \u00e4ven av ledsamhet \u2013 om man bet\u00e4nker allt det tragiska som skett i det f\u00f6rflutna.<\/p>\n<p><strong>Favoritaffischer:<\/strong> <a href=\"https:\/\/cometofinland.fi\/sv\/produkt\/close-your-eyes-by-adrienn-szell-poster-50-x-70-cm-on-demand-print\/\">Close your eyes<\/a><br \/>\n<strong>B\u00e4sta resm\u00e5l i Finland:<\/strong> Lappland<br \/>\n<strong>Dr\u00f6mm\u00e5l i v\u00e4rlden:<\/strong> Australien<\/p>\n<p><a href=\"mailto:qurban@cometofinland.fi\">qurban@cometofinland.fi<\/a><\/p>\n<p><em>Bannerfoto: Skidsegling<\/em><em>, Masaby, 1931 av Bernhard \u00c5str\u00f6m, <\/em><em>Svenska litteraturs\u00e4llskapet i Finland, CC-license.<\/em><\/p>\n<p><em>\u00a0<\/em><\/p>\n","protected":false},"excerpt":{"rendered":"<p>Kontakta oss! Det l\u00e4ttaste och ofta snabbaste s\u00e4ttet att n\u00e5 v\u00e5r kundservice \u00e4r genom att ta mejla oss p\u00e5 adressen: posters@cometofinland.fi Du kan n\u00e5 v\u00e5r kundbetj\u00e4ning i regel m\u00e5n-tors kl. 9-16 (finsk tid): +358447448088 Magnus Londen Poster hunter, grundare Magnus \u00e4r v\u00e5r kreativa chef och grundare av Come to Finland. Men hans tidigare liv h\u00e4nger [&hellip;]<\/p>\n","protected":false},"author":3,"featured_media":0,"parent":6281,"menu_order":0,"comment_status":"closed","ping_status":"closed","template":"","meta":{"_acf_changed":false,"footnotes":""},"class_list":["post-6382","page","type-page","status-publish","hentry"],"acf":[],"yoast_head":"<!-- This site is optimized with the Yoast SEO plugin v27.3 - https:\/\/yoast.com\/product\/yoast-seo-wordpress\/ -->\n<title>Vi p\u00e5 Come to Finland - Come to Finland<\/title>\n<meta name=\"robots\" content=\"index, follow, max-snippet:-1, max-image-preview:large, max-video-preview:-1\" \/>\n<link rel=\"canonical\" href=\"https:\/\/cometofinland.fi\/sv\/med-passion-for-affischkonst\/we-at-come-to-finland\/\" \/>\n<meta property=\"og:locale\" content=\"sv_SE\" \/>\n<meta property=\"og:type\" content=\"article\" \/>\n<meta property=\"og:title\" content=\"Vi p\u00e5 Come to Finland - Come to Finland\" \/>\n<meta property=\"og:description\" content=\"Kontakta oss! Det l\u00e4ttaste och ofta snabbaste s\u00e4ttet att n\u00e5 v\u00e5r kundservice \u00e4r genom att ta mejla oss p\u00e5 adressen: posters@cometofinland.fi Du kan n\u00e5 v\u00e5r kundbetj\u00e4ning i regel m\u00e5n-tors kl. 9-16 (finsk tid): +358447448088 Magnus Londen Poster hunter, grundare Magnus \u00e4r v\u00e5r kreativa chef och grundare av Come to Finland. Men hans tidigare liv h\u00e4nger [&hellip;]\" \/>\n<meta property=\"og:url\" content=\"https:\/\/cometofinland.fi\/sv\/med-passion-for-affischkonst\/we-at-come-to-finland\/\" \/>\n<meta property=\"og:site_name\" content=\"Come to Finland\" \/>\n<meta property=\"article:publisher\" content=\"https:\/\/fi-fi.facebook.com\/cometofinland\/\" \/>\n<meta property=\"article:modified_time\" content=\"2022-10-13T11:46:03+00:00\" \/>\n<meta property=\"og:image\" content=\"https:\/\/cometofinland.fi\/wp-content\/uploads\/2019\/01\/magnus.png\" \/>\n<meta name=\"twitter:card\" content=\"summary_large_image\" \/>\n<meta name=\"twitter:label1\" content=\"Ber\u00e4knad l\u00e4stid\" \/>\n\t<meta name=\"twitter:data1\" content=\"3 minuter\" \/>\n<script type=\"application\/ld+json\" class=\"yoast-schema-graph\">{\"@context\":\"https:\\\/\\\/schema.org\",\"@graph\":[{\"@type\":\"WebPage\",\"@id\":\"https:\\\/\\\/cometofinland.fi\\\/sv\\\/med-passion-for-affischkonst\\\/we-at-come-to-finland\\\/\",\"url\":\"https:\\\/\\\/cometofinland.fi\\\/sv\\\/med-passion-for-affischkonst\\\/we-at-come-to-finland\\\/\",\"name\":\"Vi p\u00e5 Come to Finland - Come to Finland\",\"isPartOf\":{\"@id\":\"https:\\\/\\\/cometofinland.fi\\\/sv\\\/#website\"},\"primaryImageOfPage\":{\"@id\":\"https:\\\/\\\/cometofinland.fi\\\/sv\\\/med-passion-for-affischkonst\\\/we-at-come-to-finland\\\/#primaryimage\"},\"image\":{\"@id\":\"https:\\\/\\\/cometofinland.fi\\\/sv\\\/med-passion-for-affischkonst\\\/we-at-come-to-finland\\\/#primaryimage\"},\"thumbnailUrl\":\"https:\\\/\\\/cometofinland.fi\\\/wp-content\\\/uploads\\\/2019\\\/01\\\/magnus.png\",\"datePublished\":\"2019-01-23T10:12:42+00:00\",\"dateModified\":\"2022-10-13T11:46:03+00:00\",\"breadcrumb\":{\"@id\":\"https:\\\/\\\/cometofinland.fi\\\/sv\\\/med-passion-for-affischkonst\\\/we-at-come-to-finland\\\/#breadcrumb\"},\"inLanguage\":\"sv-SE\",\"potentialAction\":[{\"@type\":\"ReadAction\",\"target\":[\"https:\\\/\\\/cometofinland.fi\\\/sv\\\/med-passion-for-affischkonst\\\/we-at-come-to-finland\\\/\"]}]},{\"@type\":\"ImageObject\",\"inLanguage\":\"sv-SE\",\"@id\":\"https:\\\/\\\/cometofinland.fi\\\/sv\\\/med-passion-for-affischkonst\\\/we-at-come-to-finland\\\/#primaryimage\",\"url\":\"https:\\\/\\\/cometofinland.fi\\\/wp-content\\\/uploads\\\/2019\\\/01\\\/magnus.png\",\"contentUrl\":\"https:\\\/\\\/cometofinland.fi\\\/wp-content\\\/uploads\\\/2019\\\/01\\\/magnus.png\"},{\"@type\":\"BreadcrumbList\",\"@id\":\"https:\\\/\\\/cometofinland.fi\\\/sv\\\/med-passion-for-affischkonst\\\/we-at-come-to-finland\\\/#breadcrumb\",\"itemListElement\":[{\"@type\":\"ListItem\",\"position\":1,\"name\":\"Home\",\"item\":\"https:\\\/\\\/cometofinland.fi\\\/sv\\\/\"},{\"@type\":\"ListItem\",\"position\":2,\"name\":\"Med passion f\u00f6r affischkonst\",\"item\":\"https:\\\/\\\/cometofinland.fi\\\/sv\\\/med-passion-for-affischkonst\\\/\"},{\"@type\":\"ListItem\",\"position\":3,\"name\":\"Vi p\u00e5 Come to Finland\"}]},{\"@type\":\"WebSite\",\"@id\":\"https:\\\/\\\/cometofinland.fi\\\/sv\\\/#website\",\"url\":\"https:\\\/\\\/cometofinland.fi\\\/sv\\\/\",\"name\":\"Come to Finland\",\"description\":\"Poster love from Finland! We bring new life to vintage travel posters, and also create new images from Finland!\",\"publisher\":{\"@id\":\"https:\\\/\\\/cometofinland.fi\\\/sv\\\/#organization\"},\"potentialAction\":[{\"@type\":\"SearchAction\",\"target\":{\"@type\":\"EntryPoint\",\"urlTemplate\":\"https:\\\/\\\/cometofinland.fi\\\/sv\\\/?s={search_term_string}\"},\"query-input\":{\"@type\":\"PropertyValueSpecification\",\"valueRequired\":true,\"valueName\":\"search_term_string\"}}],\"inLanguage\":\"sv-SE\"},{\"@type\":\"Organization\",\"@id\":\"https:\\\/\\\/cometofinland.fi\\\/sv\\\/#organization\",\"name\":\"Come to Finland\",\"url\":\"https:\\\/\\\/cometofinland.fi\\\/sv\\\/\",\"logo\":{\"@type\":\"ImageObject\",\"inLanguage\":\"sv-SE\",\"@id\":\"https:\\\/\\\/cometofinland.fi\\\/sv\\\/#\\\/schema\\\/logo\\\/image\\\/\",\"url\":\"https:\\\/\\\/cometofinland.fi\\\/wp-content\\\/uploads\\\/2019\\\/03\\\/CTF_LOGO_Blue.svg\",\"contentUrl\":\"https:\\\/\\\/cometofinland.fi\\\/wp-content\\\/uploads\\\/2019\\\/03\\\/CTF_LOGO_Blue.svg\",\"width\":1,\"height\":1,\"caption\":\"Come to Finland\"},\"image\":{\"@id\":\"https:\\\/\\\/cometofinland.fi\\\/sv\\\/#\\\/schema\\\/logo\\\/image\\\/\"},\"sameAs\":[\"https:\\\/\\\/fi-fi.facebook.com\\\/cometofinland\\\/\",\"https:\\\/\\\/www.instagram.com\\\/cometofinland\\\/\"]}]}<\/script>\n<!-- \/ Yoast SEO plugin. -->","yoast_head_json":{"title":"Vi p\u00e5 Come to Finland - Come to Finland","robots":{"index":"index","follow":"follow","max-snippet":"max-snippet:-1","max-image-preview":"max-image-preview:large","max-video-preview":"max-video-preview:-1"},"canonical":"https:\/\/cometofinland.fi\/sv\/med-passion-for-affischkonst\/we-at-come-to-finland\/","og_locale":"sv_SE","og_type":"article","og_title":"Vi p\u00e5 Come to Finland - Come to Finland","og_description":"Kontakta oss! Det l\u00e4ttaste och ofta snabbaste s\u00e4ttet att n\u00e5 v\u00e5r kundservice \u00e4r genom att ta mejla oss p\u00e5 adressen: posters@cometofinland.fi Du kan n\u00e5 v\u00e5r kundbetj\u00e4ning i regel m\u00e5n-tors kl. 9-16 (finsk tid): +358447448088 Magnus Londen Poster hunter, grundare Magnus \u00e4r v\u00e5r kreativa chef och grundare av Come to Finland. Men hans tidigare liv h\u00e4nger [&hellip;]","og_url":"https:\/\/cometofinland.fi\/sv\/med-passion-for-affischkonst\/we-at-come-to-finland\/","og_site_name":"Come to Finland","article_publisher":"https:\/\/fi-fi.facebook.com\/cometofinland\/","article_modified_time":"2022-10-13T11:46:03+00:00","og_image":[{"url":"https:\/\/cometofinland.fi\/wp-content\/uploads\/2019\/01\/magnus.png","type":"","width":"","height":""}],"twitter_card":"summary_large_image","twitter_misc":{"Ber\u00e4knad l\u00e4stid":"3 minuter"},"schema":{"@context":"https:\/\/schema.org","@graph":[{"@type":"WebPage","@id":"https:\/\/cometofinland.fi\/sv\/med-passion-for-affischkonst\/we-at-come-to-finland\/","url":"https:\/\/cometofinland.fi\/sv\/med-passion-for-affischkonst\/we-at-come-to-finland\/","name":"Vi p\u00e5 Come to Finland - Come to Finland","isPartOf":{"@id":"https:\/\/cometofinland.fi\/sv\/#website"},"primaryImageOfPage":{"@id":"https:\/\/cometofinland.fi\/sv\/med-passion-for-affischkonst\/we-at-come-to-finland\/#primaryimage"},"image":{"@id":"https:\/\/cometofinland.fi\/sv\/med-passion-for-affischkonst\/we-at-come-to-finland\/#primaryimage"},"thumbnailUrl":"https:\/\/cometofinland.fi\/wp-content\/uploads\/2019\/01\/magnus.png","datePublished":"2019-01-23T10:12:42+00:00","dateModified":"2022-10-13T11:46:03+00:00","breadcrumb":{"@id":"https:\/\/cometofinland.fi\/sv\/med-passion-for-affischkonst\/we-at-come-to-finland\/#breadcrumb"},"inLanguage":"sv-SE","potentialAction":[{"@type":"ReadAction","target":["https:\/\/cometofinland.fi\/sv\/med-passion-for-affischkonst\/we-at-come-to-finland\/"]}]},{"@type":"ImageObject","inLanguage":"sv-SE","@id":"https:\/\/cometofinland.fi\/sv\/med-passion-for-affischkonst\/we-at-come-to-finland\/#primaryimage","url":"https:\/\/cometofinland.fi\/wp-content\/uploads\/2019\/01\/magnus.png","contentUrl":"https:\/\/cometofinland.fi\/wp-content\/uploads\/2019\/01\/magnus.png"},{"@type":"BreadcrumbList","@id":"https:\/\/cometofinland.fi\/sv\/med-passion-for-affischkonst\/we-at-come-to-finland\/#breadcrumb","itemListElement":[{"@type":"ListItem","position":1,"name":"Home","item":"https:\/\/cometofinland.fi\/sv\/"},{"@type":"ListItem","position":2,"name":"Med passion f\u00f6r affischkonst","item":"https:\/\/cometofinland.fi\/sv\/med-passion-for-affischkonst\/"},{"@type":"ListItem","position":3,"name":"Vi p\u00e5 Come to Finland"}]},{"@type":"WebSite","@id":"https:\/\/cometofinland.fi\/sv\/#website","url":"https:\/\/cometofinland.fi\/sv\/","name":"Come to Finland","description":"Poster love from Finland! We bring new life to vintage travel posters, and also create new images from Finland!","publisher":{"@id":"https:\/\/cometofinland.fi\/sv\/#organization"},"potentialAction":[{"@type":"SearchAction","target":{"@type":"EntryPoint","urlTemplate":"https:\/\/cometofinland.fi\/sv\/?s={search_term_string}"},"query-input":{"@type":"PropertyValueSpecification","valueRequired":true,"valueName":"search_term_string"}}],"inLanguage":"sv-SE"},{"@type":"Organization","@id":"https:\/\/cometofinland.fi\/sv\/#organization","name":"Come to Finland","url":"https:\/\/cometofinland.fi\/sv\/","logo":{"@type":"ImageObject","inLanguage":"sv-SE","@id":"https:\/\/cometofinland.fi\/sv\/#\/schema\/logo\/image\/","url":"https:\/\/cometofinland.fi\/wp-content\/uploads\/2019\/03\/CTF_LOGO_Blue.svg","contentUrl":"https:\/\/cometofinland.fi\/wp-content\/uploads\/2019\/03\/CTF_LOGO_Blue.svg","width":1,"height":1,"caption":"Come to Finland"},"image":{"@id":"https:\/\/cometofinland.fi\/sv\/#\/schema\/logo\/image\/"},"sameAs":["https:\/\/fi-fi.facebook.com\/cometofinland\/","https:\/\/www.instagram.com\/cometofinland\/"]}]}},"_links":{"self":[{"href":"https:\/\/cometofinland.fi\/sv\/wp-json\/wp\/v2\/pages\/6382","targetHints":{"allow":["GET"]}}],"collection":[{"href":"https:\/\/cometofinland.fi\/sv\/wp-json\/wp\/v2\/pages"}],"about":[{"href":"https:\/\/cometofinland.fi\/sv\/wp-json\/wp\/v2\/types\/page"}],"author":[{"embeddable":true,"href":"https:\/\/cometofinland.fi\/sv\/wp-json\/wp\/v2\/users\/3"}],"replies":[{"embeddable":true,"href":"https:\/\/cometofinland.fi\/sv\/wp-json\/wp\/v2\/comments?post=6382"}],"version-history":[{"count":24,"href":"https:\/\/cometofinland.fi\/sv\/wp-json\/wp\/v2\/pages\/6382\/revisions"}],"predecessor-version":[{"id":23224,"href":"https:\/\/cometofinland.fi\/sv\/wp-json\/wp\/v2\/pages\/6382\/revisions\/23224"}],"up":[{"embeddable":true,"href":"https:\/\/cometofinland.fi\/sv\/wp-json\/wp\/v2\/pages\/6281"}],"wp:attachment":[{"href":"https:\/\/cometofinland.fi\/sv\/wp-json\/wp\/v2\/media?parent=6382"}],"curies":[{"name":"wp","href":"https:\/\/api.w.org\/{rel}","templated":true}]}}