{"id":6760,"date":"2019-02-10T16:35:53","date_gmt":"2019-02-10T14:35:53","guid":{"rendered":"https:\/\/cometofinland.fi\/?page_id=6760"},"modified":"2019-03-22T08:10:46","modified_gmt":"2019-03-22T06:10:46","slug":"affischjagaren-som-letar-guld-i-arkiven","status":"publish","type":"page","link":"https:\/\/cometofinland.fi\/sv\/med-passion-for-affischkonst\/affischjagaren-som-letar-guld-i-arkiven\/","title":{"rendered":"Affischj\u00e4garna &#8211; The Video"},"content":{"rendered":"<p><iframe loading=\"lazy\" src=\"https:\/\/player.vimeo.com\/video\/301024167\" width=\"896\" height=\"504\" frameborder=\"0\" webkitallowfullscreen mozallowfullscreen allowfullscreen><\/iframe><\/p>\n<p><strong><em>Hur letar man reda p\u00e5 hundratals finl\u00e4ndska reseaffischer? Magnus Londen vet, han har sp\u00e5rat upp affischer runt hela v\u00e4rlden.<\/em><\/strong><\/p>\n<p>Journalisten Magnus Londens passion f\u00f6r finl\u00e4ndska reseaffischer blossade upp f\u00f6r m\u00e5nga \u00e5r sedan.<\/p>\n<p>\u2013 Som s\u00e5 mycket annat h\u00e4r i livet startade Come To Finland-projektet av en slump. N\u00e4r Helsingfors var kulturhuvudstad \u00e5r 2000 r\u00e5kade jag se en fantastisk affisch och b\u00f6rja bolla med id\u00e9n att samla finl\u00e4ndska reseaffischer i en bok.<\/p>\n<h2>Finl\u00e4ndsk stolthet<\/h2>\n<p>Vad \u00e4r det som \u00e4r s\u00e5 speciellt med reseaffischer d\u00e5? Det \u00e4r v\u00e4rt att f\u00f6rst\u00e5 den historiska bakgrunden. Under m\u00e5nga \u00e5r f\u00f6rlitade sig finl\u00e4ndska resef\u00f6retag, st\u00e4der och semesterorter helt p\u00e5 affischen som marknadsf\u00f6ringskanal. Det engagemang som lades ner syns tydligt i varje enskild affisch. Begrepp som \u201dOff The Beaten Track\u201d och bokens titel \u201dCome To Finland\u201d har sina ursprung i sloganer i den tidiga affischkonsten.<\/p>\n<p>Londen betonar att det bokstavligen handlar om en finl\u00e4ndsk kulturskatt, n\u00e5got som varje finl\u00e4ndare har orsak att vara stolt \u00f6ver.<\/p>\n<p>\u2013 N\u00e4r jag j\u00e4mf\u00f6r de gamla finl\u00e4ndska reseaffischerna med utl\u00e4ndska affischer blir den finl\u00e4ndska passionen f\u00f6r grafisk design s\u00e5 uppenbar.<\/p>\n<h2>Jakten p\u00e5 de f\u00f6rsvunna affischerna<\/h2>\n<p>\u00c5ren gick och affischernas betydelse minskade. Som med s\u00e5 mycket annat \u201domodernt\u201d hamnade affischerna i arkiv, k\u00e4llarlager och hos enstaka samlare och museer. Dessv\u00e4rre var skr\u00e4pkorgen ocks\u00e5 ett flitigt anv\u00e4nt arkiv. Intressant nog har de finl\u00e4ndska reseaffischerna inte bara \u00e5terfunnits i Finland utan till stor del utomlands. Material har projektgruppen letat fram hos museer, arkiv och samlare runtom i v\u00e4rlden.<\/p>\n<p>\u2013 Vi var s\u00e5 naiva att vi trodde de flesta affischerna skulle finnas snyggt och prydligt arkiverade i till exempel Nationalmus\u00e9et, men s\u00e5 \u00e4r det inte. En del har hittats d\u00e4r, men de riktiga guldkornen har vi hittat p\u00e5 ganska ov\u00e4ntade st\u00e4llen, skrattar Londen och forts\u00e4tter:<\/p>\n<p>\u2013 I till exempel National Library of Congress i Washington hittade vi n\u00e5gra ovanliga affischer, en samlare i San Fransisco hade n\u00e5gra andra och i norska Trondheim har vi hittat en verklig Finlandsv\u00e4n med en imponerande samling.<\/p>\n<h2>Med Internet runt v\u00e4rlden<\/h2>\n<p>Londen konstaterar krasst att den h\u00e4r omfattningens projekt skulle vara om\u00f6jligt utan Internet.<\/p>\n<p>\u2013 Det \u00e4r en lockande tanke att f\u00e5 resa jorden runt och samla in material, men tyv\u00e4rr f\u00f6rblir den en \u00f6nskedr\u00f6m. Med e-post och webben g\u00e5r det \u00e4nd\u00e5 att med en rimlig budget lokalisera material och kontakta samlare. Men Internet \u00e4r bara ett arbetsredskap, jobbet m\u00e5ste du g\u00f6ra sj\u00e4lv. Man kan lugnt s\u00e4ga att sj\u00e4lva insamlandet av materialet tar \u00f6ver 80 procent av tiden.<\/p>\n<p>Dessutom har Londen och projektgruppen f\u00e5tt en gammal sanning \u00e4n en g\u00e5ng bekr\u00e4ftad: Den personliga kontakten \u00e4r avg\u00f6rande.<\/p>\n<p>\u2013 Det finns inga genv\u00e4gar i ett s\u00e5dant h\u00e4r arbete. N\u00e4r du skickar e-post eller ringer n\u00e5got museum \u00e4r du \u00e4nd\u00e5 anonym och den du talar med har oftast en inbyggd skepsis. F\u00f6rst n\u00e4r du tr\u00e4ffar personen verkar det som om v\u00e5r entusiasm smittar av sig. V\u00e5ra ivrigaste hj\u00e4lpare har just varit de som f\u00f6rst verkat fullst\u00e4ndigt ointresserade. Oftast f\u00f6r att de \u00e4r s\u00e5 stressade. Du m\u00e5ste f\u00e5 in foten mellan d\u00f6rren.<\/p>\n<h2>En drivkraft ut\u00f6ver pengar<\/h2>\n<p>Till slut, vilken \u00e4r drivkraften bakom ett s\u00e5 h\u00e4r stort projekt, att i dag ha ett aktiebolag med flera anst\u00e4llda? Att locka investerare, att etablera samma koncept \u00e4ven i Sverige? Finns det stora pengar att h\u00e4mta?<\/p>\n<p>Den verkliga drivkraften, s\u00e4ger Londen, \u00e4r nog visionen att kunna visa v\u00e4rlden en finl\u00e4ndsk kulturskatt som h\u00e5ller p\u00e5 att g\u00e5 f\u00f6rlorad \u2013 men att st\u00e4ndigt arbeta i gr\u00e4nslandet d\u00e4r kultur och business m\u00f6ts.<\/p>\n<p>\u2013 Varje affisch \u00e4r en konstn\u00e4rlig tolkning av en specifik plats i Finland. Vi m\u00e5ste komma ih\u00e5g att varje affisch har haft sin b\u00f6rjan i att konstn\u00e4ren funderat l\u00e4nge p\u00e5 \u00e4mnet, unika s\u00e4ljargument, styrkor och svagheter. Mer konkret kan knappast passion uttryckas, analyserar Londen.<\/p>\n<h2>Allt redan funnet?<\/h2>\n<p>Men \u00e4n idag, tio \u00e5r efter att Londen spanade in den d\u00e4r f\u00f6rsta affischen? \u00c4r allt redan funnet?<\/p>\n<p>\u2013 Det har vi trott &#8230; m\u00e5nga g\u00e5nger. Men s\u00e5 dyker en ny pl\u00f6tsligt upp. Vi har garanterat hittat 99 procent. Men vi kommer aldrig att komma upp till hundra. Det inser jag nu, skrattar Londen.<\/p>\n<p>Och dr\u00f6maffischen, vilken \u00e4r den?<\/p>\n<p>\u2013 Min \u00f6verl\u00e4gset st\u00f6rsta dr\u00f6m \u00e4r att hitta Jorma Suhonens f\u00f6rsvunna Hogland-affischer som han ritade i slutet av 1930-talet. F\u00f6r i de affischerna kombineras mycket av det som jag \u00e4lskar: Suhonens glamour, Hoglands mystik och de gyllene rese\u00e5ren i Finlands f\u00f6rkrigshistoria.<\/p>\n","protected":false},"excerpt":{"rendered":"<p>Hur letar man reda p\u00e5 hundratals finl\u00e4ndska reseaffischer? Magnus Londen vet, han har sp\u00e5rat upp affischer runt hela v\u00e4rlden. Journalisten Magnus Londens passion f\u00f6r finl\u00e4ndska reseaffischer blossade upp f\u00f6r m\u00e5nga \u00e5r sedan. \u2013 Som s\u00e5 mycket annat h\u00e4r i livet startade Come To Finland-projektet av en slump. N\u00e4r Helsingfors var kulturhuvudstad \u00e5r 2000 r\u00e5kade jag [&hellip;]<\/p>\n","protected":false},"author":7,"featured_media":0,"parent":6281,"menu_order":0,"comment_status":"closed","ping_status":"closed","template":"","meta":{"_acf_changed":false,"footnotes":""},"class_list":["post-6760","page","type-page","status-publish","hentry"],"acf":[],"yoast_head":"<!-- This site is optimized with the Yoast SEO plugin v27.3 - https:\/\/yoast.com\/product\/yoast-seo-wordpress\/ -->\n<title>Affischj\u00e4garna - The Video - Come to Finland<\/title>\n<meta name=\"robots\" content=\"index, follow, max-snippet:-1, max-image-preview:large, max-video-preview:-1\" \/>\n<link rel=\"canonical\" href=\"https:\/\/cometofinland.fi\/sv\/med-passion-for-affischkonst\/affischjagaren-som-letar-guld-i-arkiven\/\" \/>\n<meta property=\"og:locale\" content=\"sv_SE\" \/>\n<meta property=\"og:type\" content=\"article\" \/>\n<meta property=\"og:title\" content=\"Affischj\u00e4garna - The Video - Come to Finland\" \/>\n<meta property=\"og:description\" content=\"Hur letar man reda p\u00e5 hundratals finl\u00e4ndska reseaffischer? Magnus Londen vet, han har sp\u00e5rat upp affischer runt hela v\u00e4rlden. Journalisten Magnus Londens passion f\u00f6r finl\u00e4ndska reseaffischer blossade upp f\u00f6r m\u00e5nga \u00e5r sedan. \u2013 Som s\u00e5 mycket annat h\u00e4r i livet startade Come To Finland-projektet av en slump. N\u00e4r Helsingfors var kulturhuvudstad \u00e5r 2000 r\u00e5kade jag [&hellip;]\" \/>\n<meta property=\"og:url\" content=\"https:\/\/cometofinland.fi\/sv\/med-passion-for-affischkonst\/affischjagaren-som-letar-guld-i-arkiven\/\" \/>\n<meta property=\"og:site_name\" content=\"Come to Finland\" \/>\n<meta property=\"article:publisher\" content=\"https:\/\/fi-fi.facebook.com\/cometofinland\/\" \/>\n<meta property=\"article:modified_time\" content=\"2019-03-22T06:10:46+00:00\" \/>\n<meta name=\"twitter:card\" content=\"summary_large_image\" \/>\n<meta name=\"twitter:label1\" content=\"Ber\u00e4knad l\u00e4stid\" \/>\n\t<meta name=\"twitter:data1\" content=\"4 minuter\" \/>\n<script type=\"application\/ld+json\" class=\"yoast-schema-graph\">{\"@context\":\"https:\\\/\\\/schema.org\",\"@graph\":[{\"@type\":\"WebPage\",\"@id\":\"https:\\\/\\\/cometofinland.fi\\\/sv\\\/med-passion-for-affischkonst\\\/affischjagaren-som-letar-guld-i-arkiven\\\/\",\"url\":\"https:\\\/\\\/cometofinland.fi\\\/sv\\\/med-passion-for-affischkonst\\\/affischjagaren-som-letar-guld-i-arkiven\\\/\",\"name\":\"Affischj\u00e4garna - The Video - Come to Finland\",\"isPartOf\":{\"@id\":\"https:\\\/\\\/cometofinland.fi\\\/sv\\\/#website\"},\"datePublished\":\"2019-02-10T14:35:53+00:00\",\"dateModified\":\"2019-03-22T06:10:46+00:00\",\"breadcrumb\":{\"@id\":\"https:\\\/\\\/cometofinland.fi\\\/sv\\\/med-passion-for-affischkonst\\\/affischjagaren-som-letar-guld-i-arkiven\\\/#breadcrumb\"},\"inLanguage\":\"sv-SE\",\"potentialAction\":[{\"@type\":\"ReadAction\",\"target\":[\"https:\\\/\\\/cometofinland.fi\\\/sv\\\/med-passion-for-affischkonst\\\/affischjagaren-som-letar-guld-i-arkiven\\\/\"]}]},{\"@type\":\"BreadcrumbList\",\"@id\":\"https:\\\/\\\/cometofinland.fi\\\/sv\\\/med-passion-for-affischkonst\\\/affischjagaren-som-letar-guld-i-arkiven\\\/#breadcrumb\",\"itemListElement\":[{\"@type\":\"ListItem\",\"position\":1,\"name\":\"Home\",\"item\":\"https:\\\/\\\/cometofinland.fi\\\/sv\\\/\"},{\"@type\":\"ListItem\",\"position\":2,\"name\":\"Med passion f\u00f6r affischkonst\",\"item\":\"https:\\\/\\\/cometofinland.fi\\\/sv\\\/med-passion-for-affischkonst\\\/\"},{\"@type\":\"ListItem\",\"position\":3,\"name\":\"Affischj\u00e4garna &#8211; The Video\"}]},{\"@type\":\"WebSite\",\"@id\":\"https:\\\/\\\/cometofinland.fi\\\/sv\\\/#website\",\"url\":\"https:\\\/\\\/cometofinland.fi\\\/sv\\\/\",\"name\":\"Come to Finland\",\"description\":\"Poster love from Finland! We bring new life to vintage travel posters, and also create new images from Finland!\",\"publisher\":{\"@id\":\"https:\\\/\\\/cometofinland.fi\\\/sv\\\/#organization\"},\"potentialAction\":[{\"@type\":\"SearchAction\",\"target\":{\"@type\":\"EntryPoint\",\"urlTemplate\":\"https:\\\/\\\/cometofinland.fi\\\/sv\\\/?s={search_term_string}\"},\"query-input\":{\"@type\":\"PropertyValueSpecification\",\"valueRequired\":true,\"valueName\":\"search_term_string\"}}],\"inLanguage\":\"sv-SE\"},{\"@type\":\"Organization\",\"@id\":\"https:\\\/\\\/cometofinland.fi\\\/sv\\\/#organization\",\"name\":\"Come to Finland\",\"url\":\"https:\\\/\\\/cometofinland.fi\\\/sv\\\/\",\"logo\":{\"@type\":\"ImageObject\",\"inLanguage\":\"sv-SE\",\"@id\":\"https:\\\/\\\/cometofinland.fi\\\/sv\\\/#\\\/schema\\\/logo\\\/image\\\/\",\"url\":\"https:\\\/\\\/cometofinland.fi\\\/wp-content\\\/uploads\\\/2019\\\/03\\\/CTF_LOGO_Blue.svg\",\"contentUrl\":\"https:\\\/\\\/cometofinland.fi\\\/wp-content\\\/uploads\\\/2019\\\/03\\\/CTF_LOGO_Blue.svg\",\"width\":1,\"height\":1,\"caption\":\"Come to Finland\"},\"image\":{\"@id\":\"https:\\\/\\\/cometofinland.fi\\\/sv\\\/#\\\/schema\\\/logo\\\/image\\\/\"},\"sameAs\":[\"https:\\\/\\\/fi-fi.facebook.com\\\/cometofinland\\\/\",\"https:\\\/\\\/www.instagram.com\\\/cometofinland\\\/\"]}]}<\/script>\n<!-- \/ Yoast SEO plugin. -->","yoast_head_json":{"title":"Affischj\u00e4garna - The Video - Come to Finland","robots":{"index":"index","follow":"follow","max-snippet":"max-snippet:-1","max-image-preview":"max-image-preview:large","max-video-preview":"max-video-preview:-1"},"canonical":"https:\/\/cometofinland.fi\/sv\/med-passion-for-affischkonst\/affischjagaren-som-letar-guld-i-arkiven\/","og_locale":"sv_SE","og_type":"article","og_title":"Affischj\u00e4garna - The Video - Come to Finland","og_description":"Hur letar man reda p\u00e5 hundratals finl\u00e4ndska reseaffischer? Magnus Londen vet, han har sp\u00e5rat upp affischer runt hela v\u00e4rlden. Journalisten Magnus Londens passion f\u00f6r finl\u00e4ndska reseaffischer blossade upp f\u00f6r m\u00e5nga \u00e5r sedan. \u2013 Som s\u00e5 mycket annat h\u00e4r i livet startade Come To Finland-projektet av en slump. N\u00e4r Helsingfors var kulturhuvudstad \u00e5r 2000 r\u00e5kade jag [&hellip;]","og_url":"https:\/\/cometofinland.fi\/sv\/med-passion-for-affischkonst\/affischjagaren-som-letar-guld-i-arkiven\/","og_site_name":"Come to Finland","article_publisher":"https:\/\/fi-fi.facebook.com\/cometofinland\/","article_modified_time":"2019-03-22T06:10:46+00:00","twitter_card":"summary_large_image","twitter_misc":{"Ber\u00e4knad l\u00e4stid":"4 minuter"},"schema":{"@context":"https:\/\/schema.org","@graph":[{"@type":"WebPage","@id":"https:\/\/cometofinland.fi\/sv\/med-passion-for-affischkonst\/affischjagaren-som-letar-guld-i-arkiven\/","url":"https:\/\/cometofinland.fi\/sv\/med-passion-for-affischkonst\/affischjagaren-som-letar-guld-i-arkiven\/","name":"Affischj\u00e4garna - The Video - Come to Finland","isPartOf":{"@id":"https:\/\/cometofinland.fi\/sv\/#website"},"datePublished":"2019-02-10T14:35:53+00:00","dateModified":"2019-03-22T06:10:46+00:00","breadcrumb":{"@id":"https:\/\/cometofinland.fi\/sv\/med-passion-for-affischkonst\/affischjagaren-som-letar-guld-i-arkiven\/#breadcrumb"},"inLanguage":"sv-SE","potentialAction":[{"@type":"ReadAction","target":["https:\/\/cometofinland.fi\/sv\/med-passion-for-affischkonst\/affischjagaren-som-letar-guld-i-arkiven\/"]}]},{"@type":"BreadcrumbList","@id":"https:\/\/cometofinland.fi\/sv\/med-passion-for-affischkonst\/affischjagaren-som-letar-guld-i-arkiven\/#breadcrumb","itemListElement":[{"@type":"ListItem","position":1,"name":"Home","item":"https:\/\/cometofinland.fi\/sv\/"},{"@type":"ListItem","position":2,"name":"Med passion f\u00f6r affischkonst","item":"https:\/\/cometofinland.fi\/sv\/med-passion-for-affischkonst\/"},{"@type":"ListItem","position":3,"name":"Affischj\u00e4garna &#8211; The Video"}]},{"@type":"WebSite","@id":"https:\/\/cometofinland.fi\/sv\/#website","url":"https:\/\/cometofinland.fi\/sv\/","name":"Come to Finland","description":"Poster love from Finland! We bring new life to vintage travel posters, and also create new images from Finland!","publisher":{"@id":"https:\/\/cometofinland.fi\/sv\/#organization"},"potentialAction":[{"@type":"SearchAction","target":{"@type":"EntryPoint","urlTemplate":"https:\/\/cometofinland.fi\/sv\/?s={search_term_string}"},"query-input":{"@type":"PropertyValueSpecification","valueRequired":true,"valueName":"search_term_string"}}],"inLanguage":"sv-SE"},{"@type":"Organization","@id":"https:\/\/cometofinland.fi\/sv\/#organization","name":"Come to Finland","url":"https:\/\/cometofinland.fi\/sv\/","logo":{"@type":"ImageObject","inLanguage":"sv-SE","@id":"https:\/\/cometofinland.fi\/sv\/#\/schema\/logo\/image\/","url":"https:\/\/cometofinland.fi\/wp-content\/uploads\/2019\/03\/CTF_LOGO_Blue.svg","contentUrl":"https:\/\/cometofinland.fi\/wp-content\/uploads\/2019\/03\/CTF_LOGO_Blue.svg","width":1,"height":1,"caption":"Come to Finland"},"image":{"@id":"https:\/\/cometofinland.fi\/sv\/#\/schema\/logo\/image\/"},"sameAs":["https:\/\/fi-fi.facebook.com\/cometofinland\/","https:\/\/www.instagram.com\/cometofinland\/"]}]}},"_links":{"self":[{"href":"https:\/\/cometofinland.fi\/sv\/wp-json\/wp\/v2\/pages\/6760","targetHints":{"allow":["GET"]}}],"collection":[{"href":"https:\/\/cometofinland.fi\/sv\/wp-json\/wp\/v2\/pages"}],"about":[{"href":"https:\/\/cometofinland.fi\/sv\/wp-json\/wp\/v2\/types\/page"}],"author":[{"embeddable":true,"href":"https:\/\/cometofinland.fi\/sv\/wp-json\/wp\/v2\/users\/7"}],"replies":[{"embeddable":true,"href":"https:\/\/cometofinland.fi\/sv\/wp-json\/wp\/v2\/comments?post=6760"}],"version-history":[{"count":12,"href":"https:\/\/cometofinland.fi\/sv\/wp-json\/wp\/v2\/pages\/6760\/revisions"}],"predecessor-version":[{"id":11104,"href":"https:\/\/cometofinland.fi\/sv\/wp-json\/wp\/v2\/pages\/6760\/revisions\/11104"}],"up":[{"embeddable":true,"href":"https:\/\/cometofinland.fi\/sv\/wp-json\/wp\/v2\/pages\/6281"}],"wp:attachment":[{"href":"https:\/\/cometofinland.fi\/sv\/wp-json\/wp\/v2\/media?parent=6760"}],"curies":[{"name":"wp","href":"https:\/\/api.w.org\/{rel}","templated":true}]}}