{"id":6887,"date":"2019-02-11T14:43:54","date_gmt":"2019-02-11T12:43:54","guid":{"rendered":"https:\/\/cometofinland.fi\/?page_id=6887"},"modified":"2019-02-24T12:51:52","modified_gmt":"2019-02-24T10:51:52","slug":"tekniska-specifikationer-och-data","status":"publish","type":"page","link":"https:\/\/cometofinland.fi\/sv\/exhibition\/tekniska-specifikationer-och-data\/","title":{"rendered":"Tekniska specifikationer"},"content":{"rendered":"<p class=\"p2\"><span class=\"s1\">Utst\u00e4llningen best\u00e5r av originalaffischer fr\u00e5n slutet av 1800-talet till nutid. Utst\u00e4llningen som ber\u00e4ttar Finlands historia via inramade reseaffischer och insiktsfulla infotavlor (med text) kan anpassas enligt utrymme.<\/span><\/p>\n<p><img loading=\"lazy\" decoding=\"async\" class=\"alignnone wp-image-7373\" src=\"https:\/\/cometofinland.fi\/wp-content\/uploads\/2019\/02\/overview-hki-300x200.jpg\" alt=\"\" width=\"875\" height=\"583\" srcset=\"https:\/\/cometofinland.fi\/wp-content\/uploads\/2019\/02\/overview-hki-300x200.jpg 300w, https:\/\/cometofinland.fi\/wp-content\/uploads\/2019\/02\/overview-hki-768x512.jpg 768w, https:\/\/cometofinland.fi\/wp-content\/uploads\/2019\/02\/overview-hki-1024x683.jpg 1024w, https:\/\/cometofinland.fi\/wp-content\/uploads\/2019\/02\/overview-hki-250x167.jpg 250w, https:\/\/cometofinland.fi\/wp-content\/uploads\/2019\/02\/overview-hki-600x400.jpg 600w, https:\/\/cometofinland.fi\/wp-content\/uploads\/2019\/02\/overview-hki.jpg 1500w\" sizes=\"auto, (max-width: 875px) 100vw, 875px\" \/><\/p>\n<p class=\"p2\"><span class=\"s1\"><b>Antal tavlor:<\/b> Utst\u00e4llningen best\u00e5r av ca 100 inramade posters, men kan f\u00f6rst\u00e5s anpassas enligt utrymmet.<\/span><\/p>\n<p class=\"p2\"><span class=\"s1\"><b>Medelstorlek per tavla:<\/b> 840 x 1400 mm. Utst\u00e4llning inkluderar \u00e4ven en grupp tavlor i varierande storlek d\u00e4r minsta \u00e4r 492 mm x 730 mm och st\u00f6rsta \u00e4r 790 mm x 1200 mm<\/span><\/p>\n<p class=\"p2\"><span class=\"s1\"><b>Infotavlor, antal:<\/b> minimi 16, maximi 30<\/span><\/p>\n<p class=\"p2\"><span class=\"s1\"><b>Infotavlor, storlek:<\/b> 630 x 1270 mm<\/span><\/p>\n<p class=\"p2\"><span class=\"s1\"><b>Inramningsmaterial:<\/b> Majoriteten av tavlorna HDF-skiva, faner och plexi. En grupp tavlor \u00e4r \u00e4ven inramade med metallram samt glas och en del med tr\u00e4ram och glas.<\/span><\/p>\n<p class=\"p2\"><span class=\"s1\"><b>Infotavlor, material:<\/b> Faner<\/span><\/p>\n<p class=\"p2\"><span class=\"s1\"><b>Utst\u00e4llningens spr\u00e5k:<\/b> Finska, svenska, engelska, ryska som handout. Texttavlorna finns \u00e4ven p\u00e5 tyska-engelska. Andra spr\u00e5k tillg\u00e4ngliga enligt \u00f6verenskommelse.<\/span><\/p>\n<p class=\"p2\"><span class=\"s1\"><b>Total v\u00e4ggyta som kr\u00e4vs:<\/b> Minimikrav f\u00f6r v\u00e4ggyta ca 70 meter.<\/span><\/p>\n<p class=\"p2\"><span class=\"s1\"><b>Rekvisita:<\/b> Come to Finland samarbetar g\u00e4rna med museet och lyfter i utst\u00e4llningen fram tidsenlig rekvisita fr\u00e5n museets samlingar.\u00a0<\/span><\/p>\n<p class=\"p2\"><span class=\"s1\"><b>Transportl\u00e5dor:<\/b> Levereras i sju stora och robusta transportl\u00e5dor.<\/span><\/p>\n<p class=\"p2\"><span class=\"s1\"><b>\u00d6vrigt:<\/b> Till utst\u00e4llningen h\u00f6r \u00e4ven en dokument\u00e4rfilm best\u00e5ende av resefilmer fr\u00e5n Nationella audiovisuella institutets och Yles arkiv.<\/span><\/p>\n<p class=\"p2\"><span class=\"s1\"><b>Tid f\u00f6r bygge av utst\u00e4llningen:<\/b> 5\u201310 dagar.<\/span><\/p>\n<p class=\"p2\"><span class=\"s1\"><b>F\u00f6r utst\u00e4llningen debiteras 7 000-10 000 \u20ac, beroende p\u00e5 omfattning och \u00f6verenskommelse. Utst\u00e4llaren ombes\u00f6rjer f\u00f6ljande:<\/b><\/span><\/p>\n<ul class=\"ul1\">\n<li class=\"li2\"><span class=\"s1\">montering av utst\u00e4llningen i handledning av Come to Finland uts\u00e4nd person\u00a0<\/span><\/li>\n<li class=\"li2\"><span class=\"s1\">belysning av utst\u00e4llningen<\/span><\/li>\n<li class=\"li2\"><span class=\"s1\">lagerutrymme f\u00f6r transportl\u00e5dor och diverse skyddsmaterial under utst\u00e4llningstiden<\/span><\/li>\n<li class=\"li2\"><span class=\"s1\">f\u00f6rs\u00e4kring av utst\u00e4llningen under den tid den befinner sig i utst\u00e4llarens utrymmen<\/span><\/li>\n<li class=\"li2\"><span class=\"s1\">(f\u00f6rs\u00e4kringsv\u00e4rde: 500-3000 euro \/ affisch). <\/span><span class=\"s3\">Totala f\u00f6rs\u00e4kringsv\u00e4rdet \u00e4r ca 140 000 \u20ac.<\/span><\/li>\n<li class=\"li2\"><span class=\"s1\">marknadsf\u00f6ring, inbjudningar till vernissage, traktering p\u00e5 vernissage etc.<\/span><\/li>\n<li class=\"li2\"><span class=\"s1\">postning av vernissageinbjudan\u00a0<\/span><\/li>\n<li class=\"li2\"><span class=\"s1\">vernissage, praktiska arrangemang<\/span><\/li>\n<li class=\"li2\"><span class=\"s1\">st\u00e4ndig \u00f6vervakning av utst\u00e4llningen\u00a0<\/span><\/li>\n<li class=\"li2\"><span class=\"s1\">guidning av bes\u00f6kare i utst\u00e4llningen\u00a0<\/span><\/li>\n<li class=\"li2\"><span class=\"s1\">insamling av pressomn\u00e4mnanden\u00a0<\/span><\/li>\n<li class=\"li2\"><span class=\"s1\">nedmontering och inpackning av utst\u00e4llningen enligt anvisningar<\/span><\/li>\n<li class=\"li2\"><span class=\"s1\">kostnad f\u00f6r transport av utst\u00e4llningen fr\u00e5n f\u00f6reg\u00e5ende eller till f\u00f6ljande mottagare\u00a0<\/span><\/li>\n<li class=\"li2\"><span class=\"s1\">utrymme och ombes\u00f6rjning av en shop d\u00e4r Come to Finlands produkter (affischer, postkort, b\u00f6cker etc.) s\u00e4ljs. F\u00f6rs\u00e4ljningskommission utbetalas till museet.<\/span><\/li>\n<\/ul>\n<p class=\"p2\"><span class=\"s1\"><b>Come to Finland ombes\u00f6rjer:\u00a0<\/b><\/span><\/p>\n<ul class=\"ul1\">\n<li class=\"li2\"><span class=\"s1\">transport till utst\u00e4llningsplatsen i samarbete med den f\u00f6reg\u00e5ende utst\u00e4llaren<\/span><\/li>\n<li class=\"li2\"><span class=\"s1\">transportf\u00f6rs\u00e4kringar<\/span><\/li>\n<li class=\"li2\"><span class=\"s1\">person p\u00e5 plats f\u00f6r handledning under montering av utst\u00e4llningen<\/span><\/li>\n<li class=\"li2\"><span class=\"s1\">anvisningar f\u00f6r nedmontering av utst\u00e4llningen<\/span><\/li>\n<li class=\"li2\"><span class=\"s1\">presstexter och -bilder eventuella videon<\/span><\/li>\n<li class=\"li2\"><span class=\"s1\">grafisk layout f\u00f6r all marknadsf\u00f6ring<\/span><\/li>\n<\/ul>\n<p class=\"p2\"><span class=\"s1\">Kontakta producenten Magnus Londen, <\/span><span class=\"s4\">magnus.londen(a)cometofinland.fi<\/span><span class=\"s1\"> f\u00f6r mera information.<\/span><\/p>\n<p><em>Bannerfoto: \u201dHaldin &amp; Roses buss ombord p\u00e5 kabelf\u00e4rjan vid Helln\u00e4ssund (V\u00f6r\u00e5)\u201d, 1950-1965, Svenska litteraturs\u00e4llskapet, CC-licens.<\/em><\/p>\n","protected":false},"excerpt":{"rendered":"<p>Utst\u00e4llningen best\u00e5r av originalaffischer fr\u00e5n slutet av 1800-talet till nutid. Utst\u00e4llningen som ber\u00e4ttar Finlands historia via inramade reseaffischer och insiktsfulla infotavlor (med text) kan anpassas enligt utrymme. Antal tavlor: Utst\u00e4llningen best\u00e5r av ca 100 inramade posters, men kan f\u00f6rst\u00e5s anpassas enligt utrymmet. Medelstorlek per tavla: 840 x 1400 mm. Utst\u00e4llning inkluderar \u00e4ven en grupp tavlor [&hellip;]<\/p>\n","protected":false},"author":7,"featured_media":0,"parent":6079,"menu_order":0,"comment_status":"closed","ping_status":"closed","template":"","meta":{"_acf_changed":false,"footnotes":""},"class_list":["post-6887","page","type-page","status-publish","hentry"],"acf":[],"yoast_head":"<!-- This site is optimized with the Yoast SEO plugin v27.4 - https:\/\/yoast.com\/product\/yoast-seo-wordpress\/ -->\n<title>Tekniska specifikationer - Come to Finland<\/title>\n<meta name=\"robots\" content=\"index, follow, max-snippet:-1, max-image-preview:large, max-video-preview:-1\" \/>\n<link rel=\"canonical\" href=\"https:\/\/cometofinland.fi\/sv\/exhibition\/tekniska-specifikationer-och-data\/\" \/>\n<meta property=\"og:locale\" content=\"sv_SE\" \/>\n<meta property=\"og:type\" content=\"article\" \/>\n<meta property=\"og:title\" content=\"Tekniska specifikationer - Come to Finland\" \/>\n<meta property=\"og:description\" content=\"Utst\u00e4llningen best\u00e5r av originalaffischer fr\u00e5n slutet av 1800-talet till nutid. Utst\u00e4llningen som ber\u00e4ttar Finlands historia via inramade reseaffischer och insiktsfulla infotavlor (med text) kan anpassas enligt utrymme. Antal tavlor: Utst\u00e4llningen best\u00e5r av ca 100 inramade posters, men kan f\u00f6rst\u00e5s anpassas enligt utrymmet. Medelstorlek per tavla: 840 x 1400 mm. Utst\u00e4llning inkluderar \u00e4ven en grupp tavlor [&hellip;]\" \/>\n<meta property=\"og:url\" content=\"https:\/\/cometofinland.fi\/sv\/exhibition\/tekniska-specifikationer-och-data\/\" \/>\n<meta property=\"og:site_name\" content=\"Come to Finland\" \/>\n<meta property=\"article:publisher\" content=\"https:\/\/fi-fi.facebook.com\/cometofinland\/\" \/>\n<meta property=\"article:modified_time\" content=\"2019-02-24T10:51:52+00:00\" \/>\n<meta property=\"og:image\" content=\"https:\/\/cometofinland.fi\/wp-content\/uploads\/2019\/02\/overview-hki-300x200.jpg\" \/>\n<meta name=\"twitter:card\" content=\"summary_large_image\" \/>\n<meta name=\"twitter:label1\" content=\"Ber\u00e4knad l\u00e4stid\" \/>\n\t<meta name=\"twitter:data1\" content=\"2 minuter\" \/>\n<script type=\"application\/ld+json\" class=\"yoast-schema-graph\">{\"@context\":\"https:\\\/\\\/schema.org\",\"@graph\":[{\"@type\":\"WebPage\",\"@id\":\"https:\\\/\\\/cometofinland.fi\\\/sv\\\/exhibition\\\/tekniska-specifikationer-och-data\\\/\",\"url\":\"https:\\\/\\\/cometofinland.fi\\\/sv\\\/exhibition\\\/tekniska-specifikationer-och-data\\\/\",\"name\":\"Tekniska specifikationer - Come to Finland\",\"isPartOf\":{\"@id\":\"https:\\\/\\\/cometofinland.fi\\\/sv\\\/#website\"},\"primaryImageOfPage\":{\"@id\":\"https:\\\/\\\/cometofinland.fi\\\/sv\\\/exhibition\\\/tekniska-specifikationer-och-data\\\/#primaryimage\"},\"image\":{\"@id\":\"https:\\\/\\\/cometofinland.fi\\\/sv\\\/exhibition\\\/tekniska-specifikationer-och-data\\\/#primaryimage\"},\"thumbnailUrl\":\"https:\\\/\\\/cometofinland.fi\\\/wp-content\\\/uploads\\\/2019\\\/02\\\/overview-hki-300x200.jpg\",\"datePublished\":\"2019-02-11T12:43:54+00:00\",\"dateModified\":\"2019-02-24T10:51:52+00:00\",\"breadcrumb\":{\"@id\":\"https:\\\/\\\/cometofinland.fi\\\/sv\\\/exhibition\\\/tekniska-specifikationer-och-data\\\/#breadcrumb\"},\"inLanguage\":\"sv-SE\",\"potentialAction\":[{\"@type\":\"ReadAction\",\"target\":[\"https:\\\/\\\/cometofinland.fi\\\/sv\\\/exhibition\\\/tekniska-specifikationer-och-data\\\/\"]}]},{\"@type\":\"ImageObject\",\"inLanguage\":\"sv-SE\",\"@id\":\"https:\\\/\\\/cometofinland.fi\\\/sv\\\/exhibition\\\/tekniska-specifikationer-och-data\\\/#primaryimage\",\"url\":\"https:\\\/\\\/cometofinland.fi\\\/wp-content\\\/uploads\\\/2019\\\/02\\\/overview-hki-300x200.jpg\",\"contentUrl\":\"https:\\\/\\\/cometofinland.fi\\\/wp-content\\\/uploads\\\/2019\\\/02\\\/overview-hki-300x200.jpg\"},{\"@type\":\"BreadcrumbList\",\"@id\":\"https:\\\/\\\/cometofinland.fi\\\/sv\\\/exhibition\\\/tekniska-specifikationer-och-data\\\/#breadcrumb\",\"itemListElement\":[{\"@type\":\"ListItem\",\"position\":1,\"name\":\"Home\",\"item\":\"https:\\\/\\\/cometofinland.fi\\\/sv\\\/\"},{\"@type\":\"ListItem\",\"position\":2,\"name\":\"Utst\u00e4llningen Come to Finland\",\"item\":\"https:\\\/\\\/cometofinland.fi\\\/sv\\\/exhibition\\\/\"},{\"@type\":\"ListItem\",\"position\":3,\"name\":\"Tekniska specifikationer\"}]},{\"@type\":\"WebSite\",\"@id\":\"https:\\\/\\\/cometofinland.fi\\\/sv\\\/#website\",\"url\":\"https:\\\/\\\/cometofinland.fi\\\/sv\\\/\",\"name\":\"Come to Finland\",\"description\":\"Poster love from Finland! We bring new life to vintage travel posters, and also create new images from Finland!\",\"publisher\":{\"@id\":\"https:\\\/\\\/cometofinland.fi\\\/sv\\\/#organization\"},\"potentialAction\":[{\"@type\":\"SearchAction\",\"target\":{\"@type\":\"EntryPoint\",\"urlTemplate\":\"https:\\\/\\\/cometofinland.fi\\\/sv\\\/?s={search_term_string}\"},\"query-input\":{\"@type\":\"PropertyValueSpecification\",\"valueRequired\":true,\"valueName\":\"search_term_string\"}}],\"inLanguage\":\"sv-SE\"},{\"@type\":\"Organization\",\"@id\":\"https:\\\/\\\/cometofinland.fi\\\/sv\\\/#organization\",\"name\":\"Come to Finland\",\"url\":\"https:\\\/\\\/cometofinland.fi\\\/sv\\\/\",\"logo\":{\"@type\":\"ImageObject\",\"inLanguage\":\"sv-SE\",\"@id\":\"https:\\\/\\\/cometofinland.fi\\\/sv\\\/#\\\/schema\\\/logo\\\/image\\\/\",\"url\":\"https:\\\/\\\/cometofinland.fi\\\/wp-content\\\/uploads\\\/2019\\\/03\\\/CTF_LOGO_Blue.svg\",\"contentUrl\":\"https:\\\/\\\/cometofinland.fi\\\/wp-content\\\/uploads\\\/2019\\\/03\\\/CTF_LOGO_Blue.svg\",\"width\":1,\"height\":1,\"caption\":\"Come to Finland\"},\"image\":{\"@id\":\"https:\\\/\\\/cometofinland.fi\\\/sv\\\/#\\\/schema\\\/logo\\\/image\\\/\"},\"sameAs\":[\"https:\\\/\\\/fi-fi.facebook.com\\\/cometofinland\\\/\",\"https:\\\/\\\/www.instagram.com\\\/cometofinland\\\/\"]}]}<\/script>\n<!-- \/ Yoast SEO plugin. -->","yoast_head_json":{"title":"Tekniska specifikationer - Come to Finland","robots":{"index":"index","follow":"follow","max-snippet":"max-snippet:-1","max-image-preview":"max-image-preview:large","max-video-preview":"max-video-preview:-1"},"canonical":"https:\/\/cometofinland.fi\/sv\/exhibition\/tekniska-specifikationer-och-data\/","og_locale":"sv_SE","og_type":"article","og_title":"Tekniska specifikationer - Come to Finland","og_description":"Utst\u00e4llningen best\u00e5r av originalaffischer fr\u00e5n slutet av 1800-talet till nutid. Utst\u00e4llningen som ber\u00e4ttar Finlands historia via inramade reseaffischer och insiktsfulla infotavlor (med text) kan anpassas enligt utrymme. Antal tavlor: Utst\u00e4llningen best\u00e5r av ca 100 inramade posters, men kan f\u00f6rst\u00e5s anpassas enligt utrymmet. Medelstorlek per tavla: 840 x 1400 mm. Utst\u00e4llning inkluderar \u00e4ven en grupp tavlor [&hellip;]","og_url":"https:\/\/cometofinland.fi\/sv\/exhibition\/tekniska-specifikationer-och-data\/","og_site_name":"Come to Finland","article_publisher":"https:\/\/fi-fi.facebook.com\/cometofinland\/","article_modified_time":"2019-02-24T10:51:52+00:00","og_image":[{"url":"https:\/\/cometofinland.fi\/wp-content\/uploads\/2019\/02\/overview-hki-300x200.jpg","type":"","width":"","height":""}],"twitter_card":"summary_large_image","twitter_misc":{"Ber\u00e4knad l\u00e4stid":"2 minuter"},"schema":{"@context":"https:\/\/schema.org","@graph":[{"@type":"WebPage","@id":"https:\/\/cometofinland.fi\/sv\/exhibition\/tekniska-specifikationer-och-data\/","url":"https:\/\/cometofinland.fi\/sv\/exhibition\/tekniska-specifikationer-och-data\/","name":"Tekniska specifikationer - Come to Finland","isPartOf":{"@id":"https:\/\/cometofinland.fi\/sv\/#website"},"primaryImageOfPage":{"@id":"https:\/\/cometofinland.fi\/sv\/exhibition\/tekniska-specifikationer-och-data\/#primaryimage"},"image":{"@id":"https:\/\/cometofinland.fi\/sv\/exhibition\/tekniska-specifikationer-och-data\/#primaryimage"},"thumbnailUrl":"https:\/\/cometofinland.fi\/wp-content\/uploads\/2019\/02\/overview-hki-300x200.jpg","datePublished":"2019-02-11T12:43:54+00:00","dateModified":"2019-02-24T10:51:52+00:00","breadcrumb":{"@id":"https:\/\/cometofinland.fi\/sv\/exhibition\/tekniska-specifikationer-och-data\/#breadcrumb"},"inLanguage":"sv-SE","potentialAction":[{"@type":"ReadAction","target":["https:\/\/cometofinland.fi\/sv\/exhibition\/tekniska-specifikationer-och-data\/"]}]},{"@type":"ImageObject","inLanguage":"sv-SE","@id":"https:\/\/cometofinland.fi\/sv\/exhibition\/tekniska-specifikationer-och-data\/#primaryimage","url":"https:\/\/cometofinland.fi\/wp-content\/uploads\/2019\/02\/overview-hki-300x200.jpg","contentUrl":"https:\/\/cometofinland.fi\/wp-content\/uploads\/2019\/02\/overview-hki-300x200.jpg"},{"@type":"BreadcrumbList","@id":"https:\/\/cometofinland.fi\/sv\/exhibition\/tekniska-specifikationer-och-data\/#breadcrumb","itemListElement":[{"@type":"ListItem","position":1,"name":"Home","item":"https:\/\/cometofinland.fi\/sv\/"},{"@type":"ListItem","position":2,"name":"Utst\u00e4llningen Come to Finland","item":"https:\/\/cometofinland.fi\/sv\/exhibition\/"},{"@type":"ListItem","position":3,"name":"Tekniska specifikationer"}]},{"@type":"WebSite","@id":"https:\/\/cometofinland.fi\/sv\/#website","url":"https:\/\/cometofinland.fi\/sv\/","name":"Come to Finland","description":"Poster love from Finland! We bring new life to vintage travel posters, and also create new images from Finland!","publisher":{"@id":"https:\/\/cometofinland.fi\/sv\/#organization"},"potentialAction":[{"@type":"SearchAction","target":{"@type":"EntryPoint","urlTemplate":"https:\/\/cometofinland.fi\/sv\/?s={search_term_string}"},"query-input":{"@type":"PropertyValueSpecification","valueRequired":true,"valueName":"search_term_string"}}],"inLanguage":"sv-SE"},{"@type":"Organization","@id":"https:\/\/cometofinland.fi\/sv\/#organization","name":"Come to Finland","url":"https:\/\/cometofinland.fi\/sv\/","logo":{"@type":"ImageObject","inLanguage":"sv-SE","@id":"https:\/\/cometofinland.fi\/sv\/#\/schema\/logo\/image\/","url":"https:\/\/cometofinland.fi\/wp-content\/uploads\/2019\/03\/CTF_LOGO_Blue.svg","contentUrl":"https:\/\/cometofinland.fi\/wp-content\/uploads\/2019\/03\/CTF_LOGO_Blue.svg","width":1,"height":1,"caption":"Come to Finland"},"image":{"@id":"https:\/\/cometofinland.fi\/sv\/#\/schema\/logo\/image\/"},"sameAs":["https:\/\/fi-fi.facebook.com\/cometofinland\/","https:\/\/www.instagram.com\/cometofinland\/"]}]}},"_links":{"self":[{"href":"https:\/\/cometofinland.fi\/sv\/wp-json\/wp\/v2\/pages\/6887","targetHints":{"allow":["GET"]}}],"collection":[{"href":"https:\/\/cometofinland.fi\/sv\/wp-json\/wp\/v2\/pages"}],"about":[{"href":"https:\/\/cometofinland.fi\/sv\/wp-json\/wp\/v2\/types\/page"}],"author":[{"embeddable":true,"href":"https:\/\/cometofinland.fi\/sv\/wp-json\/wp\/v2\/users\/7"}],"replies":[{"embeddable":true,"href":"https:\/\/cometofinland.fi\/sv\/wp-json\/wp\/v2\/comments?post=6887"}],"version-history":[{"count":5,"href":"https:\/\/cometofinland.fi\/sv\/wp-json\/wp\/v2\/pages\/6887\/revisions"}],"predecessor-version":[{"id":8426,"href":"https:\/\/cometofinland.fi\/sv\/wp-json\/wp\/v2\/pages\/6887\/revisions\/8426"}],"up":[{"embeddable":true,"href":"https:\/\/cometofinland.fi\/sv\/wp-json\/wp\/v2\/pages\/6079"}],"wp:attachment":[{"href":"https:\/\/cometofinland.fi\/sv\/wp-json\/wp\/v2\/media?parent=6887"}],"curies":[{"name":"wp","href":"https:\/\/api.w.org\/{rel}","templated":true}]}}