{"id":6889,"date":"2019-01-28T21:31:17","date_gmt":"2019-01-28T19:31:17","guid":{"rendered":"https:\/\/cometofinland.fi\/?page_id=6889"},"modified":"2021-06-03T08:52:45","modified_gmt":"2021-06-03T05:52:45","slug":"utstallningsturnen","status":"publish","type":"page","link":"https:\/\/cometofinland.fi\/sv\/exhibition\/utstallningsturnen\/","title":{"rendered":"Utst\u00e4llningsturn\u00e9n"},"content":{"rendered":"<h4>Vi arbetar f\u00f6r n\u00e4rvarande (2021) med en helt ny utst\u00e4llning som g\u00e5r under namnet \u201dCome to Norden\u201d. Det h\u00e4r \u00e4r ett stort och unikt forsknings- och affiischprojekt, utst\u00e4llningen \u00f6ppnar \u00e5r 2022. Mera information f\u00f6ljer!<\/h4>\n<h4>Nedan listas turn\u00e9n f\u00f6r v\u00e5r nuvarande utst\u00e4llning, Come to Finland:<\/h4>\n<h2>2021-22<\/h2>\n<p><strong>6.5.2021 &#8211; 17.4.2022:<\/strong> <a href=\"https:\/\/www.hanko.fi\/sv\/kultur_fritid_och_ungdomar\/hango_museum\/utstallningar\">Hang\u00f6 museum.<\/a><\/p>\n<h2 class=\"p1\"><span class=\"s1\"><b>2018<\/b><\/span><\/h2>\n<p class=\"p2\"><span class=\"s1\"><b>26.1 &#8211; medlet av april: <\/b><a href=\"http:\/\/www.druckkunst-museum.de\/\"><span class=\"s2\">Druckkunst Museum<\/span><\/a>, Leipzig, Tyskland.<\/span><\/p>\n<p class=\"p3\"><span class=\"s1\"><b>30.11.2018-24.2.2019:<\/b> <a href=\"http:\/\/merilapinmuseot.fi\/sv\/utstallningskalender\/kemi-konstmuseum\"><span class=\"s2\">Kemi konstmuseum<\/span><\/a><\/span><\/p>\n<h2 class=\"p1\"><span class=\"s1\"><b>2017 (-2018)<\/b><\/span><\/h2>\n<p class=\"p2\"><span class=\"s1\"><b>9.11.2016\u201313.1.2017<\/b><br \/>\nMikaelsg\u00e5rden, Mikonkatu 20-22, Bj\u00f6rneborg<\/span><\/p>\n<p class=\"p2\"><span class=\"s1\"><b>16.2\u201328.5.2017<\/b><br \/>\nNationalmuseet, Helsingfors<\/span><\/p>\n<p class=\"p2\"><span class=\"s1\"><b>17.9.2017\u201314.1.2018<\/b><br \/>\n<a href=\"https:\/\/www.kiel.de\/de\/kultur_freizeit\/museum\/_kalendereintrag.php?160445\"><span class=\"s2\">Kieler Stadtmuseum<\/span><\/a>, Kiel, Tyskland<\/span><\/p>\n<p class=\"p2\"><span class=\"s1\"><b>3.12.2017 &#8211; 29.4.2018<\/b><br \/>\n<a href=\"http:\/\/www.kansallismuseo.fi\/sv\/sjohistoriska-museum\/utstallningar\"><span class=\"s2\">Finlands sj\u00f6historiska museum<\/span><\/a>, Kotka<\/span><\/p>\n<h2 class=\"p1\"><span class=\"s1\"><b>2016<\/b><\/span><\/h2>\n<p class=\"p2\"><span class=\"s1\"><b>23.1\u201324.3.2016<\/b><br \/>\nEtel\u00e4-Karjalan taidemuseo, Villmanstrand<\/span><\/p>\n<p class=\"p2\"><span class=\"s1\"><b>1.6\u201327.7.2016<\/b><br \/>\nTobaksmagasinet, Jakobstad<\/span><\/p>\n<p class=\"p2\"><span class=\"s1\"><b>19.8\u201330.10.2016<\/b><br \/>\nLapin maakuntamuseo, Arktikum, Rovaniemi<\/span><\/p>\n<p class=\"p2\"><span class=\"s1\"><b>9.11.2016\u201313.1.2017<\/b><br \/>\nMikaelsg\u00e5rden, Mikonkatu 20-22, Bj\u00f6rneborg<\/span><\/p>\n<p>&nbsp;<\/p>\n<p><em>Bannerfoto: Bernhard \u00c5str\u00f6m, Svenska litteraturs\u00e4llskapet i Finland. CC-licens.<\/em><\/p>\n","protected":false},"excerpt":{"rendered":"<p>Vi arbetar f\u00f6r n\u00e4rvarande (2021) med en helt ny utst\u00e4llning som g\u00e5r under namnet \u201dCome to Norden\u201d. Det h\u00e4r \u00e4r ett stort och unikt forsknings- och affiischprojekt, utst\u00e4llningen \u00f6ppnar \u00e5r 2022. Mera information f\u00f6ljer! Nedan listas turn\u00e9n f\u00f6r v\u00e5r nuvarande utst\u00e4llning, Come to Finland: 2021-22 6.5.2021 &#8211; 17.4.2022: Hang\u00f6 museum. 2018 26.1 &#8211; medlet av [&hellip;]<\/p>\n","protected":false},"author":7,"featured_media":0,"parent":6079,"menu_order":0,"comment_status":"closed","ping_status":"closed","template":"","meta":{"_acf_changed":false,"footnotes":""},"class_list":["post-6889","page","type-page","status-publish","hentry"],"acf":[],"yoast_head":"<!-- This site is optimized with the Yoast SEO plugin v27.4 - https:\/\/yoast.com\/product\/yoast-seo-wordpress\/ -->\n<title>Utst\u00e4llningsturn\u00e9n - Come to Finland<\/title>\n<meta name=\"robots\" content=\"index, follow, max-snippet:-1, max-image-preview:large, max-video-preview:-1\" \/>\n<link rel=\"canonical\" href=\"https:\/\/cometofinland.fi\/sv\/exhibition\/utstallningsturnen\/\" \/>\n<meta property=\"og:locale\" content=\"sv_SE\" \/>\n<meta property=\"og:type\" content=\"article\" \/>\n<meta property=\"og:title\" content=\"Utst\u00e4llningsturn\u00e9n - Come to Finland\" \/>\n<meta property=\"og:description\" content=\"Vi arbetar f\u00f6r n\u00e4rvarande (2021) med en helt ny utst\u00e4llning som g\u00e5r under namnet \u201dCome to Norden\u201d. Det h\u00e4r \u00e4r ett stort och unikt forsknings- och affiischprojekt, utst\u00e4llningen \u00f6ppnar \u00e5r 2022. Mera information f\u00f6ljer! Nedan listas turn\u00e9n f\u00f6r v\u00e5r nuvarande utst\u00e4llning, Come to Finland: 2021-22 6.5.2021 &#8211; 17.4.2022: Hang\u00f6 museum. 2018 26.1 &#8211; medlet av [&hellip;]\" \/>\n<meta property=\"og:url\" content=\"https:\/\/cometofinland.fi\/sv\/exhibition\/utstallningsturnen\/\" \/>\n<meta property=\"og:site_name\" content=\"Come to Finland\" \/>\n<meta property=\"article:publisher\" content=\"https:\/\/fi-fi.facebook.com\/cometofinland\/\" \/>\n<meta property=\"article:modified_time\" content=\"2021-06-03T05:52:45+00:00\" \/>\n<meta name=\"twitter:card\" content=\"summary_large_image\" \/>\n<meta name=\"twitter:label1\" content=\"Ber\u00e4knad l\u00e4stid\" \/>\n\t<meta name=\"twitter:data1\" content=\"1 minut\" \/>\n<script type=\"application\/ld+json\" class=\"yoast-schema-graph\">{\"@context\":\"https:\\\/\\\/schema.org\",\"@graph\":[{\"@type\":\"WebPage\",\"@id\":\"https:\\\/\\\/cometofinland.fi\\\/sv\\\/exhibition\\\/utstallningsturnen\\\/\",\"url\":\"https:\\\/\\\/cometofinland.fi\\\/sv\\\/exhibition\\\/utstallningsturnen\\\/\",\"name\":\"Utst\u00e4llningsturn\u00e9n - Come to Finland\",\"isPartOf\":{\"@id\":\"https:\\\/\\\/cometofinland.fi\\\/sv\\\/#website\"},\"datePublished\":\"2019-01-28T19:31:17+00:00\",\"dateModified\":\"2021-06-03T05:52:45+00:00\",\"breadcrumb\":{\"@id\":\"https:\\\/\\\/cometofinland.fi\\\/sv\\\/exhibition\\\/utstallningsturnen\\\/#breadcrumb\"},\"inLanguage\":\"sv-SE\",\"potentialAction\":[{\"@type\":\"ReadAction\",\"target\":[\"https:\\\/\\\/cometofinland.fi\\\/sv\\\/exhibition\\\/utstallningsturnen\\\/\"]}]},{\"@type\":\"BreadcrumbList\",\"@id\":\"https:\\\/\\\/cometofinland.fi\\\/sv\\\/exhibition\\\/utstallningsturnen\\\/#breadcrumb\",\"itemListElement\":[{\"@type\":\"ListItem\",\"position\":1,\"name\":\"Home\",\"item\":\"https:\\\/\\\/cometofinland.fi\\\/sv\\\/\"},{\"@type\":\"ListItem\",\"position\":2,\"name\":\"Utst\u00e4llningen Come to Finland\",\"item\":\"https:\\\/\\\/cometofinland.fi\\\/sv\\\/exhibition\\\/\"},{\"@type\":\"ListItem\",\"position\":3,\"name\":\"Utst\u00e4llningsturn\u00e9n\"}]},{\"@type\":\"WebSite\",\"@id\":\"https:\\\/\\\/cometofinland.fi\\\/sv\\\/#website\",\"url\":\"https:\\\/\\\/cometofinland.fi\\\/sv\\\/\",\"name\":\"Come to Finland\",\"description\":\"Poster love from Finland! We bring new life to vintage travel posters, and also create new images from Finland!\",\"publisher\":{\"@id\":\"https:\\\/\\\/cometofinland.fi\\\/sv\\\/#organization\"},\"potentialAction\":[{\"@type\":\"SearchAction\",\"target\":{\"@type\":\"EntryPoint\",\"urlTemplate\":\"https:\\\/\\\/cometofinland.fi\\\/sv\\\/?s={search_term_string}\"},\"query-input\":{\"@type\":\"PropertyValueSpecification\",\"valueRequired\":true,\"valueName\":\"search_term_string\"}}],\"inLanguage\":\"sv-SE\"},{\"@type\":\"Organization\",\"@id\":\"https:\\\/\\\/cometofinland.fi\\\/sv\\\/#organization\",\"name\":\"Come to Finland\",\"url\":\"https:\\\/\\\/cometofinland.fi\\\/sv\\\/\",\"logo\":{\"@type\":\"ImageObject\",\"inLanguage\":\"sv-SE\",\"@id\":\"https:\\\/\\\/cometofinland.fi\\\/sv\\\/#\\\/schema\\\/logo\\\/image\\\/\",\"url\":\"https:\\\/\\\/cometofinland.fi\\\/wp-content\\\/uploads\\\/2019\\\/03\\\/CTF_LOGO_Blue.svg\",\"contentUrl\":\"https:\\\/\\\/cometofinland.fi\\\/wp-content\\\/uploads\\\/2019\\\/03\\\/CTF_LOGO_Blue.svg\",\"width\":1,\"height\":1,\"caption\":\"Come to Finland\"},\"image\":{\"@id\":\"https:\\\/\\\/cometofinland.fi\\\/sv\\\/#\\\/schema\\\/logo\\\/image\\\/\"},\"sameAs\":[\"https:\\\/\\\/fi-fi.facebook.com\\\/cometofinland\\\/\",\"https:\\\/\\\/www.instagram.com\\\/cometofinland\\\/\"]}]}<\/script>\n<!-- \/ Yoast SEO plugin. -->","yoast_head_json":{"title":"Utst\u00e4llningsturn\u00e9n - Come to Finland","robots":{"index":"index","follow":"follow","max-snippet":"max-snippet:-1","max-image-preview":"max-image-preview:large","max-video-preview":"max-video-preview:-1"},"canonical":"https:\/\/cometofinland.fi\/sv\/exhibition\/utstallningsturnen\/","og_locale":"sv_SE","og_type":"article","og_title":"Utst\u00e4llningsturn\u00e9n - Come to Finland","og_description":"Vi arbetar f\u00f6r n\u00e4rvarande (2021) med en helt ny utst\u00e4llning som g\u00e5r under namnet \u201dCome to Norden\u201d. Det h\u00e4r \u00e4r ett stort och unikt forsknings- och affiischprojekt, utst\u00e4llningen \u00f6ppnar \u00e5r 2022. Mera information f\u00f6ljer! Nedan listas turn\u00e9n f\u00f6r v\u00e5r nuvarande utst\u00e4llning, Come to Finland: 2021-22 6.5.2021 &#8211; 17.4.2022: Hang\u00f6 museum. 2018 26.1 &#8211; medlet av [&hellip;]","og_url":"https:\/\/cometofinland.fi\/sv\/exhibition\/utstallningsturnen\/","og_site_name":"Come to Finland","article_publisher":"https:\/\/fi-fi.facebook.com\/cometofinland\/","article_modified_time":"2021-06-03T05:52:45+00:00","twitter_card":"summary_large_image","twitter_misc":{"Ber\u00e4knad l\u00e4stid":"1 minut"},"schema":{"@context":"https:\/\/schema.org","@graph":[{"@type":"WebPage","@id":"https:\/\/cometofinland.fi\/sv\/exhibition\/utstallningsturnen\/","url":"https:\/\/cometofinland.fi\/sv\/exhibition\/utstallningsturnen\/","name":"Utst\u00e4llningsturn\u00e9n - Come to Finland","isPartOf":{"@id":"https:\/\/cometofinland.fi\/sv\/#website"},"datePublished":"2019-01-28T19:31:17+00:00","dateModified":"2021-06-03T05:52:45+00:00","breadcrumb":{"@id":"https:\/\/cometofinland.fi\/sv\/exhibition\/utstallningsturnen\/#breadcrumb"},"inLanguage":"sv-SE","potentialAction":[{"@type":"ReadAction","target":["https:\/\/cometofinland.fi\/sv\/exhibition\/utstallningsturnen\/"]}]},{"@type":"BreadcrumbList","@id":"https:\/\/cometofinland.fi\/sv\/exhibition\/utstallningsturnen\/#breadcrumb","itemListElement":[{"@type":"ListItem","position":1,"name":"Home","item":"https:\/\/cometofinland.fi\/sv\/"},{"@type":"ListItem","position":2,"name":"Utst\u00e4llningen Come to Finland","item":"https:\/\/cometofinland.fi\/sv\/exhibition\/"},{"@type":"ListItem","position":3,"name":"Utst\u00e4llningsturn\u00e9n"}]},{"@type":"WebSite","@id":"https:\/\/cometofinland.fi\/sv\/#website","url":"https:\/\/cometofinland.fi\/sv\/","name":"Come to Finland","description":"Poster love from Finland! We bring new life to vintage travel posters, and also create new images from Finland!","publisher":{"@id":"https:\/\/cometofinland.fi\/sv\/#organization"},"potentialAction":[{"@type":"SearchAction","target":{"@type":"EntryPoint","urlTemplate":"https:\/\/cometofinland.fi\/sv\/?s={search_term_string}"},"query-input":{"@type":"PropertyValueSpecification","valueRequired":true,"valueName":"search_term_string"}}],"inLanguage":"sv-SE"},{"@type":"Organization","@id":"https:\/\/cometofinland.fi\/sv\/#organization","name":"Come to Finland","url":"https:\/\/cometofinland.fi\/sv\/","logo":{"@type":"ImageObject","inLanguage":"sv-SE","@id":"https:\/\/cometofinland.fi\/sv\/#\/schema\/logo\/image\/","url":"https:\/\/cometofinland.fi\/wp-content\/uploads\/2019\/03\/CTF_LOGO_Blue.svg","contentUrl":"https:\/\/cometofinland.fi\/wp-content\/uploads\/2019\/03\/CTF_LOGO_Blue.svg","width":1,"height":1,"caption":"Come to Finland"},"image":{"@id":"https:\/\/cometofinland.fi\/sv\/#\/schema\/logo\/image\/"},"sameAs":["https:\/\/fi-fi.facebook.com\/cometofinland\/","https:\/\/www.instagram.com\/cometofinland\/"]}]}},"_links":{"self":[{"href":"https:\/\/cometofinland.fi\/sv\/wp-json\/wp\/v2\/pages\/6889","targetHints":{"allow":["GET"]}}],"collection":[{"href":"https:\/\/cometofinland.fi\/sv\/wp-json\/wp\/v2\/pages"}],"about":[{"href":"https:\/\/cometofinland.fi\/sv\/wp-json\/wp\/v2\/types\/page"}],"author":[{"embeddable":true,"href":"https:\/\/cometofinland.fi\/sv\/wp-json\/wp\/v2\/users\/7"}],"replies":[{"embeddable":true,"href":"https:\/\/cometofinland.fi\/sv\/wp-json\/wp\/v2\/comments?post=6889"}],"version-history":[{"count":6,"href":"https:\/\/cometofinland.fi\/sv\/wp-json\/wp\/v2\/pages\/6889\/revisions"}],"predecessor-version":[{"id":20481,"href":"https:\/\/cometofinland.fi\/sv\/wp-json\/wp\/v2\/pages\/6889\/revisions\/20481"}],"up":[{"embeddable":true,"href":"https:\/\/cometofinland.fi\/sv\/wp-json\/wp\/v2\/pages\/6079"}],"wp:attachment":[{"href":"https:\/\/cometofinland.fi\/sv\/wp-json\/wp\/v2\/media?parent=6889"}],"curies":[{"name":"wp","href":"https:\/\/api.w.org\/{rel}","templated":true}]}}