{"id":22820,"date":"2022-11-20T20:48:40","date_gmt":"2022-11-20T18:48:40","guid":{"rendered":"https:\/\/cometofinland.fi\/?post_type=product&#038;p=22820"},"modified":"2023-03-07T21:09:54","modified_gmt":"2023-03-07T19:09:54","slug":"come-to-norden-affischerna-som-tjusade-turisterna","status":"publish","type":"product","link":"https:\/\/cometofinland.fi\/sv\/produkt\/come-to-norden-affischerna-som-tjusade-turisterna\/","title":{"rendered":"Come to Norden &#8211; Affischerna som tjusade turisterna"},"content":{"rendered":"<p><!--td {border: 1px solid #ccc;}br {mso-data-placement:same-cell;}--><span data-sheets-value=\"{&quot;1&quot;:2,&quot;2&quot;:&quot;This is the English edition of the book Come to Finland. Please note this is not just a translation, but an adaption of the book for the English speaking-readers. In her essay, British author Diana Webster gives an insight into Finland (she's been living in Finland since the 1950's) seen through the travel posters.nnCome to Finland is a high quality coffee table book filled with vintage travel posters from Finland. Go ahead, check for yourself before you order, enjoy the English edition of Come to Finland in full screen.nWant to see for yourself before you order? That's perfectly fine. You can enjoy the English edition of Come to Finland on your screen by clicking here.nnLink: https:\/\/issuu.com\/sektorn_press\/docs\/ctf-engnFacts about the book:nSize: 24 x 32 cmnNumber of pages: 256nWeight: 1,9 kg.nPrinted in FinlandnPosters: approx 210.nPaper: Galerie Art Silk 150 grnPublished by: Edita and Sektorn PressnTranslations: Jason O'Neill and Diana WebsternPublished: 2008 (2nd revised edition), First edition 2007, sold-out.nISBN13: 9789513752361nn&quot;}\" data-sheets-userformat=\"{&quot;2&quot;:7145,&quot;3&quot;:{&quot;1&quot;:0},&quot;6&quot;:{&quot;1&quot;:[{&quot;1&quot;:2,&quot;2&quot;:0,&quot;5&quot;:[null,2,0]},{&quot;1&quot;:0,&quot;2&quot;:0,&quot;3&quot;:3},{&quot;1&quot;:1,&quot;2&quot;:0,&quot;4&quot;:1}]},&quot;8&quot;:{&quot;1&quot;:[{&quot;1&quot;:2,&quot;2&quot;:0,&quot;5&quot;:[null,2,0]},{&quot;1&quot;:0,&quot;2&quot;:0,&quot;3&quot;:3},{&quot;1&quot;:1,&quot;2&quot;:0,&quot;4&quot;:1}]},&quot;9&quot;:0,&quot;10&quot;:2,&quot;11&quot;:3,&quot;12&quot;:0,&quot;14&quot;:[null,2,0],&quot;15&quot;:&quot;Arial&quot;}\"><!--td {border: 1px solid #ccc;}br {mso-data-placement:same-cell;}--><\/span><\/p>\n<p><strong>Utkom i augusti 2022<br \/>\n<\/strong><\/p>\n<p>Vi har gjort en maffig coffee table-bok med n\u00e4rmare 200 nordiska reseaffischer \u2013 affischer som man i tiderna anv\u00e4nde f\u00f6r att marknadsf\u00f6ra Norden b\u00e5de hemma och utomlands.<\/p>\n<p>Boken \u00e4r dessutom ett gediget arbete om nordisk turismhistoria. Hur ritade de nordiska l\u00e4nderna in sig p\u00e5 den turistkartan? Boken ger svaret.<\/p>\n<p>Dessutom \u00e4r vi nyfikna p\u00e5 de nordiska affischkonstn\u00e4rerna \u2013 v\u00e5ra hj\u00e4ltar.<\/p>\n<p>Boken \u00e4r en frist\u00e5ende del av v\u00e5r utst\u00e4llning <em>Come to Norden<\/em> som f\u00f6r n\u00e4rvarande visas p\u00e5 Nordiska museet i Stockholm. I boken finns fler affischer och mera bakgrund. \u00c4r du ett fan av Norden \u00e4r Come to Norden den enda bok du beh\u00f6ver. Poster glamour f\u00f6r alla!<\/p>\n<p><strong>F\u00f6rfattare:<\/strong> Magnus Londen &amp; Sophie Holm<\/p>\n<p><strong>Design:<\/strong> Hilda Forss<\/p>\n<p><strong>Spr\u00e5k:<\/strong> Svenska<\/p>\n<p><strong>Storlek:<\/strong> 21,4 x 28,3 cm<\/p>\n<p><strong>Sidor:<\/strong> 320<\/p>\n<p><strong>Antal posters:<\/strong> n\u00e4stan 200<\/p>\n<p><strong>Publicerad:<\/strong> 2022<\/p>\n<p>Publicerad av Come to Finland &amp; Come to Sweden och Affischj\u00e4garna rf.<\/p>\n<p><strong>ISBN:<\/strong> <span id=\"mcntgmail-m_8159267801406116255docs-internal-guid-a75bde9f-7fff-0320-e1b6-abeabfdbebd9\">978-952-67035-4-1<\/span><\/p>\n<p><span data-sheets-value=\"{&quot;1&quot;:2,&quot;2&quot;:&quot;This is the English edition of the book Come to Finland. Please note this is not just a translation, but an adaption of the book for the English speaking-readers. In her essay, British author Diana Webster gives an insight into Finland (she's been living in Finland since the 1950's) seen through the travel posters.nnCome to Finland is a high quality coffee table book filled with vintage travel posters from Finland. Go ahead, check for yourself before you order, enjoy the English edition of Come to Finland in full screen.nWant to see for yourself before you order? That's perfectly fine. You can enjoy the English edition of Come to Finland on your screen by clicking here.nnLink: https:\/\/issuu.com\/sektorn_press\/docs\/ctf-engnFacts about the book:nSize: 24 x 32 cmnNumber of pages: 256nWeight: 1,9 kg.nPrinted in FinlandnPosters: approx 210.nPaper: Galerie Art Silk 150 grnPublished by: Edita and Sektorn PressnTranslations: Jason O'Neill and Diana WebsternPublished: 2008 (2nd revised edition), First edition 2007, sold-out.nISBN13: 9789513752361nn&quot;}\" data-sheets-userformat=\"{&quot;2&quot;:7145,&quot;3&quot;:{&quot;1&quot;:0},&quot;6&quot;:{&quot;1&quot;:[{&quot;1&quot;:2,&quot;2&quot;:0,&quot;5&quot;:[null,2,0]},{&quot;1&quot;:0,&quot;2&quot;:0,&quot;3&quot;:3},{&quot;1&quot;:1,&quot;2&quot;:0,&quot;4&quot;:1}]},&quot;8&quot;:{&quot;1&quot;:[{&quot;1&quot;:2,&quot;2&quot;:0,&quot;5&quot;:[null,2,0]},{&quot;1&quot;:0,&quot;2&quot;:0,&quot;3&quot;:3},{&quot;1&quot;:1,&quot;2&quot;:0,&quot;4&quot;:1}]},&quot;9&quot;:0,&quot;10&quot;:2,&quot;11&quot;:3,&quot;12&quot;:0,&quot;14&quot;:[null,2,0],&quot;15&quot;:&quot;Arial&quot;}\">\u00a0<\/span><\/p>\n","protected":false},"excerpt":{"rendered":"<p>Utkom i augusti 2022 Vi har gjort en maffig coffee table-bok med n\u00e4rmare 200 nordiska reseaffischer \u2013 affischer som man i tiderna anv\u00e4nde f\u00f6r att marknadsf\u00f6ra Norden b\u00e5de hemma och utomlands. Boken \u00e4r dessutom ett gediget arbete om nordisk turismhistoria. Hur ritade de nordiska l\u00e4nderna in sig p\u00e5 den turistkartan? Boken ger svaret. Dessutom \u00e4r [&hellip;]<\/p>\n","protected":false},"featured_media":22823,"template":"","meta":{"_acf_changed":false},"product_brand":[],"product_cat":[707,255,669],"product_tag":[],"class_list":{"0":"post-22820","1":"product","2":"type-product","3":"status-publish","4":"has-post-thumbnail","6":"product_cat-bocker","7":"product_cat-bocker-kalendrar","8":"product_cat-presenttips","10":"first","11":"instock","12":"sale","13":"taxable","14":"shipping-taxable","15":"purchasable","16":"product-type-simple"},"acf":[],"yoast_head":"<!-- This site is optimized with the Yoast SEO plugin v27.3 - https:\/\/yoast.com\/product\/yoast-seo-wordpress\/ -->\n<title>Come to Norden - Affischerna som tjusade turisterna - Come to Finland<\/title>\n<meta name=\"robots\" content=\"index, follow, max-snippet:-1, max-image-preview:large, max-video-preview:-1\" \/>\n<link rel=\"canonical\" href=\"https:\/\/cometofinland.fi\/sv\/produkt\/come-to-norden-affischerna-som-tjusade-turisterna\/\" \/>\n<meta property=\"og:locale\" content=\"sv_SE\" \/>\n<meta property=\"og:type\" content=\"article\" \/>\n<meta property=\"og:title\" content=\"Come to Norden - Affischerna som tjusade turisterna - Come to Finland\" \/>\n<meta property=\"og:description\" content=\"Utkom i augusti 2022 Vi har gjort en maffig coffee table-bok med n\u00e4rmare 200 nordiska reseaffischer \u2013 affischer som man i tiderna anv\u00e4nde f\u00f6r att marknadsf\u00f6ra Norden b\u00e5de hemma och utomlands. Boken \u00e4r dessutom ett gediget arbete om nordisk turismhistoria. Hur ritade de nordiska l\u00e4nderna in sig p\u00e5 den turistkartan? Boken ger svaret. Dessutom \u00e4r [&hellip;]\" \/>\n<meta property=\"og:url\" content=\"https:\/\/cometofinland.fi\/sv\/produkt\/come-to-norden-affischerna-som-tjusade-turisterna\/\" \/>\n<meta property=\"og:site_name\" content=\"Come to Finland\" \/>\n<meta property=\"article:publisher\" content=\"https:\/\/fi-fi.facebook.com\/cometofinland\/\" \/>\n<meta property=\"article:modified_time\" content=\"2023-03-07T19:09:54+00:00\" \/>\n<meta property=\"og:image\" content=\"https:\/\/cometofinland.fi\/wp-content\/uploads\/2022\/08\/Come-to-Norden-cover-774x1024.jpg\" \/>\n\t<meta property=\"og:image:width\" content=\"774\" \/>\n\t<meta property=\"og:image:height\" content=\"1024\" \/>\n\t<meta property=\"og:image:type\" content=\"image\/jpeg\" \/>\n<meta name=\"twitter:card\" content=\"summary_large_image\" \/>\n<meta name=\"twitter:label1\" content=\"Ber\u00e4knad l\u00e4stid\" \/>\n\t<meta name=\"twitter:data1\" content=\"1 minut\" \/>\n<script type=\"application\/ld+json\" class=\"yoast-schema-graph\">{\"@context\":\"https:\\\/\\\/schema.org\",\"@graph\":[{\"@type\":\"WebPage\",\"@id\":\"https:\\\/\\\/cometofinland.fi\\\/sv\\\/produkt\\\/come-to-norden-affischerna-som-tjusade-turisterna\\\/\",\"url\":\"https:\\\/\\\/cometofinland.fi\\\/sv\\\/produkt\\\/come-to-norden-affischerna-som-tjusade-turisterna\\\/\",\"name\":\"Come to Norden - Affischerna som tjusade turisterna - Come to Finland\",\"isPartOf\":{\"@id\":\"https:\\\/\\\/cometofinland.fi\\\/sv\\\/#website\"},\"primaryImageOfPage\":{\"@id\":\"https:\\\/\\\/cometofinland.fi\\\/sv\\\/produkt\\\/come-to-norden-affischerna-som-tjusade-turisterna\\\/#primaryimage\"},\"image\":{\"@id\":\"https:\\\/\\\/cometofinland.fi\\\/sv\\\/produkt\\\/come-to-norden-affischerna-som-tjusade-turisterna\\\/#primaryimage\"},\"thumbnailUrl\":\"https:\\\/\\\/cometofinland.fi\\\/wp-content\\\/uploads\\\/2022\\\/08\\\/Come-to-Norden-cover.jpg\",\"datePublished\":\"2022-11-20T18:48:40+00:00\",\"dateModified\":\"2023-03-07T19:09:54+00:00\",\"breadcrumb\":{\"@id\":\"https:\\\/\\\/cometofinland.fi\\\/sv\\\/produkt\\\/come-to-norden-affischerna-som-tjusade-turisterna\\\/#breadcrumb\"},\"inLanguage\":\"sv-SE\",\"potentialAction\":[{\"@type\":\"ReadAction\",\"target\":[\"https:\\\/\\\/cometofinland.fi\\\/sv\\\/produkt\\\/come-to-norden-affischerna-som-tjusade-turisterna\\\/\"]}]},{\"@type\":\"ImageObject\",\"inLanguage\":\"sv-SE\",\"@id\":\"https:\\\/\\\/cometofinland.fi\\\/sv\\\/produkt\\\/come-to-norden-affischerna-som-tjusade-turisterna\\\/#primaryimage\",\"url\":\"https:\\\/\\\/cometofinland.fi\\\/wp-content\\\/uploads\\\/2022\\\/08\\\/Come-to-Norden-cover.jpg\",\"contentUrl\":\"https:\\\/\\\/cometofinland.fi\\\/wp-content\\\/uploads\\\/2022\\\/08\\\/Come-to-Norden-cover.jpg\",\"width\":1685,\"height\":2228},{\"@type\":\"BreadcrumbList\",\"@id\":\"https:\\\/\\\/cometofinland.fi\\\/sv\\\/produkt\\\/come-to-norden-affischerna-som-tjusade-turisterna\\\/#breadcrumb\",\"itemListElement\":[{\"@type\":\"ListItem\",\"position\":1,\"name\":\"Home\",\"item\":\"https:\\\/\\\/cometofinland.fi\\\/sv\\\/\"},{\"@type\":\"ListItem\",\"position\":2,\"name\":\"Butik\",\"item\":\"https:\\\/\\\/cometofinland.fi\\\/sv\\\/butik\\\/\"},{\"@type\":\"ListItem\",\"position\":3,\"name\":\"Come to Norden &#8211; Affischerna som tjusade turisterna\"}]},{\"@type\":\"WebSite\",\"@id\":\"https:\\\/\\\/cometofinland.fi\\\/sv\\\/#website\",\"url\":\"https:\\\/\\\/cometofinland.fi\\\/sv\\\/\",\"name\":\"Come to Finland\",\"description\":\"Poster love from Finland! We bring new life to vintage travel posters, and also create new images from Finland!\",\"publisher\":{\"@id\":\"https:\\\/\\\/cometofinland.fi\\\/sv\\\/#organization\"},\"potentialAction\":[{\"@type\":\"SearchAction\",\"target\":{\"@type\":\"EntryPoint\",\"urlTemplate\":\"https:\\\/\\\/cometofinland.fi\\\/sv\\\/?s={search_term_string}\"},\"query-input\":{\"@type\":\"PropertyValueSpecification\",\"valueRequired\":true,\"valueName\":\"search_term_string\"}}],\"inLanguage\":\"sv-SE\"},{\"@type\":\"Organization\",\"@id\":\"https:\\\/\\\/cometofinland.fi\\\/sv\\\/#organization\",\"name\":\"Come to Finland\",\"url\":\"https:\\\/\\\/cometofinland.fi\\\/sv\\\/\",\"logo\":{\"@type\":\"ImageObject\",\"inLanguage\":\"sv-SE\",\"@id\":\"https:\\\/\\\/cometofinland.fi\\\/sv\\\/#\\\/schema\\\/logo\\\/image\\\/\",\"url\":\"https:\\\/\\\/cometofinland.fi\\\/wp-content\\\/uploads\\\/2019\\\/03\\\/CTF_LOGO_Blue.svg\",\"contentUrl\":\"https:\\\/\\\/cometofinland.fi\\\/wp-content\\\/uploads\\\/2019\\\/03\\\/CTF_LOGO_Blue.svg\",\"width\":1,\"height\":1,\"caption\":\"Come to Finland\"},\"image\":{\"@id\":\"https:\\\/\\\/cometofinland.fi\\\/sv\\\/#\\\/schema\\\/logo\\\/image\\\/\"},\"sameAs\":[\"https:\\\/\\\/fi-fi.facebook.com\\\/cometofinland\\\/\",\"https:\\\/\\\/www.instagram.com\\\/cometofinland\\\/\"]}]}<\/script>\n<!-- \/ Yoast SEO plugin. -->","yoast_head_json":{"title":"Come to Norden - Affischerna som tjusade turisterna - Come to Finland","robots":{"index":"index","follow":"follow","max-snippet":"max-snippet:-1","max-image-preview":"max-image-preview:large","max-video-preview":"max-video-preview:-1"},"canonical":"https:\/\/cometofinland.fi\/sv\/produkt\/come-to-norden-affischerna-som-tjusade-turisterna\/","og_locale":"sv_SE","og_type":"article","og_title":"Come to Norden - Affischerna som tjusade turisterna - Come to Finland","og_description":"Utkom i augusti 2022 Vi har gjort en maffig coffee table-bok med n\u00e4rmare 200 nordiska reseaffischer \u2013 affischer som man i tiderna anv\u00e4nde f\u00f6r att marknadsf\u00f6ra Norden b\u00e5de hemma och utomlands. Boken \u00e4r dessutom ett gediget arbete om nordisk turismhistoria. Hur ritade de nordiska l\u00e4nderna in sig p\u00e5 den turistkartan? Boken ger svaret. Dessutom \u00e4r [&hellip;]","og_url":"https:\/\/cometofinland.fi\/sv\/produkt\/come-to-norden-affischerna-som-tjusade-turisterna\/","og_site_name":"Come to Finland","article_publisher":"https:\/\/fi-fi.facebook.com\/cometofinland\/","article_modified_time":"2023-03-07T19:09:54+00:00","og_image":[{"width":774,"height":1024,"url":"https:\/\/cometofinland.fi\/wp-content\/uploads\/2022\/08\/Come-to-Norden-cover-774x1024.jpg","type":"image\/jpeg"}],"twitter_card":"summary_large_image","twitter_misc":{"Ber\u00e4knad l\u00e4stid":"1 minut"},"schema":{"@context":"https:\/\/schema.org","@graph":[{"@type":"WebPage","@id":"https:\/\/cometofinland.fi\/sv\/produkt\/come-to-norden-affischerna-som-tjusade-turisterna\/","url":"https:\/\/cometofinland.fi\/sv\/produkt\/come-to-norden-affischerna-som-tjusade-turisterna\/","name":"Come to Norden - Affischerna som tjusade turisterna - Come to Finland","isPartOf":{"@id":"https:\/\/cometofinland.fi\/sv\/#website"},"primaryImageOfPage":{"@id":"https:\/\/cometofinland.fi\/sv\/produkt\/come-to-norden-affischerna-som-tjusade-turisterna\/#primaryimage"},"image":{"@id":"https:\/\/cometofinland.fi\/sv\/produkt\/come-to-norden-affischerna-som-tjusade-turisterna\/#primaryimage"},"thumbnailUrl":"https:\/\/cometofinland.fi\/wp-content\/uploads\/2022\/08\/Come-to-Norden-cover.jpg","datePublished":"2022-11-20T18:48:40+00:00","dateModified":"2023-03-07T19:09:54+00:00","breadcrumb":{"@id":"https:\/\/cometofinland.fi\/sv\/produkt\/come-to-norden-affischerna-som-tjusade-turisterna\/#breadcrumb"},"inLanguage":"sv-SE","potentialAction":[{"@type":"ReadAction","target":["https:\/\/cometofinland.fi\/sv\/produkt\/come-to-norden-affischerna-som-tjusade-turisterna\/"]}]},{"@type":"ImageObject","inLanguage":"sv-SE","@id":"https:\/\/cometofinland.fi\/sv\/produkt\/come-to-norden-affischerna-som-tjusade-turisterna\/#primaryimage","url":"https:\/\/cometofinland.fi\/wp-content\/uploads\/2022\/08\/Come-to-Norden-cover.jpg","contentUrl":"https:\/\/cometofinland.fi\/wp-content\/uploads\/2022\/08\/Come-to-Norden-cover.jpg","width":1685,"height":2228},{"@type":"BreadcrumbList","@id":"https:\/\/cometofinland.fi\/sv\/produkt\/come-to-norden-affischerna-som-tjusade-turisterna\/#breadcrumb","itemListElement":[{"@type":"ListItem","position":1,"name":"Home","item":"https:\/\/cometofinland.fi\/sv\/"},{"@type":"ListItem","position":2,"name":"Butik","item":"https:\/\/cometofinland.fi\/sv\/butik\/"},{"@type":"ListItem","position":3,"name":"Come to Norden &#8211; Affischerna som tjusade turisterna"}]},{"@type":"WebSite","@id":"https:\/\/cometofinland.fi\/sv\/#website","url":"https:\/\/cometofinland.fi\/sv\/","name":"Come to Finland","description":"Poster love from Finland! We bring new life to vintage travel posters, and also create new images from Finland!","publisher":{"@id":"https:\/\/cometofinland.fi\/sv\/#organization"},"potentialAction":[{"@type":"SearchAction","target":{"@type":"EntryPoint","urlTemplate":"https:\/\/cometofinland.fi\/sv\/?s={search_term_string}"},"query-input":{"@type":"PropertyValueSpecification","valueRequired":true,"valueName":"search_term_string"}}],"inLanguage":"sv-SE"},{"@type":"Organization","@id":"https:\/\/cometofinland.fi\/sv\/#organization","name":"Come to Finland","url":"https:\/\/cometofinland.fi\/sv\/","logo":{"@type":"ImageObject","inLanguage":"sv-SE","@id":"https:\/\/cometofinland.fi\/sv\/#\/schema\/logo\/image\/","url":"https:\/\/cometofinland.fi\/wp-content\/uploads\/2019\/03\/CTF_LOGO_Blue.svg","contentUrl":"https:\/\/cometofinland.fi\/wp-content\/uploads\/2019\/03\/CTF_LOGO_Blue.svg","width":1,"height":1,"caption":"Come to Finland"},"image":{"@id":"https:\/\/cometofinland.fi\/sv\/#\/schema\/logo\/image\/"},"sameAs":["https:\/\/fi-fi.facebook.com\/cometofinland\/","https:\/\/www.instagram.com\/cometofinland\/"]}]}},"_links":{"self":[{"href":"https:\/\/cometofinland.fi\/sv\/wp-json\/wp\/v2\/product\/22820","targetHints":{"allow":["GET"]}}],"collection":[{"href":"https:\/\/cometofinland.fi\/sv\/wp-json\/wp\/v2\/product"}],"about":[{"href":"https:\/\/cometofinland.fi\/sv\/wp-json\/wp\/v2\/types\/product"}],"wp:featuredmedia":[{"embeddable":true,"href":"https:\/\/cometofinland.fi\/sv\/wp-json\/wp\/v2\/media\/22823"}],"wp:attachment":[{"href":"https:\/\/cometofinland.fi\/sv\/wp-json\/wp\/v2\/media?parent=22820"}],"wp:term":[{"taxonomy":"product_brand","embeddable":true,"href":"https:\/\/cometofinland.fi\/sv\/wp-json\/wp\/v2\/product_brand?post=22820"},{"taxonomy":"product_cat","embeddable":true,"href":"https:\/\/cometofinland.fi\/sv\/wp-json\/wp\/v2\/product_cat?post=22820"},{"taxonomy":"product_tag","embeddable":true,"href":"https:\/\/cometofinland.fi\/sv\/wp-json\/wp\/v2\/product_tag?post=22820"}],"curies":[{"name":"wp","href":"https:\/\/api.w.org\/{rel}","templated":true}]}}