{"id":23979,"date":"2021-03-22T10:09:44","date_gmt":"2021-03-22T08:09:44","guid":{"rendered":"https:\/\/cometofinland.fi\/?post_type=product&#038;p=23979"},"modified":"2023-03-22T10:28:25","modified_gmt":"2023-03-22T08:28:25","slug":"norden-on-ice-by-lotta-li-alftberg-affisch-50x70-cm","status":"publish","type":"product","link":"https:\/\/cometofinland.fi\/sv\/produkt\/norden-on-ice-by-lotta-li-alftberg-affisch-50x70-cm\/","title":{"rendered":"Norden on Ice by Lotta-Li Alftberg, Affisch 50&#215;70 cm"},"content":{"rendered":"<p>Come to Norden \u2013 och sp\u00e4nn fast skridskorna. Den h\u00e4r affischen g\u00f6r definitivt ditt hem mera fartfyllt! Affischen ing\u00e5r i v\u00e5r Custom Print-serie. Det betyder att varje affisch trycks separat, enkom f\u00f6r dig. Postern trycks p\u00e5 h\u00f6gklassigt matt FSC-certifierat papper, med den modernaste trycktekniken i tolv f\u00e4rger. F\u00e4rgerna \u00e4r starka och fylliga, vilket inneb\u00e4r att affischen h\u00e5ller sin skarphet och sina f\u00e4rger i flera generationer.<\/p>\n<p>Affischen levereras inpackad i en h\u00e5llbar kartongtub. Om din best\u00e4llning best\u00e5r av flera affischer levereras de tillsammans i en tub.<\/p>\n","protected":false},"excerpt":{"rendered":"<p>Come to Norden \u2013 och sp\u00e4nn fast skridskorna. Den h\u00e4r affischen g\u00f6r definitivt ditt hem mera fartfyllt! Affischen ing\u00e5r i v\u00e5r Custom Print-serie. Det betyder att varje affisch trycks separat, enkom f\u00f6r dig. Postern trycks p\u00e5 h\u00f6gklassigt matt FSC-certifierat papper, med den modernaste trycktekniken i tolv f\u00e4rger. F\u00e4rgerna \u00e4r starka och fylliga, vilket inneb\u00e4r att [&hellip;]<\/p>\n","protected":false},"featured_media":23974,"template":"","meta":{"_acf_changed":false},"product_brand":[],"product_cat":[544,763],"product_tag":[],"class_list":{"0":"post-23979","1":"product","2":"type-product","3":"status-publish","4":"has-post-thumbnail","6":"product_cat-nutidens-reseaffischer","7":"product_cat-affischer-norden","9":"first","10":"instock","11":"taxable","12":"shipping-taxable","13":"purchasable","14":"product-type-simple"},"acf":[],"yoast_head":"<!-- This site is optimized with the Yoast SEO plugin v27.3 - https:\/\/yoast.com\/product\/yoast-seo-wordpress\/ -->\n<title>Norden on Ice by Lotta-Li Alftberg, Affisch 50x70 cm - Come to Finland<\/title>\n<meta name=\"description\" content=\"Come to Norden \u2013 med husbil! Den h\u00e4r \u00e4r en prisbel\u00f6nt affisch i MyNordenPoster-t\u00e4vlingen \u00e5r 2022. S\u00e5 nu kan du pryda ditt hem med en affisch som f\u00e5ngar b\u00e4sta mysresan p\u00e5 en enda bild. Affischen ing\u00e5r dessutom i v\u00e5r Custom Print-serie. Det betyder att varje affisch trycks separat, enkom f\u00f6r dig.Come to Norden \u2013 och sp\u00e4nn fast skidorna! Den h\u00e4r fartfyllda skidaffischen \u00e4r prisbel\u00f6nt i MyNordenPoster-t\u00e4vlingen \u00e5r 2022. S\u00e5 nu kan du pryda ditt hem med en affisch som f\u00f6r dig till fj\u00e4llen varje dag. Affischen ing\u00e5r dessutom i v\u00e5r Custom Print-serie. Det betyder att varje affisch trycks separat, enkom f\u00f6r dig.\" \/>\n<meta name=\"robots\" content=\"index, follow, max-snippet:-1, max-image-preview:large, max-video-preview:-1\" \/>\n<link rel=\"canonical\" href=\"https:\/\/cometofinland.fi\/sv\/produkt\/norden-on-ice-by-lotta-li-alftberg-affisch-50x70-cm\/\" \/>\n<meta property=\"og:locale\" content=\"sv_SE\" \/>\n<meta property=\"og:type\" content=\"article\" \/>\n<meta property=\"og:title\" content=\"Norden on Ice by Lotta-Li Alftberg, Affisch 50x70 cm - Come to Finland\" \/>\n<meta property=\"og:description\" content=\"Come to Norden \u2013 med husbil! Den h\u00e4r \u00e4r en prisbel\u00f6nt affisch i MyNordenPoster-t\u00e4vlingen \u00e5r 2022. S\u00e5 nu kan du pryda ditt hem med en affisch som f\u00e5ngar b\u00e4sta mysresan p\u00e5 en enda bild. Affischen ing\u00e5r dessutom i v\u00e5r Custom Print-serie. Det betyder att varje affisch trycks separat, enkom f\u00f6r dig.Come to Norden \u2013 och sp\u00e4nn fast skidorna! Den h\u00e4r fartfyllda skidaffischen \u00e4r prisbel\u00f6nt i MyNordenPoster-t\u00e4vlingen \u00e5r 2022. S\u00e5 nu kan du pryda ditt hem med en affisch som f\u00f6r dig till fj\u00e4llen varje dag. Affischen ing\u00e5r dessutom i v\u00e5r Custom Print-serie. Det betyder att varje affisch trycks separat, enkom f\u00f6r dig.\" \/>\n<meta property=\"og:url\" content=\"https:\/\/cometofinland.fi\/sv\/produkt\/norden-on-ice-by-lotta-li-alftberg-affisch-50x70-cm\/\" \/>\n<meta property=\"og:site_name\" content=\"Come to Finland\" \/>\n<meta property=\"article:publisher\" content=\"https:\/\/fi-fi.facebook.com\/cometofinland\/\" \/>\n<meta property=\"article:modified_time\" content=\"2023-03-22T08:28:25+00:00\" \/>\n<meta property=\"og:image\" content=\"https:\/\/cometofinland.fi\/wp-content\/uploads\/2023\/03\/Norden-On-Ice-LOWres_042.jpeg\" \/>\n\t<meta property=\"og:image:width\" content=\"900\" \/>\n\t<meta property=\"og:image:height\" content=\"1256\" \/>\n\t<meta property=\"og:image:type\" content=\"image\/jpeg\" \/>\n<meta name=\"twitter:card\" content=\"summary_large_image\" \/>\n<script type=\"application\/ld+json\" class=\"yoast-schema-graph\">{\"@context\":\"https:\\\/\\\/schema.org\",\"@graph\":[{\"@type\":\"WebPage\",\"@id\":\"https:\\\/\\\/cometofinland.fi\\\/sv\\\/produkt\\\/norden-on-ice-by-lotta-li-alftberg-affisch-50x70-cm\\\/\",\"url\":\"https:\\\/\\\/cometofinland.fi\\\/sv\\\/produkt\\\/norden-on-ice-by-lotta-li-alftberg-affisch-50x70-cm\\\/\",\"name\":\"Norden on Ice by Lotta-Li Alftberg, Affisch 50x70 cm - Come to Finland\",\"isPartOf\":{\"@id\":\"https:\\\/\\\/cometofinland.fi\\\/sv\\\/#website\"},\"primaryImageOfPage\":{\"@id\":\"https:\\\/\\\/cometofinland.fi\\\/sv\\\/produkt\\\/norden-on-ice-by-lotta-li-alftberg-affisch-50x70-cm\\\/#primaryimage\"},\"image\":{\"@id\":\"https:\\\/\\\/cometofinland.fi\\\/sv\\\/produkt\\\/norden-on-ice-by-lotta-li-alftberg-affisch-50x70-cm\\\/#primaryimage\"},\"thumbnailUrl\":\"https:\\\/\\\/cometofinland.fi\\\/wp-content\\\/uploads\\\/2023\\\/03\\\/Norden-On-Ice-LOWres_042.jpeg\",\"datePublished\":\"2021-03-22T08:09:44+00:00\",\"dateModified\":\"2023-03-22T08:28:25+00:00\",\"description\":\"Come to Norden \u2013 med husbil! Den h\u00e4r \u00e4r en prisbel\u00f6nt affisch i MyNordenPoster-t\u00e4vlingen \u00e5r 2022. S\u00e5 nu kan du pryda ditt hem med en affisch som f\u00e5ngar b\u00e4sta mysresan p\u00e5 en enda bild. Affischen ing\u00e5r dessutom i v\u00e5r Custom Print-serie. Det betyder att varje affisch trycks separat, enkom f\u00f6r dig.Come to Norden \u2013 och sp\u00e4nn fast skidorna! Den h\u00e4r fartfyllda skidaffischen \u00e4r prisbel\u00f6nt i MyNordenPoster-t\u00e4vlingen \u00e5r 2022. S\u00e5 nu kan du pryda ditt hem med en affisch som f\u00f6r dig till fj\u00e4llen varje dag. Affischen ing\u00e5r dessutom i v\u00e5r Custom Print-serie. Det betyder att varje affisch trycks separat, enkom f\u00f6r dig.\",\"breadcrumb\":{\"@id\":\"https:\\\/\\\/cometofinland.fi\\\/sv\\\/produkt\\\/norden-on-ice-by-lotta-li-alftberg-affisch-50x70-cm\\\/#breadcrumb\"},\"inLanguage\":\"sv-SE\",\"potentialAction\":[{\"@type\":\"ReadAction\",\"target\":[\"https:\\\/\\\/cometofinland.fi\\\/sv\\\/produkt\\\/norden-on-ice-by-lotta-li-alftberg-affisch-50x70-cm\\\/\"]}]},{\"@type\":\"ImageObject\",\"inLanguage\":\"sv-SE\",\"@id\":\"https:\\\/\\\/cometofinland.fi\\\/sv\\\/produkt\\\/norden-on-ice-by-lotta-li-alftberg-affisch-50x70-cm\\\/#primaryimage\",\"url\":\"https:\\\/\\\/cometofinland.fi\\\/wp-content\\\/uploads\\\/2023\\\/03\\\/Norden-On-Ice-LOWres_042.jpeg\",\"contentUrl\":\"https:\\\/\\\/cometofinland.fi\\\/wp-content\\\/uploads\\\/2023\\\/03\\\/Norden-On-Ice-LOWres_042.jpeg\",\"width\":900,\"height\":1256},{\"@type\":\"BreadcrumbList\",\"@id\":\"https:\\\/\\\/cometofinland.fi\\\/sv\\\/produkt\\\/norden-on-ice-by-lotta-li-alftberg-affisch-50x70-cm\\\/#breadcrumb\",\"itemListElement\":[{\"@type\":\"ListItem\",\"position\":1,\"name\":\"Home\",\"item\":\"https:\\\/\\\/cometofinland.fi\\\/sv\\\/\"},{\"@type\":\"ListItem\",\"position\":2,\"name\":\"Butik\",\"item\":\"https:\\\/\\\/cometofinland.fi\\\/sv\\\/butik\\\/\"},{\"@type\":\"ListItem\",\"position\":3,\"name\":\"Norden on Ice by Lotta-Li Alftberg, Affisch 50&#215;70 cm\"}]},{\"@type\":\"WebSite\",\"@id\":\"https:\\\/\\\/cometofinland.fi\\\/sv\\\/#website\",\"url\":\"https:\\\/\\\/cometofinland.fi\\\/sv\\\/\",\"name\":\"Come to Finland\",\"description\":\"Poster love from Finland! We bring new life to vintage travel posters, and also create new images from Finland!\",\"publisher\":{\"@id\":\"https:\\\/\\\/cometofinland.fi\\\/sv\\\/#organization\"},\"potentialAction\":[{\"@type\":\"SearchAction\",\"target\":{\"@type\":\"EntryPoint\",\"urlTemplate\":\"https:\\\/\\\/cometofinland.fi\\\/sv\\\/?s={search_term_string}\"},\"query-input\":{\"@type\":\"PropertyValueSpecification\",\"valueRequired\":true,\"valueName\":\"search_term_string\"}}],\"inLanguage\":\"sv-SE\"},{\"@type\":\"Organization\",\"@id\":\"https:\\\/\\\/cometofinland.fi\\\/sv\\\/#organization\",\"name\":\"Come to Finland\",\"url\":\"https:\\\/\\\/cometofinland.fi\\\/sv\\\/\",\"logo\":{\"@type\":\"ImageObject\",\"inLanguage\":\"sv-SE\",\"@id\":\"https:\\\/\\\/cometofinland.fi\\\/sv\\\/#\\\/schema\\\/logo\\\/image\\\/\",\"url\":\"https:\\\/\\\/cometofinland.fi\\\/wp-content\\\/uploads\\\/2019\\\/03\\\/CTF_LOGO_Blue.svg\",\"contentUrl\":\"https:\\\/\\\/cometofinland.fi\\\/wp-content\\\/uploads\\\/2019\\\/03\\\/CTF_LOGO_Blue.svg\",\"width\":1,\"height\":1,\"caption\":\"Come to Finland\"},\"image\":{\"@id\":\"https:\\\/\\\/cometofinland.fi\\\/sv\\\/#\\\/schema\\\/logo\\\/image\\\/\"},\"sameAs\":[\"https:\\\/\\\/fi-fi.facebook.com\\\/cometofinland\\\/\",\"https:\\\/\\\/www.instagram.com\\\/cometofinland\\\/\"]}]}<\/script>\n<!-- \/ Yoast SEO plugin. -->","yoast_head_json":{"title":"Norden on Ice by Lotta-Li Alftberg, Affisch 50x70 cm - Come to Finland","description":"Come to Norden \u2013 med husbil! Den h\u00e4r \u00e4r en prisbel\u00f6nt affisch i MyNordenPoster-t\u00e4vlingen \u00e5r 2022. S\u00e5 nu kan du pryda ditt hem med en affisch som f\u00e5ngar b\u00e4sta mysresan p\u00e5 en enda bild. Affischen ing\u00e5r dessutom i v\u00e5r Custom Print-serie. Det betyder att varje affisch trycks separat, enkom f\u00f6r dig.Come to Norden \u2013 och sp\u00e4nn fast skidorna! Den h\u00e4r fartfyllda skidaffischen \u00e4r prisbel\u00f6nt i MyNordenPoster-t\u00e4vlingen \u00e5r 2022. S\u00e5 nu kan du pryda ditt hem med en affisch som f\u00f6r dig till fj\u00e4llen varje dag. Affischen ing\u00e5r dessutom i v\u00e5r Custom Print-serie. Det betyder att varje affisch trycks separat, enkom f\u00f6r dig.","robots":{"index":"index","follow":"follow","max-snippet":"max-snippet:-1","max-image-preview":"max-image-preview:large","max-video-preview":"max-video-preview:-1"},"canonical":"https:\/\/cometofinland.fi\/sv\/produkt\/norden-on-ice-by-lotta-li-alftberg-affisch-50x70-cm\/","og_locale":"sv_SE","og_type":"article","og_title":"Norden on Ice by Lotta-Li Alftberg, Affisch 50x70 cm - Come to Finland","og_description":"Come to Norden \u2013 med husbil! Den h\u00e4r \u00e4r en prisbel\u00f6nt affisch i MyNordenPoster-t\u00e4vlingen \u00e5r 2022. S\u00e5 nu kan du pryda ditt hem med en affisch som f\u00e5ngar b\u00e4sta mysresan p\u00e5 en enda bild. Affischen ing\u00e5r dessutom i v\u00e5r Custom Print-serie. Det betyder att varje affisch trycks separat, enkom f\u00f6r dig.Come to Norden \u2013 och sp\u00e4nn fast skidorna! Den h\u00e4r fartfyllda skidaffischen \u00e4r prisbel\u00f6nt i MyNordenPoster-t\u00e4vlingen \u00e5r 2022. S\u00e5 nu kan du pryda ditt hem med en affisch som f\u00f6r dig till fj\u00e4llen varje dag. Affischen ing\u00e5r dessutom i v\u00e5r Custom Print-serie. Det betyder att varje affisch trycks separat, enkom f\u00f6r dig.","og_url":"https:\/\/cometofinland.fi\/sv\/produkt\/norden-on-ice-by-lotta-li-alftberg-affisch-50x70-cm\/","og_site_name":"Come to Finland","article_publisher":"https:\/\/fi-fi.facebook.com\/cometofinland\/","article_modified_time":"2023-03-22T08:28:25+00:00","og_image":[{"width":900,"height":1256,"url":"https:\/\/cometofinland.fi\/wp-content\/uploads\/2023\/03\/Norden-On-Ice-LOWres_042.jpeg","type":"image\/jpeg"}],"twitter_card":"summary_large_image","schema":{"@context":"https:\/\/schema.org","@graph":[{"@type":"WebPage","@id":"https:\/\/cometofinland.fi\/sv\/produkt\/norden-on-ice-by-lotta-li-alftberg-affisch-50x70-cm\/","url":"https:\/\/cometofinland.fi\/sv\/produkt\/norden-on-ice-by-lotta-li-alftberg-affisch-50x70-cm\/","name":"Norden on Ice by Lotta-Li Alftberg, Affisch 50x70 cm - Come to Finland","isPartOf":{"@id":"https:\/\/cometofinland.fi\/sv\/#website"},"primaryImageOfPage":{"@id":"https:\/\/cometofinland.fi\/sv\/produkt\/norden-on-ice-by-lotta-li-alftberg-affisch-50x70-cm\/#primaryimage"},"image":{"@id":"https:\/\/cometofinland.fi\/sv\/produkt\/norden-on-ice-by-lotta-li-alftberg-affisch-50x70-cm\/#primaryimage"},"thumbnailUrl":"https:\/\/cometofinland.fi\/wp-content\/uploads\/2023\/03\/Norden-On-Ice-LOWres_042.jpeg","datePublished":"2021-03-22T08:09:44+00:00","dateModified":"2023-03-22T08:28:25+00:00","description":"Come to Norden \u2013 med husbil! Den h\u00e4r \u00e4r en prisbel\u00f6nt affisch i MyNordenPoster-t\u00e4vlingen \u00e5r 2022. S\u00e5 nu kan du pryda ditt hem med en affisch som f\u00e5ngar b\u00e4sta mysresan p\u00e5 en enda bild. Affischen ing\u00e5r dessutom i v\u00e5r Custom Print-serie. Det betyder att varje affisch trycks separat, enkom f\u00f6r dig.Come to Norden \u2013 och sp\u00e4nn fast skidorna! Den h\u00e4r fartfyllda skidaffischen \u00e4r prisbel\u00f6nt i MyNordenPoster-t\u00e4vlingen \u00e5r 2022. S\u00e5 nu kan du pryda ditt hem med en affisch som f\u00f6r dig till fj\u00e4llen varje dag. Affischen ing\u00e5r dessutom i v\u00e5r Custom Print-serie. Det betyder att varje affisch trycks separat, enkom f\u00f6r dig.","breadcrumb":{"@id":"https:\/\/cometofinland.fi\/sv\/produkt\/norden-on-ice-by-lotta-li-alftberg-affisch-50x70-cm\/#breadcrumb"},"inLanguage":"sv-SE","potentialAction":[{"@type":"ReadAction","target":["https:\/\/cometofinland.fi\/sv\/produkt\/norden-on-ice-by-lotta-li-alftberg-affisch-50x70-cm\/"]}]},{"@type":"ImageObject","inLanguage":"sv-SE","@id":"https:\/\/cometofinland.fi\/sv\/produkt\/norden-on-ice-by-lotta-li-alftberg-affisch-50x70-cm\/#primaryimage","url":"https:\/\/cometofinland.fi\/wp-content\/uploads\/2023\/03\/Norden-On-Ice-LOWres_042.jpeg","contentUrl":"https:\/\/cometofinland.fi\/wp-content\/uploads\/2023\/03\/Norden-On-Ice-LOWres_042.jpeg","width":900,"height":1256},{"@type":"BreadcrumbList","@id":"https:\/\/cometofinland.fi\/sv\/produkt\/norden-on-ice-by-lotta-li-alftberg-affisch-50x70-cm\/#breadcrumb","itemListElement":[{"@type":"ListItem","position":1,"name":"Home","item":"https:\/\/cometofinland.fi\/sv\/"},{"@type":"ListItem","position":2,"name":"Butik","item":"https:\/\/cometofinland.fi\/sv\/butik\/"},{"@type":"ListItem","position":3,"name":"Norden on Ice by Lotta-Li Alftberg, Affisch 50&#215;70 cm"}]},{"@type":"WebSite","@id":"https:\/\/cometofinland.fi\/sv\/#website","url":"https:\/\/cometofinland.fi\/sv\/","name":"Come to Finland","description":"Poster love from Finland! We bring new life to vintage travel posters, and also create new images from Finland!","publisher":{"@id":"https:\/\/cometofinland.fi\/sv\/#organization"},"potentialAction":[{"@type":"SearchAction","target":{"@type":"EntryPoint","urlTemplate":"https:\/\/cometofinland.fi\/sv\/?s={search_term_string}"},"query-input":{"@type":"PropertyValueSpecification","valueRequired":true,"valueName":"search_term_string"}}],"inLanguage":"sv-SE"},{"@type":"Organization","@id":"https:\/\/cometofinland.fi\/sv\/#organization","name":"Come to Finland","url":"https:\/\/cometofinland.fi\/sv\/","logo":{"@type":"ImageObject","inLanguage":"sv-SE","@id":"https:\/\/cometofinland.fi\/sv\/#\/schema\/logo\/image\/","url":"https:\/\/cometofinland.fi\/wp-content\/uploads\/2019\/03\/CTF_LOGO_Blue.svg","contentUrl":"https:\/\/cometofinland.fi\/wp-content\/uploads\/2019\/03\/CTF_LOGO_Blue.svg","width":1,"height":1,"caption":"Come to Finland"},"image":{"@id":"https:\/\/cometofinland.fi\/sv\/#\/schema\/logo\/image\/"},"sameAs":["https:\/\/fi-fi.facebook.com\/cometofinland\/","https:\/\/www.instagram.com\/cometofinland\/"]}]}},"_links":{"self":[{"href":"https:\/\/cometofinland.fi\/sv\/wp-json\/wp\/v2\/product\/23979","targetHints":{"allow":["GET"]}}],"collection":[{"href":"https:\/\/cometofinland.fi\/sv\/wp-json\/wp\/v2\/product"}],"about":[{"href":"https:\/\/cometofinland.fi\/sv\/wp-json\/wp\/v2\/types\/product"}],"wp:featuredmedia":[{"embeddable":true,"href":"https:\/\/cometofinland.fi\/sv\/wp-json\/wp\/v2\/media\/23974"}],"wp:attachment":[{"href":"https:\/\/cometofinland.fi\/sv\/wp-json\/wp\/v2\/media?parent=23979"}],"wp:term":[{"taxonomy":"product_brand","embeddable":true,"href":"https:\/\/cometofinland.fi\/sv\/wp-json\/wp\/v2\/product_brand?post=23979"},{"taxonomy":"product_cat","embeddable":true,"href":"https:\/\/cometofinland.fi\/sv\/wp-json\/wp\/v2\/product_cat?post=23979"},{"taxonomy":"product_tag","embeddable":true,"href":"https:\/\/cometofinland.fi\/sv\/wp-json\/wp\/v2\/product_tag?post=23979"}],"curies":[{"name":"wp","href":"https:\/\/api.w.org\/{rel}","templated":true}]}}