{"id":24891,"date":"2023-09-05T11:09:48","date_gmt":"2023-09-05T08:09:48","guid":{"rendered":"https:\/\/cometofinland.fi\/?post_type=product&#038;p=24891"},"modified":"2023-10-12T12:19:32","modified_gmt":"2023-10-12T09:19:32","slug":"sauna-island-by-jeanice-brander-affisch-50x70-cm","status":"publish","type":"product","link":"https:\/\/cometofinland.fi\/sv\/produkt\/sauna-island-by-jeanice-brander-affisch-50x70-cm\/","title":{"rendered":"Sauna Island by Jeanice Brander, Affisch 50&#215;70 cm"},"content":{"rendered":"<p>Denna bastuaffisch \u2013 d\u00f6pt till <em>Sauna Island<\/em> \u2013\u00a0trycks i Finland p\u00e5 h\u00f6gklassigt matt affischpapper med traditionellt offset-tryck.<\/p>\n<p>Affischen levereras inpackad i en h\u00e5llbar kartongtub. Om din best\u00e4llning best\u00e5r av flera affischer levereras de tillsammans i en tub.<\/p>\n","protected":false},"excerpt":{"rendered":"<p>Denna bastuaffisch \u2013 d\u00f6pt till Sauna Island \u2013\u00a0trycks i Finland p\u00e5 h\u00f6gklassigt matt affischpapper med traditionellt offset-tryck. Affischen levereras inpackad i en h\u00e5llbar kartongtub. Om din best\u00e4llning best\u00e5r av flera affischer levereras de tillsammans i en tub.<\/p>\n","protected":false},"featured_media":24888,"template":"","meta":{"_acf_changed":false},"product_brand":[],"product_cat":[544,786],"product_tag":[],"class_list":{"0":"post-24891","1":"product","2":"type-product","3":"status-publish","4":"has-post-thumbnail","6":"product_cat-nutidens-reseaffischer","7":"product_cat-bastuaffischer","9":"first","10":"instock","11":"taxable","12":"shipping-taxable","13":"purchasable","14":"product-type-simple"},"acf":[],"yoast_head":"<!-- This site is optimized with the Yoast SEO plugin v27.3 - https:\/\/yoast.com\/product\/yoast-seo-wordpress\/ -->\n<title>Sauna Island by Jeanice Brander, Affisch 50x70 cm - Come to Finland<\/title>\n<meta name=\"description\" content=\"Affischen heter Sauna Island - Bastu\u00f6n. K\u00f6p den i Come to Finlands affischbutik. Med postern p\u00e5 din v\u00e4gg njuter du av finsk bastu \u2013 \u00e5ret runt!\" \/>\n<meta name=\"robots\" content=\"index, follow, max-snippet:-1, max-image-preview:large, max-video-preview:-1\" \/>\n<link rel=\"canonical\" href=\"https:\/\/cometofinland.fi\/sv\/produkt\/sauna-island-by-jeanice-brander-affisch-50x70-cm\/\" \/>\n<meta property=\"og:locale\" content=\"sv_SE\" \/>\n<meta property=\"og:type\" content=\"article\" \/>\n<meta property=\"og:title\" content=\"Sauna Island by Jeanice Brander, Affisch 50x70 cm - Come to Finland\" \/>\n<meta property=\"og:description\" content=\"Affischen heter Sauna Island - Bastu\u00f6n. K\u00f6p den i Come to Finlands affischbutik. Med postern p\u00e5 din v\u00e4gg njuter du av finsk bastu \u2013 \u00e5ret runt!\" \/>\n<meta property=\"og:url\" content=\"https:\/\/cometofinland.fi\/sv\/produkt\/sauna-island-by-jeanice-brander-affisch-50x70-cm\/\" \/>\n<meta property=\"og:site_name\" content=\"Come to Finland\" \/>\n<meta property=\"article:publisher\" content=\"https:\/\/fi-fi.facebook.com\/cometofinland\/\" \/>\n<meta property=\"article:modified_time\" content=\"2023-10-12T09:19:32+00:00\" \/>\n<meta property=\"og:image\" content=\"https:\/\/cometofinland.fi\/wp-content\/uploads\/2023\/10\/Sauna-Island-Poster-Jeanice-Brander-scaled.jpg\" \/>\n\t<meta property=\"og:image:width\" content=\"1841\" \/>\n\t<meta property=\"og:image:height\" content=\"2560\" \/>\n\t<meta property=\"og:image:type\" content=\"image\/jpeg\" \/>\n<meta name=\"twitter:card\" content=\"summary_large_image\" \/>\n<script type=\"application\/ld+json\" class=\"yoast-schema-graph\">{\"@context\":\"https:\\\/\\\/schema.org\",\"@graph\":[{\"@type\":\"WebPage\",\"@id\":\"https:\\\/\\\/cometofinland.fi\\\/sv\\\/produkt\\\/sauna-island-by-jeanice-brander-affisch-50x70-cm\\\/\",\"url\":\"https:\\\/\\\/cometofinland.fi\\\/sv\\\/produkt\\\/sauna-island-by-jeanice-brander-affisch-50x70-cm\\\/\",\"name\":\"Sauna Island by Jeanice Brander, Affisch 50x70 cm - Come to Finland\",\"isPartOf\":{\"@id\":\"https:\\\/\\\/cometofinland.fi\\\/sv\\\/#website\"},\"primaryImageOfPage\":{\"@id\":\"https:\\\/\\\/cometofinland.fi\\\/sv\\\/produkt\\\/sauna-island-by-jeanice-brander-affisch-50x70-cm\\\/#primaryimage\"},\"image\":{\"@id\":\"https:\\\/\\\/cometofinland.fi\\\/sv\\\/produkt\\\/sauna-island-by-jeanice-brander-affisch-50x70-cm\\\/#primaryimage\"},\"thumbnailUrl\":\"https:\\\/\\\/cometofinland.fi\\\/wp-content\\\/uploads\\\/2023\\\/10\\\/Sauna-Island-Poster-Jeanice-Brander-scaled.jpg\",\"datePublished\":\"2023-09-05T08:09:48+00:00\",\"dateModified\":\"2023-10-12T09:19:32+00:00\",\"description\":\"Affischen heter Sauna Island - Bastu\u00f6n. K\u00f6p den i Come to Finlands affischbutik. Med postern p\u00e5 din v\u00e4gg njuter du av finsk bastu \u2013 \u00e5ret runt!\",\"breadcrumb\":{\"@id\":\"https:\\\/\\\/cometofinland.fi\\\/sv\\\/produkt\\\/sauna-island-by-jeanice-brander-affisch-50x70-cm\\\/#breadcrumb\"},\"inLanguage\":\"sv-SE\",\"potentialAction\":[{\"@type\":\"ReadAction\",\"target\":[\"https:\\\/\\\/cometofinland.fi\\\/sv\\\/produkt\\\/sauna-island-by-jeanice-brander-affisch-50x70-cm\\\/\"]}]},{\"@type\":\"ImageObject\",\"inLanguage\":\"sv-SE\",\"@id\":\"https:\\\/\\\/cometofinland.fi\\\/sv\\\/produkt\\\/sauna-island-by-jeanice-brander-affisch-50x70-cm\\\/#primaryimage\",\"url\":\"https:\\\/\\\/cometofinland.fi\\\/wp-content\\\/uploads\\\/2023\\\/10\\\/Sauna-Island-Poster-Jeanice-Brander-scaled.jpg\",\"contentUrl\":\"https:\\\/\\\/cometofinland.fi\\\/wp-content\\\/uploads\\\/2023\\\/10\\\/Sauna-Island-Poster-Jeanice-Brander-scaled.jpg\",\"width\":1841,\"height\":2560},{\"@type\":\"BreadcrumbList\",\"@id\":\"https:\\\/\\\/cometofinland.fi\\\/sv\\\/produkt\\\/sauna-island-by-jeanice-brander-affisch-50x70-cm\\\/#breadcrumb\",\"itemListElement\":[{\"@type\":\"ListItem\",\"position\":1,\"name\":\"Home\",\"item\":\"https:\\\/\\\/cometofinland.fi\\\/sv\\\/\"},{\"@type\":\"ListItem\",\"position\":2,\"name\":\"Butik\",\"item\":\"https:\\\/\\\/cometofinland.fi\\\/sv\\\/butik\\\/\"},{\"@type\":\"ListItem\",\"position\":3,\"name\":\"Sauna Island by Jeanice Brander, Affisch 50&#215;70 cm\"}]},{\"@type\":\"WebSite\",\"@id\":\"https:\\\/\\\/cometofinland.fi\\\/sv\\\/#website\",\"url\":\"https:\\\/\\\/cometofinland.fi\\\/sv\\\/\",\"name\":\"Come to Finland\",\"description\":\"Poster love from Finland! We bring new life to vintage travel posters, and also create new images from Finland!\",\"publisher\":{\"@id\":\"https:\\\/\\\/cometofinland.fi\\\/sv\\\/#organization\"},\"potentialAction\":[{\"@type\":\"SearchAction\",\"target\":{\"@type\":\"EntryPoint\",\"urlTemplate\":\"https:\\\/\\\/cometofinland.fi\\\/sv\\\/?s={search_term_string}\"},\"query-input\":{\"@type\":\"PropertyValueSpecification\",\"valueRequired\":true,\"valueName\":\"search_term_string\"}}],\"inLanguage\":\"sv-SE\"},{\"@type\":\"Organization\",\"@id\":\"https:\\\/\\\/cometofinland.fi\\\/sv\\\/#organization\",\"name\":\"Come to Finland\",\"url\":\"https:\\\/\\\/cometofinland.fi\\\/sv\\\/\",\"logo\":{\"@type\":\"ImageObject\",\"inLanguage\":\"sv-SE\",\"@id\":\"https:\\\/\\\/cometofinland.fi\\\/sv\\\/#\\\/schema\\\/logo\\\/image\\\/\",\"url\":\"https:\\\/\\\/cometofinland.fi\\\/wp-content\\\/uploads\\\/2019\\\/03\\\/CTF_LOGO_Blue.svg\",\"contentUrl\":\"https:\\\/\\\/cometofinland.fi\\\/wp-content\\\/uploads\\\/2019\\\/03\\\/CTF_LOGO_Blue.svg\",\"width\":1,\"height\":1,\"caption\":\"Come to Finland\"},\"image\":{\"@id\":\"https:\\\/\\\/cometofinland.fi\\\/sv\\\/#\\\/schema\\\/logo\\\/image\\\/\"},\"sameAs\":[\"https:\\\/\\\/fi-fi.facebook.com\\\/cometofinland\\\/\",\"https:\\\/\\\/www.instagram.com\\\/cometofinland\\\/\"]}]}<\/script>\n<!-- \/ Yoast SEO plugin. -->","yoast_head_json":{"title":"Sauna Island by Jeanice Brander, Affisch 50x70 cm - Come to Finland","description":"Affischen heter Sauna Island - Bastu\u00f6n. K\u00f6p den i Come to Finlands affischbutik. Med postern p\u00e5 din v\u00e4gg njuter du av finsk bastu \u2013 \u00e5ret runt!","robots":{"index":"index","follow":"follow","max-snippet":"max-snippet:-1","max-image-preview":"max-image-preview:large","max-video-preview":"max-video-preview:-1"},"canonical":"https:\/\/cometofinland.fi\/sv\/produkt\/sauna-island-by-jeanice-brander-affisch-50x70-cm\/","og_locale":"sv_SE","og_type":"article","og_title":"Sauna Island by Jeanice Brander, Affisch 50x70 cm - Come to Finland","og_description":"Affischen heter Sauna Island - Bastu\u00f6n. K\u00f6p den i Come to Finlands affischbutik. Med postern p\u00e5 din v\u00e4gg njuter du av finsk bastu \u2013 \u00e5ret runt!","og_url":"https:\/\/cometofinland.fi\/sv\/produkt\/sauna-island-by-jeanice-brander-affisch-50x70-cm\/","og_site_name":"Come to Finland","article_publisher":"https:\/\/fi-fi.facebook.com\/cometofinland\/","article_modified_time":"2023-10-12T09:19:32+00:00","og_image":[{"width":1841,"height":2560,"url":"https:\/\/cometofinland.fi\/wp-content\/uploads\/2023\/10\/Sauna-Island-Poster-Jeanice-Brander-scaled.jpg","type":"image\/jpeg"}],"twitter_card":"summary_large_image","schema":{"@context":"https:\/\/schema.org","@graph":[{"@type":"WebPage","@id":"https:\/\/cometofinland.fi\/sv\/produkt\/sauna-island-by-jeanice-brander-affisch-50x70-cm\/","url":"https:\/\/cometofinland.fi\/sv\/produkt\/sauna-island-by-jeanice-brander-affisch-50x70-cm\/","name":"Sauna Island by Jeanice Brander, Affisch 50x70 cm - Come to Finland","isPartOf":{"@id":"https:\/\/cometofinland.fi\/sv\/#website"},"primaryImageOfPage":{"@id":"https:\/\/cometofinland.fi\/sv\/produkt\/sauna-island-by-jeanice-brander-affisch-50x70-cm\/#primaryimage"},"image":{"@id":"https:\/\/cometofinland.fi\/sv\/produkt\/sauna-island-by-jeanice-brander-affisch-50x70-cm\/#primaryimage"},"thumbnailUrl":"https:\/\/cometofinland.fi\/wp-content\/uploads\/2023\/10\/Sauna-Island-Poster-Jeanice-Brander-scaled.jpg","datePublished":"2023-09-05T08:09:48+00:00","dateModified":"2023-10-12T09:19:32+00:00","description":"Affischen heter Sauna Island - Bastu\u00f6n. K\u00f6p den i Come to Finlands affischbutik. Med postern p\u00e5 din v\u00e4gg njuter du av finsk bastu \u2013 \u00e5ret runt!","breadcrumb":{"@id":"https:\/\/cometofinland.fi\/sv\/produkt\/sauna-island-by-jeanice-brander-affisch-50x70-cm\/#breadcrumb"},"inLanguage":"sv-SE","potentialAction":[{"@type":"ReadAction","target":["https:\/\/cometofinland.fi\/sv\/produkt\/sauna-island-by-jeanice-brander-affisch-50x70-cm\/"]}]},{"@type":"ImageObject","inLanguage":"sv-SE","@id":"https:\/\/cometofinland.fi\/sv\/produkt\/sauna-island-by-jeanice-brander-affisch-50x70-cm\/#primaryimage","url":"https:\/\/cometofinland.fi\/wp-content\/uploads\/2023\/10\/Sauna-Island-Poster-Jeanice-Brander-scaled.jpg","contentUrl":"https:\/\/cometofinland.fi\/wp-content\/uploads\/2023\/10\/Sauna-Island-Poster-Jeanice-Brander-scaled.jpg","width":1841,"height":2560},{"@type":"BreadcrumbList","@id":"https:\/\/cometofinland.fi\/sv\/produkt\/sauna-island-by-jeanice-brander-affisch-50x70-cm\/#breadcrumb","itemListElement":[{"@type":"ListItem","position":1,"name":"Home","item":"https:\/\/cometofinland.fi\/sv\/"},{"@type":"ListItem","position":2,"name":"Butik","item":"https:\/\/cometofinland.fi\/sv\/butik\/"},{"@type":"ListItem","position":3,"name":"Sauna Island by Jeanice Brander, Affisch 50&#215;70 cm"}]},{"@type":"WebSite","@id":"https:\/\/cometofinland.fi\/sv\/#website","url":"https:\/\/cometofinland.fi\/sv\/","name":"Come to Finland","description":"Poster love from Finland! We bring new life to vintage travel posters, and also create new images from Finland!","publisher":{"@id":"https:\/\/cometofinland.fi\/sv\/#organization"},"potentialAction":[{"@type":"SearchAction","target":{"@type":"EntryPoint","urlTemplate":"https:\/\/cometofinland.fi\/sv\/?s={search_term_string}"},"query-input":{"@type":"PropertyValueSpecification","valueRequired":true,"valueName":"search_term_string"}}],"inLanguage":"sv-SE"},{"@type":"Organization","@id":"https:\/\/cometofinland.fi\/sv\/#organization","name":"Come to Finland","url":"https:\/\/cometofinland.fi\/sv\/","logo":{"@type":"ImageObject","inLanguage":"sv-SE","@id":"https:\/\/cometofinland.fi\/sv\/#\/schema\/logo\/image\/","url":"https:\/\/cometofinland.fi\/wp-content\/uploads\/2019\/03\/CTF_LOGO_Blue.svg","contentUrl":"https:\/\/cometofinland.fi\/wp-content\/uploads\/2019\/03\/CTF_LOGO_Blue.svg","width":1,"height":1,"caption":"Come to Finland"},"image":{"@id":"https:\/\/cometofinland.fi\/sv\/#\/schema\/logo\/image\/"},"sameAs":["https:\/\/fi-fi.facebook.com\/cometofinland\/","https:\/\/www.instagram.com\/cometofinland\/"]}]}},"_links":{"self":[{"href":"https:\/\/cometofinland.fi\/sv\/wp-json\/wp\/v2\/product\/24891","targetHints":{"allow":["GET"]}}],"collection":[{"href":"https:\/\/cometofinland.fi\/sv\/wp-json\/wp\/v2\/product"}],"about":[{"href":"https:\/\/cometofinland.fi\/sv\/wp-json\/wp\/v2\/types\/product"}],"wp:featuredmedia":[{"embeddable":true,"href":"https:\/\/cometofinland.fi\/sv\/wp-json\/wp\/v2\/media\/24888"}],"wp:attachment":[{"href":"https:\/\/cometofinland.fi\/sv\/wp-json\/wp\/v2\/media?parent=24891"}],"wp:term":[{"taxonomy":"product_brand","embeddable":true,"href":"https:\/\/cometofinland.fi\/sv\/wp-json\/wp\/v2\/product_brand?post=24891"},{"taxonomy":"product_cat","embeddable":true,"href":"https:\/\/cometofinland.fi\/sv\/wp-json\/wp\/v2\/product_cat?post=24891"},{"taxonomy":"product_tag","embeddable":true,"href":"https:\/\/cometofinland.fi\/sv\/wp-json\/wp\/v2\/product_tag?post=24891"}],"curies":[{"name":"wp","href":"https:\/\/api.w.org\/{rel}","templated":true}]}}