{"id":24989,"date":"2022-10-26T02:06:04","date_gmt":"2022-10-25T23:06:04","guid":{"rendered":"https:\/\/cometofinland.fi\/?post_type=product&#038;p=24989"},"modified":"2023-10-26T02:10:59","modified_gmt":"2023-10-25T23:10:59","slug":"sauna-island-by-jeanice-brander-vykort","status":"publish","type":"product","link":"https:\/\/cometofinland.fi\/sv\/produkt\/sauna-island-by-jeanice-brander-vykort\/","title":{"rendered":"Sauna island by Jeanice Brander, vykort"},"content":{"rendered":"<p>Glamour\u00f6sa bastuh\u00e4lsningar!<\/p>\n<p>Postkorten trycks med offset-teknik i Finland p\u00e5 kvalitativ finl\u00e4ndsk kartong.<\/p>\n","protected":false},"excerpt":{"rendered":"<p>Glamour\u00f6sa bastuh\u00e4lsningar! Postkorten trycks med offset-teknik i Finland p\u00e5 kvalitativ finl\u00e4ndsk kartong.<\/p>\n","protected":false},"featured_media":24992,"template":"","meta":{"_acf_changed":false},"product_brand":[],"product_cat":[790,554,246],"product_tag":[],"class_list":{"0":"post-24989","1":"product","2":"type-product","3":"status-publish","4":"has-post-thumbnail","6":"product_cat-bastuvykort","7":"product_cat-nutida","8":"product_cat-vykort","10":"first","11":"instock","12":"taxable","13":"shipping-taxable","14":"purchasable","15":"product-type-simple"},"acf":[],"yoast_head":"<!-- This site is optimized with the Yoast SEO plugin v27.3 - https:\/\/yoast.com\/product\/yoast-seo-wordpress\/ -->\n<title>Sauna island by Jeanice Brander, vykort - Come to Finland<\/title>\n<meta name=\"description\" content=\"K\u00f6p detta snygga vykort i Come to Finlands affischbutik. Skicka det sedan till dina internationella v\u00e4nner s\u00e5 kan de njuta av Finland \u2013 \u00e5ret runt!\" \/>\n<meta name=\"robots\" content=\"index, follow, max-snippet:-1, max-image-preview:large, max-video-preview:-1\" \/>\n<link rel=\"canonical\" href=\"https:\/\/cometofinland.fi\/sv\/produkt\/sauna-island-by-jeanice-brander-vykort\/\" \/>\n<meta property=\"og:locale\" content=\"sv_SE\" \/>\n<meta property=\"og:type\" content=\"article\" \/>\n<meta property=\"og:title\" content=\"Sauna island by Jeanice Brander, vykort - Come to Finland\" \/>\n<meta property=\"og:description\" content=\"K\u00f6p detta snygga vykort i Come to Finlands affischbutik. Skicka det sedan till dina internationella v\u00e4nner s\u00e5 kan de njuta av Finland \u2013 \u00e5ret runt!\" \/>\n<meta property=\"og:url\" content=\"https:\/\/cometofinland.fi\/sv\/produkt\/sauna-island-by-jeanice-brander-vykort\/\" \/>\n<meta property=\"og:site_name\" content=\"Come to Finland\" \/>\n<meta property=\"article:publisher\" content=\"https:\/\/fi-fi.facebook.com\/cometofinland\/\" \/>\n<meta property=\"article:modified_time\" content=\"2023-10-25T23:10:59+00:00\" \/>\n<meta property=\"og:image\" content=\"https:\/\/cometofinland.fi\/wp-content\/uploads\/2023\/10\/PC-2367_SaunaIsland_postcard_Jeanice-Brander.jpg\" \/>\n\t<meta property=\"og:image:width\" content=\"696\" \/>\n\t<meta property=\"og:image:height\" content=\"1080\" \/>\n\t<meta property=\"og:image:type\" content=\"image\/jpeg\" \/>\n<meta name=\"twitter:card\" content=\"summary_large_image\" \/>\n<script type=\"application\/ld+json\" class=\"yoast-schema-graph\">{\"@context\":\"https:\\\/\\\/schema.org\",\"@graph\":[{\"@type\":\"WebPage\",\"@id\":\"https:\\\/\\\/cometofinland.fi\\\/sv\\\/produkt\\\/sauna-island-by-jeanice-brander-vykort\\\/\",\"url\":\"https:\\\/\\\/cometofinland.fi\\\/sv\\\/produkt\\\/sauna-island-by-jeanice-brander-vykort\\\/\",\"name\":\"Sauna island by Jeanice Brander, vykort - Come to Finland\",\"isPartOf\":{\"@id\":\"https:\\\/\\\/cometofinland.fi\\\/sv\\\/#website\"},\"primaryImageOfPage\":{\"@id\":\"https:\\\/\\\/cometofinland.fi\\\/sv\\\/produkt\\\/sauna-island-by-jeanice-brander-vykort\\\/#primaryimage\"},\"image\":{\"@id\":\"https:\\\/\\\/cometofinland.fi\\\/sv\\\/produkt\\\/sauna-island-by-jeanice-brander-vykort\\\/#primaryimage\"},\"thumbnailUrl\":\"https:\\\/\\\/cometofinland.fi\\\/wp-content\\\/uploads\\\/2023\\\/10\\\/PC-2367_SaunaIsland_postcard_Jeanice-Brander.jpg\",\"datePublished\":\"2022-10-25T23:06:04+00:00\",\"dateModified\":\"2023-10-25T23:10:59+00:00\",\"description\":\"K\u00f6p detta snygga vykort i Come to Finlands affischbutik. Skicka det sedan till dina internationella v\u00e4nner s\u00e5 kan de njuta av Finland \u2013 \u00e5ret runt!\",\"breadcrumb\":{\"@id\":\"https:\\\/\\\/cometofinland.fi\\\/sv\\\/produkt\\\/sauna-island-by-jeanice-brander-vykort\\\/#breadcrumb\"},\"inLanguage\":\"sv-SE\",\"potentialAction\":[{\"@type\":\"ReadAction\",\"target\":[\"https:\\\/\\\/cometofinland.fi\\\/sv\\\/produkt\\\/sauna-island-by-jeanice-brander-vykort\\\/\"]}]},{\"@type\":\"ImageObject\",\"inLanguage\":\"sv-SE\",\"@id\":\"https:\\\/\\\/cometofinland.fi\\\/sv\\\/produkt\\\/sauna-island-by-jeanice-brander-vykort\\\/#primaryimage\",\"url\":\"https:\\\/\\\/cometofinland.fi\\\/wp-content\\\/uploads\\\/2023\\\/10\\\/PC-2367_SaunaIsland_postcard_Jeanice-Brander.jpg\",\"contentUrl\":\"https:\\\/\\\/cometofinland.fi\\\/wp-content\\\/uploads\\\/2023\\\/10\\\/PC-2367_SaunaIsland_postcard_Jeanice-Brander.jpg\",\"width\":696,\"height\":1080},{\"@type\":\"BreadcrumbList\",\"@id\":\"https:\\\/\\\/cometofinland.fi\\\/sv\\\/produkt\\\/sauna-island-by-jeanice-brander-vykort\\\/#breadcrumb\",\"itemListElement\":[{\"@type\":\"ListItem\",\"position\":1,\"name\":\"Home\",\"item\":\"https:\\\/\\\/cometofinland.fi\\\/sv\\\/\"},{\"@type\":\"ListItem\",\"position\":2,\"name\":\"Butik\",\"item\":\"https:\\\/\\\/cometofinland.fi\\\/sv\\\/butik\\\/\"},{\"@type\":\"ListItem\",\"position\":3,\"name\":\"Sauna island by Jeanice Brander, vykort\"}]},{\"@type\":\"WebSite\",\"@id\":\"https:\\\/\\\/cometofinland.fi\\\/sv\\\/#website\",\"url\":\"https:\\\/\\\/cometofinland.fi\\\/sv\\\/\",\"name\":\"Come to Finland\",\"description\":\"Poster love from Finland! We bring new life to vintage travel posters, and also create new images from Finland!\",\"publisher\":{\"@id\":\"https:\\\/\\\/cometofinland.fi\\\/sv\\\/#organization\"},\"potentialAction\":[{\"@type\":\"SearchAction\",\"target\":{\"@type\":\"EntryPoint\",\"urlTemplate\":\"https:\\\/\\\/cometofinland.fi\\\/sv\\\/?s={search_term_string}\"},\"query-input\":{\"@type\":\"PropertyValueSpecification\",\"valueRequired\":true,\"valueName\":\"search_term_string\"}}],\"inLanguage\":\"sv-SE\"},{\"@type\":\"Organization\",\"@id\":\"https:\\\/\\\/cometofinland.fi\\\/sv\\\/#organization\",\"name\":\"Come to Finland\",\"url\":\"https:\\\/\\\/cometofinland.fi\\\/sv\\\/\",\"logo\":{\"@type\":\"ImageObject\",\"inLanguage\":\"sv-SE\",\"@id\":\"https:\\\/\\\/cometofinland.fi\\\/sv\\\/#\\\/schema\\\/logo\\\/image\\\/\",\"url\":\"https:\\\/\\\/cometofinland.fi\\\/wp-content\\\/uploads\\\/2019\\\/03\\\/CTF_LOGO_Blue.svg\",\"contentUrl\":\"https:\\\/\\\/cometofinland.fi\\\/wp-content\\\/uploads\\\/2019\\\/03\\\/CTF_LOGO_Blue.svg\",\"width\":1,\"height\":1,\"caption\":\"Come to Finland\"},\"image\":{\"@id\":\"https:\\\/\\\/cometofinland.fi\\\/sv\\\/#\\\/schema\\\/logo\\\/image\\\/\"},\"sameAs\":[\"https:\\\/\\\/fi-fi.facebook.com\\\/cometofinland\\\/\",\"https:\\\/\\\/www.instagram.com\\\/cometofinland\\\/\"]}]}<\/script>\n<!-- \/ Yoast SEO plugin. -->","yoast_head_json":{"title":"Sauna island by Jeanice Brander, vykort - Come to Finland","description":"K\u00f6p detta snygga vykort i Come to Finlands affischbutik. Skicka det sedan till dina internationella v\u00e4nner s\u00e5 kan de njuta av Finland \u2013 \u00e5ret runt!","robots":{"index":"index","follow":"follow","max-snippet":"max-snippet:-1","max-image-preview":"max-image-preview:large","max-video-preview":"max-video-preview:-1"},"canonical":"https:\/\/cometofinland.fi\/sv\/produkt\/sauna-island-by-jeanice-brander-vykort\/","og_locale":"sv_SE","og_type":"article","og_title":"Sauna island by Jeanice Brander, vykort - Come to Finland","og_description":"K\u00f6p detta snygga vykort i Come to Finlands affischbutik. Skicka det sedan till dina internationella v\u00e4nner s\u00e5 kan de njuta av Finland \u2013 \u00e5ret runt!","og_url":"https:\/\/cometofinland.fi\/sv\/produkt\/sauna-island-by-jeanice-brander-vykort\/","og_site_name":"Come to Finland","article_publisher":"https:\/\/fi-fi.facebook.com\/cometofinland\/","article_modified_time":"2023-10-25T23:10:59+00:00","og_image":[{"width":696,"height":1080,"url":"https:\/\/cometofinland.fi\/wp-content\/uploads\/2023\/10\/PC-2367_SaunaIsland_postcard_Jeanice-Brander.jpg","type":"image\/jpeg"}],"twitter_card":"summary_large_image","schema":{"@context":"https:\/\/schema.org","@graph":[{"@type":"WebPage","@id":"https:\/\/cometofinland.fi\/sv\/produkt\/sauna-island-by-jeanice-brander-vykort\/","url":"https:\/\/cometofinland.fi\/sv\/produkt\/sauna-island-by-jeanice-brander-vykort\/","name":"Sauna island by Jeanice Brander, vykort - Come to Finland","isPartOf":{"@id":"https:\/\/cometofinland.fi\/sv\/#website"},"primaryImageOfPage":{"@id":"https:\/\/cometofinland.fi\/sv\/produkt\/sauna-island-by-jeanice-brander-vykort\/#primaryimage"},"image":{"@id":"https:\/\/cometofinland.fi\/sv\/produkt\/sauna-island-by-jeanice-brander-vykort\/#primaryimage"},"thumbnailUrl":"https:\/\/cometofinland.fi\/wp-content\/uploads\/2023\/10\/PC-2367_SaunaIsland_postcard_Jeanice-Brander.jpg","datePublished":"2022-10-25T23:06:04+00:00","dateModified":"2023-10-25T23:10:59+00:00","description":"K\u00f6p detta snygga vykort i Come to Finlands affischbutik. Skicka det sedan till dina internationella v\u00e4nner s\u00e5 kan de njuta av Finland \u2013 \u00e5ret runt!","breadcrumb":{"@id":"https:\/\/cometofinland.fi\/sv\/produkt\/sauna-island-by-jeanice-brander-vykort\/#breadcrumb"},"inLanguage":"sv-SE","potentialAction":[{"@type":"ReadAction","target":["https:\/\/cometofinland.fi\/sv\/produkt\/sauna-island-by-jeanice-brander-vykort\/"]}]},{"@type":"ImageObject","inLanguage":"sv-SE","@id":"https:\/\/cometofinland.fi\/sv\/produkt\/sauna-island-by-jeanice-brander-vykort\/#primaryimage","url":"https:\/\/cometofinland.fi\/wp-content\/uploads\/2023\/10\/PC-2367_SaunaIsland_postcard_Jeanice-Brander.jpg","contentUrl":"https:\/\/cometofinland.fi\/wp-content\/uploads\/2023\/10\/PC-2367_SaunaIsland_postcard_Jeanice-Brander.jpg","width":696,"height":1080},{"@type":"BreadcrumbList","@id":"https:\/\/cometofinland.fi\/sv\/produkt\/sauna-island-by-jeanice-brander-vykort\/#breadcrumb","itemListElement":[{"@type":"ListItem","position":1,"name":"Home","item":"https:\/\/cometofinland.fi\/sv\/"},{"@type":"ListItem","position":2,"name":"Butik","item":"https:\/\/cometofinland.fi\/sv\/butik\/"},{"@type":"ListItem","position":3,"name":"Sauna island by Jeanice Brander, vykort"}]},{"@type":"WebSite","@id":"https:\/\/cometofinland.fi\/sv\/#website","url":"https:\/\/cometofinland.fi\/sv\/","name":"Come to Finland","description":"Poster love from Finland! We bring new life to vintage travel posters, and also create new images from Finland!","publisher":{"@id":"https:\/\/cometofinland.fi\/sv\/#organization"},"potentialAction":[{"@type":"SearchAction","target":{"@type":"EntryPoint","urlTemplate":"https:\/\/cometofinland.fi\/sv\/?s={search_term_string}"},"query-input":{"@type":"PropertyValueSpecification","valueRequired":true,"valueName":"search_term_string"}}],"inLanguage":"sv-SE"},{"@type":"Organization","@id":"https:\/\/cometofinland.fi\/sv\/#organization","name":"Come to Finland","url":"https:\/\/cometofinland.fi\/sv\/","logo":{"@type":"ImageObject","inLanguage":"sv-SE","@id":"https:\/\/cometofinland.fi\/sv\/#\/schema\/logo\/image\/","url":"https:\/\/cometofinland.fi\/wp-content\/uploads\/2019\/03\/CTF_LOGO_Blue.svg","contentUrl":"https:\/\/cometofinland.fi\/wp-content\/uploads\/2019\/03\/CTF_LOGO_Blue.svg","width":1,"height":1,"caption":"Come to Finland"},"image":{"@id":"https:\/\/cometofinland.fi\/sv\/#\/schema\/logo\/image\/"},"sameAs":["https:\/\/fi-fi.facebook.com\/cometofinland\/","https:\/\/www.instagram.com\/cometofinland\/"]}]}},"_links":{"self":[{"href":"https:\/\/cometofinland.fi\/sv\/wp-json\/wp\/v2\/product\/24989","targetHints":{"allow":["GET"]}}],"collection":[{"href":"https:\/\/cometofinland.fi\/sv\/wp-json\/wp\/v2\/product"}],"about":[{"href":"https:\/\/cometofinland.fi\/sv\/wp-json\/wp\/v2\/types\/product"}],"wp:featuredmedia":[{"embeddable":true,"href":"https:\/\/cometofinland.fi\/sv\/wp-json\/wp\/v2\/media\/24992"}],"wp:attachment":[{"href":"https:\/\/cometofinland.fi\/sv\/wp-json\/wp\/v2\/media?parent=24989"}],"wp:term":[{"taxonomy":"product_brand","embeddable":true,"href":"https:\/\/cometofinland.fi\/sv\/wp-json\/wp\/v2\/product_brand?post=24989"},{"taxonomy":"product_cat","embeddable":true,"href":"https:\/\/cometofinland.fi\/sv\/wp-json\/wp\/v2\/product_cat?post=24989"},{"taxonomy":"product_tag","embeddable":true,"href":"https:\/\/cometofinland.fi\/sv\/wp-json\/wp\/v2\/product_tag?post=24989"}],"curies":[{"name":"wp","href":"https:\/\/api.w.org\/{rel}","templated":true}]}}