{"id":25018,"date":"2023-11-01T13:38:13","date_gmt":"2023-11-01T11:38:13","guid":{"rendered":"https:\/\/cometofinland.fi\/?post_type=product&#038;p=25018"},"modified":"2023-12-09T21:51:39","modified_gmt":"2023-12-09T19:51:39","slug":"pussel-home-of-the-northern-lights","status":"publish","type":"product","link":"https:\/\/cometofinland.fi\/sv\/produkt\/pussel-home-of-the-northern-lights\/","title":{"rendered":"Pussel: Home of the Northern Lights"},"content":{"rendered":"<p>Nu finns v\u00e5ra reseaffischer ocks\u00e5 som pussel. V\u00e4lj din favorit bland \u00e5tta olika alternativ \u2013 eller ta alla p\u00e5 en g\u00e5ng \u2013 och bygg upp det stiliga Finland bit f\u00f6r bit. (Det finns 1000 bitar.)<\/p>\n<p>Licensprodukt. Tillverkare: Tactic.<\/p>\n<p>Tillverkad i Finland<\/p>\n","protected":false},"excerpt":{"rendered":"<p>Nu finns v\u00e5ra reseaffischer ocks\u00e5 som pussel. V\u00e4lj din favorit bland \u00e5tta olika alternativ \u2013 eller ta alla p\u00e5 en g\u00e5ng \u2013 och bygg upp det stiliga Finland bit f\u00f6r bit. (Det finns 1000 bitar.) Licensprodukt. Tillverkare: Tactic. Tillverkad i Finland<\/p>\n","protected":false},"featured_media":25021,"template":"","meta":{"_acf_changed":false},"product_brand":[],"product_cat":[726,644],"product_tag":[],"class_list":{"0":"post-25018","1":"product","2":"type-product","3":"status-publish","4":"has-post-thumbnail","6":"product_cat-pussel-sv","7":"product_cat-pussel","9":"first","10":"instock","11":"taxable","12":"shipping-taxable","13":"purchasable","14":"product-type-simple"},"acf":[],"yoast_head":"<!-- This site is optimized with the Yoast SEO plugin v27.3 - https:\/\/yoast.com\/product\/yoast-seo-wordpress\/ -->\n<title>Pussel: Home of the Northern Lights - Come to Finland<\/title>\n<meta name=\"description\" content=\"Bygg upp Finland bit f\u00f6r bit med hj\u00e4lp av detta 1000-bitars pussel. Bilden \u00e4r prisbel\u00f6nad som \u00e5rets reseaffisch i Finland och f\u00f6rest\u00e4ller norrsken.\" \/>\n<meta name=\"robots\" content=\"index, follow, max-snippet:-1, max-image-preview:large, max-video-preview:-1\" \/>\n<link rel=\"canonical\" href=\"https:\/\/cometofinland.fi\/sv\/produkt\/pussel-home-of-the-northern-lights\/\" \/>\n<meta property=\"og:locale\" content=\"sv_SE\" \/>\n<meta property=\"og:type\" content=\"article\" \/>\n<meta property=\"og:title\" content=\"Pussel: Home of the Northern Lights - Come to Finland\" \/>\n<meta property=\"og:description\" content=\"Bygg upp Finland bit f\u00f6r bit med hj\u00e4lp av detta 1000-bitars pussel. Bilden \u00e4r prisbel\u00f6nad som \u00e5rets reseaffisch i Finland och f\u00f6rest\u00e4ller norrsken.\" \/>\n<meta property=\"og:url\" content=\"https:\/\/cometofinland.fi\/sv\/produkt\/pussel-home-of-the-northern-lights\/\" \/>\n<meta property=\"og:site_name\" content=\"Come to Finland\" \/>\n<meta property=\"article:publisher\" content=\"https:\/\/fi-fi.facebook.com\/cometofinland\/\" \/>\n<meta property=\"article:modified_time\" content=\"2023-12-09T19:51:39+00:00\" \/>\n<meta property=\"og:image\" content=\"https:\/\/cometofinland.fi\/wp-content\/uploads\/2023\/11\/59373_CTF_Norden_lights-scaled.jpg\" \/>\n\t<meta property=\"og:image:width\" content=\"1366\" \/>\n\t<meta property=\"og:image:height\" content=\"2560\" \/>\n\t<meta property=\"og:image:type\" content=\"image\/jpeg\" \/>\n<meta name=\"twitter:card\" content=\"summary_large_image\" \/>\n<script type=\"application\/ld+json\" class=\"yoast-schema-graph\">{\"@context\":\"https:\\\/\\\/schema.org\",\"@graph\":[{\"@type\":\"WebPage\",\"@id\":\"https:\\\/\\\/cometofinland.fi\\\/sv\\\/produkt\\\/pussel-home-of-the-northern-lights\\\/\",\"url\":\"https:\\\/\\\/cometofinland.fi\\\/sv\\\/produkt\\\/pussel-home-of-the-northern-lights\\\/\",\"name\":\"Pussel: Home of the Northern Lights - Come to Finland\",\"isPartOf\":{\"@id\":\"https:\\\/\\\/cometofinland.fi\\\/sv\\\/#website\"},\"primaryImageOfPage\":{\"@id\":\"https:\\\/\\\/cometofinland.fi\\\/sv\\\/produkt\\\/pussel-home-of-the-northern-lights\\\/#primaryimage\"},\"image\":{\"@id\":\"https:\\\/\\\/cometofinland.fi\\\/sv\\\/produkt\\\/pussel-home-of-the-northern-lights\\\/#primaryimage\"},\"thumbnailUrl\":\"https:\\\/\\\/cometofinland.fi\\\/wp-content\\\/uploads\\\/2023\\\/11\\\/59373_CTF_Norden_lights-scaled.jpg\",\"datePublished\":\"2023-11-01T11:38:13+00:00\",\"dateModified\":\"2023-12-09T19:51:39+00:00\",\"description\":\"Bygg upp Finland bit f\u00f6r bit med hj\u00e4lp av detta 1000-bitars pussel. Bilden \u00e4r prisbel\u00f6nad som \u00e5rets reseaffisch i Finland och f\u00f6rest\u00e4ller norrsken.\",\"breadcrumb\":{\"@id\":\"https:\\\/\\\/cometofinland.fi\\\/sv\\\/produkt\\\/pussel-home-of-the-northern-lights\\\/#breadcrumb\"},\"inLanguage\":\"sv-SE\",\"potentialAction\":[{\"@type\":\"ReadAction\",\"target\":[\"https:\\\/\\\/cometofinland.fi\\\/sv\\\/produkt\\\/pussel-home-of-the-northern-lights\\\/\"]}]},{\"@type\":\"ImageObject\",\"inLanguage\":\"sv-SE\",\"@id\":\"https:\\\/\\\/cometofinland.fi\\\/sv\\\/produkt\\\/pussel-home-of-the-northern-lights\\\/#primaryimage\",\"url\":\"https:\\\/\\\/cometofinland.fi\\\/wp-content\\\/uploads\\\/2023\\\/11\\\/59373_CTF_Norden_lights-scaled.jpg\",\"contentUrl\":\"https:\\\/\\\/cometofinland.fi\\\/wp-content\\\/uploads\\\/2023\\\/11\\\/59373_CTF_Norden_lights-scaled.jpg\",\"width\":1366,\"height\":2560},{\"@type\":\"BreadcrumbList\",\"@id\":\"https:\\\/\\\/cometofinland.fi\\\/sv\\\/produkt\\\/pussel-home-of-the-northern-lights\\\/#breadcrumb\",\"itemListElement\":[{\"@type\":\"ListItem\",\"position\":1,\"name\":\"Home\",\"item\":\"https:\\\/\\\/cometofinland.fi\\\/sv\\\/\"},{\"@type\":\"ListItem\",\"position\":2,\"name\":\"Butik\",\"item\":\"https:\\\/\\\/cometofinland.fi\\\/sv\\\/butik\\\/\"},{\"@type\":\"ListItem\",\"position\":3,\"name\":\"Pussel: Home of the Northern Lights\"}]},{\"@type\":\"WebSite\",\"@id\":\"https:\\\/\\\/cometofinland.fi\\\/sv\\\/#website\",\"url\":\"https:\\\/\\\/cometofinland.fi\\\/sv\\\/\",\"name\":\"Come to Finland\",\"description\":\"Poster love from Finland! We bring new life to vintage travel posters, and also create new images from Finland!\",\"publisher\":{\"@id\":\"https:\\\/\\\/cometofinland.fi\\\/sv\\\/#organization\"},\"potentialAction\":[{\"@type\":\"SearchAction\",\"target\":{\"@type\":\"EntryPoint\",\"urlTemplate\":\"https:\\\/\\\/cometofinland.fi\\\/sv\\\/?s={search_term_string}\"},\"query-input\":{\"@type\":\"PropertyValueSpecification\",\"valueRequired\":true,\"valueName\":\"search_term_string\"}}],\"inLanguage\":\"sv-SE\"},{\"@type\":\"Organization\",\"@id\":\"https:\\\/\\\/cometofinland.fi\\\/sv\\\/#organization\",\"name\":\"Come to Finland\",\"url\":\"https:\\\/\\\/cometofinland.fi\\\/sv\\\/\",\"logo\":{\"@type\":\"ImageObject\",\"inLanguage\":\"sv-SE\",\"@id\":\"https:\\\/\\\/cometofinland.fi\\\/sv\\\/#\\\/schema\\\/logo\\\/image\\\/\",\"url\":\"https:\\\/\\\/cometofinland.fi\\\/wp-content\\\/uploads\\\/2019\\\/03\\\/CTF_LOGO_Blue.svg\",\"contentUrl\":\"https:\\\/\\\/cometofinland.fi\\\/wp-content\\\/uploads\\\/2019\\\/03\\\/CTF_LOGO_Blue.svg\",\"width\":1,\"height\":1,\"caption\":\"Come to Finland\"},\"image\":{\"@id\":\"https:\\\/\\\/cometofinland.fi\\\/sv\\\/#\\\/schema\\\/logo\\\/image\\\/\"},\"sameAs\":[\"https:\\\/\\\/fi-fi.facebook.com\\\/cometofinland\\\/\",\"https:\\\/\\\/www.instagram.com\\\/cometofinland\\\/\"]}]}<\/script>\n<!-- \/ Yoast SEO plugin. -->","yoast_head_json":{"title":"Pussel: Home of the Northern Lights - Come to Finland","description":"Bygg upp Finland bit f\u00f6r bit med hj\u00e4lp av detta 1000-bitars pussel. Bilden \u00e4r prisbel\u00f6nad som \u00e5rets reseaffisch i Finland och f\u00f6rest\u00e4ller norrsken.","robots":{"index":"index","follow":"follow","max-snippet":"max-snippet:-1","max-image-preview":"max-image-preview:large","max-video-preview":"max-video-preview:-1"},"canonical":"https:\/\/cometofinland.fi\/sv\/produkt\/pussel-home-of-the-northern-lights\/","og_locale":"sv_SE","og_type":"article","og_title":"Pussel: Home of the Northern Lights - Come to Finland","og_description":"Bygg upp Finland bit f\u00f6r bit med hj\u00e4lp av detta 1000-bitars pussel. Bilden \u00e4r prisbel\u00f6nad som \u00e5rets reseaffisch i Finland och f\u00f6rest\u00e4ller norrsken.","og_url":"https:\/\/cometofinland.fi\/sv\/produkt\/pussel-home-of-the-northern-lights\/","og_site_name":"Come to Finland","article_publisher":"https:\/\/fi-fi.facebook.com\/cometofinland\/","article_modified_time":"2023-12-09T19:51:39+00:00","og_image":[{"width":1366,"height":2560,"url":"https:\/\/cometofinland.fi\/wp-content\/uploads\/2023\/11\/59373_CTF_Norden_lights-scaled.jpg","type":"image\/jpeg"}],"twitter_card":"summary_large_image","schema":{"@context":"https:\/\/schema.org","@graph":[{"@type":"WebPage","@id":"https:\/\/cometofinland.fi\/sv\/produkt\/pussel-home-of-the-northern-lights\/","url":"https:\/\/cometofinland.fi\/sv\/produkt\/pussel-home-of-the-northern-lights\/","name":"Pussel: Home of the Northern Lights - Come to Finland","isPartOf":{"@id":"https:\/\/cometofinland.fi\/sv\/#website"},"primaryImageOfPage":{"@id":"https:\/\/cometofinland.fi\/sv\/produkt\/pussel-home-of-the-northern-lights\/#primaryimage"},"image":{"@id":"https:\/\/cometofinland.fi\/sv\/produkt\/pussel-home-of-the-northern-lights\/#primaryimage"},"thumbnailUrl":"https:\/\/cometofinland.fi\/wp-content\/uploads\/2023\/11\/59373_CTF_Norden_lights-scaled.jpg","datePublished":"2023-11-01T11:38:13+00:00","dateModified":"2023-12-09T19:51:39+00:00","description":"Bygg upp Finland bit f\u00f6r bit med hj\u00e4lp av detta 1000-bitars pussel. Bilden \u00e4r prisbel\u00f6nad som \u00e5rets reseaffisch i Finland och f\u00f6rest\u00e4ller norrsken.","breadcrumb":{"@id":"https:\/\/cometofinland.fi\/sv\/produkt\/pussel-home-of-the-northern-lights\/#breadcrumb"},"inLanguage":"sv-SE","potentialAction":[{"@type":"ReadAction","target":["https:\/\/cometofinland.fi\/sv\/produkt\/pussel-home-of-the-northern-lights\/"]}]},{"@type":"ImageObject","inLanguage":"sv-SE","@id":"https:\/\/cometofinland.fi\/sv\/produkt\/pussel-home-of-the-northern-lights\/#primaryimage","url":"https:\/\/cometofinland.fi\/wp-content\/uploads\/2023\/11\/59373_CTF_Norden_lights-scaled.jpg","contentUrl":"https:\/\/cometofinland.fi\/wp-content\/uploads\/2023\/11\/59373_CTF_Norden_lights-scaled.jpg","width":1366,"height":2560},{"@type":"BreadcrumbList","@id":"https:\/\/cometofinland.fi\/sv\/produkt\/pussel-home-of-the-northern-lights\/#breadcrumb","itemListElement":[{"@type":"ListItem","position":1,"name":"Home","item":"https:\/\/cometofinland.fi\/sv\/"},{"@type":"ListItem","position":2,"name":"Butik","item":"https:\/\/cometofinland.fi\/sv\/butik\/"},{"@type":"ListItem","position":3,"name":"Pussel: Home of the Northern Lights"}]},{"@type":"WebSite","@id":"https:\/\/cometofinland.fi\/sv\/#website","url":"https:\/\/cometofinland.fi\/sv\/","name":"Come to Finland","description":"Poster love from Finland! We bring new life to vintage travel posters, and also create new images from Finland!","publisher":{"@id":"https:\/\/cometofinland.fi\/sv\/#organization"},"potentialAction":[{"@type":"SearchAction","target":{"@type":"EntryPoint","urlTemplate":"https:\/\/cometofinland.fi\/sv\/?s={search_term_string}"},"query-input":{"@type":"PropertyValueSpecification","valueRequired":true,"valueName":"search_term_string"}}],"inLanguage":"sv-SE"},{"@type":"Organization","@id":"https:\/\/cometofinland.fi\/sv\/#organization","name":"Come to Finland","url":"https:\/\/cometofinland.fi\/sv\/","logo":{"@type":"ImageObject","inLanguage":"sv-SE","@id":"https:\/\/cometofinland.fi\/sv\/#\/schema\/logo\/image\/","url":"https:\/\/cometofinland.fi\/wp-content\/uploads\/2019\/03\/CTF_LOGO_Blue.svg","contentUrl":"https:\/\/cometofinland.fi\/wp-content\/uploads\/2019\/03\/CTF_LOGO_Blue.svg","width":1,"height":1,"caption":"Come to Finland"},"image":{"@id":"https:\/\/cometofinland.fi\/sv\/#\/schema\/logo\/image\/"},"sameAs":["https:\/\/fi-fi.facebook.com\/cometofinland\/","https:\/\/www.instagram.com\/cometofinland\/"]}]}},"_links":{"self":[{"href":"https:\/\/cometofinland.fi\/sv\/wp-json\/wp\/v2\/product\/25018","targetHints":{"allow":["GET"]}}],"collection":[{"href":"https:\/\/cometofinland.fi\/sv\/wp-json\/wp\/v2\/product"}],"about":[{"href":"https:\/\/cometofinland.fi\/sv\/wp-json\/wp\/v2\/types\/product"}],"wp:featuredmedia":[{"embeddable":true,"href":"https:\/\/cometofinland.fi\/sv\/wp-json\/wp\/v2\/media\/25021"}],"wp:attachment":[{"href":"https:\/\/cometofinland.fi\/sv\/wp-json\/wp\/v2\/media?parent=25018"}],"wp:term":[{"taxonomy":"product_brand","embeddable":true,"href":"https:\/\/cometofinland.fi\/sv\/wp-json\/wp\/v2\/product_brand?post=25018"},{"taxonomy":"product_cat","embeddable":true,"href":"https:\/\/cometofinland.fi\/sv\/wp-json\/wp\/v2\/product_cat?post=25018"},{"taxonomy":"product_tag","embeddable":true,"href":"https:\/\/cometofinland.fi\/sv\/wp-json\/wp\/v2\/product_tag?post=25018"}],"curies":[{"name":"wp","href":"https:\/\/api.w.org\/{rel}","templated":true}]}}