{"id":25129,"date":"2022-11-09T15:58:11","date_gmt":"2022-11-09T13:58:11","guid":{"rendered":"https:\/\/cometofinland.fi\/?post_type=product&#038;p=25129"},"modified":"2023-11-25T00:01:05","modified_gmt":"2023-11-24T22:01:05","slug":"lake-saimaa-byt-beth-chesser-nyckelring","status":"publish","type":"product","link":"https:\/\/cometofinland.fi\/sv\/produkt\/lake-saimaa-byt-beth-chesser-nyckelring\/","title":{"rendered":"Lake Saimaa byt Beth Chesser, nyckelring"},"content":{"rendered":"<p>Med din favortiaffisch fr\u00e5n Finland kommer du \u2022\u2022\u2022aldrig\u2022\u2022\u2022 gl\u00f6mma dina nycklar igen. Sj\u00f6n Saimen h\u00e5ller minsann reda p\u00e5 dig!<\/p>\n<p>Storlek p\u00e5 affischbilden: 25&#215;40 mm.<\/p>\n<p>Tillverkad i Spanien.<\/p>\n","protected":false},"excerpt":{"rendered":"<p>Med din favortiaffisch fr\u00e5n Finland kommer du \u2022\u2022\u2022aldrig\u2022\u2022\u2022 gl\u00f6mma dina nycklar igen. Sj\u00f6n Saimen h\u00e5ller minsann reda p\u00e5 dig! Storlek p\u00e5 affischbilden: 25&#215;40 mm. Tillverkad i Spanien.<\/p>\n","protected":false},"featured_media":25113,"template":"","meta":{"_acf_changed":false},"product_brand":[],"product_cat":[796],"product_tag":[],"class_list":{"0":"post-25129","1":"product","2":"type-product","3":"status-publish","4":"has-post-thumbnail","6":"product_cat-nyckelringar","8":"first","9":"instock","10":"taxable","11":"shipping-taxable","12":"purchasable","13":"product-type-simple"},"acf":[],"yoast_head":"<!-- This site is optimized with the Yoast SEO plugin v27.3 - https:\/\/yoast.com\/product\/yoast-seo-wordpress\/ -->\n<title>Lake Saimaa byt Beth Chesser, nyckelring - Come to Finland<\/title>\n<meta name=\"description\" content=\"Saimen \u00e4r Finlands st\u00f6rsta sj\u00f6system. Hedra d\u00e4rf\u00f6r dina hemnycklar med rese-affischkonst fr\u00e5n Finland. Nyckelringen \u00e4r tillverkad i EU. Snabb leverans.\" \/>\n<meta name=\"robots\" content=\"index, follow, max-snippet:-1, max-image-preview:large, max-video-preview:-1\" \/>\n<link rel=\"canonical\" href=\"https:\/\/cometofinland.fi\/sv\/produkt\/lake-saimaa-byt-beth-chesser-nyckelring\/\" \/>\n<meta property=\"og:locale\" content=\"sv_SE\" \/>\n<meta property=\"og:type\" content=\"article\" \/>\n<meta property=\"og:title\" content=\"Lake Saimaa byt Beth Chesser, nyckelring - Come to Finland\" \/>\n<meta property=\"og:description\" content=\"Saimen \u00e4r Finlands st\u00f6rsta sj\u00f6system. Hedra d\u00e4rf\u00f6r dina hemnycklar med rese-affischkonst fr\u00e5n Finland. Nyckelringen \u00e4r tillverkad i EU. Snabb leverans.\" \/>\n<meta property=\"og:url\" content=\"https:\/\/cometofinland.fi\/sv\/produkt\/lake-saimaa-byt-beth-chesser-nyckelring\/\" \/>\n<meta property=\"og:site_name\" content=\"Come to Finland\" \/>\n<meta property=\"article:publisher\" content=\"https:\/\/fi-fi.facebook.com\/cometofinland\/\" \/>\n<meta property=\"article:modified_time\" content=\"2023-11-24T22:01:05+00:00\" \/>\n<meta property=\"og:image\" content=\"https:\/\/cometofinland.fi\/wp-content\/uploads\/2023\/11\/KEY-2301_keychain-come-to-finland-saimaa-pic.jpeg\" \/>\n\t<meta property=\"og:image:width\" content=\"262\" \/>\n\t<meta property=\"og:image:height\" content=\"793\" \/>\n\t<meta property=\"og:image:type\" content=\"image\/jpeg\" \/>\n<meta name=\"twitter:card\" content=\"summary_large_image\" \/>\n<script type=\"application\/ld+json\" class=\"yoast-schema-graph\">{\"@context\":\"https:\\\/\\\/schema.org\",\"@graph\":[{\"@type\":\"WebPage\",\"@id\":\"https:\\\/\\\/cometofinland.fi\\\/sv\\\/produkt\\\/lake-saimaa-byt-beth-chesser-nyckelring\\\/\",\"url\":\"https:\\\/\\\/cometofinland.fi\\\/sv\\\/produkt\\\/lake-saimaa-byt-beth-chesser-nyckelring\\\/\",\"name\":\"Lake Saimaa byt Beth Chesser, nyckelring - Come to Finland\",\"isPartOf\":{\"@id\":\"https:\\\/\\\/cometofinland.fi\\\/sv\\\/#website\"},\"primaryImageOfPage\":{\"@id\":\"https:\\\/\\\/cometofinland.fi\\\/sv\\\/produkt\\\/lake-saimaa-byt-beth-chesser-nyckelring\\\/#primaryimage\"},\"image\":{\"@id\":\"https:\\\/\\\/cometofinland.fi\\\/sv\\\/produkt\\\/lake-saimaa-byt-beth-chesser-nyckelring\\\/#primaryimage\"},\"thumbnailUrl\":\"https:\\\/\\\/cometofinland.fi\\\/wp-content\\\/uploads\\\/2023\\\/11\\\/KEY-2301_keychain-come-to-finland-saimaa-pic.jpeg\",\"datePublished\":\"2022-11-09T13:58:11+00:00\",\"dateModified\":\"2023-11-24T22:01:05+00:00\",\"description\":\"Saimen \u00e4r Finlands st\u00f6rsta sj\u00f6system. Hedra d\u00e4rf\u00f6r dina hemnycklar med rese-affischkonst fr\u00e5n Finland. Nyckelringen \u00e4r tillverkad i EU. Snabb leverans.\",\"breadcrumb\":{\"@id\":\"https:\\\/\\\/cometofinland.fi\\\/sv\\\/produkt\\\/lake-saimaa-byt-beth-chesser-nyckelring\\\/#breadcrumb\"},\"inLanguage\":\"sv-SE\",\"potentialAction\":[{\"@type\":\"ReadAction\",\"target\":[\"https:\\\/\\\/cometofinland.fi\\\/sv\\\/produkt\\\/lake-saimaa-byt-beth-chesser-nyckelring\\\/\"]}]},{\"@type\":\"ImageObject\",\"inLanguage\":\"sv-SE\",\"@id\":\"https:\\\/\\\/cometofinland.fi\\\/sv\\\/produkt\\\/lake-saimaa-byt-beth-chesser-nyckelring\\\/#primaryimage\",\"url\":\"https:\\\/\\\/cometofinland.fi\\\/wp-content\\\/uploads\\\/2023\\\/11\\\/KEY-2301_keychain-come-to-finland-saimaa-pic.jpeg\",\"contentUrl\":\"https:\\\/\\\/cometofinland.fi\\\/wp-content\\\/uploads\\\/2023\\\/11\\\/KEY-2301_keychain-come-to-finland-saimaa-pic.jpeg\",\"width\":262,\"height\":793},{\"@type\":\"BreadcrumbList\",\"@id\":\"https:\\\/\\\/cometofinland.fi\\\/sv\\\/produkt\\\/lake-saimaa-byt-beth-chesser-nyckelring\\\/#breadcrumb\",\"itemListElement\":[{\"@type\":\"ListItem\",\"position\":1,\"name\":\"Home\",\"item\":\"https:\\\/\\\/cometofinland.fi\\\/sv\\\/\"},{\"@type\":\"ListItem\",\"position\":2,\"name\":\"Butik\",\"item\":\"https:\\\/\\\/cometofinland.fi\\\/sv\\\/butik\\\/\"},{\"@type\":\"ListItem\",\"position\":3,\"name\":\"Lake Saimaa byt Beth Chesser, nyckelring\"}]},{\"@type\":\"WebSite\",\"@id\":\"https:\\\/\\\/cometofinland.fi\\\/sv\\\/#website\",\"url\":\"https:\\\/\\\/cometofinland.fi\\\/sv\\\/\",\"name\":\"Come to Finland\",\"description\":\"Poster love from Finland! We bring new life to vintage travel posters, and also create new images from Finland!\",\"publisher\":{\"@id\":\"https:\\\/\\\/cometofinland.fi\\\/sv\\\/#organization\"},\"potentialAction\":[{\"@type\":\"SearchAction\",\"target\":{\"@type\":\"EntryPoint\",\"urlTemplate\":\"https:\\\/\\\/cometofinland.fi\\\/sv\\\/?s={search_term_string}\"},\"query-input\":{\"@type\":\"PropertyValueSpecification\",\"valueRequired\":true,\"valueName\":\"search_term_string\"}}],\"inLanguage\":\"sv-SE\"},{\"@type\":\"Organization\",\"@id\":\"https:\\\/\\\/cometofinland.fi\\\/sv\\\/#organization\",\"name\":\"Come to Finland\",\"url\":\"https:\\\/\\\/cometofinland.fi\\\/sv\\\/\",\"logo\":{\"@type\":\"ImageObject\",\"inLanguage\":\"sv-SE\",\"@id\":\"https:\\\/\\\/cometofinland.fi\\\/sv\\\/#\\\/schema\\\/logo\\\/image\\\/\",\"url\":\"https:\\\/\\\/cometofinland.fi\\\/wp-content\\\/uploads\\\/2019\\\/03\\\/CTF_LOGO_Blue.svg\",\"contentUrl\":\"https:\\\/\\\/cometofinland.fi\\\/wp-content\\\/uploads\\\/2019\\\/03\\\/CTF_LOGO_Blue.svg\",\"width\":1,\"height\":1,\"caption\":\"Come to Finland\"},\"image\":{\"@id\":\"https:\\\/\\\/cometofinland.fi\\\/sv\\\/#\\\/schema\\\/logo\\\/image\\\/\"},\"sameAs\":[\"https:\\\/\\\/fi-fi.facebook.com\\\/cometofinland\\\/\",\"https:\\\/\\\/www.instagram.com\\\/cometofinland\\\/\"]}]}<\/script>\n<!-- \/ Yoast SEO plugin. -->","yoast_head_json":{"title":"Lake Saimaa byt Beth Chesser, nyckelring - Come to Finland","description":"Saimen \u00e4r Finlands st\u00f6rsta sj\u00f6system. Hedra d\u00e4rf\u00f6r dina hemnycklar med rese-affischkonst fr\u00e5n Finland. Nyckelringen \u00e4r tillverkad i EU. Snabb leverans.","robots":{"index":"index","follow":"follow","max-snippet":"max-snippet:-1","max-image-preview":"max-image-preview:large","max-video-preview":"max-video-preview:-1"},"canonical":"https:\/\/cometofinland.fi\/sv\/produkt\/lake-saimaa-byt-beth-chesser-nyckelring\/","og_locale":"sv_SE","og_type":"article","og_title":"Lake Saimaa byt Beth Chesser, nyckelring - Come to Finland","og_description":"Saimen \u00e4r Finlands st\u00f6rsta sj\u00f6system. Hedra d\u00e4rf\u00f6r dina hemnycklar med rese-affischkonst fr\u00e5n Finland. Nyckelringen \u00e4r tillverkad i EU. Snabb leverans.","og_url":"https:\/\/cometofinland.fi\/sv\/produkt\/lake-saimaa-byt-beth-chesser-nyckelring\/","og_site_name":"Come to Finland","article_publisher":"https:\/\/fi-fi.facebook.com\/cometofinland\/","article_modified_time":"2023-11-24T22:01:05+00:00","og_image":[{"width":262,"height":793,"url":"https:\/\/cometofinland.fi\/wp-content\/uploads\/2023\/11\/KEY-2301_keychain-come-to-finland-saimaa-pic.jpeg","type":"image\/jpeg"}],"twitter_card":"summary_large_image","schema":{"@context":"https:\/\/schema.org","@graph":[{"@type":"WebPage","@id":"https:\/\/cometofinland.fi\/sv\/produkt\/lake-saimaa-byt-beth-chesser-nyckelring\/","url":"https:\/\/cometofinland.fi\/sv\/produkt\/lake-saimaa-byt-beth-chesser-nyckelring\/","name":"Lake Saimaa byt Beth Chesser, nyckelring - Come to Finland","isPartOf":{"@id":"https:\/\/cometofinland.fi\/sv\/#website"},"primaryImageOfPage":{"@id":"https:\/\/cometofinland.fi\/sv\/produkt\/lake-saimaa-byt-beth-chesser-nyckelring\/#primaryimage"},"image":{"@id":"https:\/\/cometofinland.fi\/sv\/produkt\/lake-saimaa-byt-beth-chesser-nyckelring\/#primaryimage"},"thumbnailUrl":"https:\/\/cometofinland.fi\/wp-content\/uploads\/2023\/11\/KEY-2301_keychain-come-to-finland-saimaa-pic.jpeg","datePublished":"2022-11-09T13:58:11+00:00","dateModified":"2023-11-24T22:01:05+00:00","description":"Saimen \u00e4r Finlands st\u00f6rsta sj\u00f6system. Hedra d\u00e4rf\u00f6r dina hemnycklar med rese-affischkonst fr\u00e5n Finland. Nyckelringen \u00e4r tillverkad i EU. Snabb leverans.","breadcrumb":{"@id":"https:\/\/cometofinland.fi\/sv\/produkt\/lake-saimaa-byt-beth-chesser-nyckelring\/#breadcrumb"},"inLanguage":"sv-SE","potentialAction":[{"@type":"ReadAction","target":["https:\/\/cometofinland.fi\/sv\/produkt\/lake-saimaa-byt-beth-chesser-nyckelring\/"]}]},{"@type":"ImageObject","inLanguage":"sv-SE","@id":"https:\/\/cometofinland.fi\/sv\/produkt\/lake-saimaa-byt-beth-chesser-nyckelring\/#primaryimage","url":"https:\/\/cometofinland.fi\/wp-content\/uploads\/2023\/11\/KEY-2301_keychain-come-to-finland-saimaa-pic.jpeg","contentUrl":"https:\/\/cometofinland.fi\/wp-content\/uploads\/2023\/11\/KEY-2301_keychain-come-to-finland-saimaa-pic.jpeg","width":262,"height":793},{"@type":"BreadcrumbList","@id":"https:\/\/cometofinland.fi\/sv\/produkt\/lake-saimaa-byt-beth-chesser-nyckelring\/#breadcrumb","itemListElement":[{"@type":"ListItem","position":1,"name":"Home","item":"https:\/\/cometofinland.fi\/sv\/"},{"@type":"ListItem","position":2,"name":"Butik","item":"https:\/\/cometofinland.fi\/sv\/butik\/"},{"@type":"ListItem","position":3,"name":"Lake Saimaa byt Beth Chesser, nyckelring"}]},{"@type":"WebSite","@id":"https:\/\/cometofinland.fi\/sv\/#website","url":"https:\/\/cometofinland.fi\/sv\/","name":"Come to Finland","description":"Poster love from Finland! We bring new life to vintage travel posters, and also create new images from Finland!","publisher":{"@id":"https:\/\/cometofinland.fi\/sv\/#organization"},"potentialAction":[{"@type":"SearchAction","target":{"@type":"EntryPoint","urlTemplate":"https:\/\/cometofinland.fi\/sv\/?s={search_term_string}"},"query-input":{"@type":"PropertyValueSpecification","valueRequired":true,"valueName":"search_term_string"}}],"inLanguage":"sv-SE"},{"@type":"Organization","@id":"https:\/\/cometofinland.fi\/sv\/#organization","name":"Come to Finland","url":"https:\/\/cometofinland.fi\/sv\/","logo":{"@type":"ImageObject","inLanguage":"sv-SE","@id":"https:\/\/cometofinland.fi\/sv\/#\/schema\/logo\/image\/","url":"https:\/\/cometofinland.fi\/wp-content\/uploads\/2019\/03\/CTF_LOGO_Blue.svg","contentUrl":"https:\/\/cometofinland.fi\/wp-content\/uploads\/2019\/03\/CTF_LOGO_Blue.svg","width":1,"height":1,"caption":"Come to Finland"},"image":{"@id":"https:\/\/cometofinland.fi\/sv\/#\/schema\/logo\/image\/"},"sameAs":["https:\/\/fi-fi.facebook.com\/cometofinland\/","https:\/\/www.instagram.com\/cometofinland\/"]}]}},"_links":{"self":[{"href":"https:\/\/cometofinland.fi\/sv\/wp-json\/wp\/v2\/product\/25129","targetHints":{"allow":["GET"]}}],"collection":[{"href":"https:\/\/cometofinland.fi\/sv\/wp-json\/wp\/v2\/product"}],"about":[{"href":"https:\/\/cometofinland.fi\/sv\/wp-json\/wp\/v2\/types\/product"}],"wp:featuredmedia":[{"embeddable":true,"href":"https:\/\/cometofinland.fi\/sv\/wp-json\/wp\/v2\/media\/25113"}],"wp:attachment":[{"href":"https:\/\/cometofinland.fi\/sv\/wp-json\/wp\/v2\/media?parent=25129"}],"wp:term":[{"taxonomy":"product_brand","embeddable":true,"href":"https:\/\/cometofinland.fi\/sv\/wp-json\/wp\/v2\/product_brand?post=25129"},{"taxonomy":"product_cat","embeddable":true,"href":"https:\/\/cometofinland.fi\/sv\/wp-json\/wp\/v2\/product_cat?post=25129"},{"taxonomy":"product_tag","embeddable":true,"href":"https:\/\/cometofinland.fi\/sv\/wp-json\/wp\/v2\/product_tag?post=25129"}],"curies":[{"name":"wp","href":"https:\/\/api.w.org\/{rel}","templated":true}]}}