{"id":28252,"date":"2024-10-25T18:28:35","date_gmt":"2024-10-25T15:28:35","guid":{"rendered":"https:\/\/cometofinland.fi\/?post_type=product&#038;p=28252"},"modified":"2026-03-19T18:55:38","modified_gmt":"2026-03-19T16:55:38","slug":"finland-country-of-good-beer-affisch-50-x-70-cm","status":"publish","type":"product","link":"https:\/\/cometofinland.fi\/sv\/produkt\/finland-country-of-good-beer-affisch-50-x-70-cm\/","title":{"rendered":"Finland \u2013 Country of Good Beer, Affisch 50 x 70 cm"},"content":{"rendered":"<p>Finsk \u00f6l, fiskbilder och lite fakta om fiskar! Ja, det h\u00e4r \u00e4r verkligen Poster de luxe p\u00e5 m\u00e5nga s\u00e4tt. Den ing\u00e5r i v\u00e5r Custom Print-serie. Det betyder att varje affisch trycks separat, enkom f\u00f6r dig. Trycks p\u00e5 h\u00f6gklassigt matt FSC-certifierat papper, med den modernaste trycktekniken i tolv f\u00e4rger. F\u00e4rgerna \u00e4r starka och fylliga, vilket inneb\u00e4r att affischen h\u00e5ller sin skarphet och sina f\u00e4rger i flera generationer.<\/p>\n<p>Affischen levereras inpackad i en h\u00e5llbar kartongtub. Om din best\u00e4llning best\u00e5r av flera affischer levereras de tillsammans i en tub.<\/p>\n","protected":false},"excerpt":{"rendered":"<p>Finsk \u00f6l, fiskbilder och lite fakta om fiskar! Ja, det h\u00e4r \u00e4r verkligen Poster de luxe p\u00e5 m\u00e5nga s\u00e4tt. Den ing\u00e5r i v\u00e5r Custom Print-serie. Det betyder att varje affisch trycks separat, enkom f\u00f6r dig. Trycks p\u00e5 h\u00f6gklassigt matt FSC-certifierat papper, med den modernaste trycktekniken i tolv f\u00e4rger. F\u00e4rgerna \u00e4r starka och fylliga, vilket inneb\u00e4r [&hellip;]<\/p>\n","protected":false},"featured_media":28248,"template":"","meta":{"_acf_changed":false},"product_brand":[],"product_cat":[538,540],"product_tag":[],"class_list":{"0":"post-28252","1":"product","2":"type-product","3":"status-publish","4":"has-post-thumbnail","6":"product_cat-vintage-affischer","7":"product_cat-storlek-m-50x70-nytryck","9":"first","10":"outofstock","11":"taxable","12":"shipping-taxable","13":"purchasable","14":"product-type-simple"},"acf":[],"yoast_head":"<!-- This site is optimized with the Yoast SEO plugin v27.3 - https:\/\/yoast.com\/product\/yoast-seo-wordpress\/ -->\n<title>Finland \u2013 Country of Good Beer, Affisch 50 x 70 cm - Come to Finland<\/title>\n<meta name=\"description\" content=\"Med denna klassiska finl\u00e4ndska affisch firas tv\u00e5 viktiga saker: Finsk \u00f6l och finska fiskar. P\u00e5 en enda bild. Snabb leverans!\" \/>\n<meta name=\"robots\" content=\"index, follow, max-snippet:-1, max-image-preview:large, max-video-preview:-1\" \/>\n<link rel=\"canonical\" href=\"https:\/\/cometofinland.fi\/sv\/produkt\/finland-country-of-good-beer-affisch-50-x-70-cm\/\" \/>\n<meta property=\"og:locale\" content=\"sv_SE\" \/>\n<meta property=\"og:type\" content=\"article\" \/>\n<meta property=\"og:title\" content=\"Finland \u2013 Country of Good Beer, Affisch 50 x 70 cm - Come to Finland\" \/>\n<meta property=\"og:description\" content=\"Med denna klassiska finl\u00e4ndska affisch firas tv\u00e5 viktiga saker: Finsk \u00f6l och finska fiskar. P\u00e5 en enda bild. Snabb leverans!\" \/>\n<meta property=\"og:url\" content=\"https:\/\/cometofinland.fi\/sv\/produkt\/finland-country-of-good-beer-affisch-50-x-70-cm\/\" \/>\n<meta property=\"og:site_name\" content=\"Come to Finland\" \/>\n<meta property=\"article:publisher\" content=\"https:\/\/fi-fi.facebook.com\/cometofinland\/\" \/>\n<meta property=\"article:modified_time\" content=\"2026-03-19T16:55:38+00:00\" \/>\n<meta property=\"og:image\" content=\"https:\/\/cometofinland.fi\/wp-content\/uploads\/2024\/04\/POD-M-184_Finland-Land-of-good-beer-poster_light.jpeg\" \/>\n\t<meta property=\"og:image:width\" content=\"1500\" \/>\n\t<meta property=\"og:image:height\" content=\"2094\" \/>\n\t<meta property=\"og:image:type\" content=\"image\/jpeg\" \/>\n<meta name=\"twitter:card\" content=\"summary_large_image\" \/>\n<meta name=\"twitter:label1\" content=\"Ber\u00e4knad l\u00e4stid\" \/>\n\t<meta name=\"twitter:data1\" content=\"1 minut\" \/>\n<script type=\"application\/ld+json\" class=\"yoast-schema-graph\">{\"@context\":\"https:\\\/\\\/schema.org\",\"@graph\":[{\"@type\":\"WebPage\",\"@id\":\"https:\\\/\\\/cometofinland.fi\\\/sv\\\/produkt\\\/finland-country-of-good-beer-affisch-50-x-70-cm\\\/\",\"url\":\"https:\\\/\\\/cometofinland.fi\\\/sv\\\/produkt\\\/finland-country-of-good-beer-affisch-50-x-70-cm\\\/\",\"name\":\"Finland \u2013 Country of Good Beer, Affisch 50 x 70 cm - Come to Finland\",\"isPartOf\":{\"@id\":\"https:\\\/\\\/cometofinland.fi\\\/sv\\\/#website\"},\"primaryImageOfPage\":{\"@id\":\"https:\\\/\\\/cometofinland.fi\\\/sv\\\/produkt\\\/finland-country-of-good-beer-affisch-50-x-70-cm\\\/#primaryimage\"},\"image\":{\"@id\":\"https:\\\/\\\/cometofinland.fi\\\/sv\\\/produkt\\\/finland-country-of-good-beer-affisch-50-x-70-cm\\\/#primaryimage\"},\"thumbnailUrl\":\"https:\\\/\\\/cometofinland.fi\\\/wp-content\\\/uploads\\\/2024\\\/04\\\/POD-M-184_Finland-Land-of-good-beer-poster_light.jpeg\",\"datePublished\":\"2024-10-25T15:28:35+00:00\",\"dateModified\":\"2026-03-19T16:55:38+00:00\",\"description\":\"Med denna klassiska finl\u00e4ndska affisch firas tv\u00e5 viktiga saker: Finsk \u00f6l och finska fiskar. P\u00e5 en enda bild. Snabb leverans!\",\"breadcrumb\":{\"@id\":\"https:\\\/\\\/cometofinland.fi\\\/sv\\\/produkt\\\/finland-country-of-good-beer-affisch-50-x-70-cm\\\/#breadcrumb\"},\"inLanguage\":\"sv-SE\",\"potentialAction\":[{\"@type\":\"ReadAction\",\"target\":[\"https:\\\/\\\/cometofinland.fi\\\/sv\\\/produkt\\\/finland-country-of-good-beer-affisch-50-x-70-cm\\\/\"]}]},{\"@type\":\"ImageObject\",\"inLanguage\":\"sv-SE\",\"@id\":\"https:\\\/\\\/cometofinland.fi\\\/sv\\\/produkt\\\/finland-country-of-good-beer-affisch-50-x-70-cm\\\/#primaryimage\",\"url\":\"https:\\\/\\\/cometofinland.fi\\\/wp-content\\\/uploads\\\/2024\\\/04\\\/POD-M-184_Finland-Land-of-good-beer-poster_light.jpeg\",\"contentUrl\":\"https:\\\/\\\/cometofinland.fi\\\/wp-content\\\/uploads\\\/2024\\\/04\\\/POD-M-184_Finland-Land-of-good-beer-poster_light.jpeg\",\"width\":1500,\"height\":2094,\"caption\":\"Vintage poster with a glass of Finnish beer and a selection of Finnish fish\"},{\"@type\":\"BreadcrumbList\",\"@id\":\"https:\\\/\\\/cometofinland.fi\\\/sv\\\/produkt\\\/finland-country-of-good-beer-affisch-50-x-70-cm\\\/#breadcrumb\",\"itemListElement\":[{\"@type\":\"ListItem\",\"position\":1,\"name\":\"Home\",\"item\":\"https:\\\/\\\/cometofinland.fi\\\/sv\\\/\"},{\"@type\":\"ListItem\",\"position\":2,\"name\":\"Butik\",\"item\":\"https:\\\/\\\/cometofinland.fi\\\/sv\\\/butik\\\/\"},{\"@type\":\"ListItem\",\"position\":3,\"name\":\"Finland \u2013 Country of Good Beer, Affisch 50 x 70 cm\"}]},{\"@type\":\"WebSite\",\"@id\":\"https:\\\/\\\/cometofinland.fi\\\/sv\\\/#website\",\"url\":\"https:\\\/\\\/cometofinland.fi\\\/sv\\\/\",\"name\":\"Come to Finland\",\"description\":\"Poster love from Finland! We bring new life to vintage travel posters, and also create new images from Finland!\",\"publisher\":{\"@id\":\"https:\\\/\\\/cometofinland.fi\\\/sv\\\/#organization\"},\"potentialAction\":[{\"@type\":\"SearchAction\",\"target\":{\"@type\":\"EntryPoint\",\"urlTemplate\":\"https:\\\/\\\/cometofinland.fi\\\/sv\\\/?s={search_term_string}\"},\"query-input\":{\"@type\":\"PropertyValueSpecification\",\"valueRequired\":true,\"valueName\":\"search_term_string\"}}],\"inLanguage\":\"sv-SE\"},{\"@type\":\"Organization\",\"@id\":\"https:\\\/\\\/cometofinland.fi\\\/sv\\\/#organization\",\"name\":\"Come to Finland\",\"url\":\"https:\\\/\\\/cometofinland.fi\\\/sv\\\/\",\"logo\":{\"@type\":\"ImageObject\",\"inLanguage\":\"sv-SE\",\"@id\":\"https:\\\/\\\/cometofinland.fi\\\/sv\\\/#\\\/schema\\\/logo\\\/image\\\/\",\"url\":\"https:\\\/\\\/cometofinland.fi\\\/wp-content\\\/uploads\\\/2019\\\/03\\\/CTF_LOGO_Blue.svg\",\"contentUrl\":\"https:\\\/\\\/cometofinland.fi\\\/wp-content\\\/uploads\\\/2019\\\/03\\\/CTF_LOGO_Blue.svg\",\"width\":1,\"height\":1,\"caption\":\"Come to Finland\"},\"image\":{\"@id\":\"https:\\\/\\\/cometofinland.fi\\\/sv\\\/#\\\/schema\\\/logo\\\/image\\\/\"},\"sameAs\":[\"https:\\\/\\\/fi-fi.facebook.com\\\/cometofinland\\\/\",\"https:\\\/\\\/www.instagram.com\\\/cometofinland\\\/\"]}]}<\/script>\n<!-- \/ Yoast SEO plugin. -->","yoast_head_json":{"title":"Finland \u2013 Country of Good Beer, Affisch 50 x 70 cm - Come to Finland","description":"Med denna klassiska finl\u00e4ndska affisch firas tv\u00e5 viktiga saker: Finsk \u00f6l och finska fiskar. P\u00e5 en enda bild. Snabb leverans!","robots":{"index":"index","follow":"follow","max-snippet":"max-snippet:-1","max-image-preview":"max-image-preview:large","max-video-preview":"max-video-preview:-1"},"canonical":"https:\/\/cometofinland.fi\/sv\/produkt\/finland-country-of-good-beer-affisch-50-x-70-cm\/","og_locale":"sv_SE","og_type":"article","og_title":"Finland \u2013 Country of Good Beer, Affisch 50 x 70 cm - Come to Finland","og_description":"Med denna klassiska finl\u00e4ndska affisch firas tv\u00e5 viktiga saker: Finsk \u00f6l och finska fiskar. P\u00e5 en enda bild. Snabb leverans!","og_url":"https:\/\/cometofinland.fi\/sv\/produkt\/finland-country-of-good-beer-affisch-50-x-70-cm\/","og_site_name":"Come to Finland","article_publisher":"https:\/\/fi-fi.facebook.com\/cometofinland\/","article_modified_time":"2026-03-19T16:55:38+00:00","og_image":[{"width":1500,"height":2094,"url":"https:\/\/cometofinland.fi\/wp-content\/uploads\/2024\/04\/POD-M-184_Finland-Land-of-good-beer-poster_light.jpeg","type":"image\/jpeg"}],"twitter_card":"summary_large_image","twitter_misc":{"Ber\u00e4knad l\u00e4stid":"1 minut"},"schema":{"@context":"https:\/\/schema.org","@graph":[{"@type":"WebPage","@id":"https:\/\/cometofinland.fi\/sv\/produkt\/finland-country-of-good-beer-affisch-50-x-70-cm\/","url":"https:\/\/cometofinland.fi\/sv\/produkt\/finland-country-of-good-beer-affisch-50-x-70-cm\/","name":"Finland \u2013 Country of Good Beer, Affisch 50 x 70 cm - Come to Finland","isPartOf":{"@id":"https:\/\/cometofinland.fi\/sv\/#website"},"primaryImageOfPage":{"@id":"https:\/\/cometofinland.fi\/sv\/produkt\/finland-country-of-good-beer-affisch-50-x-70-cm\/#primaryimage"},"image":{"@id":"https:\/\/cometofinland.fi\/sv\/produkt\/finland-country-of-good-beer-affisch-50-x-70-cm\/#primaryimage"},"thumbnailUrl":"https:\/\/cometofinland.fi\/wp-content\/uploads\/2024\/04\/POD-M-184_Finland-Land-of-good-beer-poster_light.jpeg","datePublished":"2024-10-25T15:28:35+00:00","dateModified":"2026-03-19T16:55:38+00:00","description":"Med denna klassiska finl\u00e4ndska affisch firas tv\u00e5 viktiga saker: Finsk \u00f6l och finska fiskar. P\u00e5 en enda bild. Snabb leverans!","breadcrumb":{"@id":"https:\/\/cometofinland.fi\/sv\/produkt\/finland-country-of-good-beer-affisch-50-x-70-cm\/#breadcrumb"},"inLanguage":"sv-SE","potentialAction":[{"@type":"ReadAction","target":["https:\/\/cometofinland.fi\/sv\/produkt\/finland-country-of-good-beer-affisch-50-x-70-cm\/"]}]},{"@type":"ImageObject","inLanguage":"sv-SE","@id":"https:\/\/cometofinland.fi\/sv\/produkt\/finland-country-of-good-beer-affisch-50-x-70-cm\/#primaryimage","url":"https:\/\/cometofinland.fi\/wp-content\/uploads\/2024\/04\/POD-M-184_Finland-Land-of-good-beer-poster_light.jpeg","contentUrl":"https:\/\/cometofinland.fi\/wp-content\/uploads\/2024\/04\/POD-M-184_Finland-Land-of-good-beer-poster_light.jpeg","width":1500,"height":2094,"caption":"Vintage poster with a glass of Finnish beer and a selection of Finnish fish"},{"@type":"BreadcrumbList","@id":"https:\/\/cometofinland.fi\/sv\/produkt\/finland-country-of-good-beer-affisch-50-x-70-cm\/#breadcrumb","itemListElement":[{"@type":"ListItem","position":1,"name":"Home","item":"https:\/\/cometofinland.fi\/sv\/"},{"@type":"ListItem","position":2,"name":"Butik","item":"https:\/\/cometofinland.fi\/sv\/butik\/"},{"@type":"ListItem","position":3,"name":"Finland \u2013 Country of Good Beer, Affisch 50 x 70 cm"}]},{"@type":"WebSite","@id":"https:\/\/cometofinland.fi\/sv\/#website","url":"https:\/\/cometofinland.fi\/sv\/","name":"Come to Finland","description":"Poster love from Finland! We bring new life to vintage travel posters, and also create new images from Finland!","publisher":{"@id":"https:\/\/cometofinland.fi\/sv\/#organization"},"potentialAction":[{"@type":"SearchAction","target":{"@type":"EntryPoint","urlTemplate":"https:\/\/cometofinland.fi\/sv\/?s={search_term_string}"},"query-input":{"@type":"PropertyValueSpecification","valueRequired":true,"valueName":"search_term_string"}}],"inLanguage":"sv-SE"},{"@type":"Organization","@id":"https:\/\/cometofinland.fi\/sv\/#organization","name":"Come to Finland","url":"https:\/\/cometofinland.fi\/sv\/","logo":{"@type":"ImageObject","inLanguage":"sv-SE","@id":"https:\/\/cometofinland.fi\/sv\/#\/schema\/logo\/image\/","url":"https:\/\/cometofinland.fi\/wp-content\/uploads\/2019\/03\/CTF_LOGO_Blue.svg","contentUrl":"https:\/\/cometofinland.fi\/wp-content\/uploads\/2019\/03\/CTF_LOGO_Blue.svg","width":1,"height":1,"caption":"Come to Finland"},"image":{"@id":"https:\/\/cometofinland.fi\/sv\/#\/schema\/logo\/image\/"},"sameAs":["https:\/\/fi-fi.facebook.com\/cometofinland\/","https:\/\/www.instagram.com\/cometofinland\/"]}]}},"_links":{"self":[{"href":"https:\/\/cometofinland.fi\/sv\/wp-json\/wp\/v2\/product\/28252","targetHints":{"allow":["GET"]}}],"collection":[{"href":"https:\/\/cometofinland.fi\/sv\/wp-json\/wp\/v2\/product"}],"about":[{"href":"https:\/\/cometofinland.fi\/sv\/wp-json\/wp\/v2\/types\/product"}],"wp:featuredmedia":[{"embeddable":true,"href":"https:\/\/cometofinland.fi\/sv\/wp-json\/wp\/v2\/media\/28248"}],"wp:attachment":[{"href":"https:\/\/cometofinland.fi\/sv\/wp-json\/wp\/v2\/media?parent=28252"}],"wp:term":[{"taxonomy":"product_brand","embeddable":true,"href":"https:\/\/cometofinland.fi\/sv\/wp-json\/wp\/v2\/product_brand?post=28252"},{"taxonomy":"product_cat","embeddable":true,"href":"https:\/\/cometofinland.fi\/sv\/wp-json\/wp\/v2\/product_cat?post=28252"},{"taxonomy":"product_tag","embeddable":true,"href":"https:\/\/cometofinland.fi\/sv\/wp-json\/wp\/v2\/product_tag?post=28252"}],"curies":[{"name":"wp","href":"https:\/\/api.w.org\/{rel}","templated":true}]}}