{"id":2907,"date":"2018-12-14T11:19:17","date_gmt":"2018-12-14T09:19:17","guid":{"rendered":"https:\/\/cometofinland.fi\/product\/come-to-finland-coffee-table-book-in-french\/"},"modified":"2026-04-07T17:18:57","modified_gmt":"2026-04-07T14:18:57","slug":"come-to-finland-coffee-table-book-in-french","status":"publish","type":"product","link":"https:\/\/cometofinland.fi\/sv\/produkt\/come-to-finland-coffee-table-book-in-french\/","title":{"rendered":"Cap sur la Finlande, coffee table book in French"},"content":{"rendered":"<p>Detta \u00e4r den franska version av boken. Cap sur la Finlande \u00e4r inte bara en rak \u00f6vers\u00e4ttning utan anpassad f\u00f6r franskspr\u00e5kiga l\u00e4sare. H\u00e4r skriver professor Jean-Luc Moreau en intelligent, insiktsfull och underh\u00e5llande ess\u00e4 om sitt f\u00f6rh\u00e5llande till Finland, sett genom reseaffischerna. I den franska versionen av boken finns ocks\u00e5 fler affischer som i tiderna riktade sig uttryckligen till den franska marknaden. Med Cap sur la Finlande f\u00e5r en bortgl\u00f6md del av Finlands kulturarv \u00e4ntligen en egen bok.<\/p>\n<p><strong>Cap sur la Finlande \u00e4r:<\/strong><br \/>\nEtt stycke underh\u00e5llande Finlandsnostalgi.<br \/>\nEtt ov\u00e4ntat perspektiv p\u00e5 Finlands historia.<br \/>\nEn tidl\u00f6s g\u00e5va som passar f\u00f6retagskunder, utl\u00e4ndska g\u00e4ster, konst- och reseintresserade samt alla andra Finlandsentusiaster.<\/p>\n<p>I boken hittar du naturligtvis affischer f\u00f6r st\u00e4der och regioner, fr\u00e5n Helsingfors till Lappland, fr\u00e5n \u00c5bolands sk\u00e4rg\u00e5rd till Viborg. Men ocks\u00e5 resebranschens anrika f\u00f6retag finns med, till exempel Statsj\u00e4rnv\u00e4garna, Finnair, F\u00c5A och de andra rederierna. Betoningen ligger p\u00e5 m\u00e5ngsidighet: Naturen, arkitekturen, st\u00e4derna, kulturen, sev\u00e4rdheterna, aktiviteterna. R\u00e4kna med flera underh\u00e5llande aha-upplevelser. Bland de mer udda inslagen kan n\u00e4mnas plock ur den stora samling t\u00e4vlingsbidrag som OS-arrang\u00f6rerna arkiverade 1952. Affischj\u00e4garen och journalisten Magnus Londen har skrivit de insiktsfulla texterna som med glimten i \u00f6gat \u00f6ppnar Finlands resehistoria f\u00f6r alla l\u00e4sare.<\/p>\n<p>Storlek: 24 x 32 cm<br \/>\nSidor: 256 Tryckt i Finland<br \/>\nF\u00f6rfattare: Magnus Londen, Joakim Enegren och Ant Simons<br \/>\nBilder: ca 210 st<br \/>\nPapper: Galerie Art Silk 150 gr<br \/>\nF\u00f6rlag: Sektorn Press Utgiven (numera Come to Finland), 2008<br \/>\n\u00d6vers\u00e4ttning: Martine Desbureaux<br \/>\nISBN13: 9789526703503<\/p>\n<p>&#8230; Eller l\u00e4s den f\u00f6rst i helsk\u00e4rm!<br \/>\nJepp, det \u00e4r en riktig teaser vi erbjuder: Du kan l\u00e4sa och bl\u00e4ddra i hela boken <a href=\"http:\/\/issuu.com\/sektorn_press\/docs\/ctf-fra\" target=\"_blank\" rel=\"noopener\">h\u00e4r och nu.<\/a> Vi tror n\u00e4mligen att det b\u00f6rjar klia i dina fingrar efter det.<\/p>\n","protected":false},"excerpt":{"rendered":"<p>Detta \u00e4r den franska version av boken. Cap sur la Finlande \u00e4r inte bara en rak \u00f6vers\u00e4ttning utan anpassad f\u00f6r franskspr\u00e5kiga l\u00e4sare. H\u00e4r skriver professor Jean-Luc Moreau en intelligent, insiktsfull och underh\u00e5llande ess\u00e4 om sitt f\u00f6rh\u00e5llande till Finland, sett genom reseaffischerna. I den franska versionen av boken finns ocks\u00e5 fler affischer som i tiderna riktade [&hellip;]<\/p>\n","protected":false},"featured_media":2902,"template":"","meta":{"_acf_changed":false},"product_brand":[],"product_cat":[707,255],"product_tag":[],"class_list":{"0":"post-2907","1":"product","2":"type-product","3":"status-publish","4":"has-post-thumbnail","6":"product_cat-bocker","7":"product_cat-bocker-kalendrar","9":"first","10":"instock","11":"taxable","12":"shipping-taxable","13":"purchasable","14":"product-type-simple"},"acf":[],"yoast_head":"<!-- This site is optimized with the Yoast SEO plugin v27.4 - https:\/\/yoast.com\/product\/yoast-seo-wordpress\/ -->\n<title>Cap sur la Finlande, coffee table book in French - Come to Finland<\/title>\n<meta name=\"robots\" content=\"index, follow, max-snippet:-1, max-image-preview:large, max-video-preview:-1\" \/>\n<link rel=\"canonical\" href=\"https:\/\/cometofinland.fi\/sv\/produkt\/come-to-finland-coffee-table-book-in-french\/\" \/>\n<meta property=\"og:locale\" content=\"sv_SE\" \/>\n<meta property=\"og:type\" content=\"article\" \/>\n<meta property=\"og:title\" content=\"Cap sur la Finlande, coffee table book in French - Come to Finland\" \/>\n<meta property=\"og:description\" content=\"Detta \u00e4r den franska version av boken. Cap sur la Finlande \u00e4r inte bara en rak \u00f6vers\u00e4ttning utan anpassad f\u00f6r franskspr\u00e5kiga l\u00e4sare. H\u00e4r skriver professor Jean-Luc Moreau en intelligent, insiktsfull och underh\u00e5llande ess\u00e4 om sitt f\u00f6rh\u00e5llande till Finland, sett genom reseaffischerna. I den franska versionen av boken finns ocks\u00e5 fler affischer som i tiderna riktade [&hellip;]\" \/>\n<meta property=\"og:url\" content=\"https:\/\/cometofinland.fi\/sv\/produkt\/come-to-finland-coffee-table-book-in-french\/\" \/>\n<meta property=\"og:site_name\" content=\"Come to Finland\" \/>\n<meta property=\"article:publisher\" content=\"https:\/\/fi-fi.facebook.com\/cometofinland\/\" \/>\n<meta property=\"article:modified_time\" content=\"2026-04-07T14:18:57+00:00\" \/>\n<meta property=\"og:image\" content=\"https:\/\/cometofinland.fi\/wp-content\/uploads\/2018\/12\/ctf-fra.jpg\" \/>\n\t<meta property=\"og:image:width\" content=\"500\" \/>\n\t<meta property=\"og:image:height\" content=\"666\" \/>\n\t<meta property=\"og:image:type\" content=\"image\/jpeg\" \/>\n<meta name=\"twitter:card\" content=\"summary_large_image\" \/>\n<meta name=\"twitter:label1\" content=\"Ber\u00e4knad l\u00e4stid\" \/>\n\t<meta name=\"twitter:data1\" content=\"2 minuter\" \/>\n<script type=\"application\/ld+json\" class=\"yoast-schema-graph\">{\"@context\":\"https:\\\/\\\/schema.org\",\"@graph\":[{\"@type\":\"WebPage\",\"@id\":\"https:\\\/\\\/cometofinland.fi\\\/sv\\\/produkt\\\/come-to-finland-coffee-table-book-in-french\\\/\",\"url\":\"https:\\\/\\\/cometofinland.fi\\\/sv\\\/produkt\\\/come-to-finland-coffee-table-book-in-french\\\/\",\"name\":\"Cap sur la Finlande, coffee table book in French - Come to Finland\",\"isPartOf\":{\"@id\":\"https:\\\/\\\/cometofinland.fi\\\/sv\\\/#website\"},\"primaryImageOfPage\":{\"@id\":\"https:\\\/\\\/cometofinland.fi\\\/sv\\\/produkt\\\/come-to-finland-coffee-table-book-in-french\\\/#primaryimage\"},\"image\":{\"@id\":\"https:\\\/\\\/cometofinland.fi\\\/sv\\\/produkt\\\/come-to-finland-coffee-table-book-in-french\\\/#primaryimage\"},\"thumbnailUrl\":\"https:\\\/\\\/cometofinland.fi\\\/wp-content\\\/uploads\\\/2018\\\/12\\\/ctf-fra.jpg\",\"datePublished\":\"2018-12-14T09:19:17+00:00\",\"dateModified\":\"2026-04-07T14:18:57+00:00\",\"breadcrumb\":{\"@id\":\"https:\\\/\\\/cometofinland.fi\\\/sv\\\/produkt\\\/come-to-finland-coffee-table-book-in-french\\\/#breadcrumb\"},\"inLanguage\":\"sv-SE\",\"potentialAction\":[{\"@type\":\"ReadAction\",\"target\":[\"https:\\\/\\\/cometofinland.fi\\\/sv\\\/produkt\\\/come-to-finland-coffee-table-book-in-french\\\/\"]}]},{\"@type\":\"ImageObject\",\"inLanguage\":\"sv-SE\",\"@id\":\"https:\\\/\\\/cometofinland.fi\\\/sv\\\/produkt\\\/come-to-finland-coffee-table-book-in-french\\\/#primaryimage\",\"url\":\"https:\\\/\\\/cometofinland.fi\\\/wp-content\\\/uploads\\\/2018\\\/12\\\/ctf-fra.jpg\",\"contentUrl\":\"https:\\\/\\\/cometofinland.fi\\\/wp-content\\\/uploads\\\/2018\\\/12\\\/ctf-fra.jpg\",\"width\":500,\"height\":666},{\"@type\":\"BreadcrumbList\",\"@id\":\"https:\\\/\\\/cometofinland.fi\\\/sv\\\/produkt\\\/come-to-finland-coffee-table-book-in-french\\\/#breadcrumb\",\"itemListElement\":[{\"@type\":\"ListItem\",\"position\":1,\"name\":\"Home\",\"item\":\"https:\\\/\\\/cometofinland.fi\\\/sv\\\/\"},{\"@type\":\"ListItem\",\"position\":2,\"name\":\"Butik\",\"item\":\"https:\\\/\\\/cometofinland.fi\\\/sv\\\/butik\\\/\"},{\"@type\":\"ListItem\",\"position\":3,\"name\":\"Cap sur la Finlande, coffee table book in French\"}]},{\"@type\":\"WebSite\",\"@id\":\"https:\\\/\\\/cometofinland.fi\\\/sv\\\/#website\",\"url\":\"https:\\\/\\\/cometofinland.fi\\\/sv\\\/\",\"name\":\"Come to Finland\",\"description\":\"Poster love from Finland! We bring new life to vintage travel posters, and also create new images from Finland!\",\"publisher\":{\"@id\":\"https:\\\/\\\/cometofinland.fi\\\/sv\\\/#organization\"},\"potentialAction\":[{\"@type\":\"SearchAction\",\"target\":{\"@type\":\"EntryPoint\",\"urlTemplate\":\"https:\\\/\\\/cometofinland.fi\\\/sv\\\/?s={search_term_string}\"},\"query-input\":{\"@type\":\"PropertyValueSpecification\",\"valueRequired\":true,\"valueName\":\"search_term_string\"}}],\"inLanguage\":\"sv-SE\"},{\"@type\":\"Organization\",\"@id\":\"https:\\\/\\\/cometofinland.fi\\\/sv\\\/#organization\",\"name\":\"Come to Finland\",\"url\":\"https:\\\/\\\/cometofinland.fi\\\/sv\\\/\",\"logo\":{\"@type\":\"ImageObject\",\"inLanguage\":\"sv-SE\",\"@id\":\"https:\\\/\\\/cometofinland.fi\\\/sv\\\/#\\\/schema\\\/logo\\\/image\\\/\",\"url\":\"https:\\\/\\\/cometofinland.fi\\\/wp-content\\\/uploads\\\/2019\\\/03\\\/CTF_LOGO_Blue.svg\",\"contentUrl\":\"https:\\\/\\\/cometofinland.fi\\\/wp-content\\\/uploads\\\/2019\\\/03\\\/CTF_LOGO_Blue.svg\",\"width\":1,\"height\":1,\"caption\":\"Come to Finland\"},\"image\":{\"@id\":\"https:\\\/\\\/cometofinland.fi\\\/sv\\\/#\\\/schema\\\/logo\\\/image\\\/\"},\"sameAs\":[\"https:\\\/\\\/fi-fi.facebook.com\\\/cometofinland\\\/\",\"https:\\\/\\\/www.instagram.com\\\/cometofinland\\\/\"]}]}<\/script>\n<!-- \/ Yoast SEO plugin. -->","yoast_head_json":{"title":"Cap sur la Finlande, coffee table book in French - Come to Finland","robots":{"index":"index","follow":"follow","max-snippet":"max-snippet:-1","max-image-preview":"max-image-preview:large","max-video-preview":"max-video-preview:-1"},"canonical":"https:\/\/cometofinland.fi\/sv\/produkt\/come-to-finland-coffee-table-book-in-french\/","og_locale":"sv_SE","og_type":"article","og_title":"Cap sur la Finlande, coffee table book in French - Come to Finland","og_description":"Detta \u00e4r den franska version av boken. Cap sur la Finlande \u00e4r inte bara en rak \u00f6vers\u00e4ttning utan anpassad f\u00f6r franskspr\u00e5kiga l\u00e4sare. H\u00e4r skriver professor Jean-Luc Moreau en intelligent, insiktsfull och underh\u00e5llande ess\u00e4 om sitt f\u00f6rh\u00e5llande till Finland, sett genom reseaffischerna. I den franska versionen av boken finns ocks\u00e5 fler affischer som i tiderna riktade [&hellip;]","og_url":"https:\/\/cometofinland.fi\/sv\/produkt\/come-to-finland-coffee-table-book-in-french\/","og_site_name":"Come to Finland","article_publisher":"https:\/\/fi-fi.facebook.com\/cometofinland\/","article_modified_time":"2026-04-07T14:18:57+00:00","og_image":[{"width":500,"height":666,"url":"https:\/\/cometofinland.fi\/wp-content\/uploads\/2018\/12\/ctf-fra.jpg","type":"image\/jpeg"}],"twitter_card":"summary_large_image","twitter_misc":{"Ber\u00e4knad l\u00e4stid":"2 minuter"},"schema":{"@context":"https:\/\/schema.org","@graph":[{"@type":"WebPage","@id":"https:\/\/cometofinland.fi\/sv\/produkt\/come-to-finland-coffee-table-book-in-french\/","url":"https:\/\/cometofinland.fi\/sv\/produkt\/come-to-finland-coffee-table-book-in-french\/","name":"Cap sur la Finlande, coffee table book in French - Come to Finland","isPartOf":{"@id":"https:\/\/cometofinland.fi\/sv\/#website"},"primaryImageOfPage":{"@id":"https:\/\/cometofinland.fi\/sv\/produkt\/come-to-finland-coffee-table-book-in-french\/#primaryimage"},"image":{"@id":"https:\/\/cometofinland.fi\/sv\/produkt\/come-to-finland-coffee-table-book-in-french\/#primaryimage"},"thumbnailUrl":"https:\/\/cometofinland.fi\/wp-content\/uploads\/2018\/12\/ctf-fra.jpg","datePublished":"2018-12-14T09:19:17+00:00","dateModified":"2026-04-07T14:18:57+00:00","breadcrumb":{"@id":"https:\/\/cometofinland.fi\/sv\/produkt\/come-to-finland-coffee-table-book-in-french\/#breadcrumb"},"inLanguage":"sv-SE","potentialAction":[{"@type":"ReadAction","target":["https:\/\/cometofinland.fi\/sv\/produkt\/come-to-finland-coffee-table-book-in-french\/"]}]},{"@type":"ImageObject","inLanguage":"sv-SE","@id":"https:\/\/cometofinland.fi\/sv\/produkt\/come-to-finland-coffee-table-book-in-french\/#primaryimage","url":"https:\/\/cometofinland.fi\/wp-content\/uploads\/2018\/12\/ctf-fra.jpg","contentUrl":"https:\/\/cometofinland.fi\/wp-content\/uploads\/2018\/12\/ctf-fra.jpg","width":500,"height":666},{"@type":"BreadcrumbList","@id":"https:\/\/cometofinland.fi\/sv\/produkt\/come-to-finland-coffee-table-book-in-french\/#breadcrumb","itemListElement":[{"@type":"ListItem","position":1,"name":"Home","item":"https:\/\/cometofinland.fi\/sv\/"},{"@type":"ListItem","position":2,"name":"Butik","item":"https:\/\/cometofinland.fi\/sv\/butik\/"},{"@type":"ListItem","position":3,"name":"Cap sur la Finlande, coffee table book in French"}]},{"@type":"WebSite","@id":"https:\/\/cometofinland.fi\/sv\/#website","url":"https:\/\/cometofinland.fi\/sv\/","name":"Come to Finland","description":"Poster love from Finland! We bring new life to vintage travel posters, and also create new images from Finland!","publisher":{"@id":"https:\/\/cometofinland.fi\/sv\/#organization"},"potentialAction":[{"@type":"SearchAction","target":{"@type":"EntryPoint","urlTemplate":"https:\/\/cometofinland.fi\/sv\/?s={search_term_string}"},"query-input":{"@type":"PropertyValueSpecification","valueRequired":true,"valueName":"search_term_string"}}],"inLanguage":"sv-SE"},{"@type":"Organization","@id":"https:\/\/cometofinland.fi\/sv\/#organization","name":"Come to Finland","url":"https:\/\/cometofinland.fi\/sv\/","logo":{"@type":"ImageObject","inLanguage":"sv-SE","@id":"https:\/\/cometofinland.fi\/sv\/#\/schema\/logo\/image\/","url":"https:\/\/cometofinland.fi\/wp-content\/uploads\/2019\/03\/CTF_LOGO_Blue.svg","contentUrl":"https:\/\/cometofinland.fi\/wp-content\/uploads\/2019\/03\/CTF_LOGO_Blue.svg","width":1,"height":1,"caption":"Come to Finland"},"image":{"@id":"https:\/\/cometofinland.fi\/sv\/#\/schema\/logo\/image\/"},"sameAs":["https:\/\/fi-fi.facebook.com\/cometofinland\/","https:\/\/www.instagram.com\/cometofinland\/"]}]}},"_links":{"self":[{"href":"https:\/\/cometofinland.fi\/sv\/wp-json\/wp\/v2\/product\/2907","targetHints":{"allow":["GET"]}}],"collection":[{"href":"https:\/\/cometofinland.fi\/sv\/wp-json\/wp\/v2\/product"}],"about":[{"href":"https:\/\/cometofinland.fi\/sv\/wp-json\/wp\/v2\/types\/product"}],"wp:featuredmedia":[{"embeddable":true,"href":"https:\/\/cometofinland.fi\/sv\/wp-json\/wp\/v2\/media\/2902"}],"wp:attachment":[{"href":"https:\/\/cometofinland.fi\/sv\/wp-json\/wp\/v2\/media?parent=2907"}],"wp:term":[{"taxonomy":"product_brand","embeddable":true,"href":"https:\/\/cometofinland.fi\/sv\/wp-json\/wp\/v2\/product_brand?post=2907"},{"taxonomy":"product_cat","embeddable":true,"href":"https:\/\/cometofinland.fi\/sv\/wp-json\/wp\/v2\/product_cat?post=2907"},{"taxonomy":"product_tag","embeddable":true,"href":"https:\/\/cometofinland.fi\/sv\/wp-json\/wp\/v2\/product_tag?post=2907"}],"curies":[{"name":"wp","href":"https:\/\/api.w.org\/{rel}","templated":true}]}}