{"id":29505,"date":"2023-03-20T13:14:06","date_gmt":"2023-03-20T11:14:06","guid":{"rendered":"https:\/\/cometofinland.fi\/?post_type=product&#038;p=29505"},"modified":"2025-03-20T13:19:32","modified_gmt":"2025-03-20T11:19:32","slug":"following-the-footsteps-of-a-fox-by-niina-rohm-trakort","status":"publish","type":"product","link":"https:\/\/cometofinland.fi\/sv\/produkt\/following-the-footsteps-of-a-fox-by-niina-rohm-trakort\/","title":{"rendered":"Following the footsteps of a fox by Niina Rohm, Tr\u00e4kort"},"content":{"rendered":"<p>Kort med en doft av Finland! Tr\u00e4 \u00e4r Finlands gr\u00f6na guld och d\u00e4rf\u00f6r har vi utvecklat en produktserie med tr\u00e4kort. Tr\u00e4korten trycks f\u00f6rst\u00e5s i Finland \u2013 p\u00e5 finl\u00e4ndskt bj\u00f6rkfaner. Och b\u00e4st av allt: tr\u00e4korten kan anv\u00e4ndas som vanliga vykort! Tjocklek: 3 mm.<\/p>\n<p>Notera att det f\u00f6rekommer variationer i yta och f\u00e4rg eftersom tr\u00e4 \u00e4r ett naturmaterial &#8211; vi har utel\u00e4mnat den vita f\u00e4rgen f\u00f6r att beh\u00e5lla den naturliga tr\u00e4k\u00e4nslan.<\/p>\n","protected":false},"excerpt":{"rendered":"<p>Kort med en doft av Finland! Tr\u00e4 \u00e4r Finlands gr\u00f6na guld och d\u00e4rf\u00f6r har vi utvecklat en produktserie med tr\u00e4kort. Tr\u00e4korten trycks f\u00f6rst\u00e5s i Finland \u2013 p\u00e5 finl\u00e4ndskt bj\u00f6rkfaner. Och b\u00e4st av allt: tr\u00e4korten kan anv\u00e4ndas som vanliga vykort! Tjocklek: 3 mm. Notera att det f\u00f6rekommer variationer i yta och f\u00e4rg eftersom tr\u00e4 \u00e4r ett [&hellip;]<\/p>\n","protected":false},"featured_media":29820,"template":"","meta":{"_acf_changed":false},"product_brand":[],"product_cat":[239,232],"product_tag":[],"class_list":{"0":"post-29505","1":"product","2":"type-product","3":"status-publish","4":"has-post-thumbnail","6":"product_cat-wooden-artwork-moderna","7":"product_cat-trakort-tavlor","9":"first","10":"instock","11":"taxable","12":"shipping-taxable","13":"purchasable","14":"product-type-simple"},"acf":[],"yoast_head":"<!-- This site is optimized with the Yoast SEO plugin v27.4 - https:\/\/yoast.com\/product\/yoast-seo-wordpress\/ -->\n<title>Following the footsteps of a fox by Niina Rohm, Tr\u00e4kort - Come to Finland<\/title>\n<meta name=\"robots\" content=\"index, follow, max-snippet:-1, max-image-preview:large, max-video-preview:-1\" \/>\n<link rel=\"canonical\" href=\"https:\/\/cometofinland.fi\/sv\/produkt\/following-the-footsteps-of-a-fox-by-niina-rohm-trakort\/\" \/>\n<meta property=\"og:locale\" content=\"sv_SE\" \/>\n<meta property=\"og:type\" content=\"article\" \/>\n<meta property=\"og:title\" content=\"Following the footsteps of a fox by Niina Rohm, Tr\u00e4kort - Come to Finland\" \/>\n<meta property=\"og:description\" content=\"Kort med en doft av Finland! Tr\u00e4 \u00e4r Finlands gr\u00f6na guld och d\u00e4rf\u00f6r har vi utvecklat en produktserie med tr\u00e4kort. Tr\u00e4korten trycks f\u00f6rst\u00e5s i Finland \u2013 p\u00e5 finl\u00e4ndskt bj\u00f6rkfaner. Och b\u00e4st av allt: tr\u00e4korten kan anv\u00e4ndas som vanliga vykort! Tjocklek: 3 mm. Notera att det f\u00f6rekommer variationer i yta och f\u00e4rg eftersom tr\u00e4 \u00e4r ett [&hellip;]\" \/>\n<meta property=\"og:url\" content=\"https:\/\/cometofinland.fi\/sv\/produkt\/following-the-footsteps-of-a-fox-by-niina-rohm-trakort\/\" \/>\n<meta property=\"og:site_name\" content=\"Come to Finland\" \/>\n<meta property=\"article:publisher\" content=\"https:\/\/fi-fi.facebook.com\/cometofinland\/\" \/>\n<meta property=\"article:modified_time\" content=\"2025-03-20T11:19:32+00:00\" \/>\n<meta property=\"og:image\" content=\"https:\/\/cometofinland.fi\/wp-content\/uploads\/2025\/03\/PC-2381_Finland-northern-lights-poster-as-postcard.jpg\" \/>\n\t<meta property=\"og:image:width\" content=\"732\" \/>\n\t<meta property=\"og:image:height\" content=\"1116\" \/>\n\t<meta property=\"og:image:type\" content=\"image\/jpeg\" \/>\n<meta name=\"twitter:card\" content=\"summary_large_image\" \/>\n<script type=\"application\/ld+json\" class=\"yoast-schema-graph\">{\"@context\":\"https:\\\/\\\/schema.org\",\"@graph\":[{\"@type\":\"WebPage\",\"@id\":\"https:\\\/\\\/cometofinland.fi\\\/sv\\\/produkt\\\/following-the-footsteps-of-a-fox-by-niina-rohm-trakort\\\/\",\"url\":\"https:\\\/\\\/cometofinland.fi\\\/sv\\\/produkt\\\/following-the-footsteps-of-a-fox-by-niina-rohm-trakort\\\/\",\"name\":\"Following the footsteps of a fox by Niina Rohm, Tr\u00e4kort - Come to Finland\",\"isPartOf\":{\"@id\":\"https:\\\/\\\/cometofinland.fi\\\/sv\\\/#website\"},\"primaryImageOfPage\":{\"@id\":\"https:\\\/\\\/cometofinland.fi\\\/sv\\\/produkt\\\/following-the-footsteps-of-a-fox-by-niina-rohm-trakort\\\/#primaryimage\"},\"image\":{\"@id\":\"https:\\\/\\\/cometofinland.fi\\\/sv\\\/produkt\\\/following-the-footsteps-of-a-fox-by-niina-rohm-trakort\\\/#primaryimage\"},\"thumbnailUrl\":\"https:\\\/\\\/cometofinland.fi\\\/wp-content\\\/uploads\\\/2020\\\/02\\\/following-footsteps-of-fox-northern-lights-auroras-come-to-finland-wooden-postcard-wo-2381.jpeg\",\"datePublished\":\"2023-03-20T11:14:06+00:00\",\"dateModified\":\"2025-03-20T11:19:32+00:00\",\"breadcrumb\":{\"@id\":\"https:\\\/\\\/cometofinland.fi\\\/sv\\\/produkt\\\/following-the-footsteps-of-a-fox-by-niina-rohm-trakort\\\/#breadcrumb\"},\"inLanguage\":\"sv-SE\",\"potentialAction\":[{\"@type\":\"ReadAction\",\"target\":[\"https:\\\/\\\/cometofinland.fi\\\/sv\\\/produkt\\\/following-the-footsteps-of-a-fox-by-niina-rohm-trakort\\\/\"]}]},{\"@type\":\"ImageObject\",\"inLanguage\":\"sv-SE\",\"@id\":\"https:\\\/\\\/cometofinland.fi\\\/sv\\\/produkt\\\/following-the-footsteps-of-a-fox-by-niina-rohm-trakort\\\/#primaryimage\",\"url\":\"https:\\\/\\\/cometofinland.fi\\\/wp-content\\\/uploads\\\/2020\\\/02\\\/following-footsteps-of-fox-northern-lights-auroras-come-to-finland-wooden-postcard-wo-2381.jpeg\",\"contentUrl\":\"https:\\\/\\\/cometofinland.fi\\\/wp-content\\\/uploads\\\/2020\\\/02\\\/following-footsteps-of-fox-northern-lights-auroras-come-to-finland-wooden-postcard-wo-2381.jpeg\",\"width\":930,\"height\":1386},{\"@type\":\"BreadcrumbList\",\"@id\":\"https:\\\/\\\/cometofinland.fi\\\/sv\\\/produkt\\\/following-the-footsteps-of-a-fox-by-niina-rohm-trakort\\\/#breadcrumb\",\"itemListElement\":[{\"@type\":\"ListItem\",\"position\":1,\"name\":\"Home\",\"item\":\"https:\\\/\\\/cometofinland.fi\\\/sv\\\/\"},{\"@type\":\"ListItem\",\"position\":2,\"name\":\"Butik\",\"item\":\"https:\\\/\\\/cometofinland.fi\\\/sv\\\/butik\\\/\"},{\"@type\":\"ListItem\",\"position\":3,\"name\":\"Following the footsteps of a fox by Niina Rohm, Tr\u00e4kort\"}]},{\"@type\":\"WebSite\",\"@id\":\"https:\\\/\\\/cometofinland.fi\\\/sv\\\/#website\",\"url\":\"https:\\\/\\\/cometofinland.fi\\\/sv\\\/\",\"name\":\"Come to Finland\",\"description\":\"Poster love from Finland! We bring new life to vintage travel posters, and also create new images from Finland!\",\"publisher\":{\"@id\":\"https:\\\/\\\/cometofinland.fi\\\/sv\\\/#organization\"},\"potentialAction\":[{\"@type\":\"SearchAction\",\"target\":{\"@type\":\"EntryPoint\",\"urlTemplate\":\"https:\\\/\\\/cometofinland.fi\\\/sv\\\/?s={search_term_string}\"},\"query-input\":{\"@type\":\"PropertyValueSpecification\",\"valueRequired\":true,\"valueName\":\"search_term_string\"}}],\"inLanguage\":\"sv-SE\"},{\"@type\":\"Organization\",\"@id\":\"https:\\\/\\\/cometofinland.fi\\\/sv\\\/#organization\",\"name\":\"Come to Finland\",\"url\":\"https:\\\/\\\/cometofinland.fi\\\/sv\\\/\",\"logo\":{\"@type\":\"ImageObject\",\"inLanguage\":\"sv-SE\",\"@id\":\"https:\\\/\\\/cometofinland.fi\\\/sv\\\/#\\\/schema\\\/logo\\\/image\\\/\",\"url\":\"https:\\\/\\\/cometofinland.fi\\\/wp-content\\\/uploads\\\/2019\\\/03\\\/CTF_LOGO_Blue.svg\",\"contentUrl\":\"https:\\\/\\\/cometofinland.fi\\\/wp-content\\\/uploads\\\/2019\\\/03\\\/CTF_LOGO_Blue.svg\",\"width\":1,\"height\":1,\"caption\":\"Come to Finland\"},\"image\":{\"@id\":\"https:\\\/\\\/cometofinland.fi\\\/sv\\\/#\\\/schema\\\/logo\\\/image\\\/\"},\"sameAs\":[\"https:\\\/\\\/fi-fi.facebook.com\\\/cometofinland\\\/\",\"https:\\\/\\\/www.instagram.com\\\/cometofinland\\\/\"]}]}<\/script>\n<!-- \/ Yoast SEO plugin. -->","yoast_head_json":{"title":"Following the footsteps of a fox by Niina Rohm, Tr\u00e4kort - Come to Finland","robots":{"index":"index","follow":"follow","max-snippet":"max-snippet:-1","max-image-preview":"max-image-preview:large","max-video-preview":"max-video-preview:-1"},"canonical":"https:\/\/cometofinland.fi\/sv\/produkt\/following-the-footsteps-of-a-fox-by-niina-rohm-trakort\/","og_locale":"sv_SE","og_type":"article","og_title":"Following the footsteps of a fox by Niina Rohm, Tr\u00e4kort - Come to Finland","og_description":"Kort med en doft av Finland! Tr\u00e4 \u00e4r Finlands gr\u00f6na guld och d\u00e4rf\u00f6r har vi utvecklat en produktserie med tr\u00e4kort. Tr\u00e4korten trycks f\u00f6rst\u00e5s i Finland \u2013 p\u00e5 finl\u00e4ndskt bj\u00f6rkfaner. Och b\u00e4st av allt: tr\u00e4korten kan anv\u00e4ndas som vanliga vykort! Tjocklek: 3 mm. Notera att det f\u00f6rekommer variationer i yta och f\u00e4rg eftersom tr\u00e4 \u00e4r ett [&hellip;]","og_url":"https:\/\/cometofinland.fi\/sv\/produkt\/following-the-footsteps-of-a-fox-by-niina-rohm-trakort\/","og_site_name":"Come to Finland","article_publisher":"https:\/\/fi-fi.facebook.com\/cometofinland\/","article_modified_time":"2025-03-20T11:19:32+00:00","og_image":[{"width":732,"height":1116,"url":"https:\/\/cometofinland.fi\/wp-content\/uploads\/2025\/03\/PC-2381_Finland-northern-lights-poster-as-postcard.jpg","type":"image\/jpeg"}],"twitter_card":"summary_large_image","schema":{"@context":"https:\/\/schema.org","@graph":[{"@type":"WebPage","@id":"https:\/\/cometofinland.fi\/sv\/produkt\/following-the-footsteps-of-a-fox-by-niina-rohm-trakort\/","url":"https:\/\/cometofinland.fi\/sv\/produkt\/following-the-footsteps-of-a-fox-by-niina-rohm-trakort\/","name":"Following the footsteps of a fox by Niina Rohm, Tr\u00e4kort - Come to Finland","isPartOf":{"@id":"https:\/\/cometofinland.fi\/sv\/#website"},"primaryImageOfPage":{"@id":"https:\/\/cometofinland.fi\/sv\/produkt\/following-the-footsteps-of-a-fox-by-niina-rohm-trakort\/#primaryimage"},"image":{"@id":"https:\/\/cometofinland.fi\/sv\/produkt\/following-the-footsteps-of-a-fox-by-niina-rohm-trakort\/#primaryimage"},"thumbnailUrl":"https:\/\/cometofinland.fi\/wp-content\/uploads\/2020\/02\/following-footsteps-of-fox-northern-lights-auroras-come-to-finland-wooden-postcard-wo-2381.jpeg","datePublished":"2023-03-20T11:14:06+00:00","dateModified":"2025-03-20T11:19:32+00:00","breadcrumb":{"@id":"https:\/\/cometofinland.fi\/sv\/produkt\/following-the-footsteps-of-a-fox-by-niina-rohm-trakort\/#breadcrumb"},"inLanguage":"sv-SE","potentialAction":[{"@type":"ReadAction","target":["https:\/\/cometofinland.fi\/sv\/produkt\/following-the-footsteps-of-a-fox-by-niina-rohm-trakort\/"]}]},{"@type":"ImageObject","inLanguage":"sv-SE","@id":"https:\/\/cometofinland.fi\/sv\/produkt\/following-the-footsteps-of-a-fox-by-niina-rohm-trakort\/#primaryimage","url":"https:\/\/cometofinland.fi\/wp-content\/uploads\/2020\/02\/following-footsteps-of-fox-northern-lights-auroras-come-to-finland-wooden-postcard-wo-2381.jpeg","contentUrl":"https:\/\/cometofinland.fi\/wp-content\/uploads\/2020\/02\/following-footsteps-of-fox-northern-lights-auroras-come-to-finland-wooden-postcard-wo-2381.jpeg","width":930,"height":1386},{"@type":"BreadcrumbList","@id":"https:\/\/cometofinland.fi\/sv\/produkt\/following-the-footsteps-of-a-fox-by-niina-rohm-trakort\/#breadcrumb","itemListElement":[{"@type":"ListItem","position":1,"name":"Home","item":"https:\/\/cometofinland.fi\/sv\/"},{"@type":"ListItem","position":2,"name":"Butik","item":"https:\/\/cometofinland.fi\/sv\/butik\/"},{"@type":"ListItem","position":3,"name":"Following the footsteps of a fox by Niina Rohm, Tr\u00e4kort"}]},{"@type":"WebSite","@id":"https:\/\/cometofinland.fi\/sv\/#website","url":"https:\/\/cometofinland.fi\/sv\/","name":"Come to Finland","description":"Poster love from Finland! We bring new life to vintage travel posters, and also create new images from Finland!","publisher":{"@id":"https:\/\/cometofinland.fi\/sv\/#organization"},"potentialAction":[{"@type":"SearchAction","target":{"@type":"EntryPoint","urlTemplate":"https:\/\/cometofinland.fi\/sv\/?s={search_term_string}"},"query-input":{"@type":"PropertyValueSpecification","valueRequired":true,"valueName":"search_term_string"}}],"inLanguage":"sv-SE"},{"@type":"Organization","@id":"https:\/\/cometofinland.fi\/sv\/#organization","name":"Come to Finland","url":"https:\/\/cometofinland.fi\/sv\/","logo":{"@type":"ImageObject","inLanguage":"sv-SE","@id":"https:\/\/cometofinland.fi\/sv\/#\/schema\/logo\/image\/","url":"https:\/\/cometofinland.fi\/wp-content\/uploads\/2019\/03\/CTF_LOGO_Blue.svg","contentUrl":"https:\/\/cometofinland.fi\/wp-content\/uploads\/2019\/03\/CTF_LOGO_Blue.svg","width":1,"height":1,"caption":"Come to Finland"},"image":{"@id":"https:\/\/cometofinland.fi\/sv\/#\/schema\/logo\/image\/"},"sameAs":["https:\/\/fi-fi.facebook.com\/cometofinland\/","https:\/\/www.instagram.com\/cometofinland\/"]}]}},"_links":{"self":[{"href":"https:\/\/cometofinland.fi\/sv\/wp-json\/wp\/v2\/product\/29505","targetHints":{"allow":["GET"]}}],"collection":[{"href":"https:\/\/cometofinland.fi\/sv\/wp-json\/wp\/v2\/product"}],"about":[{"href":"https:\/\/cometofinland.fi\/sv\/wp-json\/wp\/v2\/types\/product"}],"wp:featuredmedia":[{"embeddable":true,"href":"https:\/\/cometofinland.fi\/sv\/wp-json\/wp\/v2\/media\/29820"}],"wp:attachment":[{"href":"https:\/\/cometofinland.fi\/sv\/wp-json\/wp\/v2\/media?parent=29505"}],"wp:term":[{"taxonomy":"product_brand","embeddable":true,"href":"https:\/\/cometofinland.fi\/sv\/wp-json\/wp\/v2\/product_brand?post=29505"},{"taxonomy":"product_cat","embeddable":true,"href":"https:\/\/cometofinland.fi\/sv\/wp-json\/wp\/v2\/product_cat?post=29505"},{"taxonomy":"product_tag","embeddable":true,"href":"https:\/\/cometofinland.fi\/sv\/wp-json\/wp\/v2\/product_tag?post=29505"}],"curies":[{"name":"wp","href":"https:\/\/api.w.org\/{rel}","templated":true}]}}