{"id":29532,"date":"2023-03-20T14:30:47","date_gmt":"2023-03-20T12:30:47","guid":{"rendered":"https:\/\/cometofinland.fi\/?post_type=product&#038;p=29532"},"modified":"2025-03-20T14:34:45","modified_gmt":"2025-03-20T12:34:45","slug":"northern-magic-by-natali-kit-kylskapsmagnet","status":"publish","type":"product","link":"https:\/\/cometofinland.fi\/sv\/produkt\/northern-magic-by-natali-kit-kylskapsmagnet\/","title":{"rendered":"Northern Magic by Natali Kit, kylsk\u00e5psmagnet"},"content":{"rendered":"<p>V\u00e5ra laminerade affischmagneter t\u00e5l flitig anv\u00e4ndning. Dessutom hj\u00e4lper de mot din desperata l\u00e4ngtan efter norrsken!<\/p>\n<p>Tillverkas i EU.<\/p>\n","protected":false},"excerpt":{"rendered":"<p>V\u00e5ra laminerade affischmagneter t\u00e5l flitig anv\u00e4ndning. Dessutom hj\u00e4lper de mot din desperata l\u00e4ngtan efter norrsken! Tillverkas i EU.<\/p>\n","protected":false},"featured_media":29341,"template":"","meta":{"_acf_changed":false},"product_brand":[],"product_cat":[597],"product_tag":[],"class_list":{"0":"post-29532","1":"product","2":"type-product","3":"status-publish","4":"has-post-thumbnail","6":"product_cat-kylskapsmagneter","8":"first","9":"instock","10":"taxable","11":"shipping-taxable","12":"purchasable","13":"product-type-simple"},"acf":[],"yoast_head":"<!-- This site is optimized with the Yoast SEO plugin v27.3 - https:\/\/yoast.com\/product\/yoast-seo-wordpress\/ -->\n<title>Northern Magic by Natali Kit, kylsk\u00e5psmagnet - Come to Finland<\/title>\n<meta name=\"description\" content=\"Med denna kylsk\u00e5psmagnet kan du alltid njuta av norrsken i ditt k\u00f6k. Magneten \u00e4r tillverkad i EU. Snabb, global leverans.\" \/>\n<meta name=\"robots\" content=\"index, follow, max-snippet:-1, max-image-preview:large, max-video-preview:-1\" \/>\n<link rel=\"canonical\" href=\"https:\/\/cometofinland.fi\/sv\/produkt\/northern-magic-by-natali-kit-kylskapsmagnet\/\" \/>\n<meta property=\"og:locale\" content=\"sv_SE\" \/>\n<meta property=\"og:type\" content=\"article\" \/>\n<meta property=\"og:title\" content=\"Northern Magic by Natali Kit, kylsk\u00e5psmagnet - Come to Finland\" \/>\n<meta property=\"og:description\" content=\"Med denna kylsk\u00e5psmagnet kan du alltid njuta av norrsken i ditt k\u00f6k. Magneten \u00e4r tillverkad i EU. Snabb, global leverans.\" \/>\n<meta property=\"og:url\" content=\"https:\/\/cometofinland.fi\/sv\/produkt\/northern-magic-by-natali-kit-kylskapsmagnet\/\" \/>\n<meta property=\"og:site_name\" content=\"Come to Finland\" \/>\n<meta property=\"article:publisher\" content=\"https:\/\/fi-fi.facebook.com\/cometofinland\/\" \/>\n<meta property=\"article:modified_time\" content=\"2025-03-20T12:34:45+00:00\" \/>\n<meta property=\"og:image\" content=\"https:\/\/cometofinland.fi\/wp-content\/uploads\/2025\/03\/PC-2382_Finland-northern-lights-poster-as-postcard.jpg\" \/>\n\t<meta property=\"og:image:width\" content=\"732\" \/>\n\t<meta property=\"og:image:height\" content=\"1116\" \/>\n\t<meta property=\"og:image:type\" content=\"image\/jpeg\" \/>\n<meta name=\"twitter:card\" content=\"summary_large_image\" \/>\n<script type=\"application\/ld+json\" class=\"yoast-schema-graph\">{\"@context\":\"https:\\\/\\\/schema.org\",\"@graph\":[{\"@type\":\"WebPage\",\"@id\":\"https:\\\/\\\/cometofinland.fi\\\/sv\\\/produkt\\\/northern-magic-by-natali-kit-kylskapsmagnet\\\/\",\"url\":\"https:\\\/\\\/cometofinland.fi\\\/sv\\\/produkt\\\/northern-magic-by-natali-kit-kylskapsmagnet\\\/\",\"name\":\"Northern Magic by Natali Kit, kylsk\u00e5psmagnet - Come to Finland\",\"isPartOf\":{\"@id\":\"https:\\\/\\\/cometofinland.fi\\\/sv\\\/#website\"},\"primaryImageOfPage\":{\"@id\":\"https:\\\/\\\/cometofinland.fi\\\/sv\\\/produkt\\\/northern-magic-by-natali-kit-kylskapsmagnet\\\/#primaryimage\"},\"image\":{\"@id\":\"https:\\\/\\\/cometofinland.fi\\\/sv\\\/produkt\\\/northern-magic-by-natali-kit-kylskapsmagnet\\\/#primaryimage\"},\"thumbnailUrl\":\"https:\\\/\\\/cometofinland.fi\\\/wp-content\\\/uploads\\\/2025\\\/03\\\/PC-2382_Finland-northern-lights-poster-as-postcard.jpg\",\"datePublished\":\"2023-03-20T12:30:47+00:00\",\"dateModified\":\"2025-03-20T12:34:45+00:00\",\"description\":\"Med denna kylsk\u00e5psmagnet kan du alltid njuta av norrsken i ditt k\u00f6k. Magneten \u00e4r tillverkad i EU. Snabb, global leverans.\",\"breadcrumb\":{\"@id\":\"https:\\\/\\\/cometofinland.fi\\\/sv\\\/produkt\\\/northern-magic-by-natali-kit-kylskapsmagnet\\\/#breadcrumb\"},\"inLanguage\":\"sv-SE\",\"potentialAction\":[{\"@type\":\"ReadAction\",\"target\":[\"https:\\\/\\\/cometofinland.fi\\\/sv\\\/produkt\\\/northern-magic-by-natali-kit-kylskapsmagnet\\\/\"]}]},{\"@type\":\"ImageObject\",\"inLanguage\":\"sv-SE\",\"@id\":\"https:\\\/\\\/cometofinland.fi\\\/sv\\\/produkt\\\/northern-magic-by-natali-kit-kylskapsmagnet\\\/#primaryimage\",\"url\":\"https:\\\/\\\/cometofinland.fi\\\/wp-content\\\/uploads\\\/2025\\\/03\\\/PC-2382_Finland-northern-lights-poster-as-postcard.jpg\",\"contentUrl\":\"https:\\\/\\\/cometofinland.fi\\\/wp-content\\\/uploads\\\/2025\\\/03\\\/PC-2382_Finland-northern-lights-poster-as-postcard.jpg\",\"width\":732,\"height\":1116},{\"@type\":\"BreadcrumbList\",\"@id\":\"https:\\\/\\\/cometofinland.fi\\\/sv\\\/produkt\\\/northern-magic-by-natali-kit-kylskapsmagnet\\\/#breadcrumb\",\"itemListElement\":[{\"@type\":\"ListItem\",\"position\":1,\"name\":\"Home\",\"item\":\"https:\\\/\\\/cometofinland.fi\\\/sv\\\/\"},{\"@type\":\"ListItem\",\"position\":2,\"name\":\"Butik\",\"item\":\"https:\\\/\\\/cometofinland.fi\\\/sv\\\/butik\\\/\"},{\"@type\":\"ListItem\",\"position\":3,\"name\":\"Northern Magic by Natali Kit, kylsk\u00e5psmagnet\"}]},{\"@type\":\"WebSite\",\"@id\":\"https:\\\/\\\/cometofinland.fi\\\/sv\\\/#website\",\"url\":\"https:\\\/\\\/cometofinland.fi\\\/sv\\\/\",\"name\":\"Come to Finland\",\"description\":\"Poster love from Finland! We bring new life to vintage travel posters, and also create new images from Finland!\",\"publisher\":{\"@id\":\"https:\\\/\\\/cometofinland.fi\\\/sv\\\/#organization\"},\"potentialAction\":[{\"@type\":\"SearchAction\",\"target\":{\"@type\":\"EntryPoint\",\"urlTemplate\":\"https:\\\/\\\/cometofinland.fi\\\/sv\\\/?s={search_term_string}\"},\"query-input\":{\"@type\":\"PropertyValueSpecification\",\"valueRequired\":true,\"valueName\":\"search_term_string\"}}],\"inLanguage\":\"sv-SE\"},{\"@type\":\"Organization\",\"@id\":\"https:\\\/\\\/cometofinland.fi\\\/sv\\\/#organization\",\"name\":\"Come to Finland\",\"url\":\"https:\\\/\\\/cometofinland.fi\\\/sv\\\/\",\"logo\":{\"@type\":\"ImageObject\",\"inLanguage\":\"sv-SE\",\"@id\":\"https:\\\/\\\/cometofinland.fi\\\/sv\\\/#\\\/schema\\\/logo\\\/image\\\/\",\"url\":\"https:\\\/\\\/cometofinland.fi\\\/wp-content\\\/uploads\\\/2019\\\/03\\\/CTF_LOGO_Blue.svg\",\"contentUrl\":\"https:\\\/\\\/cometofinland.fi\\\/wp-content\\\/uploads\\\/2019\\\/03\\\/CTF_LOGO_Blue.svg\",\"width\":1,\"height\":1,\"caption\":\"Come to Finland\"},\"image\":{\"@id\":\"https:\\\/\\\/cometofinland.fi\\\/sv\\\/#\\\/schema\\\/logo\\\/image\\\/\"},\"sameAs\":[\"https:\\\/\\\/fi-fi.facebook.com\\\/cometofinland\\\/\",\"https:\\\/\\\/www.instagram.com\\\/cometofinland\\\/\"]}]}<\/script>\n<!-- \/ Yoast SEO plugin. -->","yoast_head_json":{"title":"Northern Magic by Natali Kit, kylsk\u00e5psmagnet - Come to Finland","description":"Med denna kylsk\u00e5psmagnet kan du alltid njuta av norrsken i ditt k\u00f6k. Magneten \u00e4r tillverkad i EU. Snabb, global leverans.","robots":{"index":"index","follow":"follow","max-snippet":"max-snippet:-1","max-image-preview":"max-image-preview:large","max-video-preview":"max-video-preview:-1"},"canonical":"https:\/\/cometofinland.fi\/sv\/produkt\/northern-magic-by-natali-kit-kylskapsmagnet\/","og_locale":"sv_SE","og_type":"article","og_title":"Northern Magic by Natali Kit, kylsk\u00e5psmagnet - Come to Finland","og_description":"Med denna kylsk\u00e5psmagnet kan du alltid njuta av norrsken i ditt k\u00f6k. Magneten \u00e4r tillverkad i EU. Snabb, global leverans.","og_url":"https:\/\/cometofinland.fi\/sv\/produkt\/northern-magic-by-natali-kit-kylskapsmagnet\/","og_site_name":"Come to Finland","article_publisher":"https:\/\/fi-fi.facebook.com\/cometofinland\/","article_modified_time":"2025-03-20T12:34:45+00:00","og_image":[{"width":732,"height":1116,"url":"https:\/\/cometofinland.fi\/wp-content\/uploads\/2025\/03\/PC-2382_Finland-northern-lights-poster-as-postcard.jpg","type":"image\/jpeg"}],"twitter_card":"summary_large_image","schema":{"@context":"https:\/\/schema.org","@graph":[{"@type":"WebPage","@id":"https:\/\/cometofinland.fi\/sv\/produkt\/northern-magic-by-natali-kit-kylskapsmagnet\/","url":"https:\/\/cometofinland.fi\/sv\/produkt\/northern-magic-by-natali-kit-kylskapsmagnet\/","name":"Northern Magic by Natali Kit, kylsk\u00e5psmagnet - Come to Finland","isPartOf":{"@id":"https:\/\/cometofinland.fi\/sv\/#website"},"primaryImageOfPage":{"@id":"https:\/\/cometofinland.fi\/sv\/produkt\/northern-magic-by-natali-kit-kylskapsmagnet\/#primaryimage"},"image":{"@id":"https:\/\/cometofinland.fi\/sv\/produkt\/northern-magic-by-natali-kit-kylskapsmagnet\/#primaryimage"},"thumbnailUrl":"https:\/\/cometofinland.fi\/wp-content\/uploads\/2025\/03\/PC-2382_Finland-northern-lights-poster-as-postcard.jpg","datePublished":"2023-03-20T12:30:47+00:00","dateModified":"2025-03-20T12:34:45+00:00","description":"Med denna kylsk\u00e5psmagnet kan du alltid njuta av norrsken i ditt k\u00f6k. Magneten \u00e4r tillverkad i EU. Snabb, global leverans.","breadcrumb":{"@id":"https:\/\/cometofinland.fi\/sv\/produkt\/northern-magic-by-natali-kit-kylskapsmagnet\/#breadcrumb"},"inLanguage":"sv-SE","potentialAction":[{"@type":"ReadAction","target":["https:\/\/cometofinland.fi\/sv\/produkt\/northern-magic-by-natali-kit-kylskapsmagnet\/"]}]},{"@type":"ImageObject","inLanguage":"sv-SE","@id":"https:\/\/cometofinland.fi\/sv\/produkt\/northern-magic-by-natali-kit-kylskapsmagnet\/#primaryimage","url":"https:\/\/cometofinland.fi\/wp-content\/uploads\/2025\/03\/PC-2382_Finland-northern-lights-poster-as-postcard.jpg","contentUrl":"https:\/\/cometofinland.fi\/wp-content\/uploads\/2025\/03\/PC-2382_Finland-northern-lights-poster-as-postcard.jpg","width":732,"height":1116},{"@type":"BreadcrumbList","@id":"https:\/\/cometofinland.fi\/sv\/produkt\/northern-magic-by-natali-kit-kylskapsmagnet\/#breadcrumb","itemListElement":[{"@type":"ListItem","position":1,"name":"Home","item":"https:\/\/cometofinland.fi\/sv\/"},{"@type":"ListItem","position":2,"name":"Butik","item":"https:\/\/cometofinland.fi\/sv\/butik\/"},{"@type":"ListItem","position":3,"name":"Northern Magic by Natali Kit, kylsk\u00e5psmagnet"}]},{"@type":"WebSite","@id":"https:\/\/cometofinland.fi\/sv\/#website","url":"https:\/\/cometofinland.fi\/sv\/","name":"Come to Finland","description":"Poster love from Finland! We bring new life to vintage travel posters, and also create new images from Finland!","publisher":{"@id":"https:\/\/cometofinland.fi\/sv\/#organization"},"potentialAction":[{"@type":"SearchAction","target":{"@type":"EntryPoint","urlTemplate":"https:\/\/cometofinland.fi\/sv\/?s={search_term_string}"},"query-input":{"@type":"PropertyValueSpecification","valueRequired":true,"valueName":"search_term_string"}}],"inLanguage":"sv-SE"},{"@type":"Organization","@id":"https:\/\/cometofinland.fi\/sv\/#organization","name":"Come to Finland","url":"https:\/\/cometofinland.fi\/sv\/","logo":{"@type":"ImageObject","inLanguage":"sv-SE","@id":"https:\/\/cometofinland.fi\/sv\/#\/schema\/logo\/image\/","url":"https:\/\/cometofinland.fi\/wp-content\/uploads\/2019\/03\/CTF_LOGO_Blue.svg","contentUrl":"https:\/\/cometofinland.fi\/wp-content\/uploads\/2019\/03\/CTF_LOGO_Blue.svg","width":1,"height":1,"caption":"Come to Finland"},"image":{"@id":"https:\/\/cometofinland.fi\/sv\/#\/schema\/logo\/image\/"},"sameAs":["https:\/\/fi-fi.facebook.com\/cometofinland\/","https:\/\/www.instagram.com\/cometofinland\/"]}]}},"_links":{"self":[{"href":"https:\/\/cometofinland.fi\/sv\/wp-json\/wp\/v2\/product\/29532","targetHints":{"allow":["GET"]}}],"collection":[{"href":"https:\/\/cometofinland.fi\/sv\/wp-json\/wp\/v2\/product"}],"about":[{"href":"https:\/\/cometofinland.fi\/sv\/wp-json\/wp\/v2\/types\/product"}],"wp:featuredmedia":[{"embeddable":true,"href":"https:\/\/cometofinland.fi\/sv\/wp-json\/wp\/v2\/media\/29341"}],"wp:attachment":[{"href":"https:\/\/cometofinland.fi\/sv\/wp-json\/wp\/v2\/media?parent=29532"}],"wp:term":[{"taxonomy":"product_brand","embeddable":true,"href":"https:\/\/cometofinland.fi\/sv\/wp-json\/wp\/v2\/product_brand?post=29532"},{"taxonomy":"product_cat","embeddable":true,"href":"https:\/\/cometofinland.fi\/sv\/wp-json\/wp\/v2\/product_cat?post=29532"},{"taxonomy":"product_tag","embeddable":true,"href":"https:\/\/cometofinland.fi\/sv\/wp-json\/wp\/v2\/product_tag?post=29532"}],"curies":[{"name":"wp","href":"https:\/\/api.w.org\/{rel}","templated":true}]}}